{"id":11840,"date":"2025-01-09T06:59:42","date_gmt":"2025-01-09T04:59:42","guid":{"rendered":"https:\/\/valika.eu\/toode\/claresa-2w1-peitekreem-ja-jumestuskreem-liquid-perfection-104-nude-34g\/"},"modified":"2025-09-05T11:17:35","modified_gmt":"2025-09-05T08:17:35","slug":"claresa-2w1-peitekreem-ja-jumestuskreem-liquid-perfection-104-nude-34g","status":"publish","type":"product","link":"https:\/\/valika.eu\/fi\/toode\/claresa-2w1-peitekreem-ja-jumestuskreem-liquid-perfection-104-nude-34g\/","title":{"rendered":"CLARESA 2-in-1 peitevoide ja meikkivoide LIQUID PERFECTION 104 NUDE 34g"},"content":{"rendered":"<p><\/p>\n<p>Eritt\u00e4in tiivistetty, intensiivisesti peitt\u00e4v\u00e4, pitk\u00e4kestoinen nestem\u00e4inen koostumus, jossa on samettinen mattapinta, on t\u00e4ydellinen k\u00e4ytett\u00e4v\u00e4ksi sek\u00e4 peitevoiteena ett\u00e4 meikkivoiteena. Peitt\u00e4vyyden tasoa voi helposti lis\u00e4t\u00e4 &#8211; meikki, joka on levitetty pienell\u00e4 m\u00e4\u00e4r\u00e4ll\u00e4 tuotetta, antaa luonnollisen n\u00e4k\u00f6isen tasaisen ihons\u00e4vyn, kuten meikitt\u00f6m\u00e4n meikin ilmeen, kun taas k\u00e4ytetyn m\u00e4\u00e4r\u00e4n asteittainen lis\u00e4\u00e4minen takaa jopa t\u00e4yden peitt\u00e4vyyden.<\/p>\n<p><strong><span style=\"color: #cc8797\">HAUSKA FAKTA: <\/span><\/strong><br \/>Vegaaninen koostumus ei sis\u00e4ll\u00e4 alkoholia, mutta se sis\u00e4lt\u00e4\u00e4 hyaluronihappoa, joka kosteuttaa ihoa n\u00e4ytt\u00e4v\u00e4sti, hidastaa ik\u00e4\u00e4ntymisprosesseja ja suojaa my\u00f6s ulkoisilta tekij\u00f6ilt\u00e4, jotka h\u00e4iritsev\u00e4t sen hydrolipidikalvoa.<\/p>\n<p><strong><span style=\"color: #cc8797\">SOVELLUS:<\/span><\/strong><br \/>Valmistele iho levitt\u00e4m\u00e4ll\u00e4 sille sen tyypille sopiva ja meikille sopiva voide, ja tarvittaessa pohjustusvoide tai seerumi meikkivoiteen alle. Levit\u00e4 pieni m\u00e4\u00e4r\u00e4 meikkivoidetta k\u00e4mmensel\u00e4lle l\u00e4mmitt\u00e4\u00e4ksesi sen kehon l\u00e4mp\u00f6tilaan, jolloin se sulautuu t\u00e4ydellisesti ihoon. Levit\u00e4 tuotetta kasvoille ohuena kerroksena sormilla tai siveltimell\u00e4, ja taputtele se sitten kostealla meikkisienell\u00e4. Voit my\u00f6s levitt\u00e4\u00e4 meikkivoiteen suoraan sienell\u00e4 \u2013 muista vain tehd\u00e4 se painamalla, ei hankaamalla. Aloita pienell\u00e4 m\u00e4\u00e4r\u00e4ll\u00e4 tuotetta ja lis\u00e4\u00e4 sit\u00e4 alueille, jotka vaativat lis\u00e4peittoa \u2013 t\u00e4m\u00e4 auttaa v\u00e4ltt\u00e4m\u00e4\u00e4n n\u00e4kyv\u00e4n meikkivoiteen vaikutuksen kasvoilla (ja s\u00e4\u00e4st\u00e4\u00e4 tuotetta). Optimaalisen vaikutuksen saavuttaminen pienell\u00e4 m\u00e4\u00e4r\u00e4ll\u00e4 tuotetta on avain menestykseen meikkivoiteen kanssa!<br \/><strong>T\u00c4RKE\u00c4\u00c4!<\/strong> LIQUID PERFECTION -koostumus on nestem\u00e4inen ja, kuten kaikki t\u00e4m\u00e4n tyyppiset, vaatii sekoittamista ennen k\u00e4ytt\u00f6\u00e4. Se on sekoitettava perusteellisesti (ravistamalla pakkausta voimakkaasti) ennen jokaista k\u00e4ytt\u00f6\u00e4, erityisesti ennen ensimm\u00e4ist\u00e4 kertaa!<\/p>\n<p><strong><span style=\"color: #cc8797\">MEIKKITAITEILIJAN VINKKI:<\/span><\/strong><br \/>Mit\u00e4 enemm\u00e4n aikaa k\u00e4yt\u00e4t meikkivoiteen tai peitevoiteen ty\u00f6st\u00e4miseen\/taputteluun ihoon ja niiden sekoittamiseen siihen, sit\u00e4 pidemp\u00e4\u00e4n ne kest\u00e4v\u00e4t ja n\u00e4ytt\u00e4v\u00e4t virheett\u00f6milt\u00e4. Peilikuvasi tuntien kuluttua levityksest\u00e4 palkitsee sinut varmasti noista ylim\u00e4\u00e4r\u00e4isist\u00e4 hetkist\u00e4!<\/p>\n<p><img loading=\"lazy\" decoding=\"async\" src=\"\/userdata\/public\/assets\/\/LIQUID%20PERFECTION%20przed_po.jpg\" alt=\"liquid perfection ennen ja j\u00e4lkeen vaikutus\" width=\"1051\" height=\"846\" \/><\/p>\n<\/p>\n<div class=\"video-container\"><\/div>\n<div class=\"video-container\"><\/div>\n<div class=\"video-container\"><\/div>\n<div class=\"video-container\"><\/div>\n<p><\/p>","protected":false},"excerpt":{"rendered":"<p>Eritt\u00e4in tiivistetty, intensiivisesti peitt\u00e4v\u00e4, pitk\u00e4kestoinen nestem\u00e4inen koostumus, jossa on samettinen mattapinta, on t\u00e4ydellinen k\u00e4ytett\u00e4v\u00e4ksi sek\u00e4 peitevoiteena ett\u00e4 meikkivoiteena. Peitt\u00e4vyyden tasoa<\/p>\n","protected":false},"featured_media":11839,"template":"","meta":[],"product_brand":[],"product_cat":[687],"product_tag":[],"class_list":{"0":"post-11840","1":"product","2":"type-product","3":"status-publish","4":"has-post-thumbnail","6":"product_cat-foundation","8":"first","9":"instock","10":"taxable","11":"shipping-taxable","12":"purchasable","13":"product-type-simple"},"yoast_head":"<!-- This site is optimized with the Yoast SEO plugin v24.4 - https:\/\/yoast.com\/wordpress\/plugins\/seo\/ -->\n<title>CLARESA 2-in-1 peitevoide ja meikkivoide LIQUID PERFECTION 104 NUDE 34g | Valika<\/title>\n<meta name=\"robots\" content=\"index, follow, max-snippet:-1, max-image-preview:large, max-video-preview:-1\" \/>\n<link rel=\"canonical\" href=\"https:\/\/valika.eu\/fi\/toode\/claresa-2w1-peitekreem-ja-jumestuskreem-liquid-perfection-104-nude-34g\/\" \/>\n<meta property=\"og:locale\" content=\"fi_FI\" \/>\n<meta property=\"og:type\" content=\"article\" \/>\n<meta property=\"og:title\" content=\"CLARESA 2-in-1 peitevoide ja meikkivoide LIQUID PERFECTION 104 NUDE 34g | Valika\" \/>\n<meta property=\"og:description\" content=\"Eritt\u00e4in tiivistetty, intensiivisesti peitt\u00e4v\u00e4, pitk\u00e4kestoinen nestem\u00e4inen koostumus, jossa on samettinen mattapinta, on t\u00e4ydellinen k\u00e4ytett\u00e4v\u00e4ksi sek\u00e4 peitevoiteena ett\u00e4 meikkivoiteena. Peitt\u00e4vyyden tasoa\" \/>\n<meta property=\"og:url\" content=\"https:\/\/valika.eu\/fi\/toode\/claresa-2w1-peitekreem-ja-jumestuskreem-liquid-perfection-104-nude-34g\/\" \/>\n<meta property=\"og:site_name\" content=\"Valika\" \/>\n<meta property=\"article:publisher\" content=\"https:\/\/www.facebook.com\/tipsi.net\" \/>\n<meta property=\"article:modified_time\" content=\"2025-09-05T08:17:35+00:00\" \/>\n<meta property=\"og:image\" content=\"https:\/\/valika.eu\/wp-content\/uploads\/2025\/01\/7372.jpg\" \/>\n\t<meta property=\"og:image:width\" content=\"1500\" \/>\n\t<meta property=\"og:image:height\" content=\"1500\" \/>\n\t<meta property=\"og:image:type\" content=\"image\/jpeg\" \/>\n<meta name=\"twitter:card\" content=\"summary_large_image\" \/>\n<script type=\"application\/ld+json\" class=\"yoast-schema-graph\">{\"@context\":\"https:\/\/schema.org\",\"@graph\":[{\"@type\":\"WebPage\",\"@id\":\"https:\/\/valika.eu\/fi\/toode\/claresa-2w1-peitekreem-ja-jumestuskreem-liquid-perfection-104-nude-34g\/\",\"url\":\"https:\/\/valika.eu\/fi\/toode\/claresa-2w1-peitekreem-ja-jumestuskreem-liquid-perfection-104-nude-34g\/\",\"name\":\"CLARESA 2-in-1 peitevoide ja meikkivoide LIQUID PERFECTION 104 NUDE 34g | Valika\",\"isPartOf\":{\"@id\":\"https:\/\/valika.eu\/fi\/#website\"},\"primaryImageOfPage\":{\"@id\":\"https:\/\/valika.eu\/fi\/toode\/claresa-2w1-peitekreem-ja-jumestuskreem-liquid-perfection-104-nude-34g\/#primaryimage\"},\"image\":{\"@id\":\"https:\/\/valika.eu\/toode\/claresa-2w1-peitekreem-ja-jumestuskreem-liquid-perfection-104-nude-34g\/#primaryimage\"},\"thumbnailUrl\":\"https:\/\/valika.eu\/wp-content\/uploads\/2025\/01\/7372.jpg\",\"datePublished\":\"2025-01-09T04:59:42+00:00\",\"dateModified\":\"2025-09-05T08:17:35+00:00\",\"breadcrumb\":{\"@id\":\"https:\/\/valika.eu\/fi\/toode\/claresa-2w1-peitekreem-ja-jumestuskreem-liquid-perfection-104-nude-34g\/#breadcrumb\"},\"inLanguage\":\"fi\",\"potentialAction\":[{\"@type\":\"ReadAction\",\"target\":[[\"https:\/\/valika.eu\/fi\/toode\/claresa-2w1-peitekreem-ja-jumestuskreem-liquid-perfection-104-nude-34g\/\"]]}]},{\"@type\":\"ImageObject\",\"inLanguage\":\"fi\",\"@id\":\"https:\/\/valika.eu\/fi\/toode\/claresa-2w1-peitekreem-ja-jumestuskreem-liquid-perfection-104-nude-34g\/#primaryimage\",\"url\":\"https:\/\/valika.eu\/wp-content\/uploads\/2025\/01\/7372.jpg\",\"contentUrl\":\"https:\/\/valika.eu\/wp-content\/uploads\/2025\/01\/7372.jpg\",\"width\":1500,\"height\":1500},{\"@type\":\"BreadcrumbList\",\"@id\":\"https:\/\/valika.eu\/fi\/toode\/claresa-2w1-peitekreem-ja-jumestuskreem-liquid-perfection-104-nude-34g\/#breadcrumb\",\"itemListElement\":[{\"@type\":\"ListItem\",\"position\":1,\"name\":\"Koti\",\"item\":\"https:\/\/valika.eu\/fi\/\"},{\"@type\":\"ListItem\",\"position\":2,\"name\":\"Shop\",\"item\":\"https:\/\/valika.eu\/fi\/\"},{\"@type\":\"ListItem\",\"position\":3,\"name\":\"CLARESA 2IN1 concealer and covering foundation LIQUID PERFECTION 104 NUDE 34g\"}]},{\"@type\":\"WebSite\",\"@id\":\"https:\/\/valika.eu\/fi\/#website\",\"url\":\"https:\/\/valika.eu\/fi\/\",\"name\":\"Valika.eu\",\"description\":\"Salonkituotteet ja kauneudenhoitotuotteet - Valika tarjoaa laajan valikoiman tuotteita ja tarvikkeita kynsiteknikoille, kauneushoitoloille, kampaamoille ja kampaamoille.\",\"publisher\":{\"@id\":\"https:\/\/valika.eu\/fi\/#organization\"},\"alternateName\":\"Valika\",\"potentialAction\":[{\"@type\":\"SearchAction\",\"target\":{\"@type\":\"EntryPoint\",\"urlTemplate\":\"https:\/\/valika.eu\/fi\/?s={search_term_string}\"},\"query-input\":{\"@type\":\"PropertyValueSpecification\",\"valueRequired\":true,\"valueName\":\"search_term_string\"}}],\"inLanguage\":\"fi\"},{\"@type\":\"Organization\",\"@id\":\"https:\/\/valika.eu\/fi\/#organization\",\"name\":\"Salongitoode O\u00dc\",\"alternateName\":\"Valika\",\"url\":\"https:\/\/valika.eu\/fi\/\",\"logo\":{\"@type\":\"ImageObject\",\"inLanguage\":\"fi\",\"@id\":\"https:\/\/valika.eu\/fi\/#\/schema\/logo\/image\/\",\"url\":\"https:\/\/valika.eu\/wp-content\/uploads\/2023\/11\/logo2-valika-footer.png\",\"contentUrl\":\"https:\/\/valika.eu\/wp-content\/uploads\/2023\/11\/logo2-valika-footer.png\",\"width\":200,\"height\":129,\"caption\":\"Salongitoode O\u00dc\"},\"image\":{\"@id\":\"https:\/\/valika.eu\/fi\/#\/schema\/logo\/image\/\"},\"sameAs\":[\"https:\/\/www.facebook.com\/tipsi.net\"]}]}<\/script>\n<!-- \/ Yoast SEO plugin. -->","yoast_head_json":{"title":"CLARESA 2-in-1 peitevoide ja meikkivoide LIQUID PERFECTION 104 NUDE 34g | Valika","robots":{"index":"index","follow":"follow","max-snippet":"max-snippet:-1","max-image-preview":"max-image-preview:large","max-video-preview":"max-video-preview:-1"},"canonical":"https:\/\/valika.eu\/fi\/toode\/claresa-2w1-peitekreem-ja-jumestuskreem-liquid-perfection-104-nude-34g\/","og_locale":"fi_FI","og_type":"article","og_title":"CLARESA 2-in-1 peitevoide ja meikkivoide LIQUID PERFECTION 104 NUDE 34g | Valika","og_description":"Eritt\u00e4in tiivistetty, intensiivisesti peitt\u00e4v\u00e4, pitk\u00e4kestoinen nestem\u00e4inen koostumus, jossa on samettinen mattapinta, on t\u00e4ydellinen k\u00e4ytett\u00e4v\u00e4ksi sek\u00e4 peitevoiteena ett\u00e4 meikkivoiteena. Peitt\u00e4vyyden tasoa","og_url":"https:\/\/valika.eu\/fi\/toode\/claresa-2w1-peitekreem-ja-jumestuskreem-liquid-perfection-104-nude-34g\/","og_site_name":"Valika","article_publisher":"https:\/\/www.facebook.com\/tipsi.net","article_modified_time":"2025-09-05T08:17:35+00:00","og_image":[{"width":1500,"height":1500,"url":"https:\/\/valika.eu\/wp-content\/uploads\/2025\/01\/7372.jpg","type":"image\/jpeg"}],"twitter_card":"summary_large_image","schema":{"@context":"https:\/\/schema.org","@graph":[{"@type":"WebPage","@id":"https:\/\/valika.eu\/fi\/toode\/claresa-2w1-peitekreem-ja-jumestuskreem-liquid-perfection-104-nude-34g\/","url":"https:\/\/valika.eu\/fi\/toode\/claresa-2w1-peitekreem-ja-jumestuskreem-liquid-perfection-104-nude-34g\/","name":"CLARESA 2-in-1 peitevoide ja meikkivoide LIQUID PERFECTION 104 NUDE 34g | Valika","isPartOf":{"@id":"https:\/\/valika.eu\/fi\/#website"},"primaryImageOfPage":{"@id":"https:\/\/valika.eu\/fi\/toode\/claresa-2w1-peitekreem-ja-jumestuskreem-liquid-perfection-104-nude-34g\/#primaryimage"},"image":{"@id":"https:\/\/valika.eu\/toode\/claresa-2w1-peitekreem-ja-jumestuskreem-liquid-perfection-104-nude-34g\/#primaryimage"},"thumbnailUrl":"https:\/\/valika.eu\/wp-content\/uploads\/2025\/01\/7372.jpg","datePublished":"2025-01-09T04:59:42+00:00","dateModified":"2025-09-05T08:17:35+00:00","breadcrumb":{"@id":"https:\/\/valika.eu\/fi\/toode\/claresa-2w1-peitekreem-ja-jumestuskreem-liquid-perfection-104-nude-34g\/#breadcrumb"},"inLanguage":"fi","potentialAction":[{"@type":"ReadAction","target":[["https:\/\/valika.eu\/fi\/toode\/claresa-2w1-peitekreem-ja-jumestuskreem-liquid-perfection-104-nude-34g\/"]]}]},{"@type":"ImageObject","inLanguage":"fi","@id":"https:\/\/valika.eu\/fi\/toode\/claresa-2w1-peitekreem-ja-jumestuskreem-liquid-perfection-104-nude-34g\/#primaryimage","url":"https:\/\/valika.eu\/wp-content\/uploads\/2025\/01\/7372.jpg","contentUrl":"https:\/\/valika.eu\/wp-content\/uploads\/2025\/01\/7372.jpg","width":1500,"height":1500},{"@type":"BreadcrumbList","@id":"https:\/\/valika.eu\/fi\/toode\/claresa-2w1-peitekreem-ja-jumestuskreem-liquid-perfection-104-nude-34g\/#breadcrumb","itemListElement":[{"@type":"ListItem","position":1,"name":"Koti","item":"https:\/\/valika.eu\/fi\/"},{"@type":"ListItem","position":2,"name":"Shop","item":"https:\/\/valika.eu\/fi\/"},{"@type":"ListItem","position":3,"name":"CLARESA 2IN1 concealer and covering foundation LIQUID PERFECTION 104 NUDE 34g"}]},{"@type":"WebSite","@id":"https:\/\/valika.eu\/fi\/#website","url":"https:\/\/valika.eu\/fi\/","name":"Valika.eu","description":"Salonkituotteet ja kauneudenhoitotuotteet - Valika tarjoaa laajan valikoiman tuotteita ja tarvikkeita kynsiteknikoille, kauneushoitoloille, kampaamoille ja kampaamoille.","publisher":{"@id":"https:\/\/valika.eu\/fi\/#organization"},"alternateName":"Valika","potentialAction":[{"@type":"SearchAction","target":{"@type":"EntryPoint","urlTemplate":"https:\/\/valika.eu\/fi\/?s={search_term_string}"},"query-input":{"@type":"PropertyValueSpecification","valueRequired":true,"valueName":"search_term_string"}}],"inLanguage":"fi"},{"@type":"Organization","@id":"https:\/\/valika.eu\/fi\/#organization","name":"Salongitoode O\u00dc","alternateName":"Valika","url":"https:\/\/valika.eu\/fi\/","logo":{"@type":"ImageObject","inLanguage":"fi","@id":"https:\/\/valika.eu\/fi\/#\/schema\/logo\/image\/","url":"https:\/\/valika.eu\/wp-content\/uploads\/2023\/11\/logo2-valika-footer.png","contentUrl":"https:\/\/valika.eu\/wp-content\/uploads\/2023\/11\/logo2-valika-footer.png","width":200,"height":129,"caption":"Salongitoode O\u00dc"},"image":{"@id":"https:\/\/valika.eu\/fi\/#\/schema\/logo\/image\/"},"sameAs":["https:\/\/www.facebook.com\/tipsi.net"]}]}},"jetpack_sharing_enabled":true,"_links":{"self":[{"href":"https:\/\/valika.eu\/fi\/wp-json\/wp\/v2\/product\/11840","targetHints":{"allow":["GET"]}}],"collection":[{"href":"https:\/\/valika.eu\/fi\/wp-json\/wp\/v2\/product"}],"about":[{"href":"https:\/\/valika.eu\/fi\/wp-json\/wp\/v2\/types\/product"}],"wp:featuredmedia":[{"embeddable":true,"href":"https:\/\/valika.eu\/fi\/wp-json\/wp\/v2\/media\/11839"}],"wp:attachment":[{"href":"https:\/\/valika.eu\/fi\/wp-json\/wp\/v2\/media?parent=11840"}],"wp:term":[{"taxonomy":"product_brand","embeddable":true,"href":"https:\/\/valika.eu\/fi\/wp-json\/wp\/v2\/product_brand?post=11840"},{"taxonomy":"product_cat","embeddable":true,"href":"https:\/\/valika.eu\/fi\/wp-json\/wp\/v2\/product_cat?post=11840"},{"taxonomy":"product_tag","embeddable":true,"href":"https:\/\/valika.eu\/fi\/wp-json\/wp\/v2\/product_tag?post=11840"}],"curies":[{"name":"wp","href":"https:\/\/api.w.org\/{rel}","templated":true}]}}