{"id":11848,"date":"2025-01-09T06:59:55","date_gmt":"2025-01-09T04:59:55","guid":{"rendered":"https:\/\/valika.eu\/toode\/claresa-satiinmati-viimistlusega-aluskreem-pretty-please-06-tan-33-g\/"},"modified":"2026-02-13T15:21:11","modified_gmt":"2026-02-13T13:21:11","slug":"claresa-satiinmati-viimistlusega-aluskreem-pretty-please-06-tan-33-g","status":"publish","type":"product","link":"https:\/\/valika.eu\/fi\/toode\/claresa-satiinmati-viimistlusega-aluskreem-pretty-please-06-tan-33-g\/","title":{"rendered":"CLARESA MEIKKIVOIDE SATIINI-MATTAPINNALLA PRETTY, PLEASE 06 Tan 33 g"},"content":{"rendered":"<p>Meikkivoide, jossa on keskitason, kerrostettava peitt\u00e4vyys ja kevyt, kermainen koostumus, joka antaa satiinimattaisen lopputuloksen samettisella tasoittavalla vaikutuksella. Se tasoittaa ihon s\u00e4vy\u00e4 ja peitt\u00e4\u00e4 ep\u00e4t\u00e4ydellisyyksi\u00e4, antaen silkkisen, virheett\u00f6m\u00e4n ihon vaikutelman pitkiksi tunneiksi. Rikastettu hyaluronihapolla, joka kosteuttaa ja est\u00e4\u00e4 kirist\u00e4v\u00e4\u00e4 tunnetta, tehden meikist\u00e4 mukavan ja parantaen sit\u00e4 paitsi visuaalisesti.<\/p>\n<p>HAUSKA FAKTA: Hyv\u00e4 kosteutus on avain kauniiseen ulkon\u00e4k\u00f6\u00f6n ei vain kuivalle ja normaalille iholle, vaan my\u00f6s niille, jotka tuottavat enemm\u00e4n talia. Syv\u00e4 kosteutus tekee jokaisesta ihosta t\u00e4ynn\u00e4 luonnollista, ei ep\u00e4terveellist\u00e4, \u00f6ljyist\u00e4 hehkua. Ja yksi hyaluronihappomolekyyli voi sitoa jopa 250 vesimolekyyli\u00e4!<\/p>\n<p>SOVELLUS: Valmistele iho levitt\u00e4m\u00e4ll\u00e4 sille sopivaa ja meikille sopivaa voidetta, ja tarvittaessa pohjustusvoidetta tai seerumia meikkivoiteen alle. Levit\u00e4 pieni m\u00e4\u00e4r\u00e4 meikkivoidetta k\u00e4mmensel\u00e4lle l\u00e4mmitt\u00e4\u00e4ksesi sen kehon l\u00e4mp\u00f6tilaan, jolloin se sulautuu t\u00e4ydellisesti ihoon. Levit\u00e4 tuotetta kasvoille ohuena kerroksena sormin tai siveltimell\u00e4, ja taputtele se sitten kostealla meikkisienell\u00e4. Voit my\u00f6s levitt\u00e4\u00e4 meikkivoiteen suoraan sienell\u00e4\u2014muista vain tehd\u00e4 se painellen, ei hieroen. Aloita pienell\u00e4 m\u00e4\u00e4r\u00e4ll\u00e4 tuotetta ja lis\u00e4\u00e4 sit\u00e4 alueille, jotka vaativat lis\u00e4peittoa\u2014t\u00e4m\u00e4 auttaa v\u00e4ltt\u00e4m\u00e4\u00e4n n\u00e4kyv\u00e4n meikkivoide-efektin kasvoilla (ja s\u00e4\u00e4st\u00e4\u00e4 tuotetta). Optimaalisen lopputuloksen saavuttaminen v\u00e4h\u00e4isell\u00e4 tuotem\u00e4\u00e4r\u00e4ll\u00e4 on avain menestykseen meikkivoiteen kanssa!<\/p>\n<p>MEIKKITAITEILIJOIDEN VINKKI: Todellinen meikkiguru @maxineczka neuvoo: Ennen puuterin k\u00e4ytt\u00f6\u00e4 kannattaa tarkistaa, onko meikkivoide asettunut ihon uurteisiin &#8220;ongelmallisimmilla&#8221; alueilla, kuten nen\u00e4npieliss\u00e4, hymyjuonteissa ja otsassa. Jos se on asettunut ja kiinnit\u00e4mme sen puuterilla t\u00e4ss\u00e4 muodossa, ei vain ep\u00e4t\u00e4ydellinen vaikutus pysy meill\u00e4 koko p\u00e4iv\u00e4n, vaan my\u00f6s riski sen paakkuuntumisesta n\u00e4ill\u00e4 alueilla.<\/p>","protected":false},"excerpt":{"rendered":"<p>Meikkivoide, jossa on keskitason, kerrostettava peitt\u00e4vyys ja kevyt, kermainen koostumus, joka antaa satiinimattaisen lopputuloksen samettisella tasoittavalla vaikutuksella. Se tasoittaa ihon<\/p>\n","protected":false},"featured_media":11847,"template":"","meta":[],"product_brand":[],"product_cat":[687],"product_tag":[],"class_list":{"0":"post-11848","1":"product","2":"type-product","3":"status-publish","4":"has-post-thumbnail","6":"product_cat-foundation","8":"first","9":"outofstock","10":"taxable","11":"shipping-taxable","12":"purchasable","13":"product-type-simple"},"yoast_head":"<!-- This site is optimized with the Yoast SEO plugin v24.4 - https:\/\/yoast.com\/wordpress\/plugins\/seo\/ -->\n<title>CLARESA MEIKKIVOIDE SATIINI-MATTAPINNALLA PRETTY, PLEASE 06 Tan 33 g | Valika<\/title>\n<meta name=\"robots\" content=\"index, follow, max-snippet:-1, max-image-preview:large, max-video-preview:-1\" \/>\n<link rel=\"canonical\" href=\"https:\/\/valika.eu\/fi\/toode\/claresa-satiinmati-viimistlusega-aluskreem-pretty-please-06-tan-33-g\/\" \/>\n<meta property=\"og:locale\" content=\"fi_FI\" \/>\n<meta property=\"og:type\" content=\"article\" \/>\n<meta property=\"og:title\" content=\"CLARESA MEIKKIVOIDE SATIINI-MATTAPINNALLA PRETTY, PLEASE 06 Tan 33 g | Valika\" \/>\n<meta property=\"og:description\" content=\"Meikkivoide, jossa on keskitason, kerrostettava peitt\u00e4vyys ja kevyt, kermainen koostumus, joka antaa satiinimattaisen lopputuloksen samettisella tasoittavalla vaikutuksella. Se tasoittaa ihon\" \/>\n<meta property=\"og:url\" content=\"https:\/\/valika.eu\/fi\/toode\/claresa-satiinmati-viimistlusega-aluskreem-pretty-please-06-tan-33-g\/\" \/>\n<meta property=\"og:site_name\" content=\"Valika\" \/>\n<meta property=\"article:publisher\" content=\"https:\/\/www.facebook.com\/tipsi.net\" \/>\n<meta property=\"article:modified_time\" content=\"2026-02-13T13:21:11+00:00\" \/>\n<meta property=\"og:image\" content=\"https:\/\/valika.eu\/wp-content\/uploads\/2025\/01\/11987.jpg\" \/>\n\t<meta property=\"og:image:width\" content=\"1500\" \/>\n\t<meta property=\"og:image:height\" content=\"1500\" \/>\n\t<meta property=\"og:image:type\" content=\"image\/jpeg\" \/>\n<meta name=\"twitter:card\" content=\"summary_large_image\" \/>\n<script type=\"application\/ld+json\" class=\"yoast-schema-graph\">{\"@context\":\"https:\/\/schema.org\",\"@graph\":[{\"@type\":\"WebPage\",\"@id\":\"https:\/\/valika.eu\/fi\/toode\/claresa-satiinmati-viimistlusega-aluskreem-pretty-please-06-tan-33-g\/\",\"url\":\"https:\/\/valika.eu\/fi\/toode\/claresa-satiinmati-viimistlusega-aluskreem-pretty-please-06-tan-33-g\/\",\"name\":\"CLARESA MEIKKIVOIDE SATIINI-MATTAPINNALLA PRETTY, PLEASE 06 Tan 33 g | Valika\",\"isPartOf\":{\"@id\":\"https:\/\/valika.eu\/fi\/#website\"},\"primaryImageOfPage\":{\"@id\":\"https:\/\/valika.eu\/fi\/toode\/claresa-satiinmati-viimistlusega-aluskreem-pretty-please-06-tan-33-g\/#primaryimage\"},\"image\":{\"@id\":\"https:\/\/valika.eu\/toode\/claresa-satiinmati-viimistlusega-aluskreem-pretty-please-06-tan-33-g\/#primaryimage\"},\"thumbnailUrl\":\"https:\/\/valika.eu\/wp-content\/uploads\/2025\/01\/11987.jpg\",\"datePublished\":\"2025-01-09T04:59:55+00:00\",\"dateModified\":\"2026-02-13T13:21:11+00:00\",\"breadcrumb\":{\"@id\":\"https:\/\/valika.eu\/fi\/toode\/claresa-satiinmati-viimistlusega-aluskreem-pretty-please-06-tan-33-g\/#breadcrumb\"},\"inLanguage\":\"fi\",\"potentialAction\":[{\"@type\":\"ReadAction\",\"target\":[[\"https:\/\/valika.eu\/fi\/toode\/claresa-satiinmati-viimistlusega-aluskreem-pretty-please-06-tan-33-g\/\"]]}]},{\"@type\":\"ImageObject\",\"inLanguage\":\"fi\",\"@id\":\"https:\/\/valika.eu\/fi\/toode\/claresa-satiinmati-viimistlusega-aluskreem-pretty-please-06-tan-33-g\/#primaryimage\",\"url\":\"https:\/\/valika.eu\/wp-content\/uploads\/2025\/01\/11987.jpg\",\"contentUrl\":\"https:\/\/valika.eu\/wp-content\/uploads\/2025\/01\/11987.jpg\",\"width\":1500,\"height\":1500},{\"@type\":\"BreadcrumbList\",\"@id\":\"https:\/\/valika.eu\/fi\/toode\/claresa-satiinmati-viimistlusega-aluskreem-pretty-please-06-tan-33-g\/#breadcrumb\",\"itemListElement\":[{\"@type\":\"ListItem\",\"position\":1,\"name\":\"Koti\",\"item\":\"https:\/\/valika.eu\/fi\/\"},{\"@type\":\"ListItem\",\"position\":2,\"name\":\"Shop\",\"item\":\"https:\/\/valika.eu\/fi\/\"},{\"@type\":\"ListItem\",\"position\":3,\"name\":\"CLARESA FOUNDATION WITH A SATIN-MATTE FINISH PRETTY, PLEASE 06 Tan 33 g\"}]},{\"@type\":\"WebSite\",\"@id\":\"https:\/\/valika.eu\/fi\/#website\",\"url\":\"https:\/\/valika.eu\/fi\/\",\"name\":\"Valika.eu\",\"description\":\"Salonkituotteet ja kauneudenhoitotuotteet - Valika tarjoaa laajan valikoiman tuotteita ja tarvikkeita kynsiteknikoille, kauneushoitoloille, kampaamoille ja kampaamoille.\",\"publisher\":{\"@id\":\"https:\/\/valika.eu\/fi\/#organization\"},\"alternateName\":\"Valika\",\"potentialAction\":[{\"@type\":\"SearchAction\",\"target\":{\"@type\":\"EntryPoint\",\"urlTemplate\":\"https:\/\/valika.eu\/fi\/?s={search_term_string}\"},\"query-input\":{\"@type\":\"PropertyValueSpecification\",\"valueRequired\":true,\"valueName\":\"search_term_string\"}}],\"inLanguage\":\"fi\"},{\"@type\":\"Organization\",\"@id\":\"https:\/\/valika.eu\/fi\/#organization\",\"name\":\"Salongitoode O\u00dc\",\"alternateName\":\"Valika\",\"url\":\"https:\/\/valika.eu\/fi\/\",\"logo\":{\"@type\":\"ImageObject\",\"inLanguage\":\"fi\",\"@id\":\"https:\/\/valika.eu\/fi\/#\/schema\/logo\/image\/\",\"url\":\"https:\/\/valika.eu\/wp-content\/uploads\/2023\/11\/logo2-valika-footer.png\",\"contentUrl\":\"https:\/\/valika.eu\/wp-content\/uploads\/2023\/11\/logo2-valika-footer.png\",\"width\":200,\"height\":129,\"caption\":\"Salongitoode O\u00dc\"},\"image\":{\"@id\":\"https:\/\/valika.eu\/fi\/#\/schema\/logo\/image\/\"},\"sameAs\":[\"https:\/\/www.facebook.com\/tipsi.net\"]}]}<\/script>\n<!-- \/ Yoast SEO plugin. -->","yoast_head_json":{"title":"CLARESA MEIKKIVOIDE SATIINI-MATTAPINNALLA PRETTY, PLEASE 06 Tan 33 g | Valika","robots":{"index":"index","follow":"follow","max-snippet":"max-snippet:-1","max-image-preview":"max-image-preview:large","max-video-preview":"max-video-preview:-1"},"canonical":"https:\/\/valika.eu\/fi\/toode\/claresa-satiinmati-viimistlusega-aluskreem-pretty-please-06-tan-33-g\/","og_locale":"fi_FI","og_type":"article","og_title":"CLARESA MEIKKIVOIDE SATIINI-MATTAPINNALLA PRETTY, PLEASE 06 Tan 33 g | Valika","og_description":"Meikkivoide, jossa on keskitason, kerrostettava peitt\u00e4vyys ja kevyt, kermainen koostumus, joka antaa satiinimattaisen lopputuloksen samettisella tasoittavalla vaikutuksella. Se tasoittaa ihon","og_url":"https:\/\/valika.eu\/fi\/toode\/claresa-satiinmati-viimistlusega-aluskreem-pretty-please-06-tan-33-g\/","og_site_name":"Valika","article_publisher":"https:\/\/www.facebook.com\/tipsi.net","article_modified_time":"2026-02-13T13:21:11+00:00","og_image":[{"width":1500,"height":1500,"url":"https:\/\/valika.eu\/wp-content\/uploads\/2025\/01\/11987.jpg","type":"image\/jpeg"}],"twitter_card":"summary_large_image","schema":{"@context":"https:\/\/schema.org","@graph":[{"@type":"WebPage","@id":"https:\/\/valika.eu\/fi\/toode\/claresa-satiinmati-viimistlusega-aluskreem-pretty-please-06-tan-33-g\/","url":"https:\/\/valika.eu\/fi\/toode\/claresa-satiinmati-viimistlusega-aluskreem-pretty-please-06-tan-33-g\/","name":"CLARESA MEIKKIVOIDE SATIINI-MATTAPINNALLA PRETTY, PLEASE 06 Tan 33 g | Valika","isPartOf":{"@id":"https:\/\/valika.eu\/fi\/#website"},"primaryImageOfPage":{"@id":"https:\/\/valika.eu\/fi\/toode\/claresa-satiinmati-viimistlusega-aluskreem-pretty-please-06-tan-33-g\/#primaryimage"},"image":{"@id":"https:\/\/valika.eu\/toode\/claresa-satiinmati-viimistlusega-aluskreem-pretty-please-06-tan-33-g\/#primaryimage"},"thumbnailUrl":"https:\/\/valika.eu\/wp-content\/uploads\/2025\/01\/11987.jpg","datePublished":"2025-01-09T04:59:55+00:00","dateModified":"2026-02-13T13:21:11+00:00","breadcrumb":{"@id":"https:\/\/valika.eu\/fi\/toode\/claresa-satiinmati-viimistlusega-aluskreem-pretty-please-06-tan-33-g\/#breadcrumb"},"inLanguage":"fi","potentialAction":[{"@type":"ReadAction","target":[["https:\/\/valika.eu\/fi\/toode\/claresa-satiinmati-viimistlusega-aluskreem-pretty-please-06-tan-33-g\/"]]}]},{"@type":"ImageObject","inLanguage":"fi","@id":"https:\/\/valika.eu\/fi\/toode\/claresa-satiinmati-viimistlusega-aluskreem-pretty-please-06-tan-33-g\/#primaryimage","url":"https:\/\/valika.eu\/wp-content\/uploads\/2025\/01\/11987.jpg","contentUrl":"https:\/\/valika.eu\/wp-content\/uploads\/2025\/01\/11987.jpg","width":1500,"height":1500},{"@type":"BreadcrumbList","@id":"https:\/\/valika.eu\/fi\/toode\/claresa-satiinmati-viimistlusega-aluskreem-pretty-please-06-tan-33-g\/#breadcrumb","itemListElement":[{"@type":"ListItem","position":1,"name":"Koti","item":"https:\/\/valika.eu\/fi\/"},{"@type":"ListItem","position":2,"name":"Shop","item":"https:\/\/valika.eu\/fi\/"},{"@type":"ListItem","position":3,"name":"CLARESA FOUNDATION WITH A SATIN-MATTE FINISH PRETTY, PLEASE 06 Tan 33 g"}]},{"@type":"WebSite","@id":"https:\/\/valika.eu\/fi\/#website","url":"https:\/\/valika.eu\/fi\/","name":"Valika.eu","description":"Salonkituotteet ja kauneudenhoitotuotteet - Valika tarjoaa laajan valikoiman tuotteita ja tarvikkeita kynsiteknikoille, kauneushoitoloille, kampaamoille ja kampaamoille.","publisher":{"@id":"https:\/\/valika.eu\/fi\/#organization"},"alternateName":"Valika","potentialAction":[{"@type":"SearchAction","target":{"@type":"EntryPoint","urlTemplate":"https:\/\/valika.eu\/fi\/?s={search_term_string}"},"query-input":{"@type":"PropertyValueSpecification","valueRequired":true,"valueName":"search_term_string"}}],"inLanguage":"fi"},{"@type":"Organization","@id":"https:\/\/valika.eu\/fi\/#organization","name":"Salongitoode O\u00dc","alternateName":"Valika","url":"https:\/\/valika.eu\/fi\/","logo":{"@type":"ImageObject","inLanguage":"fi","@id":"https:\/\/valika.eu\/fi\/#\/schema\/logo\/image\/","url":"https:\/\/valika.eu\/wp-content\/uploads\/2023\/11\/logo2-valika-footer.png","contentUrl":"https:\/\/valika.eu\/wp-content\/uploads\/2023\/11\/logo2-valika-footer.png","width":200,"height":129,"caption":"Salongitoode O\u00dc"},"image":{"@id":"https:\/\/valika.eu\/fi\/#\/schema\/logo\/image\/"},"sameAs":["https:\/\/www.facebook.com\/tipsi.net"]}]}},"jetpack_sharing_enabled":true,"_links":{"self":[{"href":"https:\/\/valika.eu\/fi\/wp-json\/wp\/v2\/product\/11848","targetHints":{"allow":["GET"]}}],"collection":[{"href":"https:\/\/valika.eu\/fi\/wp-json\/wp\/v2\/product"}],"about":[{"href":"https:\/\/valika.eu\/fi\/wp-json\/wp\/v2\/types\/product"}],"wp:featuredmedia":[{"embeddable":true,"href":"https:\/\/valika.eu\/fi\/wp-json\/wp\/v2\/media\/11847"}],"wp:attachment":[{"href":"https:\/\/valika.eu\/fi\/wp-json\/wp\/v2\/media?parent=11848"}],"wp:term":[{"taxonomy":"product_brand","embeddable":true,"href":"https:\/\/valika.eu\/fi\/wp-json\/wp\/v2\/product_brand?post=11848"},{"taxonomy":"product_cat","embeddable":true,"href":"https:\/\/valika.eu\/fi\/wp-json\/wp\/v2\/product_cat?post=11848"},{"taxonomy":"product_tag","embeddable":true,"href":"https:\/\/valika.eu\/fi\/wp-json\/wp\/v2\/product_tag?post=11848"}],"curies":[{"name":"wp","href":"https:\/\/api.w.org\/{rel}","templated":true}]}}