{"id":11906,"date":"2025-01-09T07:11:47","date_gmt":"2025-01-09T05:11:47","guid":{"rendered":"https:\/\/valika.eu\/toode\/claresa-girl-powder-puuder-03-sunkissed-12g\/"},"modified":"2025-07-02T05:01:21","modified_gmt":"2025-07-02T02:01:21","slug":"claresa-girl-powder-puuder-03-sunkissed-12g","status":"publish","type":"product","link":"https:\/\/valika.eu\/fi\/toode\/claresa-girl-powder-puuder-03-sunkissed-12g\/","title":{"rendered":"Claresa Girl Pow(d)er! Puuteri 03 Sunkissed 12g"},"content":{"rendered":"<p><strong>Painettu puuteri meikin kiinnitt\u00e4miseen<\/strong><\/p>\n<p>Tunne <strong>GIRL POW(D)ERIN<\/strong> voima! Nauti t\u00e4ydellisest\u00e4 ihosta ja virheett\u00f6m\u00e4st\u00e4, pitk\u00e4kestoisesta meikist\u00e4. Puuteri sulautuu t\u00e4ydellisesti ihoon, tarjoten luonnollisen mattapintaisen lopputuloksen. Sen rauhoittava tuoksu ja helppo levitys tekev\u00e4t p\u00e4ivitt\u00e4isest\u00e4 meikkirutiinistasi miellytt\u00e4v\u00e4n rituaalin. Puuteri on saatavilla nelj\u00e4ss\u00e4 puolil\u00e4pin\u00e4kyv\u00e4ss\u00e4 s\u00e4vyss\u00e4, jotka sopivat t\u00e4ydellisesti eri ihons\u00e4vyihin.<\/p>\n<p><strong>HAUSKA FAKTA<\/strong><\/p>\n<p>Koostumuksen mica j\u00e4tt\u00e4\u00e4 ihon samettisen pehme\u00e4ksi ja lis\u00e4\u00e4 luonnollista hehkua. Kaoliini vastaa mattapintaisesta vaikutuksesta ja ylim\u00e4\u00e4r\u00e4isen talin imeytymisest\u00e4. Puuterin erityinen koostumus on rikas ainesosista, jotka hoitavat ihoa ja est\u00e4v\u00e4t sen kuivumista. Ne tarjoavat iholle optista tasoitusta ja kosteutusta.<\/p>\n<p><strong>SOVELLUS<\/strong><\/p>\n<p>Puuteroi kasvosi pehme\u00e4ll\u00e4 siveltimell\u00e4 tai vipalla.<\/p>\n<p><strong>MEIKKITAITEILIJAN VINKKI<\/strong><\/p>\n<p>Aloita kasvojen puuterointi keskelt\u00e4 \u2013 otsasta leukaan. Levit\u00e4 puuteri pehme\u00e4ll\u00e4 siveltimell\u00e4 tai k\u00e4yt\u00e4 leimaavaa liikett\u00e4 vipalla saadaksesi maksimaalisen mattapintaisen vaikutuksen.<\/p>","protected":false},"excerpt":{"rendered":"<p>Painettu puuteri meikin kiinnitt\u00e4miseen Tunne GIRL POW(D)ERIN voima! Nauti t\u00e4ydellisest\u00e4 ihosta ja virheett\u00f6m\u00e4st\u00e4, pitk\u00e4kestoisesta meikist\u00e4. Puuteri sulautuu t\u00e4ydellisesti ihoon, tarjoten<\/p>\n","protected":false},"featured_media":11905,"template":"","meta":[],"product_brand":[],"product_cat":[688],"product_tag":[],"class_list":{"0":"post-11906","1":"product","2":"type-product","3":"status-publish","4":"has-post-thumbnail","6":"product_cat-pressed-powder","8":"first","9":"instock","10":"taxable","11":"shipping-taxable","12":"purchasable","13":"product-type-simple"},"yoast_head":"<!-- This site is optimized with the Yoast SEO plugin v24.4 - https:\/\/yoast.com\/wordpress\/plugins\/seo\/ -->\n<title>Claresa Girl Pow(d)er! Puuteri 03 Sunkissed 12g | Valika<\/title>\n<meta name=\"robots\" content=\"index, follow, max-snippet:-1, max-image-preview:large, max-video-preview:-1\" \/>\n<link rel=\"canonical\" href=\"https:\/\/valika.eu\/fi\/toode\/claresa-girl-powder-puuder-03-sunkissed-12g\/\" \/>\n<meta property=\"og:locale\" content=\"fi_FI\" \/>\n<meta property=\"og:type\" content=\"article\" \/>\n<meta property=\"og:title\" content=\"Claresa Girl Pow(d)er! Puuteri 03 Sunkissed 12g | Valika\" \/>\n<meta property=\"og:description\" content=\"Painettu puuteri meikin kiinnitt\u00e4miseen Tunne GIRL POW(D)ERIN voima! Nauti t\u00e4ydellisest\u00e4 ihosta ja virheett\u00f6m\u00e4st\u00e4, pitk\u00e4kestoisesta meikist\u00e4. Puuteri sulautuu t\u00e4ydellisesti ihoon, tarjoten\" \/>\n<meta property=\"og:url\" content=\"https:\/\/valika.eu\/fi\/toode\/claresa-girl-powder-puuder-03-sunkissed-12g\/\" \/>\n<meta property=\"og:site_name\" content=\"Valika\" \/>\n<meta property=\"article:publisher\" content=\"https:\/\/www.facebook.com\/tipsi.net\" \/>\n<meta property=\"article:modified_time\" content=\"2025-07-02T02:01:21+00:00\" \/>\n<meta property=\"og:image\" content=\"https:\/\/valika.eu\/wp-content\/uploads\/2025\/01\/3393.jpg\" \/>\n\t<meta property=\"og:image:width\" content=\"1500\" \/>\n\t<meta property=\"og:image:height\" content=\"1500\" \/>\n\t<meta property=\"og:image:type\" content=\"image\/jpeg\" \/>\n<meta name=\"twitter:card\" content=\"summary_large_image\" \/>\n<script type=\"application\/ld+json\" class=\"yoast-schema-graph\">{\"@context\":\"https:\/\/schema.org\",\"@graph\":[{\"@type\":\"WebPage\",\"@id\":\"https:\/\/valika.eu\/fi\/toode\/claresa-girl-powder-puuder-03-sunkissed-12g\/\",\"url\":\"https:\/\/valika.eu\/fi\/toode\/claresa-girl-powder-puuder-03-sunkissed-12g\/\",\"name\":\"Claresa Girl Pow(d)er! Puuteri 03 Sunkissed 12g | Valika\",\"isPartOf\":{\"@id\":\"https:\/\/valika.eu\/fi\/#website\"},\"primaryImageOfPage\":{\"@id\":\"https:\/\/valika.eu\/fi\/toode\/claresa-girl-powder-puuder-03-sunkissed-12g\/#primaryimage\"},\"image\":{\"@id\":\"https:\/\/valika.eu\/toode\/claresa-girl-powder-puuder-03-sunkissed-12g\/#primaryimage\"},\"thumbnailUrl\":\"https:\/\/valika.eu\/wp-content\/uploads\/2025\/01\/3393.jpg\",\"datePublished\":\"2025-01-09T05:11:47+00:00\",\"dateModified\":\"2025-07-02T02:01:21+00:00\",\"breadcrumb\":{\"@id\":\"https:\/\/valika.eu\/fi\/toode\/claresa-girl-powder-puuder-03-sunkissed-12g\/#breadcrumb\"},\"inLanguage\":\"fi\",\"potentialAction\":[{\"@type\":\"ReadAction\",\"target\":[[\"https:\/\/valika.eu\/fi\/toode\/claresa-girl-powder-puuder-03-sunkissed-12g\/\"]]}]},{\"@type\":\"ImageObject\",\"inLanguage\":\"fi\",\"@id\":\"https:\/\/valika.eu\/fi\/toode\/claresa-girl-powder-puuder-03-sunkissed-12g\/#primaryimage\",\"url\":\"https:\/\/valika.eu\/wp-content\/uploads\/2025\/01\/3393.jpg\",\"contentUrl\":\"https:\/\/valika.eu\/wp-content\/uploads\/2025\/01\/3393.jpg\",\"width\":1500,\"height\":1500},{\"@type\":\"BreadcrumbList\",\"@id\":\"https:\/\/valika.eu\/fi\/toode\/claresa-girl-powder-puuder-03-sunkissed-12g\/#breadcrumb\",\"itemListElement\":[{\"@type\":\"ListItem\",\"position\":1,\"name\":\"Koti\",\"item\":\"https:\/\/valika.eu\/fi\/\"},{\"@type\":\"ListItem\",\"position\":2,\"name\":\"Shop\",\"item\":\"https:\/\/valika.eu\/fi\/\"},{\"@type\":\"ListItem\",\"position\":3,\"name\":\"Claresa Girl Pow(d)er! Powder 03 Sunkissed 12g\"}]},{\"@type\":\"WebSite\",\"@id\":\"https:\/\/valika.eu\/fi\/#website\",\"url\":\"https:\/\/valika.eu\/fi\/\",\"name\":\"Valika.eu\",\"description\":\"Salonkituotteet ja kauneudenhoitotuotteet - Valika tarjoaa laajan valikoiman tuotteita ja tarvikkeita kynsiteknikoille, kauneushoitoloille, kampaamoille ja kampaamoille.\",\"publisher\":{\"@id\":\"https:\/\/valika.eu\/fi\/#organization\"},\"alternateName\":\"Valika\",\"potentialAction\":[{\"@type\":\"SearchAction\",\"target\":{\"@type\":\"EntryPoint\",\"urlTemplate\":\"https:\/\/valika.eu\/fi\/?s={search_term_string}\"},\"query-input\":{\"@type\":\"PropertyValueSpecification\",\"valueRequired\":true,\"valueName\":\"search_term_string\"}}],\"inLanguage\":\"fi\"},{\"@type\":\"Organization\",\"@id\":\"https:\/\/valika.eu\/fi\/#organization\",\"name\":\"Salongitoode O\u00dc\",\"alternateName\":\"Valika\",\"url\":\"https:\/\/valika.eu\/fi\/\",\"logo\":{\"@type\":\"ImageObject\",\"inLanguage\":\"fi\",\"@id\":\"https:\/\/valika.eu\/fi\/#\/schema\/logo\/image\/\",\"url\":\"https:\/\/valika.eu\/wp-content\/uploads\/2023\/11\/logo2-valika-footer.png\",\"contentUrl\":\"https:\/\/valika.eu\/wp-content\/uploads\/2023\/11\/logo2-valika-footer.png\",\"width\":200,\"height\":129,\"caption\":\"Salongitoode O\u00dc\"},\"image\":{\"@id\":\"https:\/\/valika.eu\/fi\/#\/schema\/logo\/image\/\"},\"sameAs\":[\"https:\/\/www.facebook.com\/tipsi.net\"]}]}<\/script>\n<!-- \/ Yoast SEO plugin. -->","yoast_head_json":{"title":"Claresa Girl Pow(d)er! Puuteri 03 Sunkissed 12g | Valika","robots":{"index":"index","follow":"follow","max-snippet":"max-snippet:-1","max-image-preview":"max-image-preview:large","max-video-preview":"max-video-preview:-1"},"canonical":"https:\/\/valika.eu\/fi\/toode\/claresa-girl-powder-puuder-03-sunkissed-12g\/","og_locale":"fi_FI","og_type":"article","og_title":"Claresa Girl Pow(d)er! Puuteri 03 Sunkissed 12g | Valika","og_description":"Painettu puuteri meikin kiinnitt\u00e4miseen Tunne GIRL POW(D)ERIN voima! Nauti t\u00e4ydellisest\u00e4 ihosta ja virheett\u00f6m\u00e4st\u00e4, pitk\u00e4kestoisesta meikist\u00e4. Puuteri sulautuu t\u00e4ydellisesti ihoon, tarjoten","og_url":"https:\/\/valika.eu\/fi\/toode\/claresa-girl-powder-puuder-03-sunkissed-12g\/","og_site_name":"Valika","article_publisher":"https:\/\/www.facebook.com\/tipsi.net","article_modified_time":"2025-07-02T02:01:21+00:00","og_image":[{"width":1500,"height":1500,"url":"https:\/\/valika.eu\/wp-content\/uploads\/2025\/01\/3393.jpg","type":"image\/jpeg"}],"twitter_card":"summary_large_image","schema":{"@context":"https:\/\/schema.org","@graph":[{"@type":"WebPage","@id":"https:\/\/valika.eu\/fi\/toode\/claresa-girl-powder-puuder-03-sunkissed-12g\/","url":"https:\/\/valika.eu\/fi\/toode\/claresa-girl-powder-puuder-03-sunkissed-12g\/","name":"Claresa Girl Pow(d)er! Puuteri 03 Sunkissed 12g | Valika","isPartOf":{"@id":"https:\/\/valika.eu\/fi\/#website"},"primaryImageOfPage":{"@id":"https:\/\/valika.eu\/fi\/toode\/claresa-girl-powder-puuder-03-sunkissed-12g\/#primaryimage"},"image":{"@id":"https:\/\/valika.eu\/toode\/claresa-girl-powder-puuder-03-sunkissed-12g\/#primaryimage"},"thumbnailUrl":"https:\/\/valika.eu\/wp-content\/uploads\/2025\/01\/3393.jpg","datePublished":"2025-01-09T05:11:47+00:00","dateModified":"2025-07-02T02:01:21+00:00","breadcrumb":{"@id":"https:\/\/valika.eu\/fi\/toode\/claresa-girl-powder-puuder-03-sunkissed-12g\/#breadcrumb"},"inLanguage":"fi","potentialAction":[{"@type":"ReadAction","target":[["https:\/\/valika.eu\/fi\/toode\/claresa-girl-powder-puuder-03-sunkissed-12g\/"]]}]},{"@type":"ImageObject","inLanguage":"fi","@id":"https:\/\/valika.eu\/fi\/toode\/claresa-girl-powder-puuder-03-sunkissed-12g\/#primaryimage","url":"https:\/\/valika.eu\/wp-content\/uploads\/2025\/01\/3393.jpg","contentUrl":"https:\/\/valika.eu\/wp-content\/uploads\/2025\/01\/3393.jpg","width":1500,"height":1500},{"@type":"BreadcrumbList","@id":"https:\/\/valika.eu\/fi\/toode\/claresa-girl-powder-puuder-03-sunkissed-12g\/#breadcrumb","itemListElement":[{"@type":"ListItem","position":1,"name":"Koti","item":"https:\/\/valika.eu\/fi\/"},{"@type":"ListItem","position":2,"name":"Shop","item":"https:\/\/valika.eu\/fi\/"},{"@type":"ListItem","position":3,"name":"Claresa Girl Pow(d)er! Powder 03 Sunkissed 12g"}]},{"@type":"WebSite","@id":"https:\/\/valika.eu\/fi\/#website","url":"https:\/\/valika.eu\/fi\/","name":"Valika.eu","description":"Salonkituotteet ja kauneudenhoitotuotteet - Valika tarjoaa laajan valikoiman tuotteita ja tarvikkeita kynsiteknikoille, kauneushoitoloille, kampaamoille ja kampaamoille.","publisher":{"@id":"https:\/\/valika.eu\/fi\/#organization"},"alternateName":"Valika","potentialAction":[{"@type":"SearchAction","target":{"@type":"EntryPoint","urlTemplate":"https:\/\/valika.eu\/fi\/?s={search_term_string}"},"query-input":{"@type":"PropertyValueSpecification","valueRequired":true,"valueName":"search_term_string"}}],"inLanguage":"fi"},{"@type":"Organization","@id":"https:\/\/valika.eu\/fi\/#organization","name":"Salongitoode O\u00dc","alternateName":"Valika","url":"https:\/\/valika.eu\/fi\/","logo":{"@type":"ImageObject","inLanguage":"fi","@id":"https:\/\/valika.eu\/fi\/#\/schema\/logo\/image\/","url":"https:\/\/valika.eu\/wp-content\/uploads\/2023\/11\/logo2-valika-footer.png","contentUrl":"https:\/\/valika.eu\/wp-content\/uploads\/2023\/11\/logo2-valika-footer.png","width":200,"height":129,"caption":"Salongitoode O\u00dc"},"image":{"@id":"https:\/\/valika.eu\/fi\/#\/schema\/logo\/image\/"},"sameAs":["https:\/\/www.facebook.com\/tipsi.net"]}]}},"jetpack_sharing_enabled":true,"_links":{"self":[{"href":"https:\/\/valika.eu\/fi\/wp-json\/wp\/v2\/product\/11906","targetHints":{"allow":["GET"]}}],"collection":[{"href":"https:\/\/valika.eu\/fi\/wp-json\/wp\/v2\/product"}],"about":[{"href":"https:\/\/valika.eu\/fi\/wp-json\/wp\/v2\/types\/product"}],"wp:featuredmedia":[{"embeddable":true,"href":"https:\/\/valika.eu\/fi\/wp-json\/wp\/v2\/media\/11905"}],"wp:attachment":[{"href":"https:\/\/valika.eu\/fi\/wp-json\/wp\/v2\/media?parent=11906"}],"wp:term":[{"taxonomy":"product_brand","embeddable":true,"href":"https:\/\/valika.eu\/fi\/wp-json\/wp\/v2\/product_brand?post=11906"},{"taxonomy":"product_cat","embeddable":true,"href":"https:\/\/valika.eu\/fi\/wp-json\/wp\/v2\/product_cat?post=11906"},{"taxonomy":"product_tag","embeddable":true,"href":"https:\/\/valika.eu\/fi\/wp-json\/wp\/v2\/product_tag?post=11906"}],"curies":[{"name":"wp","href":"https:\/\/api.w.org\/{rel}","templated":true}]}}