{"id":11922,"date":"2025-01-09T07:12:24","date_gmt":"2025-01-09T05:12:24","guid":{"rendered":"https:\/\/valika.eu\/toode\/claresa-lahtine-puuder-glow-super-powder-12g\/"},"modified":"2025-07-02T05:01:21","modified_gmt":"2025-07-02T02:01:21","slug":"claresa-lahtine-puuder-glow-super-powder-12g","status":"publish","type":"product","link":"https:\/\/valika.eu\/fi\/toode\/claresa-lahtine-puuder-glow-super-powder-12g\/","title":{"rendered":"Claresa irtopuuteri GLOW SUPER POW(D)ER! 12g"},"content":{"rendered":"<p>**GLOW SUPER POW(D)ER!**<\/p>\n<p>Valoa antava irtopuuteri<\/p>\n<p>Oletko kyll\u00e4stynyt ihosi tasapaksuun, mattaiseen ilmeeseen? Levit\u00e4 kasvoillesi GLOW SUPER POW(D)ER! ja koe hienovaraisesti valoa antavan ihon supervoima. Nauti virheett\u00f6m\u00e4n s\u00e4teilev\u00e4st\u00e4 ja hehkuvasta meikkilookista. Kiinnit\u00e4 se l\u00e4pikuultavalla, irtopuuterilla, joka sis\u00e4lt\u00e4\u00e4 hienoksi jauhettuja, hohtavia hiukkasia.<\/p>\n<p>**HAUSKA FAKTA**<\/p>\n<p>Ainutlaatuinen, ultrakevyt koostumus on t\u00e4ynn\u00e4 ainesosia, jotka optisesti tasoittavat ryppyj\u00e4 ja ihon ep\u00e4tasaisuuksia. Kiitos pallomaisen piidioksidin, joka hajottaa valoa voimakkaasti, puuteri antaa &#8220;pehme\u00e4n tarkennuksen&#8221; vaikutelman.<\/p>\n<p>**K\u00c4YTT\u00d6**<\/p>\n<p>Levit\u00e4 kasvoille pehme\u00e4ll\u00e4 siveltimell\u00e4.<\/p>\n<p>**MEIKKITAITEILIJAN VINKKI**<\/p>\n<p>L\u00f6yd\u00e4 s\u00e4teilev\u00e4n meikkipinnan uusi ulottuvuus! Ota puuteria pehme\u00e4ll\u00e4 siveltimell\u00e4, kopauta ylim\u00e4\u00e4r\u00e4inen pois ja levit\u00e4 se koko kasvoille, aloittaen keskelt\u00e4\u2014otsasta leukaan. Levit\u00e4 sitten muualle kasvoille, kaulalle ja dekolteelle.<\/p>","protected":false},"excerpt":{"rendered":"<p>**GLOW SUPER POW(D)ER!** Valoa antava irtopuuteri Oletko kyll\u00e4stynyt ihosi tasapaksuun, mattaiseen ilmeeseen? Levit\u00e4 kasvoillesi GLOW SUPER POW(D)ER! ja koe hienovaraisesti<\/p>\n","protected":false},"featured_media":11921,"template":"","meta":[],"product_brand":[],"product_cat":[689],"product_tag":[],"class_list":{"0":"post-11922","1":"product","2":"type-product","3":"status-publish","4":"has-post-thumbnail","6":"product_cat-loose-face-powder","8":"first","9":"instock","10":"taxable","11":"shipping-taxable","12":"purchasable","13":"product-type-simple"},"yoast_head":"<!-- This site is optimized with the Yoast SEO plugin v24.4 - https:\/\/yoast.com\/wordpress\/plugins\/seo\/ -->\n<title>Claresa irtopuuteri GLOW SUPER POW(D)ER! 12g | Valika<\/title>\n<meta name=\"robots\" content=\"index, follow, max-snippet:-1, max-image-preview:large, max-video-preview:-1\" \/>\n<link rel=\"canonical\" href=\"https:\/\/valika.eu\/fi\/toode\/claresa-lahtine-puuder-glow-super-powder-12g\/\" \/>\n<meta property=\"og:locale\" content=\"fi_FI\" \/>\n<meta property=\"og:type\" content=\"article\" \/>\n<meta property=\"og:title\" content=\"Claresa irtopuuteri GLOW SUPER POW(D)ER! 12g | Valika\" \/>\n<meta property=\"og:description\" content=\"**GLOW SUPER POW(D)ER!** Valoa antava irtopuuteri Oletko kyll\u00e4stynyt ihosi tasapaksuun, mattaiseen ilmeeseen? Levit\u00e4 kasvoillesi GLOW SUPER POW(D)ER! ja koe hienovaraisesti\" \/>\n<meta property=\"og:url\" content=\"https:\/\/valika.eu\/fi\/toode\/claresa-lahtine-puuder-glow-super-powder-12g\/\" \/>\n<meta property=\"og:site_name\" content=\"Valika\" \/>\n<meta property=\"article:publisher\" content=\"https:\/\/www.facebook.com\/tipsi.net\" \/>\n<meta property=\"article:modified_time\" content=\"2025-07-02T02:01:21+00:00\" \/>\n<meta property=\"og:image\" content=\"https:\/\/valika.eu\/wp-content\/uploads\/2025\/01\/3394.jpg\" \/>\n\t<meta property=\"og:image:width\" content=\"1500\" \/>\n\t<meta property=\"og:image:height\" content=\"1500\" \/>\n\t<meta property=\"og:image:type\" content=\"image\/jpeg\" \/>\n<meta name=\"twitter:card\" content=\"summary_large_image\" \/>\n<script type=\"application\/ld+json\" class=\"yoast-schema-graph\">{\"@context\":\"https:\/\/schema.org\",\"@graph\":[{\"@type\":\"WebPage\",\"@id\":\"https:\/\/valika.eu\/fi\/toode\/claresa-lahtine-puuder-glow-super-powder-12g\/\",\"url\":\"https:\/\/valika.eu\/fi\/toode\/claresa-lahtine-puuder-glow-super-powder-12g\/\",\"name\":\"Claresa irtopuuteri GLOW SUPER POW(D)ER! 12g | Valika\",\"isPartOf\":{\"@id\":\"https:\/\/valika.eu\/fi\/#website\"},\"primaryImageOfPage\":{\"@id\":\"https:\/\/valika.eu\/fi\/toode\/claresa-lahtine-puuder-glow-super-powder-12g\/#primaryimage\"},\"image\":{\"@id\":\"https:\/\/valika.eu\/toode\/claresa-lahtine-puuder-glow-super-powder-12g\/#primaryimage\"},\"thumbnailUrl\":\"https:\/\/valika.eu\/wp-content\/uploads\/2025\/01\/3394.jpg\",\"datePublished\":\"2025-01-09T05:12:24+00:00\",\"dateModified\":\"2025-07-02T02:01:21+00:00\",\"breadcrumb\":{\"@id\":\"https:\/\/valika.eu\/fi\/toode\/claresa-lahtine-puuder-glow-super-powder-12g\/#breadcrumb\"},\"inLanguage\":\"fi\",\"potentialAction\":[{\"@type\":\"ReadAction\",\"target\":[[\"https:\/\/valika.eu\/fi\/toode\/claresa-lahtine-puuder-glow-super-powder-12g\/\"]]}]},{\"@type\":\"ImageObject\",\"inLanguage\":\"fi\",\"@id\":\"https:\/\/valika.eu\/fi\/toode\/claresa-lahtine-puuder-glow-super-powder-12g\/#primaryimage\",\"url\":\"https:\/\/valika.eu\/wp-content\/uploads\/2025\/01\/3394.jpg\",\"contentUrl\":\"https:\/\/valika.eu\/wp-content\/uploads\/2025\/01\/3394.jpg\",\"width\":1500,\"height\":1500},{\"@type\":\"BreadcrumbList\",\"@id\":\"https:\/\/valika.eu\/fi\/toode\/claresa-lahtine-puuder-glow-super-powder-12g\/#breadcrumb\",\"itemListElement\":[{\"@type\":\"ListItem\",\"position\":1,\"name\":\"Koti\",\"item\":\"https:\/\/valika.eu\/fi\/\"},{\"@type\":\"ListItem\",\"position\":2,\"name\":\"Shop\",\"item\":\"https:\/\/valika.eu\/fi\/\"},{\"@type\":\"ListItem\",\"position\":3,\"name\":\"Claresa loose powder GLOW SUPER POW(D)ER! 12g\"}]},{\"@type\":\"WebSite\",\"@id\":\"https:\/\/valika.eu\/fi\/#website\",\"url\":\"https:\/\/valika.eu\/fi\/\",\"name\":\"Valika.eu\",\"description\":\"Salonkituotteet ja kauneudenhoitotuotteet - Valika tarjoaa laajan valikoiman tuotteita ja tarvikkeita kynsiteknikoille, kauneushoitoloille, kampaamoille ja kampaamoille.\",\"publisher\":{\"@id\":\"https:\/\/valika.eu\/fi\/#organization\"},\"alternateName\":\"Valika\",\"potentialAction\":[{\"@type\":\"SearchAction\",\"target\":{\"@type\":\"EntryPoint\",\"urlTemplate\":\"https:\/\/valika.eu\/fi\/?s={search_term_string}\"},\"query-input\":{\"@type\":\"PropertyValueSpecification\",\"valueRequired\":true,\"valueName\":\"search_term_string\"}}],\"inLanguage\":\"fi\"},{\"@type\":\"Organization\",\"@id\":\"https:\/\/valika.eu\/fi\/#organization\",\"name\":\"Salongitoode O\u00dc\",\"alternateName\":\"Valika\",\"url\":\"https:\/\/valika.eu\/fi\/\",\"logo\":{\"@type\":\"ImageObject\",\"inLanguage\":\"fi\",\"@id\":\"https:\/\/valika.eu\/fi\/#\/schema\/logo\/image\/\",\"url\":\"https:\/\/valika.eu\/wp-content\/uploads\/2023\/11\/logo2-valika-footer.png\",\"contentUrl\":\"https:\/\/valika.eu\/wp-content\/uploads\/2023\/11\/logo2-valika-footer.png\",\"width\":200,\"height\":129,\"caption\":\"Salongitoode O\u00dc\"},\"image\":{\"@id\":\"https:\/\/valika.eu\/fi\/#\/schema\/logo\/image\/\"},\"sameAs\":[\"https:\/\/www.facebook.com\/tipsi.net\"]}]}<\/script>\n<!-- \/ Yoast SEO plugin. -->","yoast_head_json":{"title":"Claresa irtopuuteri GLOW SUPER POW(D)ER! 12g | Valika","robots":{"index":"index","follow":"follow","max-snippet":"max-snippet:-1","max-image-preview":"max-image-preview:large","max-video-preview":"max-video-preview:-1"},"canonical":"https:\/\/valika.eu\/fi\/toode\/claresa-lahtine-puuder-glow-super-powder-12g\/","og_locale":"fi_FI","og_type":"article","og_title":"Claresa irtopuuteri GLOW SUPER POW(D)ER! 12g | Valika","og_description":"**GLOW SUPER POW(D)ER!** Valoa antava irtopuuteri Oletko kyll\u00e4stynyt ihosi tasapaksuun, mattaiseen ilmeeseen? Levit\u00e4 kasvoillesi GLOW SUPER POW(D)ER! ja koe hienovaraisesti","og_url":"https:\/\/valika.eu\/fi\/toode\/claresa-lahtine-puuder-glow-super-powder-12g\/","og_site_name":"Valika","article_publisher":"https:\/\/www.facebook.com\/tipsi.net","article_modified_time":"2025-07-02T02:01:21+00:00","og_image":[{"width":1500,"height":1500,"url":"https:\/\/valika.eu\/wp-content\/uploads\/2025\/01\/3394.jpg","type":"image\/jpeg"}],"twitter_card":"summary_large_image","schema":{"@context":"https:\/\/schema.org","@graph":[{"@type":"WebPage","@id":"https:\/\/valika.eu\/fi\/toode\/claresa-lahtine-puuder-glow-super-powder-12g\/","url":"https:\/\/valika.eu\/fi\/toode\/claresa-lahtine-puuder-glow-super-powder-12g\/","name":"Claresa irtopuuteri GLOW SUPER POW(D)ER! 12g | Valika","isPartOf":{"@id":"https:\/\/valika.eu\/fi\/#website"},"primaryImageOfPage":{"@id":"https:\/\/valika.eu\/fi\/toode\/claresa-lahtine-puuder-glow-super-powder-12g\/#primaryimage"},"image":{"@id":"https:\/\/valika.eu\/toode\/claresa-lahtine-puuder-glow-super-powder-12g\/#primaryimage"},"thumbnailUrl":"https:\/\/valika.eu\/wp-content\/uploads\/2025\/01\/3394.jpg","datePublished":"2025-01-09T05:12:24+00:00","dateModified":"2025-07-02T02:01:21+00:00","breadcrumb":{"@id":"https:\/\/valika.eu\/fi\/toode\/claresa-lahtine-puuder-glow-super-powder-12g\/#breadcrumb"},"inLanguage":"fi","potentialAction":[{"@type":"ReadAction","target":[["https:\/\/valika.eu\/fi\/toode\/claresa-lahtine-puuder-glow-super-powder-12g\/"]]}]},{"@type":"ImageObject","inLanguage":"fi","@id":"https:\/\/valika.eu\/fi\/toode\/claresa-lahtine-puuder-glow-super-powder-12g\/#primaryimage","url":"https:\/\/valika.eu\/wp-content\/uploads\/2025\/01\/3394.jpg","contentUrl":"https:\/\/valika.eu\/wp-content\/uploads\/2025\/01\/3394.jpg","width":1500,"height":1500},{"@type":"BreadcrumbList","@id":"https:\/\/valika.eu\/fi\/toode\/claresa-lahtine-puuder-glow-super-powder-12g\/#breadcrumb","itemListElement":[{"@type":"ListItem","position":1,"name":"Koti","item":"https:\/\/valika.eu\/fi\/"},{"@type":"ListItem","position":2,"name":"Shop","item":"https:\/\/valika.eu\/fi\/"},{"@type":"ListItem","position":3,"name":"Claresa loose powder GLOW SUPER POW(D)ER! 12g"}]},{"@type":"WebSite","@id":"https:\/\/valika.eu\/fi\/#website","url":"https:\/\/valika.eu\/fi\/","name":"Valika.eu","description":"Salonkituotteet ja kauneudenhoitotuotteet - Valika tarjoaa laajan valikoiman tuotteita ja tarvikkeita kynsiteknikoille, kauneushoitoloille, kampaamoille ja kampaamoille.","publisher":{"@id":"https:\/\/valika.eu\/fi\/#organization"},"alternateName":"Valika","potentialAction":[{"@type":"SearchAction","target":{"@type":"EntryPoint","urlTemplate":"https:\/\/valika.eu\/fi\/?s={search_term_string}"},"query-input":{"@type":"PropertyValueSpecification","valueRequired":true,"valueName":"search_term_string"}}],"inLanguage":"fi"},{"@type":"Organization","@id":"https:\/\/valika.eu\/fi\/#organization","name":"Salongitoode O\u00dc","alternateName":"Valika","url":"https:\/\/valika.eu\/fi\/","logo":{"@type":"ImageObject","inLanguage":"fi","@id":"https:\/\/valika.eu\/fi\/#\/schema\/logo\/image\/","url":"https:\/\/valika.eu\/wp-content\/uploads\/2023\/11\/logo2-valika-footer.png","contentUrl":"https:\/\/valika.eu\/wp-content\/uploads\/2023\/11\/logo2-valika-footer.png","width":200,"height":129,"caption":"Salongitoode O\u00dc"},"image":{"@id":"https:\/\/valika.eu\/fi\/#\/schema\/logo\/image\/"},"sameAs":["https:\/\/www.facebook.com\/tipsi.net"]}]}},"jetpack_sharing_enabled":true,"_links":{"self":[{"href":"https:\/\/valika.eu\/fi\/wp-json\/wp\/v2\/product\/11922","targetHints":{"allow":["GET"]}}],"collection":[{"href":"https:\/\/valika.eu\/fi\/wp-json\/wp\/v2\/product"}],"about":[{"href":"https:\/\/valika.eu\/fi\/wp-json\/wp\/v2\/types\/product"}],"wp:featuredmedia":[{"embeddable":true,"href":"https:\/\/valika.eu\/fi\/wp-json\/wp\/v2\/media\/11921"}],"wp:attachment":[{"href":"https:\/\/valika.eu\/fi\/wp-json\/wp\/v2\/media?parent=11922"}],"wp:term":[{"taxonomy":"product_brand","embeddable":true,"href":"https:\/\/valika.eu\/fi\/wp-json\/wp\/v2\/product_brand?post=11922"},{"taxonomy":"product_cat","embeddable":true,"href":"https:\/\/valika.eu\/fi\/wp-json\/wp\/v2\/product_cat?post=11922"},{"taxonomy":"product_tag","embeddable":true,"href":"https:\/\/valika.eu\/fi\/wp-json\/wp\/v2\/product_tag?post=11922"}],"curies":[{"name":"wp","href":"https:\/\/api.w.org\/{rel}","templated":true}]}}