{"id":11927,"date":"2025-01-09T07:19:15","date_gmt":"2025-01-09T05:19:15","guid":{"rendered":"https:\/\/valika.eu\/toode\/claresa-bambuspuuder-bamboo-super-powder-8g\/"},"modified":"2025-07-02T05:01:21","modified_gmt":"2025-07-02T02:01:21","slug":"claresa-bambuspuuder-bamboo-super-powder-8g","status":"publish","type":"product","link":"https:\/\/valika.eu\/fi\/toode\/claresa-bambuspuuder-bamboo-super-powder-8g\/","title":{"rendered":"Claresa bambujauhe BAMBOO SUPER POW(D)ER! 8G"},"content":{"rendered":"<p>BAMBU SUPER POW(D)ER!<\/p>\n<p>Irtobambujauhe<\/p>\n<p>Etsitk\u00f6 mattapuuteria erityisteht\u00e4viin? Vaihda ei-toivottu kiilto virheett\u00f6m\u00e4\u00e4n, s\u00e4teilev\u00e4\u00e4n ihoon BAMBU SUPER POW(D)ERilla! Puuteri imee ylim\u00e4\u00e4r\u00e4isen talin ja antaa pitk\u00e4kestoisen, samettisen, mattapintaisen lopputuloksen meikille, mik\u00e4 tekee siit\u00e4 t\u00e4ydellisen sekaiholle ja rasvaiselle iholle. Vegaaninen koostumus on t\u00e4ynn\u00e4 ainesosia, jotka silottavat ihoa visuaalisesti, ja eritt\u00e4in hienoksi jauhettu puuteri sulautuu nopeasti ihoon, mukautuen sen s\u00e4vyyn.<\/p>\n<p>HAUSKA FAKTA<\/p>\n<p>Antibakteerinen koostumus on rikas raaka-aineista, joilla on aknea ehk\u00e4isevi\u00e4 ominaisuuksia, jotka s\u00e4\u00e4telev\u00e4t talirauhasten toimintaa ja rauhoittavat \u00e4rsytyksi\u00e4.<\/p>\n<p>K\u00c4YTT\u00d6<\/p>\n<p>Puuteroi kasvosi pehme\u00e4ll\u00e4 siveltimell\u00e4 tai vipalla.<\/p>\n<p>MEIKKITAITEILIJAN VINKKI<\/p>\n<p>Aloita kasvojen puuterointi keskelt\u00e4 \u2013 otsasta leukaan. Levit\u00e4 sitten pehme\u00e4ll\u00e4 siveltimell\u00e4 kasvojen muille alueille. Saat maksimaalisen mattapintaisen lopputuloksen levitt\u00e4m\u00e4ll\u00e4 puuterin vipalla, k\u00e4ytt\u00e4en painavaa liikett\u00e4.<\/p>","protected":false},"excerpt":{"rendered":"<p>BAMBU SUPER POW(D)ER! Irtobambujauhe Etsitk\u00f6 mattapuuteria erityisteht\u00e4viin? Vaihda ei-toivottu kiilto virheett\u00f6m\u00e4\u00e4n, s\u00e4teilev\u00e4\u00e4n ihoon BAMBU SUPER POW(D)ERilla! Puuteri imee ylim\u00e4\u00e4r\u00e4isen talin<\/p>\n","protected":false},"featured_media":11926,"template":"","meta":[],"product_brand":[],"product_cat":[689],"product_tag":[],"class_list":{"0":"post-11927","1":"product","2":"type-product","3":"status-publish","4":"has-post-thumbnail","6":"product_cat-loose-face-powder","8":"first","9":"instock","10":"taxable","11":"shipping-taxable","12":"purchasable","13":"product-type-simple"},"yoast_head":"<!-- This site is optimized with the Yoast SEO plugin v24.4 - https:\/\/yoast.com\/wordpress\/plugins\/seo\/ -->\n<title>Claresa bambujauhe BAMBOO SUPER POW(D)ER! 8G | Valika<\/title>\n<meta name=\"robots\" content=\"index, follow, max-snippet:-1, max-image-preview:large, max-video-preview:-1\" \/>\n<link rel=\"canonical\" href=\"https:\/\/valika.eu\/fi\/toode\/claresa-bambuspuuder-bamboo-super-powder-8g\/\" \/>\n<meta property=\"og:locale\" content=\"fi_FI\" \/>\n<meta property=\"og:type\" content=\"article\" \/>\n<meta property=\"og:title\" content=\"Claresa bambujauhe BAMBOO SUPER POW(D)ER! 8G | Valika\" \/>\n<meta property=\"og:description\" content=\"BAMBU SUPER POW(D)ER! Irtobambujauhe Etsitk\u00f6 mattapuuteria erityisteht\u00e4viin? Vaihda ei-toivottu kiilto virheett\u00f6m\u00e4\u00e4n, s\u00e4teilev\u00e4\u00e4n ihoon BAMBU SUPER POW(D)ERilla! Puuteri imee ylim\u00e4\u00e4r\u00e4isen talin\" \/>\n<meta property=\"og:url\" content=\"https:\/\/valika.eu\/fi\/toode\/claresa-bambuspuuder-bamboo-super-powder-8g\/\" \/>\n<meta property=\"og:site_name\" content=\"Valika\" \/>\n<meta property=\"article:publisher\" content=\"https:\/\/www.facebook.com\/tipsi.net\" \/>\n<meta property=\"article:modified_time\" content=\"2025-07-02T02:01:21+00:00\" \/>\n<meta property=\"og:image\" content=\"https:\/\/valika.eu\/wp-content\/uploads\/2025\/01\/3375.jpg\" \/>\n\t<meta property=\"og:image:width\" content=\"1500\" \/>\n\t<meta property=\"og:image:height\" content=\"1500\" \/>\n\t<meta property=\"og:image:type\" content=\"image\/jpeg\" \/>\n<meta name=\"twitter:card\" content=\"summary_large_image\" \/>\n<script type=\"application\/ld+json\" class=\"yoast-schema-graph\">{\"@context\":\"https:\/\/schema.org\",\"@graph\":[{\"@type\":\"WebPage\",\"@id\":\"https:\/\/valika.eu\/fi\/toode\/claresa-bambuspuuder-bamboo-super-powder-8g\/\",\"url\":\"https:\/\/valika.eu\/fi\/toode\/claresa-bambuspuuder-bamboo-super-powder-8g\/\",\"name\":\"Claresa bambujauhe BAMBOO SUPER POW(D)ER! 8G | Valika\",\"isPartOf\":{\"@id\":\"https:\/\/valika.eu\/fi\/#website\"},\"primaryImageOfPage\":{\"@id\":\"https:\/\/valika.eu\/fi\/toode\/claresa-bambuspuuder-bamboo-super-powder-8g\/#primaryimage\"},\"image\":{\"@id\":\"https:\/\/valika.eu\/toode\/claresa-bambuspuuder-bamboo-super-powder-8g\/#primaryimage\"},\"thumbnailUrl\":\"https:\/\/valika.eu\/wp-content\/uploads\/2025\/01\/3375.jpg\",\"datePublished\":\"2025-01-09T05:19:15+00:00\",\"dateModified\":\"2025-07-02T02:01:21+00:00\",\"breadcrumb\":{\"@id\":\"https:\/\/valika.eu\/fi\/toode\/claresa-bambuspuuder-bamboo-super-powder-8g\/#breadcrumb\"},\"inLanguage\":\"fi\",\"potentialAction\":[{\"@type\":\"ReadAction\",\"target\":[[\"https:\/\/valika.eu\/fi\/toode\/claresa-bambuspuuder-bamboo-super-powder-8g\/\"]]}]},{\"@type\":\"ImageObject\",\"inLanguage\":\"fi\",\"@id\":\"https:\/\/valika.eu\/fi\/toode\/claresa-bambuspuuder-bamboo-super-powder-8g\/#primaryimage\",\"url\":\"https:\/\/valika.eu\/wp-content\/uploads\/2025\/01\/3375.jpg\",\"contentUrl\":\"https:\/\/valika.eu\/wp-content\/uploads\/2025\/01\/3375.jpg\",\"width\":1500,\"height\":1500},{\"@type\":\"BreadcrumbList\",\"@id\":\"https:\/\/valika.eu\/fi\/toode\/claresa-bambuspuuder-bamboo-super-powder-8g\/#breadcrumb\",\"itemListElement\":[{\"@type\":\"ListItem\",\"position\":1,\"name\":\"Koti\",\"item\":\"https:\/\/valika.eu\/fi\/\"},{\"@type\":\"ListItem\",\"position\":2,\"name\":\"Shop\",\"item\":\"https:\/\/valika.eu\/fi\/\"},{\"@type\":\"ListItem\",\"position\":3,\"name\":\"Claresa bamboo powder BAMBOO SUPER POW(D)ER! 8G\"}]},{\"@type\":\"WebSite\",\"@id\":\"https:\/\/valika.eu\/fi\/#website\",\"url\":\"https:\/\/valika.eu\/fi\/\",\"name\":\"Valika.eu\",\"description\":\"Salonkituotteet ja kauneudenhoitotuotteet - Valika tarjoaa laajan valikoiman tuotteita ja tarvikkeita kynsiteknikoille, kauneushoitoloille, kampaamoille ja kampaamoille.\",\"publisher\":{\"@id\":\"https:\/\/valika.eu\/fi\/#organization\"},\"alternateName\":\"Valika\",\"potentialAction\":[{\"@type\":\"SearchAction\",\"target\":{\"@type\":\"EntryPoint\",\"urlTemplate\":\"https:\/\/valika.eu\/fi\/?s={search_term_string}\"},\"query-input\":{\"@type\":\"PropertyValueSpecification\",\"valueRequired\":true,\"valueName\":\"search_term_string\"}}],\"inLanguage\":\"fi\"},{\"@type\":\"Organization\",\"@id\":\"https:\/\/valika.eu\/fi\/#organization\",\"name\":\"Salongitoode O\u00dc\",\"alternateName\":\"Valika\",\"url\":\"https:\/\/valika.eu\/fi\/\",\"logo\":{\"@type\":\"ImageObject\",\"inLanguage\":\"fi\",\"@id\":\"https:\/\/valika.eu\/fi\/#\/schema\/logo\/image\/\",\"url\":\"https:\/\/valika.eu\/wp-content\/uploads\/2023\/11\/logo2-valika-footer.png\",\"contentUrl\":\"https:\/\/valika.eu\/wp-content\/uploads\/2023\/11\/logo2-valika-footer.png\",\"width\":200,\"height\":129,\"caption\":\"Salongitoode O\u00dc\"},\"image\":{\"@id\":\"https:\/\/valika.eu\/fi\/#\/schema\/logo\/image\/\"},\"sameAs\":[\"https:\/\/www.facebook.com\/tipsi.net\"]}]}<\/script>\n<!-- \/ Yoast SEO plugin. -->","yoast_head_json":{"title":"Claresa bambujauhe BAMBOO SUPER POW(D)ER! 8G | Valika","robots":{"index":"index","follow":"follow","max-snippet":"max-snippet:-1","max-image-preview":"max-image-preview:large","max-video-preview":"max-video-preview:-1"},"canonical":"https:\/\/valika.eu\/fi\/toode\/claresa-bambuspuuder-bamboo-super-powder-8g\/","og_locale":"fi_FI","og_type":"article","og_title":"Claresa bambujauhe BAMBOO SUPER POW(D)ER! 8G | Valika","og_description":"BAMBU SUPER POW(D)ER! Irtobambujauhe Etsitk\u00f6 mattapuuteria erityisteht\u00e4viin? Vaihda ei-toivottu kiilto virheett\u00f6m\u00e4\u00e4n, s\u00e4teilev\u00e4\u00e4n ihoon BAMBU SUPER POW(D)ERilla! Puuteri imee ylim\u00e4\u00e4r\u00e4isen talin","og_url":"https:\/\/valika.eu\/fi\/toode\/claresa-bambuspuuder-bamboo-super-powder-8g\/","og_site_name":"Valika","article_publisher":"https:\/\/www.facebook.com\/tipsi.net","article_modified_time":"2025-07-02T02:01:21+00:00","og_image":[{"width":1500,"height":1500,"url":"https:\/\/valika.eu\/wp-content\/uploads\/2025\/01\/3375.jpg","type":"image\/jpeg"}],"twitter_card":"summary_large_image","schema":{"@context":"https:\/\/schema.org","@graph":[{"@type":"WebPage","@id":"https:\/\/valika.eu\/fi\/toode\/claresa-bambuspuuder-bamboo-super-powder-8g\/","url":"https:\/\/valika.eu\/fi\/toode\/claresa-bambuspuuder-bamboo-super-powder-8g\/","name":"Claresa bambujauhe BAMBOO SUPER POW(D)ER! 8G | Valika","isPartOf":{"@id":"https:\/\/valika.eu\/fi\/#website"},"primaryImageOfPage":{"@id":"https:\/\/valika.eu\/fi\/toode\/claresa-bambuspuuder-bamboo-super-powder-8g\/#primaryimage"},"image":{"@id":"https:\/\/valika.eu\/toode\/claresa-bambuspuuder-bamboo-super-powder-8g\/#primaryimage"},"thumbnailUrl":"https:\/\/valika.eu\/wp-content\/uploads\/2025\/01\/3375.jpg","datePublished":"2025-01-09T05:19:15+00:00","dateModified":"2025-07-02T02:01:21+00:00","breadcrumb":{"@id":"https:\/\/valika.eu\/fi\/toode\/claresa-bambuspuuder-bamboo-super-powder-8g\/#breadcrumb"},"inLanguage":"fi","potentialAction":[{"@type":"ReadAction","target":[["https:\/\/valika.eu\/fi\/toode\/claresa-bambuspuuder-bamboo-super-powder-8g\/"]]}]},{"@type":"ImageObject","inLanguage":"fi","@id":"https:\/\/valika.eu\/fi\/toode\/claresa-bambuspuuder-bamboo-super-powder-8g\/#primaryimage","url":"https:\/\/valika.eu\/wp-content\/uploads\/2025\/01\/3375.jpg","contentUrl":"https:\/\/valika.eu\/wp-content\/uploads\/2025\/01\/3375.jpg","width":1500,"height":1500},{"@type":"BreadcrumbList","@id":"https:\/\/valika.eu\/fi\/toode\/claresa-bambuspuuder-bamboo-super-powder-8g\/#breadcrumb","itemListElement":[{"@type":"ListItem","position":1,"name":"Koti","item":"https:\/\/valika.eu\/fi\/"},{"@type":"ListItem","position":2,"name":"Shop","item":"https:\/\/valika.eu\/fi\/"},{"@type":"ListItem","position":3,"name":"Claresa bamboo powder BAMBOO SUPER POW(D)ER! 8G"}]},{"@type":"WebSite","@id":"https:\/\/valika.eu\/fi\/#website","url":"https:\/\/valika.eu\/fi\/","name":"Valika.eu","description":"Salonkituotteet ja kauneudenhoitotuotteet - Valika tarjoaa laajan valikoiman tuotteita ja tarvikkeita kynsiteknikoille, kauneushoitoloille, kampaamoille ja kampaamoille.","publisher":{"@id":"https:\/\/valika.eu\/fi\/#organization"},"alternateName":"Valika","potentialAction":[{"@type":"SearchAction","target":{"@type":"EntryPoint","urlTemplate":"https:\/\/valika.eu\/fi\/?s={search_term_string}"},"query-input":{"@type":"PropertyValueSpecification","valueRequired":true,"valueName":"search_term_string"}}],"inLanguage":"fi"},{"@type":"Organization","@id":"https:\/\/valika.eu\/fi\/#organization","name":"Salongitoode O\u00dc","alternateName":"Valika","url":"https:\/\/valika.eu\/fi\/","logo":{"@type":"ImageObject","inLanguage":"fi","@id":"https:\/\/valika.eu\/fi\/#\/schema\/logo\/image\/","url":"https:\/\/valika.eu\/wp-content\/uploads\/2023\/11\/logo2-valika-footer.png","contentUrl":"https:\/\/valika.eu\/wp-content\/uploads\/2023\/11\/logo2-valika-footer.png","width":200,"height":129,"caption":"Salongitoode O\u00dc"},"image":{"@id":"https:\/\/valika.eu\/fi\/#\/schema\/logo\/image\/"},"sameAs":["https:\/\/www.facebook.com\/tipsi.net"]}]}},"jetpack_sharing_enabled":true,"_links":{"self":[{"href":"https:\/\/valika.eu\/fi\/wp-json\/wp\/v2\/product\/11927","targetHints":{"allow":["GET"]}}],"collection":[{"href":"https:\/\/valika.eu\/fi\/wp-json\/wp\/v2\/product"}],"about":[{"href":"https:\/\/valika.eu\/fi\/wp-json\/wp\/v2\/types\/product"}],"wp:featuredmedia":[{"embeddable":true,"href":"https:\/\/valika.eu\/fi\/wp-json\/wp\/v2\/media\/11926"}],"wp:attachment":[{"href":"https:\/\/valika.eu\/fi\/wp-json\/wp\/v2\/media?parent=11927"}],"wp:term":[{"taxonomy":"product_brand","embeddable":true,"href":"https:\/\/valika.eu\/fi\/wp-json\/wp\/v2\/product_brand?post=11927"},{"taxonomy":"product_cat","embeddable":true,"href":"https:\/\/valika.eu\/fi\/wp-json\/wp\/v2\/product_cat?post=11927"},{"taxonomy":"product_tag","embeddable":true,"href":"https:\/\/valika.eu\/fi\/wp-json\/wp\/v2\/product_tag?post=11927"}],"curies":[{"name":"wp","href":"https:\/\/api.w.org\/{rel}","templated":true}]}}