{"id":11944,"date":"2025-01-09T07:19:42","date_gmt":"2025-01-09T05:19:42","guid":{"rendered":"https:\/\/valika.eu\/toode\/claresa-blur-super-powder-beige-siluv-pulber-12g\/"},"modified":"2025-07-02T05:01:21","modified_gmt":"2025-07-02T02:01:21","slug":"claresa-blur-super-powder-beige-siluv-pulber-12g","status":"publish","type":"product","link":"https:\/\/valika.eu\/fi\/toode\/claresa-blur-super-powder-beige-siluv-pulber-12g\/","title":{"rendered":"CLARESA BLUR SUPER POW(D)ER! BEIGE tasoittava irtopuuteri 12g"},"content":{"rendered":"<p><\/p>\n<p>CLARESA <strong><span style=\"color: #cc8797\">BLUR SUPER POW(D)ER<\/span><\/strong><strong> <strong><span style=\"color: #cc8797\">beige<\/span><\/strong><\/strong> <strong><em>irtopuuteri, joka optisesti tasoittaa ihoa<\/em><\/strong><\/p>\n<p><strong>Sin\u00e4 kommentoit, me muokkaamme: ikonisen Blur-tuotteen seuraava versio inspiroituna sinusta!<\/strong><\/p>\n<p>Uusi s\u00e4vy, uusi tuoksu, sama jumalainen blur-efekti! Myydyin puuterimme nyt <strong>my\u00f6s<\/strong> l\u00e4pikuultavassa, hieman beige s\u00e4vyss\u00e4 ja eri tuoksulla. T\u00e4m\u00e4 on vastauksemme ihmisille, joilla on punertava ihons\u00e4vy ja jotka valittivat alkuper\u00e4isen version punertavasta s\u00e4vyst\u00e4, sek\u00e4 niille, joille ruusuntuoksu tuo mieleen elegantin, mutta mummomaisen.<\/p>\n<p>Haaveiletko trendikk\u00e4\u00e4st\u00e4 &#8220;blur&#8221;-efektist\u00e4 kasvoillasi? T\u00e4m\u00e4 fantastinen efekti, joka optisesti tasoittaa ei-toivottuja huokosia ja hienoja juonteita, saadaan aikaan <strong>BLUR SUPER POW(D)ER!<\/strong> L\u00e4pikuultava irtopuuteri kiinnitt\u00e4\u00e4 meikin ja antaa nauttia s\u00e4teilev\u00e4st\u00e4, raikkaasta ilmeest\u00e4 koko p\u00e4iv\u00e4n. Ultra-kevyen koostumuksensa ansiosta se sopii my\u00f6s t\u00e4ydellisesti silm\u00e4naluspuuteriksi ja meikin korjailuun p\u00e4iv\u00e4n aikana.<\/p>\n<p><strong><span style=\"color: #cc8797\">HAUSKA FAKTA<\/span><\/strong><\/p>\n<p>Puuterin p\u00e4\u00e4ainesosa on tapioka \u2013 kasvipohjainen vaihtoehto talkille. Se rauhoittaa ihoa, ei aiheuta allergisia reaktioita ja tarjoaa samalla upean tasoittavan vaikutuksen. Vegaaninen koostumus on my\u00f6s rikastettu makadamia\u00f6ljyll\u00e4, joka lis\u00e4\u00e4 kimmoisuutta ja tasoittaa ihoa intensiivisesti.<\/p>\n<p><strong><span style=\"color: #cc8797\">K\u00c4YTT\u00d6<\/span><\/strong><\/p>\n<p>Levit\u00e4 pehme\u00e4ll\u00e4 siveltimell\u00e4 tai vipalla.<\/p>\n<p><strong><span style=\"color: #cc8797\">MEIKKITAITEILIJAN VINKKI<\/span><\/strong><\/p>\n<p>Jos pid\u00e4t raikkaasta, luonnollisesta efektist\u00e4 heti puuterin levitt\u00e4misen j\u00e4lkeen, kokeile ehdottomasti taputella puuteri kostealla beauty blender -sienell\u00e4.<\/p>\n<p><img loading=\"lazy\" decoding=\"async\" src=\"\/userdata\/public\/assets\/\/Blur%20Beige%201080x1920%20PL.jpg\" alt=\"blur beige\" width=\"1080\" height=\"1920\" \/><\/p>\n<div class=\"video-container\"><\/div>\n<p><\/p>","protected":false},"excerpt":{"rendered":"<p>CLARESA BLUR SUPER POW(D)ER beige irtopuuteri, joka optisesti tasoittaa ihoa Sin\u00e4 kommentoit, me muokkaamme: ikonisen Blur-tuotteen seuraava versio inspiroituna sinusta!<\/p>\n","protected":false},"featured_media":11943,"template":"","meta":[],"product_brand":[],"product_cat":[689],"product_tag":[],"class_list":{"0":"post-11944","1":"product","2":"type-product","3":"status-publish","4":"has-post-thumbnail","6":"product_cat-loose-face-powder","8":"first","9":"instock","10":"taxable","11":"shipping-taxable","12":"purchasable","13":"product-type-simple"},"yoast_head":"<!-- This site is optimized with the Yoast SEO plugin v24.4 - https:\/\/yoast.com\/wordpress\/plugins\/seo\/ -->\n<title>CLARESA BLUR SUPER POW(D)ER! BEIGE tasoittava irtopuuteri 12g | Valika<\/title>\n<meta name=\"robots\" content=\"index, follow, max-snippet:-1, max-image-preview:large, max-video-preview:-1\" \/>\n<link rel=\"canonical\" href=\"https:\/\/valika.eu\/fi\/toode\/claresa-blur-super-powder-beige-siluv-pulber-12g\/\" \/>\n<meta property=\"og:locale\" content=\"fi_FI\" \/>\n<meta property=\"og:type\" content=\"article\" \/>\n<meta property=\"og:title\" content=\"CLARESA BLUR SUPER POW(D)ER! BEIGE tasoittava irtopuuteri 12g | Valika\" \/>\n<meta property=\"og:description\" content=\"CLARESA BLUR SUPER POW(D)ER beige irtopuuteri, joka optisesti tasoittaa ihoa Sin\u00e4 kommentoit, me muokkaamme: ikonisen Blur-tuotteen seuraava versio inspiroituna sinusta!\" \/>\n<meta property=\"og:url\" content=\"https:\/\/valika.eu\/fi\/toode\/claresa-blur-super-powder-beige-siluv-pulber-12g\/\" \/>\n<meta property=\"og:site_name\" content=\"Valika\" \/>\n<meta property=\"article:publisher\" content=\"https:\/\/www.facebook.com\/tipsi.net\" \/>\n<meta property=\"article:modified_time\" content=\"2025-07-02T02:01:21+00:00\" \/>\n<meta property=\"og:image\" content=\"https:\/\/valika.eu\/wp-content\/uploads\/2025\/01\/7563.jpg\" \/>\n\t<meta property=\"og:image:width\" content=\"1500\" \/>\n\t<meta property=\"og:image:height\" content=\"1500\" \/>\n\t<meta property=\"og:image:type\" content=\"image\/jpeg\" \/>\n<meta name=\"twitter:card\" content=\"summary_large_image\" \/>\n<script type=\"application\/ld+json\" class=\"yoast-schema-graph\">{\"@context\":\"https:\/\/schema.org\",\"@graph\":[{\"@type\":\"WebPage\",\"@id\":\"https:\/\/valika.eu\/fi\/toode\/claresa-blur-super-powder-beige-siluv-pulber-12g\/\",\"url\":\"https:\/\/valika.eu\/fi\/toode\/claresa-blur-super-powder-beige-siluv-pulber-12g\/\",\"name\":\"CLARESA BLUR SUPER POW(D)ER! BEIGE tasoittava irtopuuteri 12g | Valika\",\"isPartOf\":{\"@id\":\"https:\/\/valika.eu\/fi\/#website\"},\"primaryImageOfPage\":{\"@id\":\"https:\/\/valika.eu\/fi\/toode\/claresa-blur-super-powder-beige-siluv-pulber-12g\/#primaryimage\"},\"image\":{\"@id\":\"https:\/\/valika.eu\/toode\/claresa-blur-super-powder-beige-siluv-pulber-12g\/#primaryimage\"},\"thumbnailUrl\":\"https:\/\/valika.eu\/wp-content\/uploads\/2025\/01\/7563.jpg\",\"datePublished\":\"2025-01-09T05:19:42+00:00\",\"dateModified\":\"2025-07-02T02:01:21+00:00\",\"breadcrumb\":{\"@id\":\"https:\/\/valika.eu\/fi\/toode\/claresa-blur-super-powder-beige-siluv-pulber-12g\/#breadcrumb\"},\"inLanguage\":\"fi\",\"potentialAction\":[{\"@type\":\"ReadAction\",\"target\":[[\"https:\/\/valika.eu\/fi\/toode\/claresa-blur-super-powder-beige-siluv-pulber-12g\/\"]]}]},{\"@type\":\"ImageObject\",\"inLanguage\":\"fi\",\"@id\":\"https:\/\/valika.eu\/fi\/toode\/claresa-blur-super-powder-beige-siluv-pulber-12g\/#primaryimage\",\"url\":\"https:\/\/valika.eu\/wp-content\/uploads\/2025\/01\/7563.jpg\",\"contentUrl\":\"https:\/\/valika.eu\/wp-content\/uploads\/2025\/01\/7563.jpg\",\"width\":1500,\"height\":1500},{\"@type\":\"BreadcrumbList\",\"@id\":\"https:\/\/valika.eu\/fi\/toode\/claresa-blur-super-powder-beige-siluv-pulber-12g\/#breadcrumb\",\"itemListElement\":[{\"@type\":\"ListItem\",\"position\":1,\"name\":\"Koti\",\"item\":\"https:\/\/valika.eu\/fi\/\"},{\"@type\":\"ListItem\",\"position\":2,\"name\":\"Shop\",\"item\":\"https:\/\/valika.eu\/fi\/\"},{\"@type\":\"ListItem\",\"position\":3,\"name\":\"CLARESA BLUR SUPER POW(D)ER! BEIGE smoothing loose powder 12g\"}]},{\"@type\":\"WebSite\",\"@id\":\"https:\/\/valika.eu\/fi\/#website\",\"url\":\"https:\/\/valika.eu\/fi\/\",\"name\":\"Valika.eu\",\"description\":\"Salonkituotteet ja kauneudenhoitotuotteet - Valika tarjoaa laajan valikoiman tuotteita ja tarvikkeita kynsiteknikoille, kauneushoitoloille, kampaamoille ja kampaamoille.\",\"publisher\":{\"@id\":\"https:\/\/valika.eu\/fi\/#organization\"},\"alternateName\":\"Valika\",\"potentialAction\":[{\"@type\":\"SearchAction\",\"target\":{\"@type\":\"EntryPoint\",\"urlTemplate\":\"https:\/\/valika.eu\/fi\/?s={search_term_string}\"},\"query-input\":{\"@type\":\"PropertyValueSpecification\",\"valueRequired\":true,\"valueName\":\"search_term_string\"}}],\"inLanguage\":\"fi\"},{\"@type\":\"Organization\",\"@id\":\"https:\/\/valika.eu\/fi\/#organization\",\"name\":\"Salongitoode O\u00dc\",\"alternateName\":\"Valika\",\"url\":\"https:\/\/valika.eu\/fi\/\",\"logo\":{\"@type\":\"ImageObject\",\"inLanguage\":\"fi\",\"@id\":\"https:\/\/valika.eu\/fi\/#\/schema\/logo\/image\/\",\"url\":\"https:\/\/valika.eu\/wp-content\/uploads\/2023\/11\/logo2-valika-footer.png\",\"contentUrl\":\"https:\/\/valika.eu\/wp-content\/uploads\/2023\/11\/logo2-valika-footer.png\",\"width\":200,\"height\":129,\"caption\":\"Salongitoode O\u00dc\"},\"image\":{\"@id\":\"https:\/\/valika.eu\/fi\/#\/schema\/logo\/image\/\"},\"sameAs\":[\"https:\/\/www.facebook.com\/tipsi.net\"]}]}<\/script>\n<!-- \/ Yoast SEO plugin. -->","yoast_head_json":{"title":"CLARESA BLUR SUPER POW(D)ER! BEIGE tasoittava irtopuuteri 12g | Valika","robots":{"index":"index","follow":"follow","max-snippet":"max-snippet:-1","max-image-preview":"max-image-preview:large","max-video-preview":"max-video-preview:-1"},"canonical":"https:\/\/valika.eu\/fi\/toode\/claresa-blur-super-powder-beige-siluv-pulber-12g\/","og_locale":"fi_FI","og_type":"article","og_title":"CLARESA BLUR SUPER POW(D)ER! BEIGE tasoittava irtopuuteri 12g | Valika","og_description":"CLARESA BLUR SUPER POW(D)ER beige irtopuuteri, joka optisesti tasoittaa ihoa Sin\u00e4 kommentoit, me muokkaamme: ikonisen Blur-tuotteen seuraava versio inspiroituna sinusta!","og_url":"https:\/\/valika.eu\/fi\/toode\/claresa-blur-super-powder-beige-siluv-pulber-12g\/","og_site_name":"Valika","article_publisher":"https:\/\/www.facebook.com\/tipsi.net","article_modified_time":"2025-07-02T02:01:21+00:00","og_image":[{"width":1500,"height":1500,"url":"https:\/\/valika.eu\/wp-content\/uploads\/2025\/01\/7563.jpg","type":"image\/jpeg"}],"twitter_card":"summary_large_image","schema":{"@context":"https:\/\/schema.org","@graph":[{"@type":"WebPage","@id":"https:\/\/valika.eu\/fi\/toode\/claresa-blur-super-powder-beige-siluv-pulber-12g\/","url":"https:\/\/valika.eu\/fi\/toode\/claresa-blur-super-powder-beige-siluv-pulber-12g\/","name":"CLARESA BLUR SUPER POW(D)ER! BEIGE tasoittava irtopuuteri 12g | Valika","isPartOf":{"@id":"https:\/\/valika.eu\/fi\/#website"},"primaryImageOfPage":{"@id":"https:\/\/valika.eu\/fi\/toode\/claresa-blur-super-powder-beige-siluv-pulber-12g\/#primaryimage"},"image":{"@id":"https:\/\/valika.eu\/toode\/claresa-blur-super-powder-beige-siluv-pulber-12g\/#primaryimage"},"thumbnailUrl":"https:\/\/valika.eu\/wp-content\/uploads\/2025\/01\/7563.jpg","datePublished":"2025-01-09T05:19:42+00:00","dateModified":"2025-07-02T02:01:21+00:00","breadcrumb":{"@id":"https:\/\/valika.eu\/fi\/toode\/claresa-blur-super-powder-beige-siluv-pulber-12g\/#breadcrumb"},"inLanguage":"fi","potentialAction":[{"@type":"ReadAction","target":[["https:\/\/valika.eu\/fi\/toode\/claresa-blur-super-powder-beige-siluv-pulber-12g\/"]]}]},{"@type":"ImageObject","inLanguage":"fi","@id":"https:\/\/valika.eu\/fi\/toode\/claresa-blur-super-powder-beige-siluv-pulber-12g\/#primaryimage","url":"https:\/\/valika.eu\/wp-content\/uploads\/2025\/01\/7563.jpg","contentUrl":"https:\/\/valika.eu\/wp-content\/uploads\/2025\/01\/7563.jpg","width":1500,"height":1500},{"@type":"BreadcrumbList","@id":"https:\/\/valika.eu\/fi\/toode\/claresa-blur-super-powder-beige-siluv-pulber-12g\/#breadcrumb","itemListElement":[{"@type":"ListItem","position":1,"name":"Koti","item":"https:\/\/valika.eu\/fi\/"},{"@type":"ListItem","position":2,"name":"Shop","item":"https:\/\/valika.eu\/fi\/"},{"@type":"ListItem","position":3,"name":"CLARESA BLUR SUPER POW(D)ER! BEIGE smoothing loose powder 12g"}]},{"@type":"WebSite","@id":"https:\/\/valika.eu\/fi\/#website","url":"https:\/\/valika.eu\/fi\/","name":"Valika.eu","description":"Salonkituotteet ja kauneudenhoitotuotteet - Valika tarjoaa laajan valikoiman tuotteita ja tarvikkeita kynsiteknikoille, kauneushoitoloille, kampaamoille ja kampaamoille.","publisher":{"@id":"https:\/\/valika.eu\/fi\/#organization"},"alternateName":"Valika","potentialAction":[{"@type":"SearchAction","target":{"@type":"EntryPoint","urlTemplate":"https:\/\/valika.eu\/fi\/?s={search_term_string}"},"query-input":{"@type":"PropertyValueSpecification","valueRequired":true,"valueName":"search_term_string"}}],"inLanguage":"fi"},{"@type":"Organization","@id":"https:\/\/valika.eu\/fi\/#organization","name":"Salongitoode O\u00dc","alternateName":"Valika","url":"https:\/\/valika.eu\/fi\/","logo":{"@type":"ImageObject","inLanguage":"fi","@id":"https:\/\/valika.eu\/fi\/#\/schema\/logo\/image\/","url":"https:\/\/valika.eu\/wp-content\/uploads\/2023\/11\/logo2-valika-footer.png","contentUrl":"https:\/\/valika.eu\/wp-content\/uploads\/2023\/11\/logo2-valika-footer.png","width":200,"height":129,"caption":"Salongitoode O\u00dc"},"image":{"@id":"https:\/\/valika.eu\/fi\/#\/schema\/logo\/image\/"},"sameAs":["https:\/\/www.facebook.com\/tipsi.net"]}]}},"jetpack_sharing_enabled":true,"_links":{"self":[{"href":"https:\/\/valika.eu\/fi\/wp-json\/wp\/v2\/product\/11944","targetHints":{"allow":["GET"]}}],"collection":[{"href":"https:\/\/valika.eu\/fi\/wp-json\/wp\/v2\/product"}],"about":[{"href":"https:\/\/valika.eu\/fi\/wp-json\/wp\/v2\/types\/product"}],"wp:featuredmedia":[{"embeddable":true,"href":"https:\/\/valika.eu\/fi\/wp-json\/wp\/v2\/media\/11943"}],"wp:attachment":[{"href":"https:\/\/valika.eu\/fi\/wp-json\/wp\/v2\/media?parent=11944"}],"wp:term":[{"taxonomy":"product_brand","embeddable":true,"href":"https:\/\/valika.eu\/fi\/wp-json\/wp\/v2\/product_brand?post=11944"},{"taxonomy":"product_cat","embeddable":true,"href":"https:\/\/valika.eu\/fi\/wp-json\/wp\/v2\/product_cat?post=11944"},{"taxonomy":"product_tag","embeddable":true,"href":"https:\/\/valika.eu\/fi\/wp-json\/wp\/v2\/product_tag?post=11944"}],"curies":[{"name":"wp","href":"https:\/\/api.w.org\/{rel}","templated":true}]}}