{"id":11954,"date":"2025-01-09T07:20:19","date_gmt":"2025-01-09T05:20:19","guid":{"rendered":"https:\/\/valika.eu\/toode\/claresa-silmaalune-puuder-feel-the-powder-02-beez-6g\/"},"modified":"2025-07-02T05:01:20","modified_gmt":"2025-07-02T02:01:20","slug":"claresa-silmaalune-puuder-feel-the-powder-02-beez-6g","status":"publish","type":"product","link":"https:\/\/valika.eu\/fi\/toode\/claresa-silmaalune-puuder-feel-the-powder-02-beez-6g\/","title":{"rendered":"Claresa silm\u00e4naluspohja FEEL THE POW(D)ER! 02 Beige 6g"},"content":{"rendered":"<p>TUNNE PUUTERI(N) VOIMA! VALOA HEIJASTAVA SILM\u00c4NYMP\u00c4RYSALUEEN PUUTERI<\/p>\n<p>Irtopuuteri silm\u00e4nymp\u00e4rysalueelle valoa heijastavilla hiukkasilla<\/p>\n<p>Tunne mikroskooppisten, valoa heijastavien hiukkasten voima, jotka hienovaraisesti valaisevat ihoa silmien alla ja peitt\u00e4v\u00e4t optisesti hienojen juonteiden esiintymisen ilman raskasta vaikutusta. VALOA HEIJASTAVA SILM\u00c4NYMP\u00c4RYSALUEEN PUUTERI on ultrakevyt, beige puuteri, joka antaa raikkaan, s\u00e4teilev\u00e4n ilmeen herk\u00e4lle iholle silmien alla. Kiinnit\u00e4 meikkisi ja nauti sen virheett\u00f6m\u00e4st\u00e4 ulkon\u00e4\u00f6st\u00e4 pitk\u00e4\u00e4n.<\/p>\n<p>HAUSKA FAKTA<\/p>\n<p>Koostumuksen pii tasoittaa optisesti ihoa ja antaa &#8220;pehme\u00e4n tarkennuksen&#8221; vaikutuksen. Koostumus on rikas makadamia\u00f6ljyst\u00e4, joka kosteuttaa ja uudistaa ihoa intensiivisesti ja omaa ik\u00e4\u00e4ntymist\u00e4 est\u00e4vi\u00e4 ominaisuuksia.<\/p>\n<p>K\u00c4YTT\u00d6<\/p>\n<p>Levit\u00e4 puuteri pehme\u00e4ll\u00e4 siveltimell\u00e4 tai vipalla.<\/p>\n<p>MEIKKITAITEILIJAN VINKKI<\/p>\n<p>Puuteroi peitevoide silmien alla ja nauti optisesti tasoitetusta ja valaistusta ihosta. Levit\u00e4 puuteria my\u00f6s otsan keskelle, kulmakarvojen korkeimman kohdan yl\u00e4- ja alapuolelle, nen\u00e4nvarteen, amorinkaarelle ja leualle muotoillaksesi kasvoja valolla.<\/p>","protected":false},"excerpt":{"rendered":"<p>TUNNE PUUTERI(N) VOIMA! VALOA HEIJASTAVA SILM\u00c4NYMP\u00c4RYSALUEEN PUUTERI Irtopuuteri silm\u00e4nymp\u00e4rysalueelle valoa heijastavilla hiukkasilla Tunne mikroskooppisten, valoa heijastavien hiukkasten voima, jotka hienovaraisesti<\/p>\n","protected":false},"featured_media":11953,"template":"","meta":[],"product_brand":[],"product_cat":[690],"product_tag":[],"class_list":{"0":"post-11954","1":"product","2":"type-product","3":"status-publish","4":"has-post-thumbnail","6":"product_cat-loose-powder-under-the-eyes","8":"first","9":"instock","10":"taxable","11":"shipping-taxable","12":"purchasable","13":"product-type-simple"},"yoast_head":"<!-- This site is optimized with the Yoast SEO plugin v24.4 - https:\/\/yoast.com\/wordpress\/plugins\/seo\/ -->\n<title>Claresa silm\u00e4naluspohja FEEL THE POW(D)ER! 02 Beige 6g | Valika<\/title>\n<meta name=\"robots\" content=\"index, follow, max-snippet:-1, max-image-preview:large, max-video-preview:-1\" \/>\n<link rel=\"canonical\" href=\"https:\/\/valika.eu\/fi\/toode\/claresa-silmaalune-puuder-feel-the-powder-02-beez-6g\/\" \/>\n<meta property=\"og:locale\" content=\"fi_FI\" \/>\n<meta property=\"og:type\" content=\"article\" \/>\n<meta property=\"og:title\" content=\"Claresa silm\u00e4naluspohja FEEL THE POW(D)ER! 02 Beige 6g | Valika\" \/>\n<meta property=\"og:description\" content=\"TUNNE PUUTERI(N) VOIMA! VALOA HEIJASTAVA SILM\u00c4NYMP\u00c4RYSALUEEN PUUTERI Irtopuuteri silm\u00e4nymp\u00e4rysalueelle valoa heijastavilla hiukkasilla Tunne mikroskooppisten, valoa heijastavien hiukkasten voima, jotka hienovaraisesti\" \/>\n<meta property=\"og:url\" content=\"https:\/\/valika.eu\/fi\/toode\/claresa-silmaalune-puuder-feel-the-powder-02-beez-6g\/\" \/>\n<meta property=\"og:site_name\" content=\"Valika\" \/>\n<meta property=\"article:publisher\" content=\"https:\/\/www.facebook.com\/tipsi.net\" \/>\n<meta property=\"article:modified_time\" content=\"2025-07-02T02:01:20+00:00\" \/>\n<meta property=\"og:image\" content=\"https:\/\/valika.eu\/wp-content\/uploads\/2025\/01\/3389.jpg\" \/>\n\t<meta property=\"og:image:width\" content=\"1500\" \/>\n\t<meta property=\"og:image:height\" content=\"1500\" \/>\n\t<meta property=\"og:image:type\" content=\"image\/jpeg\" \/>\n<meta name=\"twitter:card\" content=\"summary_large_image\" \/>\n<script type=\"application\/ld+json\" class=\"yoast-schema-graph\">{\"@context\":\"https:\/\/schema.org\",\"@graph\":[{\"@type\":\"WebPage\",\"@id\":\"https:\/\/valika.eu\/fi\/toode\/claresa-silmaalune-puuder-feel-the-powder-02-beez-6g\/\",\"url\":\"https:\/\/valika.eu\/fi\/toode\/claresa-silmaalune-puuder-feel-the-powder-02-beez-6g\/\",\"name\":\"Claresa silm\u00e4naluspohja FEEL THE POW(D)ER! 02 Beige 6g | Valika\",\"isPartOf\":{\"@id\":\"https:\/\/valika.eu\/fi\/#website\"},\"primaryImageOfPage\":{\"@id\":\"https:\/\/valika.eu\/fi\/toode\/claresa-silmaalune-puuder-feel-the-powder-02-beez-6g\/#primaryimage\"},\"image\":{\"@id\":\"https:\/\/valika.eu\/toode\/claresa-silmaalune-puuder-feel-the-powder-02-beez-6g\/#primaryimage\"},\"thumbnailUrl\":\"https:\/\/valika.eu\/wp-content\/uploads\/2025\/01\/3389.jpg\",\"datePublished\":\"2025-01-09T05:20:19+00:00\",\"dateModified\":\"2025-07-02T02:01:20+00:00\",\"breadcrumb\":{\"@id\":\"https:\/\/valika.eu\/fi\/toode\/claresa-silmaalune-puuder-feel-the-powder-02-beez-6g\/#breadcrumb\"},\"inLanguage\":\"fi\",\"potentialAction\":[{\"@type\":\"ReadAction\",\"target\":[[\"https:\/\/valika.eu\/fi\/toode\/claresa-silmaalune-puuder-feel-the-powder-02-beez-6g\/\"]]}]},{\"@type\":\"ImageObject\",\"inLanguage\":\"fi\",\"@id\":\"https:\/\/valika.eu\/fi\/toode\/claresa-silmaalune-puuder-feel-the-powder-02-beez-6g\/#primaryimage\",\"url\":\"https:\/\/valika.eu\/wp-content\/uploads\/2025\/01\/3389.jpg\",\"contentUrl\":\"https:\/\/valika.eu\/wp-content\/uploads\/2025\/01\/3389.jpg\",\"width\":1500,\"height\":1500},{\"@type\":\"BreadcrumbList\",\"@id\":\"https:\/\/valika.eu\/fi\/toode\/claresa-silmaalune-puuder-feel-the-powder-02-beez-6g\/#breadcrumb\",\"itemListElement\":[{\"@type\":\"ListItem\",\"position\":1,\"name\":\"Koti\",\"item\":\"https:\/\/valika.eu\/fi\/\"},{\"@type\":\"ListItem\",\"position\":2,\"name\":\"Shop\",\"item\":\"https:\/\/valika.eu\/fi\/\"},{\"@type\":\"ListItem\",\"position\":3,\"name\":\"Claresa under-eye powder FEEL THE POW(D)ER! 02 Beige 6g\"}]},{\"@type\":\"WebSite\",\"@id\":\"https:\/\/valika.eu\/fi\/#website\",\"url\":\"https:\/\/valika.eu\/fi\/\",\"name\":\"Valika.eu\",\"description\":\"Salonkituotteet ja kauneudenhoitotuotteet - Valika tarjoaa laajan valikoiman tuotteita ja tarvikkeita kynsiteknikoille, kauneushoitoloille, kampaamoille ja kampaamoille.\",\"publisher\":{\"@id\":\"https:\/\/valika.eu\/fi\/#organization\"},\"alternateName\":\"Valika\",\"potentialAction\":[{\"@type\":\"SearchAction\",\"target\":{\"@type\":\"EntryPoint\",\"urlTemplate\":\"https:\/\/valika.eu\/fi\/?s={search_term_string}\"},\"query-input\":{\"@type\":\"PropertyValueSpecification\",\"valueRequired\":true,\"valueName\":\"search_term_string\"}}],\"inLanguage\":\"fi\"},{\"@type\":\"Organization\",\"@id\":\"https:\/\/valika.eu\/fi\/#organization\",\"name\":\"Salongitoode O\u00dc\",\"alternateName\":\"Valika\",\"url\":\"https:\/\/valika.eu\/fi\/\",\"logo\":{\"@type\":\"ImageObject\",\"inLanguage\":\"fi\",\"@id\":\"https:\/\/valika.eu\/fi\/#\/schema\/logo\/image\/\",\"url\":\"https:\/\/valika.eu\/wp-content\/uploads\/2023\/11\/logo2-valika-footer.png\",\"contentUrl\":\"https:\/\/valika.eu\/wp-content\/uploads\/2023\/11\/logo2-valika-footer.png\",\"width\":200,\"height\":129,\"caption\":\"Salongitoode O\u00dc\"},\"image\":{\"@id\":\"https:\/\/valika.eu\/fi\/#\/schema\/logo\/image\/\"},\"sameAs\":[\"https:\/\/www.facebook.com\/tipsi.net\"]}]}<\/script>\n<!-- \/ Yoast SEO plugin. -->","yoast_head_json":{"title":"Claresa silm\u00e4naluspohja FEEL THE POW(D)ER! 02 Beige 6g | Valika","robots":{"index":"index","follow":"follow","max-snippet":"max-snippet:-1","max-image-preview":"max-image-preview:large","max-video-preview":"max-video-preview:-1"},"canonical":"https:\/\/valika.eu\/fi\/toode\/claresa-silmaalune-puuder-feel-the-powder-02-beez-6g\/","og_locale":"fi_FI","og_type":"article","og_title":"Claresa silm\u00e4naluspohja FEEL THE POW(D)ER! 02 Beige 6g | Valika","og_description":"TUNNE PUUTERI(N) VOIMA! VALOA HEIJASTAVA SILM\u00c4NYMP\u00c4RYSALUEEN PUUTERI Irtopuuteri silm\u00e4nymp\u00e4rysalueelle valoa heijastavilla hiukkasilla Tunne mikroskooppisten, valoa heijastavien hiukkasten voima, jotka hienovaraisesti","og_url":"https:\/\/valika.eu\/fi\/toode\/claresa-silmaalune-puuder-feel-the-powder-02-beez-6g\/","og_site_name":"Valika","article_publisher":"https:\/\/www.facebook.com\/tipsi.net","article_modified_time":"2025-07-02T02:01:20+00:00","og_image":[{"width":1500,"height":1500,"url":"https:\/\/valika.eu\/wp-content\/uploads\/2025\/01\/3389.jpg","type":"image\/jpeg"}],"twitter_card":"summary_large_image","schema":{"@context":"https:\/\/schema.org","@graph":[{"@type":"WebPage","@id":"https:\/\/valika.eu\/fi\/toode\/claresa-silmaalune-puuder-feel-the-powder-02-beez-6g\/","url":"https:\/\/valika.eu\/fi\/toode\/claresa-silmaalune-puuder-feel-the-powder-02-beez-6g\/","name":"Claresa silm\u00e4naluspohja FEEL THE POW(D)ER! 02 Beige 6g | Valika","isPartOf":{"@id":"https:\/\/valika.eu\/fi\/#website"},"primaryImageOfPage":{"@id":"https:\/\/valika.eu\/fi\/toode\/claresa-silmaalune-puuder-feel-the-powder-02-beez-6g\/#primaryimage"},"image":{"@id":"https:\/\/valika.eu\/toode\/claresa-silmaalune-puuder-feel-the-powder-02-beez-6g\/#primaryimage"},"thumbnailUrl":"https:\/\/valika.eu\/wp-content\/uploads\/2025\/01\/3389.jpg","datePublished":"2025-01-09T05:20:19+00:00","dateModified":"2025-07-02T02:01:20+00:00","breadcrumb":{"@id":"https:\/\/valika.eu\/fi\/toode\/claresa-silmaalune-puuder-feel-the-powder-02-beez-6g\/#breadcrumb"},"inLanguage":"fi","potentialAction":[{"@type":"ReadAction","target":[["https:\/\/valika.eu\/fi\/toode\/claresa-silmaalune-puuder-feel-the-powder-02-beez-6g\/"]]}]},{"@type":"ImageObject","inLanguage":"fi","@id":"https:\/\/valika.eu\/fi\/toode\/claresa-silmaalune-puuder-feel-the-powder-02-beez-6g\/#primaryimage","url":"https:\/\/valika.eu\/wp-content\/uploads\/2025\/01\/3389.jpg","contentUrl":"https:\/\/valika.eu\/wp-content\/uploads\/2025\/01\/3389.jpg","width":1500,"height":1500},{"@type":"BreadcrumbList","@id":"https:\/\/valika.eu\/fi\/toode\/claresa-silmaalune-puuder-feel-the-powder-02-beez-6g\/#breadcrumb","itemListElement":[{"@type":"ListItem","position":1,"name":"Koti","item":"https:\/\/valika.eu\/fi\/"},{"@type":"ListItem","position":2,"name":"Shop","item":"https:\/\/valika.eu\/fi\/"},{"@type":"ListItem","position":3,"name":"Claresa under-eye powder FEEL THE POW(D)ER! 02 Beige 6g"}]},{"@type":"WebSite","@id":"https:\/\/valika.eu\/fi\/#website","url":"https:\/\/valika.eu\/fi\/","name":"Valika.eu","description":"Salonkituotteet ja kauneudenhoitotuotteet - Valika tarjoaa laajan valikoiman tuotteita ja tarvikkeita kynsiteknikoille, kauneushoitoloille, kampaamoille ja kampaamoille.","publisher":{"@id":"https:\/\/valika.eu\/fi\/#organization"},"alternateName":"Valika","potentialAction":[{"@type":"SearchAction","target":{"@type":"EntryPoint","urlTemplate":"https:\/\/valika.eu\/fi\/?s={search_term_string}"},"query-input":{"@type":"PropertyValueSpecification","valueRequired":true,"valueName":"search_term_string"}}],"inLanguage":"fi"},{"@type":"Organization","@id":"https:\/\/valika.eu\/fi\/#organization","name":"Salongitoode O\u00dc","alternateName":"Valika","url":"https:\/\/valika.eu\/fi\/","logo":{"@type":"ImageObject","inLanguage":"fi","@id":"https:\/\/valika.eu\/fi\/#\/schema\/logo\/image\/","url":"https:\/\/valika.eu\/wp-content\/uploads\/2023\/11\/logo2-valika-footer.png","contentUrl":"https:\/\/valika.eu\/wp-content\/uploads\/2023\/11\/logo2-valika-footer.png","width":200,"height":129,"caption":"Salongitoode O\u00dc"},"image":{"@id":"https:\/\/valika.eu\/fi\/#\/schema\/logo\/image\/"},"sameAs":["https:\/\/www.facebook.com\/tipsi.net"]}]}},"jetpack_sharing_enabled":true,"_links":{"self":[{"href":"https:\/\/valika.eu\/fi\/wp-json\/wp\/v2\/product\/11954","targetHints":{"allow":["GET"]}}],"collection":[{"href":"https:\/\/valika.eu\/fi\/wp-json\/wp\/v2\/product"}],"about":[{"href":"https:\/\/valika.eu\/fi\/wp-json\/wp\/v2\/types\/product"}],"wp:featuredmedia":[{"embeddable":true,"href":"https:\/\/valika.eu\/fi\/wp-json\/wp\/v2\/media\/11953"}],"wp:attachment":[{"href":"https:\/\/valika.eu\/fi\/wp-json\/wp\/v2\/media?parent=11954"}],"wp:term":[{"taxonomy":"product_brand","embeddable":true,"href":"https:\/\/valika.eu\/fi\/wp-json\/wp\/v2\/product_brand?post=11954"},{"taxonomy":"product_cat","embeddable":true,"href":"https:\/\/valika.eu\/fi\/wp-json\/wp\/v2\/product_cat?post=11954"},{"taxonomy":"product_tag","embeddable":true,"href":"https:\/\/valika.eu\/fi\/wp-json\/wp\/v2\/product_tag?post=11954"}],"curies":[{"name":"wp","href":"https:\/\/api.w.org\/{rel}","templated":true}]}}