{"id":1197,"date":"2024-09-30T17:50:13","date_gmt":"2024-09-30T14:50:13","guid":{"rendered":"https:\/\/valika.eu\/?post_type=product&#038;p=1197"},"modified":"2026-01-06T12:14:44","modified_gmt":"2026-01-06T10:14:44","slug":"tootool-seljatoega-dali","status":"publish","type":"product","link":"https:\/\/valika.eu\/fi\/toode\/tootool-seljatoega-dali\/","title":{"rendered":"Mestarin tuoli &#8220;Dali&#8221; 43-58cm"},"content":{"rendered":"<p>K\u00e4yt\u00e4nn\u00f6llinen ja mukava mestarin tuoli kromijalustalla selk\u00e4nojalla. Sy\u00f6tt\u00f6tuoli on varustettu korkealla kaasunostimella, jonka avulla voit nostaa sy\u00f6tt\u00f6tuolin mukavalle korkeudelle. Hiljainen py\u00f6r\u00e4n k\u00e4ynti.<\/p>\n<p>&#8211; selk\u00e4nojalla;<\/p>\n<p>&#8211; pneumaattinen nosto (kaasunostin);<\/p>\n<p>&#8211; viiden pisteen kromijalusta;<\/p>\n<p>&#8211; keinonahkaverhoilu (nahka);<\/p>\n<p>&#8211; verhoilun v\u00e4ri: valkoinen , musta<\/p>\n<p>Kokonaismitat: 46\u044541\u00a0 \u00a0\u00a0 43-58cmh<\/p>","protected":false},"excerpt":{"rendered":"<p>Kokonaismitat: 46\u044541\u044549~62h<\/p>\n","protected":false},"featured_media":1198,"template":"","meta":[],"product_brand":[],"product_cat":[24,356],"product_tag":[],"class_list":{"0":"post-1197","1":"product","2":"type-product","3":"status-publish","4":"has-post-thumbnail","6":"product_cat-ilusalongimoobel","7":"product_cat-meistritoolid","9":"first","10":"instock","11":"taxable","12":"shipping-taxable","13":"purchasable","14":"product-type-simple"},"yoast_head":"<!-- This site is optimized with the Yoast SEO plugin v24.4 - https:\/\/yoast.com\/wordpress\/plugins\/seo\/ -->\n<title>Mestarin tuoli &quot;Dali&quot; 43-58cm | Valika<\/title>\n<meta name=\"description\" content=\"Kosmeetiku v\u00f5i manik\u00fc\u00fcrija t\u00f6\u00f6tool fikseeritud seljatoega.Reguleeritav k\u00f5rgus 49-62cmValget v\u00e4rviiste 45cm lai\" \/>\n<meta name=\"robots\" content=\"index, follow, max-snippet:-1, max-image-preview:large, max-video-preview:-1\" \/>\n<link rel=\"canonical\" href=\"https:\/\/valika.eu\/fi\/toode\/tootool-seljatoega-dali\/\" \/>\n<meta property=\"og:locale\" content=\"fi_FI\" \/>\n<meta property=\"og:type\" content=\"article\" \/>\n<meta property=\"og:title\" content=\"Mestarin tuoli &quot;Dali&quot; 43-58cm | Valika\" \/>\n<meta property=\"og:description\" content=\"Kosmeetiku v\u00f5i manik\u00fc\u00fcrija t\u00f6\u00f6tool fikseeritud seljatoega.Reguleeritav k\u00f5rgus 49-62cmValget v\u00e4rviiste 45cm lai\" \/>\n<meta property=\"og:url\" content=\"https:\/\/valika.eu\/fi\/toode\/tootool-seljatoega-dali\/\" \/>\n<meta property=\"og:site_name\" content=\"Valika\" \/>\n<meta property=\"article:publisher\" content=\"https:\/\/www.facebook.com\/tipsi.net\" \/>\n<meta property=\"article:modified_time\" content=\"2026-01-06T10:14:44+00:00\" \/>\n<meta property=\"og:image\" content=\"https:\/\/valika.eu\/wp-content\/uploads\/2024\/09\/408234277_w800_h640_2222.jpg\" \/>\n\t<meta property=\"og:image:width\" content=\"600\" \/>\n\t<meta property=\"og:image:height\" content=\"859\" \/>\n\t<meta property=\"og:image:type\" content=\"image\/jpeg\" \/>\n<meta name=\"twitter:card\" content=\"summary_large_image\" \/>\n<script type=\"application\/ld+json\" class=\"yoast-schema-graph\">{\"@context\":\"https:\/\/schema.org\",\"@graph\":[{\"@type\":\"WebPage\",\"@id\":\"https:\/\/valika.eu\/fi\/toode\/tootool-seljatoega-dali\/\",\"url\":\"https:\/\/valika.eu\/fi\/toode\/tootool-seljatoega-dali\/\",\"name\":\"Mestarin tuoli \\\"Dali\\\" 43-58cm | Valika\",\"isPartOf\":{\"@id\":\"https:\/\/valika.eu\/fi\/#website\"},\"primaryImageOfPage\":{\"@id\":\"https:\/\/valika.eu\/fi\/toode\/tootool-seljatoega-dali\/#primaryimage\"},\"image\":{\"@id\":\"https:\/\/valika.eu\/toode\/tootool-seljatoega-dali\/#primaryimage\"},\"thumbnailUrl\":\"https:\/\/valika.eu\/wp-content\/uploads\/2024\/09\/408234277_w800_h640_2222.jpg\",\"datePublished\":\"2024-09-30T14:50:13+00:00\",\"dateModified\":\"2026-01-06T10:14:44+00:00\",\"description\":\"Kosmeetiku v\u00f5i manik\u00fc\u00fcrija t\u00f6\u00f6tool fikseeritud seljatoega.Reguleeritav k\u00f5rgus 49-62cmValget v\u00e4rviiste 45cm lai\",\"breadcrumb\":{\"@id\":\"https:\/\/valika.eu\/fi\/toode\/tootool-seljatoega-dali\/#breadcrumb\"},\"inLanguage\":\"fi\",\"potentialAction\":[{\"@type\":\"ReadAction\",\"target\":[[\"https:\/\/valika.eu\/fi\/toode\/tootool-seljatoega-dali\/\"]]}]},{\"@type\":\"ImageObject\",\"inLanguage\":\"fi\",\"@id\":\"https:\/\/valika.eu\/fi\/toode\/tootool-seljatoega-dali\/#primaryimage\",\"url\":\"https:\/\/valika.eu\/wp-content\/uploads\/2024\/09\/408234277_w800_h640_2222.jpg\",\"contentUrl\":\"https:\/\/valika.eu\/wp-content\/uploads\/2024\/09\/408234277_w800_h640_2222.jpg\",\"width\":600,\"height\":859},{\"@type\":\"BreadcrumbList\",\"@id\":\"https:\/\/valika.eu\/fi\/toode\/tootool-seljatoega-dali\/#breadcrumb\",\"itemListElement\":[{\"@type\":\"ListItem\",\"position\":1,\"name\":\"Koti\",\"item\":\"https:\/\/valika.eu\/fi\/\"},{\"@type\":\"ListItem\",\"position\":2,\"name\":\"Shop\",\"item\":\"https:\/\/valika.eu\/fi\/\"},{\"@type\":\"ListItem\",\"position\":3,\"name\":\"T\u00f6\u00f6tool seljatoega ,,Dali,, 43-58cm\"}]},{\"@type\":\"WebSite\",\"@id\":\"https:\/\/valika.eu\/fi\/#website\",\"url\":\"https:\/\/valika.eu\/fi\/\",\"name\":\"Valika.eu\",\"description\":\"Salonkituotteet ja kauneudenhoitotuotteet - Valika tarjoaa laajan valikoiman tuotteita ja tarvikkeita kynsiteknikoille, kauneushoitoloille, kampaamoille ja kampaamoille.\",\"publisher\":{\"@id\":\"https:\/\/valika.eu\/fi\/#organization\"},\"alternateName\":\"Valika\",\"potentialAction\":[{\"@type\":\"SearchAction\",\"target\":{\"@type\":\"EntryPoint\",\"urlTemplate\":\"https:\/\/valika.eu\/fi\/?s={search_term_string}\"},\"query-input\":{\"@type\":\"PropertyValueSpecification\",\"valueRequired\":true,\"valueName\":\"search_term_string\"}}],\"inLanguage\":\"fi\"},{\"@type\":\"Organization\",\"@id\":\"https:\/\/valika.eu\/fi\/#organization\",\"name\":\"Salongitoode O\u00dc\",\"alternateName\":\"Valika\",\"url\":\"https:\/\/valika.eu\/fi\/\",\"logo\":{\"@type\":\"ImageObject\",\"inLanguage\":\"fi\",\"@id\":\"https:\/\/valika.eu\/fi\/#\/schema\/logo\/image\/\",\"url\":\"https:\/\/valika.eu\/wp-content\/uploads\/2023\/11\/logo2-valika-footer.png\",\"contentUrl\":\"https:\/\/valika.eu\/wp-content\/uploads\/2023\/11\/logo2-valika-footer.png\",\"width\":200,\"height\":129,\"caption\":\"Salongitoode O\u00dc\"},\"image\":{\"@id\":\"https:\/\/valika.eu\/fi\/#\/schema\/logo\/image\/\"},\"sameAs\":[\"https:\/\/www.facebook.com\/tipsi.net\"]}]}<\/script>\n<!-- \/ Yoast SEO plugin. -->","yoast_head_json":{"title":"Mestarin tuoli \"Dali\" 43-58cm | Valika","description":"Kosmeetiku v\u00f5i manik\u00fc\u00fcrija t\u00f6\u00f6tool fikseeritud seljatoega.Reguleeritav k\u00f5rgus 49-62cmValget v\u00e4rviiste 45cm lai","robots":{"index":"index","follow":"follow","max-snippet":"max-snippet:-1","max-image-preview":"max-image-preview:large","max-video-preview":"max-video-preview:-1"},"canonical":"https:\/\/valika.eu\/fi\/toode\/tootool-seljatoega-dali\/","og_locale":"fi_FI","og_type":"article","og_title":"Mestarin tuoli \"Dali\" 43-58cm | Valika","og_description":"Kosmeetiku v\u00f5i manik\u00fc\u00fcrija t\u00f6\u00f6tool fikseeritud seljatoega.Reguleeritav k\u00f5rgus 49-62cmValget v\u00e4rviiste 45cm lai","og_url":"https:\/\/valika.eu\/fi\/toode\/tootool-seljatoega-dali\/","og_site_name":"Valika","article_publisher":"https:\/\/www.facebook.com\/tipsi.net","article_modified_time":"2026-01-06T10:14:44+00:00","og_image":[{"width":600,"height":859,"url":"https:\/\/valika.eu\/wp-content\/uploads\/2024\/09\/408234277_w800_h640_2222.jpg","type":"image\/jpeg"}],"twitter_card":"summary_large_image","schema":{"@context":"https:\/\/schema.org","@graph":[{"@type":"WebPage","@id":"https:\/\/valika.eu\/fi\/toode\/tootool-seljatoega-dali\/","url":"https:\/\/valika.eu\/fi\/toode\/tootool-seljatoega-dali\/","name":"Mestarin tuoli \"Dali\" 43-58cm | Valika","isPartOf":{"@id":"https:\/\/valika.eu\/fi\/#website"},"primaryImageOfPage":{"@id":"https:\/\/valika.eu\/fi\/toode\/tootool-seljatoega-dali\/#primaryimage"},"image":{"@id":"https:\/\/valika.eu\/toode\/tootool-seljatoega-dali\/#primaryimage"},"thumbnailUrl":"https:\/\/valika.eu\/wp-content\/uploads\/2024\/09\/408234277_w800_h640_2222.jpg","datePublished":"2024-09-30T14:50:13+00:00","dateModified":"2026-01-06T10:14:44+00:00","description":"Kosmeetiku v\u00f5i manik\u00fc\u00fcrija t\u00f6\u00f6tool fikseeritud seljatoega.Reguleeritav k\u00f5rgus 49-62cmValget v\u00e4rviiste 45cm lai","breadcrumb":{"@id":"https:\/\/valika.eu\/fi\/toode\/tootool-seljatoega-dali\/#breadcrumb"},"inLanguage":"fi","potentialAction":[{"@type":"ReadAction","target":[["https:\/\/valika.eu\/fi\/toode\/tootool-seljatoega-dali\/"]]}]},{"@type":"ImageObject","inLanguage":"fi","@id":"https:\/\/valika.eu\/fi\/toode\/tootool-seljatoega-dali\/#primaryimage","url":"https:\/\/valika.eu\/wp-content\/uploads\/2024\/09\/408234277_w800_h640_2222.jpg","contentUrl":"https:\/\/valika.eu\/wp-content\/uploads\/2024\/09\/408234277_w800_h640_2222.jpg","width":600,"height":859},{"@type":"BreadcrumbList","@id":"https:\/\/valika.eu\/fi\/toode\/tootool-seljatoega-dali\/#breadcrumb","itemListElement":[{"@type":"ListItem","position":1,"name":"Koti","item":"https:\/\/valika.eu\/fi\/"},{"@type":"ListItem","position":2,"name":"Shop","item":"https:\/\/valika.eu\/fi\/"},{"@type":"ListItem","position":3,"name":"T\u00f6\u00f6tool seljatoega ,,Dali,, 43-58cm"}]},{"@type":"WebSite","@id":"https:\/\/valika.eu\/fi\/#website","url":"https:\/\/valika.eu\/fi\/","name":"Valika.eu","description":"Salonkituotteet ja kauneudenhoitotuotteet - Valika tarjoaa laajan valikoiman tuotteita ja tarvikkeita kynsiteknikoille, kauneushoitoloille, kampaamoille ja kampaamoille.","publisher":{"@id":"https:\/\/valika.eu\/fi\/#organization"},"alternateName":"Valika","potentialAction":[{"@type":"SearchAction","target":{"@type":"EntryPoint","urlTemplate":"https:\/\/valika.eu\/fi\/?s={search_term_string}"},"query-input":{"@type":"PropertyValueSpecification","valueRequired":true,"valueName":"search_term_string"}}],"inLanguage":"fi"},{"@type":"Organization","@id":"https:\/\/valika.eu\/fi\/#organization","name":"Salongitoode O\u00dc","alternateName":"Valika","url":"https:\/\/valika.eu\/fi\/","logo":{"@type":"ImageObject","inLanguage":"fi","@id":"https:\/\/valika.eu\/fi\/#\/schema\/logo\/image\/","url":"https:\/\/valika.eu\/wp-content\/uploads\/2023\/11\/logo2-valika-footer.png","contentUrl":"https:\/\/valika.eu\/wp-content\/uploads\/2023\/11\/logo2-valika-footer.png","width":200,"height":129,"caption":"Salongitoode O\u00dc"},"image":{"@id":"https:\/\/valika.eu\/fi\/#\/schema\/logo\/image\/"},"sameAs":["https:\/\/www.facebook.com\/tipsi.net"]}]}},"jetpack_sharing_enabled":true,"_links":{"self":[{"href":"https:\/\/valika.eu\/fi\/wp-json\/wp\/v2\/product\/1197","targetHints":{"allow":["GET"]}}],"collection":[{"href":"https:\/\/valika.eu\/fi\/wp-json\/wp\/v2\/product"}],"about":[{"href":"https:\/\/valika.eu\/fi\/wp-json\/wp\/v2\/types\/product"}],"wp:featuredmedia":[{"embeddable":true,"href":"https:\/\/valika.eu\/fi\/wp-json\/wp\/v2\/media\/1198"}],"wp:attachment":[{"href":"https:\/\/valika.eu\/fi\/wp-json\/wp\/v2\/media?parent=1197"}],"wp:term":[{"taxonomy":"product_brand","embeddable":true,"href":"https:\/\/valika.eu\/fi\/wp-json\/wp\/v2\/product_brand?post=1197"},{"taxonomy":"product_cat","embeddable":true,"href":"https:\/\/valika.eu\/fi\/wp-json\/wp\/v2\/product_cat?post=1197"},{"taxonomy":"product_tag","embeddable":true,"href":"https:\/\/valika.eu\/fi\/wp-json\/wp\/v2\/product_tag?post=1197"}],"curies":[{"name":"wp","href":"https:\/\/api.w.org\/{rel}","templated":true}]}}