{"id":11974,"date":"2025-01-09T07:20:42","date_gmt":"2025-01-09T05:20:42","guid":{"rendered":"https:\/\/valika.eu\/toode\/claresa-posepuna-cheeks-tricks-02-wonder-4g\/"},"modified":"2025-07-02T05:01:20","modified_gmt":"2025-07-02T02:01:20","slug":"claresa-posepuna-cheeks-tricks-02-wonder-4g","status":"publish","type":"product","link":"https:\/\/valika.eu\/fi\/toode\/claresa-posepuna-cheeks-tricks-02-wonder-4g\/","title":{"rendered":"Claresa poskipuna CHEEKS TRICKS 02 WONDER 4g"},"content":{"rendered":"<p><strong>Puuterimainen poskipuna<\/strong><\/p>\n<p>Luo t\u00e4ydellinen, hallittu puna poskillesi! <strong>CHEEKS TRICKS<\/strong> -poskipunilla ja niiden avulla saavutettavilla kikoilla teet vaikutuksen raikkaalla ja lev\u00e4nneell\u00e4 iholla sek\u00e4 nuorekkaalla, s\u00e4teilev\u00e4ll\u00e4 ilmeell\u00e4. Runsas v\u00e4ripaletti ja erilaiset meikkipinnan efektit, t\u00e4ysmatasta satiiniin ja hienovaraiseen kiiltoon, antavat mahdollisuuden valita t\u00e4ydellinen poskipuna, ja ehk\u00e4p\u00e4 houkuttelevat sinua kokeilemaan draping-tekniikkaa?!<\/p>\n<p><strong>HAUSKA FAKTA:<\/strong><\/p>\n<p>Koostumuksen pii tasoittaa ja mattapintaa ihoa optisesti. Poskipunan ainutlaatuinen koostumus on rikas ainesosista, jotka hoitavat ihoa ja est\u00e4v\u00e4t sen kuivumista.<\/p>\n<p><strong>SOVELLUS<\/strong><\/p>\n<p>Levit\u00e4 poskipuna yl\u00f6sp\u00e4in suuntautuvin siveltimen vedoin. Hymyile ja korosta poskiesi n\u00e4kyvi\u00e4 osia kohti hiusrajaa. H\u00e4ivyt\u00e4 poskipuna luodaksesi t\u00e4ydellisen kolmikon korostusv\u00e4rin ja aurinkopuuterin kanssa.<\/p>\n<p><strong>MEIKKITAITEILIJAN VINKKI<\/strong><\/p>\n<p>Tutustu ja kokeile meikkaustekniikkaa \u2013 DRAPING. K\u00e4yt\u00e4 kahta s\u00e4vy\u00e4 poskipunaa. Levit\u00e4 tummempi s\u00e4vy poskiluun alle ja h\u00e4ivyt\u00e4 se vaaleamman poskipunan kanssa poskiluun p\u00e4\u00e4lle, pyyhk\u00e4ise ohimon yli, otsan korkeimpaan kohtaan, kulmakaaren, leukalinjan ja leuan p\u00e4\u00e4lle.<\/p>\n<p><strong>LOPPUTULOS:<\/strong> Matta<\/p>\n<p>Katso t\u00e4m\u00e4 julkaisu Instagramissa.<\/p>\n<p>Julkaisu, jonka jakoi Claresa (@claresanails)<\/p>","protected":false},"excerpt":{"rendered":"<p>Puuterimainen poskipuna Luo t\u00e4ydellinen, hallittu puna poskillesi! CHEEKS TRICKS -poskipunilla ja niiden avulla saavutettavilla kikoilla teet vaikutuksen raikkaalla ja lev\u00e4nneell\u00e4<\/p>\n","protected":false},"featured_media":11973,"template":"","meta":[],"product_brand":[],"product_cat":[691],"product_tag":[],"class_list":{"0":"post-11974","1":"product","2":"type-product","3":"status-publish","4":"has-post-thumbnail","6":"product_cat-blush","8":"first","9":"instock","10":"taxable","11":"shipping-taxable","12":"purchasable","13":"product-type-simple"},"yoast_head":"<!-- This site is optimized with the Yoast SEO plugin v24.4 - https:\/\/yoast.com\/wordpress\/plugins\/seo\/ -->\n<title>Claresa poskipuna CHEEKS TRICKS 02 WONDER 4g | Valika<\/title>\n<meta name=\"robots\" content=\"index, follow, max-snippet:-1, max-image-preview:large, max-video-preview:-1\" \/>\n<link rel=\"canonical\" href=\"https:\/\/valika.eu\/fi\/toode\/claresa-posepuna-cheeks-tricks-02-wonder-4g\/\" \/>\n<meta property=\"og:locale\" content=\"fi_FI\" \/>\n<meta property=\"og:type\" content=\"article\" \/>\n<meta property=\"og:title\" content=\"Claresa poskipuna CHEEKS TRICKS 02 WONDER 4g | Valika\" \/>\n<meta property=\"og:description\" content=\"Puuterimainen poskipuna Luo t\u00e4ydellinen, hallittu puna poskillesi! CHEEKS TRICKS -poskipunilla ja niiden avulla saavutettavilla kikoilla teet vaikutuksen raikkaalla ja lev\u00e4nneell\u00e4\" \/>\n<meta property=\"og:url\" content=\"https:\/\/valika.eu\/fi\/toode\/claresa-posepuna-cheeks-tricks-02-wonder-4g\/\" \/>\n<meta property=\"og:site_name\" content=\"Valika\" \/>\n<meta property=\"article:publisher\" content=\"https:\/\/www.facebook.com\/tipsi.net\" \/>\n<meta property=\"article:modified_time\" content=\"2025-07-02T02:01:20+00:00\" \/>\n<meta property=\"og:image\" content=\"https:\/\/valika.eu\/wp-content\/uploads\/2025\/01\/3382.jpg\" \/>\n\t<meta property=\"og:image:width\" content=\"1500\" \/>\n\t<meta property=\"og:image:height\" content=\"1500\" \/>\n\t<meta property=\"og:image:type\" content=\"image\/jpeg\" \/>\n<meta name=\"twitter:card\" content=\"summary_large_image\" \/>\n<script type=\"application\/ld+json\" class=\"yoast-schema-graph\">{\"@context\":\"https:\/\/schema.org\",\"@graph\":[{\"@type\":\"WebPage\",\"@id\":\"https:\/\/valika.eu\/fi\/toode\/claresa-posepuna-cheeks-tricks-02-wonder-4g\/\",\"url\":\"https:\/\/valika.eu\/fi\/toode\/claresa-posepuna-cheeks-tricks-02-wonder-4g\/\",\"name\":\"Claresa poskipuna CHEEKS TRICKS 02 WONDER 4g | Valika\",\"isPartOf\":{\"@id\":\"https:\/\/valika.eu\/fi\/#website\"},\"primaryImageOfPage\":{\"@id\":\"https:\/\/valika.eu\/fi\/toode\/claresa-posepuna-cheeks-tricks-02-wonder-4g\/#primaryimage\"},\"image\":{\"@id\":\"https:\/\/valika.eu\/toode\/claresa-posepuna-cheeks-tricks-02-wonder-4g\/#primaryimage\"},\"thumbnailUrl\":\"https:\/\/valika.eu\/wp-content\/uploads\/2025\/01\/3382.jpg\",\"datePublished\":\"2025-01-09T05:20:42+00:00\",\"dateModified\":\"2025-07-02T02:01:20+00:00\",\"breadcrumb\":{\"@id\":\"https:\/\/valika.eu\/fi\/toode\/claresa-posepuna-cheeks-tricks-02-wonder-4g\/#breadcrumb\"},\"inLanguage\":\"fi\",\"potentialAction\":[{\"@type\":\"ReadAction\",\"target\":[[\"https:\/\/valika.eu\/fi\/toode\/claresa-posepuna-cheeks-tricks-02-wonder-4g\/\"]]}]},{\"@type\":\"ImageObject\",\"inLanguage\":\"fi\",\"@id\":\"https:\/\/valika.eu\/fi\/toode\/claresa-posepuna-cheeks-tricks-02-wonder-4g\/#primaryimage\",\"url\":\"https:\/\/valika.eu\/wp-content\/uploads\/2025\/01\/3382.jpg\",\"contentUrl\":\"https:\/\/valika.eu\/wp-content\/uploads\/2025\/01\/3382.jpg\",\"width\":1500,\"height\":1500},{\"@type\":\"BreadcrumbList\",\"@id\":\"https:\/\/valika.eu\/fi\/toode\/claresa-posepuna-cheeks-tricks-02-wonder-4g\/#breadcrumb\",\"itemListElement\":[{\"@type\":\"ListItem\",\"position\":1,\"name\":\"Koti\",\"item\":\"https:\/\/valika.eu\/fi\/\"},{\"@type\":\"ListItem\",\"position\":2,\"name\":\"Shop\",\"item\":\"https:\/\/valika.eu\/fi\/\"},{\"@type\":\"ListItem\",\"position\":3,\"name\":\"Claresa blush CHEEKS TRICKS 02 WONDER 4g\"}]},{\"@type\":\"WebSite\",\"@id\":\"https:\/\/valika.eu\/fi\/#website\",\"url\":\"https:\/\/valika.eu\/fi\/\",\"name\":\"Valika.eu\",\"description\":\"Salonkituotteet ja kauneudenhoitotuotteet - Valika tarjoaa laajan valikoiman tuotteita ja tarvikkeita kynsiteknikoille, kauneushoitoloille, kampaamoille ja kampaamoille.\",\"publisher\":{\"@id\":\"https:\/\/valika.eu\/fi\/#organization\"},\"alternateName\":\"Valika\",\"potentialAction\":[{\"@type\":\"SearchAction\",\"target\":{\"@type\":\"EntryPoint\",\"urlTemplate\":\"https:\/\/valika.eu\/fi\/?s={search_term_string}\"},\"query-input\":{\"@type\":\"PropertyValueSpecification\",\"valueRequired\":true,\"valueName\":\"search_term_string\"}}],\"inLanguage\":\"fi\"},{\"@type\":\"Organization\",\"@id\":\"https:\/\/valika.eu\/fi\/#organization\",\"name\":\"Salongitoode O\u00dc\",\"alternateName\":\"Valika\",\"url\":\"https:\/\/valika.eu\/fi\/\",\"logo\":{\"@type\":\"ImageObject\",\"inLanguage\":\"fi\",\"@id\":\"https:\/\/valika.eu\/fi\/#\/schema\/logo\/image\/\",\"url\":\"https:\/\/valika.eu\/wp-content\/uploads\/2023\/11\/logo2-valika-footer.png\",\"contentUrl\":\"https:\/\/valika.eu\/wp-content\/uploads\/2023\/11\/logo2-valika-footer.png\",\"width\":200,\"height\":129,\"caption\":\"Salongitoode O\u00dc\"},\"image\":{\"@id\":\"https:\/\/valika.eu\/fi\/#\/schema\/logo\/image\/\"},\"sameAs\":[\"https:\/\/www.facebook.com\/tipsi.net\"]}]}<\/script>\n<!-- \/ Yoast SEO plugin. -->","yoast_head_json":{"title":"Claresa poskipuna CHEEKS TRICKS 02 WONDER 4g | Valika","robots":{"index":"index","follow":"follow","max-snippet":"max-snippet:-1","max-image-preview":"max-image-preview:large","max-video-preview":"max-video-preview:-1"},"canonical":"https:\/\/valika.eu\/fi\/toode\/claresa-posepuna-cheeks-tricks-02-wonder-4g\/","og_locale":"fi_FI","og_type":"article","og_title":"Claresa poskipuna CHEEKS TRICKS 02 WONDER 4g | Valika","og_description":"Puuterimainen poskipuna Luo t\u00e4ydellinen, hallittu puna poskillesi! CHEEKS TRICKS -poskipunilla ja niiden avulla saavutettavilla kikoilla teet vaikutuksen raikkaalla ja lev\u00e4nneell\u00e4","og_url":"https:\/\/valika.eu\/fi\/toode\/claresa-posepuna-cheeks-tricks-02-wonder-4g\/","og_site_name":"Valika","article_publisher":"https:\/\/www.facebook.com\/tipsi.net","article_modified_time":"2025-07-02T02:01:20+00:00","og_image":[{"width":1500,"height":1500,"url":"https:\/\/valika.eu\/wp-content\/uploads\/2025\/01\/3382.jpg","type":"image\/jpeg"}],"twitter_card":"summary_large_image","schema":{"@context":"https:\/\/schema.org","@graph":[{"@type":"WebPage","@id":"https:\/\/valika.eu\/fi\/toode\/claresa-posepuna-cheeks-tricks-02-wonder-4g\/","url":"https:\/\/valika.eu\/fi\/toode\/claresa-posepuna-cheeks-tricks-02-wonder-4g\/","name":"Claresa poskipuna CHEEKS TRICKS 02 WONDER 4g | Valika","isPartOf":{"@id":"https:\/\/valika.eu\/fi\/#website"},"primaryImageOfPage":{"@id":"https:\/\/valika.eu\/fi\/toode\/claresa-posepuna-cheeks-tricks-02-wonder-4g\/#primaryimage"},"image":{"@id":"https:\/\/valika.eu\/toode\/claresa-posepuna-cheeks-tricks-02-wonder-4g\/#primaryimage"},"thumbnailUrl":"https:\/\/valika.eu\/wp-content\/uploads\/2025\/01\/3382.jpg","datePublished":"2025-01-09T05:20:42+00:00","dateModified":"2025-07-02T02:01:20+00:00","breadcrumb":{"@id":"https:\/\/valika.eu\/fi\/toode\/claresa-posepuna-cheeks-tricks-02-wonder-4g\/#breadcrumb"},"inLanguage":"fi","potentialAction":[{"@type":"ReadAction","target":[["https:\/\/valika.eu\/fi\/toode\/claresa-posepuna-cheeks-tricks-02-wonder-4g\/"]]}]},{"@type":"ImageObject","inLanguage":"fi","@id":"https:\/\/valika.eu\/fi\/toode\/claresa-posepuna-cheeks-tricks-02-wonder-4g\/#primaryimage","url":"https:\/\/valika.eu\/wp-content\/uploads\/2025\/01\/3382.jpg","contentUrl":"https:\/\/valika.eu\/wp-content\/uploads\/2025\/01\/3382.jpg","width":1500,"height":1500},{"@type":"BreadcrumbList","@id":"https:\/\/valika.eu\/fi\/toode\/claresa-posepuna-cheeks-tricks-02-wonder-4g\/#breadcrumb","itemListElement":[{"@type":"ListItem","position":1,"name":"Koti","item":"https:\/\/valika.eu\/fi\/"},{"@type":"ListItem","position":2,"name":"Shop","item":"https:\/\/valika.eu\/fi\/"},{"@type":"ListItem","position":3,"name":"Claresa blush CHEEKS TRICKS 02 WONDER 4g"}]},{"@type":"WebSite","@id":"https:\/\/valika.eu\/fi\/#website","url":"https:\/\/valika.eu\/fi\/","name":"Valika.eu","description":"Salonkituotteet ja kauneudenhoitotuotteet - Valika tarjoaa laajan valikoiman tuotteita ja tarvikkeita kynsiteknikoille, kauneushoitoloille, kampaamoille ja kampaamoille.","publisher":{"@id":"https:\/\/valika.eu\/fi\/#organization"},"alternateName":"Valika","potentialAction":[{"@type":"SearchAction","target":{"@type":"EntryPoint","urlTemplate":"https:\/\/valika.eu\/fi\/?s={search_term_string}"},"query-input":{"@type":"PropertyValueSpecification","valueRequired":true,"valueName":"search_term_string"}}],"inLanguage":"fi"},{"@type":"Organization","@id":"https:\/\/valika.eu\/fi\/#organization","name":"Salongitoode O\u00dc","alternateName":"Valika","url":"https:\/\/valika.eu\/fi\/","logo":{"@type":"ImageObject","inLanguage":"fi","@id":"https:\/\/valika.eu\/fi\/#\/schema\/logo\/image\/","url":"https:\/\/valika.eu\/wp-content\/uploads\/2023\/11\/logo2-valika-footer.png","contentUrl":"https:\/\/valika.eu\/wp-content\/uploads\/2023\/11\/logo2-valika-footer.png","width":200,"height":129,"caption":"Salongitoode O\u00dc"},"image":{"@id":"https:\/\/valika.eu\/fi\/#\/schema\/logo\/image\/"},"sameAs":["https:\/\/www.facebook.com\/tipsi.net"]}]}},"jetpack_sharing_enabled":true,"_links":{"self":[{"href":"https:\/\/valika.eu\/fi\/wp-json\/wp\/v2\/product\/11974","targetHints":{"allow":["GET"]}}],"collection":[{"href":"https:\/\/valika.eu\/fi\/wp-json\/wp\/v2\/product"}],"about":[{"href":"https:\/\/valika.eu\/fi\/wp-json\/wp\/v2\/types\/product"}],"wp:featuredmedia":[{"embeddable":true,"href":"https:\/\/valika.eu\/fi\/wp-json\/wp\/v2\/media\/11973"}],"wp:attachment":[{"href":"https:\/\/valika.eu\/fi\/wp-json\/wp\/v2\/media?parent=11974"}],"wp:term":[{"taxonomy":"product_brand","embeddable":true,"href":"https:\/\/valika.eu\/fi\/wp-json\/wp\/v2\/product_brand?post=11974"},{"taxonomy":"product_cat","embeddable":true,"href":"https:\/\/valika.eu\/fi\/wp-json\/wp\/v2\/product_cat?post=11974"},{"taxonomy":"product_tag","embeddable":true,"href":"https:\/\/valika.eu\/fi\/wp-json\/wp\/v2\/product_tag?post=11974"}],"curies":[{"name":"wp","href":"https:\/\/api.w.org\/{rel}","templated":true}]}}