{"id":12000,"date":"2025-01-09T07:21:39","date_gmt":"2025-01-09T05:21:39","guid":{"rendered":"https:\/\/valika.eu\/toode\/claresa-vedel-posepuna-cheek2cheek-vedel-kontuur-02-sweet-shake-65g\/"},"modified":"2025-08-22T14:50:28","modified_gmt":"2025-08-22T11:50:28","slug":"claresa-vedel-posepuna-cheek2cheek-vedel-kontuur-02-sweet-shake-65g","status":"publish","type":"product","link":"https:\/\/valika.eu\/fi\/toode\/claresa-vedel-posepuna-cheek2cheek-vedel-kontuur-02-sweet-shake-65g\/","title":{"rendered":"CLARESA Nestem\u00e4inen poskipuna cheek2cheek liquid contour 02 Sweet shake 6,5g"},"content":{"rendered":"<p>Odotatko poskipunalta raikkautta ja aurinkoista hehkua? Cheek2cheek-poskipunalla voit s\u00e4teill\u00e4 luonnollista, mehukasta hehkua koko p\u00e4iv\u00e4n! Unohda tuotteen levitt\u00e4misen vaikeudet tai ep\u00e4tasaiset l\u00e4isk\u00e4t! Sen kermaisen, v\u00e4hitellen asettuvan koostumuksen ansiosta tuote sulautuu saumattomasti ihoon, luoden pehme\u00e4n siirtym\u00e4n. Sen v\u00e4ri pysyy kanssasi koko p\u00e4iv\u00e4n, ja pigmentointi mahdollistaa syvyyden rakentamisen. T\u00e4m\u00e4 tarkoittaa, ett\u00e4 se on t\u00e4ydellinen tuote sek\u00e4 ammattilaisille ett\u00e4 aloittelijoille, jotka pelk\u00e4\u00e4v\u00e4t liioiteltua lopputulosta. Valitse cheek2cheek ja yll\u00e4ty sen mahdollisuuksista!<\/p>\n<p>HAUSKA FAKTA<\/p>\n<p>Cheek2cheekin v\u00e4rit eiv\u00e4t ole sattumaa \u2013 koska jokainen kauneustyyppi ansaitsee t\u00e4ydellisen poskipunas\u00e4vyn! Valitse siis sinulle paras \u2013 viile\u00e4 tai l\u00e4mmin \u2013 ja nauti t\u00e4ydellisesti sopivasta hehkusta kuten ei koskaan ennen.<\/p>\n<p>SOVELLUS<\/p>\n<p>Levit\u00e4 kermamaiset tuotteet ennen kasvojen puuterointia, meikkivoiteen levitt\u00e4misen j\u00e4lkeen. Voit levitt\u00e4\u00e4 tuotteen suoraan kasvoille applikaattorilla tai asettaa sen k\u00e4mmensel\u00e4lle ja poimia sen sienell\u00e4 tai siveltimell\u00e4. S\u00e4\u00e4d\u00e4 helposti v\u00e4rin intensiteetti\u00e4 lis\u00e4\u00e4m\u00e4ll\u00e4 sit\u00e4 v\u00e4hitellen, kunnes saavutat halutun lopputuloksen. Miss\u00e4 on paras paikka levitt\u00e4\u00e4 poskipunaa? Tietenkin poskille, suunnilleen silm\u00e4n ulkokulman tasolle. Voit my\u00f6s kevyesti koskettaa otsan sivuja, nen\u00e4n k\u00e4rke\u00e4 tai leukaa.<\/p>\n<p>MEIKKITAITEILIJAN VINKKI<\/p>\n<p>Luo yksiv\u00e4rinen ilme levitt\u00e4m\u00e4ll\u00e4 cheek2cheek-poskipunaa my\u00f6s huulille! Sen kermainen koostumus ja mehukas v\u00e4ri toimivat t\u00e4ydellisesti huulikiillon korvikkeena tai suosikkihuulipunasi valoisana viimeistelyn\u00e4. T\u00e4llainen monik\u00e4ytt\u00f6inen kosmetiikka on ihanteellinen tuote minimalistiseen meikkipussiin.<\/p>","protected":false},"excerpt":{"rendered":"<p>Odotatko poskipunalta raikkautta ja aurinkoista hehkua? Cheek2cheek-poskipunalla voit s\u00e4teill\u00e4 luonnollista, mehukasta hehkua koko p\u00e4iv\u00e4n! Unohda tuotteen levitt\u00e4misen vaikeudet tai ep\u00e4tasaiset<\/p>\n","protected":false},"featured_media":11999,"template":"","meta":[],"product_brand":[],"product_cat":[685],"product_tag":[],"class_list":{"0":"post-12000","1":"product","2":"type-product","3":"status-publish","4":"has-post-thumbnail","6":"product_cat-contouring","8":"first","9":"instock","10":"taxable","11":"shipping-taxable","12":"purchasable","13":"product-type-simple"},"yoast_head":"<!-- This site is optimized with the Yoast SEO plugin v24.4 - https:\/\/yoast.com\/wordpress\/plugins\/seo\/ -->\n<title>CLARESA Nestem\u00e4inen poskipuna cheek2cheek liquid contour 02 Sweet shake 6,5g | Valika<\/title>\n<meta name=\"robots\" content=\"index, follow, max-snippet:-1, max-image-preview:large, max-video-preview:-1\" \/>\n<link rel=\"canonical\" href=\"https:\/\/valika.eu\/fi\/toode\/claresa-vedel-posepuna-cheek2cheek-vedel-kontuur-02-sweet-shake-65g\/\" \/>\n<meta property=\"og:locale\" content=\"fi_FI\" \/>\n<meta property=\"og:type\" content=\"article\" \/>\n<meta property=\"og:title\" content=\"CLARESA Nestem\u00e4inen poskipuna cheek2cheek liquid contour 02 Sweet shake 6,5g | Valika\" \/>\n<meta property=\"og:description\" content=\"Odotatko poskipunalta raikkautta ja aurinkoista hehkua? Cheek2cheek-poskipunalla voit s\u00e4teill\u00e4 luonnollista, mehukasta hehkua koko p\u00e4iv\u00e4n! Unohda tuotteen levitt\u00e4misen vaikeudet tai ep\u00e4tasaiset\" \/>\n<meta property=\"og:url\" content=\"https:\/\/valika.eu\/fi\/toode\/claresa-vedel-posepuna-cheek2cheek-vedel-kontuur-02-sweet-shake-65g\/\" \/>\n<meta property=\"og:site_name\" content=\"Valika\" \/>\n<meta property=\"article:publisher\" content=\"https:\/\/www.facebook.com\/tipsi.net\" \/>\n<meta property=\"article:modified_time\" content=\"2025-08-22T11:50:28+00:00\" \/>\n<meta property=\"og:image\" content=\"https:\/\/valika.eu\/wp-content\/uploads\/2025\/01\/14951.jpg\" \/>\n\t<meta property=\"og:image:width\" content=\"1500\" \/>\n\t<meta property=\"og:image:height\" content=\"1500\" \/>\n\t<meta property=\"og:image:type\" content=\"image\/jpeg\" \/>\n<meta name=\"twitter:card\" content=\"summary_large_image\" \/>\n<script type=\"application\/ld+json\" class=\"yoast-schema-graph\">{\"@context\":\"https:\/\/schema.org\",\"@graph\":[{\"@type\":\"WebPage\",\"@id\":\"https:\/\/valika.eu\/fi\/toode\/claresa-vedel-posepuna-cheek2cheek-vedel-kontuur-02-sweet-shake-65g\/\",\"url\":\"https:\/\/valika.eu\/fi\/toode\/claresa-vedel-posepuna-cheek2cheek-vedel-kontuur-02-sweet-shake-65g\/\",\"name\":\"CLARESA Nestem\u00e4inen poskipuna cheek2cheek liquid contour 02 Sweet shake 6,5g | Valika\",\"isPartOf\":{\"@id\":\"https:\/\/valika.eu\/fi\/#website\"},\"primaryImageOfPage\":{\"@id\":\"https:\/\/valika.eu\/fi\/toode\/claresa-vedel-posepuna-cheek2cheek-vedel-kontuur-02-sweet-shake-65g\/#primaryimage\"},\"image\":{\"@id\":\"https:\/\/valika.eu\/toode\/claresa-vedel-posepuna-cheek2cheek-vedel-kontuur-02-sweet-shake-65g\/#primaryimage\"},\"thumbnailUrl\":\"https:\/\/valika.eu\/wp-content\/uploads\/2025\/01\/14951.jpg\",\"datePublished\":\"2025-01-09T05:21:39+00:00\",\"dateModified\":\"2025-08-22T11:50:28+00:00\",\"breadcrumb\":{\"@id\":\"https:\/\/valika.eu\/fi\/toode\/claresa-vedel-posepuna-cheek2cheek-vedel-kontuur-02-sweet-shake-65g\/#breadcrumb\"},\"inLanguage\":\"fi\",\"potentialAction\":[{\"@type\":\"ReadAction\",\"target\":[[\"https:\/\/valika.eu\/fi\/toode\/claresa-vedel-posepuna-cheek2cheek-vedel-kontuur-02-sweet-shake-65g\/\"]]}]},{\"@type\":\"ImageObject\",\"inLanguage\":\"fi\",\"@id\":\"https:\/\/valika.eu\/fi\/toode\/claresa-vedel-posepuna-cheek2cheek-vedel-kontuur-02-sweet-shake-65g\/#primaryimage\",\"url\":\"https:\/\/valika.eu\/wp-content\/uploads\/2025\/01\/14951.jpg\",\"contentUrl\":\"https:\/\/valika.eu\/wp-content\/uploads\/2025\/01\/14951.jpg\",\"width\":1500,\"height\":1500},{\"@type\":\"BreadcrumbList\",\"@id\":\"https:\/\/valika.eu\/fi\/toode\/claresa-vedel-posepuna-cheek2cheek-vedel-kontuur-02-sweet-shake-65g\/#breadcrumb\",\"itemListElement\":[{\"@type\":\"ListItem\",\"position\":1,\"name\":\"Koti\",\"item\":\"https:\/\/valika.eu\/fi\/\"},{\"@type\":\"ListItem\",\"position\":2,\"name\":\"Shop\",\"item\":\"https:\/\/valika.eu\/fi\/\"},{\"@type\":\"ListItem\",\"position\":3,\"name\":\"CLARESA Liquid Blush cheek2cheek liquid contour 02 Sweet shake 6.5g\"}]},{\"@type\":\"WebSite\",\"@id\":\"https:\/\/valika.eu\/fi\/#website\",\"url\":\"https:\/\/valika.eu\/fi\/\",\"name\":\"Valika.eu\",\"description\":\"Salonkituotteet ja kauneudenhoitotuotteet - Valika tarjoaa laajan valikoiman tuotteita ja tarvikkeita kynsiteknikoille, kauneushoitoloille, kampaamoille ja kampaamoille.\",\"publisher\":{\"@id\":\"https:\/\/valika.eu\/fi\/#organization\"},\"alternateName\":\"Valika\",\"potentialAction\":[{\"@type\":\"SearchAction\",\"target\":{\"@type\":\"EntryPoint\",\"urlTemplate\":\"https:\/\/valika.eu\/fi\/?s={search_term_string}\"},\"query-input\":{\"@type\":\"PropertyValueSpecification\",\"valueRequired\":true,\"valueName\":\"search_term_string\"}}],\"inLanguage\":\"fi\"},{\"@type\":\"Organization\",\"@id\":\"https:\/\/valika.eu\/fi\/#organization\",\"name\":\"Salongitoode O\u00dc\",\"alternateName\":\"Valika\",\"url\":\"https:\/\/valika.eu\/fi\/\",\"logo\":{\"@type\":\"ImageObject\",\"inLanguage\":\"fi\",\"@id\":\"https:\/\/valika.eu\/fi\/#\/schema\/logo\/image\/\",\"url\":\"https:\/\/valika.eu\/wp-content\/uploads\/2023\/11\/logo2-valika-footer.png\",\"contentUrl\":\"https:\/\/valika.eu\/wp-content\/uploads\/2023\/11\/logo2-valika-footer.png\",\"width\":200,\"height\":129,\"caption\":\"Salongitoode O\u00dc\"},\"image\":{\"@id\":\"https:\/\/valika.eu\/fi\/#\/schema\/logo\/image\/\"},\"sameAs\":[\"https:\/\/www.facebook.com\/tipsi.net\"]}]}<\/script>\n<!-- \/ Yoast SEO plugin. -->","yoast_head_json":{"title":"CLARESA Nestem\u00e4inen poskipuna cheek2cheek liquid contour 02 Sweet shake 6,5g | Valika","robots":{"index":"index","follow":"follow","max-snippet":"max-snippet:-1","max-image-preview":"max-image-preview:large","max-video-preview":"max-video-preview:-1"},"canonical":"https:\/\/valika.eu\/fi\/toode\/claresa-vedel-posepuna-cheek2cheek-vedel-kontuur-02-sweet-shake-65g\/","og_locale":"fi_FI","og_type":"article","og_title":"CLARESA Nestem\u00e4inen poskipuna cheek2cheek liquid contour 02 Sweet shake 6,5g | Valika","og_description":"Odotatko poskipunalta raikkautta ja aurinkoista hehkua? Cheek2cheek-poskipunalla voit s\u00e4teill\u00e4 luonnollista, mehukasta hehkua koko p\u00e4iv\u00e4n! Unohda tuotteen levitt\u00e4misen vaikeudet tai ep\u00e4tasaiset","og_url":"https:\/\/valika.eu\/fi\/toode\/claresa-vedel-posepuna-cheek2cheek-vedel-kontuur-02-sweet-shake-65g\/","og_site_name":"Valika","article_publisher":"https:\/\/www.facebook.com\/tipsi.net","article_modified_time":"2025-08-22T11:50:28+00:00","og_image":[{"width":1500,"height":1500,"url":"https:\/\/valika.eu\/wp-content\/uploads\/2025\/01\/14951.jpg","type":"image\/jpeg"}],"twitter_card":"summary_large_image","schema":{"@context":"https:\/\/schema.org","@graph":[{"@type":"WebPage","@id":"https:\/\/valika.eu\/fi\/toode\/claresa-vedel-posepuna-cheek2cheek-vedel-kontuur-02-sweet-shake-65g\/","url":"https:\/\/valika.eu\/fi\/toode\/claresa-vedel-posepuna-cheek2cheek-vedel-kontuur-02-sweet-shake-65g\/","name":"CLARESA Nestem\u00e4inen poskipuna cheek2cheek liquid contour 02 Sweet shake 6,5g | Valika","isPartOf":{"@id":"https:\/\/valika.eu\/fi\/#website"},"primaryImageOfPage":{"@id":"https:\/\/valika.eu\/fi\/toode\/claresa-vedel-posepuna-cheek2cheek-vedel-kontuur-02-sweet-shake-65g\/#primaryimage"},"image":{"@id":"https:\/\/valika.eu\/toode\/claresa-vedel-posepuna-cheek2cheek-vedel-kontuur-02-sweet-shake-65g\/#primaryimage"},"thumbnailUrl":"https:\/\/valika.eu\/wp-content\/uploads\/2025\/01\/14951.jpg","datePublished":"2025-01-09T05:21:39+00:00","dateModified":"2025-08-22T11:50:28+00:00","breadcrumb":{"@id":"https:\/\/valika.eu\/fi\/toode\/claresa-vedel-posepuna-cheek2cheek-vedel-kontuur-02-sweet-shake-65g\/#breadcrumb"},"inLanguage":"fi","potentialAction":[{"@type":"ReadAction","target":[["https:\/\/valika.eu\/fi\/toode\/claresa-vedel-posepuna-cheek2cheek-vedel-kontuur-02-sweet-shake-65g\/"]]}]},{"@type":"ImageObject","inLanguage":"fi","@id":"https:\/\/valika.eu\/fi\/toode\/claresa-vedel-posepuna-cheek2cheek-vedel-kontuur-02-sweet-shake-65g\/#primaryimage","url":"https:\/\/valika.eu\/wp-content\/uploads\/2025\/01\/14951.jpg","contentUrl":"https:\/\/valika.eu\/wp-content\/uploads\/2025\/01\/14951.jpg","width":1500,"height":1500},{"@type":"BreadcrumbList","@id":"https:\/\/valika.eu\/fi\/toode\/claresa-vedel-posepuna-cheek2cheek-vedel-kontuur-02-sweet-shake-65g\/#breadcrumb","itemListElement":[{"@type":"ListItem","position":1,"name":"Koti","item":"https:\/\/valika.eu\/fi\/"},{"@type":"ListItem","position":2,"name":"Shop","item":"https:\/\/valika.eu\/fi\/"},{"@type":"ListItem","position":3,"name":"CLARESA Liquid Blush cheek2cheek liquid contour 02 Sweet shake 6.5g"}]},{"@type":"WebSite","@id":"https:\/\/valika.eu\/fi\/#website","url":"https:\/\/valika.eu\/fi\/","name":"Valika.eu","description":"Salonkituotteet ja kauneudenhoitotuotteet - Valika tarjoaa laajan valikoiman tuotteita ja tarvikkeita kynsiteknikoille, kauneushoitoloille, kampaamoille ja kampaamoille.","publisher":{"@id":"https:\/\/valika.eu\/fi\/#organization"},"alternateName":"Valika","potentialAction":[{"@type":"SearchAction","target":{"@type":"EntryPoint","urlTemplate":"https:\/\/valika.eu\/fi\/?s={search_term_string}"},"query-input":{"@type":"PropertyValueSpecification","valueRequired":true,"valueName":"search_term_string"}}],"inLanguage":"fi"},{"@type":"Organization","@id":"https:\/\/valika.eu\/fi\/#organization","name":"Salongitoode O\u00dc","alternateName":"Valika","url":"https:\/\/valika.eu\/fi\/","logo":{"@type":"ImageObject","inLanguage":"fi","@id":"https:\/\/valika.eu\/fi\/#\/schema\/logo\/image\/","url":"https:\/\/valika.eu\/wp-content\/uploads\/2023\/11\/logo2-valika-footer.png","contentUrl":"https:\/\/valika.eu\/wp-content\/uploads\/2023\/11\/logo2-valika-footer.png","width":200,"height":129,"caption":"Salongitoode O\u00dc"},"image":{"@id":"https:\/\/valika.eu\/fi\/#\/schema\/logo\/image\/"},"sameAs":["https:\/\/www.facebook.com\/tipsi.net"]}]}},"jetpack_sharing_enabled":true,"_links":{"self":[{"href":"https:\/\/valika.eu\/fi\/wp-json\/wp\/v2\/product\/12000","targetHints":{"allow":["GET"]}}],"collection":[{"href":"https:\/\/valika.eu\/fi\/wp-json\/wp\/v2\/product"}],"about":[{"href":"https:\/\/valika.eu\/fi\/wp-json\/wp\/v2\/types\/product"}],"wp:featuredmedia":[{"embeddable":true,"href":"https:\/\/valika.eu\/fi\/wp-json\/wp\/v2\/media\/11999"}],"wp:attachment":[{"href":"https:\/\/valika.eu\/fi\/wp-json\/wp\/v2\/media?parent=12000"}],"wp:term":[{"taxonomy":"product_brand","embeddable":true,"href":"https:\/\/valika.eu\/fi\/wp-json\/wp\/v2\/product_brand?post=12000"},{"taxonomy":"product_cat","embeddable":true,"href":"https:\/\/valika.eu\/fi\/wp-json\/wp\/v2\/product_cat?post=12000"},{"taxonomy":"product_tag","embeddable":true,"href":"https:\/\/valika.eu\/fi\/wp-json\/wp\/v2\/product_tag?post=12000"}],"curies":[{"name":"wp","href":"https:\/\/api.w.org\/{rel}","templated":true}]}}