{"id":1202,"date":"2024-09-30T18:03:18","date_gmt":"2024-09-30T15:03:18","guid":{"rendered":"https:\/\/valika.eu\/?post_type=product&#038;p=1202"},"modified":"2025-10-27T15:46:57","modified_gmt":"2025-10-27T13:46:57","slug":"sadultool-korge-seljatoega","status":"publish","type":"product","link":"https:\/\/valika.eu\/fi\/toode\/sadultool-korge-seljatoega\/","title":{"rendered":"Satulatuoli korkealla selk\u00e4nojalla"},"content":{"rendered":"<p>Mestarituoli sopii t\u00e4ydellisesti kosmetologin tai kynsiteknikon ty\u00f6h\u00f6n.<\/p>\n<p>Sen korkeutta voidaan muuttaa kaasunostimella, tuolin minimikorkeus on 47 cm ja maksimikorkeus 67 cm.<\/p>\n<p>Itse tuoli on valmistettu satulan muodossa korkealla selk\u00e4nojalla, jonka kaltevuustasoa voidaan helposti s\u00e4\u00e4t\u00e4\u00e4 kaasunostimella.<\/p>\n<p>Tuolissa on luotettava alusta viisis\u00e4teisen kromatun jalustan muodossa, jossa on py\u00f6r\u00e4t liikkumisen helpottamiseksi.<\/p>\n<p>Tuolin verhoilu on valmistettu korkealaatuisesta keinonahasta.<\/p>\n<p>V\u00e4ri: valkoinen<\/p>\n<p>Tuolin mitat: 40x42xh47-67 cm.<\/p>","protected":false},"excerpt":{"rendered":"<p>Sen korkeutta voidaan muuttaa kaasunostimella, tuolin minimikorkeus on 47 cm ja maksimikorkeus 67 cm.<\/p>\n","protected":false},"featured_media":1205,"template":"","meta":[],"product_brand":[],"product_cat":[24,356],"product_tag":[],"class_list":{"0":"post-1202","1":"product","2":"type-product","3":"status-publish","4":"has-post-thumbnail","6":"product_cat-ilusalongimoobel","7":"product_cat-meistritoolid","9":"first","10":"instock","11":"taxable","12":"shipping-taxable","13":"purchasable","14":"product-type-simple"},"yoast_head":"<!-- This site is optimized with the Yoast SEO plugin v24.4 - https:\/\/yoast.com\/wordpress\/plugins\/seo\/ -->\n<title>Satulatuoli korkealla selk\u00e4nojalla | Valika<\/title>\n<meta name=\"description\" content=\"Seljatoe kaldenurka ja k\u00f5rgust saab reguleerida.\" \/>\n<meta name=\"robots\" content=\"index, follow, max-snippet:-1, max-image-preview:large, max-video-preview:-1\" \/>\n<link rel=\"canonical\" href=\"https:\/\/valika.eu\/fi\/toode\/sadultool-korge-seljatoega\/\" \/>\n<meta property=\"og:locale\" content=\"fi_FI\" \/>\n<meta property=\"og:type\" content=\"article\" \/>\n<meta property=\"og:title\" content=\"Satulatuoli korkealla selk\u00e4nojalla | Valika\" \/>\n<meta property=\"og:description\" content=\"Seljatoe kaldenurka ja k\u00f5rgust saab reguleerida.\" \/>\n<meta property=\"og:url\" content=\"https:\/\/valika.eu\/fi\/toode\/sadultool-korge-seljatoega\/\" \/>\n<meta property=\"og:site_name\" content=\"Valika\" \/>\n<meta property=\"article:publisher\" content=\"https:\/\/www.facebook.com\/tipsi.net\" \/>\n<meta property=\"article:modified_time\" content=\"2025-10-27T13:46:57+00:00\" \/>\n<meta property=\"og:image\" content=\"https:\/\/valika.eu\/wp-content\/uploads\/2024\/09\/kosmeetikutool4-1.jpg\" \/>\n\t<meta property=\"og:image:width\" content=\"600\" \/>\n\t<meta property=\"og:image:height\" content=\"590\" \/>\n\t<meta property=\"og:image:type\" content=\"image\/jpeg\" \/>\n<meta name=\"twitter:card\" content=\"summary_large_image\" \/>\n<script type=\"application\/ld+json\" class=\"yoast-schema-graph\">{\"@context\":\"https:\/\/schema.org\",\"@graph\":[{\"@type\":\"WebPage\",\"@id\":\"https:\/\/valika.eu\/fi\/toode\/sadultool-korge-seljatoega\/\",\"url\":\"https:\/\/valika.eu\/fi\/toode\/sadultool-korge-seljatoega\/\",\"name\":\"Satulatuoli korkealla selk\u00e4nojalla | Valika\",\"isPartOf\":{\"@id\":\"https:\/\/valika.eu\/fi\/#website\"},\"primaryImageOfPage\":{\"@id\":\"https:\/\/valika.eu\/fi\/toode\/sadultool-korge-seljatoega\/#primaryimage\"},\"image\":{\"@id\":\"https:\/\/valika.eu\/toode\/sadultool-korge-seljatoega\/#primaryimage\"},\"thumbnailUrl\":\"https:\/\/valika.eu\/wp-content\/uploads\/2024\/09\/kosmeetikutool4-1.jpg\",\"datePublished\":\"2024-09-30T15:03:18+00:00\",\"dateModified\":\"2025-10-27T13:46:57+00:00\",\"description\":\"Seljatoe kaldenurka ja k\u00f5rgust saab reguleerida.\",\"breadcrumb\":{\"@id\":\"https:\/\/valika.eu\/fi\/toode\/sadultool-korge-seljatoega\/#breadcrumb\"},\"inLanguage\":\"fi\",\"potentialAction\":[{\"@type\":\"ReadAction\",\"target\":[[\"https:\/\/valika.eu\/fi\/toode\/sadultool-korge-seljatoega\/\"]]}]},{\"@type\":\"ImageObject\",\"inLanguage\":\"fi\",\"@id\":\"https:\/\/valika.eu\/fi\/toode\/sadultool-korge-seljatoega\/#primaryimage\",\"url\":\"https:\/\/valika.eu\/wp-content\/uploads\/2024\/09\/kosmeetikutool4-1.jpg\",\"contentUrl\":\"https:\/\/valika.eu\/wp-content\/uploads\/2024\/09\/kosmeetikutool4-1.jpg\",\"width\":600,\"height\":590},{\"@type\":\"BreadcrumbList\",\"@id\":\"https:\/\/valika.eu\/fi\/toode\/sadultool-korge-seljatoega\/#breadcrumb\",\"itemListElement\":[{\"@type\":\"ListItem\",\"position\":1,\"name\":\"Koti\",\"item\":\"https:\/\/valika.eu\/fi\/\"},{\"@type\":\"ListItem\",\"position\":2,\"name\":\"Shop\",\"item\":\"https:\/\/valika.eu\/fi\/\"},{\"@type\":\"ListItem\",\"position\":3,\"name\":\"Sadultool k\u00f5rge seljatoega\"}]},{\"@type\":\"WebSite\",\"@id\":\"https:\/\/valika.eu\/fi\/#website\",\"url\":\"https:\/\/valika.eu\/fi\/\",\"name\":\"Valika.eu\",\"description\":\"Salonkituotteet ja kauneudenhoitotuotteet - Valika tarjoaa laajan valikoiman tuotteita ja tarvikkeita kynsiteknikoille, kauneushoitoloille, kampaamoille ja kampaamoille.\",\"publisher\":{\"@id\":\"https:\/\/valika.eu\/fi\/#organization\"},\"alternateName\":\"Valika\",\"potentialAction\":[{\"@type\":\"SearchAction\",\"target\":{\"@type\":\"EntryPoint\",\"urlTemplate\":\"https:\/\/valika.eu\/fi\/?s={search_term_string}\"},\"query-input\":{\"@type\":\"PropertyValueSpecification\",\"valueRequired\":true,\"valueName\":\"search_term_string\"}}],\"inLanguage\":\"fi\"},{\"@type\":\"Organization\",\"@id\":\"https:\/\/valika.eu\/fi\/#organization\",\"name\":\"Salongitoode O\u00dc\",\"alternateName\":\"Valika\",\"url\":\"https:\/\/valika.eu\/fi\/\",\"logo\":{\"@type\":\"ImageObject\",\"inLanguage\":\"fi\",\"@id\":\"https:\/\/valika.eu\/fi\/#\/schema\/logo\/image\/\",\"url\":\"https:\/\/valika.eu\/wp-content\/uploads\/2023\/11\/logo2-valika-footer.png\",\"contentUrl\":\"https:\/\/valika.eu\/wp-content\/uploads\/2023\/11\/logo2-valika-footer.png\",\"width\":200,\"height\":129,\"caption\":\"Salongitoode O\u00dc\"},\"image\":{\"@id\":\"https:\/\/valika.eu\/fi\/#\/schema\/logo\/image\/\"},\"sameAs\":[\"https:\/\/www.facebook.com\/tipsi.net\"]}]}<\/script>\n<!-- \/ Yoast SEO plugin. -->","yoast_head_json":{"title":"Satulatuoli korkealla selk\u00e4nojalla | Valika","description":"Seljatoe kaldenurka ja k\u00f5rgust saab reguleerida.","robots":{"index":"index","follow":"follow","max-snippet":"max-snippet:-1","max-image-preview":"max-image-preview:large","max-video-preview":"max-video-preview:-1"},"canonical":"https:\/\/valika.eu\/fi\/toode\/sadultool-korge-seljatoega\/","og_locale":"fi_FI","og_type":"article","og_title":"Satulatuoli korkealla selk\u00e4nojalla | Valika","og_description":"Seljatoe kaldenurka ja k\u00f5rgust saab reguleerida.","og_url":"https:\/\/valika.eu\/fi\/toode\/sadultool-korge-seljatoega\/","og_site_name":"Valika","article_publisher":"https:\/\/www.facebook.com\/tipsi.net","article_modified_time":"2025-10-27T13:46:57+00:00","og_image":[{"width":600,"height":590,"url":"https:\/\/valika.eu\/wp-content\/uploads\/2024\/09\/kosmeetikutool4-1.jpg","type":"image\/jpeg"}],"twitter_card":"summary_large_image","schema":{"@context":"https:\/\/schema.org","@graph":[{"@type":"WebPage","@id":"https:\/\/valika.eu\/fi\/toode\/sadultool-korge-seljatoega\/","url":"https:\/\/valika.eu\/fi\/toode\/sadultool-korge-seljatoega\/","name":"Satulatuoli korkealla selk\u00e4nojalla | Valika","isPartOf":{"@id":"https:\/\/valika.eu\/fi\/#website"},"primaryImageOfPage":{"@id":"https:\/\/valika.eu\/fi\/toode\/sadultool-korge-seljatoega\/#primaryimage"},"image":{"@id":"https:\/\/valika.eu\/toode\/sadultool-korge-seljatoega\/#primaryimage"},"thumbnailUrl":"https:\/\/valika.eu\/wp-content\/uploads\/2024\/09\/kosmeetikutool4-1.jpg","datePublished":"2024-09-30T15:03:18+00:00","dateModified":"2025-10-27T13:46:57+00:00","description":"Seljatoe kaldenurka ja k\u00f5rgust saab reguleerida.","breadcrumb":{"@id":"https:\/\/valika.eu\/fi\/toode\/sadultool-korge-seljatoega\/#breadcrumb"},"inLanguage":"fi","potentialAction":[{"@type":"ReadAction","target":[["https:\/\/valika.eu\/fi\/toode\/sadultool-korge-seljatoega\/"]]}]},{"@type":"ImageObject","inLanguage":"fi","@id":"https:\/\/valika.eu\/fi\/toode\/sadultool-korge-seljatoega\/#primaryimage","url":"https:\/\/valika.eu\/wp-content\/uploads\/2024\/09\/kosmeetikutool4-1.jpg","contentUrl":"https:\/\/valika.eu\/wp-content\/uploads\/2024\/09\/kosmeetikutool4-1.jpg","width":600,"height":590},{"@type":"BreadcrumbList","@id":"https:\/\/valika.eu\/fi\/toode\/sadultool-korge-seljatoega\/#breadcrumb","itemListElement":[{"@type":"ListItem","position":1,"name":"Koti","item":"https:\/\/valika.eu\/fi\/"},{"@type":"ListItem","position":2,"name":"Shop","item":"https:\/\/valika.eu\/fi\/"},{"@type":"ListItem","position":3,"name":"Sadultool k\u00f5rge seljatoega"}]},{"@type":"WebSite","@id":"https:\/\/valika.eu\/fi\/#website","url":"https:\/\/valika.eu\/fi\/","name":"Valika.eu","description":"Salonkituotteet ja kauneudenhoitotuotteet - Valika tarjoaa laajan valikoiman tuotteita ja tarvikkeita kynsiteknikoille, kauneushoitoloille, kampaamoille ja kampaamoille.","publisher":{"@id":"https:\/\/valika.eu\/fi\/#organization"},"alternateName":"Valika","potentialAction":[{"@type":"SearchAction","target":{"@type":"EntryPoint","urlTemplate":"https:\/\/valika.eu\/fi\/?s={search_term_string}"},"query-input":{"@type":"PropertyValueSpecification","valueRequired":true,"valueName":"search_term_string"}}],"inLanguage":"fi"},{"@type":"Organization","@id":"https:\/\/valika.eu\/fi\/#organization","name":"Salongitoode O\u00dc","alternateName":"Valika","url":"https:\/\/valika.eu\/fi\/","logo":{"@type":"ImageObject","inLanguage":"fi","@id":"https:\/\/valika.eu\/fi\/#\/schema\/logo\/image\/","url":"https:\/\/valika.eu\/wp-content\/uploads\/2023\/11\/logo2-valika-footer.png","contentUrl":"https:\/\/valika.eu\/wp-content\/uploads\/2023\/11\/logo2-valika-footer.png","width":200,"height":129,"caption":"Salongitoode O\u00dc"},"image":{"@id":"https:\/\/valika.eu\/fi\/#\/schema\/logo\/image\/"},"sameAs":["https:\/\/www.facebook.com\/tipsi.net"]}]}},"jetpack_sharing_enabled":true,"_links":{"self":[{"href":"https:\/\/valika.eu\/fi\/wp-json\/wp\/v2\/product\/1202","targetHints":{"allow":["GET"]}}],"collection":[{"href":"https:\/\/valika.eu\/fi\/wp-json\/wp\/v2\/product"}],"about":[{"href":"https:\/\/valika.eu\/fi\/wp-json\/wp\/v2\/types\/product"}],"wp:featuredmedia":[{"embeddable":true,"href":"https:\/\/valika.eu\/fi\/wp-json\/wp\/v2\/media\/1205"}],"wp:attachment":[{"href":"https:\/\/valika.eu\/fi\/wp-json\/wp\/v2\/media?parent=1202"}],"wp:term":[{"taxonomy":"product_brand","embeddable":true,"href":"https:\/\/valika.eu\/fi\/wp-json\/wp\/v2\/product_brand?post=1202"},{"taxonomy":"product_cat","embeddable":true,"href":"https:\/\/valika.eu\/fi\/wp-json\/wp\/v2\/product_cat?post=1202"},{"taxonomy":"product_tag","embeddable":true,"href":"https:\/\/valika.eu\/fi\/wp-json\/wp\/v2\/product_tag?post=1202"}],"curies":[{"name":"wp","href":"https:\/\/api.w.org\/{rel}","templated":true}]}}