{"id":12043,"date":"2025-01-09T07:22:46","date_gmt":"2025-01-09T05:22:46","guid":{"rendered":"https:\/\/valika.eu\/toode\/claresa-festival-vibes-geeljas-brokaat-02-we-found-love-95g\/"},"modified":"2025-07-02T05:01:19","modified_gmt":"2025-07-02T02:01:19","slug":"claresa-festival-vibes-geeljas-brokaat-02-we-found-love-95g","status":"publish","type":"product","link":"https:\/\/valika.eu\/fi\/toode\/claresa-festival-vibes-geeljas-brokaat-02-we-found-love-95g\/","title":{"rendered":"Claresa FESTIVAL VIBES Geeliglitteri 02 WE FOUND LOVE 9,5g"},"content":{"rendered":"<p>L\u00f6yd\u00e4 festivaaliloiston ainutlaatuiset v\u00e4r\u00e4htelyt Festival Vibes -geeliglittereill\u00e4! Anna itsesi tempautua mukaan v\u00e4rien py\u00f6rteilev\u00e4\u00e4n aaltoon, joka valaisee ulkon\u00e4k\u00f6si. Moniv\u00e4riset, eritt\u00e4in kimaltelevat hiukkaset luovat unohtumattoman vaikutelman ja kiinnitt\u00e4v\u00e4t kaikkien ymp\u00e4rill\u00e4si olevien huomion, k\u00e4ytitp\u00e4 niit\u00e4 miten tahansa! Levit\u00e4 niit\u00e4 vartalollesi, kasvoillesi, hiuksiisi ja tee tyylist\u00e4si \u2013 kirjaimellisesti \u2013 h\u00e4ik\u00e4isev\u00e4!<\/p>\n<p>K\u00c4YTT\u00d6<\/p>\n<p>Glitterhiukkaset ovat eritt\u00e4in tiivistettyj\u00e4, joten WOW-efekti on taattu! V\u00e4ritt\u00f6m\u00e4n pohjan ansiosta sinun ei tarvitse huolehtia raidoista \u2013 glitter luo kimaltelevan, hiukkasmaiselta n\u00e4ytt\u00e4v\u00e4n pinnan vartalollesi. Sile\u00e4, geelim\u00e4inen koostumus mahdollistaa helpon ja tarkan levityksen \u2013 parhaiten litte\u00e4ll\u00e4 siveltimell\u00e4 tai yksinkertaisesti sormella.<\/p>\n<p>HAUSKA FAKTA<\/p>\n<p>Kun glitter on levitetty, se kiinnittyy t\u00e4ysin, joten sinun ei tarvitse huolehtia kest\u00e4vyydest\u00e4, varisemisesta tai likaisista vaatteista. Koostumus on pitk\u00e4kestoinen ja tarttuu voimakkaasti ihoon. Lis\u00e4ksi herk\u00e4t glitterhiukkaset ovat tarpeeksi pehmeit\u00e4, etteiv\u00e4t ne aiheuta iho\u00e4rsytyst\u00e4 \u2013 edes poistettaessa!<\/p>\n<p>MEIKKITAITEILIJAN VINKKI<\/p>\n<p>Aloita seikkailusi Festival Vibesin kanssa ja l\u00f6yd\u00e4 lukemattomia mahdollisuuksia! K\u00e4yt\u00e4 glitteri\u00e4 hiuksissasi, levit\u00e4 sit\u00e4 vartalollesi, k\u00e4yt\u00e4 sit\u00e4 korostusv\u00e4rin sijasta tai korosta silm\u00e4meikki\u00e4si sill\u00e4! Tai ehk\u00e4 kokeile k\u00e4ytt\u00e4\u00e4 useita Festival Vibes -s\u00e4vyj\u00e4 yhdess\u00e4 tyyliss\u00e4? Anna luovuutesi kukoistaa ja tunne Festival Vibes!<\/p>","protected":false},"excerpt":{"rendered":"<p>L\u00f6yd\u00e4 festivaaliloiston ainutlaatuiset v\u00e4r\u00e4htelyt Festival Vibes -geeliglittereill\u00e4! Anna itsesi tempautua mukaan v\u00e4rien py\u00f6rteilev\u00e4\u00e4n aaltoon, joka valaisee ulkon\u00e4k\u00f6si. Moniv\u00e4riset, eritt\u00e4in kimaltelevat<\/p>\n","protected":false},"featured_media":12042,"template":"","meta":[],"product_brand":[],"product_cat":[692,693],"product_tag":[],"class_list":{"0":"post-12043","1":"product","2":"type-product","3":"status-publish","4":"has-post-thumbnail","6":"product_cat-highlighter","7":"product_cat-pressed-highlighter","9":"first","10":"instock","11":"taxable","12":"shipping-taxable","13":"purchasable","14":"product-type-simple"},"yoast_head":"<!-- This site is optimized with the Yoast SEO plugin v24.4 - https:\/\/yoast.com\/wordpress\/plugins\/seo\/ -->\n<title>Claresa FESTIVAL VIBES Geeliglitteri 02 WE FOUND LOVE 9,5g | Valika<\/title>\n<meta name=\"robots\" content=\"index, follow, max-snippet:-1, max-image-preview:large, max-video-preview:-1\" \/>\n<link rel=\"canonical\" href=\"https:\/\/valika.eu\/fi\/toode\/claresa-festival-vibes-geeljas-brokaat-02-we-found-love-95g\/\" \/>\n<meta property=\"og:locale\" content=\"fi_FI\" \/>\n<meta property=\"og:type\" content=\"article\" \/>\n<meta property=\"og:title\" content=\"Claresa FESTIVAL VIBES Geeliglitteri 02 WE FOUND LOVE 9,5g | Valika\" \/>\n<meta property=\"og:description\" content=\"L\u00f6yd\u00e4 festivaaliloiston ainutlaatuiset v\u00e4r\u00e4htelyt Festival Vibes -geeliglittereill\u00e4! Anna itsesi tempautua mukaan v\u00e4rien py\u00f6rteilev\u00e4\u00e4n aaltoon, joka valaisee ulkon\u00e4k\u00f6si. Moniv\u00e4riset, eritt\u00e4in kimaltelevat\" \/>\n<meta property=\"og:url\" content=\"https:\/\/valika.eu\/fi\/toode\/claresa-festival-vibes-geeljas-brokaat-02-we-found-love-95g\/\" \/>\n<meta property=\"og:site_name\" content=\"Valika\" \/>\n<meta property=\"article:publisher\" content=\"https:\/\/www.facebook.com\/tipsi.net\" \/>\n<meta property=\"article:modified_time\" content=\"2025-07-02T02:01:19+00:00\" \/>\n<meta property=\"og:image\" content=\"https:\/\/valika.eu\/wp-content\/uploads\/2025\/01\/14188.jpg\" \/>\n\t<meta property=\"og:image:width\" content=\"2048\" \/>\n\t<meta property=\"og:image:height\" content=\"2048\" \/>\n\t<meta property=\"og:image:type\" content=\"image\/jpeg\" \/>\n<meta name=\"twitter:card\" content=\"summary_large_image\" \/>\n<script type=\"application\/ld+json\" class=\"yoast-schema-graph\">{\"@context\":\"https:\/\/schema.org\",\"@graph\":[{\"@type\":\"WebPage\",\"@id\":\"https:\/\/valika.eu\/fi\/toode\/claresa-festival-vibes-geeljas-brokaat-02-we-found-love-95g\/\",\"url\":\"https:\/\/valika.eu\/fi\/toode\/claresa-festival-vibes-geeljas-brokaat-02-we-found-love-95g\/\",\"name\":\"Claresa FESTIVAL VIBES Geeliglitteri 02 WE FOUND LOVE 9,5g | Valika\",\"isPartOf\":{\"@id\":\"https:\/\/valika.eu\/fi\/#website\"},\"primaryImageOfPage\":{\"@id\":\"https:\/\/valika.eu\/fi\/toode\/claresa-festival-vibes-geeljas-brokaat-02-we-found-love-95g\/#primaryimage\"},\"image\":{\"@id\":\"https:\/\/valika.eu\/toode\/claresa-festival-vibes-geeljas-brokaat-02-we-found-love-95g\/#primaryimage\"},\"thumbnailUrl\":\"https:\/\/valika.eu\/wp-content\/uploads\/2025\/01\/14188.jpg\",\"datePublished\":\"2025-01-09T05:22:46+00:00\",\"dateModified\":\"2025-07-02T02:01:19+00:00\",\"breadcrumb\":{\"@id\":\"https:\/\/valika.eu\/fi\/toode\/claresa-festival-vibes-geeljas-brokaat-02-we-found-love-95g\/#breadcrumb\"},\"inLanguage\":\"fi\",\"potentialAction\":[{\"@type\":\"ReadAction\",\"target\":[[\"https:\/\/valika.eu\/fi\/toode\/claresa-festival-vibes-geeljas-brokaat-02-we-found-love-95g\/\"]]}]},{\"@type\":\"ImageObject\",\"inLanguage\":\"fi\",\"@id\":\"https:\/\/valika.eu\/fi\/toode\/claresa-festival-vibes-geeljas-brokaat-02-we-found-love-95g\/#primaryimage\",\"url\":\"https:\/\/valika.eu\/wp-content\/uploads\/2025\/01\/14188.jpg\",\"contentUrl\":\"https:\/\/valika.eu\/wp-content\/uploads\/2025\/01\/14188.jpg\",\"width\":2048,\"height\":2048},{\"@type\":\"BreadcrumbList\",\"@id\":\"https:\/\/valika.eu\/fi\/toode\/claresa-festival-vibes-geeljas-brokaat-02-we-found-love-95g\/#breadcrumb\",\"itemListElement\":[{\"@type\":\"ListItem\",\"position\":1,\"name\":\"Koti\",\"item\":\"https:\/\/valika.eu\/fi\/\"},{\"@type\":\"ListItem\",\"position\":2,\"name\":\"Shop\",\"item\":\"https:\/\/valika.eu\/fi\/\"},{\"@type\":\"ListItem\",\"position\":3,\"name\":\"Claresa FESTIVAL VIBES Glitter Gel 02 WE FOUND LOVE 9.5g\"}]},{\"@type\":\"WebSite\",\"@id\":\"https:\/\/valika.eu\/fi\/#website\",\"url\":\"https:\/\/valika.eu\/fi\/\",\"name\":\"Valika.eu\",\"description\":\"Salonkituotteet ja kauneudenhoitotuotteet - Valika tarjoaa laajan valikoiman tuotteita ja tarvikkeita kynsiteknikoille, kauneushoitoloille, kampaamoille ja kampaamoille.\",\"publisher\":{\"@id\":\"https:\/\/valika.eu\/fi\/#organization\"},\"alternateName\":\"Valika\",\"potentialAction\":[{\"@type\":\"SearchAction\",\"target\":{\"@type\":\"EntryPoint\",\"urlTemplate\":\"https:\/\/valika.eu\/fi\/?s={search_term_string}\"},\"query-input\":{\"@type\":\"PropertyValueSpecification\",\"valueRequired\":true,\"valueName\":\"search_term_string\"}}],\"inLanguage\":\"fi\"},{\"@type\":\"Organization\",\"@id\":\"https:\/\/valika.eu\/fi\/#organization\",\"name\":\"Salongitoode O\u00dc\",\"alternateName\":\"Valika\",\"url\":\"https:\/\/valika.eu\/fi\/\",\"logo\":{\"@type\":\"ImageObject\",\"inLanguage\":\"fi\",\"@id\":\"https:\/\/valika.eu\/fi\/#\/schema\/logo\/image\/\",\"url\":\"https:\/\/valika.eu\/wp-content\/uploads\/2023\/11\/logo2-valika-footer.png\",\"contentUrl\":\"https:\/\/valika.eu\/wp-content\/uploads\/2023\/11\/logo2-valika-footer.png\",\"width\":200,\"height\":129,\"caption\":\"Salongitoode O\u00dc\"},\"image\":{\"@id\":\"https:\/\/valika.eu\/fi\/#\/schema\/logo\/image\/\"},\"sameAs\":[\"https:\/\/www.facebook.com\/tipsi.net\"]}]}<\/script>\n<!-- \/ Yoast SEO plugin. -->","yoast_head_json":{"title":"Claresa FESTIVAL VIBES Geeliglitteri 02 WE FOUND LOVE 9,5g | Valika","robots":{"index":"index","follow":"follow","max-snippet":"max-snippet:-1","max-image-preview":"max-image-preview:large","max-video-preview":"max-video-preview:-1"},"canonical":"https:\/\/valika.eu\/fi\/toode\/claresa-festival-vibes-geeljas-brokaat-02-we-found-love-95g\/","og_locale":"fi_FI","og_type":"article","og_title":"Claresa FESTIVAL VIBES Geeliglitteri 02 WE FOUND LOVE 9,5g | Valika","og_description":"L\u00f6yd\u00e4 festivaaliloiston ainutlaatuiset v\u00e4r\u00e4htelyt Festival Vibes -geeliglittereill\u00e4! Anna itsesi tempautua mukaan v\u00e4rien py\u00f6rteilev\u00e4\u00e4n aaltoon, joka valaisee ulkon\u00e4k\u00f6si. Moniv\u00e4riset, eritt\u00e4in kimaltelevat","og_url":"https:\/\/valika.eu\/fi\/toode\/claresa-festival-vibes-geeljas-brokaat-02-we-found-love-95g\/","og_site_name":"Valika","article_publisher":"https:\/\/www.facebook.com\/tipsi.net","article_modified_time":"2025-07-02T02:01:19+00:00","og_image":[{"width":2048,"height":2048,"url":"https:\/\/valika.eu\/wp-content\/uploads\/2025\/01\/14188.jpg","type":"image\/jpeg"}],"twitter_card":"summary_large_image","schema":{"@context":"https:\/\/schema.org","@graph":[{"@type":"WebPage","@id":"https:\/\/valika.eu\/fi\/toode\/claresa-festival-vibes-geeljas-brokaat-02-we-found-love-95g\/","url":"https:\/\/valika.eu\/fi\/toode\/claresa-festival-vibes-geeljas-brokaat-02-we-found-love-95g\/","name":"Claresa FESTIVAL VIBES Geeliglitteri 02 WE FOUND LOVE 9,5g | Valika","isPartOf":{"@id":"https:\/\/valika.eu\/fi\/#website"},"primaryImageOfPage":{"@id":"https:\/\/valika.eu\/fi\/toode\/claresa-festival-vibes-geeljas-brokaat-02-we-found-love-95g\/#primaryimage"},"image":{"@id":"https:\/\/valika.eu\/toode\/claresa-festival-vibes-geeljas-brokaat-02-we-found-love-95g\/#primaryimage"},"thumbnailUrl":"https:\/\/valika.eu\/wp-content\/uploads\/2025\/01\/14188.jpg","datePublished":"2025-01-09T05:22:46+00:00","dateModified":"2025-07-02T02:01:19+00:00","breadcrumb":{"@id":"https:\/\/valika.eu\/fi\/toode\/claresa-festival-vibes-geeljas-brokaat-02-we-found-love-95g\/#breadcrumb"},"inLanguage":"fi","potentialAction":[{"@type":"ReadAction","target":[["https:\/\/valika.eu\/fi\/toode\/claresa-festival-vibes-geeljas-brokaat-02-we-found-love-95g\/"]]}]},{"@type":"ImageObject","inLanguage":"fi","@id":"https:\/\/valika.eu\/fi\/toode\/claresa-festival-vibes-geeljas-brokaat-02-we-found-love-95g\/#primaryimage","url":"https:\/\/valika.eu\/wp-content\/uploads\/2025\/01\/14188.jpg","contentUrl":"https:\/\/valika.eu\/wp-content\/uploads\/2025\/01\/14188.jpg","width":2048,"height":2048},{"@type":"BreadcrumbList","@id":"https:\/\/valika.eu\/fi\/toode\/claresa-festival-vibes-geeljas-brokaat-02-we-found-love-95g\/#breadcrumb","itemListElement":[{"@type":"ListItem","position":1,"name":"Koti","item":"https:\/\/valika.eu\/fi\/"},{"@type":"ListItem","position":2,"name":"Shop","item":"https:\/\/valika.eu\/fi\/"},{"@type":"ListItem","position":3,"name":"Claresa FESTIVAL VIBES Glitter Gel 02 WE FOUND LOVE 9.5g"}]},{"@type":"WebSite","@id":"https:\/\/valika.eu\/fi\/#website","url":"https:\/\/valika.eu\/fi\/","name":"Valika.eu","description":"Salonkituotteet ja kauneudenhoitotuotteet - Valika tarjoaa laajan valikoiman tuotteita ja tarvikkeita kynsiteknikoille, kauneushoitoloille, kampaamoille ja kampaamoille.","publisher":{"@id":"https:\/\/valika.eu\/fi\/#organization"},"alternateName":"Valika","potentialAction":[{"@type":"SearchAction","target":{"@type":"EntryPoint","urlTemplate":"https:\/\/valika.eu\/fi\/?s={search_term_string}"},"query-input":{"@type":"PropertyValueSpecification","valueRequired":true,"valueName":"search_term_string"}}],"inLanguage":"fi"},{"@type":"Organization","@id":"https:\/\/valika.eu\/fi\/#organization","name":"Salongitoode O\u00dc","alternateName":"Valika","url":"https:\/\/valika.eu\/fi\/","logo":{"@type":"ImageObject","inLanguage":"fi","@id":"https:\/\/valika.eu\/fi\/#\/schema\/logo\/image\/","url":"https:\/\/valika.eu\/wp-content\/uploads\/2023\/11\/logo2-valika-footer.png","contentUrl":"https:\/\/valika.eu\/wp-content\/uploads\/2023\/11\/logo2-valika-footer.png","width":200,"height":129,"caption":"Salongitoode O\u00dc"},"image":{"@id":"https:\/\/valika.eu\/fi\/#\/schema\/logo\/image\/"},"sameAs":["https:\/\/www.facebook.com\/tipsi.net"]}]}},"jetpack_sharing_enabled":true,"_links":{"self":[{"href":"https:\/\/valika.eu\/fi\/wp-json\/wp\/v2\/product\/12043","targetHints":{"allow":["GET"]}}],"collection":[{"href":"https:\/\/valika.eu\/fi\/wp-json\/wp\/v2\/product"}],"about":[{"href":"https:\/\/valika.eu\/fi\/wp-json\/wp\/v2\/types\/product"}],"wp:featuredmedia":[{"embeddable":true,"href":"https:\/\/valika.eu\/fi\/wp-json\/wp\/v2\/media\/12042"}],"wp:attachment":[{"href":"https:\/\/valika.eu\/fi\/wp-json\/wp\/v2\/media?parent=12043"}],"wp:term":[{"taxonomy":"product_brand","embeddable":true,"href":"https:\/\/valika.eu\/fi\/wp-json\/wp\/v2\/product_brand?post=12043"},{"taxonomy":"product_cat","embeddable":true,"href":"https:\/\/valika.eu\/fi\/wp-json\/wp\/v2\/product_cat?post=12043"},{"taxonomy":"product_tag","embeddable":true,"href":"https:\/\/valika.eu\/fi\/wp-json\/wp\/v2\/product_tag?post=12043"}],"curies":[{"name":"wp","href":"https:\/\/api.w.org\/{rel}","templated":true}]}}