{"id":12072,"date":"2025-01-09T07:27:44","date_gmt":"2025-01-09T05:27:44","guid":{"rendered":"https:\/\/valika.eu\/toode\/claresa-esiletostja-john-glow-gold-bar-01\/"},"modified":"2025-11-24T20:18:03","modified_gmt":"2025-11-24T18:18:03","slug":"claresa-esiletostja-john-glow-gold-bar-01","status":"publish","type":"product","link":"https:\/\/valika.eu\/fi\/toode\/claresa-esiletostja-john-glow-gold-bar-01\/","title":{"rendered":"Claresa korostuspuuteri John Glow GOLD BAR 01"},"content":{"rendered":"<p><\/p>\n<p><strong><img loading=\"lazy\" decoding=\"async\" src=\"\/userdata\/public\/assets\/\/John%20Glow%201960%20x%20740.jpg\" alt=\"\" width=\"1960\" height=\"740\" \/><\/strong><\/p>\n<p><strong>JOHN GLOW<\/strong><\/p>\n<p><strong>Puuterimainen korostusv\u00e4ri<\/strong><\/p>\n<p>Haluatko h\u00e4ik\u00e4ist\u00e4 ihollasi kiilt\u00e4v\u00e4ll\u00e4 hohteella?<\/p>\n<p><strong>JOHN GLOW<\/strong> tarjoaa monidimensionaalisen korostusvaikutuksen, jonka intensiteetti\u00e4 voit s\u00e4\u00e4t\u00e4\u00e4 hienovaraisesta hohteesta maksimaaliseen hehkuun. Uniikit s\u00e4vyt mukautuvat t\u00e4ydellisesti ihonv\u00e4riisi, tuoden esiin sen ainutlaatuisen hehkun.<\/p>\n<p><strong>HAUSKA FAKTA<\/strong><\/p>\n<p>Vegaaninen, silkkisen kevyt koostumus on rikas karnaubavahassa, joka suojaa ihoa kosteuden menetykselt\u00e4 ja luo ravitsevan, silottavan kalvon iholle. Koostumuksen mica ja synteettinen mica heijastavat valoa, v\u00e4hent\u00e4en siten optisesti hienojen juonteiden ja ihon ep\u00e4t\u00e4ydellisyyksien n\u00e4kyvyytt\u00e4.<\/p>\n<p><strong>K\u00c4YTT\u00d6<\/strong><\/p>\n<p>Levit\u00e4 korostusv\u00e4ri\u00e4 pehme\u00e4ll\u00e4 siveltimell\u00e4 poskip\u00e4iden korkeimpiin kohtiin, amorinkaareen, nen\u00e4np\u00e4\u00e4h\u00e4n, kulmakaaren alle ja dekolteelle. Toista vaiheet, kunnes haluttu intensiteetti on saavutettu.<\/p>\n<p><strong>MEIKKITAITEILIJAN VINKKI<\/strong><\/p>\n<p>Strobing on meikkaustekniikka, joka muotoilee kasvoja valolla. Valitse t\u00e4ydellinen John Glow -v\u00e4risi tuodaksesi esiin ihon luonnollisen hehkun. Levit\u00e4 se pehme\u00e4ll\u00e4 siveltimell\u00e4<\/p>\n<p>ja korosta kulmakaaren alapuolta, silm\u00e4n sis\u00e4nurkkaa, amorinkaarta, nen\u00e4n siltaa ja k\u00e4rke\u00e4.<\/p>\n<p>Korosta leukaa ja otsaa liikkeell\u00e4, joka muistuttaa yl\u00f6salaisin olevaa kolmiota. Korosta poskip\u00e4iden korkeimpia kohtia luoden &#8220;C&#8221;-muoto kohti ohimoita ja kulmakaaria.<\/p>\n<p>Vaikuta raikkaalla ja s\u00e4teilev\u00e4ll\u00e4 ilmeell\u00e4!<\/p>\n<\/p>\n<div class=\"video-container\"><\/div>\n<div class=\"video-container\"><\/div>\n<p><\/p>","protected":false},"excerpt":{"rendered":"<p>JOHN GLOW Puuterimainen korostusv\u00e4ri Haluatko h\u00e4ik\u00e4ist\u00e4 ihollasi kiilt\u00e4v\u00e4ll\u00e4 hohteella? JOHN GLOW tarjoaa monidimensionaalisen korostusvaikutuksen, jonka intensiteetti\u00e4 voit s\u00e4\u00e4t\u00e4\u00e4 hienovaraisesta hohteesta<\/p>\n","protected":false},"featured_media":12071,"template":"","meta":[],"product_brand":[],"product_cat":[693],"product_tag":[],"class_list":{"0":"post-12072","1":"product","2":"type-product","3":"status-publish","4":"has-post-thumbnail","6":"product_cat-pressed-highlighter","8":"first","9":"instock","10":"taxable","11":"shipping-taxable","12":"purchasable","13":"product-type-simple"},"yoast_head":"<!-- This site is optimized with the Yoast SEO plugin v24.4 - https:\/\/yoast.com\/wordpress\/plugins\/seo\/ -->\n<title>Claresa korostuspuuteri John Glow GOLD BAR 01 | Valika<\/title>\n<meta name=\"robots\" content=\"index, follow, max-snippet:-1, max-image-preview:large, max-video-preview:-1\" \/>\n<link rel=\"canonical\" href=\"https:\/\/valika.eu\/fi\/toode\/claresa-esiletostja-john-glow-gold-bar-01\/\" \/>\n<meta property=\"og:locale\" content=\"fi_FI\" \/>\n<meta property=\"og:type\" content=\"article\" \/>\n<meta property=\"og:title\" content=\"Claresa korostuspuuteri John Glow GOLD BAR 01 | Valika\" \/>\n<meta property=\"og:description\" content=\"JOHN GLOW Puuterimainen korostusv\u00e4ri Haluatko h\u00e4ik\u00e4ist\u00e4 ihollasi kiilt\u00e4v\u00e4ll\u00e4 hohteella? JOHN GLOW tarjoaa monidimensionaalisen korostusvaikutuksen, jonka intensiteetti\u00e4 voit s\u00e4\u00e4t\u00e4\u00e4 hienovaraisesta hohteesta\" \/>\n<meta property=\"og:url\" content=\"https:\/\/valika.eu\/fi\/toode\/claresa-esiletostja-john-glow-gold-bar-01\/\" \/>\n<meta property=\"og:site_name\" content=\"Valika\" \/>\n<meta property=\"article:publisher\" content=\"https:\/\/www.facebook.com\/tipsi.net\" \/>\n<meta property=\"article:modified_time\" content=\"2025-11-24T18:18:03+00:00\" \/>\n<meta property=\"og:image\" content=\"https:\/\/valika.eu\/wp-content\/uploads\/2025\/01\/3866.jpg\" \/>\n\t<meta property=\"og:image:width\" content=\"1500\" \/>\n\t<meta property=\"og:image:height\" content=\"1500\" \/>\n\t<meta property=\"og:image:type\" content=\"image\/jpeg\" \/>\n<meta name=\"twitter:card\" content=\"summary_large_image\" \/>\n<script type=\"application\/ld+json\" class=\"yoast-schema-graph\">{\"@context\":\"https:\/\/schema.org\",\"@graph\":[{\"@type\":\"WebPage\",\"@id\":\"https:\/\/valika.eu\/fi\/toode\/claresa-esiletostja-john-glow-gold-bar-01\/\",\"url\":\"https:\/\/valika.eu\/fi\/toode\/claresa-esiletostja-john-glow-gold-bar-01\/\",\"name\":\"Claresa korostuspuuteri John Glow GOLD BAR 01 | Valika\",\"isPartOf\":{\"@id\":\"https:\/\/valika.eu\/fi\/#website\"},\"primaryImageOfPage\":{\"@id\":\"https:\/\/valika.eu\/fi\/toode\/claresa-esiletostja-john-glow-gold-bar-01\/#primaryimage\"},\"image\":{\"@id\":\"https:\/\/valika.eu\/toode\/claresa-esiletostja-john-glow-gold-bar-01\/#primaryimage\"},\"thumbnailUrl\":\"https:\/\/valika.eu\/wp-content\/uploads\/2025\/01\/3866.jpg\",\"datePublished\":\"2025-01-09T05:27:44+00:00\",\"dateModified\":\"2025-11-24T18:18:03+00:00\",\"breadcrumb\":{\"@id\":\"https:\/\/valika.eu\/fi\/toode\/claresa-esiletostja-john-glow-gold-bar-01\/#breadcrumb\"},\"inLanguage\":\"fi\",\"potentialAction\":[{\"@type\":\"ReadAction\",\"target\":[[\"https:\/\/valika.eu\/fi\/toode\/claresa-esiletostja-john-glow-gold-bar-01\/\"]]}]},{\"@type\":\"ImageObject\",\"inLanguage\":\"fi\",\"@id\":\"https:\/\/valika.eu\/fi\/toode\/claresa-esiletostja-john-glow-gold-bar-01\/#primaryimage\",\"url\":\"https:\/\/valika.eu\/wp-content\/uploads\/2025\/01\/3866.jpg\",\"contentUrl\":\"https:\/\/valika.eu\/wp-content\/uploads\/2025\/01\/3866.jpg\",\"width\":1500,\"height\":1500},{\"@type\":\"BreadcrumbList\",\"@id\":\"https:\/\/valika.eu\/fi\/toode\/claresa-esiletostja-john-glow-gold-bar-01\/#breadcrumb\",\"itemListElement\":[{\"@type\":\"ListItem\",\"position\":1,\"name\":\"Koti\",\"item\":\"https:\/\/valika.eu\/fi\/\"},{\"@type\":\"ListItem\",\"position\":2,\"name\":\"Shop\",\"item\":\"https:\/\/valika.eu\/fi\/\"},{\"@type\":\"ListItem\",\"position\":3,\"name\":\"Claresa highlighter John Glow GOLD BAR 01\"}]},{\"@type\":\"WebSite\",\"@id\":\"https:\/\/valika.eu\/fi\/#website\",\"url\":\"https:\/\/valika.eu\/fi\/\",\"name\":\"Valika.eu\",\"description\":\"Salonkituotteet ja kauneudenhoitotuotteet - Valika tarjoaa laajan valikoiman tuotteita ja tarvikkeita kynsiteknikoille, kauneushoitoloille, kampaamoille ja kampaamoille.\",\"publisher\":{\"@id\":\"https:\/\/valika.eu\/fi\/#organization\"},\"alternateName\":\"Valika\",\"potentialAction\":[{\"@type\":\"SearchAction\",\"target\":{\"@type\":\"EntryPoint\",\"urlTemplate\":\"https:\/\/valika.eu\/fi\/?s={search_term_string}\"},\"query-input\":{\"@type\":\"PropertyValueSpecification\",\"valueRequired\":true,\"valueName\":\"search_term_string\"}}],\"inLanguage\":\"fi\"},{\"@type\":\"Organization\",\"@id\":\"https:\/\/valika.eu\/fi\/#organization\",\"name\":\"Salongitoode O\u00dc\",\"alternateName\":\"Valika\",\"url\":\"https:\/\/valika.eu\/fi\/\",\"logo\":{\"@type\":\"ImageObject\",\"inLanguage\":\"fi\",\"@id\":\"https:\/\/valika.eu\/fi\/#\/schema\/logo\/image\/\",\"url\":\"https:\/\/valika.eu\/wp-content\/uploads\/2023\/11\/logo2-valika-footer.png\",\"contentUrl\":\"https:\/\/valika.eu\/wp-content\/uploads\/2023\/11\/logo2-valika-footer.png\",\"width\":200,\"height\":129,\"caption\":\"Salongitoode O\u00dc\"},\"image\":{\"@id\":\"https:\/\/valika.eu\/fi\/#\/schema\/logo\/image\/\"},\"sameAs\":[\"https:\/\/www.facebook.com\/tipsi.net\"]}]}<\/script>\n<!-- \/ Yoast SEO plugin. -->","yoast_head_json":{"title":"Claresa korostuspuuteri John Glow GOLD BAR 01 | Valika","robots":{"index":"index","follow":"follow","max-snippet":"max-snippet:-1","max-image-preview":"max-image-preview:large","max-video-preview":"max-video-preview:-1"},"canonical":"https:\/\/valika.eu\/fi\/toode\/claresa-esiletostja-john-glow-gold-bar-01\/","og_locale":"fi_FI","og_type":"article","og_title":"Claresa korostuspuuteri John Glow GOLD BAR 01 | Valika","og_description":"JOHN GLOW Puuterimainen korostusv\u00e4ri Haluatko h\u00e4ik\u00e4ist\u00e4 ihollasi kiilt\u00e4v\u00e4ll\u00e4 hohteella? JOHN GLOW tarjoaa monidimensionaalisen korostusvaikutuksen, jonka intensiteetti\u00e4 voit s\u00e4\u00e4t\u00e4\u00e4 hienovaraisesta hohteesta","og_url":"https:\/\/valika.eu\/fi\/toode\/claresa-esiletostja-john-glow-gold-bar-01\/","og_site_name":"Valika","article_publisher":"https:\/\/www.facebook.com\/tipsi.net","article_modified_time":"2025-11-24T18:18:03+00:00","og_image":[{"width":1500,"height":1500,"url":"https:\/\/valika.eu\/wp-content\/uploads\/2025\/01\/3866.jpg","type":"image\/jpeg"}],"twitter_card":"summary_large_image","schema":{"@context":"https:\/\/schema.org","@graph":[{"@type":"WebPage","@id":"https:\/\/valika.eu\/fi\/toode\/claresa-esiletostja-john-glow-gold-bar-01\/","url":"https:\/\/valika.eu\/fi\/toode\/claresa-esiletostja-john-glow-gold-bar-01\/","name":"Claresa korostuspuuteri John Glow GOLD BAR 01 | Valika","isPartOf":{"@id":"https:\/\/valika.eu\/fi\/#website"},"primaryImageOfPage":{"@id":"https:\/\/valika.eu\/fi\/toode\/claresa-esiletostja-john-glow-gold-bar-01\/#primaryimage"},"image":{"@id":"https:\/\/valika.eu\/toode\/claresa-esiletostja-john-glow-gold-bar-01\/#primaryimage"},"thumbnailUrl":"https:\/\/valika.eu\/wp-content\/uploads\/2025\/01\/3866.jpg","datePublished":"2025-01-09T05:27:44+00:00","dateModified":"2025-11-24T18:18:03+00:00","breadcrumb":{"@id":"https:\/\/valika.eu\/fi\/toode\/claresa-esiletostja-john-glow-gold-bar-01\/#breadcrumb"},"inLanguage":"fi","potentialAction":[{"@type":"ReadAction","target":[["https:\/\/valika.eu\/fi\/toode\/claresa-esiletostja-john-glow-gold-bar-01\/"]]}]},{"@type":"ImageObject","inLanguage":"fi","@id":"https:\/\/valika.eu\/fi\/toode\/claresa-esiletostja-john-glow-gold-bar-01\/#primaryimage","url":"https:\/\/valika.eu\/wp-content\/uploads\/2025\/01\/3866.jpg","contentUrl":"https:\/\/valika.eu\/wp-content\/uploads\/2025\/01\/3866.jpg","width":1500,"height":1500},{"@type":"BreadcrumbList","@id":"https:\/\/valika.eu\/fi\/toode\/claresa-esiletostja-john-glow-gold-bar-01\/#breadcrumb","itemListElement":[{"@type":"ListItem","position":1,"name":"Koti","item":"https:\/\/valika.eu\/fi\/"},{"@type":"ListItem","position":2,"name":"Shop","item":"https:\/\/valika.eu\/fi\/"},{"@type":"ListItem","position":3,"name":"Claresa highlighter John Glow GOLD BAR 01"}]},{"@type":"WebSite","@id":"https:\/\/valika.eu\/fi\/#website","url":"https:\/\/valika.eu\/fi\/","name":"Valika.eu","description":"Salonkituotteet ja kauneudenhoitotuotteet - Valika tarjoaa laajan valikoiman tuotteita ja tarvikkeita kynsiteknikoille, kauneushoitoloille, kampaamoille ja kampaamoille.","publisher":{"@id":"https:\/\/valika.eu\/fi\/#organization"},"alternateName":"Valika","potentialAction":[{"@type":"SearchAction","target":{"@type":"EntryPoint","urlTemplate":"https:\/\/valika.eu\/fi\/?s={search_term_string}"},"query-input":{"@type":"PropertyValueSpecification","valueRequired":true,"valueName":"search_term_string"}}],"inLanguage":"fi"},{"@type":"Organization","@id":"https:\/\/valika.eu\/fi\/#organization","name":"Salongitoode O\u00dc","alternateName":"Valika","url":"https:\/\/valika.eu\/fi\/","logo":{"@type":"ImageObject","inLanguage":"fi","@id":"https:\/\/valika.eu\/fi\/#\/schema\/logo\/image\/","url":"https:\/\/valika.eu\/wp-content\/uploads\/2023\/11\/logo2-valika-footer.png","contentUrl":"https:\/\/valika.eu\/wp-content\/uploads\/2023\/11\/logo2-valika-footer.png","width":200,"height":129,"caption":"Salongitoode O\u00dc"},"image":{"@id":"https:\/\/valika.eu\/fi\/#\/schema\/logo\/image\/"},"sameAs":["https:\/\/www.facebook.com\/tipsi.net"]}]}},"jetpack_sharing_enabled":true,"_links":{"self":[{"href":"https:\/\/valika.eu\/fi\/wp-json\/wp\/v2\/product\/12072","targetHints":{"allow":["GET"]}}],"collection":[{"href":"https:\/\/valika.eu\/fi\/wp-json\/wp\/v2\/product"}],"about":[{"href":"https:\/\/valika.eu\/fi\/wp-json\/wp\/v2\/types\/product"}],"wp:featuredmedia":[{"embeddable":true,"href":"https:\/\/valika.eu\/fi\/wp-json\/wp\/v2\/media\/12071"}],"wp:attachment":[{"href":"https:\/\/valika.eu\/fi\/wp-json\/wp\/v2\/media?parent=12072"}],"wp:term":[{"taxonomy":"product_brand","embeddable":true,"href":"https:\/\/valika.eu\/fi\/wp-json\/wp\/v2\/product_brand?post=12072"},{"taxonomy":"product_cat","embeddable":true,"href":"https:\/\/valika.eu\/fi\/wp-json\/wp\/v2\/product_cat?post=12072"},{"taxonomy":"product_tag","embeddable":true,"href":"https:\/\/valika.eu\/fi\/wp-json\/wp\/v2\/product_tag?post=12072"}],"curies":[{"name":"wp","href":"https:\/\/api.w.org\/{rel}","templated":true}]}}