{"id":12126,"date":"2025-01-09T07:41:09","date_gmt":"2025-01-09T05:41:09","guid":{"rendered":"https:\/\/valika.eu\/toode\/claresa-smooth-truth-silendav-naoseerum-16g\/"},"modified":"2025-07-02T05:01:18","modified_gmt":"2025-07-02T02:01:18","slug":"claresa-smooth-truth-silendav-naoseerum-16g","status":"publish","type":"product","link":"https:\/\/valika.eu\/fi\/toode\/claresa-smooth-truth-silendav-naoseerum-16g\/","title":{"rendered":"Claresa SMOOTH TRUTH Kasvojen silottava seerumi 16g"},"content":{"rendered":"<p>Innovatiivinen kasvojen seerumi tasoittaa ihoa optisesti, tarjoten trendikk\u00e4\u00e4n blur-efektin. Se toimii t\u00e4ydellisesti meikin alla, maksimoiden sen keston. Uniikki, vegaaninen koostumus sis\u00e4lt\u00e4\u00e4 yli 95 % luonnollista alkuper\u00e4\u00e4 olevia ainesosia. Se on rikastettu afrikkalaisen Enantia chlorantha -puun kuoriuutteella, joka v\u00e4hent\u00e4\u00e4 laajentuneiden ihohuokosten n\u00e4kyvyytt\u00e4, omaa antibakteerisia ominaisuuksia, s\u00e4\u00e4telee talintuotantoa, est\u00e4\u00e4 aknen puhkeamista ja rauhoittaa \u00e4rsytyksi\u00e4 ja tulehduksia. Seerumi sis\u00e4lt\u00e4\u00e4 my\u00f6s oleanolihappoa, jolla on tulehdusta ja mikrobeja torjuvia vaikutuksia ja joka rajoittaa talintuotantoa.<\/p>\n<p>K\u00c4YTT\u00d6:<br \/>\nLevit\u00e4 pieni m\u00e4\u00e4r\u00e4 iholle ja odota hetki, ett\u00e4 seerumi imeytyy. K\u00e4yt\u00e4 ennen voidetta tai suosikkihierontarutiinisi j\u00e4lkeen, ennen meikkivoiteen levitt\u00e4mist\u00e4.<\/p>\n<p>MEIKKITAITEILIJOIDEN VINKKI:<br \/>\nHyvin hoidettu iho on ehdoton perusta, jotta meikki n\u00e4ytt\u00e4\u00e4 hyv\u00e4lt\u00e4 ja kest\u00e4\u00e4 pitk\u00e4\u00e4n! K\u00e4yt\u00e4 s\u00e4\u00e4nn\u00f6llisesti ihotyypillesi ja viimeistelymieltymyksillesi r\u00e4\u00e4t\u00e4l\u00f6ity\u00e4 seerumia ja nauti kauniista meikist\u00e4 pidemp\u00e4\u00e4n.<\/p>","protected":false},"excerpt":{"rendered":"<p>Innovatiivinen kasvojen seerumi tasoittaa ihoa optisesti, tarjoten trendikk\u00e4\u00e4n blur-efektin. Se toimii t\u00e4ydellisesti meikin alla, maksimoiden sen keston. Uniikki, vegaaninen koostumus<\/p>\n","protected":false},"featured_media":12125,"template":"","meta":[],"product_brand":[],"product_cat":[695],"product_tag":[],"class_list":{"0":"post-12126","1":"product","2":"type-product","3":"status-publish","4":"has-post-thumbnail","6":"product_cat-face-serum","8":"first","9":"outofstock","10":"taxable","11":"shipping-taxable","12":"purchasable","13":"product-type-simple"},"yoast_head":"<!-- This site is optimized with the Yoast SEO plugin v24.4 - https:\/\/yoast.com\/wordpress\/plugins\/seo\/ -->\n<title>Claresa SMOOTH TRUTH Kasvojen silottava seerumi 16g | Valika<\/title>\n<meta name=\"robots\" content=\"index, follow, max-snippet:-1, max-image-preview:large, max-video-preview:-1\" \/>\n<link rel=\"canonical\" href=\"https:\/\/valika.eu\/fi\/toode\/claresa-smooth-truth-silendav-naoseerum-16g\/\" \/>\n<meta property=\"og:locale\" content=\"fi_FI\" \/>\n<meta property=\"og:type\" content=\"article\" \/>\n<meta property=\"og:title\" content=\"Claresa SMOOTH TRUTH Kasvojen silottava seerumi 16g | Valika\" \/>\n<meta property=\"og:description\" content=\"Innovatiivinen kasvojen seerumi tasoittaa ihoa optisesti, tarjoten trendikk\u00e4\u00e4n blur-efektin. Se toimii t\u00e4ydellisesti meikin alla, maksimoiden sen keston. Uniikki, vegaaninen koostumus\" \/>\n<meta property=\"og:url\" content=\"https:\/\/valika.eu\/fi\/toode\/claresa-smooth-truth-silendav-naoseerum-16g\/\" \/>\n<meta property=\"og:site_name\" content=\"Valika\" \/>\n<meta property=\"article:publisher\" content=\"https:\/\/www.facebook.com\/tipsi.net\" \/>\n<meta property=\"article:modified_time\" content=\"2025-07-02T02:01:18+00:00\" \/>\n<meta property=\"og:image\" content=\"https:\/\/valika.eu\/wp-content\/uploads\/2025\/01\/6052.jpg\" \/>\n\t<meta property=\"og:image:width\" content=\"1500\" \/>\n\t<meta property=\"og:image:height\" content=\"1500\" \/>\n\t<meta property=\"og:image:type\" content=\"image\/jpeg\" \/>\n<meta name=\"twitter:card\" content=\"summary_large_image\" \/>\n<script type=\"application\/ld+json\" class=\"yoast-schema-graph\">{\"@context\":\"https:\/\/schema.org\",\"@graph\":[{\"@type\":\"WebPage\",\"@id\":\"https:\/\/valika.eu\/fi\/toode\/claresa-smooth-truth-silendav-naoseerum-16g\/\",\"url\":\"https:\/\/valika.eu\/fi\/toode\/claresa-smooth-truth-silendav-naoseerum-16g\/\",\"name\":\"Claresa SMOOTH TRUTH Kasvojen silottava seerumi 16g | Valika\",\"isPartOf\":{\"@id\":\"https:\/\/valika.eu\/fi\/#website\"},\"primaryImageOfPage\":{\"@id\":\"https:\/\/valika.eu\/fi\/toode\/claresa-smooth-truth-silendav-naoseerum-16g\/#primaryimage\"},\"image\":{\"@id\":\"https:\/\/valika.eu\/toode\/claresa-smooth-truth-silendav-naoseerum-16g\/#primaryimage\"},\"thumbnailUrl\":\"https:\/\/valika.eu\/wp-content\/uploads\/2025\/01\/6052.jpg\",\"datePublished\":\"2025-01-09T05:41:09+00:00\",\"dateModified\":\"2025-07-02T02:01:18+00:00\",\"breadcrumb\":{\"@id\":\"https:\/\/valika.eu\/fi\/toode\/claresa-smooth-truth-silendav-naoseerum-16g\/#breadcrumb\"},\"inLanguage\":\"fi\",\"potentialAction\":[{\"@type\":\"ReadAction\",\"target\":[[\"https:\/\/valika.eu\/fi\/toode\/claresa-smooth-truth-silendav-naoseerum-16g\/\"]]}]},{\"@type\":\"ImageObject\",\"inLanguage\":\"fi\",\"@id\":\"https:\/\/valika.eu\/fi\/toode\/claresa-smooth-truth-silendav-naoseerum-16g\/#primaryimage\",\"url\":\"https:\/\/valika.eu\/wp-content\/uploads\/2025\/01\/6052.jpg\",\"contentUrl\":\"https:\/\/valika.eu\/wp-content\/uploads\/2025\/01\/6052.jpg\",\"width\":1500,\"height\":1500},{\"@type\":\"BreadcrumbList\",\"@id\":\"https:\/\/valika.eu\/fi\/toode\/claresa-smooth-truth-silendav-naoseerum-16g\/#breadcrumb\",\"itemListElement\":[{\"@type\":\"ListItem\",\"position\":1,\"name\":\"Koti\",\"item\":\"https:\/\/valika.eu\/fi\/\"},{\"@type\":\"ListItem\",\"position\":2,\"name\":\"Shop\",\"item\":\"https:\/\/valika.eu\/fi\/\"},{\"@type\":\"ListItem\",\"position\":3,\"name\":\"Claresa SMOOTH TRUTH Smoothing Face Serum 16g\"}]},{\"@type\":\"WebSite\",\"@id\":\"https:\/\/valika.eu\/fi\/#website\",\"url\":\"https:\/\/valika.eu\/fi\/\",\"name\":\"Valika.eu\",\"description\":\"Salonkituotteet ja kauneudenhoitotuotteet - Valika tarjoaa laajan valikoiman tuotteita ja tarvikkeita kynsiteknikoille, kauneushoitoloille, kampaamoille ja kampaamoille.\",\"publisher\":{\"@id\":\"https:\/\/valika.eu\/fi\/#organization\"},\"alternateName\":\"Valika\",\"potentialAction\":[{\"@type\":\"SearchAction\",\"target\":{\"@type\":\"EntryPoint\",\"urlTemplate\":\"https:\/\/valika.eu\/fi\/?s={search_term_string}\"},\"query-input\":{\"@type\":\"PropertyValueSpecification\",\"valueRequired\":true,\"valueName\":\"search_term_string\"}}],\"inLanguage\":\"fi\"},{\"@type\":\"Organization\",\"@id\":\"https:\/\/valika.eu\/fi\/#organization\",\"name\":\"Salongitoode O\u00dc\",\"alternateName\":\"Valika\",\"url\":\"https:\/\/valika.eu\/fi\/\",\"logo\":{\"@type\":\"ImageObject\",\"inLanguage\":\"fi\",\"@id\":\"https:\/\/valika.eu\/fi\/#\/schema\/logo\/image\/\",\"url\":\"https:\/\/valika.eu\/wp-content\/uploads\/2023\/11\/logo2-valika-footer.png\",\"contentUrl\":\"https:\/\/valika.eu\/wp-content\/uploads\/2023\/11\/logo2-valika-footer.png\",\"width\":200,\"height\":129,\"caption\":\"Salongitoode O\u00dc\"},\"image\":{\"@id\":\"https:\/\/valika.eu\/fi\/#\/schema\/logo\/image\/\"},\"sameAs\":[\"https:\/\/www.facebook.com\/tipsi.net\"]}]}<\/script>\n<!-- \/ Yoast SEO plugin. -->","yoast_head_json":{"title":"Claresa SMOOTH TRUTH Kasvojen silottava seerumi 16g | Valika","robots":{"index":"index","follow":"follow","max-snippet":"max-snippet:-1","max-image-preview":"max-image-preview:large","max-video-preview":"max-video-preview:-1"},"canonical":"https:\/\/valika.eu\/fi\/toode\/claresa-smooth-truth-silendav-naoseerum-16g\/","og_locale":"fi_FI","og_type":"article","og_title":"Claresa SMOOTH TRUTH Kasvojen silottava seerumi 16g | Valika","og_description":"Innovatiivinen kasvojen seerumi tasoittaa ihoa optisesti, tarjoten trendikk\u00e4\u00e4n blur-efektin. Se toimii t\u00e4ydellisesti meikin alla, maksimoiden sen keston. Uniikki, vegaaninen koostumus","og_url":"https:\/\/valika.eu\/fi\/toode\/claresa-smooth-truth-silendav-naoseerum-16g\/","og_site_name":"Valika","article_publisher":"https:\/\/www.facebook.com\/tipsi.net","article_modified_time":"2025-07-02T02:01:18+00:00","og_image":[{"width":1500,"height":1500,"url":"https:\/\/valika.eu\/wp-content\/uploads\/2025\/01\/6052.jpg","type":"image\/jpeg"}],"twitter_card":"summary_large_image","schema":{"@context":"https:\/\/schema.org","@graph":[{"@type":"WebPage","@id":"https:\/\/valika.eu\/fi\/toode\/claresa-smooth-truth-silendav-naoseerum-16g\/","url":"https:\/\/valika.eu\/fi\/toode\/claresa-smooth-truth-silendav-naoseerum-16g\/","name":"Claresa SMOOTH TRUTH Kasvojen silottava seerumi 16g | Valika","isPartOf":{"@id":"https:\/\/valika.eu\/fi\/#website"},"primaryImageOfPage":{"@id":"https:\/\/valika.eu\/fi\/toode\/claresa-smooth-truth-silendav-naoseerum-16g\/#primaryimage"},"image":{"@id":"https:\/\/valika.eu\/toode\/claresa-smooth-truth-silendav-naoseerum-16g\/#primaryimage"},"thumbnailUrl":"https:\/\/valika.eu\/wp-content\/uploads\/2025\/01\/6052.jpg","datePublished":"2025-01-09T05:41:09+00:00","dateModified":"2025-07-02T02:01:18+00:00","breadcrumb":{"@id":"https:\/\/valika.eu\/fi\/toode\/claresa-smooth-truth-silendav-naoseerum-16g\/#breadcrumb"},"inLanguage":"fi","potentialAction":[{"@type":"ReadAction","target":[["https:\/\/valika.eu\/fi\/toode\/claresa-smooth-truth-silendav-naoseerum-16g\/"]]}]},{"@type":"ImageObject","inLanguage":"fi","@id":"https:\/\/valika.eu\/fi\/toode\/claresa-smooth-truth-silendav-naoseerum-16g\/#primaryimage","url":"https:\/\/valika.eu\/wp-content\/uploads\/2025\/01\/6052.jpg","contentUrl":"https:\/\/valika.eu\/wp-content\/uploads\/2025\/01\/6052.jpg","width":1500,"height":1500},{"@type":"BreadcrumbList","@id":"https:\/\/valika.eu\/fi\/toode\/claresa-smooth-truth-silendav-naoseerum-16g\/#breadcrumb","itemListElement":[{"@type":"ListItem","position":1,"name":"Koti","item":"https:\/\/valika.eu\/fi\/"},{"@type":"ListItem","position":2,"name":"Shop","item":"https:\/\/valika.eu\/fi\/"},{"@type":"ListItem","position":3,"name":"Claresa SMOOTH TRUTH Smoothing Face Serum 16g"}]},{"@type":"WebSite","@id":"https:\/\/valika.eu\/fi\/#website","url":"https:\/\/valika.eu\/fi\/","name":"Valika.eu","description":"Salonkituotteet ja kauneudenhoitotuotteet - Valika tarjoaa laajan valikoiman tuotteita ja tarvikkeita kynsiteknikoille, kauneushoitoloille, kampaamoille ja kampaamoille.","publisher":{"@id":"https:\/\/valika.eu\/fi\/#organization"},"alternateName":"Valika","potentialAction":[{"@type":"SearchAction","target":{"@type":"EntryPoint","urlTemplate":"https:\/\/valika.eu\/fi\/?s={search_term_string}"},"query-input":{"@type":"PropertyValueSpecification","valueRequired":true,"valueName":"search_term_string"}}],"inLanguage":"fi"},{"@type":"Organization","@id":"https:\/\/valika.eu\/fi\/#organization","name":"Salongitoode O\u00dc","alternateName":"Valika","url":"https:\/\/valika.eu\/fi\/","logo":{"@type":"ImageObject","inLanguage":"fi","@id":"https:\/\/valika.eu\/fi\/#\/schema\/logo\/image\/","url":"https:\/\/valika.eu\/wp-content\/uploads\/2023\/11\/logo2-valika-footer.png","contentUrl":"https:\/\/valika.eu\/wp-content\/uploads\/2023\/11\/logo2-valika-footer.png","width":200,"height":129,"caption":"Salongitoode O\u00dc"},"image":{"@id":"https:\/\/valika.eu\/fi\/#\/schema\/logo\/image\/"},"sameAs":["https:\/\/www.facebook.com\/tipsi.net"]}]}},"jetpack_sharing_enabled":true,"_links":{"self":[{"href":"https:\/\/valika.eu\/fi\/wp-json\/wp\/v2\/product\/12126","targetHints":{"allow":["GET"]}}],"collection":[{"href":"https:\/\/valika.eu\/fi\/wp-json\/wp\/v2\/product"}],"about":[{"href":"https:\/\/valika.eu\/fi\/wp-json\/wp\/v2\/types\/product"}],"wp:featuredmedia":[{"embeddable":true,"href":"https:\/\/valika.eu\/fi\/wp-json\/wp\/v2\/media\/12125"}],"wp:attachment":[{"href":"https:\/\/valika.eu\/fi\/wp-json\/wp\/v2\/media?parent=12126"}],"wp:term":[{"taxonomy":"product_brand","embeddable":true,"href":"https:\/\/valika.eu\/fi\/wp-json\/wp\/v2\/product_brand?post=12126"},{"taxonomy":"product_cat","embeddable":true,"href":"https:\/\/valika.eu\/fi\/wp-json\/wp\/v2\/product_cat?post=12126"},{"taxonomy":"product_tag","embeddable":true,"href":"https:\/\/valika.eu\/fi\/wp-json\/wp\/v2\/product_tag?post=12126"}],"curies":[{"name":"wp","href":"https:\/\/api.w.org\/{rel}","templated":true}]}}