{"id":12131,"date":"2025-01-09T07:42:30","date_gmt":"2025-01-09T05:42:30","guid":{"rendered":"https:\/\/valika.eu\/toode\/claresa-laikiv-huulelaige\/"},"modified":"2025-11-04T15:13:00","modified_gmt":"2025-11-04T13:13:00","slug":"claresa-laikiv-huulelaige","status":"publish","type":"product","link":"https:\/\/valika.eu\/fi\/toode\/claresa-laikiv-huulelaige\/","title":{"rendered":"Claresa Kiilt\u00e4v\u00e4 huulikiilto"},"content":{"rendered":"<p>Kiilt\u00e4v\u00e4 huulikiilto<\/p>\n<p>PAKKO-OMISTAA MAAILMASSA ILMAN SUOJAAVIA MASKEJA<\/p>\n<p>Pitk\u00e4n mattaisuuden hallinnan j\u00e4lkeen kiilto on palannut huulille! Vegaaninen, kiilt\u00e4v\u00e4 huulikiilto takaa kiilt\u00e4vien, sileiden ja optisesti suurentuneiden huulten vaikutuksen. Se toimii t\u00e4ydellisesti sek\u00e4 yksin\u00e4\u00e4n, tarjoten &#8220;m\u00e4r\u00e4n&#8221; huuliefektin, ett\u00e4 yhdess\u00e4 huultenrajauskyn\u00e4n tai mattahuulipunan kanssa. Se on v\u00e4rit\u00f6n, joten se ei muuta huulipunan v\u00e4ri\u00e4, vaan korostaa sit\u00e4. Se poistaa tehokkaasti ep\u00e4mukavuuden ja kuivuuden tunteen, joka joskus liittyy mattahuulituotteiden pitk\u00e4aikaiseen k\u00e4ytt\u00f6\u00f6n.<\/p>\n<p>HAUSKA FAKTA<\/p>\n<p>Dimetikoni on pehment\u00e4v\u00e4 aine, joka luo kalvon herk\u00e4n huulien ihon pinnalle, suojaten sit\u00e4 kosteuden haihtumiselta ja est\u00e4en n\u00e4in kuivumista.<\/p>\n<p>K\u00c4YTT\u00d6<\/p>\n<p>Levit\u00e4 huulikiilto suoraan huulille saadaksesi kiilt\u00e4v\u00e4n lopputuloksen. Kun sit\u00e4 levitet\u00e4\u00e4n huultenrajauskyn\u00e4ll\u00e4 rajatuille ja t\u00e4ytetyille huulille tai mattahuulipunalla maalatuille huulille, se tarjoaa pitk\u00e4kestoisen v\u00e4rillisten, kiilt\u00e4vien huulten vaikutuksen ilman kireyden tai halkeilun tunnetta.<\/p>\n<p>MEIKKITAITEILIJAN VINKKI<\/p>\n<p>Pid\u00e4tk\u00f6 mattahuulipunan pitk\u00e4kestoisesta vaikutuksesta, mutta haluat lis\u00e4t\u00e4 trendik\u00e4st\u00e4 kiiltoa ja volyymia? Levit\u00e4 huulikiiltoa vain yl\u00e4- ja alahuulten keskiosaan, ja ne n\u00e4ytt\u00e4v\u00e4t heti t\u00e4ytel\u00e4isemmilt\u00e4 ja houkuttelevammilta.<\/p>\n<p>Tilavuus: 4,75g<\/p>\n<p>INCI: DIMETIKONI<\/p>","protected":false},"excerpt":{"rendered":"<p>Kiilt\u00e4v\u00e4 huulikiilto PAKKO-OMISTAA MAAILMASSA ILMAN SUOJAAVIA MASKEJA Pitk\u00e4n mattaisuuden hallinnan j\u00e4lkeen kiilto on palannut huulille! Vegaaninen, kiilt\u00e4v\u00e4 huulikiilto takaa kiilt\u00e4vien,<\/p>\n","protected":false},"featured_media":12130,"template":"","meta":[],"product_brand":[],"product_cat":[697],"product_tag":[],"class_list":{"0":"post-12131","1":"product","2":"type-product","3":"status-publish","4":"has-post-thumbnail","6":"product_cat-lip-glosses","8":"first","9":"instock","10":"taxable","11":"shipping-taxable","12":"purchasable","13":"product-type-simple"},"yoast_head":"<!-- This site is optimized with the Yoast SEO plugin v24.4 - https:\/\/yoast.com\/wordpress\/plugins\/seo\/ -->\n<title>Claresa Kiilt\u00e4v\u00e4 huulikiilto | Valika<\/title>\n<meta name=\"robots\" content=\"index, follow, max-snippet:-1, max-image-preview:large, max-video-preview:-1\" \/>\n<link rel=\"canonical\" href=\"https:\/\/valika.eu\/fi\/toode\/claresa-laikiv-huulelaige\/\" \/>\n<meta property=\"og:locale\" content=\"fi_FI\" \/>\n<meta property=\"og:type\" content=\"article\" \/>\n<meta property=\"og:title\" content=\"Claresa Kiilt\u00e4v\u00e4 huulikiilto | Valika\" \/>\n<meta property=\"og:description\" content=\"Kiilt\u00e4v\u00e4 huulikiilto PAKKO-OMISTAA MAAILMASSA ILMAN SUOJAAVIA MASKEJA Pitk\u00e4n mattaisuuden hallinnan j\u00e4lkeen kiilto on palannut huulille! Vegaaninen, kiilt\u00e4v\u00e4 huulikiilto takaa kiilt\u00e4vien,\" \/>\n<meta property=\"og:url\" content=\"https:\/\/valika.eu\/fi\/toode\/claresa-laikiv-huulelaige\/\" \/>\n<meta property=\"og:site_name\" content=\"Valika\" \/>\n<meta property=\"article:publisher\" content=\"https:\/\/www.facebook.com\/tipsi.net\" \/>\n<meta property=\"article:modified_time\" content=\"2025-11-04T13:13:00+00:00\" \/>\n<meta property=\"og:image\" content=\"https:\/\/valika.eu\/wp-content\/uploads\/2025\/01\/5460.png\" \/>\n\t<meta property=\"og:image:width\" content=\"1500\" \/>\n\t<meta property=\"og:image:height\" content=\"1500\" \/>\n\t<meta property=\"og:image:type\" content=\"image\/png\" \/>\n<meta name=\"twitter:card\" content=\"summary_large_image\" \/>\n<script type=\"application\/ld+json\" class=\"yoast-schema-graph\">{\"@context\":\"https:\/\/schema.org\",\"@graph\":[{\"@type\":\"WebPage\",\"@id\":\"https:\/\/valika.eu\/fi\/toode\/claresa-laikiv-huulelaige\/\",\"url\":\"https:\/\/valika.eu\/fi\/toode\/claresa-laikiv-huulelaige\/\",\"name\":\"Claresa Kiilt\u00e4v\u00e4 huulikiilto | Valika\",\"isPartOf\":{\"@id\":\"https:\/\/valika.eu\/fi\/#website\"},\"primaryImageOfPage\":{\"@id\":\"https:\/\/valika.eu\/fi\/toode\/claresa-laikiv-huulelaige\/#primaryimage\"},\"image\":{\"@id\":\"https:\/\/valika.eu\/toode\/claresa-laikiv-huulelaige\/#primaryimage\"},\"thumbnailUrl\":\"https:\/\/valika.eu\/wp-content\/uploads\/2025\/01\/5460.png\",\"datePublished\":\"2025-01-09T05:42:30+00:00\",\"dateModified\":\"2025-11-04T13:13:00+00:00\",\"breadcrumb\":{\"@id\":\"https:\/\/valika.eu\/fi\/toode\/claresa-laikiv-huulelaige\/#breadcrumb\"},\"inLanguage\":\"fi\",\"potentialAction\":[{\"@type\":\"ReadAction\",\"target\":[[\"https:\/\/valika.eu\/fi\/toode\/claresa-laikiv-huulelaige\/\"]]}]},{\"@type\":\"ImageObject\",\"inLanguage\":\"fi\",\"@id\":\"https:\/\/valika.eu\/fi\/toode\/claresa-laikiv-huulelaige\/#primaryimage\",\"url\":\"https:\/\/valika.eu\/wp-content\/uploads\/2025\/01\/5460.png\",\"contentUrl\":\"https:\/\/valika.eu\/wp-content\/uploads\/2025\/01\/5460.png\",\"width\":1500,\"height\":1500},{\"@type\":\"BreadcrumbList\",\"@id\":\"https:\/\/valika.eu\/fi\/toode\/claresa-laikiv-huulelaige\/#breadcrumb\",\"itemListElement\":[{\"@type\":\"ListItem\",\"position\":1,\"name\":\"Koti\",\"item\":\"https:\/\/valika.eu\/fi\/\"},{\"@type\":\"ListItem\",\"position\":2,\"name\":\"Shop\",\"item\":\"https:\/\/valika.eu\/fi\/\"},{\"@type\":\"ListItem\",\"position\":3,\"name\":\"Claresa Glossy Lip Top Coat\"}]},{\"@type\":\"WebSite\",\"@id\":\"https:\/\/valika.eu\/fi\/#website\",\"url\":\"https:\/\/valika.eu\/fi\/\",\"name\":\"Valika.eu\",\"description\":\"Salonkituotteet ja kauneudenhoitotuotteet - Valika tarjoaa laajan valikoiman tuotteita ja tarvikkeita kynsiteknikoille, kauneushoitoloille, kampaamoille ja kampaamoille.\",\"publisher\":{\"@id\":\"https:\/\/valika.eu\/fi\/#organization\"},\"alternateName\":\"Valika\",\"potentialAction\":[{\"@type\":\"SearchAction\",\"target\":{\"@type\":\"EntryPoint\",\"urlTemplate\":\"https:\/\/valika.eu\/fi\/?s={search_term_string}\"},\"query-input\":{\"@type\":\"PropertyValueSpecification\",\"valueRequired\":true,\"valueName\":\"search_term_string\"}}],\"inLanguage\":\"fi\"},{\"@type\":\"Organization\",\"@id\":\"https:\/\/valika.eu\/fi\/#organization\",\"name\":\"Salongitoode O\u00dc\",\"alternateName\":\"Valika\",\"url\":\"https:\/\/valika.eu\/fi\/\",\"logo\":{\"@type\":\"ImageObject\",\"inLanguage\":\"fi\",\"@id\":\"https:\/\/valika.eu\/fi\/#\/schema\/logo\/image\/\",\"url\":\"https:\/\/valika.eu\/wp-content\/uploads\/2023\/11\/logo2-valika-footer.png\",\"contentUrl\":\"https:\/\/valika.eu\/wp-content\/uploads\/2023\/11\/logo2-valika-footer.png\",\"width\":200,\"height\":129,\"caption\":\"Salongitoode O\u00dc\"},\"image\":{\"@id\":\"https:\/\/valika.eu\/fi\/#\/schema\/logo\/image\/\"},\"sameAs\":[\"https:\/\/www.facebook.com\/tipsi.net\"]}]}<\/script>\n<!-- \/ Yoast SEO plugin. -->","yoast_head_json":{"title":"Claresa Kiilt\u00e4v\u00e4 huulikiilto | Valika","robots":{"index":"index","follow":"follow","max-snippet":"max-snippet:-1","max-image-preview":"max-image-preview:large","max-video-preview":"max-video-preview:-1"},"canonical":"https:\/\/valika.eu\/fi\/toode\/claresa-laikiv-huulelaige\/","og_locale":"fi_FI","og_type":"article","og_title":"Claresa Kiilt\u00e4v\u00e4 huulikiilto | Valika","og_description":"Kiilt\u00e4v\u00e4 huulikiilto PAKKO-OMISTAA MAAILMASSA ILMAN SUOJAAVIA MASKEJA Pitk\u00e4n mattaisuuden hallinnan j\u00e4lkeen kiilto on palannut huulille! Vegaaninen, kiilt\u00e4v\u00e4 huulikiilto takaa kiilt\u00e4vien,","og_url":"https:\/\/valika.eu\/fi\/toode\/claresa-laikiv-huulelaige\/","og_site_name":"Valika","article_publisher":"https:\/\/www.facebook.com\/tipsi.net","article_modified_time":"2025-11-04T13:13:00+00:00","og_image":[{"width":1500,"height":1500,"url":"https:\/\/valika.eu\/wp-content\/uploads\/2025\/01\/5460.png","type":"image\/png"}],"twitter_card":"summary_large_image","schema":{"@context":"https:\/\/schema.org","@graph":[{"@type":"WebPage","@id":"https:\/\/valika.eu\/fi\/toode\/claresa-laikiv-huulelaige\/","url":"https:\/\/valika.eu\/fi\/toode\/claresa-laikiv-huulelaige\/","name":"Claresa Kiilt\u00e4v\u00e4 huulikiilto | Valika","isPartOf":{"@id":"https:\/\/valika.eu\/fi\/#website"},"primaryImageOfPage":{"@id":"https:\/\/valika.eu\/fi\/toode\/claresa-laikiv-huulelaige\/#primaryimage"},"image":{"@id":"https:\/\/valika.eu\/toode\/claresa-laikiv-huulelaige\/#primaryimage"},"thumbnailUrl":"https:\/\/valika.eu\/wp-content\/uploads\/2025\/01\/5460.png","datePublished":"2025-01-09T05:42:30+00:00","dateModified":"2025-11-04T13:13:00+00:00","breadcrumb":{"@id":"https:\/\/valika.eu\/fi\/toode\/claresa-laikiv-huulelaige\/#breadcrumb"},"inLanguage":"fi","potentialAction":[{"@type":"ReadAction","target":[["https:\/\/valika.eu\/fi\/toode\/claresa-laikiv-huulelaige\/"]]}]},{"@type":"ImageObject","inLanguage":"fi","@id":"https:\/\/valika.eu\/fi\/toode\/claresa-laikiv-huulelaige\/#primaryimage","url":"https:\/\/valika.eu\/wp-content\/uploads\/2025\/01\/5460.png","contentUrl":"https:\/\/valika.eu\/wp-content\/uploads\/2025\/01\/5460.png","width":1500,"height":1500},{"@type":"BreadcrumbList","@id":"https:\/\/valika.eu\/fi\/toode\/claresa-laikiv-huulelaige\/#breadcrumb","itemListElement":[{"@type":"ListItem","position":1,"name":"Koti","item":"https:\/\/valika.eu\/fi\/"},{"@type":"ListItem","position":2,"name":"Shop","item":"https:\/\/valika.eu\/fi\/"},{"@type":"ListItem","position":3,"name":"Claresa Glossy Lip Top Coat"}]},{"@type":"WebSite","@id":"https:\/\/valika.eu\/fi\/#website","url":"https:\/\/valika.eu\/fi\/","name":"Valika.eu","description":"Salonkituotteet ja kauneudenhoitotuotteet - Valika tarjoaa laajan valikoiman tuotteita ja tarvikkeita kynsiteknikoille, kauneushoitoloille, kampaamoille ja kampaamoille.","publisher":{"@id":"https:\/\/valika.eu\/fi\/#organization"},"alternateName":"Valika","potentialAction":[{"@type":"SearchAction","target":{"@type":"EntryPoint","urlTemplate":"https:\/\/valika.eu\/fi\/?s={search_term_string}"},"query-input":{"@type":"PropertyValueSpecification","valueRequired":true,"valueName":"search_term_string"}}],"inLanguage":"fi"},{"@type":"Organization","@id":"https:\/\/valika.eu\/fi\/#organization","name":"Salongitoode O\u00dc","alternateName":"Valika","url":"https:\/\/valika.eu\/fi\/","logo":{"@type":"ImageObject","inLanguage":"fi","@id":"https:\/\/valika.eu\/fi\/#\/schema\/logo\/image\/","url":"https:\/\/valika.eu\/wp-content\/uploads\/2023\/11\/logo2-valika-footer.png","contentUrl":"https:\/\/valika.eu\/wp-content\/uploads\/2023\/11\/logo2-valika-footer.png","width":200,"height":129,"caption":"Salongitoode O\u00dc"},"image":{"@id":"https:\/\/valika.eu\/fi\/#\/schema\/logo\/image\/"},"sameAs":["https:\/\/www.facebook.com\/tipsi.net"]}]}},"jetpack_sharing_enabled":true,"_links":{"self":[{"href":"https:\/\/valika.eu\/fi\/wp-json\/wp\/v2\/product\/12131","targetHints":{"allow":["GET"]}}],"collection":[{"href":"https:\/\/valika.eu\/fi\/wp-json\/wp\/v2\/product"}],"about":[{"href":"https:\/\/valika.eu\/fi\/wp-json\/wp\/v2\/types\/product"}],"wp:featuredmedia":[{"embeddable":true,"href":"https:\/\/valika.eu\/fi\/wp-json\/wp\/v2\/media\/12130"}],"wp:attachment":[{"href":"https:\/\/valika.eu\/fi\/wp-json\/wp\/v2\/media?parent=12131"}],"wp:term":[{"taxonomy":"product_brand","embeddable":true,"href":"https:\/\/valika.eu\/fi\/wp-json\/wp\/v2\/product_brand?post=12131"},{"taxonomy":"product_cat","embeddable":true,"href":"https:\/\/valika.eu\/fi\/wp-json\/wp\/v2\/product_cat?post=12131"},{"taxonomy":"product_tag","embeddable":true,"href":"https:\/\/valika.eu\/fi\/wp-json\/wp\/v2\/product_tag?post=12131"}],"curies":[{"name":"wp","href":"https:\/\/api.w.org\/{rel}","templated":true}]}}