{"id":12175,"date":"2025-01-09T07:43:30","date_gmt":"2025-01-09T05:43:30","guid":{"rendered":"https:\/\/valika.eu\/toode\/claresa-huulelaige-gloss-is-my-boss-07-high-up-5-ml\/"},"modified":"2025-07-02T05:01:18","modified_gmt":"2025-07-02T02:01:18","slug":"claresa-huulelaige-gloss-is-my-boss-07-high-up-5-ml","status":"publish","type":"product","link":"https:\/\/valika.eu\/fi\/toode\/claresa-huulelaige-gloss-is-my-boss-07-high-up-5-ml\/","title":{"rendered":"Claresa  huulikiilto GLOSS IS MY BOSS 07 high-up 5 ml"},"content":{"rendered":"<p>Huulikiilto, joka tarjoaa poikkeuksellista kiiltoa ja samalla ihanaa mukavuutta. Sen ainutlaatuinen, vegaaninen koostumus hyaluronihapon kanssa t\u00e4ytel\u00e4ist\u00e4\u00e4 huulet, tehden niist\u00e4 huomattavasti sile\u00e4mm\u00e4t ja tarkemmin m\u00e4\u00e4ritellyt. Se on pitk\u00e4kestoinen, ei-tahmea eik\u00e4 valu huulilta, ja uskomattoman herkullinen cappuccinon tuoksu ja makea maku ovat yksinkertaisesti koukuttavia. Saatavilla yhdeks\u00e4ss\u00e4 v\u00e4riversiossa eri viimeistelyill\u00e4 \u2013 t\u00e4ysin l\u00e4pin\u00e4kyv\u00e4st\u00e4, l\u00e4pikuultavasta ja mikroskooppisilla hiukkasilla v\u00e4rj\u00e4tyst\u00e4, klassisesta helmi\u00e4isest\u00e4, hiukkasettomaan kiilt\u00e4v\u00e4\u00e4n efektiin.<\/p>\n<p>HAUSKA FAKTA:<br \/>\nKoostumus on rikas hyaluronihaposta, joka kosteuttaa ja t\u00e4ytt\u00e4\u00e4 juonteita, varmistaen sile\u00e4n ja joustavan herk\u00e4n orvaskeden. AEF-vitamiinikompleksi ravitsee, uudistaa, toimii antioksidanttina ja hidastaa ik\u00e4\u00e4ntymisprosesseja.<\/p>\n<p>K\u00c4YTT\u00d6:<br \/>\nLevit\u00e4 suoraan huulille tai suosikkimattahuulipunasi p\u00e4\u00e4lle, kun haluat lis\u00e4t\u00e4 hieman kiiltoa.<\/p>\n<p>MEIKKITAITEILIJAN VINKKI:<br \/>\nPieni m\u00e4\u00e4r\u00e4 kiiltoa, joka levitet\u00e4\u00e4n vain yl\u00e4- ja alahuulen keskelle, saa huulet n\u00e4ytt\u00e4m\u00e4\u00e4n kuperammilta ja siten t\u00e4ytel\u00e4isemmilt\u00e4.<\/p>","protected":false},"excerpt":{"rendered":"<p>Huulikiilto, joka tarjoaa poikkeuksellista kiiltoa ja samalla ihanaa mukavuutta. Sen ainutlaatuinen, vegaaninen koostumus hyaluronihapon kanssa t\u00e4ytel\u00e4ist\u00e4\u00e4 huulet, tehden niist\u00e4 huomattavasti<\/p>\n","protected":false},"featured_media":12174,"template":"","meta":[],"product_brand":[],"product_cat":[697],"product_tag":[],"class_list":{"0":"post-12175","1":"product","2":"type-product","3":"status-publish","4":"has-post-thumbnail","6":"product_cat-lip-glosses","8":"first","9":"instock","10":"taxable","11":"shipping-taxable","12":"purchasable","13":"product-type-simple"},"yoast_head":"<!-- This site is optimized with the Yoast SEO plugin v24.4 - https:\/\/yoast.com\/wordpress\/plugins\/seo\/ -->\n<title>Claresa huulikiilto GLOSS IS MY BOSS 07 high-up 5 ml | Valika<\/title>\n<meta name=\"robots\" content=\"index, follow, max-snippet:-1, max-image-preview:large, max-video-preview:-1\" \/>\n<link rel=\"canonical\" href=\"https:\/\/valika.eu\/fi\/toode\/claresa-huulelaige-gloss-is-my-boss-07-high-up-5-ml\/\" \/>\n<meta property=\"og:locale\" content=\"fi_FI\" \/>\n<meta property=\"og:type\" content=\"article\" \/>\n<meta property=\"og:title\" content=\"Claresa huulikiilto GLOSS IS MY BOSS 07 high-up 5 ml | Valika\" \/>\n<meta property=\"og:description\" content=\"Huulikiilto, joka tarjoaa poikkeuksellista kiiltoa ja samalla ihanaa mukavuutta. Sen ainutlaatuinen, vegaaninen koostumus hyaluronihapon kanssa t\u00e4ytel\u00e4ist\u00e4\u00e4 huulet, tehden niist\u00e4 huomattavasti\" \/>\n<meta property=\"og:url\" content=\"https:\/\/valika.eu\/fi\/toode\/claresa-huulelaige-gloss-is-my-boss-07-high-up-5-ml\/\" \/>\n<meta property=\"og:site_name\" content=\"Valika\" \/>\n<meta property=\"article:publisher\" content=\"https:\/\/www.facebook.com\/tipsi.net\" \/>\n<meta property=\"article:modified_time\" content=\"2025-07-02T02:01:18+00:00\" \/>\n<meta property=\"og:image\" content=\"https:\/\/valika.eu\/wp-content\/uploads\/2025\/01\/6317.png\" \/>\n\t<meta property=\"og:image:width\" content=\"1500\" \/>\n\t<meta property=\"og:image:height\" content=\"1500\" \/>\n\t<meta property=\"og:image:type\" content=\"image\/png\" \/>\n<meta name=\"twitter:card\" content=\"summary_large_image\" \/>\n<script type=\"application\/ld+json\" class=\"yoast-schema-graph\">{\"@context\":\"https:\/\/schema.org\",\"@graph\":[{\"@type\":\"WebPage\",\"@id\":\"https:\/\/valika.eu\/fi\/toode\/claresa-huulelaige-gloss-is-my-boss-07-high-up-5-ml\/\",\"url\":\"https:\/\/valika.eu\/fi\/toode\/claresa-huulelaige-gloss-is-my-boss-07-high-up-5-ml\/\",\"name\":\"Claresa huulikiilto GLOSS IS MY BOSS 07 high-up 5 ml | Valika\",\"isPartOf\":{\"@id\":\"https:\/\/valika.eu\/fi\/#website\"},\"primaryImageOfPage\":{\"@id\":\"https:\/\/valika.eu\/fi\/toode\/claresa-huulelaige-gloss-is-my-boss-07-high-up-5-ml\/#primaryimage\"},\"image\":{\"@id\":\"https:\/\/valika.eu\/toode\/claresa-huulelaige-gloss-is-my-boss-07-high-up-5-ml\/#primaryimage\"},\"thumbnailUrl\":\"https:\/\/valika.eu\/wp-content\/uploads\/2025\/01\/6317.png\",\"datePublished\":\"2025-01-09T05:43:30+00:00\",\"dateModified\":\"2025-07-02T02:01:18+00:00\",\"breadcrumb\":{\"@id\":\"https:\/\/valika.eu\/fi\/toode\/claresa-huulelaige-gloss-is-my-boss-07-high-up-5-ml\/#breadcrumb\"},\"inLanguage\":\"fi\",\"potentialAction\":[{\"@type\":\"ReadAction\",\"target\":[[\"https:\/\/valika.eu\/fi\/toode\/claresa-huulelaige-gloss-is-my-boss-07-high-up-5-ml\/\"]]}]},{\"@type\":\"ImageObject\",\"inLanguage\":\"fi\",\"@id\":\"https:\/\/valika.eu\/fi\/toode\/claresa-huulelaige-gloss-is-my-boss-07-high-up-5-ml\/#primaryimage\",\"url\":\"https:\/\/valika.eu\/wp-content\/uploads\/2025\/01\/6317.png\",\"contentUrl\":\"https:\/\/valika.eu\/wp-content\/uploads\/2025\/01\/6317.png\",\"width\":1500,\"height\":1500},{\"@type\":\"BreadcrumbList\",\"@id\":\"https:\/\/valika.eu\/fi\/toode\/claresa-huulelaige-gloss-is-my-boss-07-high-up-5-ml\/#breadcrumb\",\"itemListElement\":[{\"@type\":\"ListItem\",\"position\":1,\"name\":\"Koti\",\"item\":\"https:\/\/valika.eu\/fi\/\"},{\"@type\":\"ListItem\",\"position\":2,\"name\":\"Shop\",\"item\":\"https:\/\/valika.eu\/fi\/\"},{\"@type\":\"ListItem\",\"position\":3,\"name\":\"Claresa Lip Gloss GLOSS IS MY BOSS 07 high-up 5 ml\"}]},{\"@type\":\"WebSite\",\"@id\":\"https:\/\/valika.eu\/fi\/#website\",\"url\":\"https:\/\/valika.eu\/fi\/\",\"name\":\"Valika.eu\",\"description\":\"Salonkituotteet ja kauneudenhoitotuotteet - Valika tarjoaa laajan valikoiman tuotteita ja tarvikkeita kynsiteknikoille, kauneushoitoloille, kampaamoille ja kampaamoille.\",\"publisher\":{\"@id\":\"https:\/\/valika.eu\/fi\/#organization\"},\"alternateName\":\"Valika\",\"potentialAction\":[{\"@type\":\"SearchAction\",\"target\":{\"@type\":\"EntryPoint\",\"urlTemplate\":\"https:\/\/valika.eu\/fi\/?s={search_term_string}\"},\"query-input\":{\"@type\":\"PropertyValueSpecification\",\"valueRequired\":true,\"valueName\":\"search_term_string\"}}],\"inLanguage\":\"fi\"},{\"@type\":\"Organization\",\"@id\":\"https:\/\/valika.eu\/fi\/#organization\",\"name\":\"Salongitoode O\u00dc\",\"alternateName\":\"Valika\",\"url\":\"https:\/\/valika.eu\/fi\/\",\"logo\":{\"@type\":\"ImageObject\",\"inLanguage\":\"fi\",\"@id\":\"https:\/\/valika.eu\/fi\/#\/schema\/logo\/image\/\",\"url\":\"https:\/\/valika.eu\/wp-content\/uploads\/2023\/11\/logo2-valika-footer.png\",\"contentUrl\":\"https:\/\/valika.eu\/wp-content\/uploads\/2023\/11\/logo2-valika-footer.png\",\"width\":200,\"height\":129,\"caption\":\"Salongitoode O\u00dc\"},\"image\":{\"@id\":\"https:\/\/valika.eu\/fi\/#\/schema\/logo\/image\/\"},\"sameAs\":[\"https:\/\/www.facebook.com\/tipsi.net\"]}]}<\/script>\n<!-- \/ Yoast SEO plugin. -->","yoast_head_json":{"title":"Claresa huulikiilto GLOSS IS MY BOSS 07 high-up 5 ml | Valika","robots":{"index":"index","follow":"follow","max-snippet":"max-snippet:-1","max-image-preview":"max-image-preview:large","max-video-preview":"max-video-preview:-1"},"canonical":"https:\/\/valika.eu\/fi\/toode\/claresa-huulelaige-gloss-is-my-boss-07-high-up-5-ml\/","og_locale":"fi_FI","og_type":"article","og_title":"Claresa huulikiilto GLOSS IS MY BOSS 07 high-up 5 ml | Valika","og_description":"Huulikiilto, joka tarjoaa poikkeuksellista kiiltoa ja samalla ihanaa mukavuutta. Sen ainutlaatuinen, vegaaninen koostumus hyaluronihapon kanssa t\u00e4ytel\u00e4ist\u00e4\u00e4 huulet, tehden niist\u00e4 huomattavasti","og_url":"https:\/\/valika.eu\/fi\/toode\/claresa-huulelaige-gloss-is-my-boss-07-high-up-5-ml\/","og_site_name":"Valika","article_publisher":"https:\/\/www.facebook.com\/tipsi.net","article_modified_time":"2025-07-02T02:01:18+00:00","og_image":[{"width":1500,"height":1500,"url":"https:\/\/valika.eu\/wp-content\/uploads\/2025\/01\/6317.png","type":"image\/png"}],"twitter_card":"summary_large_image","schema":{"@context":"https:\/\/schema.org","@graph":[{"@type":"WebPage","@id":"https:\/\/valika.eu\/fi\/toode\/claresa-huulelaige-gloss-is-my-boss-07-high-up-5-ml\/","url":"https:\/\/valika.eu\/fi\/toode\/claresa-huulelaige-gloss-is-my-boss-07-high-up-5-ml\/","name":"Claresa huulikiilto GLOSS IS MY BOSS 07 high-up 5 ml | Valika","isPartOf":{"@id":"https:\/\/valika.eu\/fi\/#website"},"primaryImageOfPage":{"@id":"https:\/\/valika.eu\/fi\/toode\/claresa-huulelaige-gloss-is-my-boss-07-high-up-5-ml\/#primaryimage"},"image":{"@id":"https:\/\/valika.eu\/toode\/claresa-huulelaige-gloss-is-my-boss-07-high-up-5-ml\/#primaryimage"},"thumbnailUrl":"https:\/\/valika.eu\/wp-content\/uploads\/2025\/01\/6317.png","datePublished":"2025-01-09T05:43:30+00:00","dateModified":"2025-07-02T02:01:18+00:00","breadcrumb":{"@id":"https:\/\/valika.eu\/fi\/toode\/claresa-huulelaige-gloss-is-my-boss-07-high-up-5-ml\/#breadcrumb"},"inLanguage":"fi","potentialAction":[{"@type":"ReadAction","target":[["https:\/\/valika.eu\/fi\/toode\/claresa-huulelaige-gloss-is-my-boss-07-high-up-5-ml\/"]]}]},{"@type":"ImageObject","inLanguage":"fi","@id":"https:\/\/valika.eu\/fi\/toode\/claresa-huulelaige-gloss-is-my-boss-07-high-up-5-ml\/#primaryimage","url":"https:\/\/valika.eu\/wp-content\/uploads\/2025\/01\/6317.png","contentUrl":"https:\/\/valika.eu\/wp-content\/uploads\/2025\/01\/6317.png","width":1500,"height":1500},{"@type":"BreadcrumbList","@id":"https:\/\/valika.eu\/fi\/toode\/claresa-huulelaige-gloss-is-my-boss-07-high-up-5-ml\/#breadcrumb","itemListElement":[{"@type":"ListItem","position":1,"name":"Koti","item":"https:\/\/valika.eu\/fi\/"},{"@type":"ListItem","position":2,"name":"Shop","item":"https:\/\/valika.eu\/fi\/"},{"@type":"ListItem","position":3,"name":"Claresa Lip Gloss GLOSS IS MY BOSS 07 high-up 5 ml"}]},{"@type":"WebSite","@id":"https:\/\/valika.eu\/fi\/#website","url":"https:\/\/valika.eu\/fi\/","name":"Valika.eu","description":"Salonkituotteet ja kauneudenhoitotuotteet - Valika tarjoaa laajan valikoiman tuotteita ja tarvikkeita kynsiteknikoille, kauneushoitoloille, kampaamoille ja kampaamoille.","publisher":{"@id":"https:\/\/valika.eu\/fi\/#organization"},"alternateName":"Valika","potentialAction":[{"@type":"SearchAction","target":{"@type":"EntryPoint","urlTemplate":"https:\/\/valika.eu\/fi\/?s={search_term_string}"},"query-input":{"@type":"PropertyValueSpecification","valueRequired":true,"valueName":"search_term_string"}}],"inLanguage":"fi"},{"@type":"Organization","@id":"https:\/\/valika.eu\/fi\/#organization","name":"Salongitoode O\u00dc","alternateName":"Valika","url":"https:\/\/valika.eu\/fi\/","logo":{"@type":"ImageObject","inLanguage":"fi","@id":"https:\/\/valika.eu\/fi\/#\/schema\/logo\/image\/","url":"https:\/\/valika.eu\/wp-content\/uploads\/2023\/11\/logo2-valika-footer.png","contentUrl":"https:\/\/valika.eu\/wp-content\/uploads\/2023\/11\/logo2-valika-footer.png","width":200,"height":129,"caption":"Salongitoode O\u00dc"},"image":{"@id":"https:\/\/valika.eu\/fi\/#\/schema\/logo\/image\/"},"sameAs":["https:\/\/www.facebook.com\/tipsi.net"]}]}},"jetpack_sharing_enabled":true,"_links":{"self":[{"href":"https:\/\/valika.eu\/fi\/wp-json\/wp\/v2\/product\/12175","targetHints":{"allow":["GET"]}}],"collection":[{"href":"https:\/\/valika.eu\/fi\/wp-json\/wp\/v2\/product"}],"about":[{"href":"https:\/\/valika.eu\/fi\/wp-json\/wp\/v2\/types\/product"}],"wp:featuredmedia":[{"embeddable":true,"href":"https:\/\/valika.eu\/fi\/wp-json\/wp\/v2\/media\/12174"}],"wp:attachment":[{"href":"https:\/\/valika.eu\/fi\/wp-json\/wp\/v2\/media?parent=12175"}],"wp:term":[{"taxonomy":"product_brand","embeddable":true,"href":"https:\/\/valika.eu\/fi\/wp-json\/wp\/v2\/product_brand?post=12175"},{"taxonomy":"product_cat","embeddable":true,"href":"https:\/\/valika.eu\/fi\/wp-json\/wp\/v2\/product_cat?post=12175"},{"taxonomy":"product_tag","embeddable":true,"href":"https:\/\/valika.eu\/fi\/wp-json\/wp\/v2\/product_tag?post=12175"}],"curies":[{"name":"wp","href":"https:\/\/api.w.org\/{rel}","templated":true}]}}