{"id":1220,"date":"2024-09-30T19:11:40","date_gmt":"2024-09-30T16:11:40","guid":{"rendered":"https:\/\/valika.eu\/?post_type=product&#038;p=1220"},"modified":"2025-07-02T05:08:10","modified_gmt":"2025-07-02T02:08:10","slug":"kuunenahaoli-75ml-pipetiga","status":"publish","type":"product","link":"https:\/\/valika.eu\/fi\/toode\/kuunenahaoli-75ml-pipetiga\/","title":{"rendered":"Kynsinauha\u00f6ljy, 75 ml"},"content":{"rendered":"<p>Kynsinauha\u00f6ljy ravitsee ja kosteuttaa ihoa hell\u00e4varaisesti palauttaen sen vesitasapainon ja lis\u00e4ksi kyll\u00e4st\u00e4\u00e4 sen vitamiineilla, vahvistaa kynsilevy\u00e4, v\u00e4hent\u00e4\u00e4 kynsien halkeilua ja haurautta sek\u00e4 pehment\u00e4\u00e4 kynsinauhoja. Kynsinauhojen \u00f6ljyll\u00e4 on antiseptisi\u00e4 ja sieni\u00e4 torjuvia ominaisuuksia, se vahvistaa ja parantaa kynsi\u00e4, pehment\u00e4\u00e4 ja parantaa kynsinauhoja. \u00d6ljyss\u00e4 on herkk\u00e4 kukkainen tai hedelm\u00e4inen aromi. Suuri pullo (75 ml), jossa on helppok\u00e4ytt\u00f6inen tippa, ihanteellinen k\u00e4ytett\u00e4v\u00e4ksi kauneushoitoloissa ja kotona.<\/p>","protected":false},"excerpt":{"rendered":"<p>\u00d6ljyss\u00e4 on herkk\u00e4 kukkainen tai hedelm\u00e4inen aromi. Suuri pullo (75 ml), jossa on helppok\u00e4ytt\u00f6inen tippa, ihanteellinen k\u00e4ytett\u00e4v\u00e4ksi kauneushoitoloissa ja kotona.<\/p>\n","protected":false},"featured_media":1221,"template":"","meta":[],"product_brand":[],"product_cat":[595],"product_tag":[],"class_list":{"0":"post-1220","1":"product","2":"type-product","3":"status-publish","4":"has-post-thumbnail","6":"product_cat-hooldus","8":"first","9":"outofstock","10":"taxable","11":"shipping-taxable","12":"purchasable","13":"product-type-simple"},"yoast_head":"<!-- This site is optimized with the Yoast SEO plugin v24.4 - https:\/\/yoast.com\/wordpress\/plugins\/seo\/ -->\n<title>Kynsinauha\u00f6ljy, 75 ml | Valika<\/title>\n<meta name=\"description\" content=\"Pehmendab k\u00fc\u00fcnevalli kahjustatud kuiva nahka, toidab ning niisutab k\u00fc\u00fcneplaati, stimuleerib tervet kasvu, soodustab v\u00e4ikeste armide ja l\u00f5hede paranemist.\" \/>\n<meta name=\"robots\" content=\"index, follow, max-snippet:-1, max-image-preview:large, max-video-preview:-1\" \/>\n<link rel=\"canonical\" href=\"https:\/\/valika.eu\/fi\/toode\/kuunenahaoli-75ml-pipetiga\/\" \/>\n<meta property=\"og:locale\" content=\"fi_FI\" \/>\n<meta property=\"og:type\" content=\"article\" \/>\n<meta property=\"og:title\" content=\"Kynsinauha\u00f6ljy, 75 ml | Valika\" \/>\n<meta property=\"og:description\" content=\"Pehmendab k\u00fc\u00fcnevalli kahjustatud kuiva nahka, toidab ning niisutab k\u00fc\u00fcneplaati, stimuleerib tervet kasvu, soodustab v\u00e4ikeste armide ja l\u00f5hede paranemist.\" \/>\n<meta property=\"og:url\" content=\"https:\/\/valika.eu\/fi\/toode\/kuunenahaoli-75ml-pipetiga\/\" \/>\n<meta property=\"og:site_name\" content=\"Valika\" \/>\n<meta property=\"article:publisher\" content=\"https:\/\/www.facebook.com\/tipsi.net\" \/>\n<meta property=\"article:modified_time\" content=\"2025-07-02T02:08:10+00:00\" \/>\n<meta property=\"og:image\" content=\"https:\/\/valika.eu\/wp-content\/uploads\/2024\/09\/oilsuur.jpg\" \/>\n\t<meta property=\"og:image:width\" content=\"600\" \/>\n\t<meta property=\"og:image:height\" content=\"450\" \/>\n\t<meta property=\"og:image:type\" content=\"image\/jpeg\" \/>\n<meta name=\"twitter:card\" content=\"summary_large_image\" \/>\n<script type=\"application\/ld+json\" class=\"yoast-schema-graph\">{\"@context\":\"https:\/\/schema.org\",\"@graph\":[{\"@type\":\"WebPage\",\"@id\":\"https:\/\/valika.eu\/fi\/toode\/kuunenahaoli-75ml-pipetiga\/\",\"url\":\"https:\/\/valika.eu\/fi\/toode\/kuunenahaoli-75ml-pipetiga\/\",\"name\":\"Kynsinauha\u00f6ljy, 75 ml | Valika\",\"isPartOf\":{\"@id\":\"https:\/\/valika.eu\/fi\/#website\"},\"primaryImageOfPage\":{\"@id\":\"https:\/\/valika.eu\/fi\/toode\/kuunenahaoli-75ml-pipetiga\/#primaryimage\"},\"image\":{\"@id\":\"https:\/\/valika.eu\/toode\/kuunenahaoli-75ml-pipetiga\/#primaryimage\"},\"thumbnailUrl\":\"https:\/\/valika.eu\/wp-content\/uploads\/2024\/09\/oilsuur.jpg\",\"datePublished\":\"2024-09-30T16:11:40+00:00\",\"dateModified\":\"2025-07-02T02:08:10+00:00\",\"description\":\"Pehmendab k\u00fc\u00fcnevalli kahjustatud kuiva nahka, toidab ning niisutab k\u00fc\u00fcneplaati, stimuleerib tervet kasvu, soodustab v\u00e4ikeste armide ja l\u00f5hede paranemist.\",\"breadcrumb\":{\"@id\":\"https:\/\/valika.eu\/fi\/toode\/kuunenahaoli-75ml-pipetiga\/#breadcrumb\"},\"inLanguage\":\"fi\",\"potentialAction\":[{\"@type\":\"ReadAction\",\"target\":[[\"https:\/\/valika.eu\/fi\/toode\/kuunenahaoli-75ml-pipetiga\/\"]]}]},{\"@type\":\"ImageObject\",\"inLanguage\":\"fi\",\"@id\":\"https:\/\/valika.eu\/fi\/toode\/kuunenahaoli-75ml-pipetiga\/#primaryimage\",\"url\":\"https:\/\/valika.eu\/wp-content\/uploads\/2024\/09\/oilsuur.jpg\",\"contentUrl\":\"https:\/\/valika.eu\/wp-content\/uploads\/2024\/09\/oilsuur.jpg\",\"width\":600,\"height\":450},{\"@type\":\"BreadcrumbList\",\"@id\":\"https:\/\/valika.eu\/fi\/toode\/kuunenahaoli-75ml-pipetiga\/#breadcrumb\",\"itemListElement\":[{\"@type\":\"ListItem\",\"position\":1,\"name\":\"Koti\",\"item\":\"https:\/\/valika.eu\/fi\/\"},{\"@type\":\"ListItem\",\"position\":2,\"name\":\"Shop\",\"item\":\"https:\/\/valika.eu\/fi\/\"},{\"@type\":\"ListItem\",\"position\":3,\"name\":\"Cuticle oil, 75ml\"}]},{\"@type\":\"WebSite\",\"@id\":\"https:\/\/valika.eu\/fi\/#website\",\"url\":\"https:\/\/valika.eu\/fi\/\",\"name\":\"Valika.eu\",\"description\":\"Salonkituotteet ja kauneudenhoitotuotteet - Valika tarjoaa laajan valikoiman tuotteita ja tarvikkeita kynsiteknikoille, kauneushoitoloille, kampaamoille ja kampaamoille.\",\"publisher\":{\"@id\":\"https:\/\/valika.eu\/fi\/#organization\"},\"alternateName\":\"Valika\",\"potentialAction\":[{\"@type\":\"SearchAction\",\"target\":{\"@type\":\"EntryPoint\",\"urlTemplate\":\"https:\/\/valika.eu\/fi\/?s={search_term_string}\"},\"query-input\":{\"@type\":\"PropertyValueSpecification\",\"valueRequired\":true,\"valueName\":\"search_term_string\"}}],\"inLanguage\":\"fi\"},{\"@type\":\"Organization\",\"@id\":\"https:\/\/valika.eu\/fi\/#organization\",\"name\":\"Salongitoode O\u00dc\",\"alternateName\":\"Valika\",\"url\":\"https:\/\/valika.eu\/fi\/\",\"logo\":{\"@type\":\"ImageObject\",\"inLanguage\":\"fi\",\"@id\":\"https:\/\/valika.eu\/fi\/#\/schema\/logo\/image\/\",\"url\":\"https:\/\/valika.eu\/wp-content\/uploads\/2023\/11\/logo2-valika-footer.png\",\"contentUrl\":\"https:\/\/valika.eu\/wp-content\/uploads\/2023\/11\/logo2-valika-footer.png\",\"width\":200,\"height\":129,\"caption\":\"Salongitoode O\u00dc\"},\"image\":{\"@id\":\"https:\/\/valika.eu\/fi\/#\/schema\/logo\/image\/\"},\"sameAs\":[\"https:\/\/www.facebook.com\/tipsi.net\"]}]}<\/script>\n<!-- \/ Yoast SEO plugin. -->","yoast_head_json":{"title":"Kynsinauha\u00f6ljy, 75 ml | Valika","description":"Pehmendab k\u00fc\u00fcnevalli kahjustatud kuiva nahka, toidab ning niisutab k\u00fc\u00fcneplaati, stimuleerib tervet kasvu, soodustab v\u00e4ikeste armide ja l\u00f5hede paranemist.","robots":{"index":"index","follow":"follow","max-snippet":"max-snippet:-1","max-image-preview":"max-image-preview:large","max-video-preview":"max-video-preview:-1"},"canonical":"https:\/\/valika.eu\/fi\/toode\/kuunenahaoli-75ml-pipetiga\/","og_locale":"fi_FI","og_type":"article","og_title":"Kynsinauha\u00f6ljy, 75 ml | Valika","og_description":"Pehmendab k\u00fc\u00fcnevalli kahjustatud kuiva nahka, toidab ning niisutab k\u00fc\u00fcneplaati, stimuleerib tervet kasvu, soodustab v\u00e4ikeste armide ja l\u00f5hede paranemist.","og_url":"https:\/\/valika.eu\/fi\/toode\/kuunenahaoli-75ml-pipetiga\/","og_site_name":"Valika","article_publisher":"https:\/\/www.facebook.com\/tipsi.net","article_modified_time":"2025-07-02T02:08:10+00:00","og_image":[{"width":600,"height":450,"url":"https:\/\/valika.eu\/wp-content\/uploads\/2024\/09\/oilsuur.jpg","type":"image\/jpeg"}],"twitter_card":"summary_large_image","schema":{"@context":"https:\/\/schema.org","@graph":[{"@type":"WebPage","@id":"https:\/\/valika.eu\/fi\/toode\/kuunenahaoli-75ml-pipetiga\/","url":"https:\/\/valika.eu\/fi\/toode\/kuunenahaoli-75ml-pipetiga\/","name":"Kynsinauha\u00f6ljy, 75 ml | Valika","isPartOf":{"@id":"https:\/\/valika.eu\/fi\/#website"},"primaryImageOfPage":{"@id":"https:\/\/valika.eu\/fi\/toode\/kuunenahaoli-75ml-pipetiga\/#primaryimage"},"image":{"@id":"https:\/\/valika.eu\/toode\/kuunenahaoli-75ml-pipetiga\/#primaryimage"},"thumbnailUrl":"https:\/\/valika.eu\/wp-content\/uploads\/2024\/09\/oilsuur.jpg","datePublished":"2024-09-30T16:11:40+00:00","dateModified":"2025-07-02T02:08:10+00:00","description":"Pehmendab k\u00fc\u00fcnevalli kahjustatud kuiva nahka, toidab ning niisutab k\u00fc\u00fcneplaati, stimuleerib tervet kasvu, soodustab v\u00e4ikeste armide ja l\u00f5hede paranemist.","breadcrumb":{"@id":"https:\/\/valika.eu\/fi\/toode\/kuunenahaoli-75ml-pipetiga\/#breadcrumb"},"inLanguage":"fi","potentialAction":[{"@type":"ReadAction","target":[["https:\/\/valika.eu\/fi\/toode\/kuunenahaoli-75ml-pipetiga\/"]]}]},{"@type":"ImageObject","inLanguage":"fi","@id":"https:\/\/valika.eu\/fi\/toode\/kuunenahaoli-75ml-pipetiga\/#primaryimage","url":"https:\/\/valika.eu\/wp-content\/uploads\/2024\/09\/oilsuur.jpg","contentUrl":"https:\/\/valika.eu\/wp-content\/uploads\/2024\/09\/oilsuur.jpg","width":600,"height":450},{"@type":"BreadcrumbList","@id":"https:\/\/valika.eu\/fi\/toode\/kuunenahaoli-75ml-pipetiga\/#breadcrumb","itemListElement":[{"@type":"ListItem","position":1,"name":"Koti","item":"https:\/\/valika.eu\/fi\/"},{"@type":"ListItem","position":2,"name":"Shop","item":"https:\/\/valika.eu\/fi\/"},{"@type":"ListItem","position":3,"name":"Cuticle oil, 75ml"}]},{"@type":"WebSite","@id":"https:\/\/valika.eu\/fi\/#website","url":"https:\/\/valika.eu\/fi\/","name":"Valika.eu","description":"Salonkituotteet ja kauneudenhoitotuotteet - Valika tarjoaa laajan valikoiman tuotteita ja tarvikkeita kynsiteknikoille, kauneushoitoloille, kampaamoille ja kampaamoille.","publisher":{"@id":"https:\/\/valika.eu\/fi\/#organization"},"alternateName":"Valika","potentialAction":[{"@type":"SearchAction","target":{"@type":"EntryPoint","urlTemplate":"https:\/\/valika.eu\/fi\/?s={search_term_string}"},"query-input":{"@type":"PropertyValueSpecification","valueRequired":true,"valueName":"search_term_string"}}],"inLanguage":"fi"},{"@type":"Organization","@id":"https:\/\/valika.eu\/fi\/#organization","name":"Salongitoode O\u00dc","alternateName":"Valika","url":"https:\/\/valika.eu\/fi\/","logo":{"@type":"ImageObject","inLanguage":"fi","@id":"https:\/\/valika.eu\/fi\/#\/schema\/logo\/image\/","url":"https:\/\/valika.eu\/wp-content\/uploads\/2023\/11\/logo2-valika-footer.png","contentUrl":"https:\/\/valika.eu\/wp-content\/uploads\/2023\/11\/logo2-valika-footer.png","width":200,"height":129,"caption":"Salongitoode O\u00dc"},"image":{"@id":"https:\/\/valika.eu\/fi\/#\/schema\/logo\/image\/"},"sameAs":["https:\/\/www.facebook.com\/tipsi.net"]}]}},"jetpack_sharing_enabled":true,"_links":{"self":[{"href":"https:\/\/valika.eu\/fi\/wp-json\/wp\/v2\/product\/1220","targetHints":{"allow":["GET"]}}],"collection":[{"href":"https:\/\/valika.eu\/fi\/wp-json\/wp\/v2\/product"}],"about":[{"href":"https:\/\/valika.eu\/fi\/wp-json\/wp\/v2\/types\/product"}],"wp:featuredmedia":[{"embeddable":true,"href":"https:\/\/valika.eu\/fi\/wp-json\/wp\/v2\/media\/1221"}],"wp:attachment":[{"href":"https:\/\/valika.eu\/fi\/wp-json\/wp\/v2\/media?parent=1220"}],"wp:term":[{"taxonomy":"product_brand","embeddable":true,"href":"https:\/\/valika.eu\/fi\/wp-json\/wp\/v2\/product_brand?post=1220"},{"taxonomy":"product_cat","embeddable":true,"href":"https:\/\/valika.eu\/fi\/wp-json\/wp\/v2\/product_cat?post=1220"},{"taxonomy":"product_tag","embeddable":true,"href":"https:\/\/valika.eu\/fi\/wp-json\/wp\/v2\/product_tag?post=1220"}],"curies":[{"name":"wp","href":"https:\/\/api.w.org\/{rel}","templated":true}]}}