{"id":12224,"date":"2025-01-09T07:45:46","date_gmt":"2025-01-09T05:45:46","guid":{"rendered":"https:\/\/valika.eu\/toode\/claresa-its-magic-varvi-muutev-huulelaige-44g\/"},"modified":"2025-11-04T15:13:01","modified_gmt":"2025-11-04T13:13:01","slug":"claresa-its-magic-varvi-muutev-huulelaige-44g","status":"publish","type":"product","link":"https:\/\/valika.eu\/fi\/toode\/claresa-its-magic-varvi-muutev-huulelaige-44g\/","title":{"rendered":"CLARESA IT\u2019S MAGIC! v\u00e4ri\u00e4 vaihtava huulikiilto 4,4g"},"content":{"rendered":"<p><\/p>\n<p><strong>CLARESA IT\u2019S MAGIC! v\u00e4ri\u00e4 vaihtava huulikiilto<\/strong><\/p>\n<p>Luulitko jo tuntevasi v\u00e4ri\u00e4 vaihtavat huulituotteet, eik\u00e4 mik\u00e4\u00e4n en\u00e4\u00e4 yll\u00e4t\u00e4 sinua? Olet v\u00e4\u00e4r\u00e4ss\u00e4! IT\u2019S MAGIC! huulikiilto ei ole vain hienovarainen lis\u00e4ys luonnolliseen huuliv\u00e4riisi \u2013 se on todellista fuksian taikaa! Yksi kerros antaa huulillesi intensiivisen pinkin s\u00e4vyn, ja jokainen lis\u00e4kerros vain vahvistaa t\u00e4t\u00e4 vaikutusta. Alun perin sinisen tuotteen muuttuva s\u00e4vy riippuu huultesi pH-arvosta ja pysyy kanssasi pitk\u00e4\u00e4n, h\u00e4vi\u00e4m\u00e4tt\u00e4 sy\u00f6dess\u00e4 tai juodessa.<\/p>\n<p>T\u00e4m\u00e4 maaginen huulikiilto toimii my\u00f6s erinomaisesti poskipunana. Taputtele hieman huulillesi ja poskillesi saadaksesi harmonisesti v\u00e4rj\u00e4tyn, eritt\u00e4in raikkaan meikkilookin, tai levit\u00e4 runsaasti yhdist\u00e4\u00e4ksesi kaksi trendi\u00e4: kiilt\u00e4v\u00e4t posket kuten WET SKIN ja intensiivinen v\u00e4ri kuten STATEMENT BLUSH. Valitsitpa sitten herk\u00e4n ja tytt\u00f6m\u00e4isen tai eritt\u00e4in trendikk\u00e4\u00e4n vaikutelman, t\u00e4ydellisesti yhteensopiva s\u00e4vy huulillasi ja poskillasi n\u00e4ytt\u00e4\u00e4 aina upealta!<\/p>\n<\/p>\n<p><strong>HAUSKA FAKTA<\/strong><\/p>\n<p>Huulikiillon v\u00e4riaine reagoi huultesi pH-arvon ja l\u00e4mp\u00f6tilan kanssa, mik\u00e4 aiheuttaa niiden v\u00e4rin muuttumisen. Koska jokaisen huulten pH on erilainen, sill\u00e4 saatu s\u00e4vy on ainutlaatuinen.<\/p>\n<\/p>\n<p><strong>MEIKKITAITEILIJAN VINKKI<\/strong><\/p>\n<p>Levit\u00e4 maagista huulikiiltoa vain yl\u00e4- ja alahuulen keskiosaan, ja kun ne muuttavat v\u00e4ri\u00e4, maalaa loput kirkkaalla kiillolla. T\u00e4m\u00e4 antaa sinulle niin sanotun puraisun huuliefektin.<\/p>\n<p><img loading=\"lazy\" decoding=\"async\" src=\"\/userdata\/public\/assets\/\/Its%20Magic%201200%20x%201200.jpg\" alt=\"CLARESA IT\u2019S MAGIC! V\u00c4RI\u00c4 VAIHTAVA HUULIKIILTO 4.4G\" width=\"1200\" height=\"1200\" \/><\/p>\n<\/p>\n<div class=\"video-container\"><\/div>\n<div class=\"video-container\"><\/div>\n<div class=\"video-container\"><\/div>\n<div class=\"video-container\"><\/div>\n<p><\/p>","protected":false},"excerpt":{"rendered":"<p>CLARESA IT\u2019S MAGIC! v\u00e4ri\u00e4 vaihtava huulikiilto Luulitko jo tuntevasi v\u00e4ri\u00e4 vaihtavat huulituotteet, eik\u00e4 mik\u00e4\u00e4n en\u00e4\u00e4 yll\u00e4t\u00e4 sinua? Olet v\u00e4\u00e4r\u00e4ss\u00e4! IT\u2019S<\/p>\n","protected":false},"featured_media":12223,"template":"","meta":[],"product_brand":[],"product_cat":[697],"product_tag":[],"class_list":{"0":"post-12224","1":"product","2":"type-product","3":"status-publish","4":"has-post-thumbnail","6":"product_cat-lip-glosses","8":"first","9":"instock","10":"taxable","11":"shipping-taxable","12":"purchasable","13":"product-type-simple"},"yoast_head":"<!-- This site is optimized with the Yoast SEO plugin v24.4 - https:\/\/yoast.com\/wordpress\/plugins\/seo\/ -->\n<title>CLARESA IT\u2019S MAGIC! v\u00e4ri\u00e4 vaihtava huulikiilto 4,4g | Valika<\/title>\n<meta name=\"robots\" content=\"index, follow, max-snippet:-1, max-image-preview:large, max-video-preview:-1\" \/>\n<link rel=\"canonical\" href=\"https:\/\/valika.eu\/fi\/toode\/claresa-its-magic-varvi-muutev-huulelaige-44g\/\" \/>\n<meta property=\"og:locale\" content=\"fi_FI\" \/>\n<meta property=\"og:type\" content=\"article\" \/>\n<meta property=\"og:title\" content=\"CLARESA IT\u2019S MAGIC! v\u00e4ri\u00e4 vaihtava huulikiilto 4,4g | Valika\" \/>\n<meta property=\"og:description\" content=\"CLARESA IT\u2019S MAGIC! v\u00e4ri\u00e4 vaihtava huulikiilto Luulitko jo tuntevasi v\u00e4ri\u00e4 vaihtavat huulituotteet, eik\u00e4 mik\u00e4\u00e4n en\u00e4\u00e4 yll\u00e4t\u00e4 sinua? Olet v\u00e4\u00e4r\u00e4ss\u00e4! IT\u2019S\" \/>\n<meta property=\"og:url\" content=\"https:\/\/valika.eu\/fi\/toode\/claresa-its-magic-varvi-muutev-huulelaige-44g\/\" \/>\n<meta property=\"og:site_name\" content=\"Valika\" \/>\n<meta property=\"article:publisher\" content=\"https:\/\/www.facebook.com\/tipsi.net\" \/>\n<meta property=\"article:modified_time\" content=\"2025-11-04T13:13:01+00:00\" \/>\n<meta property=\"og:image\" content=\"https:\/\/valika.eu\/wp-content\/uploads\/2025\/01\/8072.jpg\" \/>\n\t<meta property=\"og:image:width\" content=\"1500\" \/>\n\t<meta property=\"og:image:height\" content=\"1500\" \/>\n\t<meta property=\"og:image:type\" content=\"image\/jpeg\" \/>\n<meta name=\"twitter:card\" content=\"summary_large_image\" \/>\n<script type=\"application\/ld+json\" class=\"yoast-schema-graph\">{\"@context\":\"https:\/\/schema.org\",\"@graph\":[{\"@type\":\"WebPage\",\"@id\":\"https:\/\/valika.eu\/fi\/toode\/claresa-its-magic-varvi-muutev-huulelaige-44g\/\",\"url\":\"https:\/\/valika.eu\/fi\/toode\/claresa-its-magic-varvi-muutev-huulelaige-44g\/\",\"name\":\"CLARESA IT\u2019S MAGIC! v\u00e4ri\u00e4 vaihtava huulikiilto 4,4g | Valika\",\"isPartOf\":{\"@id\":\"https:\/\/valika.eu\/fi\/#website\"},\"primaryImageOfPage\":{\"@id\":\"https:\/\/valika.eu\/fi\/toode\/claresa-its-magic-varvi-muutev-huulelaige-44g\/#primaryimage\"},\"image\":{\"@id\":\"https:\/\/valika.eu\/toode\/claresa-its-magic-varvi-muutev-huulelaige-44g\/#primaryimage\"},\"thumbnailUrl\":\"https:\/\/valika.eu\/wp-content\/uploads\/2025\/01\/8072.jpg\",\"datePublished\":\"2025-01-09T05:45:46+00:00\",\"dateModified\":\"2025-11-04T13:13:01+00:00\",\"breadcrumb\":{\"@id\":\"https:\/\/valika.eu\/fi\/toode\/claresa-its-magic-varvi-muutev-huulelaige-44g\/#breadcrumb\"},\"inLanguage\":\"fi\",\"potentialAction\":[{\"@type\":\"ReadAction\",\"target\":[[\"https:\/\/valika.eu\/fi\/toode\/claresa-its-magic-varvi-muutev-huulelaige-44g\/\"]]}]},{\"@type\":\"ImageObject\",\"inLanguage\":\"fi\",\"@id\":\"https:\/\/valika.eu\/fi\/toode\/claresa-its-magic-varvi-muutev-huulelaige-44g\/#primaryimage\",\"url\":\"https:\/\/valika.eu\/wp-content\/uploads\/2025\/01\/8072.jpg\",\"contentUrl\":\"https:\/\/valika.eu\/wp-content\/uploads\/2025\/01\/8072.jpg\",\"width\":1500,\"height\":1500},{\"@type\":\"BreadcrumbList\",\"@id\":\"https:\/\/valika.eu\/fi\/toode\/claresa-its-magic-varvi-muutev-huulelaige-44g\/#breadcrumb\",\"itemListElement\":[{\"@type\":\"ListItem\",\"position\":1,\"name\":\"Koti\",\"item\":\"https:\/\/valika.eu\/fi\/\"},{\"@type\":\"ListItem\",\"position\":2,\"name\":\"Shop\",\"item\":\"https:\/\/valika.eu\/fi\/\"},{\"@type\":\"ListItem\",\"position\":3,\"name\":\"CLARESA IT&#8217;S MAGIC! color-changing lip gloss 4.4g\"}]},{\"@type\":\"WebSite\",\"@id\":\"https:\/\/valika.eu\/fi\/#website\",\"url\":\"https:\/\/valika.eu\/fi\/\",\"name\":\"Valika.eu\",\"description\":\"Salonkituotteet ja kauneudenhoitotuotteet - Valika tarjoaa laajan valikoiman tuotteita ja tarvikkeita kynsiteknikoille, kauneushoitoloille, kampaamoille ja kampaamoille.\",\"publisher\":{\"@id\":\"https:\/\/valika.eu\/fi\/#organization\"},\"alternateName\":\"Valika\",\"potentialAction\":[{\"@type\":\"SearchAction\",\"target\":{\"@type\":\"EntryPoint\",\"urlTemplate\":\"https:\/\/valika.eu\/fi\/?s={search_term_string}\"},\"query-input\":{\"@type\":\"PropertyValueSpecification\",\"valueRequired\":true,\"valueName\":\"search_term_string\"}}],\"inLanguage\":\"fi\"},{\"@type\":\"Organization\",\"@id\":\"https:\/\/valika.eu\/fi\/#organization\",\"name\":\"Salongitoode O\u00dc\",\"alternateName\":\"Valika\",\"url\":\"https:\/\/valika.eu\/fi\/\",\"logo\":{\"@type\":\"ImageObject\",\"inLanguage\":\"fi\",\"@id\":\"https:\/\/valika.eu\/fi\/#\/schema\/logo\/image\/\",\"url\":\"https:\/\/valika.eu\/wp-content\/uploads\/2023\/11\/logo2-valika-footer.png\",\"contentUrl\":\"https:\/\/valika.eu\/wp-content\/uploads\/2023\/11\/logo2-valika-footer.png\",\"width\":200,\"height\":129,\"caption\":\"Salongitoode O\u00dc\"},\"image\":{\"@id\":\"https:\/\/valika.eu\/fi\/#\/schema\/logo\/image\/\"},\"sameAs\":[\"https:\/\/www.facebook.com\/tipsi.net\"]}]}<\/script>\n<!-- \/ Yoast SEO plugin. -->","yoast_head_json":{"title":"CLARESA IT\u2019S MAGIC! v\u00e4ri\u00e4 vaihtava huulikiilto 4,4g | Valika","robots":{"index":"index","follow":"follow","max-snippet":"max-snippet:-1","max-image-preview":"max-image-preview:large","max-video-preview":"max-video-preview:-1"},"canonical":"https:\/\/valika.eu\/fi\/toode\/claresa-its-magic-varvi-muutev-huulelaige-44g\/","og_locale":"fi_FI","og_type":"article","og_title":"CLARESA IT\u2019S MAGIC! v\u00e4ri\u00e4 vaihtava huulikiilto 4,4g | Valika","og_description":"CLARESA IT\u2019S MAGIC! v\u00e4ri\u00e4 vaihtava huulikiilto Luulitko jo tuntevasi v\u00e4ri\u00e4 vaihtavat huulituotteet, eik\u00e4 mik\u00e4\u00e4n en\u00e4\u00e4 yll\u00e4t\u00e4 sinua? Olet v\u00e4\u00e4r\u00e4ss\u00e4! IT\u2019S","og_url":"https:\/\/valika.eu\/fi\/toode\/claresa-its-magic-varvi-muutev-huulelaige-44g\/","og_site_name":"Valika","article_publisher":"https:\/\/www.facebook.com\/tipsi.net","article_modified_time":"2025-11-04T13:13:01+00:00","og_image":[{"width":1500,"height":1500,"url":"https:\/\/valika.eu\/wp-content\/uploads\/2025\/01\/8072.jpg","type":"image\/jpeg"}],"twitter_card":"summary_large_image","schema":{"@context":"https:\/\/schema.org","@graph":[{"@type":"WebPage","@id":"https:\/\/valika.eu\/fi\/toode\/claresa-its-magic-varvi-muutev-huulelaige-44g\/","url":"https:\/\/valika.eu\/fi\/toode\/claresa-its-magic-varvi-muutev-huulelaige-44g\/","name":"CLARESA IT\u2019S MAGIC! v\u00e4ri\u00e4 vaihtava huulikiilto 4,4g | Valika","isPartOf":{"@id":"https:\/\/valika.eu\/fi\/#website"},"primaryImageOfPage":{"@id":"https:\/\/valika.eu\/fi\/toode\/claresa-its-magic-varvi-muutev-huulelaige-44g\/#primaryimage"},"image":{"@id":"https:\/\/valika.eu\/toode\/claresa-its-magic-varvi-muutev-huulelaige-44g\/#primaryimage"},"thumbnailUrl":"https:\/\/valika.eu\/wp-content\/uploads\/2025\/01\/8072.jpg","datePublished":"2025-01-09T05:45:46+00:00","dateModified":"2025-11-04T13:13:01+00:00","breadcrumb":{"@id":"https:\/\/valika.eu\/fi\/toode\/claresa-its-magic-varvi-muutev-huulelaige-44g\/#breadcrumb"},"inLanguage":"fi","potentialAction":[{"@type":"ReadAction","target":[["https:\/\/valika.eu\/fi\/toode\/claresa-its-magic-varvi-muutev-huulelaige-44g\/"]]}]},{"@type":"ImageObject","inLanguage":"fi","@id":"https:\/\/valika.eu\/fi\/toode\/claresa-its-magic-varvi-muutev-huulelaige-44g\/#primaryimage","url":"https:\/\/valika.eu\/wp-content\/uploads\/2025\/01\/8072.jpg","contentUrl":"https:\/\/valika.eu\/wp-content\/uploads\/2025\/01\/8072.jpg","width":1500,"height":1500},{"@type":"BreadcrumbList","@id":"https:\/\/valika.eu\/fi\/toode\/claresa-its-magic-varvi-muutev-huulelaige-44g\/#breadcrumb","itemListElement":[{"@type":"ListItem","position":1,"name":"Koti","item":"https:\/\/valika.eu\/fi\/"},{"@type":"ListItem","position":2,"name":"Shop","item":"https:\/\/valika.eu\/fi\/"},{"@type":"ListItem","position":3,"name":"CLARESA IT&#8217;S MAGIC! color-changing lip gloss 4.4g"}]},{"@type":"WebSite","@id":"https:\/\/valika.eu\/fi\/#website","url":"https:\/\/valika.eu\/fi\/","name":"Valika.eu","description":"Salonkituotteet ja kauneudenhoitotuotteet - Valika tarjoaa laajan valikoiman tuotteita ja tarvikkeita kynsiteknikoille, kauneushoitoloille, kampaamoille ja kampaamoille.","publisher":{"@id":"https:\/\/valika.eu\/fi\/#organization"},"alternateName":"Valika","potentialAction":[{"@type":"SearchAction","target":{"@type":"EntryPoint","urlTemplate":"https:\/\/valika.eu\/fi\/?s={search_term_string}"},"query-input":{"@type":"PropertyValueSpecification","valueRequired":true,"valueName":"search_term_string"}}],"inLanguage":"fi"},{"@type":"Organization","@id":"https:\/\/valika.eu\/fi\/#organization","name":"Salongitoode O\u00dc","alternateName":"Valika","url":"https:\/\/valika.eu\/fi\/","logo":{"@type":"ImageObject","inLanguage":"fi","@id":"https:\/\/valika.eu\/fi\/#\/schema\/logo\/image\/","url":"https:\/\/valika.eu\/wp-content\/uploads\/2023\/11\/logo2-valika-footer.png","contentUrl":"https:\/\/valika.eu\/wp-content\/uploads\/2023\/11\/logo2-valika-footer.png","width":200,"height":129,"caption":"Salongitoode O\u00dc"},"image":{"@id":"https:\/\/valika.eu\/fi\/#\/schema\/logo\/image\/"},"sameAs":["https:\/\/www.facebook.com\/tipsi.net"]}]}},"jetpack_sharing_enabled":true,"_links":{"self":[{"href":"https:\/\/valika.eu\/fi\/wp-json\/wp\/v2\/product\/12224","targetHints":{"allow":["GET"]}}],"collection":[{"href":"https:\/\/valika.eu\/fi\/wp-json\/wp\/v2\/product"}],"about":[{"href":"https:\/\/valika.eu\/fi\/wp-json\/wp\/v2\/types\/product"}],"wp:featuredmedia":[{"embeddable":true,"href":"https:\/\/valika.eu\/fi\/wp-json\/wp\/v2\/media\/12223"}],"wp:attachment":[{"href":"https:\/\/valika.eu\/fi\/wp-json\/wp\/v2\/media?parent=12224"}],"wp:term":[{"taxonomy":"product_brand","embeddable":true,"href":"https:\/\/valika.eu\/fi\/wp-json\/wp\/v2\/product_brand?post=12224"},{"taxonomy":"product_cat","embeddable":true,"href":"https:\/\/valika.eu\/fi\/wp-json\/wp\/v2\/product_cat?post=12224"},{"taxonomy":"product_tag","embeddable":true,"href":"https:\/\/valika.eu\/fi\/wp-json\/wp\/v2\/product_tag?post=12224"}],"curies":[{"name":"wp","href":"https:\/\/api.w.org\/{rel}","templated":true}]}}