{"id":12237,"date":"2025-01-09T07:46:03","date_gmt":"2025-01-09T05:46:03","guid":{"rendered":"https:\/\/valika.eu\/toode\/claresa-huulelaige-topper-lip-shimmer-02-blew-blue\/"},"modified":"2025-11-04T15:13:00","modified_gmt":"2025-11-04T13:13:00","slug":"claresa-huulelaige-topper-lip-shimmer-02-blew-blue","status":"publish","type":"product","link":"https:\/\/valika.eu\/fi\/toode\/claresa-huulelaige-topper-lip-shimmer-02-blew-blue\/","title":{"rendered":"CLARESA HUULIKIILTO TOPPER LIP SHIMMER 02 BLEW BLUE"},"content":{"rendered":"<p><\/p>\n<p>L\u00f6yd\u00e4 uusi ulottuvuus meikiss\u00e4 kimaltelevalla huulikiillolla!<\/p>\n<p>T\u00e4m\u00e4 on tuote, jolla on <strong>kevyt koostumus<\/strong>, joka ymp\u00e4r\u00f6i huulet samettisella kiillolla, t\u00e4ynn\u00e4 kimaltelevia hiukkasia. Haluatpa sitten lis\u00e4t\u00e4 hienovaraisuutta jokap\u00e4iv\u00e4iseen meikkiisi tai etsit rohkeaa korostusta iltamenoihin, voit nauttia kauniista lopputuloksesta tinkim\u00e4tt\u00e4 huultesi mukavuudesta. Levit\u00e4 tuote <strong>suoraan huulille<\/strong> tai <strong>lempihuulipunasi p\u00e4\u00e4lle<\/strong>. Huulikiiltomme <strong>kest\u00e4\u00e4 pitk\u00e4\u00e4n<\/strong>, ei tahriudu eik\u00e4 menet\u00e4 kiiltoaan.<\/p>\n<\/p>\n<p><strong><span style=\"color: #cc8797\">HAUSKA FAKTA: <\/span><\/strong><\/p>\n<p>Onko sinulla ongelmia kuivien huulien kanssa? Tunnetko ep\u00e4mukavuutta huulipunaa k\u00e4ytt\u00e4ess\u00e4si? Huulikiiltomme koostumus tarjoaa tehokasta hoitoa huulillesi <strong>kosteuttavan hyaluronihapon<\/strong> ansiosta. Kevyt koostumus <strong>ei tahmaa, ei paina eik\u00e4 korosta kuivaa ihoa<\/strong>, varmistaen mukavuuden ja pehmeyden tunteen. Se luo huulille hienovaraisen suojakerroksen, joka s\u00e4ilytt\u00e4\u00e4 kosteuden ja est\u00e4\u00e4 liiallista haihtumista. T\u00e4m\u00e4 tarkoittaa, ett\u00e4 huulesi ovat <strong>suojattuja haitallisilta ulkoisilta tekij\u00f6ilt\u00e4<\/strong>, kuten kylm\u00e4lt\u00e4 tai kuivalta ilmalta.<\/p>\n<p><strong> <\/strong><\/p>\n<p><strong><span style=\"color: #cc8797\">K\u00c4YTT\u00d6:<\/span><\/strong><\/p>\n<p>Levit\u00e4 tuote applikaattorilla huulten keskelle kiilt\u00e4v\u00e4ksi korostukseksi tai peit\u00e4 koko pinta. Levit\u00e4 kiiltoa kevyin vedoin, liikkuen huulten keskelt\u00e4 kohti kulmia. Tarkalla k\u00e4rjell\u00e4 voit vapaasti hallita koostumuksen m\u00e4\u00e4r\u00e4\u00e4 ja siten s\u00e4\u00e4t\u00e4\u00e4 kiillon intensiteetti\u00e4. Sinun ei tarvitse odottaa tuotteen kuivumista \u2013 levit\u00e4 se huulillesi ja nauti upeasta vaikutuksesta!<\/p>\n<\/p>\n<p><strong><span style=\"color: #cc8797\">MEIKKITAITEILIJAN VINKKI:<\/span><\/strong><\/p>\n<p>Kokeile sekoittaa huulikiiltoa lempihuulipunasi, luomiv\u00e4risi tai jopa poskipunasi kanssa! Kokeile erilaisia v\u00e4rikombinaatioita luodaksesi oman ainutlaatuisen s\u00e4vysi. Her\u00e4t\u00e4 luovuutesi ja l\u00f6yd\u00e4 loputtomat mahdollisuudet!<\/p>\n<p><img loading=\"lazy\" decoding=\"async\" src=\"\/userdata\/public\/assets\/\/Claresa-Topper-Lip-Shimmer-FB2%20%281%29-min.jpg\" alt=\"topper-lips\" width=\"1200\" height=\"1200\" \/><\/p>\n<div class=\"video-container\"><\/div>\n<p><\/p>","protected":false},"excerpt":{"rendered":"<p>L\u00f6yd\u00e4 uusi ulottuvuus meikiss\u00e4 kimaltelevalla huulikiillolla! T\u00e4m\u00e4 on tuote, jolla on kevyt koostumus, joka ymp\u00e4r\u00f6i huulet samettisella kiillolla, t\u00e4ynn\u00e4 kimaltelevia<\/p>\n","protected":false},"featured_media":12236,"template":"","meta":[],"product_brand":[],"product_cat":[697],"product_tag":[],"class_list":{"0":"post-12237","1":"product","2":"type-product","3":"status-publish","4":"has-post-thumbnail","6":"product_cat-lip-glosses","8":"first","9":"instock","10":"taxable","11":"shipping-taxable","12":"purchasable","13":"product-type-simple"},"yoast_head":"<!-- This site is optimized with the Yoast SEO plugin v24.4 - https:\/\/yoast.com\/wordpress\/plugins\/seo\/ -->\n<title>CLARESA HUULIKIILTO TOPPER LIP SHIMMER 02 BLEW BLUE | Valika<\/title>\n<meta name=\"robots\" content=\"index, follow, max-snippet:-1, max-image-preview:large, max-video-preview:-1\" \/>\n<link rel=\"canonical\" href=\"https:\/\/valika.eu\/fi\/toode\/claresa-huulelaige-topper-lip-shimmer-02-blew-blue\/\" \/>\n<meta property=\"og:locale\" content=\"fi_FI\" \/>\n<meta property=\"og:type\" content=\"article\" \/>\n<meta property=\"og:title\" content=\"CLARESA HUULIKIILTO TOPPER LIP SHIMMER 02 BLEW BLUE | Valika\" \/>\n<meta property=\"og:description\" content=\"L\u00f6yd\u00e4 uusi ulottuvuus meikiss\u00e4 kimaltelevalla huulikiillolla! T\u00e4m\u00e4 on tuote, jolla on kevyt koostumus, joka ymp\u00e4r\u00f6i huulet samettisella kiillolla, t\u00e4ynn\u00e4 kimaltelevia\" \/>\n<meta property=\"og:url\" content=\"https:\/\/valika.eu\/fi\/toode\/claresa-huulelaige-topper-lip-shimmer-02-blew-blue\/\" \/>\n<meta property=\"og:site_name\" content=\"Valika\" \/>\n<meta property=\"article:publisher\" content=\"https:\/\/www.facebook.com\/tipsi.net\" \/>\n<meta property=\"article:modified_time\" content=\"2025-11-04T13:13:00+00:00\" \/>\n<meta property=\"og:image\" content=\"https:\/\/valika.eu\/wp-content\/uploads\/2025\/01\/8449.jpg\" \/>\n\t<meta property=\"og:image:width\" content=\"2048\" \/>\n\t<meta property=\"og:image:height\" content=\"2048\" \/>\n\t<meta property=\"og:image:type\" content=\"image\/jpeg\" \/>\n<meta name=\"twitter:card\" content=\"summary_large_image\" \/>\n<script type=\"application\/ld+json\" class=\"yoast-schema-graph\">{\"@context\":\"https:\/\/schema.org\",\"@graph\":[{\"@type\":\"WebPage\",\"@id\":\"https:\/\/valika.eu\/fi\/toode\/claresa-huulelaige-topper-lip-shimmer-02-blew-blue\/\",\"url\":\"https:\/\/valika.eu\/fi\/toode\/claresa-huulelaige-topper-lip-shimmer-02-blew-blue\/\",\"name\":\"CLARESA HUULIKIILTO TOPPER LIP SHIMMER 02 BLEW BLUE | Valika\",\"isPartOf\":{\"@id\":\"https:\/\/valika.eu\/fi\/#website\"},\"primaryImageOfPage\":{\"@id\":\"https:\/\/valika.eu\/fi\/toode\/claresa-huulelaige-topper-lip-shimmer-02-blew-blue\/#primaryimage\"},\"image\":{\"@id\":\"https:\/\/valika.eu\/toode\/claresa-huulelaige-topper-lip-shimmer-02-blew-blue\/#primaryimage\"},\"thumbnailUrl\":\"https:\/\/valika.eu\/wp-content\/uploads\/2025\/01\/8449.jpg\",\"datePublished\":\"2025-01-09T05:46:03+00:00\",\"dateModified\":\"2025-11-04T13:13:00+00:00\",\"breadcrumb\":{\"@id\":\"https:\/\/valika.eu\/fi\/toode\/claresa-huulelaige-topper-lip-shimmer-02-blew-blue\/#breadcrumb\"},\"inLanguage\":\"fi\",\"potentialAction\":[{\"@type\":\"ReadAction\",\"target\":[[\"https:\/\/valika.eu\/fi\/toode\/claresa-huulelaige-topper-lip-shimmer-02-blew-blue\/\"]]}]},{\"@type\":\"ImageObject\",\"inLanguage\":\"fi\",\"@id\":\"https:\/\/valika.eu\/fi\/toode\/claresa-huulelaige-topper-lip-shimmer-02-blew-blue\/#primaryimage\",\"url\":\"https:\/\/valika.eu\/wp-content\/uploads\/2025\/01\/8449.jpg\",\"contentUrl\":\"https:\/\/valika.eu\/wp-content\/uploads\/2025\/01\/8449.jpg\",\"width\":2048,\"height\":2048},{\"@type\":\"BreadcrumbList\",\"@id\":\"https:\/\/valika.eu\/fi\/toode\/claresa-huulelaige-topper-lip-shimmer-02-blew-blue\/#breadcrumb\",\"itemListElement\":[{\"@type\":\"ListItem\",\"position\":1,\"name\":\"Koti\",\"item\":\"https:\/\/valika.eu\/fi\/\"},{\"@type\":\"ListItem\",\"position\":2,\"name\":\"Shop\",\"item\":\"https:\/\/valika.eu\/fi\/\"},{\"@type\":\"ListItem\",\"position\":3,\"name\":\"CLARESA LIP GLOSS TOPPER LIP SHIMMER 02 BLEW BLUE\"}]},{\"@type\":\"WebSite\",\"@id\":\"https:\/\/valika.eu\/fi\/#website\",\"url\":\"https:\/\/valika.eu\/fi\/\",\"name\":\"Valika.eu\",\"description\":\"Salonkituotteet ja kauneudenhoitotuotteet - Valika tarjoaa laajan valikoiman tuotteita ja tarvikkeita kynsiteknikoille, kauneushoitoloille, kampaamoille ja kampaamoille.\",\"publisher\":{\"@id\":\"https:\/\/valika.eu\/fi\/#organization\"},\"alternateName\":\"Valika\",\"potentialAction\":[{\"@type\":\"SearchAction\",\"target\":{\"@type\":\"EntryPoint\",\"urlTemplate\":\"https:\/\/valika.eu\/fi\/?s={search_term_string}\"},\"query-input\":{\"@type\":\"PropertyValueSpecification\",\"valueRequired\":true,\"valueName\":\"search_term_string\"}}],\"inLanguage\":\"fi\"},{\"@type\":\"Organization\",\"@id\":\"https:\/\/valika.eu\/fi\/#organization\",\"name\":\"Salongitoode O\u00dc\",\"alternateName\":\"Valika\",\"url\":\"https:\/\/valika.eu\/fi\/\",\"logo\":{\"@type\":\"ImageObject\",\"inLanguage\":\"fi\",\"@id\":\"https:\/\/valika.eu\/fi\/#\/schema\/logo\/image\/\",\"url\":\"https:\/\/valika.eu\/wp-content\/uploads\/2023\/11\/logo2-valika-footer.png\",\"contentUrl\":\"https:\/\/valika.eu\/wp-content\/uploads\/2023\/11\/logo2-valika-footer.png\",\"width\":200,\"height\":129,\"caption\":\"Salongitoode O\u00dc\"},\"image\":{\"@id\":\"https:\/\/valika.eu\/fi\/#\/schema\/logo\/image\/\"},\"sameAs\":[\"https:\/\/www.facebook.com\/tipsi.net\"]}]}<\/script>\n<!-- \/ Yoast SEO plugin. -->","yoast_head_json":{"title":"CLARESA HUULIKIILTO TOPPER LIP SHIMMER 02 BLEW BLUE | Valika","robots":{"index":"index","follow":"follow","max-snippet":"max-snippet:-1","max-image-preview":"max-image-preview:large","max-video-preview":"max-video-preview:-1"},"canonical":"https:\/\/valika.eu\/fi\/toode\/claresa-huulelaige-topper-lip-shimmer-02-blew-blue\/","og_locale":"fi_FI","og_type":"article","og_title":"CLARESA HUULIKIILTO TOPPER LIP SHIMMER 02 BLEW BLUE | Valika","og_description":"L\u00f6yd\u00e4 uusi ulottuvuus meikiss\u00e4 kimaltelevalla huulikiillolla! T\u00e4m\u00e4 on tuote, jolla on kevyt koostumus, joka ymp\u00e4r\u00f6i huulet samettisella kiillolla, t\u00e4ynn\u00e4 kimaltelevia","og_url":"https:\/\/valika.eu\/fi\/toode\/claresa-huulelaige-topper-lip-shimmer-02-blew-blue\/","og_site_name":"Valika","article_publisher":"https:\/\/www.facebook.com\/tipsi.net","article_modified_time":"2025-11-04T13:13:00+00:00","og_image":[{"width":2048,"height":2048,"url":"https:\/\/valika.eu\/wp-content\/uploads\/2025\/01\/8449.jpg","type":"image\/jpeg"}],"twitter_card":"summary_large_image","schema":{"@context":"https:\/\/schema.org","@graph":[{"@type":"WebPage","@id":"https:\/\/valika.eu\/fi\/toode\/claresa-huulelaige-topper-lip-shimmer-02-blew-blue\/","url":"https:\/\/valika.eu\/fi\/toode\/claresa-huulelaige-topper-lip-shimmer-02-blew-blue\/","name":"CLARESA HUULIKIILTO TOPPER LIP SHIMMER 02 BLEW BLUE | Valika","isPartOf":{"@id":"https:\/\/valika.eu\/fi\/#website"},"primaryImageOfPage":{"@id":"https:\/\/valika.eu\/fi\/toode\/claresa-huulelaige-topper-lip-shimmer-02-blew-blue\/#primaryimage"},"image":{"@id":"https:\/\/valika.eu\/toode\/claresa-huulelaige-topper-lip-shimmer-02-blew-blue\/#primaryimage"},"thumbnailUrl":"https:\/\/valika.eu\/wp-content\/uploads\/2025\/01\/8449.jpg","datePublished":"2025-01-09T05:46:03+00:00","dateModified":"2025-11-04T13:13:00+00:00","breadcrumb":{"@id":"https:\/\/valika.eu\/fi\/toode\/claresa-huulelaige-topper-lip-shimmer-02-blew-blue\/#breadcrumb"},"inLanguage":"fi","potentialAction":[{"@type":"ReadAction","target":[["https:\/\/valika.eu\/fi\/toode\/claresa-huulelaige-topper-lip-shimmer-02-blew-blue\/"]]}]},{"@type":"ImageObject","inLanguage":"fi","@id":"https:\/\/valika.eu\/fi\/toode\/claresa-huulelaige-topper-lip-shimmer-02-blew-blue\/#primaryimage","url":"https:\/\/valika.eu\/wp-content\/uploads\/2025\/01\/8449.jpg","contentUrl":"https:\/\/valika.eu\/wp-content\/uploads\/2025\/01\/8449.jpg","width":2048,"height":2048},{"@type":"BreadcrumbList","@id":"https:\/\/valika.eu\/fi\/toode\/claresa-huulelaige-topper-lip-shimmer-02-blew-blue\/#breadcrumb","itemListElement":[{"@type":"ListItem","position":1,"name":"Koti","item":"https:\/\/valika.eu\/fi\/"},{"@type":"ListItem","position":2,"name":"Shop","item":"https:\/\/valika.eu\/fi\/"},{"@type":"ListItem","position":3,"name":"CLARESA LIP GLOSS TOPPER LIP SHIMMER 02 BLEW BLUE"}]},{"@type":"WebSite","@id":"https:\/\/valika.eu\/fi\/#website","url":"https:\/\/valika.eu\/fi\/","name":"Valika.eu","description":"Salonkituotteet ja kauneudenhoitotuotteet - Valika tarjoaa laajan valikoiman tuotteita ja tarvikkeita kynsiteknikoille, kauneushoitoloille, kampaamoille ja kampaamoille.","publisher":{"@id":"https:\/\/valika.eu\/fi\/#organization"},"alternateName":"Valika","potentialAction":[{"@type":"SearchAction","target":{"@type":"EntryPoint","urlTemplate":"https:\/\/valika.eu\/fi\/?s={search_term_string}"},"query-input":{"@type":"PropertyValueSpecification","valueRequired":true,"valueName":"search_term_string"}}],"inLanguage":"fi"},{"@type":"Organization","@id":"https:\/\/valika.eu\/fi\/#organization","name":"Salongitoode O\u00dc","alternateName":"Valika","url":"https:\/\/valika.eu\/fi\/","logo":{"@type":"ImageObject","inLanguage":"fi","@id":"https:\/\/valika.eu\/fi\/#\/schema\/logo\/image\/","url":"https:\/\/valika.eu\/wp-content\/uploads\/2023\/11\/logo2-valika-footer.png","contentUrl":"https:\/\/valika.eu\/wp-content\/uploads\/2023\/11\/logo2-valika-footer.png","width":200,"height":129,"caption":"Salongitoode O\u00dc"},"image":{"@id":"https:\/\/valika.eu\/fi\/#\/schema\/logo\/image\/"},"sameAs":["https:\/\/www.facebook.com\/tipsi.net"]}]}},"jetpack_sharing_enabled":true,"_links":{"self":[{"href":"https:\/\/valika.eu\/fi\/wp-json\/wp\/v2\/product\/12237","targetHints":{"allow":["GET"]}}],"collection":[{"href":"https:\/\/valika.eu\/fi\/wp-json\/wp\/v2\/product"}],"about":[{"href":"https:\/\/valika.eu\/fi\/wp-json\/wp\/v2\/types\/product"}],"wp:featuredmedia":[{"embeddable":true,"href":"https:\/\/valika.eu\/fi\/wp-json\/wp\/v2\/media\/12236"}],"wp:attachment":[{"href":"https:\/\/valika.eu\/fi\/wp-json\/wp\/v2\/media?parent=12237"}],"wp:term":[{"taxonomy":"product_brand","embeddable":true,"href":"https:\/\/valika.eu\/fi\/wp-json\/wp\/v2\/product_brand?post=12237"},{"taxonomy":"product_cat","embeddable":true,"href":"https:\/\/valika.eu\/fi\/wp-json\/wp\/v2\/product_cat?post=12237"},{"taxonomy":"product_tag","embeddable":true,"href":"https:\/\/valika.eu\/fi\/wp-json\/wp\/v2\/product_tag?post=12237"}],"curies":[{"name":"wp","href":"https:\/\/api.w.org\/{rel}","templated":true}]}}