{"id":12264,"date":"2025-01-09T07:46:44","date_gmt":"2025-01-09T05:46:44","guid":{"rendered":"https:\/\/valika.eu\/toode\/claresa-gloss-is-my-boss-niisutav-huulelaige-11-lady-leader-5g\/"},"modified":"2025-07-02T05:01:17","modified_gmt":"2025-07-02T02:01:17","slug":"claresa-gloss-is-my-boss-niisutav-huulelaige-11-lady-leader-5g","status":"publish","type":"product","link":"https:\/\/valika.eu\/fi\/toode\/claresa-gloss-is-my-boss-niisutav-huulelaige-11-lady-leader-5g\/","title":{"rendered":"CLARESA GLOSS IS MY BOSS Kosteuttava huulikiilto 11 lady leader 5g"},"content":{"rendered":"<p>Huulikiilto, joka tarjoaa poikkeuksellista kiiltoa ja samalla varmistaa ihanan mukavuuden. Sen ainutlaatuinen vegaaninen koostumus hyaluronihapolla t\u00e4ytt\u00e4\u00e4 huulet, tehden niist\u00e4 huomattavasti sile\u00e4mm\u00e4t ja selke\u00e4mm\u00e4t. Se on pitk\u00e4kestoinen, ei-tahmea eik\u00e4 valu huulilta, ja uskomattoman houkutteleva cappuccinon tuoksu ja makea maku ovat yksinkertaisesti koukuttavia. Saatavilla yhdeks\u00e4ss\u00e4 v\u00e4riversiossa eri viimeistelyill\u00e4 \u2013 t\u00e4ysin l\u00e4pin\u00e4kyv\u00e4st\u00e4, l\u00e4pikuultavasta ja mikroskooppisilla hiukkasilla v\u00e4rj\u00e4tyst\u00e4, klassisesta helmi\u00e4isest\u00e4, hiukkasettomaan kiilt\u00e4v\u00e4\u00e4n efektiin.<\/p>\n<p>HAUSKA FAKTA:<br \/>\nKoostumus, joka on rikas hyaluronihaposta, kosteuttaa ja t\u00e4ytt\u00e4\u00e4 juonteet, varmistaen sile\u00e4n ja joustavan herk\u00e4n orvaskeden. AEF-vitamiinikompleksi ravitsee, uudistaa, toimii antioksidanttina ja hidastaa ik\u00e4\u00e4ntymisprosesseja.<\/p>\n<p>K\u00c4YTT\u00d6:<br \/>\nLevit\u00e4 suoraan huulille tai suosikkimattahuulipunan p\u00e4\u00e4lle, kun haluat lis\u00e4t\u00e4 hieman kiiltoa.<\/p>\n<p>MEIKKITAITEILIJAN VINKKI:<br \/>\nPieni m\u00e4\u00e4r\u00e4 kiiltoa, joka levitet\u00e4\u00e4n vain yl\u00e4- ja alahuulen keskelle, saa huulet n\u00e4ytt\u00e4m\u00e4\u00e4n kuperammilta ja siten t\u00e4ytel\u00e4isemmilt\u00e4.<\/p>","protected":false},"excerpt":{"rendered":"<p>Huulikiilto, joka tarjoaa poikkeuksellista kiiltoa ja samalla varmistaa ihanan mukavuuden. Sen ainutlaatuinen vegaaninen koostumus hyaluronihapolla t\u00e4ytt\u00e4\u00e4 huulet, tehden niist\u00e4 huomattavasti<\/p>\n","protected":false},"featured_media":12263,"template":"","meta":[],"product_brand":[],"product_cat":[697],"product_tag":[],"class_list":{"0":"post-12264","1":"product","2":"type-product","3":"status-publish","4":"has-post-thumbnail","6":"product_cat-lip-glosses","8":"first","9":"instock","10":"taxable","11":"shipping-taxable","12":"purchasable","13":"product-type-simple"},"yoast_head":"<!-- This site is optimized with the Yoast SEO plugin v24.4 - https:\/\/yoast.com\/wordpress\/plugins\/seo\/ -->\n<title>CLARESA GLOSS IS MY BOSS Kosteuttava huulikiilto 11 lady leader 5g | Valika<\/title>\n<meta name=\"robots\" content=\"index, follow, max-snippet:-1, max-image-preview:large, max-video-preview:-1\" \/>\n<link rel=\"canonical\" href=\"https:\/\/valika.eu\/fi\/toode\/claresa-gloss-is-my-boss-niisutav-huulelaige-11-lady-leader-5g\/\" \/>\n<meta property=\"og:locale\" content=\"fi_FI\" \/>\n<meta property=\"og:type\" content=\"article\" \/>\n<meta property=\"og:title\" content=\"CLARESA GLOSS IS MY BOSS Kosteuttava huulikiilto 11 lady leader 5g | Valika\" \/>\n<meta property=\"og:description\" content=\"Huulikiilto, joka tarjoaa poikkeuksellista kiiltoa ja samalla varmistaa ihanan mukavuuden. Sen ainutlaatuinen vegaaninen koostumus hyaluronihapolla t\u00e4ytt\u00e4\u00e4 huulet, tehden niist\u00e4 huomattavasti\" \/>\n<meta property=\"og:url\" content=\"https:\/\/valika.eu\/fi\/toode\/claresa-gloss-is-my-boss-niisutav-huulelaige-11-lady-leader-5g\/\" \/>\n<meta property=\"og:site_name\" content=\"Valika\" \/>\n<meta property=\"article:publisher\" content=\"https:\/\/www.facebook.com\/tipsi.net\" \/>\n<meta property=\"article:modified_time\" content=\"2025-07-02T02:01:17+00:00\" \/>\n<meta property=\"og:image\" content=\"https:\/\/valika.eu\/wp-content\/uploads\/2025\/01\/13770.jpg\" \/>\n\t<meta property=\"og:image:width\" content=\"2048\" \/>\n\t<meta property=\"og:image:height\" content=\"2048\" \/>\n\t<meta property=\"og:image:type\" content=\"image\/jpeg\" \/>\n<meta name=\"twitter:card\" content=\"summary_large_image\" \/>\n<script type=\"application\/ld+json\" class=\"yoast-schema-graph\">{\"@context\":\"https:\/\/schema.org\",\"@graph\":[{\"@type\":\"WebPage\",\"@id\":\"https:\/\/valika.eu\/fi\/toode\/claresa-gloss-is-my-boss-niisutav-huulelaige-11-lady-leader-5g\/\",\"url\":\"https:\/\/valika.eu\/fi\/toode\/claresa-gloss-is-my-boss-niisutav-huulelaige-11-lady-leader-5g\/\",\"name\":\"CLARESA GLOSS IS MY BOSS Kosteuttava huulikiilto 11 lady leader 5g | Valika\",\"isPartOf\":{\"@id\":\"https:\/\/valika.eu\/fi\/#website\"},\"primaryImageOfPage\":{\"@id\":\"https:\/\/valika.eu\/fi\/toode\/claresa-gloss-is-my-boss-niisutav-huulelaige-11-lady-leader-5g\/#primaryimage\"},\"image\":{\"@id\":\"https:\/\/valika.eu\/toode\/claresa-gloss-is-my-boss-niisutav-huulelaige-11-lady-leader-5g\/#primaryimage\"},\"thumbnailUrl\":\"https:\/\/valika.eu\/wp-content\/uploads\/2025\/01\/13770.jpg\",\"datePublished\":\"2025-01-09T05:46:44+00:00\",\"dateModified\":\"2025-07-02T02:01:17+00:00\",\"breadcrumb\":{\"@id\":\"https:\/\/valika.eu\/fi\/toode\/claresa-gloss-is-my-boss-niisutav-huulelaige-11-lady-leader-5g\/#breadcrumb\"},\"inLanguage\":\"fi\",\"potentialAction\":[{\"@type\":\"ReadAction\",\"target\":[[\"https:\/\/valika.eu\/fi\/toode\/claresa-gloss-is-my-boss-niisutav-huulelaige-11-lady-leader-5g\/\"]]}]},{\"@type\":\"ImageObject\",\"inLanguage\":\"fi\",\"@id\":\"https:\/\/valika.eu\/fi\/toode\/claresa-gloss-is-my-boss-niisutav-huulelaige-11-lady-leader-5g\/#primaryimage\",\"url\":\"https:\/\/valika.eu\/wp-content\/uploads\/2025\/01\/13770.jpg\",\"contentUrl\":\"https:\/\/valika.eu\/wp-content\/uploads\/2025\/01\/13770.jpg\",\"width\":2048,\"height\":2048},{\"@type\":\"BreadcrumbList\",\"@id\":\"https:\/\/valika.eu\/fi\/toode\/claresa-gloss-is-my-boss-niisutav-huulelaige-11-lady-leader-5g\/#breadcrumb\",\"itemListElement\":[{\"@type\":\"ListItem\",\"position\":1,\"name\":\"Koti\",\"item\":\"https:\/\/valika.eu\/fi\/\"},{\"@type\":\"ListItem\",\"position\":2,\"name\":\"Shop\",\"item\":\"https:\/\/valika.eu\/fi\/\"},{\"@type\":\"ListItem\",\"position\":3,\"name\":\"CLARESA GLOSS IS MY BOSS Moisturizing lip gloss 11 lady leader 5g\"}]},{\"@type\":\"WebSite\",\"@id\":\"https:\/\/valika.eu\/fi\/#website\",\"url\":\"https:\/\/valika.eu\/fi\/\",\"name\":\"Valika.eu\",\"description\":\"Salonkituotteet ja kauneudenhoitotuotteet - Valika tarjoaa laajan valikoiman tuotteita ja tarvikkeita kynsiteknikoille, kauneushoitoloille, kampaamoille ja kampaamoille.\",\"publisher\":{\"@id\":\"https:\/\/valika.eu\/fi\/#organization\"},\"alternateName\":\"Valika\",\"potentialAction\":[{\"@type\":\"SearchAction\",\"target\":{\"@type\":\"EntryPoint\",\"urlTemplate\":\"https:\/\/valika.eu\/fi\/?s={search_term_string}\"},\"query-input\":{\"@type\":\"PropertyValueSpecification\",\"valueRequired\":true,\"valueName\":\"search_term_string\"}}],\"inLanguage\":\"fi\"},{\"@type\":\"Organization\",\"@id\":\"https:\/\/valika.eu\/fi\/#organization\",\"name\":\"Salongitoode O\u00dc\",\"alternateName\":\"Valika\",\"url\":\"https:\/\/valika.eu\/fi\/\",\"logo\":{\"@type\":\"ImageObject\",\"inLanguage\":\"fi\",\"@id\":\"https:\/\/valika.eu\/fi\/#\/schema\/logo\/image\/\",\"url\":\"https:\/\/valika.eu\/wp-content\/uploads\/2023\/11\/logo2-valika-footer.png\",\"contentUrl\":\"https:\/\/valika.eu\/wp-content\/uploads\/2023\/11\/logo2-valika-footer.png\",\"width\":200,\"height\":129,\"caption\":\"Salongitoode O\u00dc\"},\"image\":{\"@id\":\"https:\/\/valika.eu\/fi\/#\/schema\/logo\/image\/\"},\"sameAs\":[\"https:\/\/www.facebook.com\/tipsi.net\"]}]}<\/script>\n<!-- \/ Yoast SEO plugin. -->","yoast_head_json":{"title":"CLARESA GLOSS IS MY BOSS Kosteuttava huulikiilto 11 lady leader 5g | Valika","robots":{"index":"index","follow":"follow","max-snippet":"max-snippet:-1","max-image-preview":"max-image-preview:large","max-video-preview":"max-video-preview:-1"},"canonical":"https:\/\/valika.eu\/fi\/toode\/claresa-gloss-is-my-boss-niisutav-huulelaige-11-lady-leader-5g\/","og_locale":"fi_FI","og_type":"article","og_title":"CLARESA GLOSS IS MY BOSS Kosteuttava huulikiilto 11 lady leader 5g | Valika","og_description":"Huulikiilto, joka tarjoaa poikkeuksellista kiiltoa ja samalla varmistaa ihanan mukavuuden. Sen ainutlaatuinen vegaaninen koostumus hyaluronihapolla t\u00e4ytt\u00e4\u00e4 huulet, tehden niist\u00e4 huomattavasti","og_url":"https:\/\/valika.eu\/fi\/toode\/claresa-gloss-is-my-boss-niisutav-huulelaige-11-lady-leader-5g\/","og_site_name":"Valika","article_publisher":"https:\/\/www.facebook.com\/tipsi.net","article_modified_time":"2025-07-02T02:01:17+00:00","og_image":[{"width":2048,"height":2048,"url":"https:\/\/valika.eu\/wp-content\/uploads\/2025\/01\/13770.jpg","type":"image\/jpeg"}],"twitter_card":"summary_large_image","schema":{"@context":"https:\/\/schema.org","@graph":[{"@type":"WebPage","@id":"https:\/\/valika.eu\/fi\/toode\/claresa-gloss-is-my-boss-niisutav-huulelaige-11-lady-leader-5g\/","url":"https:\/\/valika.eu\/fi\/toode\/claresa-gloss-is-my-boss-niisutav-huulelaige-11-lady-leader-5g\/","name":"CLARESA GLOSS IS MY BOSS Kosteuttava huulikiilto 11 lady leader 5g | Valika","isPartOf":{"@id":"https:\/\/valika.eu\/fi\/#website"},"primaryImageOfPage":{"@id":"https:\/\/valika.eu\/fi\/toode\/claresa-gloss-is-my-boss-niisutav-huulelaige-11-lady-leader-5g\/#primaryimage"},"image":{"@id":"https:\/\/valika.eu\/toode\/claresa-gloss-is-my-boss-niisutav-huulelaige-11-lady-leader-5g\/#primaryimage"},"thumbnailUrl":"https:\/\/valika.eu\/wp-content\/uploads\/2025\/01\/13770.jpg","datePublished":"2025-01-09T05:46:44+00:00","dateModified":"2025-07-02T02:01:17+00:00","breadcrumb":{"@id":"https:\/\/valika.eu\/fi\/toode\/claresa-gloss-is-my-boss-niisutav-huulelaige-11-lady-leader-5g\/#breadcrumb"},"inLanguage":"fi","potentialAction":[{"@type":"ReadAction","target":[["https:\/\/valika.eu\/fi\/toode\/claresa-gloss-is-my-boss-niisutav-huulelaige-11-lady-leader-5g\/"]]}]},{"@type":"ImageObject","inLanguage":"fi","@id":"https:\/\/valika.eu\/fi\/toode\/claresa-gloss-is-my-boss-niisutav-huulelaige-11-lady-leader-5g\/#primaryimage","url":"https:\/\/valika.eu\/wp-content\/uploads\/2025\/01\/13770.jpg","contentUrl":"https:\/\/valika.eu\/wp-content\/uploads\/2025\/01\/13770.jpg","width":2048,"height":2048},{"@type":"BreadcrumbList","@id":"https:\/\/valika.eu\/fi\/toode\/claresa-gloss-is-my-boss-niisutav-huulelaige-11-lady-leader-5g\/#breadcrumb","itemListElement":[{"@type":"ListItem","position":1,"name":"Koti","item":"https:\/\/valika.eu\/fi\/"},{"@type":"ListItem","position":2,"name":"Shop","item":"https:\/\/valika.eu\/fi\/"},{"@type":"ListItem","position":3,"name":"CLARESA GLOSS IS MY BOSS Moisturizing lip gloss 11 lady leader 5g"}]},{"@type":"WebSite","@id":"https:\/\/valika.eu\/fi\/#website","url":"https:\/\/valika.eu\/fi\/","name":"Valika.eu","description":"Salonkituotteet ja kauneudenhoitotuotteet - Valika tarjoaa laajan valikoiman tuotteita ja tarvikkeita kynsiteknikoille, kauneushoitoloille, kampaamoille ja kampaamoille.","publisher":{"@id":"https:\/\/valika.eu\/fi\/#organization"},"alternateName":"Valika","potentialAction":[{"@type":"SearchAction","target":{"@type":"EntryPoint","urlTemplate":"https:\/\/valika.eu\/fi\/?s={search_term_string}"},"query-input":{"@type":"PropertyValueSpecification","valueRequired":true,"valueName":"search_term_string"}}],"inLanguage":"fi"},{"@type":"Organization","@id":"https:\/\/valika.eu\/fi\/#organization","name":"Salongitoode O\u00dc","alternateName":"Valika","url":"https:\/\/valika.eu\/fi\/","logo":{"@type":"ImageObject","inLanguage":"fi","@id":"https:\/\/valika.eu\/fi\/#\/schema\/logo\/image\/","url":"https:\/\/valika.eu\/wp-content\/uploads\/2023\/11\/logo2-valika-footer.png","contentUrl":"https:\/\/valika.eu\/wp-content\/uploads\/2023\/11\/logo2-valika-footer.png","width":200,"height":129,"caption":"Salongitoode O\u00dc"},"image":{"@id":"https:\/\/valika.eu\/fi\/#\/schema\/logo\/image\/"},"sameAs":["https:\/\/www.facebook.com\/tipsi.net"]}]}},"jetpack_sharing_enabled":true,"_links":{"self":[{"href":"https:\/\/valika.eu\/fi\/wp-json\/wp\/v2\/product\/12264","targetHints":{"allow":["GET"]}}],"collection":[{"href":"https:\/\/valika.eu\/fi\/wp-json\/wp\/v2\/product"}],"about":[{"href":"https:\/\/valika.eu\/fi\/wp-json\/wp\/v2\/types\/product"}],"wp:featuredmedia":[{"embeddable":true,"href":"https:\/\/valika.eu\/fi\/wp-json\/wp\/v2\/media\/12263"}],"wp:attachment":[{"href":"https:\/\/valika.eu\/fi\/wp-json\/wp\/v2\/media?parent=12264"}],"wp:term":[{"taxonomy":"product_brand","embeddable":true,"href":"https:\/\/valika.eu\/fi\/wp-json\/wp\/v2\/product_brand?post=12264"},{"taxonomy":"product_cat","embeddable":true,"href":"https:\/\/valika.eu\/fi\/wp-json\/wp\/v2\/product_cat?post=12264"},{"taxonomy":"product_tag","embeddable":true,"href":"https:\/\/valika.eu\/fi\/wp-json\/wp\/v2\/product_tag?post=12264"}],"curies":[{"name":"wp","href":"https:\/\/api.w.org\/{rel}","templated":true}]}}