{"id":12327,"date":"2025-01-09T07:51:47","date_gmt":"2025-01-09T05:51:47","guid":{"rendered":"https:\/\/valika.eu\/toode\/claresa-huulekoorija-saucy-lips-shy-cherry-15g\/"},"modified":"2025-08-15T16:32:44","modified_gmt":"2025-08-15T13:32:44","slug":"claresa-huulekoorija-saucy-lips-shy-cherry-15g","status":"publish","type":"product","link":"https:\/\/valika.eu\/fi\/toode\/claresa-huulekoorija-saucy-lips-shy-cherry-15g\/","title":{"rendered":"Claresa huulten kuorinta saucy lips SHY CHERRY 15g"},"content":{"rendered":"<p><strong>VALMIINA ARJEN SEIKKAILUIHIN, SILE\u00c4T HUULET<\/strong><\/p>\n<p>Eritt\u00e4in makea, herkk\u00e4 sokerikuorinta kirsikan tuoksulla t\u00e4ydellisen sileille, pehmeille huulille. Luotu huolehtimaan huulten herk\u00e4n ihon luonnollisesta hoidosta. Sokerihiukkaset kuorivat tehokkaasti ja poistavat kuolleita ihosoluja, ja ryp\u00e4leensiemen\u00f6ljyll\u00e4, avokado\u00f6ljyll\u00e4, sheavoilla ja mehil\u00e4isvahalla rikastettu koostumus silottaa ja ravitsee huulia intensiivisesti, j\u00e4tt\u00e4en ne kiinteiksi ja satiininpehmeiksi. Valmista huulesi lempihuulipunasi levitt\u00e4miseen!<\/p>\n<p><strong>HAUSKA FAKTA:<\/strong><br \/>\nHy\u00f6dynn\u00e4 y\u00f6llisen hoidon voimaa ja levit\u00e4 kuorinnan j\u00e4lkeen paksu kerros ravitsevaa huulipunaa tai -voidetta huulillesi ja j\u00e4t\u00e4 se vaikuttamaan y\u00f6n yli. Huulet ovat maksimaalisesti kosteutetut ja pehme\u00e4t pidemm\u00e4n aikaa.<\/p>\n<p><strong>K\u00c4YTT\u00d6:<\/strong><br \/>\nLevit\u00e4 pieni m\u00e4\u00e4r\u00e4 kuorintaa huulillesi ja hiero py\u00f6rivin liikkein, huuhtele sitten ylim\u00e4\u00e4r\u00e4inen pois.<\/p>","protected":false},"excerpt":{"rendered":"<p>VALMIINA ARJEN SEIKKAILUIHIN, SILE\u00c4T HUULET Eritt\u00e4in makea, herkk\u00e4 sokerikuorinta kirsikan tuoksulla t\u00e4ydellisen sileille, pehmeille huulille. Luotu huolehtimaan huulten herk\u00e4n ihon<\/p>\n","protected":false},"featured_media":12326,"template":"","meta":[],"product_brand":[],"product_cat":[699],"product_tag":[],"class_list":{"0":"post-12327","1":"product","2":"type-product","3":"status-publish","4":"has-post-thumbnail","6":"product_cat-lip-care","8":"first","9":"instock","10":"taxable","11":"shipping-taxable","12":"purchasable","13":"product-type-simple"},"yoast_head":"<!-- This site is optimized with the Yoast SEO plugin v24.4 - https:\/\/yoast.com\/wordpress\/plugins\/seo\/ -->\n<title>Claresa huulten kuorinta saucy lips SHY CHERRY 15g | Valika<\/title>\n<meta name=\"robots\" content=\"index, follow, max-snippet:-1, max-image-preview:large, max-video-preview:-1\" \/>\n<link rel=\"canonical\" href=\"https:\/\/valika.eu\/fi\/toode\/claresa-huulekoorija-saucy-lips-shy-cherry-15g\/\" \/>\n<meta property=\"og:locale\" content=\"fi_FI\" \/>\n<meta property=\"og:type\" content=\"article\" \/>\n<meta property=\"og:title\" content=\"Claresa huulten kuorinta saucy lips SHY CHERRY 15g | Valika\" \/>\n<meta property=\"og:description\" content=\"VALMIINA ARJEN SEIKKAILUIHIN, SILE\u00c4T HUULET Eritt\u00e4in makea, herkk\u00e4 sokerikuorinta kirsikan tuoksulla t\u00e4ydellisen sileille, pehmeille huulille. Luotu huolehtimaan huulten herk\u00e4n ihon\" \/>\n<meta property=\"og:url\" content=\"https:\/\/valika.eu\/fi\/toode\/claresa-huulekoorija-saucy-lips-shy-cherry-15g\/\" \/>\n<meta property=\"og:site_name\" content=\"Valika\" \/>\n<meta property=\"article:publisher\" content=\"https:\/\/www.facebook.com\/tipsi.net\" \/>\n<meta property=\"article:modified_time\" content=\"2025-08-15T13:32:44+00:00\" \/>\n<meta property=\"og:image\" content=\"https:\/\/valika.eu\/wp-content\/uploads\/2025\/01\/6291.jpg\" \/>\n\t<meta property=\"og:image:width\" content=\"1500\" \/>\n\t<meta property=\"og:image:height\" content=\"1500\" \/>\n\t<meta property=\"og:image:type\" content=\"image\/jpeg\" \/>\n<meta name=\"twitter:card\" content=\"summary_large_image\" \/>\n<script type=\"application\/ld+json\" class=\"yoast-schema-graph\">{\"@context\":\"https:\/\/schema.org\",\"@graph\":[{\"@type\":\"WebPage\",\"@id\":\"https:\/\/valika.eu\/fi\/toode\/claresa-huulekoorija-saucy-lips-shy-cherry-15g\/\",\"url\":\"https:\/\/valika.eu\/fi\/toode\/claresa-huulekoorija-saucy-lips-shy-cherry-15g\/\",\"name\":\"Claresa huulten kuorinta saucy lips SHY CHERRY 15g | Valika\",\"isPartOf\":{\"@id\":\"https:\/\/valika.eu\/fi\/#website\"},\"primaryImageOfPage\":{\"@id\":\"https:\/\/valika.eu\/fi\/toode\/claresa-huulekoorija-saucy-lips-shy-cherry-15g\/#primaryimage\"},\"image\":{\"@id\":\"https:\/\/valika.eu\/toode\/claresa-huulekoorija-saucy-lips-shy-cherry-15g\/#primaryimage\"},\"thumbnailUrl\":\"https:\/\/valika.eu\/wp-content\/uploads\/2025\/01\/6291.jpg\",\"datePublished\":\"2025-01-09T05:51:47+00:00\",\"dateModified\":\"2025-08-15T13:32:44+00:00\",\"breadcrumb\":{\"@id\":\"https:\/\/valika.eu\/fi\/toode\/claresa-huulekoorija-saucy-lips-shy-cherry-15g\/#breadcrumb\"},\"inLanguage\":\"fi\",\"potentialAction\":[{\"@type\":\"ReadAction\",\"target\":[[\"https:\/\/valika.eu\/fi\/toode\/claresa-huulekoorija-saucy-lips-shy-cherry-15g\/\"]]}]},{\"@type\":\"ImageObject\",\"inLanguage\":\"fi\",\"@id\":\"https:\/\/valika.eu\/fi\/toode\/claresa-huulekoorija-saucy-lips-shy-cherry-15g\/#primaryimage\",\"url\":\"https:\/\/valika.eu\/wp-content\/uploads\/2025\/01\/6291.jpg\",\"contentUrl\":\"https:\/\/valika.eu\/wp-content\/uploads\/2025\/01\/6291.jpg\",\"width\":1500,\"height\":1500},{\"@type\":\"BreadcrumbList\",\"@id\":\"https:\/\/valika.eu\/fi\/toode\/claresa-huulekoorija-saucy-lips-shy-cherry-15g\/#breadcrumb\",\"itemListElement\":[{\"@type\":\"ListItem\",\"position\":1,\"name\":\"Koti\",\"item\":\"https:\/\/valika.eu\/fi\/\"},{\"@type\":\"ListItem\",\"position\":2,\"name\":\"Shop\",\"item\":\"https:\/\/valika.eu\/fi\/\"},{\"@type\":\"ListItem\",\"position\":3,\"name\":\"Claresa Lip Scrub Saucy Lips SHY CHERRY 15g\"}]},{\"@type\":\"WebSite\",\"@id\":\"https:\/\/valika.eu\/fi\/#website\",\"url\":\"https:\/\/valika.eu\/fi\/\",\"name\":\"Valika.eu\",\"description\":\"Salonkituotteet ja kauneudenhoitotuotteet - Valika tarjoaa laajan valikoiman tuotteita ja tarvikkeita kynsiteknikoille, kauneushoitoloille, kampaamoille ja kampaamoille.\",\"publisher\":{\"@id\":\"https:\/\/valika.eu\/fi\/#organization\"},\"alternateName\":\"Valika\",\"potentialAction\":[{\"@type\":\"SearchAction\",\"target\":{\"@type\":\"EntryPoint\",\"urlTemplate\":\"https:\/\/valika.eu\/fi\/?s={search_term_string}\"},\"query-input\":{\"@type\":\"PropertyValueSpecification\",\"valueRequired\":true,\"valueName\":\"search_term_string\"}}],\"inLanguage\":\"fi\"},{\"@type\":\"Organization\",\"@id\":\"https:\/\/valika.eu\/fi\/#organization\",\"name\":\"Salongitoode O\u00dc\",\"alternateName\":\"Valika\",\"url\":\"https:\/\/valika.eu\/fi\/\",\"logo\":{\"@type\":\"ImageObject\",\"inLanguage\":\"fi\",\"@id\":\"https:\/\/valika.eu\/fi\/#\/schema\/logo\/image\/\",\"url\":\"https:\/\/valika.eu\/wp-content\/uploads\/2023\/11\/logo2-valika-footer.png\",\"contentUrl\":\"https:\/\/valika.eu\/wp-content\/uploads\/2023\/11\/logo2-valika-footer.png\",\"width\":200,\"height\":129,\"caption\":\"Salongitoode O\u00dc\"},\"image\":{\"@id\":\"https:\/\/valika.eu\/fi\/#\/schema\/logo\/image\/\"},\"sameAs\":[\"https:\/\/www.facebook.com\/tipsi.net\"]}]}<\/script>\n<!-- \/ Yoast SEO plugin. -->","yoast_head_json":{"title":"Claresa huulten kuorinta saucy lips SHY CHERRY 15g | Valika","robots":{"index":"index","follow":"follow","max-snippet":"max-snippet:-1","max-image-preview":"max-image-preview:large","max-video-preview":"max-video-preview:-1"},"canonical":"https:\/\/valika.eu\/fi\/toode\/claresa-huulekoorija-saucy-lips-shy-cherry-15g\/","og_locale":"fi_FI","og_type":"article","og_title":"Claresa huulten kuorinta saucy lips SHY CHERRY 15g | Valika","og_description":"VALMIINA ARJEN SEIKKAILUIHIN, SILE\u00c4T HUULET Eritt\u00e4in makea, herkk\u00e4 sokerikuorinta kirsikan tuoksulla t\u00e4ydellisen sileille, pehmeille huulille. Luotu huolehtimaan huulten herk\u00e4n ihon","og_url":"https:\/\/valika.eu\/fi\/toode\/claresa-huulekoorija-saucy-lips-shy-cherry-15g\/","og_site_name":"Valika","article_publisher":"https:\/\/www.facebook.com\/tipsi.net","article_modified_time":"2025-08-15T13:32:44+00:00","og_image":[{"width":1500,"height":1500,"url":"https:\/\/valika.eu\/wp-content\/uploads\/2025\/01\/6291.jpg","type":"image\/jpeg"}],"twitter_card":"summary_large_image","schema":{"@context":"https:\/\/schema.org","@graph":[{"@type":"WebPage","@id":"https:\/\/valika.eu\/fi\/toode\/claresa-huulekoorija-saucy-lips-shy-cherry-15g\/","url":"https:\/\/valika.eu\/fi\/toode\/claresa-huulekoorija-saucy-lips-shy-cherry-15g\/","name":"Claresa huulten kuorinta saucy lips SHY CHERRY 15g | Valika","isPartOf":{"@id":"https:\/\/valika.eu\/fi\/#website"},"primaryImageOfPage":{"@id":"https:\/\/valika.eu\/fi\/toode\/claresa-huulekoorija-saucy-lips-shy-cherry-15g\/#primaryimage"},"image":{"@id":"https:\/\/valika.eu\/toode\/claresa-huulekoorija-saucy-lips-shy-cherry-15g\/#primaryimage"},"thumbnailUrl":"https:\/\/valika.eu\/wp-content\/uploads\/2025\/01\/6291.jpg","datePublished":"2025-01-09T05:51:47+00:00","dateModified":"2025-08-15T13:32:44+00:00","breadcrumb":{"@id":"https:\/\/valika.eu\/fi\/toode\/claresa-huulekoorija-saucy-lips-shy-cherry-15g\/#breadcrumb"},"inLanguage":"fi","potentialAction":[{"@type":"ReadAction","target":[["https:\/\/valika.eu\/fi\/toode\/claresa-huulekoorija-saucy-lips-shy-cherry-15g\/"]]}]},{"@type":"ImageObject","inLanguage":"fi","@id":"https:\/\/valika.eu\/fi\/toode\/claresa-huulekoorija-saucy-lips-shy-cherry-15g\/#primaryimage","url":"https:\/\/valika.eu\/wp-content\/uploads\/2025\/01\/6291.jpg","contentUrl":"https:\/\/valika.eu\/wp-content\/uploads\/2025\/01\/6291.jpg","width":1500,"height":1500},{"@type":"BreadcrumbList","@id":"https:\/\/valika.eu\/fi\/toode\/claresa-huulekoorija-saucy-lips-shy-cherry-15g\/#breadcrumb","itemListElement":[{"@type":"ListItem","position":1,"name":"Koti","item":"https:\/\/valika.eu\/fi\/"},{"@type":"ListItem","position":2,"name":"Shop","item":"https:\/\/valika.eu\/fi\/"},{"@type":"ListItem","position":3,"name":"Claresa Lip Scrub Saucy Lips SHY CHERRY 15g"}]},{"@type":"WebSite","@id":"https:\/\/valika.eu\/fi\/#website","url":"https:\/\/valika.eu\/fi\/","name":"Valika.eu","description":"Salonkituotteet ja kauneudenhoitotuotteet - Valika tarjoaa laajan valikoiman tuotteita ja tarvikkeita kynsiteknikoille, kauneushoitoloille, kampaamoille ja kampaamoille.","publisher":{"@id":"https:\/\/valika.eu\/fi\/#organization"},"alternateName":"Valika","potentialAction":[{"@type":"SearchAction","target":{"@type":"EntryPoint","urlTemplate":"https:\/\/valika.eu\/fi\/?s={search_term_string}"},"query-input":{"@type":"PropertyValueSpecification","valueRequired":true,"valueName":"search_term_string"}}],"inLanguage":"fi"},{"@type":"Organization","@id":"https:\/\/valika.eu\/fi\/#organization","name":"Salongitoode O\u00dc","alternateName":"Valika","url":"https:\/\/valika.eu\/fi\/","logo":{"@type":"ImageObject","inLanguage":"fi","@id":"https:\/\/valika.eu\/fi\/#\/schema\/logo\/image\/","url":"https:\/\/valika.eu\/wp-content\/uploads\/2023\/11\/logo2-valika-footer.png","contentUrl":"https:\/\/valika.eu\/wp-content\/uploads\/2023\/11\/logo2-valika-footer.png","width":200,"height":129,"caption":"Salongitoode O\u00dc"},"image":{"@id":"https:\/\/valika.eu\/fi\/#\/schema\/logo\/image\/"},"sameAs":["https:\/\/www.facebook.com\/tipsi.net"]}]}},"jetpack_sharing_enabled":true,"_links":{"self":[{"href":"https:\/\/valika.eu\/fi\/wp-json\/wp\/v2\/product\/12327","targetHints":{"allow":["GET"]}}],"collection":[{"href":"https:\/\/valika.eu\/fi\/wp-json\/wp\/v2\/product"}],"about":[{"href":"https:\/\/valika.eu\/fi\/wp-json\/wp\/v2\/types\/product"}],"wp:featuredmedia":[{"embeddable":true,"href":"https:\/\/valika.eu\/fi\/wp-json\/wp\/v2\/media\/12326"}],"wp:attachment":[{"href":"https:\/\/valika.eu\/fi\/wp-json\/wp\/v2\/media?parent=12327"}],"wp:term":[{"taxonomy":"product_brand","embeddable":true,"href":"https:\/\/valika.eu\/fi\/wp-json\/wp\/v2\/product_brand?post=12327"},{"taxonomy":"product_cat","embeddable":true,"href":"https:\/\/valika.eu\/fi\/wp-json\/wp\/v2\/product_cat?post=12327"},{"taxonomy":"product_tag","embeddable":true,"href":"https:\/\/valika.eu\/fi\/wp-json\/wp\/v2\/product_tag?post=12327"}],"curies":[{"name":"wp","href":"https:\/\/api.w.org\/{rel}","templated":true}]}}