{"id":12336,"date":"2025-01-09T07:51:56","date_gmt":"2025-01-09T05:51:56","guid":{"rendered":"https:\/\/valika.eu\/toode\/claresa-huuleoli-shine-like-02-vanilje\/"},"modified":"2025-07-02T05:01:16","modified_gmt":"2025-07-02T02:01:16","slug":"claresa-huuleoli-shine-like-02-vanilje","status":"publish","type":"product","link":"https:\/\/valika.eu\/fi\/toode\/claresa-huuleoli-shine-like-02-vanilje\/","title":{"rendered":"Claresa Huuli\u00f6ljy SHINE LIKE 02 vanilja"},"content":{"rendered":"<p>Vegaaninen huuli\u00f6ljy, joka sis\u00e4lt\u00e4\u00e4 98,5 % luonnollista alkuper\u00e4\u00e4 olevia ainesosia, on todellinen ravitseva cocktail, joka antaa huulille mehukkaan ja aistillisen ilmeen. T\u00e4m\u00e4 tuote ei ainoastaan tarjoa h\u00e4ik\u00e4isev\u00e4\u00e4, optisesti korostavaa kiiltoa, vaan my\u00f6s intensiivist\u00e4 ravintoa, kosteutusta ja suojaa. Kuuden luonnon\u00f6ljyn kompleksi, jota on rikastettu E-vitamiinilla ja dammarhartsiuutteella, tasoittaa ja parantaa orvaskeden rakennetta, antaen huulille t\u00e4ytel\u00e4isemm\u00e4n ulkon\u00e4\u00f6n ja tehden niist\u00e4 silkkiset ja pehme\u00e4t. \u00d6ljy tarjoaa ihanan mukavuuden tunteen eik\u00e4 j\u00e4t\u00e4 tahmeaa kalvoa. Saatavilla kolmessa herkullisessa tuoksussa.<\/p>\n<p>HAUSKA FAKTA: Makadamiap\u00e4hkin\u00e4\u00f6ljyll\u00e4 on, muutamien \u00f6ljyjen joukossa, voitelevien ominaisuuksiensa lis\u00e4ksi my\u00f6s vahvoja ja syvi\u00e4 kosteuttavia vaikutuksia. Auringonkukansiemen\u00f6ljyll\u00e4 on tulehdusta ehk\u00e4isevi\u00e4, rauhoittavia ja antioksidanttisia ominaisuuksia. Jojoba\u00f6ljy suojaa herkk\u00e4\u00e4 orvaskett\u00e4 ulkoisilta tekij\u00f6ilt\u00e4, kuten tuulelta, pakkaselta, ilmastoiduilta huoneilta, ja est\u00e4\u00e4 kosteuden haihtumista. Marula\u00f6ljy j\u00e4tt\u00e4\u00e4 ihon erityisen pehme\u00e4ksi, kun taas vadelmansiemen- ja riisinalku\u00f6ljyt toimivat luonnollisina aurinkosuodattimina. Dammarhartsin uute vahvistaa soluv\u00e4liainetta, kosteuttaen, pehment\u00e4en ja tasoittaen ihoa, ja E-vitamiinilla on vahvoja antioksidanttisia, kiinteytt\u00e4vi\u00e4, ravitsevia ja ik\u00e4\u00e4ntymist\u00e4 est\u00e4vi\u00e4 vaikutuksia.<\/p>\n<p>K\u00c4YTT\u00d6: \u00d6ljy on t\u00e4ydellinen huulten valmisteluun ennen huulipunan levitt\u00e4mist\u00e4. Sit\u00e4 voidaan k\u00e4ytt\u00e4\u00e4 my\u00f6s yksin\u00e4\u00e4n antamaan huulille kiilt\u00e4v\u00e4n, herkullisen ja raikkaan ilmeen. Levitettyn\u00e4 mattahuulipunan p\u00e4\u00e4lle se tekee huulimeikist\u00e4 pitk\u00e4kestoisen, ollen samalla mukava ja muodikkaan kiilt\u00e4v\u00e4.<\/p>\n<p>MEIKKITAITEILIJOIDEN VINKKI: Pieni m\u00e4\u00e4r\u00e4 \u00f6ljy\u00e4 levitettyn\u00e4 vain yl\u00e4- ja alahuulen keskelle saa mattahuulipunalla maalatut huulet n\u00e4ytt\u00e4m\u00e4\u00e4n kuperammilta ja siten t\u00e4ytel\u00e4isemmilt\u00e4, vaikuttamatta negatiivisesti meikin kest\u00e4vyyteen.<\/p>","protected":false},"excerpt":{"rendered":"<p>Vegaaninen huuli\u00f6ljy, joka sis\u00e4lt\u00e4\u00e4 98,5 % luonnollista alkuper\u00e4\u00e4 olevia ainesosia, on todellinen ravitseva cocktail, joka antaa huulille mehukkaan ja aistillisen<\/p>\n","protected":false},"featured_media":12335,"template":"","meta":[],"product_brand":[],"product_cat":[699],"product_tag":[],"class_list":{"0":"post-12336","1":"product","2":"type-product","3":"status-publish","4":"has-post-thumbnail","6":"product_cat-lip-care","8":"first","9":"instock","10":"taxable","11":"shipping-taxable","12":"purchasable","13":"product-type-simple"},"yoast_head":"<!-- This site is optimized with the Yoast SEO plugin v24.4 - https:\/\/yoast.com\/wordpress\/plugins\/seo\/ -->\n<title>Claresa Huuli\u00f6ljy SHINE LIKE 02 vanilja | Valika<\/title>\n<meta name=\"robots\" content=\"index, follow, max-snippet:-1, max-image-preview:large, max-video-preview:-1\" \/>\n<link rel=\"canonical\" href=\"https:\/\/valika.eu\/fi\/toode\/claresa-huuleoli-shine-like-02-vanilje\/\" \/>\n<meta property=\"og:locale\" content=\"fi_FI\" \/>\n<meta property=\"og:type\" content=\"article\" \/>\n<meta property=\"og:title\" content=\"Claresa Huuli\u00f6ljy SHINE LIKE 02 vanilja | Valika\" \/>\n<meta property=\"og:description\" content=\"Vegaaninen huuli\u00f6ljy, joka sis\u00e4lt\u00e4\u00e4 98,5 % luonnollista alkuper\u00e4\u00e4 olevia ainesosia, on todellinen ravitseva cocktail, joka antaa huulille mehukkaan ja aistillisen\" \/>\n<meta property=\"og:url\" content=\"https:\/\/valika.eu\/fi\/toode\/claresa-huuleoli-shine-like-02-vanilje\/\" \/>\n<meta property=\"og:site_name\" content=\"Valika\" \/>\n<meta property=\"article:publisher\" content=\"https:\/\/www.facebook.com\/tipsi.net\" \/>\n<meta property=\"article:modified_time\" content=\"2025-07-02T02:01:16+00:00\" \/>\n<meta property=\"og:image\" content=\"https:\/\/valika.eu\/wp-content\/uploads\/2025\/01\/6327.jpg\" \/>\n\t<meta property=\"og:image:width\" content=\"1500\" \/>\n\t<meta property=\"og:image:height\" content=\"1500\" \/>\n\t<meta property=\"og:image:type\" content=\"image\/jpeg\" \/>\n<meta name=\"twitter:card\" content=\"summary_large_image\" \/>\n<script type=\"application\/ld+json\" class=\"yoast-schema-graph\">{\"@context\":\"https:\/\/schema.org\",\"@graph\":[{\"@type\":\"WebPage\",\"@id\":\"https:\/\/valika.eu\/fi\/toode\/claresa-huuleoli-shine-like-02-vanilje\/\",\"url\":\"https:\/\/valika.eu\/fi\/toode\/claresa-huuleoli-shine-like-02-vanilje\/\",\"name\":\"Claresa Huuli\u00f6ljy SHINE LIKE 02 vanilja | Valika\",\"isPartOf\":{\"@id\":\"https:\/\/valika.eu\/fi\/#website\"},\"primaryImageOfPage\":{\"@id\":\"https:\/\/valika.eu\/fi\/toode\/claresa-huuleoli-shine-like-02-vanilje\/#primaryimage\"},\"image\":{\"@id\":\"https:\/\/valika.eu\/toode\/claresa-huuleoli-shine-like-02-vanilje\/#primaryimage\"},\"thumbnailUrl\":\"https:\/\/valika.eu\/wp-content\/uploads\/2025\/01\/6327.jpg\",\"datePublished\":\"2025-01-09T05:51:56+00:00\",\"dateModified\":\"2025-07-02T02:01:16+00:00\",\"breadcrumb\":{\"@id\":\"https:\/\/valika.eu\/fi\/toode\/claresa-huuleoli-shine-like-02-vanilje\/#breadcrumb\"},\"inLanguage\":\"fi\",\"potentialAction\":[{\"@type\":\"ReadAction\",\"target\":[[\"https:\/\/valika.eu\/fi\/toode\/claresa-huuleoli-shine-like-02-vanilje\/\"]]}]},{\"@type\":\"ImageObject\",\"inLanguage\":\"fi\",\"@id\":\"https:\/\/valika.eu\/fi\/toode\/claresa-huuleoli-shine-like-02-vanilje\/#primaryimage\",\"url\":\"https:\/\/valika.eu\/wp-content\/uploads\/2025\/01\/6327.jpg\",\"contentUrl\":\"https:\/\/valika.eu\/wp-content\/uploads\/2025\/01\/6327.jpg\",\"width\":1500,\"height\":1500},{\"@type\":\"BreadcrumbList\",\"@id\":\"https:\/\/valika.eu\/fi\/toode\/claresa-huuleoli-shine-like-02-vanilje\/#breadcrumb\",\"itemListElement\":[{\"@type\":\"ListItem\",\"position\":1,\"name\":\"Koti\",\"item\":\"https:\/\/valika.eu\/fi\/\"},{\"@type\":\"ListItem\",\"position\":2,\"name\":\"Shop\",\"item\":\"https:\/\/valika.eu\/fi\/\"},{\"@type\":\"ListItem\",\"position\":3,\"name\":\"Claresa Lip Oil SHINE LIKE 02 vanilla\"}]},{\"@type\":\"WebSite\",\"@id\":\"https:\/\/valika.eu\/fi\/#website\",\"url\":\"https:\/\/valika.eu\/fi\/\",\"name\":\"Valika.eu\",\"description\":\"Salonkituotteet ja kauneudenhoitotuotteet - Valika tarjoaa laajan valikoiman tuotteita ja tarvikkeita kynsiteknikoille, kauneushoitoloille, kampaamoille ja kampaamoille.\",\"publisher\":{\"@id\":\"https:\/\/valika.eu\/fi\/#organization\"},\"alternateName\":\"Valika\",\"potentialAction\":[{\"@type\":\"SearchAction\",\"target\":{\"@type\":\"EntryPoint\",\"urlTemplate\":\"https:\/\/valika.eu\/fi\/?s={search_term_string}\"},\"query-input\":{\"@type\":\"PropertyValueSpecification\",\"valueRequired\":true,\"valueName\":\"search_term_string\"}}],\"inLanguage\":\"fi\"},{\"@type\":\"Organization\",\"@id\":\"https:\/\/valika.eu\/fi\/#organization\",\"name\":\"Salongitoode O\u00dc\",\"alternateName\":\"Valika\",\"url\":\"https:\/\/valika.eu\/fi\/\",\"logo\":{\"@type\":\"ImageObject\",\"inLanguage\":\"fi\",\"@id\":\"https:\/\/valika.eu\/fi\/#\/schema\/logo\/image\/\",\"url\":\"https:\/\/valika.eu\/wp-content\/uploads\/2023\/11\/logo2-valika-footer.png\",\"contentUrl\":\"https:\/\/valika.eu\/wp-content\/uploads\/2023\/11\/logo2-valika-footer.png\",\"width\":200,\"height\":129,\"caption\":\"Salongitoode O\u00dc\"},\"image\":{\"@id\":\"https:\/\/valika.eu\/fi\/#\/schema\/logo\/image\/\"},\"sameAs\":[\"https:\/\/www.facebook.com\/tipsi.net\"]}]}<\/script>\n<!-- \/ Yoast SEO plugin. -->","yoast_head_json":{"title":"Claresa Huuli\u00f6ljy SHINE LIKE 02 vanilja | Valika","robots":{"index":"index","follow":"follow","max-snippet":"max-snippet:-1","max-image-preview":"max-image-preview:large","max-video-preview":"max-video-preview:-1"},"canonical":"https:\/\/valika.eu\/fi\/toode\/claresa-huuleoli-shine-like-02-vanilje\/","og_locale":"fi_FI","og_type":"article","og_title":"Claresa Huuli\u00f6ljy SHINE LIKE 02 vanilja | Valika","og_description":"Vegaaninen huuli\u00f6ljy, joka sis\u00e4lt\u00e4\u00e4 98,5 % luonnollista alkuper\u00e4\u00e4 olevia ainesosia, on todellinen ravitseva cocktail, joka antaa huulille mehukkaan ja aistillisen","og_url":"https:\/\/valika.eu\/fi\/toode\/claresa-huuleoli-shine-like-02-vanilje\/","og_site_name":"Valika","article_publisher":"https:\/\/www.facebook.com\/tipsi.net","article_modified_time":"2025-07-02T02:01:16+00:00","og_image":[{"width":1500,"height":1500,"url":"https:\/\/valika.eu\/wp-content\/uploads\/2025\/01\/6327.jpg","type":"image\/jpeg"}],"twitter_card":"summary_large_image","schema":{"@context":"https:\/\/schema.org","@graph":[{"@type":"WebPage","@id":"https:\/\/valika.eu\/fi\/toode\/claresa-huuleoli-shine-like-02-vanilje\/","url":"https:\/\/valika.eu\/fi\/toode\/claresa-huuleoli-shine-like-02-vanilje\/","name":"Claresa Huuli\u00f6ljy SHINE LIKE 02 vanilja | Valika","isPartOf":{"@id":"https:\/\/valika.eu\/fi\/#website"},"primaryImageOfPage":{"@id":"https:\/\/valika.eu\/fi\/toode\/claresa-huuleoli-shine-like-02-vanilje\/#primaryimage"},"image":{"@id":"https:\/\/valika.eu\/toode\/claresa-huuleoli-shine-like-02-vanilje\/#primaryimage"},"thumbnailUrl":"https:\/\/valika.eu\/wp-content\/uploads\/2025\/01\/6327.jpg","datePublished":"2025-01-09T05:51:56+00:00","dateModified":"2025-07-02T02:01:16+00:00","breadcrumb":{"@id":"https:\/\/valika.eu\/fi\/toode\/claresa-huuleoli-shine-like-02-vanilje\/#breadcrumb"},"inLanguage":"fi","potentialAction":[{"@type":"ReadAction","target":[["https:\/\/valika.eu\/fi\/toode\/claresa-huuleoli-shine-like-02-vanilje\/"]]}]},{"@type":"ImageObject","inLanguage":"fi","@id":"https:\/\/valika.eu\/fi\/toode\/claresa-huuleoli-shine-like-02-vanilje\/#primaryimage","url":"https:\/\/valika.eu\/wp-content\/uploads\/2025\/01\/6327.jpg","contentUrl":"https:\/\/valika.eu\/wp-content\/uploads\/2025\/01\/6327.jpg","width":1500,"height":1500},{"@type":"BreadcrumbList","@id":"https:\/\/valika.eu\/fi\/toode\/claresa-huuleoli-shine-like-02-vanilje\/#breadcrumb","itemListElement":[{"@type":"ListItem","position":1,"name":"Koti","item":"https:\/\/valika.eu\/fi\/"},{"@type":"ListItem","position":2,"name":"Shop","item":"https:\/\/valika.eu\/fi\/"},{"@type":"ListItem","position":3,"name":"Claresa Lip Oil SHINE LIKE 02 vanilla"}]},{"@type":"WebSite","@id":"https:\/\/valika.eu\/fi\/#website","url":"https:\/\/valika.eu\/fi\/","name":"Valika.eu","description":"Salonkituotteet ja kauneudenhoitotuotteet - Valika tarjoaa laajan valikoiman tuotteita ja tarvikkeita kynsiteknikoille, kauneushoitoloille, kampaamoille ja kampaamoille.","publisher":{"@id":"https:\/\/valika.eu\/fi\/#organization"},"alternateName":"Valika","potentialAction":[{"@type":"SearchAction","target":{"@type":"EntryPoint","urlTemplate":"https:\/\/valika.eu\/fi\/?s={search_term_string}"},"query-input":{"@type":"PropertyValueSpecification","valueRequired":true,"valueName":"search_term_string"}}],"inLanguage":"fi"},{"@type":"Organization","@id":"https:\/\/valika.eu\/fi\/#organization","name":"Salongitoode O\u00dc","alternateName":"Valika","url":"https:\/\/valika.eu\/fi\/","logo":{"@type":"ImageObject","inLanguage":"fi","@id":"https:\/\/valika.eu\/fi\/#\/schema\/logo\/image\/","url":"https:\/\/valika.eu\/wp-content\/uploads\/2023\/11\/logo2-valika-footer.png","contentUrl":"https:\/\/valika.eu\/wp-content\/uploads\/2023\/11\/logo2-valika-footer.png","width":200,"height":129,"caption":"Salongitoode O\u00dc"},"image":{"@id":"https:\/\/valika.eu\/fi\/#\/schema\/logo\/image\/"},"sameAs":["https:\/\/www.facebook.com\/tipsi.net"]}]}},"jetpack_sharing_enabled":true,"_links":{"self":[{"href":"https:\/\/valika.eu\/fi\/wp-json\/wp\/v2\/product\/12336","targetHints":{"allow":["GET"]}}],"collection":[{"href":"https:\/\/valika.eu\/fi\/wp-json\/wp\/v2\/product"}],"about":[{"href":"https:\/\/valika.eu\/fi\/wp-json\/wp\/v2\/types\/product"}],"wp:featuredmedia":[{"embeddable":true,"href":"https:\/\/valika.eu\/fi\/wp-json\/wp\/v2\/media\/12335"}],"wp:attachment":[{"href":"https:\/\/valika.eu\/fi\/wp-json\/wp\/v2\/media?parent=12336"}],"wp:term":[{"taxonomy":"product_brand","embeddable":true,"href":"https:\/\/valika.eu\/fi\/wp-json\/wp\/v2\/product_brand?post=12336"},{"taxonomy":"product_cat","embeddable":true,"href":"https:\/\/valika.eu\/fi\/wp-json\/wp\/v2\/product_cat?post=12336"},{"taxonomy":"product_tag","embeddable":true,"href":"https:\/\/valika.eu\/fi\/wp-json\/wp\/v2\/product_tag?post=12336"}],"curies":[{"name":"wp","href":"https:\/\/api.w.org\/{rel}","templated":true}]}}