{"id":12342,"date":"2025-01-09T07:52:03","date_gmt":"2025-01-09T05:52:03","guid":{"rendered":"https:\/\/valika.eu\/toode\/claresa-toitev-huulepalsam-meega-hi-honey\/"},"modified":"2026-03-22T18:08:13","modified_gmt":"2026-03-22T16:08:13","slug":"claresa-toitev-huulepalsam-meega-hi-honey","status":"publish","type":"product","link":"https:\/\/valika.eu\/fi\/toode\/claresa-toitev-huulepalsam-meega-hi-honey\/","title":{"rendered":"Claresa Ravitseva hunajahuulivoide HI, HONEY!"},"content":{"rendered":"<p>Uudistava ja suojaava huulipuna, joka sis\u00e4lt\u00e4\u00e4 hunajauutetta ja risiini\u00f6ljy\u00e4, on olennainen apu huulten hoidossa ymp\u00e4ri vuoden. Luonnonvahoista koostuva kompleksi varmistaa, ett\u00e4 huulten herkk\u00e4 iho on t\u00e4ydellisesti suojattu haitallisilta ulkoisilta vaikutuksilta, samalla kun hunaja ja risiini\u00f6ljy kosteuttavat syv\u00e4lt\u00e4 ja ravitsevat intensiivisesti, ja E-vitamiini uudistaa. Huulet muuttuvat sileiksi, pehmeiksi, joustaviksi ja valmiiksi v\u00e4rikosmetiikan levitykseen (tai mihin tahansa olet suunnitellut).<\/p>\n<p>HAUSKA FAKTA: Risiini\u00f6ljy stimuloi kollageenin ja elastaanin tuotantoa, jotka vastaavat ihon kiinteydest\u00e4 ja joustavuudesta. Mehil\u00e4isvaha luo iholle suojaavan suodattimen, karnaubavaha voitelee ja pehment\u00e4\u00e4, ja kandelillavaha antaa superkiillon. Hunajauutteella on kosteuttavia, suojaavia ja kiinteytt\u00e4vi\u00e4 vaikutuksia, kun taas E-vitamiini toimii antioksidanttina.<\/p>\n<p>K\u00c4YTT\u00d6: Levit\u00e4 aina, kun tunnet tarvetta kosteuttaa huuliasi tai tarvitset niille suojaa.<\/p>\n<p>MEIKKITAITEILIJOIDEN VINKKI: Levit\u00e4 runsas kerros huulipunaa meikkirutiinisi alussa. Siihen menness\u00e4, kun p\u00e4\u00e4set huulimeikkiin, huulesi ovat pehme\u00e4t, sile\u00e4t ja kosteutetut.<\/p>","protected":false},"excerpt":{"rendered":"<p>Uudistava ja suojaava huulipuna, joka sis\u00e4lt\u00e4\u00e4 hunajauutetta ja risiini\u00f6ljy\u00e4, on olennainen apu huulten hoidossa ymp\u00e4ri vuoden. Luonnonvahoista koostuva kompleksi varmistaa,<\/p>\n","protected":false},"featured_media":12341,"template":"","meta":[],"product_brand":[],"product_cat":[699],"product_tag":[],"class_list":{"0":"post-12342","1":"product","2":"type-product","3":"status-publish","4":"has-post-thumbnail","6":"product_cat-lip-care","8":"first","9":"instock","10":"taxable","11":"shipping-taxable","12":"purchasable","13":"product-type-simple"},"yoast_head":"<!-- This site is optimized with the Yoast SEO plugin v24.4 - https:\/\/yoast.com\/wordpress\/plugins\/seo\/ -->\n<title>Claresa Ravitseva hunajahuulivoide HI, HONEY! | Valika<\/title>\n<meta name=\"robots\" content=\"index, follow, max-snippet:-1, max-image-preview:large, max-video-preview:-1\" \/>\n<link rel=\"canonical\" href=\"https:\/\/valika.eu\/fi\/toode\/claresa-toitev-huulepalsam-meega-hi-honey\/\" \/>\n<meta property=\"og:locale\" content=\"fi_FI\" \/>\n<meta property=\"og:type\" content=\"article\" \/>\n<meta property=\"og:title\" content=\"Claresa Ravitseva hunajahuulivoide HI, HONEY! | Valika\" \/>\n<meta property=\"og:description\" content=\"Uudistava ja suojaava huulipuna, joka sis\u00e4lt\u00e4\u00e4 hunajauutetta ja risiini\u00f6ljy\u00e4, on olennainen apu huulten hoidossa ymp\u00e4ri vuoden. Luonnonvahoista koostuva kompleksi varmistaa,\" \/>\n<meta property=\"og:url\" content=\"https:\/\/valika.eu\/fi\/toode\/claresa-toitev-huulepalsam-meega-hi-honey\/\" \/>\n<meta property=\"og:site_name\" content=\"Valika\" \/>\n<meta property=\"article:publisher\" content=\"https:\/\/www.facebook.com\/tipsi.net\" \/>\n<meta property=\"article:modified_time\" content=\"2026-03-22T16:08:13+00:00\" \/>\n<meta property=\"og:image\" content=\"https:\/\/valika.eu\/wp-content\/uploads\/2025\/01\/6408.jpg\" \/>\n\t<meta property=\"og:image:width\" content=\"1500\" \/>\n\t<meta property=\"og:image:height\" content=\"1500\" \/>\n\t<meta property=\"og:image:type\" content=\"image\/jpeg\" \/>\n<meta name=\"twitter:card\" content=\"summary_large_image\" \/>\n<script type=\"application\/ld+json\" class=\"yoast-schema-graph\">{\"@context\":\"https:\/\/schema.org\",\"@graph\":[{\"@type\":\"WebPage\",\"@id\":\"https:\/\/valika.eu\/fi\/toode\/claresa-toitev-huulepalsam-meega-hi-honey\/\",\"url\":\"https:\/\/valika.eu\/fi\/toode\/claresa-toitev-huulepalsam-meega-hi-honey\/\",\"name\":\"Claresa Ravitseva hunajahuulivoide HI, HONEY! | Valika\",\"isPartOf\":{\"@id\":\"https:\/\/valika.eu\/fi\/#website\"},\"primaryImageOfPage\":{\"@id\":\"https:\/\/valika.eu\/fi\/toode\/claresa-toitev-huulepalsam-meega-hi-honey\/#primaryimage\"},\"image\":{\"@id\":\"https:\/\/valika.eu\/toode\/claresa-toitev-huulepalsam-meega-hi-honey\/#primaryimage\"},\"thumbnailUrl\":\"https:\/\/valika.eu\/wp-content\/uploads\/2025\/01\/6408.jpg\",\"datePublished\":\"2025-01-09T05:52:03+00:00\",\"dateModified\":\"2026-03-22T16:08:13+00:00\",\"breadcrumb\":{\"@id\":\"https:\/\/valika.eu\/fi\/toode\/claresa-toitev-huulepalsam-meega-hi-honey\/#breadcrumb\"},\"inLanguage\":\"fi\",\"potentialAction\":[{\"@type\":\"ReadAction\",\"target\":[[\"https:\/\/valika.eu\/fi\/toode\/claresa-toitev-huulepalsam-meega-hi-honey\/\"]]}]},{\"@type\":\"ImageObject\",\"inLanguage\":\"fi\",\"@id\":\"https:\/\/valika.eu\/fi\/toode\/claresa-toitev-huulepalsam-meega-hi-honey\/#primaryimage\",\"url\":\"https:\/\/valika.eu\/wp-content\/uploads\/2025\/01\/6408.jpg\",\"contentUrl\":\"https:\/\/valika.eu\/wp-content\/uploads\/2025\/01\/6408.jpg\",\"width\":1500,\"height\":1500},{\"@type\":\"BreadcrumbList\",\"@id\":\"https:\/\/valika.eu\/fi\/toode\/claresa-toitev-huulepalsam-meega-hi-honey\/#breadcrumb\",\"itemListElement\":[{\"@type\":\"ListItem\",\"position\":1,\"name\":\"Koti\",\"item\":\"https:\/\/valika.eu\/fi\/\"},{\"@type\":\"ListItem\",\"position\":2,\"name\":\"Shop\",\"item\":\"https:\/\/valika.eu\/fi\/\"},{\"@type\":\"ListItem\",\"position\":3,\"name\":\"Claresa Nourishing Honey Lip Balm HI, HONEY!\"}]},{\"@type\":\"WebSite\",\"@id\":\"https:\/\/valika.eu\/fi\/#website\",\"url\":\"https:\/\/valika.eu\/fi\/\",\"name\":\"Valika.eu\",\"description\":\"Salonkituotteet ja kauneudenhoitotuotteet - Valika tarjoaa laajan valikoiman tuotteita ja tarvikkeita kynsiteknikoille, kauneushoitoloille, kampaamoille ja kampaamoille.\",\"publisher\":{\"@id\":\"https:\/\/valika.eu\/fi\/#organization\"},\"alternateName\":\"Valika\",\"potentialAction\":[{\"@type\":\"SearchAction\",\"target\":{\"@type\":\"EntryPoint\",\"urlTemplate\":\"https:\/\/valika.eu\/fi\/?s={search_term_string}\"},\"query-input\":{\"@type\":\"PropertyValueSpecification\",\"valueRequired\":true,\"valueName\":\"search_term_string\"}}],\"inLanguage\":\"fi\"},{\"@type\":\"Organization\",\"@id\":\"https:\/\/valika.eu\/fi\/#organization\",\"name\":\"Salongitoode O\u00dc\",\"alternateName\":\"Valika\",\"url\":\"https:\/\/valika.eu\/fi\/\",\"logo\":{\"@type\":\"ImageObject\",\"inLanguage\":\"fi\",\"@id\":\"https:\/\/valika.eu\/fi\/#\/schema\/logo\/image\/\",\"url\":\"https:\/\/valika.eu\/wp-content\/uploads\/2023\/11\/logo2-valika-footer.png\",\"contentUrl\":\"https:\/\/valika.eu\/wp-content\/uploads\/2023\/11\/logo2-valika-footer.png\",\"width\":200,\"height\":129,\"caption\":\"Salongitoode O\u00dc\"},\"image\":{\"@id\":\"https:\/\/valika.eu\/fi\/#\/schema\/logo\/image\/\"},\"sameAs\":[\"https:\/\/www.facebook.com\/tipsi.net\"]}]}<\/script>\n<!-- \/ Yoast SEO plugin. -->","yoast_head_json":{"title":"Claresa Ravitseva hunajahuulivoide HI, HONEY! | Valika","robots":{"index":"index","follow":"follow","max-snippet":"max-snippet:-1","max-image-preview":"max-image-preview:large","max-video-preview":"max-video-preview:-1"},"canonical":"https:\/\/valika.eu\/fi\/toode\/claresa-toitev-huulepalsam-meega-hi-honey\/","og_locale":"fi_FI","og_type":"article","og_title":"Claresa Ravitseva hunajahuulivoide HI, HONEY! | Valika","og_description":"Uudistava ja suojaava huulipuna, joka sis\u00e4lt\u00e4\u00e4 hunajauutetta ja risiini\u00f6ljy\u00e4, on olennainen apu huulten hoidossa ymp\u00e4ri vuoden. Luonnonvahoista koostuva kompleksi varmistaa,","og_url":"https:\/\/valika.eu\/fi\/toode\/claresa-toitev-huulepalsam-meega-hi-honey\/","og_site_name":"Valika","article_publisher":"https:\/\/www.facebook.com\/tipsi.net","article_modified_time":"2026-03-22T16:08:13+00:00","og_image":[{"width":1500,"height":1500,"url":"https:\/\/valika.eu\/wp-content\/uploads\/2025\/01\/6408.jpg","type":"image\/jpeg"}],"twitter_card":"summary_large_image","schema":{"@context":"https:\/\/schema.org","@graph":[{"@type":"WebPage","@id":"https:\/\/valika.eu\/fi\/toode\/claresa-toitev-huulepalsam-meega-hi-honey\/","url":"https:\/\/valika.eu\/fi\/toode\/claresa-toitev-huulepalsam-meega-hi-honey\/","name":"Claresa Ravitseva hunajahuulivoide HI, HONEY! | Valika","isPartOf":{"@id":"https:\/\/valika.eu\/fi\/#website"},"primaryImageOfPage":{"@id":"https:\/\/valika.eu\/fi\/toode\/claresa-toitev-huulepalsam-meega-hi-honey\/#primaryimage"},"image":{"@id":"https:\/\/valika.eu\/toode\/claresa-toitev-huulepalsam-meega-hi-honey\/#primaryimage"},"thumbnailUrl":"https:\/\/valika.eu\/wp-content\/uploads\/2025\/01\/6408.jpg","datePublished":"2025-01-09T05:52:03+00:00","dateModified":"2026-03-22T16:08:13+00:00","breadcrumb":{"@id":"https:\/\/valika.eu\/fi\/toode\/claresa-toitev-huulepalsam-meega-hi-honey\/#breadcrumb"},"inLanguage":"fi","potentialAction":[{"@type":"ReadAction","target":[["https:\/\/valika.eu\/fi\/toode\/claresa-toitev-huulepalsam-meega-hi-honey\/"]]}]},{"@type":"ImageObject","inLanguage":"fi","@id":"https:\/\/valika.eu\/fi\/toode\/claresa-toitev-huulepalsam-meega-hi-honey\/#primaryimage","url":"https:\/\/valika.eu\/wp-content\/uploads\/2025\/01\/6408.jpg","contentUrl":"https:\/\/valika.eu\/wp-content\/uploads\/2025\/01\/6408.jpg","width":1500,"height":1500},{"@type":"BreadcrumbList","@id":"https:\/\/valika.eu\/fi\/toode\/claresa-toitev-huulepalsam-meega-hi-honey\/#breadcrumb","itemListElement":[{"@type":"ListItem","position":1,"name":"Koti","item":"https:\/\/valika.eu\/fi\/"},{"@type":"ListItem","position":2,"name":"Shop","item":"https:\/\/valika.eu\/fi\/"},{"@type":"ListItem","position":3,"name":"Claresa Nourishing Honey Lip Balm HI, HONEY!"}]},{"@type":"WebSite","@id":"https:\/\/valika.eu\/fi\/#website","url":"https:\/\/valika.eu\/fi\/","name":"Valika.eu","description":"Salonkituotteet ja kauneudenhoitotuotteet - Valika tarjoaa laajan valikoiman tuotteita ja tarvikkeita kynsiteknikoille, kauneushoitoloille, kampaamoille ja kampaamoille.","publisher":{"@id":"https:\/\/valika.eu\/fi\/#organization"},"alternateName":"Valika","potentialAction":[{"@type":"SearchAction","target":{"@type":"EntryPoint","urlTemplate":"https:\/\/valika.eu\/fi\/?s={search_term_string}"},"query-input":{"@type":"PropertyValueSpecification","valueRequired":true,"valueName":"search_term_string"}}],"inLanguage":"fi"},{"@type":"Organization","@id":"https:\/\/valika.eu\/fi\/#organization","name":"Salongitoode O\u00dc","alternateName":"Valika","url":"https:\/\/valika.eu\/fi\/","logo":{"@type":"ImageObject","inLanguage":"fi","@id":"https:\/\/valika.eu\/fi\/#\/schema\/logo\/image\/","url":"https:\/\/valika.eu\/wp-content\/uploads\/2023\/11\/logo2-valika-footer.png","contentUrl":"https:\/\/valika.eu\/wp-content\/uploads\/2023\/11\/logo2-valika-footer.png","width":200,"height":129,"caption":"Salongitoode O\u00dc"},"image":{"@id":"https:\/\/valika.eu\/fi\/#\/schema\/logo\/image\/"},"sameAs":["https:\/\/www.facebook.com\/tipsi.net"]}]}},"jetpack_sharing_enabled":true,"_links":{"self":[{"href":"https:\/\/valika.eu\/fi\/wp-json\/wp\/v2\/product\/12342","targetHints":{"allow":["GET"]}}],"collection":[{"href":"https:\/\/valika.eu\/fi\/wp-json\/wp\/v2\/product"}],"about":[{"href":"https:\/\/valika.eu\/fi\/wp-json\/wp\/v2\/types\/product"}],"wp:featuredmedia":[{"embeddable":true,"href":"https:\/\/valika.eu\/fi\/wp-json\/wp\/v2\/media\/12341"}],"wp:attachment":[{"href":"https:\/\/valika.eu\/fi\/wp-json\/wp\/v2\/media?parent=12342"}],"wp:term":[{"taxonomy":"product_brand","embeddable":true,"href":"https:\/\/valika.eu\/fi\/wp-json\/wp\/v2\/product_brand?post=12342"},{"taxonomy":"product_cat","embeddable":true,"href":"https:\/\/valika.eu\/fi\/wp-json\/wp\/v2\/product_cat?post=12342"},{"taxonomy":"product_tag","embeddable":true,"href":"https:\/\/valika.eu\/fi\/wp-json\/wp\/v2\/product_tag?post=12342"}],"curies":[{"name":"wp","href":"https:\/\/api.w.org\/{rel}","templated":true}]}}