{"id":12350,"date":"2025-01-09T07:52:12","date_gmt":"2025-01-09T05:52:12","guid":{"rendered":"https:\/\/valika.eu\/toode\/claresa-plump-up-shot-toitainete-huule-seerum-taitva-toimega-6g\/"},"modified":"2025-10-16T11:26:30","modified_gmt":"2025-10-16T08:26:30","slug":"claresa-plump-up-shot-toitainete-huule-seerum-taitva-toimega-6g","status":"publish","type":"product","link":"https:\/\/valika.eu\/fi\/toode\/claresa-plump-up-shot-toitainete-huule-seerum-taitva-toimega-6g\/","title":{"rendered":"CLARESA Plump Up Shot ravitseva huuliseerumi t\u00e4ytel\u00e4isell\u00e4 vaikutuksella 6g"},"content":{"rendered":"<p>Haaveiletko t\u00e4ytel\u00e4isist\u00e4 ja optisesti suurentuneista huulista? Pid\u00e4tk\u00f6 t\u00e4yteaineen vaikutuksesta, mutta haluat saavuttaa sen ilman neuloja ja invasiivisia toimenpiteit\u00e4? Claresan PeptidePlumpUpShot on ravitseva seerumi huulikiillon muodossa, joka ei ainoastaan anna huulillesi houkuttelevaa volyymia ja lasimaista kiiltoa #glasslips-tyyliin, vaan huolehtii my\u00f6s niiden kunnosta!<\/p>\n<p>HAUSKA FAKTA:<br \/>\nSeerumin sis\u00e4lt\u00e4m\u00e4 avokado\u00f6ljy ja luonnollinen peptidi tekev\u00e4t ihosta pehme\u00e4n ja kosteutetun, ja s\u00e4\u00e4nn\u00f6llisell\u00e4 ja p\u00e4ivitt\u00e4isell\u00e4 k\u00e4yt\u00f6ll\u00e4 huulten pinta muuttuu sile\u00e4mm\u00e4ksi ja kiinte\u00e4mm\u00e4ksi. PlumpedUp-kompleksi stimuloi mikroverenkiertoa, jolloin huulten suurennusvaikutus kest\u00e4\u00e4 jopa 4 tuntia. Tutkimukset* osoittivat huulten volyymin kasvua 75 %:lla ihmisist\u00e4, huulten \u00e4\u00e4riviivojen parantumista 80 %:lla ja huulten pehmeyden ja kosteuden lis\u00e4\u00e4ntymist\u00e4 100 %:lla osallistujista. Kun tuotetta k\u00e4ytettiin s\u00e4\u00e4nn\u00f6llisesti 3 kertaa p\u00e4iv\u00e4ss\u00e4 28 p\u00e4iv\u00e4n ajan, se johti huulten volyymin kasvuun 18,7 % ja huulten kosteuden kasvuun 13,8 %.<\/p>\n<p>K\u00c4YTT\u00d6:<br \/>\nLevit\u00e4 suoraan huulille tai suosikkimattahuulipunasi p\u00e4\u00e4lle, kun haluat hieman kiiltoa ja aistillista volyymia.<\/p>\n<p>MEIKKITAITEILIJAN VINKKI:<br \/>\nHaluatko maksimaalisen suurennusvaikutuksen? Stimuloi huuliasi lis\u00e4ksi tekem\u00e4ll\u00e4 hell\u00e4varainen kuorinta ennen seerumin levitt\u00e4mist\u00e4. Jos haluat v\u00e4hent\u00e4\u00e4 kihelm\u00f6iv\u00e4\u00e4 tunnetta, levit\u00e4 ensin huulipunaa tai ravitsevaa balsamia huulillesi.<\/p>\n<p>*Kyselytutkimukset tehtiin 20 henkil\u00f6lle, jotka k\u00e4yttiv\u00e4t seerumia 3 kertaa p\u00e4iv\u00e4ss\u00e4 28 p\u00e4iv\u00e4n ajan.<\/p>","protected":false},"excerpt":{"rendered":"<p>Haaveiletko t\u00e4ytel\u00e4isist\u00e4 ja optisesti suurentuneista huulista? Pid\u00e4tk\u00f6 t\u00e4yteaineen vaikutuksesta, mutta haluat saavuttaa sen ilman neuloja ja invasiivisia toimenpiteit\u00e4? Claresan PeptidePlumpUpShot<\/p>\n","protected":false},"featured_media":12349,"template":"","meta":[],"product_brand":[],"product_cat":[699],"product_tag":[],"class_list":{"0":"post-12350","1":"product","2":"type-product","3":"status-publish","4":"has-post-thumbnail","6":"product_cat-lip-care","8":"first","9":"outofstock","10":"taxable","11":"shipping-taxable","12":"purchasable","13":"product-type-simple"},"yoast_head":"<!-- This site is optimized with the Yoast SEO plugin v24.4 - https:\/\/yoast.com\/wordpress\/plugins\/seo\/ -->\n<title>CLARESA Plump Up Shot ravitseva huuliseerumi t\u00e4ytel\u00e4isell\u00e4 vaikutuksella 6g | Valika<\/title>\n<meta name=\"robots\" content=\"index, follow, max-snippet:-1, max-image-preview:large, max-video-preview:-1\" \/>\n<link rel=\"canonical\" href=\"https:\/\/valika.eu\/fi\/toode\/claresa-plump-up-shot-toitainete-huule-seerum-taitva-toimega-6g\/\" \/>\n<meta property=\"og:locale\" content=\"fi_FI\" \/>\n<meta property=\"og:type\" content=\"article\" \/>\n<meta property=\"og:title\" content=\"CLARESA Plump Up Shot ravitseva huuliseerumi t\u00e4ytel\u00e4isell\u00e4 vaikutuksella 6g | Valika\" \/>\n<meta property=\"og:description\" content=\"Haaveiletko t\u00e4ytel\u00e4isist\u00e4 ja optisesti suurentuneista huulista? Pid\u00e4tk\u00f6 t\u00e4yteaineen vaikutuksesta, mutta haluat saavuttaa sen ilman neuloja ja invasiivisia toimenpiteit\u00e4? Claresan PeptidePlumpUpShot\" \/>\n<meta property=\"og:url\" content=\"https:\/\/valika.eu\/fi\/toode\/claresa-plump-up-shot-toitainete-huule-seerum-taitva-toimega-6g\/\" \/>\n<meta property=\"og:site_name\" content=\"Valika\" \/>\n<meta property=\"article:publisher\" content=\"https:\/\/www.facebook.com\/tipsi.net\" \/>\n<meta property=\"article:modified_time\" content=\"2025-10-16T08:26:30+00:00\" \/>\n<meta property=\"og:image\" content=\"https:\/\/valika.eu\/wp-content\/uploads\/2025\/01\/13700.jpg\" \/>\n\t<meta property=\"og:image:width\" content=\"2047\" \/>\n\t<meta property=\"og:image:height\" content=\"2047\" \/>\n\t<meta property=\"og:image:type\" content=\"image\/jpeg\" \/>\n<meta name=\"twitter:card\" content=\"summary_large_image\" \/>\n<script type=\"application\/ld+json\" class=\"yoast-schema-graph\">{\"@context\":\"https:\/\/schema.org\",\"@graph\":[{\"@type\":\"WebPage\",\"@id\":\"https:\/\/valika.eu\/fi\/toode\/claresa-plump-up-shot-toitainete-huule-seerum-taitva-toimega-6g\/\",\"url\":\"https:\/\/valika.eu\/fi\/toode\/claresa-plump-up-shot-toitainete-huule-seerum-taitva-toimega-6g\/\",\"name\":\"CLARESA Plump Up Shot ravitseva huuliseerumi t\u00e4ytel\u00e4isell\u00e4 vaikutuksella 6g | Valika\",\"isPartOf\":{\"@id\":\"https:\/\/valika.eu\/fi\/#website\"},\"primaryImageOfPage\":{\"@id\":\"https:\/\/valika.eu\/fi\/toode\/claresa-plump-up-shot-toitainete-huule-seerum-taitva-toimega-6g\/#primaryimage\"},\"image\":{\"@id\":\"https:\/\/valika.eu\/toode\/claresa-plump-up-shot-toitainete-huule-seerum-taitva-toimega-6g\/#primaryimage\"},\"thumbnailUrl\":\"https:\/\/valika.eu\/wp-content\/uploads\/2025\/01\/13700.jpg\",\"datePublished\":\"2025-01-09T05:52:12+00:00\",\"dateModified\":\"2025-10-16T08:26:30+00:00\",\"breadcrumb\":{\"@id\":\"https:\/\/valika.eu\/fi\/toode\/claresa-plump-up-shot-toitainete-huule-seerum-taitva-toimega-6g\/#breadcrumb\"},\"inLanguage\":\"fi\",\"potentialAction\":[{\"@type\":\"ReadAction\",\"target\":[[\"https:\/\/valika.eu\/fi\/toode\/claresa-plump-up-shot-toitainete-huule-seerum-taitva-toimega-6g\/\"]]}]},{\"@type\":\"ImageObject\",\"inLanguage\":\"fi\",\"@id\":\"https:\/\/valika.eu\/fi\/toode\/claresa-plump-up-shot-toitainete-huule-seerum-taitva-toimega-6g\/#primaryimage\",\"url\":\"https:\/\/valika.eu\/wp-content\/uploads\/2025\/01\/13700.jpg\",\"contentUrl\":\"https:\/\/valika.eu\/wp-content\/uploads\/2025\/01\/13700.jpg\",\"width\":2047,\"height\":2047},{\"@type\":\"BreadcrumbList\",\"@id\":\"https:\/\/valika.eu\/fi\/toode\/claresa-plump-up-shot-toitainete-huule-seerum-taitva-toimega-6g\/#breadcrumb\",\"itemListElement\":[{\"@type\":\"ListItem\",\"position\":1,\"name\":\"Koti\",\"item\":\"https:\/\/valika.eu\/fi\/\"},{\"@type\":\"ListItem\",\"position\":2,\"name\":\"Shop\",\"item\":\"https:\/\/valika.eu\/fi\/\"},{\"@type\":\"ListItem\",\"position\":3,\"name\":\"CLARESA Plump Up Shot toitainete huule seerum t\u00e4itva toimega 6g\"}]},{\"@type\":\"WebSite\",\"@id\":\"https:\/\/valika.eu\/fi\/#website\",\"url\":\"https:\/\/valika.eu\/fi\/\",\"name\":\"Valika.eu\",\"description\":\"Salonkituotteet ja kauneudenhoitotuotteet - Valika tarjoaa laajan valikoiman tuotteita ja tarvikkeita kynsiteknikoille, kauneushoitoloille, kampaamoille ja kampaamoille.\",\"publisher\":{\"@id\":\"https:\/\/valika.eu\/fi\/#organization\"},\"alternateName\":\"Valika\",\"potentialAction\":[{\"@type\":\"SearchAction\",\"target\":{\"@type\":\"EntryPoint\",\"urlTemplate\":\"https:\/\/valika.eu\/fi\/?s={search_term_string}\"},\"query-input\":{\"@type\":\"PropertyValueSpecification\",\"valueRequired\":true,\"valueName\":\"search_term_string\"}}],\"inLanguage\":\"fi\"},{\"@type\":\"Organization\",\"@id\":\"https:\/\/valika.eu\/fi\/#organization\",\"name\":\"Salongitoode O\u00dc\",\"alternateName\":\"Valika\",\"url\":\"https:\/\/valika.eu\/fi\/\",\"logo\":{\"@type\":\"ImageObject\",\"inLanguage\":\"fi\",\"@id\":\"https:\/\/valika.eu\/fi\/#\/schema\/logo\/image\/\",\"url\":\"https:\/\/valika.eu\/wp-content\/uploads\/2023\/11\/logo2-valika-footer.png\",\"contentUrl\":\"https:\/\/valika.eu\/wp-content\/uploads\/2023\/11\/logo2-valika-footer.png\",\"width\":200,\"height\":129,\"caption\":\"Salongitoode O\u00dc\"},\"image\":{\"@id\":\"https:\/\/valika.eu\/fi\/#\/schema\/logo\/image\/\"},\"sameAs\":[\"https:\/\/www.facebook.com\/tipsi.net\"]}]}<\/script>\n<!-- \/ Yoast SEO plugin. -->","yoast_head_json":{"title":"CLARESA Plump Up Shot ravitseva huuliseerumi t\u00e4ytel\u00e4isell\u00e4 vaikutuksella 6g | Valika","robots":{"index":"index","follow":"follow","max-snippet":"max-snippet:-1","max-image-preview":"max-image-preview:large","max-video-preview":"max-video-preview:-1"},"canonical":"https:\/\/valika.eu\/fi\/toode\/claresa-plump-up-shot-toitainete-huule-seerum-taitva-toimega-6g\/","og_locale":"fi_FI","og_type":"article","og_title":"CLARESA Plump Up Shot ravitseva huuliseerumi t\u00e4ytel\u00e4isell\u00e4 vaikutuksella 6g | Valika","og_description":"Haaveiletko t\u00e4ytel\u00e4isist\u00e4 ja optisesti suurentuneista huulista? Pid\u00e4tk\u00f6 t\u00e4yteaineen vaikutuksesta, mutta haluat saavuttaa sen ilman neuloja ja invasiivisia toimenpiteit\u00e4? Claresan PeptidePlumpUpShot","og_url":"https:\/\/valika.eu\/fi\/toode\/claresa-plump-up-shot-toitainete-huule-seerum-taitva-toimega-6g\/","og_site_name":"Valika","article_publisher":"https:\/\/www.facebook.com\/tipsi.net","article_modified_time":"2025-10-16T08:26:30+00:00","og_image":[{"width":2047,"height":2047,"url":"https:\/\/valika.eu\/wp-content\/uploads\/2025\/01\/13700.jpg","type":"image\/jpeg"}],"twitter_card":"summary_large_image","schema":{"@context":"https:\/\/schema.org","@graph":[{"@type":"WebPage","@id":"https:\/\/valika.eu\/fi\/toode\/claresa-plump-up-shot-toitainete-huule-seerum-taitva-toimega-6g\/","url":"https:\/\/valika.eu\/fi\/toode\/claresa-plump-up-shot-toitainete-huule-seerum-taitva-toimega-6g\/","name":"CLARESA Plump Up Shot ravitseva huuliseerumi t\u00e4ytel\u00e4isell\u00e4 vaikutuksella 6g | Valika","isPartOf":{"@id":"https:\/\/valika.eu\/fi\/#website"},"primaryImageOfPage":{"@id":"https:\/\/valika.eu\/fi\/toode\/claresa-plump-up-shot-toitainete-huule-seerum-taitva-toimega-6g\/#primaryimage"},"image":{"@id":"https:\/\/valika.eu\/toode\/claresa-plump-up-shot-toitainete-huule-seerum-taitva-toimega-6g\/#primaryimage"},"thumbnailUrl":"https:\/\/valika.eu\/wp-content\/uploads\/2025\/01\/13700.jpg","datePublished":"2025-01-09T05:52:12+00:00","dateModified":"2025-10-16T08:26:30+00:00","breadcrumb":{"@id":"https:\/\/valika.eu\/fi\/toode\/claresa-plump-up-shot-toitainete-huule-seerum-taitva-toimega-6g\/#breadcrumb"},"inLanguage":"fi","potentialAction":[{"@type":"ReadAction","target":[["https:\/\/valika.eu\/fi\/toode\/claresa-plump-up-shot-toitainete-huule-seerum-taitva-toimega-6g\/"]]}]},{"@type":"ImageObject","inLanguage":"fi","@id":"https:\/\/valika.eu\/fi\/toode\/claresa-plump-up-shot-toitainete-huule-seerum-taitva-toimega-6g\/#primaryimage","url":"https:\/\/valika.eu\/wp-content\/uploads\/2025\/01\/13700.jpg","contentUrl":"https:\/\/valika.eu\/wp-content\/uploads\/2025\/01\/13700.jpg","width":2047,"height":2047},{"@type":"BreadcrumbList","@id":"https:\/\/valika.eu\/fi\/toode\/claresa-plump-up-shot-toitainete-huule-seerum-taitva-toimega-6g\/#breadcrumb","itemListElement":[{"@type":"ListItem","position":1,"name":"Koti","item":"https:\/\/valika.eu\/fi\/"},{"@type":"ListItem","position":2,"name":"Shop","item":"https:\/\/valika.eu\/fi\/"},{"@type":"ListItem","position":3,"name":"CLARESA Plump Up Shot toitainete huule seerum t\u00e4itva toimega 6g"}]},{"@type":"WebSite","@id":"https:\/\/valika.eu\/fi\/#website","url":"https:\/\/valika.eu\/fi\/","name":"Valika.eu","description":"Salonkituotteet ja kauneudenhoitotuotteet - Valika tarjoaa laajan valikoiman tuotteita ja tarvikkeita kynsiteknikoille, kauneushoitoloille, kampaamoille ja kampaamoille.","publisher":{"@id":"https:\/\/valika.eu\/fi\/#organization"},"alternateName":"Valika","potentialAction":[{"@type":"SearchAction","target":{"@type":"EntryPoint","urlTemplate":"https:\/\/valika.eu\/fi\/?s={search_term_string}"},"query-input":{"@type":"PropertyValueSpecification","valueRequired":true,"valueName":"search_term_string"}}],"inLanguage":"fi"},{"@type":"Organization","@id":"https:\/\/valika.eu\/fi\/#organization","name":"Salongitoode O\u00dc","alternateName":"Valika","url":"https:\/\/valika.eu\/fi\/","logo":{"@type":"ImageObject","inLanguage":"fi","@id":"https:\/\/valika.eu\/fi\/#\/schema\/logo\/image\/","url":"https:\/\/valika.eu\/wp-content\/uploads\/2023\/11\/logo2-valika-footer.png","contentUrl":"https:\/\/valika.eu\/wp-content\/uploads\/2023\/11\/logo2-valika-footer.png","width":200,"height":129,"caption":"Salongitoode O\u00dc"},"image":{"@id":"https:\/\/valika.eu\/fi\/#\/schema\/logo\/image\/"},"sameAs":["https:\/\/www.facebook.com\/tipsi.net"]}]}},"jetpack_sharing_enabled":true,"_links":{"self":[{"href":"https:\/\/valika.eu\/fi\/wp-json\/wp\/v2\/product\/12350","targetHints":{"allow":["GET"]}}],"collection":[{"href":"https:\/\/valika.eu\/fi\/wp-json\/wp\/v2\/product"}],"about":[{"href":"https:\/\/valika.eu\/fi\/wp-json\/wp\/v2\/types\/product"}],"wp:featuredmedia":[{"embeddable":true,"href":"https:\/\/valika.eu\/fi\/wp-json\/wp\/v2\/media\/12349"}],"wp:attachment":[{"href":"https:\/\/valika.eu\/fi\/wp-json\/wp\/v2\/media?parent=12350"}],"wp:term":[{"taxonomy":"product_brand","embeddable":true,"href":"https:\/\/valika.eu\/fi\/wp-json\/wp\/v2\/product_brand?post=12350"},{"taxonomy":"product_cat","embeddable":true,"href":"https:\/\/valika.eu\/fi\/wp-json\/wp\/v2\/product_cat?post=12350"},{"taxonomy":"product_tag","embeddable":true,"href":"https:\/\/valika.eu\/fi\/wp-json\/wp\/v2\/product_tag?post=12350"}],"curies":[{"name":"wp","href":"https:\/\/api.w.org\/{rel}","templated":true}]}}