{"id":12369,"date":"2025-01-09T07:52:49","date_gmt":"2025-01-09T05:52:49","guid":{"rendered":"https:\/\/valika.eu\/toode\/claresa-kreemjas-huuleoli-creamy-lip-oil-la-la-love-03-bride-to-be-7g\/"},"modified":"2025-07-02T05:01:16","modified_gmt":"2025-07-02T02:01:16","slug":"claresa-kreemjas-huuleoli-creamy-lip-oil-la-la-love-03-bride-to-be-7g","status":"publish","type":"product","link":"https:\/\/valika.eu\/fi\/toode\/claresa-kreemjas-huuleoli-creamy-lip-oil-la-la-love-03-bride-to-be-7g\/","title":{"rendered":"CLARESA Kermainen huuli\u00f6ljy Creamy Lip Oil LA LA LOVE 03 Bride to Be 7g"},"content":{"rendered":"<p><\/p>\n<p>Huulikiilto, joka samanaikaisesti pehment\u00e4\u00e4 huuliasi?<\/p>\n<p>Huuli\u00f6ljy, jolla on kermainen koostumus, joka ei valu?<\/p>\n<p>Huulivoide, joka antaa luonnollisen, peitt\u00e4v\u00e4n v\u00e4rin ja kiilt\u00e4v\u00e4n hehkun?<\/p>\n<p>Vai ehk\u00e4 3-in-1 -koostumus, joka yhdist\u00e4\u00e4 kaikki n\u00e4m\u00e4 ominaisuudet?!<\/p>\n<p>KYLL\u00c4! La la love antaa sinulle kaiken, mit\u00e4 huulesi tarvitsevat!<\/p>\n<\/p>\n<p>Kuvittele tunne herkist\u00e4, kiinteist\u00e4 huulista, jotka on peitetty kiilt\u00e4v\u00e4ll\u00e4 v\u00e4rill\u00e4, joka huokuu luonnollista kauneutta. T\u00e4m\u00e4 on vaikutus, jonka la la love antaa huulillesi! Jo ensimm\u00e4isen levityksen j\u00e4lkeen rakastut siihen, kuinka kevyt, kermainen koostumus ymp\u00e4r\u00f6i huulesi, tehden niist\u00e4 paitsi superpehme\u00e4t my\u00f6s poikkeuksellisen sile\u00e4t ja kiilt\u00e4v\u00e4t. Tasaisella peitolla ja luonnollisilla v\u00e4reill\u00e4, jotka sopivat kaikille kauneustyypeille, saavutat hienovaraisen mutta upean vaikutuksen.<\/p>\n<p>HAUSKA FAKTA<\/p>\n<p>\u00d6ljykoostumus perustuu kolmeen v\u00e4ltt\u00e4m\u00e4tt\u00f6m\u00e4\u00e4n ainesosaan: makea manteli\u00f6ljy, vadelmansiemen\u00f6ljy ja E-vitamiini.<\/p>\n<p>Makea manteli\u00f6ljy ravitsee ja kosteuttaa huulia, j\u00e4tt\u00e4en ne samettisen pehmeiksi. Vadelmansiemen\u00f6ljy lis\u00e4\u00e4 terveen hehkun ja hoitaa niit\u00e4 intensiivisesti, tehden niist\u00e4 vastustamattoman sile\u00e4t. Lis\u00e4ksi E-vitamiini toimii vahvana antioksidanttina, suojaten huulten herkk\u00e4\u00e4 ihoa vapaiden radikaalien haitallisilta vaikutuksilta.<\/p>\n<p>T\u00e4m\u00e4 ainutlaatuinen ainesosien yhdistelm\u00e4 tekee la la lovesta enemm\u00e4n kuin tavallisen huulikiillon tai -\u00f6ljyn \u2013 se on todellinen juhla huulillesi, tehden niist\u00e4 kauniit ja tuntuvat kauniilta joka p\u00e4iv\u00e4!<\/p>\n<p>SOVELLUS<\/p>\n<p>Vain yksi pyyhk\u00e4isy tunteaksesi p\u00e4ivitt\u00e4isen hoidon ilon ja antaaksesi itsellesi pitk\u00e4kestoisen huulten pehmeyden! Sinun ei tarvitse huolehtia tahattomasta suttaamisesta tai ep\u00e4tasaisesta peitosta \u2013 k\u00e4tev\u00e4n applikaattorin ja kermaisen koostumuksen ansiosta la la love varmistaa tuotteen tasaisen levityksen koko huulten pinnalle. Se on se hell\u00e4varainen kosketus sileytt\u00e4 ja pehmeytt\u00e4, jota tarvitset.<\/p>\n<p>MEIKKITAITEILIJAN VINKKI<\/p>\n<p>Voit k\u00e4ytt\u00e4\u00e4 kermaista la la love -\u00f6ljy\u00e4 yksin\u00e4\u00e4n huulillasi, mutta voit my\u00f6s levitt\u00e4\u00e4 sen suosikkihuulipunasi p\u00e4\u00e4lle! Sen rasvattoman, kevyen koostumuksen ansiosta sinun ei tarvitse huolehtia sen liukenemisesta tai valumisesta. Lis\u00e4\u00e4 kiiltoa ja kosteutta suosikkimeikkilookiisi!<\/p>\n<p><\/p>","protected":false},"excerpt":{"rendered":"<p>Huulikiilto, joka samanaikaisesti pehment\u00e4\u00e4 huuliasi? Huuli\u00f6ljy, jolla on kermainen koostumus, joka ei valu? Huulivoide, joka antaa luonnollisen, peitt\u00e4v\u00e4n v\u00e4rin ja<\/p>\n","protected":false},"featured_media":12368,"template":"","meta":[],"product_brand":[],"product_cat":[699],"product_tag":[],"class_list":{"0":"post-12369","1":"product","2":"type-product","3":"status-publish","4":"has-post-thumbnail","6":"product_cat-lip-care","8":"first","9":"instock","10":"taxable","11":"shipping-taxable","12":"purchasable","13":"product-type-simple"},"yoast_head":"<!-- This site is optimized with the Yoast SEO plugin v24.4 - https:\/\/yoast.com\/wordpress\/plugins\/seo\/ -->\n<title>CLARESA Kermainen huuli\u00f6ljy Creamy Lip Oil LA LA LOVE 03 Bride to Be 7g | Valika<\/title>\n<meta name=\"robots\" content=\"index, follow, max-snippet:-1, max-image-preview:large, max-video-preview:-1\" \/>\n<link rel=\"canonical\" href=\"https:\/\/valika.eu\/fi\/toode\/claresa-kreemjas-huuleoli-creamy-lip-oil-la-la-love-03-bride-to-be-7g\/\" \/>\n<meta property=\"og:locale\" content=\"fi_FI\" \/>\n<meta property=\"og:type\" content=\"article\" \/>\n<meta property=\"og:title\" content=\"CLARESA Kermainen huuli\u00f6ljy Creamy Lip Oil LA LA LOVE 03 Bride to Be 7g | Valika\" \/>\n<meta property=\"og:description\" content=\"Huulikiilto, joka samanaikaisesti pehment\u00e4\u00e4 huuliasi? Huuli\u00f6ljy, jolla on kermainen koostumus, joka ei valu? Huulivoide, joka antaa luonnollisen, peitt\u00e4v\u00e4n v\u00e4rin ja\" \/>\n<meta property=\"og:url\" content=\"https:\/\/valika.eu\/fi\/toode\/claresa-kreemjas-huuleoli-creamy-lip-oil-la-la-love-03-bride-to-be-7g\/\" \/>\n<meta property=\"og:site_name\" content=\"Valika\" \/>\n<meta property=\"article:publisher\" content=\"https:\/\/www.facebook.com\/tipsi.net\" \/>\n<meta property=\"article:modified_time\" content=\"2025-07-02T02:01:16+00:00\" \/>\n<meta property=\"og:image\" content=\"https:\/\/valika.eu\/wp-content\/uploads\/2025\/01\/14922.png\" \/>\n\t<meta property=\"og:image:width\" content=\"1500\" \/>\n\t<meta property=\"og:image:height\" content=\"1500\" \/>\n\t<meta property=\"og:image:type\" content=\"image\/png\" \/>\n<meta name=\"twitter:card\" content=\"summary_large_image\" \/>\n<script type=\"application\/ld+json\" class=\"yoast-schema-graph\">{\"@context\":\"https:\/\/schema.org\",\"@graph\":[{\"@type\":\"WebPage\",\"@id\":\"https:\/\/valika.eu\/fi\/toode\/claresa-kreemjas-huuleoli-creamy-lip-oil-la-la-love-03-bride-to-be-7g\/\",\"url\":\"https:\/\/valika.eu\/fi\/toode\/claresa-kreemjas-huuleoli-creamy-lip-oil-la-la-love-03-bride-to-be-7g\/\",\"name\":\"CLARESA Kermainen huuli\u00f6ljy Creamy Lip Oil LA LA LOVE 03 Bride to Be 7g | Valika\",\"isPartOf\":{\"@id\":\"https:\/\/valika.eu\/fi\/#website\"},\"primaryImageOfPage\":{\"@id\":\"https:\/\/valika.eu\/fi\/toode\/claresa-kreemjas-huuleoli-creamy-lip-oil-la-la-love-03-bride-to-be-7g\/#primaryimage\"},\"image\":{\"@id\":\"https:\/\/valika.eu\/toode\/claresa-kreemjas-huuleoli-creamy-lip-oil-la-la-love-03-bride-to-be-7g\/#primaryimage\"},\"thumbnailUrl\":\"https:\/\/valika.eu\/wp-content\/uploads\/2025\/01\/14922.png\",\"datePublished\":\"2025-01-09T05:52:49+00:00\",\"dateModified\":\"2025-07-02T02:01:16+00:00\",\"breadcrumb\":{\"@id\":\"https:\/\/valika.eu\/fi\/toode\/claresa-kreemjas-huuleoli-creamy-lip-oil-la-la-love-03-bride-to-be-7g\/#breadcrumb\"},\"inLanguage\":\"fi\",\"potentialAction\":[{\"@type\":\"ReadAction\",\"target\":[[\"https:\/\/valika.eu\/fi\/toode\/claresa-kreemjas-huuleoli-creamy-lip-oil-la-la-love-03-bride-to-be-7g\/\"]]}]},{\"@type\":\"ImageObject\",\"inLanguage\":\"fi\",\"@id\":\"https:\/\/valika.eu\/fi\/toode\/claresa-kreemjas-huuleoli-creamy-lip-oil-la-la-love-03-bride-to-be-7g\/#primaryimage\",\"url\":\"https:\/\/valika.eu\/wp-content\/uploads\/2025\/01\/14922.png\",\"contentUrl\":\"https:\/\/valika.eu\/wp-content\/uploads\/2025\/01\/14922.png\",\"width\":1500,\"height\":1500},{\"@type\":\"BreadcrumbList\",\"@id\":\"https:\/\/valika.eu\/fi\/toode\/claresa-kreemjas-huuleoli-creamy-lip-oil-la-la-love-03-bride-to-be-7g\/#breadcrumb\",\"itemListElement\":[{\"@type\":\"ListItem\",\"position\":1,\"name\":\"Koti\",\"item\":\"https:\/\/valika.eu\/fi\/\"},{\"@type\":\"ListItem\",\"position\":2,\"name\":\"Shop\",\"item\":\"https:\/\/valika.eu\/fi\/\"},{\"@type\":\"ListItem\",\"position\":3,\"name\":\"CLARESA Creamy Lip Oil LA LA LOVE 03 Bride to Be 7g\"}]},{\"@type\":\"WebSite\",\"@id\":\"https:\/\/valika.eu\/fi\/#website\",\"url\":\"https:\/\/valika.eu\/fi\/\",\"name\":\"Valika.eu\",\"description\":\"Salonkituotteet ja kauneudenhoitotuotteet - Valika tarjoaa laajan valikoiman tuotteita ja tarvikkeita kynsiteknikoille, kauneushoitoloille, kampaamoille ja kampaamoille.\",\"publisher\":{\"@id\":\"https:\/\/valika.eu\/fi\/#organization\"},\"alternateName\":\"Valika\",\"potentialAction\":[{\"@type\":\"SearchAction\",\"target\":{\"@type\":\"EntryPoint\",\"urlTemplate\":\"https:\/\/valika.eu\/fi\/?s={search_term_string}\"},\"query-input\":{\"@type\":\"PropertyValueSpecification\",\"valueRequired\":true,\"valueName\":\"search_term_string\"}}],\"inLanguage\":\"fi\"},{\"@type\":\"Organization\",\"@id\":\"https:\/\/valika.eu\/fi\/#organization\",\"name\":\"Salongitoode O\u00dc\",\"alternateName\":\"Valika\",\"url\":\"https:\/\/valika.eu\/fi\/\",\"logo\":{\"@type\":\"ImageObject\",\"inLanguage\":\"fi\",\"@id\":\"https:\/\/valika.eu\/fi\/#\/schema\/logo\/image\/\",\"url\":\"https:\/\/valika.eu\/wp-content\/uploads\/2023\/11\/logo2-valika-footer.png\",\"contentUrl\":\"https:\/\/valika.eu\/wp-content\/uploads\/2023\/11\/logo2-valika-footer.png\",\"width\":200,\"height\":129,\"caption\":\"Salongitoode O\u00dc\"},\"image\":{\"@id\":\"https:\/\/valika.eu\/fi\/#\/schema\/logo\/image\/\"},\"sameAs\":[\"https:\/\/www.facebook.com\/tipsi.net\"]}]}<\/script>\n<!-- \/ Yoast SEO plugin. -->","yoast_head_json":{"title":"CLARESA Kermainen huuli\u00f6ljy Creamy Lip Oil LA LA LOVE 03 Bride to Be 7g | Valika","robots":{"index":"index","follow":"follow","max-snippet":"max-snippet:-1","max-image-preview":"max-image-preview:large","max-video-preview":"max-video-preview:-1"},"canonical":"https:\/\/valika.eu\/fi\/toode\/claresa-kreemjas-huuleoli-creamy-lip-oil-la-la-love-03-bride-to-be-7g\/","og_locale":"fi_FI","og_type":"article","og_title":"CLARESA Kermainen huuli\u00f6ljy Creamy Lip Oil LA LA LOVE 03 Bride to Be 7g | Valika","og_description":"Huulikiilto, joka samanaikaisesti pehment\u00e4\u00e4 huuliasi? Huuli\u00f6ljy, jolla on kermainen koostumus, joka ei valu? Huulivoide, joka antaa luonnollisen, peitt\u00e4v\u00e4n v\u00e4rin ja","og_url":"https:\/\/valika.eu\/fi\/toode\/claresa-kreemjas-huuleoli-creamy-lip-oil-la-la-love-03-bride-to-be-7g\/","og_site_name":"Valika","article_publisher":"https:\/\/www.facebook.com\/tipsi.net","article_modified_time":"2025-07-02T02:01:16+00:00","og_image":[{"width":1500,"height":1500,"url":"https:\/\/valika.eu\/wp-content\/uploads\/2025\/01\/14922.png","type":"image\/png"}],"twitter_card":"summary_large_image","schema":{"@context":"https:\/\/schema.org","@graph":[{"@type":"WebPage","@id":"https:\/\/valika.eu\/fi\/toode\/claresa-kreemjas-huuleoli-creamy-lip-oil-la-la-love-03-bride-to-be-7g\/","url":"https:\/\/valika.eu\/fi\/toode\/claresa-kreemjas-huuleoli-creamy-lip-oil-la-la-love-03-bride-to-be-7g\/","name":"CLARESA Kermainen huuli\u00f6ljy Creamy Lip Oil LA LA LOVE 03 Bride to Be 7g | Valika","isPartOf":{"@id":"https:\/\/valika.eu\/fi\/#website"},"primaryImageOfPage":{"@id":"https:\/\/valika.eu\/fi\/toode\/claresa-kreemjas-huuleoli-creamy-lip-oil-la-la-love-03-bride-to-be-7g\/#primaryimage"},"image":{"@id":"https:\/\/valika.eu\/toode\/claresa-kreemjas-huuleoli-creamy-lip-oil-la-la-love-03-bride-to-be-7g\/#primaryimage"},"thumbnailUrl":"https:\/\/valika.eu\/wp-content\/uploads\/2025\/01\/14922.png","datePublished":"2025-01-09T05:52:49+00:00","dateModified":"2025-07-02T02:01:16+00:00","breadcrumb":{"@id":"https:\/\/valika.eu\/fi\/toode\/claresa-kreemjas-huuleoli-creamy-lip-oil-la-la-love-03-bride-to-be-7g\/#breadcrumb"},"inLanguage":"fi","potentialAction":[{"@type":"ReadAction","target":[["https:\/\/valika.eu\/fi\/toode\/claresa-kreemjas-huuleoli-creamy-lip-oil-la-la-love-03-bride-to-be-7g\/"]]}]},{"@type":"ImageObject","inLanguage":"fi","@id":"https:\/\/valika.eu\/fi\/toode\/claresa-kreemjas-huuleoli-creamy-lip-oil-la-la-love-03-bride-to-be-7g\/#primaryimage","url":"https:\/\/valika.eu\/wp-content\/uploads\/2025\/01\/14922.png","contentUrl":"https:\/\/valika.eu\/wp-content\/uploads\/2025\/01\/14922.png","width":1500,"height":1500},{"@type":"BreadcrumbList","@id":"https:\/\/valika.eu\/fi\/toode\/claresa-kreemjas-huuleoli-creamy-lip-oil-la-la-love-03-bride-to-be-7g\/#breadcrumb","itemListElement":[{"@type":"ListItem","position":1,"name":"Koti","item":"https:\/\/valika.eu\/fi\/"},{"@type":"ListItem","position":2,"name":"Shop","item":"https:\/\/valika.eu\/fi\/"},{"@type":"ListItem","position":3,"name":"CLARESA Creamy Lip Oil LA LA LOVE 03 Bride to Be 7g"}]},{"@type":"WebSite","@id":"https:\/\/valika.eu\/fi\/#website","url":"https:\/\/valika.eu\/fi\/","name":"Valika.eu","description":"Salonkituotteet ja kauneudenhoitotuotteet - Valika tarjoaa laajan valikoiman tuotteita ja tarvikkeita kynsiteknikoille, kauneushoitoloille, kampaamoille ja kampaamoille.","publisher":{"@id":"https:\/\/valika.eu\/fi\/#organization"},"alternateName":"Valika","potentialAction":[{"@type":"SearchAction","target":{"@type":"EntryPoint","urlTemplate":"https:\/\/valika.eu\/fi\/?s={search_term_string}"},"query-input":{"@type":"PropertyValueSpecification","valueRequired":true,"valueName":"search_term_string"}}],"inLanguage":"fi"},{"@type":"Organization","@id":"https:\/\/valika.eu\/fi\/#organization","name":"Salongitoode O\u00dc","alternateName":"Valika","url":"https:\/\/valika.eu\/fi\/","logo":{"@type":"ImageObject","inLanguage":"fi","@id":"https:\/\/valika.eu\/fi\/#\/schema\/logo\/image\/","url":"https:\/\/valika.eu\/wp-content\/uploads\/2023\/11\/logo2-valika-footer.png","contentUrl":"https:\/\/valika.eu\/wp-content\/uploads\/2023\/11\/logo2-valika-footer.png","width":200,"height":129,"caption":"Salongitoode O\u00dc"},"image":{"@id":"https:\/\/valika.eu\/fi\/#\/schema\/logo\/image\/"},"sameAs":["https:\/\/www.facebook.com\/tipsi.net"]}]}},"jetpack_sharing_enabled":true,"_links":{"self":[{"href":"https:\/\/valika.eu\/fi\/wp-json\/wp\/v2\/product\/12369","targetHints":{"allow":["GET"]}}],"collection":[{"href":"https:\/\/valika.eu\/fi\/wp-json\/wp\/v2\/product"}],"about":[{"href":"https:\/\/valika.eu\/fi\/wp-json\/wp\/v2\/types\/product"}],"wp:featuredmedia":[{"embeddable":true,"href":"https:\/\/valika.eu\/fi\/wp-json\/wp\/v2\/media\/12368"}],"wp:attachment":[{"href":"https:\/\/valika.eu\/fi\/wp-json\/wp\/v2\/media?parent=12369"}],"wp:term":[{"taxonomy":"product_brand","embeddable":true,"href":"https:\/\/valika.eu\/fi\/wp-json\/wp\/v2\/product_brand?post=12369"},{"taxonomy":"product_cat","embeddable":true,"href":"https:\/\/valika.eu\/fi\/wp-json\/wp\/v2\/product_cat?post=12369"},{"taxonomy":"product_tag","embeddable":true,"href":"https:\/\/valika.eu\/fi\/wp-json\/wp\/v2\/product_tag?post=12369"}],"curies":[{"name":"wp","href":"https:\/\/api.w.org\/{rel}","templated":true}]}}