{"id":12422,"date":"2025-01-09T07:55:23","date_gmt":"2025-01-09T05:55:23","guid":{"rendered":"https:\/\/valika.eu\/toode\/claresa-niisutav-huulepulk-beauty-cutie-01-bonny\/"},"modified":"2025-07-02T05:01:15","modified_gmt":"2025-07-02T02:01:15","slug":"claresa-niisutav-huulepulk-beauty-cutie-01-bonny","status":"publish","type":"product","link":"https:\/\/valika.eu\/fi\/toode\/claresa-niisutav-huulepulk-beauty-cutie-01-bonny\/","title":{"rendered":"Claresa kosteuttava huulipuna BEAUTY CUTIE 01 BONNY"},"content":{"rendered":"<p>**BEAUTY CUTIE**<\/p>\n<p>**Kosteuttava Huulipuna**<\/p>\n<p>Koe BEAUTY CUTIE -huulipunan innovatiivisen, kosteuttavan koostumuksen voima! Se on t\u00e4ynn\u00e4 aktiivisia ainesosia, jotka tekev\u00e4t huulipunasta paitsi kauniin n\u00e4k\u00f6isen, my\u00f6s t\u00e4ydellisen p\u00e4ivitt\u00e4iseen huultenhoitoon. Samettinen, mukava koostumus ja intensiivisesti peitt\u00e4v\u00e4 formula mahdollistavat uskomattoman pitk\u00e4kestoisen vaikutuksen ja v\u00e4rin syvyyden vain yhdell\u00e4 vedolla. Rakastu ainutlaatuiseen karamellin tuoksuun, joka ymp\u00e4r\u00f6i huulesi. Varoitus! T\u00e4m\u00e4 huulipuna on koukuttava!<\/p>\n<p>**HAUSKA FAKTA**<\/p>\n<p>Koostumus on t\u00e4ynn\u00e4 risiini\u00f6ljy\u00e4, kaakaonsiemenvoita ja karnaubavahaa, joilla on pehment\u00e4v\u00e4 ja silottava vaikutus huuliin, v\u00e4hent\u00e4en hienojen juonteiden n\u00e4kyvyytt\u00e4. Ne luovat suojaavan kerroksen, joka est\u00e4\u00e4 liiallista veden haihtumista ja huulten kuivumista, varmistaen oikean kosteutuksen. Mehil\u00e4isvaha ja avokado\u00f6ljy koostumuksessa antavat lis\u00e4ksi luonnollista kiiltoa ja niill\u00e4 on uudistava vaikutus huulten herk\u00e4lle iholle.<\/p>\n<p>**K\u00c4YTT\u00d6**<\/p>\n<p>Levit\u00e4 huulipuna huulillesi keskelt\u00e4 kohti kulmia.<\/p>\n<p>**MEIKKITAITEILIJAN VINKKI**<\/p>\n<p>Haluatko pident\u00e4\u00e4 huulipunasi kestoa? Levit\u00e4 se huulillesi ja paina ylim\u00e4\u00e4r\u00e4inen pois paperilla. Levit\u00e4 huulipuna uudelleen ja nauti t\u00e4ydellisest\u00e4 meikkilookista pitk\u00e4\u00e4n.<\/p>\n<p>Haluatko huultesi n\u00e4ytt\u00e4v\u00e4n luonnollisilta mutta viel\u00e4 kauniimmilta? Taputtele huulipunaa sormellasi keskelt\u00e4 kohti kulmia. T\u00e4m\u00e4 kikka takaa sinulle trendikk\u00e4\u00e4n hieman sumean huuliefektin.<\/p>\n<p>Katso t\u00e4m\u00e4 julkaisu Instagramissa.<\/p>\n<p>Julkaisu, jonka jakoi Claresa (@claresanails)<\/p>","protected":false},"excerpt":{"rendered":"<p>**BEAUTY CUTIE** **Kosteuttava Huulipuna** Koe BEAUTY CUTIE -huulipunan innovatiivisen, kosteuttavan koostumuksen voima! Se on t\u00e4ynn\u00e4 aktiivisia ainesosia, jotka tekev\u00e4t huulipunasta<\/p>\n","protected":false},"featured_media":12421,"template":"","meta":[],"product_brand":[],"product_cat":[700],"product_tag":[],"class_list":{"0":"post-12422","1":"product","2":"type-product","3":"status-publish","4":"has-post-thumbnail","6":"product_cat-lipsticks","8":"first","9":"instock","10":"taxable","11":"shipping-taxable","12":"purchasable","13":"product-type-simple"},"yoast_head":"<!-- This site is optimized with the Yoast SEO plugin v24.4 - https:\/\/yoast.com\/wordpress\/plugins\/seo\/ -->\n<title>Claresa kosteuttava huulipuna BEAUTY CUTIE 01 BONNY | Valika<\/title>\n<meta name=\"robots\" content=\"index, follow, max-snippet:-1, max-image-preview:large, max-video-preview:-1\" \/>\n<link rel=\"canonical\" href=\"https:\/\/valika.eu\/fi\/toode\/claresa-niisutav-huulepulk-beauty-cutie-01-bonny\/\" \/>\n<meta property=\"og:locale\" content=\"fi_FI\" \/>\n<meta property=\"og:type\" content=\"article\" \/>\n<meta property=\"og:title\" content=\"Claresa kosteuttava huulipuna BEAUTY CUTIE 01 BONNY | Valika\" \/>\n<meta property=\"og:description\" content=\"**BEAUTY CUTIE** **Kosteuttava Huulipuna** Koe BEAUTY CUTIE -huulipunan innovatiivisen, kosteuttavan koostumuksen voima! Se on t\u00e4ynn\u00e4 aktiivisia ainesosia, jotka tekev\u00e4t huulipunasta\" \/>\n<meta property=\"og:url\" content=\"https:\/\/valika.eu\/fi\/toode\/claresa-niisutav-huulepulk-beauty-cutie-01-bonny\/\" \/>\n<meta property=\"og:site_name\" content=\"Valika\" \/>\n<meta property=\"article:publisher\" content=\"https:\/\/www.facebook.com\/tipsi.net\" \/>\n<meta property=\"article:modified_time\" content=\"2025-07-02T02:01:15+00:00\" \/>\n<meta property=\"og:image\" content=\"https:\/\/valika.eu\/wp-content\/uploads\/2025\/01\/3614.jpg\" \/>\n\t<meta property=\"og:image:width\" content=\"1500\" \/>\n\t<meta property=\"og:image:height\" content=\"1500\" \/>\n\t<meta property=\"og:image:type\" content=\"image\/jpeg\" \/>\n<meta name=\"twitter:card\" content=\"summary_large_image\" \/>\n<script type=\"application\/ld+json\" class=\"yoast-schema-graph\">{\"@context\":\"https:\/\/schema.org\",\"@graph\":[{\"@type\":\"WebPage\",\"@id\":\"https:\/\/valika.eu\/fi\/toode\/claresa-niisutav-huulepulk-beauty-cutie-01-bonny\/\",\"url\":\"https:\/\/valika.eu\/fi\/toode\/claresa-niisutav-huulepulk-beauty-cutie-01-bonny\/\",\"name\":\"Claresa kosteuttava huulipuna BEAUTY CUTIE 01 BONNY | Valika\",\"isPartOf\":{\"@id\":\"https:\/\/valika.eu\/fi\/#website\"},\"primaryImageOfPage\":{\"@id\":\"https:\/\/valika.eu\/fi\/toode\/claresa-niisutav-huulepulk-beauty-cutie-01-bonny\/#primaryimage\"},\"image\":{\"@id\":\"https:\/\/valika.eu\/toode\/claresa-niisutav-huulepulk-beauty-cutie-01-bonny\/#primaryimage\"},\"thumbnailUrl\":\"https:\/\/valika.eu\/wp-content\/uploads\/2025\/01\/3614.jpg\",\"datePublished\":\"2025-01-09T05:55:23+00:00\",\"dateModified\":\"2025-07-02T02:01:15+00:00\",\"breadcrumb\":{\"@id\":\"https:\/\/valika.eu\/fi\/toode\/claresa-niisutav-huulepulk-beauty-cutie-01-bonny\/#breadcrumb\"},\"inLanguage\":\"fi\",\"potentialAction\":[{\"@type\":\"ReadAction\",\"target\":[[\"https:\/\/valika.eu\/fi\/toode\/claresa-niisutav-huulepulk-beauty-cutie-01-bonny\/\"]]}]},{\"@type\":\"ImageObject\",\"inLanguage\":\"fi\",\"@id\":\"https:\/\/valika.eu\/fi\/toode\/claresa-niisutav-huulepulk-beauty-cutie-01-bonny\/#primaryimage\",\"url\":\"https:\/\/valika.eu\/wp-content\/uploads\/2025\/01\/3614.jpg\",\"contentUrl\":\"https:\/\/valika.eu\/wp-content\/uploads\/2025\/01\/3614.jpg\",\"width\":1500,\"height\":1500},{\"@type\":\"BreadcrumbList\",\"@id\":\"https:\/\/valika.eu\/fi\/toode\/claresa-niisutav-huulepulk-beauty-cutie-01-bonny\/#breadcrumb\",\"itemListElement\":[{\"@type\":\"ListItem\",\"position\":1,\"name\":\"Koti\",\"item\":\"https:\/\/valika.eu\/fi\/\"},{\"@type\":\"ListItem\",\"position\":2,\"name\":\"Shop\",\"item\":\"https:\/\/valika.eu\/fi\/\"},{\"@type\":\"ListItem\",\"position\":3,\"name\":\"Claresa moisturizing lipstick BEAUTY CUTIE 01 BONNY\"}]},{\"@type\":\"WebSite\",\"@id\":\"https:\/\/valika.eu\/fi\/#website\",\"url\":\"https:\/\/valika.eu\/fi\/\",\"name\":\"Valika.eu\",\"description\":\"Salonkituotteet ja kauneudenhoitotuotteet - Valika tarjoaa laajan valikoiman tuotteita ja tarvikkeita kynsiteknikoille, kauneushoitoloille, kampaamoille ja kampaamoille.\",\"publisher\":{\"@id\":\"https:\/\/valika.eu\/fi\/#organization\"},\"alternateName\":\"Valika\",\"potentialAction\":[{\"@type\":\"SearchAction\",\"target\":{\"@type\":\"EntryPoint\",\"urlTemplate\":\"https:\/\/valika.eu\/fi\/?s={search_term_string}\"},\"query-input\":{\"@type\":\"PropertyValueSpecification\",\"valueRequired\":true,\"valueName\":\"search_term_string\"}}],\"inLanguage\":\"fi\"},{\"@type\":\"Organization\",\"@id\":\"https:\/\/valika.eu\/fi\/#organization\",\"name\":\"Salongitoode O\u00dc\",\"alternateName\":\"Valika\",\"url\":\"https:\/\/valika.eu\/fi\/\",\"logo\":{\"@type\":\"ImageObject\",\"inLanguage\":\"fi\",\"@id\":\"https:\/\/valika.eu\/fi\/#\/schema\/logo\/image\/\",\"url\":\"https:\/\/valika.eu\/wp-content\/uploads\/2023\/11\/logo2-valika-footer.png\",\"contentUrl\":\"https:\/\/valika.eu\/wp-content\/uploads\/2023\/11\/logo2-valika-footer.png\",\"width\":200,\"height\":129,\"caption\":\"Salongitoode O\u00dc\"},\"image\":{\"@id\":\"https:\/\/valika.eu\/fi\/#\/schema\/logo\/image\/\"},\"sameAs\":[\"https:\/\/www.facebook.com\/tipsi.net\"]}]}<\/script>\n<!-- \/ Yoast SEO plugin. -->","yoast_head_json":{"title":"Claresa kosteuttava huulipuna BEAUTY CUTIE 01 BONNY | Valika","robots":{"index":"index","follow":"follow","max-snippet":"max-snippet:-1","max-image-preview":"max-image-preview:large","max-video-preview":"max-video-preview:-1"},"canonical":"https:\/\/valika.eu\/fi\/toode\/claresa-niisutav-huulepulk-beauty-cutie-01-bonny\/","og_locale":"fi_FI","og_type":"article","og_title":"Claresa kosteuttava huulipuna BEAUTY CUTIE 01 BONNY | Valika","og_description":"**BEAUTY CUTIE** **Kosteuttava Huulipuna** Koe BEAUTY CUTIE -huulipunan innovatiivisen, kosteuttavan koostumuksen voima! Se on t\u00e4ynn\u00e4 aktiivisia ainesosia, jotka tekev\u00e4t huulipunasta","og_url":"https:\/\/valika.eu\/fi\/toode\/claresa-niisutav-huulepulk-beauty-cutie-01-bonny\/","og_site_name":"Valika","article_publisher":"https:\/\/www.facebook.com\/tipsi.net","article_modified_time":"2025-07-02T02:01:15+00:00","og_image":[{"width":1500,"height":1500,"url":"https:\/\/valika.eu\/wp-content\/uploads\/2025\/01\/3614.jpg","type":"image\/jpeg"}],"twitter_card":"summary_large_image","schema":{"@context":"https:\/\/schema.org","@graph":[{"@type":"WebPage","@id":"https:\/\/valika.eu\/fi\/toode\/claresa-niisutav-huulepulk-beauty-cutie-01-bonny\/","url":"https:\/\/valika.eu\/fi\/toode\/claresa-niisutav-huulepulk-beauty-cutie-01-bonny\/","name":"Claresa kosteuttava huulipuna BEAUTY CUTIE 01 BONNY | Valika","isPartOf":{"@id":"https:\/\/valika.eu\/fi\/#website"},"primaryImageOfPage":{"@id":"https:\/\/valika.eu\/fi\/toode\/claresa-niisutav-huulepulk-beauty-cutie-01-bonny\/#primaryimage"},"image":{"@id":"https:\/\/valika.eu\/toode\/claresa-niisutav-huulepulk-beauty-cutie-01-bonny\/#primaryimage"},"thumbnailUrl":"https:\/\/valika.eu\/wp-content\/uploads\/2025\/01\/3614.jpg","datePublished":"2025-01-09T05:55:23+00:00","dateModified":"2025-07-02T02:01:15+00:00","breadcrumb":{"@id":"https:\/\/valika.eu\/fi\/toode\/claresa-niisutav-huulepulk-beauty-cutie-01-bonny\/#breadcrumb"},"inLanguage":"fi","potentialAction":[{"@type":"ReadAction","target":[["https:\/\/valika.eu\/fi\/toode\/claresa-niisutav-huulepulk-beauty-cutie-01-bonny\/"]]}]},{"@type":"ImageObject","inLanguage":"fi","@id":"https:\/\/valika.eu\/fi\/toode\/claresa-niisutav-huulepulk-beauty-cutie-01-bonny\/#primaryimage","url":"https:\/\/valika.eu\/wp-content\/uploads\/2025\/01\/3614.jpg","contentUrl":"https:\/\/valika.eu\/wp-content\/uploads\/2025\/01\/3614.jpg","width":1500,"height":1500},{"@type":"BreadcrumbList","@id":"https:\/\/valika.eu\/fi\/toode\/claresa-niisutav-huulepulk-beauty-cutie-01-bonny\/#breadcrumb","itemListElement":[{"@type":"ListItem","position":1,"name":"Koti","item":"https:\/\/valika.eu\/fi\/"},{"@type":"ListItem","position":2,"name":"Shop","item":"https:\/\/valika.eu\/fi\/"},{"@type":"ListItem","position":3,"name":"Claresa moisturizing lipstick BEAUTY CUTIE 01 BONNY"}]},{"@type":"WebSite","@id":"https:\/\/valika.eu\/fi\/#website","url":"https:\/\/valika.eu\/fi\/","name":"Valika.eu","description":"Salonkituotteet ja kauneudenhoitotuotteet - Valika tarjoaa laajan valikoiman tuotteita ja tarvikkeita kynsiteknikoille, kauneushoitoloille, kampaamoille ja kampaamoille.","publisher":{"@id":"https:\/\/valika.eu\/fi\/#organization"},"alternateName":"Valika","potentialAction":[{"@type":"SearchAction","target":{"@type":"EntryPoint","urlTemplate":"https:\/\/valika.eu\/fi\/?s={search_term_string}"},"query-input":{"@type":"PropertyValueSpecification","valueRequired":true,"valueName":"search_term_string"}}],"inLanguage":"fi"},{"@type":"Organization","@id":"https:\/\/valika.eu\/fi\/#organization","name":"Salongitoode O\u00dc","alternateName":"Valika","url":"https:\/\/valika.eu\/fi\/","logo":{"@type":"ImageObject","inLanguage":"fi","@id":"https:\/\/valika.eu\/fi\/#\/schema\/logo\/image\/","url":"https:\/\/valika.eu\/wp-content\/uploads\/2023\/11\/logo2-valika-footer.png","contentUrl":"https:\/\/valika.eu\/wp-content\/uploads\/2023\/11\/logo2-valika-footer.png","width":200,"height":129,"caption":"Salongitoode O\u00dc"},"image":{"@id":"https:\/\/valika.eu\/fi\/#\/schema\/logo\/image\/"},"sameAs":["https:\/\/www.facebook.com\/tipsi.net"]}]}},"jetpack_sharing_enabled":true,"_links":{"self":[{"href":"https:\/\/valika.eu\/fi\/wp-json\/wp\/v2\/product\/12422","targetHints":{"allow":["GET"]}}],"collection":[{"href":"https:\/\/valika.eu\/fi\/wp-json\/wp\/v2\/product"}],"about":[{"href":"https:\/\/valika.eu\/fi\/wp-json\/wp\/v2\/types\/product"}],"wp:featuredmedia":[{"embeddable":true,"href":"https:\/\/valika.eu\/fi\/wp-json\/wp\/v2\/media\/12421"}],"wp:attachment":[{"href":"https:\/\/valika.eu\/fi\/wp-json\/wp\/v2\/media?parent=12422"}],"wp:term":[{"taxonomy":"product_brand","embeddable":true,"href":"https:\/\/valika.eu\/fi\/wp-json\/wp\/v2\/product_brand?post=12422"},{"taxonomy":"product_cat","embeddable":true,"href":"https:\/\/valika.eu\/fi\/wp-json\/wp\/v2\/product_cat?post=12422"},{"taxonomy":"product_tag","embeddable":true,"href":"https:\/\/valika.eu\/fi\/wp-json\/wp\/v2\/product_tag?post=12422"}],"curies":[{"name":"wp","href":"https:\/\/api.w.org\/{rel}","templated":true}]}}