{"id":12429,"date":"2025-01-09T07:55:32","date_gmt":"2025-01-09T05:55:32","guid":{"rendered":"https:\/\/valika.eu\/toode\/claresa-matt-huulepulk-sassy-yet-classy-11-luscious\/"},"modified":"2025-12-12T10:34:45","modified_gmt":"2025-12-12T08:34:45","slug":"claresa-matt-huulepulk-sassy-yet-classy-11-luscious","status":"publish","type":"product","link":"https:\/\/valika.eu\/fi\/toode\/claresa-matt-huulepulk-sassy-yet-classy-11-luscious\/","title":{"rendered":"Claresa mattahuulipuna SASSY YET CLASSY 11 LUSCIOUS"},"content":{"rendered":"<p>**SASSY YET CLASSY**<\/p>\n<p>**Matta Huulipuna**<\/p>\n<p>L\u00f6yd\u00e4 uusi ulottuvuus matta huulipunasta **SASSY YET CLASSY** -tuotteella! Jos olet kyll\u00e4stynyt kuiviin huuliin, mutta rakastat matta meikkipintaa etk\u00e4 halua tinki\u00e4 siit\u00e4, t\u00e4m\u00e4 on t\u00e4ydellinen tuote juuri sinulle! Innovatiivinen koostumus on t\u00e4ynn\u00e4 aktiivisia ainesosia, jotka takaavat p\u00e4ivitt\u00e4isen hoidon ja kosteutuksen huulillesi. Vahva pigmentti ja kermainen, mukava koostumus tarjoavat pitk\u00e4kestoisen ja intensiivisen meikkiefektin jo ensimm\u00e4isest\u00e4 levityksest\u00e4 l\u00e4htien. Karamellin tuoksu saa sinut tarttumaan huulipunaan useammin kuin tarvitsetkaan.<\/p>\n<p>**HAUSKA FAKTA**<\/p>\n<p>Koostumus on rikas karnaubavahassa ja kaakaonsiemenvoissa, joilla on pehment\u00e4vi\u00e4 ja silottavia vaikutuksia huulille, v\u00e4hent\u00e4en hienojen juonteiden n\u00e4kyvyytt\u00e4. Ne luovat suojaavan kerroksen, joka est\u00e4\u00e4 liiallista veden haihtumista ja huulten kuivumista, varmistaen oikean kosteutuksen. Mukana oleva C-vitamiini on antioksidantti, joka hidastaa ulkoisten tekij\u00f6iden aiheuttamia ihon ik\u00e4\u00e4ntymisprosesseja, omaa tulehdusta ehk\u00e4isevi\u00e4 ominaisuuksia ja tarjoaa suojaa UVA- ja UVB-s\u00e4teilylt\u00e4. Matta meikkipinta saavutetaan valkosavella, joka imee kosteutta, mattapintaa, silottaa ja omaa rauhoittavia ja tulehdusta ehk\u00e4isevi\u00e4 vaikutuksia.<\/p>\n<p>**LEVITYS**<\/p>\n<p>Levit\u00e4 huulipuna huulillesi keskelt\u00e4 kohti kulmia.<\/p>\n<p>**MEIKKITAITEILIJAN VINKKI**<\/p>\n<p>Haluatko suurentaa huuliasi visuaalisesti? Rajaa huulesi huultenrajauskyn\u00e4ll\u00e4 juuri niiden luonnollisen \u00e4\u00e4riviivan yl\u00e4puolelta, ja t\u00e4yt\u00e4 ne sitten levitt\u00e4m\u00e4ll\u00e4 huulipuna siveltimell\u00e4 tai suoraan puikolla.<\/p>\n<p>Haluatko lis\u00e4t\u00e4 huulipunan kestoa? Levit\u00e4 se huulillesi ja paina ylim\u00e4\u00e4r\u00e4inen pois paperilla. Levit\u00e4 huulipuna uudelleen ja nauti t\u00e4ydellisest\u00e4 meikkilookista pitk\u00e4\u00e4n.<\/p>","protected":false},"excerpt":{"rendered":"<p>**SASSY YET CLASSY** **Matta Huulipuna** L\u00f6yd\u00e4 uusi ulottuvuus matta huulipunasta **SASSY YET CLASSY** -tuotteella! Jos olet kyll\u00e4stynyt kuiviin huuliin, mutta<\/p>\n","protected":false},"featured_media":12428,"template":"","meta":[],"product_brand":[],"product_cat":[700],"product_tag":[],"class_list":{"0":"post-12429","1":"product","2":"type-product","3":"status-publish","4":"has-post-thumbnail","6":"product_cat-lipsticks","8":"first","9":"instock","10":"taxable","11":"shipping-taxable","12":"purchasable","13":"product-type-simple"},"yoast_head":"<!-- This site is optimized with the Yoast SEO plugin v24.4 - https:\/\/yoast.com\/wordpress\/plugins\/seo\/ -->\n<title>Claresa mattahuulipuna SASSY YET CLASSY 11 LUSCIOUS | Valika<\/title>\n<meta name=\"robots\" content=\"index, follow, max-snippet:-1, max-image-preview:large, max-video-preview:-1\" \/>\n<link rel=\"canonical\" href=\"https:\/\/valika.eu\/fi\/toode\/claresa-matt-huulepulk-sassy-yet-classy-11-luscious\/\" \/>\n<meta property=\"og:locale\" content=\"fi_FI\" \/>\n<meta property=\"og:type\" content=\"article\" \/>\n<meta property=\"og:title\" content=\"Claresa mattahuulipuna SASSY YET CLASSY 11 LUSCIOUS | Valika\" \/>\n<meta property=\"og:description\" content=\"**SASSY YET CLASSY** **Matta Huulipuna** L\u00f6yd\u00e4 uusi ulottuvuus matta huulipunasta **SASSY YET CLASSY** -tuotteella! Jos olet kyll\u00e4stynyt kuiviin huuliin, mutta\" \/>\n<meta property=\"og:url\" content=\"https:\/\/valika.eu\/fi\/toode\/claresa-matt-huulepulk-sassy-yet-classy-11-luscious\/\" \/>\n<meta property=\"og:site_name\" content=\"Valika\" \/>\n<meta property=\"article:publisher\" content=\"https:\/\/www.facebook.com\/tipsi.net\" \/>\n<meta property=\"article:modified_time\" content=\"2025-12-12T08:34:45+00:00\" \/>\n<meta property=\"og:image\" content=\"https:\/\/valika.eu\/wp-content\/uploads\/2025\/01\/3620.jpg\" \/>\n\t<meta property=\"og:image:width\" content=\"1500\" \/>\n\t<meta property=\"og:image:height\" content=\"1500\" \/>\n\t<meta property=\"og:image:type\" content=\"image\/jpeg\" \/>\n<meta name=\"twitter:card\" content=\"summary_large_image\" \/>\n<script type=\"application\/ld+json\" class=\"yoast-schema-graph\">{\"@context\":\"https:\/\/schema.org\",\"@graph\":[{\"@type\":\"WebPage\",\"@id\":\"https:\/\/valika.eu\/fi\/toode\/claresa-matt-huulepulk-sassy-yet-classy-11-luscious\/\",\"url\":\"https:\/\/valika.eu\/fi\/toode\/claresa-matt-huulepulk-sassy-yet-classy-11-luscious\/\",\"name\":\"Claresa mattahuulipuna SASSY YET CLASSY 11 LUSCIOUS | Valika\",\"isPartOf\":{\"@id\":\"https:\/\/valika.eu\/fi\/#website\"},\"primaryImageOfPage\":{\"@id\":\"https:\/\/valika.eu\/fi\/toode\/claresa-matt-huulepulk-sassy-yet-classy-11-luscious\/#primaryimage\"},\"image\":{\"@id\":\"https:\/\/valika.eu\/toode\/claresa-matt-huulepulk-sassy-yet-classy-11-luscious\/#primaryimage\"},\"thumbnailUrl\":\"https:\/\/valika.eu\/wp-content\/uploads\/2025\/01\/3620.jpg\",\"datePublished\":\"2025-01-09T05:55:32+00:00\",\"dateModified\":\"2025-12-12T08:34:45+00:00\",\"breadcrumb\":{\"@id\":\"https:\/\/valika.eu\/fi\/toode\/claresa-matt-huulepulk-sassy-yet-classy-11-luscious\/#breadcrumb\"},\"inLanguage\":\"fi\",\"potentialAction\":[{\"@type\":\"ReadAction\",\"target\":[[\"https:\/\/valika.eu\/fi\/toode\/claresa-matt-huulepulk-sassy-yet-classy-11-luscious\/\"]]}]},{\"@type\":\"ImageObject\",\"inLanguage\":\"fi\",\"@id\":\"https:\/\/valika.eu\/fi\/toode\/claresa-matt-huulepulk-sassy-yet-classy-11-luscious\/#primaryimage\",\"url\":\"https:\/\/valika.eu\/wp-content\/uploads\/2025\/01\/3620.jpg\",\"contentUrl\":\"https:\/\/valika.eu\/wp-content\/uploads\/2025\/01\/3620.jpg\",\"width\":1500,\"height\":1500},{\"@type\":\"BreadcrumbList\",\"@id\":\"https:\/\/valika.eu\/fi\/toode\/claresa-matt-huulepulk-sassy-yet-classy-11-luscious\/#breadcrumb\",\"itemListElement\":[{\"@type\":\"ListItem\",\"position\":1,\"name\":\"Koti\",\"item\":\"https:\/\/valika.eu\/fi\/\"},{\"@type\":\"ListItem\",\"position\":2,\"name\":\"Shop\",\"item\":\"https:\/\/valika.eu\/fi\/\"},{\"@type\":\"ListItem\",\"position\":3,\"name\":\"Claresa matte lipstick SASSY YET CLASSY 11 LUSCIOUS\"}]},{\"@type\":\"WebSite\",\"@id\":\"https:\/\/valika.eu\/fi\/#website\",\"url\":\"https:\/\/valika.eu\/fi\/\",\"name\":\"Valika.eu\",\"description\":\"Salonkituotteet ja kauneudenhoitotuotteet - Valika tarjoaa laajan valikoiman tuotteita ja tarvikkeita kynsiteknikoille, kauneushoitoloille, kampaamoille ja kampaamoille.\",\"publisher\":{\"@id\":\"https:\/\/valika.eu\/fi\/#organization\"},\"alternateName\":\"Valika\",\"potentialAction\":[{\"@type\":\"SearchAction\",\"target\":{\"@type\":\"EntryPoint\",\"urlTemplate\":\"https:\/\/valika.eu\/fi\/?s={search_term_string}\"},\"query-input\":{\"@type\":\"PropertyValueSpecification\",\"valueRequired\":true,\"valueName\":\"search_term_string\"}}],\"inLanguage\":\"fi\"},{\"@type\":\"Organization\",\"@id\":\"https:\/\/valika.eu\/fi\/#organization\",\"name\":\"Salongitoode O\u00dc\",\"alternateName\":\"Valika\",\"url\":\"https:\/\/valika.eu\/fi\/\",\"logo\":{\"@type\":\"ImageObject\",\"inLanguage\":\"fi\",\"@id\":\"https:\/\/valika.eu\/fi\/#\/schema\/logo\/image\/\",\"url\":\"https:\/\/valika.eu\/wp-content\/uploads\/2023\/11\/logo2-valika-footer.png\",\"contentUrl\":\"https:\/\/valika.eu\/wp-content\/uploads\/2023\/11\/logo2-valika-footer.png\",\"width\":200,\"height\":129,\"caption\":\"Salongitoode O\u00dc\"},\"image\":{\"@id\":\"https:\/\/valika.eu\/fi\/#\/schema\/logo\/image\/\"},\"sameAs\":[\"https:\/\/www.facebook.com\/tipsi.net\"]}]}<\/script>\n<!-- \/ Yoast SEO plugin. -->","yoast_head_json":{"title":"Claresa mattahuulipuna SASSY YET CLASSY 11 LUSCIOUS | Valika","robots":{"index":"index","follow":"follow","max-snippet":"max-snippet:-1","max-image-preview":"max-image-preview:large","max-video-preview":"max-video-preview:-1"},"canonical":"https:\/\/valika.eu\/fi\/toode\/claresa-matt-huulepulk-sassy-yet-classy-11-luscious\/","og_locale":"fi_FI","og_type":"article","og_title":"Claresa mattahuulipuna SASSY YET CLASSY 11 LUSCIOUS | Valika","og_description":"**SASSY YET CLASSY** **Matta Huulipuna** L\u00f6yd\u00e4 uusi ulottuvuus matta huulipunasta **SASSY YET CLASSY** -tuotteella! Jos olet kyll\u00e4stynyt kuiviin huuliin, mutta","og_url":"https:\/\/valika.eu\/fi\/toode\/claresa-matt-huulepulk-sassy-yet-classy-11-luscious\/","og_site_name":"Valika","article_publisher":"https:\/\/www.facebook.com\/tipsi.net","article_modified_time":"2025-12-12T08:34:45+00:00","og_image":[{"width":1500,"height":1500,"url":"https:\/\/valika.eu\/wp-content\/uploads\/2025\/01\/3620.jpg","type":"image\/jpeg"}],"twitter_card":"summary_large_image","schema":{"@context":"https:\/\/schema.org","@graph":[{"@type":"WebPage","@id":"https:\/\/valika.eu\/fi\/toode\/claresa-matt-huulepulk-sassy-yet-classy-11-luscious\/","url":"https:\/\/valika.eu\/fi\/toode\/claresa-matt-huulepulk-sassy-yet-classy-11-luscious\/","name":"Claresa mattahuulipuna SASSY YET CLASSY 11 LUSCIOUS | Valika","isPartOf":{"@id":"https:\/\/valika.eu\/fi\/#website"},"primaryImageOfPage":{"@id":"https:\/\/valika.eu\/fi\/toode\/claresa-matt-huulepulk-sassy-yet-classy-11-luscious\/#primaryimage"},"image":{"@id":"https:\/\/valika.eu\/toode\/claresa-matt-huulepulk-sassy-yet-classy-11-luscious\/#primaryimage"},"thumbnailUrl":"https:\/\/valika.eu\/wp-content\/uploads\/2025\/01\/3620.jpg","datePublished":"2025-01-09T05:55:32+00:00","dateModified":"2025-12-12T08:34:45+00:00","breadcrumb":{"@id":"https:\/\/valika.eu\/fi\/toode\/claresa-matt-huulepulk-sassy-yet-classy-11-luscious\/#breadcrumb"},"inLanguage":"fi","potentialAction":[{"@type":"ReadAction","target":[["https:\/\/valika.eu\/fi\/toode\/claresa-matt-huulepulk-sassy-yet-classy-11-luscious\/"]]}]},{"@type":"ImageObject","inLanguage":"fi","@id":"https:\/\/valika.eu\/fi\/toode\/claresa-matt-huulepulk-sassy-yet-classy-11-luscious\/#primaryimage","url":"https:\/\/valika.eu\/wp-content\/uploads\/2025\/01\/3620.jpg","contentUrl":"https:\/\/valika.eu\/wp-content\/uploads\/2025\/01\/3620.jpg","width":1500,"height":1500},{"@type":"BreadcrumbList","@id":"https:\/\/valika.eu\/fi\/toode\/claresa-matt-huulepulk-sassy-yet-classy-11-luscious\/#breadcrumb","itemListElement":[{"@type":"ListItem","position":1,"name":"Koti","item":"https:\/\/valika.eu\/fi\/"},{"@type":"ListItem","position":2,"name":"Shop","item":"https:\/\/valika.eu\/fi\/"},{"@type":"ListItem","position":3,"name":"Claresa matte lipstick SASSY YET CLASSY 11 LUSCIOUS"}]},{"@type":"WebSite","@id":"https:\/\/valika.eu\/fi\/#website","url":"https:\/\/valika.eu\/fi\/","name":"Valika.eu","description":"Salonkituotteet ja kauneudenhoitotuotteet - Valika tarjoaa laajan valikoiman tuotteita ja tarvikkeita kynsiteknikoille, kauneushoitoloille, kampaamoille ja kampaamoille.","publisher":{"@id":"https:\/\/valika.eu\/fi\/#organization"},"alternateName":"Valika","potentialAction":[{"@type":"SearchAction","target":{"@type":"EntryPoint","urlTemplate":"https:\/\/valika.eu\/fi\/?s={search_term_string}"},"query-input":{"@type":"PropertyValueSpecification","valueRequired":true,"valueName":"search_term_string"}}],"inLanguage":"fi"},{"@type":"Organization","@id":"https:\/\/valika.eu\/fi\/#organization","name":"Salongitoode O\u00dc","alternateName":"Valika","url":"https:\/\/valika.eu\/fi\/","logo":{"@type":"ImageObject","inLanguage":"fi","@id":"https:\/\/valika.eu\/fi\/#\/schema\/logo\/image\/","url":"https:\/\/valika.eu\/wp-content\/uploads\/2023\/11\/logo2-valika-footer.png","contentUrl":"https:\/\/valika.eu\/wp-content\/uploads\/2023\/11\/logo2-valika-footer.png","width":200,"height":129,"caption":"Salongitoode O\u00dc"},"image":{"@id":"https:\/\/valika.eu\/fi\/#\/schema\/logo\/image\/"},"sameAs":["https:\/\/www.facebook.com\/tipsi.net"]}]}},"jetpack_sharing_enabled":true,"_links":{"self":[{"href":"https:\/\/valika.eu\/fi\/wp-json\/wp\/v2\/product\/12429","targetHints":{"allow":["GET"]}}],"collection":[{"href":"https:\/\/valika.eu\/fi\/wp-json\/wp\/v2\/product"}],"about":[{"href":"https:\/\/valika.eu\/fi\/wp-json\/wp\/v2\/types\/product"}],"wp:featuredmedia":[{"embeddable":true,"href":"https:\/\/valika.eu\/fi\/wp-json\/wp\/v2\/media\/12428"}],"wp:attachment":[{"href":"https:\/\/valika.eu\/fi\/wp-json\/wp\/v2\/media?parent=12429"}],"wp:term":[{"taxonomy":"product_brand","embeddable":true,"href":"https:\/\/valika.eu\/fi\/wp-json\/wp\/v2\/product_brand?post=12429"},{"taxonomy":"product_cat","embeddable":true,"href":"https:\/\/valika.eu\/fi\/wp-json\/wp\/v2\/product_cat?post=12429"},{"taxonomy":"product_tag","embeddable":true,"href":"https:\/\/valika.eu\/fi\/wp-json\/wp\/v2\/product_tag?post=12429"}],"curies":[{"name":"wp","href":"https:\/\/api.w.org\/{rel}","templated":true}]}}