{"id":12441,"date":"2025-01-09T07:55:48","date_gmt":"2025-01-09T05:55:48","guid":{"rendered":"https:\/\/valika.eu\/toode\/claresa-matt-huulepulk-sassy-yet-classy-13-saucy\/"},"modified":"2026-04-01T11:44:36","modified_gmt":"2026-04-01T08:44:36","slug":"claresa-matt-huulepulk-sassy-yet-classy-13-saucy","status":"publish","type":"product","link":"https:\/\/valika.eu\/fi\/toode\/claresa-matt-huulepulk-sassy-yet-classy-13-saucy\/","title":{"rendered":"Claresa mattahuulipuna SASSY YET CLASSY 13 SAUCY"},"content":{"rendered":"<p><\/p>\n<p><strong>ROHKEA MUTTA TYYLIK\u00c4S<\/strong><\/p>\n<\/p>\n<p><strong>Matta Huulipuna<\/strong><\/p>\n<p><strong> <\/strong><\/p>\n<p>Tutustu uudenlaiseen matta huulipunaan <strong>ROHKEA MUTTA TYYLIK\u00c4S<\/strong>! Jos olet kyll\u00e4stynyt kuiviin huuliin, mutta rakastat mattaista meikkipintaa etk\u00e4 halua tinki\u00e4 siit\u00e4, t\u00e4m\u00e4 on sinulle t\u00e4ydellinen tuote! Innovatiivinen koostumus on t\u00e4ynn\u00e4 aktiivisia ainesosia, jotka takaavat p\u00e4ivitt\u00e4isen hoidon ja kosteutuksen huulillesi. Vahva pigmentti ja kermainen, mukava koostumus tarjoavat pitk\u00e4kestoisen ja intensiivisen meikkiefektin jo ensimm\u00e4isest\u00e4 levityksest\u00e4 l\u00e4htien. Karamellin tuoksu saa sinut tarttumaan huulipunaan useammin kuin tarvitsetkaan.<\/p>\n<\/p>\n<p><strong>HAUSKA FAKTA<\/strong><\/p>\n<p>Koostumus on t\u00e4ynn\u00e4 carnaubavahaa ja kaakaonsiemenvoita, joilla on pehment\u00e4vi\u00e4 ja silottavia vaikutuksia huulille, v\u00e4hent\u00e4en hienojen juonteiden n\u00e4kyvyytt\u00e4. Ne luovat suojaavan kerroksen, joka est\u00e4\u00e4 liiallista veden haihtumista ja huulten kuivumista, ja ne edist\u00e4v\u00e4t oikeaa kosteutusta. Koostumuksen C-vitamiini on antioksidantti, joka hidastaa ulkoisten tekij\u00f6iden aiheuttamia ihon ik\u00e4\u00e4ntymisprosesseja, sill\u00e4 on tulehdusta ehk\u00e4isevi\u00e4 ominaisuuksia ja se tarjoaa suojaavia vaikutuksia UVA- ja UVB-s\u00e4teily\u00e4 vastaan. Matta lopputulos saavutetaan valkosavella, joka imee kosteutta, mattapintaa, silottaa ja sill\u00e4 on rauhoittavia ja tulehdusta ehk\u00e4isevi\u00e4 ominaisuuksia.<\/p>\n<\/p>\n<p><strong>SOVELLUS<\/strong><\/p>\n<p>Levit\u00e4 huulipuna huulillesi keskelt\u00e4 kohti kulmia.<\/p>\n<\/p>\n<p><strong>MEIKKITAITEILIJAN VINKKI<\/strong><\/p>\n<p>Haluatko suurentaa huuliasi visuaalisesti? Rajaa huulesi huultenrajauskyn\u00e4ll\u00e4 juuri niiden luonnollisen \u00e4\u00e4riviivan yl\u00e4puolelta, ja t\u00e4yt\u00e4 ne sitten levitt\u00e4m\u00e4ll\u00e4 huulipuna siveltimell\u00e4 tai suoraan puikolla.<\/p>\n<p>Haluatko lis\u00e4t\u00e4 huulipunan kestoa? Levit\u00e4 se huulillesi ja paina ylim\u00e4\u00e4r\u00e4inen pois paperilla. Levit\u00e4 huulipuna uudelleen ja nauti t\u00e4ydellisest\u00e4 meikist\u00e4 pitk\u00e4\u00e4n.<\/p>\n<p> <img loading=\"lazy\" decoding=\"async\" src=\"\/userdata\/public\/assets\/\/Claresa-Sassy-Yet-Classy-matowa-pomadka-do-ust.webp\" alt=\"matte-lipstick\" width=\"1200\" height=\"1200\" \/><\/p>\n<blockquote class=\"instagram-media\" style=\"background: #FFF; border: 0; border-radius: 3px; box-shadow: 0 0 1px 0 rgba(0,0,0,0.5),0 1px 10px 0 rgba(0,0,0,0.15); margin: 1px; max-width: 540px; min-width: 326px; padding: 0; width: calc(100% - 2px);\" data-instgrm-permalink=\"https:\/\/www.instagram.com\/p\/CRBjO_UDVD8\/?utm_source=ig_embed&amp;utm_campaign=loading\" data-instgrm-version=\"13\">\n<div style=\"padding: 16px;\">\n<div style=\"display: flex; flex-direction: row; align-items: center;\"> <\/div>\n<div style=\"padding: 19% 0;\"> <\/div>\n<div style=\"display: block; height: 50px; margin: 0 auto 12px; width: 50px;\"> <\/div>\n<div style=\"padding-top: 8px;\">\n<div style=\"color: #3897f0; font-family: Arial,sans-serif; font-size: 14px; font-style: normal; font-weight: 550; line-height: 18px;\">Katso t\u00e4m\u00e4 julkaisu Instagramissa.<\/div>\n<\/p><\/div>\n<p style=\"color: #c9c8cd; font-family: Arial,sans-serif; font-size: 14px; line-height: 17px; margin-bottom: 0; margin-top: 8px; overflow: hidden; padding: 8px 0 7px;","protected":false},"excerpt":{"rendered":"<p>ROHKEA MUTTA TYYLIK\u00c4S Matta Huulipuna Tutustu uudenlaiseen matta huulipunaan ROHKEA MUTTA TYYLIK\u00c4S! Jos olet kyll\u00e4stynyt kuiviin huuliin, mutta rakastat mattaista<\/p>\n","protected":false},"featured_media":12440,"template":"","meta":[],"product_brand":[],"product_cat":[700,734],"product_tag":[],"class_list":{"0":"post-12441","1":"product","2":"type-product","3":"status-publish","4":"has-post-thumbnail","6":"product_cat-lipsticks","7":"product_cat-outlet-2","9":"first","10":"instock","11":"sale","12":"taxable","13":"shipping-taxable","14":"purchasable","15":"product-type-simple"},"yoast_head":"<!-- This site is optimized with the Yoast SEO plugin v24.4 - https:\/\/yoast.com\/wordpress\/plugins\/seo\/ -->\n<title>Claresa mattahuulipuna SASSY YET CLASSY 13 SAUCY | Valika<\/title>\n<meta name=\"robots\" content=\"index, follow, max-snippet:-1, max-image-preview:large, max-video-preview:-1\" \/>\n<link rel=\"canonical\" href=\"https:\/\/valika.eu\/fi\/toode\/claresa-matt-huulepulk-sassy-yet-classy-13-saucy\/\" \/>\n<meta property=\"og:locale\" content=\"fi_FI\" \/>\n<meta property=\"og:type\" content=\"article\" \/>\n<meta property=\"og:title\" content=\"Claresa mattahuulipuna SASSY YET CLASSY 13 SAUCY | Valika\" \/>\n<meta property=\"og:description\" content=\"ROHKEA MUTTA TYYLIK\u00c4S Matta Huulipuna Tutustu uudenlaiseen matta huulipunaan ROHKEA MUTTA TYYLIK\u00c4S! Jos olet kyll\u00e4stynyt kuiviin huuliin, mutta rakastat mattaista\" \/>\n<meta property=\"og:url\" content=\"https:\/\/valika.eu\/fi\/toode\/claresa-matt-huulepulk-sassy-yet-classy-13-saucy\/\" \/>\n<meta property=\"og:site_name\" content=\"Valika\" \/>\n<meta property=\"article:publisher\" content=\"https:\/\/www.facebook.com\/tipsi.net\" \/>\n<meta property=\"article:modified_time\" content=\"2026-04-01T08:44:36+00:00\" \/>\n<meta property=\"og:image\" content=\"https:\/\/valika.eu\/wp-content\/uploads\/2025\/01\/3622.jpg\" \/>\n\t<meta property=\"og:image:width\" content=\"1500\" \/>\n\t<meta property=\"og:image:height\" content=\"1500\" \/>\n\t<meta property=\"og:image:type\" content=\"image\/jpeg\" \/>\n<meta name=\"twitter:card\" content=\"summary_large_image\" \/>\n<script type=\"application\/ld+json\" class=\"yoast-schema-graph\">{\"@context\":\"https:\/\/schema.org\",\"@graph\":[{\"@type\":\"WebPage\",\"@id\":\"https:\/\/valika.eu\/fi\/toode\/claresa-matt-huulepulk-sassy-yet-classy-13-saucy\/\",\"url\":\"https:\/\/valika.eu\/fi\/toode\/claresa-matt-huulepulk-sassy-yet-classy-13-saucy\/\",\"name\":\"Claresa mattahuulipuna SASSY YET CLASSY 13 SAUCY | Valika\",\"isPartOf\":{\"@id\":\"https:\/\/valika.eu\/fi\/#website\"},\"primaryImageOfPage\":{\"@id\":\"https:\/\/valika.eu\/fi\/toode\/claresa-matt-huulepulk-sassy-yet-classy-13-saucy\/#primaryimage\"},\"image\":{\"@id\":\"https:\/\/valika.eu\/toode\/claresa-matt-huulepulk-sassy-yet-classy-13-saucy\/#primaryimage\"},\"thumbnailUrl\":\"https:\/\/valika.eu\/wp-content\/uploads\/2025\/01\/3622.jpg\",\"datePublished\":\"2025-01-09T05:55:48+00:00\",\"dateModified\":\"2026-04-01T08:44:36+00:00\",\"breadcrumb\":{\"@id\":\"https:\/\/valika.eu\/fi\/toode\/claresa-matt-huulepulk-sassy-yet-classy-13-saucy\/#breadcrumb\"},\"inLanguage\":\"fi\",\"potentialAction\":[{\"@type\":\"ReadAction\",\"target\":[[\"https:\/\/valika.eu\/fi\/toode\/claresa-matt-huulepulk-sassy-yet-classy-13-saucy\/\"]]}]},{\"@type\":\"ImageObject\",\"inLanguage\":\"fi\",\"@id\":\"https:\/\/valika.eu\/fi\/toode\/claresa-matt-huulepulk-sassy-yet-classy-13-saucy\/#primaryimage\",\"url\":\"https:\/\/valika.eu\/wp-content\/uploads\/2025\/01\/3622.jpg\",\"contentUrl\":\"https:\/\/valika.eu\/wp-content\/uploads\/2025\/01\/3622.jpg\",\"width\":1500,\"height\":1500},{\"@type\":\"BreadcrumbList\",\"@id\":\"https:\/\/valika.eu\/fi\/toode\/claresa-matt-huulepulk-sassy-yet-classy-13-saucy\/#breadcrumb\",\"itemListElement\":[{\"@type\":\"ListItem\",\"position\":1,\"name\":\"Koti\",\"item\":\"https:\/\/valika.eu\/fi\/\"},{\"@type\":\"ListItem\",\"position\":2,\"name\":\"Shop\",\"item\":\"https:\/\/valika.eu\/fi\/\"},{\"@type\":\"ListItem\",\"position\":3,\"name\":\"Claresa matte lipstick SASSY YET CLASSY 13 SAUCY\"}]},{\"@type\":\"WebSite\",\"@id\":\"https:\/\/valika.eu\/fi\/#website\",\"url\":\"https:\/\/valika.eu\/fi\/\",\"name\":\"Valika.eu\",\"description\":\"Salonkituotteet ja kauneudenhoitotuotteet - Valika tarjoaa laajan valikoiman tuotteita ja tarvikkeita kynsiteknikoille, kauneushoitoloille, kampaamoille ja kampaamoille.\",\"publisher\":{\"@id\":\"https:\/\/valika.eu\/fi\/#organization\"},\"alternateName\":\"Valika\",\"potentialAction\":[{\"@type\":\"SearchAction\",\"target\":{\"@type\":\"EntryPoint\",\"urlTemplate\":\"https:\/\/valika.eu\/fi\/?s={search_term_string}\"},\"query-input\":{\"@type\":\"PropertyValueSpecification\",\"valueRequired\":true,\"valueName\":\"search_term_string\"}}],\"inLanguage\":\"fi\"},{\"@type\":\"Organization\",\"@id\":\"https:\/\/valika.eu\/fi\/#organization\",\"name\":\"Salongitoode O\u00dc\",\"alternateName\":\"Valika\",\"url\":\"https:\/\/valika.eu\/fi\/\",\"logo\":{\"@type\":\"ImageObject\",\"inLanguage\":\"fi\",\"@id\":\"https:\/\/valika.eu\/fi\/#\/schema\/logo\/image\/\",\"url\":\"https:\/\/valika.eu\/wp-content\/uploads\/2023\/11\/logo2-valika-footer.png\",\"contentUrl\":\"https:\/\/valika.eu\/wp-content\/uploads\/2023\/11\/logo2-valika-footer.png\",\"width\":200,\"height\":129,\"caption\":\"Salongitoode O\u00dc\"},\"image\":{\"@id\":\"https:\/\/valika.eu\/fi\/#\/schema\/logo\/image\/\"},\"sameAs\":[\"https:\/\/www.facebook.com\/tipsi.net\"]}]}<\/script>\n<!-- \/ Yoast SEO plugin. -->","yoast_head_json":{"title":"Claresa mattahuulipuna SASSY YET CLASSY 13 SAUCY | Valika","robots":{"index":"index","follow":"follow","max-snippet":"max-snippet:-1","max-image-preview":"max-image-preview:large","max-video-preview":"max-video-preview:-1"},"canonical":"https:\/\/valika.eu\/fi\/toode\/claresa-matt-huulepulk-sassy-yet-classy-13-saucy\/","og_locale":"fi_FI","og_type":"article","og_title":"Claresa mattahuulipuna SASSY YET CLASSY 13 SAUCY | Valika","og_description":"ROHKEA MUTTA TYYLIK\u00c4S Matta Huulipuna Tutustu uudenlaiseen matta huulipunaan ROHKEA MUTTA TYYLIK\u00c4S! Jos olet kyll\u00e4stynyt kuiviin huuliin, mutta rakastat mattaista","og_url":"https:\/\/valika.eu\/fi\/toode\/claresa-matt-huulepulk-sassy-yet-classy-13-saucy\/","og_site_name":"Valika","article_publisher":"https:\/\/www.facebook.com\/tipsi.net","article_modified_time":"2026-04-01T08:44:36+00:00","og_image":[{"width":1500,"height":1500,"url":"https:\/\/valika.eu\/wp-content\/uploads\/2025\/01\/3622.jpg","type":"image\/jpeg"}],"twitter_card":"summary_large_image","schema":{"@context":"https:\/\/schema.org","@graph":[{"@type":"WebPage","@id":"https:\/\/valika.eu\/fi\/toode\/claresa-matt-huulepulk-sassy-yet-classy-13-saucy\/","url":"https:\/\/valika.eu\/fi\/toode\/claresa-matt-huulepulk-sassy-yet-classy-13-saucy\/","name":"Claresa mattahuulipuna SASSY YET CLASSY 13 SAUCY | Valika","isPartOf":{"@id":"https:\/\/valika.eu\/fi\/#website"},"primaryImageOfPage":{"@id":"https:\/\/valika.eu\/fi\/toode\/claresa-matt-huulepulk-sassy-yet-classy-13-saucy\/#primaryimage"},"image":{"@id":"https:\/\/valika.eu\/toode\/claresa-matt-huulepulk-sassy-yet-classy-13-saucy\/#primaryimage"},"thumbnailUrl":"https:\/\/valika.eu\/wp-content\/uploads\/2025\/01\/3622.jpg","datePublished":"2025-01-09T05:55:48+00:00","dateModified":"2026-04-01T08:44:36+00:00","breadcrumb":{"@id":"https:\/\/valika.eu\/fi\/toode\/claresa-matt-huulepulk-sassy-yet-classy-13-saucy\/#breadcrumb"},"inLanguage":"fi","potentialAction":[{"@type":"ReadAction","target":[["https:\/\/valika.eu\/fi\/toode\/claresa-matt-huulepulk-sassy-yet-classy-13-saucy\/"]]}]},{"@type":"ImageObject","inLanguage":"fi","@id":"https:\/\/valika.eu\/fi\/toode\/claresa-matt-huulepulk-sassy-yet-classy-13-saucy\/#primaryimage","url":"https:\/\/valika.eu\/wp-content\/uploads\/2025\/01\/3622.jpg","contentUrl":"https:\/\/valika.eu\/wp-content\/uploads\/2025\/01\/3622.jpg","width":1500,"height":1500},{"@type":"BreadcrumbList","@id":"https:\/\/valika.eu\/fi\/toode\/claresa-matt-huulepulk-sassy-yet-classy-13-saucy\/#breadcrumb","itemListElement":[{"@type":"ListItem","position":1,"name":"Koti","item":"https:\/\/valika.eu\/fi\/"},{"@type":"ListItem","position":2,"name":"Shop","item":"https:\/\/valika.eu\/fi\/"},{"@type":"ListItem","position":3,"name":"Claresa matte lipstick SASSY YET CLASSY 13 SAUCY"}]},{"@type":"WebSite","@id":"https:\/\/valika.eu\/fi\/#website","url":"https:\/\/valika.eu\/fi\/","name":"Valika.eu","description":"Salonkituotteet ja kauneudenhoitotuotteet - Valika tarjoaa laajan valikoiman tuotteita ja tarvikkeita kynsiteknikoille, kauneushoitoloille, kampaamoille ja kampaamoille.","publisher":{"@id":"https:\/\/valika.eu\/fi\/#organization"},"alternateName":"Valika","potentialAction":[{"@type":"SearchAction","target":{"@type":"EntryPoint","urlTemplate":"https:\/\/valika.eu\/fi\/?s={search_term_string}"},"query-input":{"@type":"PropertyValueSpecification","valueRequired":true,"valueName":"search_term_string"}}],"inLanguage":"fi"},{"@type":"Organization","@id":"https:\/\/valika.eu\/fi\/#organization","name":"Salongitoode O\u00dc","alternateName":"Valika","url":"https:\/\/valika.eu\/fi\/","logo":{"@type":"ImageObject","inLanguage":"fi","@id":"https:\/\/valika.eu\/fi\/#\/schema\/logo\/image\/","url":"https:\/\/valika.eu\/wp-content\/uploads\/2023\/11\/logo2-valika-footer.png","contentUrl":"https:\/\/valika.eu\/wp-content\/uploads\/2023\/11\/logo2-valika-footer.png","width":200,"height":129,"caption":"Salongitoode O\u00dc"},"image":{"@id":"https:\/\/valika.eu\/fi\/#\/schema\/logo\/image\/"},"sameAs":["https:\/\/www.facebook.com\/tipsi.net"]}]}},"jetpack_sharing_enabled":true,"_links":{"self":[{"href":"https:\/\/valika.eu\/fi\/wp-json\/wp\/v2\/product\/12441","targetHints":{"allow":["GET"]}}],"collection":[{"href":"https:\/\/valika.eu\/fi\/wp-json\/wp\/v2\/product"}],"about":[{"href":"https:\/\/valika.eu\/fi\/wp-json\/wp\/v2\/types\/product"}],"wp:featuredmedia":[{"embeddable":true,"href":"https:\/\/valika.eu\/fi\/wp-json\/wp\/v2\/media\/12440"}],"wp:attachment":[{"href":"https:\/\/valika.eu\/fi\/wp-json\/wp\/v2\/media?parent=12441"}],"wp:term":[{"taxonomy":"product_brand","embeddable":true,"href":"https:\/\/valika.eu\/fi\/wp-json\/wp\/v2\/product_brand?post=12441"},{"taxonomy":"product_cat","embeddable":true,"href":"https:\/\/valika.eu\/fi\/wp-json\/wp\/v2\/product_cat?post=12441"},{"taxonomy":"product_tag","embeddable":true,"href":"https:\/\/valika.eu\/fi\/wp-json\/wp\/v2\/product_tag?post=12441"}],"curies":[{"name":"wp","href":"https:\/\/api.w.org\/{rel}","templated":true}]}}