{"id":12465,"date":"2025-01-09T07:56:18","date_gmt":"2025-01-09T05:56:18","guid":{"rendered":"https:\/\/valika.eu\/toode\/claresa-vedel-huulepulk-s-u-g-a-r-02-flygirl\/"},"modified":"2025-07-14T10:53:51","modified_gmt":"2025-07-14T07:53:51","slug":"claresa-vedel-huulepulk-s-u-g-a-r-02-flygirl","status":"publish","type":"product","link":"https:\/\/valika.eu\/fi\/toode\/claresa-vedel-huulepulk-s-u-g-a-r-02-flygirl\/","title":{"rendered":"Claresa Nestem\u00e4inen huulipuna S.U.G.A.R 02 Flygirl"},"content":{"rendered":"<p><\/p>\n<p><strong><img loading=\"lazy\" decoding=\"async\" src=\"\/userdata\/public\/assets\/\/sugar%201960%20x%20740.jpg\" alt=\"\" width=\"1960\" height=\"740\" \/><\/strong><\/p>\n<p style=\"text-align: justify\"><strong>S.U.G.A.R.<\/strong><\/p>\n<p style=\"text-align: justify\"><strong>Matta nestem\u00e4inen huulipuna<\/strong><\/p>\n<p style=\"text-align: justify\">S.U.G.A.R. on huulipuna, jota rakastat ensimm\u00e4isest\u00e4 levityksest\u00e4 l\u00e4htien! T\u00e4ydellinen, kermainen koostumus ja joustava applikaattori tekev\u00e4t huulille halutun, t\u00e4ytel\u00e4isen muodon antamisesta helppoa. Innovatiivinen, aktiivisia ainesosia sis\u00e4lt\u00e4v\u00e4 koostumus ei kuivata huulia ja takaa pitk\u00e4kestoisen meikkiefektin. Huulipunan hoitavat ominaisuudet tekev\u00e4t siit\u00e4 erinomaisen lis\u00e4n mihin tahansa p\u00e4iv\u00e4- tai iltameikkiin.<\/p>\n<p style=\"text-align: justify\"><strong>HAUSKA FAKTA<\/strong><\/p>\n<p style=\"text-align: justify\">Koostumuksen argan\u00f6ljy ravitsee ja silottaa huulia. Avokado\u00f6ljy uudistaa huulten herkk\u00e4\u00e4 ihoa ja tarjoaa intensiivist\u00e4 kosteutusta. C-vitamiini ja E-vitamiini ovat vahvoja antioksidantteja, jotka hidastavat ulkoisten tekij\u00f6iden aiheuttamia ihon ik\u00e4\u00e4ntymisprosesseja. Karnaubavaha ja mehil\u00e4isvaha pehment\u00e4v\u00e4t ja uudistavat huulia, kun taas valkosavi imee kosteutta ja antaa mattapinnan.<\/p>\n<p style=\"text-align: justify\"><strong>SOVELLUS<\/strong><\/p>\n<p style=\"text-align: justify\">Levit\u00e4 huulipuna huulille keskelt\u00e4 kohti kulmia.<\/p>\n<p style=\"text-align: justify\"><strong>MEIKKITAITEILIJAN VINKKI<\/strong><\/p>\n<p style=\"text-align: justify\">Haluatko suurentaa huuliasi visuaalisesti? Rajaa huulesi huultenrajauskyn\u00e4ll\u00e4 juuri niiden luonnollisen \u00e4\u00e4riviivan yl\u00e4puolelta ja t\u00e4yt\u00e4 ne sitten levitt\u00e4m\u00e4ll\u00e4 huulipuna siveltimell\u00e4 tai suoraan applikaattorilla.<\/p>\n<p style=\"text-align: justify\">Haluatko luoda ombre-efektin huulillesi? Valitse tuotteita samasta v\u00e4riskaalasta: tummempi, matta S.U.G.A.R. huulipuna ja vaaleampi BEAUTY CUTIE huulipuna. Aloita levitt\u00e4m\u00e4ll\u00e4 S.U.G.A.R. huulipuna huulten \u00e4\u00e4riviivoille ja kulmiin, levit\u00e4 sitten ulko-osasta huulten sis\u00e4osaan j\u00e4tt\u00e4en keskialue maalaamatta. T\u00e4lle alueelle levit\u00e4 vaaleampi BEAUTY CUTIE huulipuna ja k\u00e4yt\u00e4 sivellint\u00e4 v\u00e4rirajojen h\u00e4ivytt\u00e4miseen, luoden t\u00e4ydellisen siirtym\u00e4n v\u00e4rien v\u00e4lill\u00e4.<\/p>\n<p><\/p>","protected":false},"excerpt":{"rendered":"<p>S.U.G.A.R. Matta nestem\u00e4inen huulipuna S.U.G.A.R. on huulipuna, jota rakastat ensimm\u00e4isest\u00e4 levityksest\u00e4 l\u00e4htien! T\u00e4ydellinen, kermainen koostumus ja joustava applikaattori tekev\u00e4t huulille<\/p>\n","protected":false},"featured_media":12464,"template":"","meta":[],"product_brand":[],"product_cat":[700],"product_tag":[],"class_list":{"0":"post-12465","1":"product","2":"type-product","3":"status-publish","4":"has-post-thumbnail","6":"product_cat-lipsticks","8":"first","9":"instock","10":"taxable","11":"shipping-taxable","12":"purchasable","13":"product-type-simple"},"yoast_head":"<!-- This site is optimized with the Yoast SEO plugin v24.4 - https:\/\/yoast.com\/wordpress\/plugins\/seo\/ -->\n<title>Claresa Nestem\u00e4inen huulipuna S.U.G.A.R 02 Flygirl | Valika<\/title>\n<meta name=\"robots\" content=\"index, follow, max-snippet:-1, max-image-preview:large, max-video-preview:-1\" \/>\n<link rel=\"canonical\" href=\"https:\/\/valika.eu\/fi\/toode\/claresa-vedel-huulepulk-s-u-g-a-r-02-flygirl\/\" \/>\n<meta property=\"og:locale\" content=\"fi_FI\" \/>\n<meta property=\"og:type\" content=\"article\" \/>\n<meta property=\"og:title\" content=\"Claresa Nestem\u00e4inen huulipuna S.U.G.A.R 02 Flygirl | Valika\" \/>\n<meta property=\"og:description\" content=\"S.U.G.A.R. Matta nestem\u00e4inen huulipuna S.U.G.A.R. on huulipuna, jota rakastat ensimm\u00e4isest\u00e4 levityksest\u00e4 l\u00e4htien! T\u00e4ydellinen, kermainen koostumus ja joustava applikaattori tekev\u00e4t huulille\" \/>\n<meta property=\"og:url\" content=\"https:\/\/valika.eu\/fi\/toode\/claresa-vedel-huulepulk-s-u-g-a-r-02-flygirl\/\" \/>\n<meta property=\"og:site_name\" content=\"Valika\" \/>\n<meta property=\"article:publisher\" content=\"https:\/\/www.facebook.com\/tipsi.net\" \/>\n<meta property=\"article:modified_time\" content=\"2025-07-14T07:53:51+00:00\" \/>\n<meta property=\"og:image\" content=\"https:\/\/valika.eu\/wp-content\/uploads\/2025\/01\/3944.jpg\" \/>\n\t<meta property=\"og:image:width\" content=\"1500\" \/>\n\t<meta property=\"og:image:height\" content=\"1500\" \/>\n\t<meta property=\"og:image:type\" content=\"image\/jpeg\" \/>\n<meta name=\"twitter:card\" content=\"summary_large_image\" \/>\n<script type=\"application\/ld+json\" class=\"yoast-schema-graph\">{\"@context\":\"https:\/\/schema.org\",\"@graph\":[{\"@type\":\"WebPage\",\"@id\":\"https:\/\/valika.eu\/fi\/toode\/claresa-vedel-huulepulk-s-u-g-a-r-02-flygirl\/\",\"url\":\"https:\/\/valika.eu\/fi\/toode\/claresa-vedel-huulepulk-s-u-g-a-r-02-flygirl\/\",\"name\":\"Claresa Nestem\u00e4inen huulipuna S.U.G.A.R 02 Flygirl | Valika\",\"isPartOf\":{\"@id\":\"https:\/\/valika.eu\/fi\/#website\"},\"primaryImageOfPage\":{\"@id\":\"https:\/\/valika.eu\/fi\/toode\/claresa-vedel-huulepulk-s-u-g-a-r-02-flygirl\/#primaryimage\"},\"image\":{\"@id\":\"https:\/\/valika.eu\/toode\/claresa-vedel-huulepulk-s-u-g-a-r-02-flygirl\/#primaryimage\"},\"thumbnailUrl\":\"https:\/\/valika.eu\/wp-content\/uploads\/2025\/01\/3944.jpg\",\"datePublished\":\"2025-01-09T05:56:18+00:00\",\"dateModified\":\"2025-07-14T07:53:51+00:00\",\"breadcrumb\":{\"@id\":\"https:\/\/valika.eu\/fi\/toode\/claresa-vedel-huulepulk-s-u-g-a-r-02-flygirl\/#breadcrumb\"},\"inLanguage\":\"fi\",\"potentialAction\":[{\"@type\":\"ReadAction\",\"target\":[[\"https:\/\/valika.eu\/fi\/toode\/claresa-vedel-huulepulk-s-u-g-a-r-02-flygirl\/\"]]}]},{\"@type\":\"ImageObject\",\"inLanguage\":\"fi\",\"@id\":\"https:\/\/valika.eu\/fi\/toode\/claresa-vedel-huulepulk-s-u-g-a-r-02-flygirl\/#primaryimage\",\"url\":\"https:\/\/valika.eu\/wp-content\/uploads\/2025\/01\/3944.jpg\",\"contentUrl\":\"https:\/\/valika.eu\/wp-content\/uploads\/2025\/01\/3944.jpg\",\"width\":1500,\"height\":1500},{\"@type\":\"BreadcrumbList\",\"@id\":\"https:\/\/valika.eu\/fi\/toode\/claresa-vedel-huulepulk-s-u-g-a-r-02-flygirl\/#breadcrumb\",\"itemListElement\":[{\"@type\":\"ListItem\",\"position\":1,\"name\":\"Koti\",\"item\":\"https:\/\/valika.eu\/fi\/\"},{\"@type\":\"ListItem\",\"position\":2,\"name\":\"Shop\",\"item\":\"https:\/\/valika.eu\/fi\/\"},{\"@type\":\"ListItem\",\"position\":3,\"name\":\"Claresa Liquid Matte Lipstick S.U.G.A.R 02 Flygirl\"}]},{\"@type\":\"WebSite\",\"@id\":\"https:\/\/valika.eu\/fi\/#website\",\"url\":\"https:\/\/valika.eu\/fi\/\",\"name\":\"Valika.eu\",\"description\":\"Salonkituotteet ja kauneudenhoitotuotteet - Valika tarjoaa laajan valikoiman tuotteita ja tarvikkeita kynsiteknikoille, kauneushoitoloille, kampaamoille ja kampaamoille.\",\"publisher\":{\"@id\":\"https:\/\/valika.eu\/fi\/#organization\"},\"alternateName\":\"Valika\",\"potentialAction\":[{\"@type\":\"SearchAction\",\"target\":{\"@type\":\"EntryPoint\",\"urlTemplate\":\"https:\/\/valika.eu\/fi\/?s={search_term_string}\"},\"query-input\":{\"@type\":\"PropertyValueSpecification\",\"valueRequired\":true,\"valueName\":\"search_term_string\"}}],\"inLanguage\":\"fi\"},{\"@type\":\"Organization\",\"@id\":\"https:\/\/valika.eu\/fi\/#organization\",\"name\":\"Salongitoode O\u00dc\",\"alternateName\":\"Valika\",\"url\":\"https:\/\/valika.eu\/fi\/\",\"logo\":{\"@type\":\"ImageObject\",\"inLanguage\":\"fi\",\"@id\":\"https:\/\/valika.eu\/fi\/#\/schema\/logo\/image\/\",\"url\":\"https:\/\/valika.eu\/wp-content\/uploads\/2023\/11\/logo2-valika-footer.png\",\"contentUrl\":\"https:\/\/valika.eu\/wp-content\/uploads\/2023\/11\/logo2-valika-footer.png\",\"width\":200,\"height\":129,\"caption\":\"Salongitoode O\u00dc\"},\"image\":{\"@id\":\"https:\/\/valika.eu\/fi\/#\/schema\/logo\/image\/\"},\"sameAs\":[\"https:\/\/www.facebook.com\/tipsi.net\"]}]}<\/script>\n<!-- \/ Yoast SEO plugin. -->","yoast_head_json":{"title":"Claresa Nestem\u00e4inen huulipuna S.U.G.A.R 02 Flygirl | Valika","robots":{"index":"index","follow":"follow","max-snippet":"max-snippet:-1","max-image-preview":"max-image-preview:large","max-video-preview":"max-video-preview:-1"},"canonical":"https:\/\/valika.eu\/fi\/toode\/claresa-vedel-huulepulk-s-u-g-a-r-02-flygirl\/","og_locale":"fi_FI","og_type":"article","og_title":"Claresa Nestem\u00e4inen huulipuna S.U.G.A.R 02 Flygirl | Valika","og_description":"S.U.G.A.R. Matta nestem\u00e4inen huulipuna S.U.G.A.R. on huulipuna, jota rakastat ensimm\u00e4isest\u00e4 levityksest\u00e4 l\u00e4htien! T\u00e4ydellinen, kermainen koostumus ja joustava applikaattori tekev\u00e4t huulille","og_url":"https:\/\/valika.eu\/fi\/toode\/claresa-vedel-huulepulk-s-u-g-a-r-02-flygirl\/","og_site_name":"Valika","article_publisher":"https:\/\/www.facebook.com\/tipsi.net","article_modified_time":"2025-07-14T07:53:51+00:00","og_image":[{"width":1500,"height":1500,"url":"https:\/\/valika.eu\/wp-content\/uploads\/2025\/01\/3944.jpg","type":"image\/jpeg"}],"twitter_card":"summary_large_image","schema":{"@context":"https:\/\/schema.org","@graph":[{"@type":"WebPage","@id":"https:\/\/valika.eu\/fi\/toode\/claresa-vedel-huulepulk-s-u-g-a-r-02-flygirl\/","url":"https:\/\/valika.eu\/fi\/toode\/claresa-vedel-huulepulk-s-u-g-a-r-02-flygirl\/","name":"Claresa Nestem\u00e4inen huulipuna S.U.G.A.R 02 Flygirl | Valika","isPartOf":{"@id":"https:\/\/valika.eu\/fi\/#website"},"primaryImageOfPage":{"@id":"https:\/\/valika.eu\/fi\/toode\/claresa-vedel-huulepulk-s-u-g-a-r-02-flygirl\/#primaryimage"},"image":{"@id":"https:\/\/valika.eu\/toode\/claresa-vedel-huulepulk-s-u-g-a-r-02-flygirl\/#primaryimage"},"thumbnailUrl":"https:\/\/valika.eu\/wp-content\/uploads\/2025\/01\/3944.jpg","datePublished":"2025-01-09T05:56:18+00:00","dateModified":"2025-07-14T07:53:51+00:00","breadcrumb":{"@id":"https:\/\/valika.eu\/fi\/toode\/claresa-vedel-huulepulk-s-u-g-a-r-02-flygirl\/#breadcrumb"},"inLanguage":"fi","potentialAction":[{"@type":"ReadAction","target":[["https:\/\/valika.eu\/fi\/toode\/claresa-vedel-huulepulk-s-u-g-a-r-02-flygirl\/"]]}]},{"@type":"ImageObject","inLanguage":"fi","@id":"https:\/\/valika.eu\/fi\/toode\/claresa-vedel-huulepulk-s-u-g-a-r-02-flygirl\/#primaryimage","url":"https:\/\/valika.eu\/wp-content\/uploads\/2025\/01\/3944.jpg","contentUrl":"https:\/\/valika.eu\/wp-content\/uploads\/2025\/01\/3944.jpg","width":1500,"height":1500},{"@type":"BreadcrumbList","@id":"https:\/\/valika.eu\/fi\/toode\/claresa-vedel-huulepulk-s-u-g-a-r-02-flygirl\/#breadcrumb","itemListElement":[{"@type":"ListItem","position":1,"name":"Koti","item":"https:\/\/valika.eu\/fi\/"},{"@type":"ListItem","position":2,"name":"Shop","item":"https:\/\/valika.eu\/fi\/"},{"@type":"ListItem","position":3,"name":"Claresa Liquid Matte Lipstick S.U.G.A.R 02 Flygirl"}]},{"@type":"WebSite","@id":"https:\/\/valika.eu\/fi\/#website","url":"https:\/\/valika.eu\/fi\/","name":"Valika.eu","description":"Salonkituotteet ja kauneudenhoitotuotteet - Valika tarjoaa laajan valikoiman tuotteita ja tarvikkeita kynsiteknikoille, kauneushoitoloille, kampaamoille ja kampaamoille.","publisher":{"@id":"https:\/\/valika.eu\/fi\/#organization"},"alternateName":"Valika","potentialAction":[{"@type":"SearchAction","target":{"@type":"EntryPoint","urlTemplate":"https:\/\/valika.eu\/fi\/?s={search_term_string}"},"query-input":{"@type":"PropertyValueSpecification","valueRequired":true,"valueName":"search_term_string"}}],"inLanguage":"fi"},{"@type":"Organization","@id":"https:\/\/valika.eu\/fi\/#organization","name":"Salongitoode O\u00dc","alternateName":"Valika","url":"https:\/\/valika.eu\/fi\/","logo":{"@type":"ImageObject","inLanguage":"fi","@id":"https:\/\/valika.eu\/fi\/#\/schema\/logo\/image\/","url":"https:\/\/valika.eu\/wp-content\/uploads\/2023\/11\/logo2-valika-footer.png","contentUrl":"https:\/\/valika.eu\/wp-content\/uploads\/2023\/11\/logo2-valika-footer.png","width":200,"height":129,"caption":"Salongitoode O\u00dc"},"image":{"@id":"https:\/\/valika.eu\/fi\/#\/schema\/logo\/image\/"},"sameAs":["https:\/\/www.facebook.com\/tipsi.net"]}]}},"jetpack_sharing_enabled":true,"_links":{"self":[{"href":"https:\/\/valika.eu\/fi\/wp-json\/wp\/v2\/product\/12465","targetHints":{"allow":["GET"]}}],"collection":[{"href":"https:\/\/valika.eu\/fi\/wp-json\/wp\/v2\/product"}],"about":[{"href":"https:\/\/valika.eu\/fi\/wp-json\/wp\/v2\/types\/product"}],"wp:featuredmedia":[{"embeddable":true,"href":"https:\/\/valika.eu\/fi\/wp-json\/wp\/v2\/media\/12464"}],"wp:attachment":[{"href":"https:\/\/valika.eu\/fi\/wp-json\/wp\/v2\/media?parent=12465"}],"wp:term":[{"taxonomy":"product_brand","embeddable":true,"href":"https:\/\/valika.eu\/fi\/wp-json\/wp\/v2\/product_brand?post=12465"},{"taxonomy":"product_cat","embeddable":true,"href":"https:\/\/valika.eu\/fi\/wp-json\/wp\/v2\/product_cat?post=12465"},{"taxonomy":"product_tag","embeddable":true,"href":"https:\/\/valika.eu\/fi\/wp-json\/wp\/v2\/product_tag?post=12465"}],"curies":[{"name":"wp","href":"https:\/\/api.w.org\/{rel}","templated":true}]}}