{"id":12486,"date":"2025-01-09T07:56:49","date_gmt":"2025-01-09T05:56:49","guid":{"rendered":"https:\/\/valika.eu\/toode\/claresa-vedel-huulepulk-s-u-g-a-r-04-v-i-p\/"},"modified":"2025-07-02T05:01:15","modified_gmt":"2025-07-02T02:01:15","slug":"claresa-vedel-huulepulk-s-u-g-a-r-04-v-i-p","status":"publish","type":"product","link":"https:\/\/valika.eu\/fi\/toode\/claresa-vedel-huulepulk-s-u-g-a-r-04-v-i-p\/","title":{"rendered":"Claresa Huulipuna matta nestem\u00e4inen S.U.G.A.R 04 V.I.P"},"content":{"rendered":"<p><\/p>\n<p><strong><img loading=\"lazy\" decoding=\"async\" src=\"\/userdata\/public\/assets\/\/sugar%201960%20x%20740.jpg\" alt=\"\" width=\"1960\" height=\"740\" \/><\/strong><\/p>\n<p style=\"text-align: justify;\"><strong>S.U.G.A.R.<\/strong><\/p>\n<p style=\"text-align: justify;\"><strong>Matta nestem\u00e4inen huulipuna<\/strong><\/p>\n<p style=\"text-align: justify;\">S.U.G.A.R. on huulipuna, jota rakastat ensimm\u00e4isest\u00e4 levityksest\u00e4 l\u00e4htien! T\u00e4ydellinen, kermainen koostumus ja joustava applikaattori tekev\u00e4t huulille halutun, t\u00e4ytel\u00e4isen muodon antamisesta helppoa. Innovatiivinen, aktiivisia ainesosia sis\u00e4lt\u00e4v\u00e4 koostumus ei kuivata huulia ja tarjoaa pitk\u00e4kestoisen meikkiefektin. Huulipunan hoitavat ominaisuudet tekev\u00e4t siit\u00e4 erinomaisen lis\u00e4n mihin tahansa p\u00e4iv\u00e4- tai iltameikkiin.<\/p>\n<p style=\"text-align: justify;\"><strong>HAUSKA FAKTA<\/strong><\/p>\n<p style=\"text-align: justify;\">Koostumuksen argan\u00f6ljy ravitsee ja silottaa huulia. Avokado\u00f6ljy uudistaa huulten herkk\u00e4\u00e4 ihoa ja tarjoaa intensiivist\u00e4 kosteutusta. C-vitamiini ja E-vitamiini ovat voimakkaita antioksidantteja, jotka hidastavat ulkoisten tekij\u00f6iden aiheuttamia ihon ik\u00e4\u00e4ntymisprosesseja. Karnaubavaha ja mehil\u00e4isvaha pehment\u00e4v\u00e4t ja uudistavat huulia, kun taas valkosavi imee kosteutta ja antaa mattapintaisen vaikutuksen.<\/p>\n<p style=\"text-align: justify;\"><strong>SOVELLUS<\/strong><\/p>\n<p style=\"text-align: justify;\">Levit\u00e4 huulipuna huulille keskelt\u00e4 kohti kulmia.<\/p>\n<p style=\"text-align: justify;\"><strong>MEIKKITAITEILIJAN VINKKI<\/strong><\/p>\n<p style=\"text-align: justify;\">Haluatko suurentaa huuliasi visuaalisesti? Rajaa huulesi huultenrajauskyn\u00e4ll\u00e4 juuri niiden luonnollisen \u00e4\u00e4riviivan yl\u00e4puolelta, <br \/> ja t\u00e4yt\u00e4 ne sitten levitt\u00e4m\u00e4ll\u00e4 huulipuna siveltimell\u00e4 tai suoraan applikaattorilla.<\/p>\n<p style=\"text-align: justify;\">Haluatko luoda ombre-efektin huulillesi? Valitse tuotteita samasta v\u00e4riskaalasta: tummempi, matta S.U.G.A.R. huulipuna ja vaaleampi BEAUTY CUTIE huulipuna. Aloita levitt\u00e4m\u00e4ll\u00e4 S.U.G.A.R. huulipuna huulten \u00e4\u00e4riviivoille ja kulmiin, sitten levit\u00e4 sit\u00e4 ulko-osasta huulten sis\u00e4osaan, j\u00e4tt\u00e4en keskialue maalaamatta. T\u00e4lle alueelle levit\u00e4 vaaleampi BEAUTY CUTIE huulipuna ja k\u00e4yt\u00e4 sivellint\u00e4 v\u00e4rirajojen h\u00e4ivytt\u00e4miseen, luoden t\u00e4ydellisen siirtym\u00e4n v\u00e4rien v\u00e4lill\u00e4.<\/p>\n<p style=\"text-align: justify;\"><img loading=\"lazy\" decoding=\"async\" src=\"\/userdata\/public\/assets\/\/Claresa-SUGAR-FB.webp\" alt=\"Claresa-SUGAR-liquid-lipsticks\" width=\"1200\" height=\"1200\" \/><\/p>\n<p><\/p>","protected":false},"excerpt":{"rendered":"<p>S.U.G.A.R. Matta nestem\u00e4inen huulipuna S.U.G.A.R. on huulipuna, jota rakastat ensimm\u00e4isest\u00e4 levityksest\u00e4 l\u00e4htien! T\u00e4ydellinen, kermainen koostumus ja joustava applikaattori tekev\u00e4t huulille<\/p>\n","protected":false},"featured_media":12485,"template":"","meta":[],"product_brand":[],"product_cat":[700],"product_tag":[],"class_list":{"0":"post-12486","1":"product","2":"type-product","3":"status-publish","4":"has-post-thumbnail","6":"product_cat-lipsticks","8":"first","9":"instock","10":"taxable","11":"shipping-taxable","12":"purchasable","13":"product-type-simple"},"yoast_head":"<!-- This site is optimized with the Yoast SEO plugin v24.4 - https:\/\/yoast.com\/wordpress\/plugins\/seo\/ -->\n<title>Claresa Huulipuna matta nestem\u00e4inen S.U.G.A.R 04 V.I.P | Valika<\/title>\n<meta name=\"robots\" content=\"index, follow, max-snippet:-1, max-image-preview:large, max-video-preview:-1\" \/>\n<link rel=\"canonical\" href=\"https:\/\/valika.eu\/fi\/toode\/claresa-vedel-huulepulk-s-u-g-a-r-04-v-i-p\/\" \/>\n<meta property=\"og:locale\" content=\"fi_FI\" \/>\n<meta property=\"og:type\" content=\"article\" \/>\n<meta property=\"og:title\" content=\"Claresa Huulipuna matta nestem\u00e4inen S.U.G.A.R 04 V.I.P | Valika\" \/>\n<meta property=\"og:description\" content=\"S.U.G.A.R. Matta nestem\u00e4inen huulipuna S.U.G.A.R. on huulipuna, jota rakastat ensimm\u00e4isest\u00e4 levityksest\u00e4 l\u00e4htien! T\u00e4ydellinen, kermainen koostumus ja joustava applikaattori tekev\u00e4t huulille\" \/>\n<meta property=\"og:url\" content=\"https:\/\/valika.eu\/fi\/toode\/claresa-vedel-huulepulk-s-u-g-a-r-04-v-i-p\/\" \/>\n<meta property=\"og:site_name\" content=\"Valika\" \/>\n<meta property=\"article:publisher\" content=\"https:\/\/www.facebook.com\/tipsi.net\" \/>\n<meta property=\"article:modified_time\" content=\"2025-07-02T02:01:15+00:00\" \/>\n<meta property=\"og:image\" content=\"https:\/\/valika.eu\/wp-content\/uploads\/2025\/01\/3950.jpg\" \/>\n\t<meta property=\"og:image:width\" content=\"1500\" \/>\n\t<meta property=\"og:image:height\" content=\"1500\" \/>\n\t<meta property=\"og:image:type\" content=\"image\/jpeg\" \/>\n<meta name=\"twitter:card\" content=\"summary_large_image\" \/>\n<script type=\"application\/ld+json\" class=\"yoast-schema-graph\">{\"@context\":\"https:\/\/schema.org\",\"@graph\":[{\"@type\":\"WebPage\",\"@id\":\"https:\/\/valika.eu\/fi\/toode\/claresa-vedel-huulepulk-s-u-g-a-r-04-v-i-p\/\",\"url\":\"https:\/\/valika.eu\/fi\/toode\/claresa-vedel-huulepulk-s-u-g-a-r-04-v-i-p\/\",\"name\":\"Claresa Huulipuna matta nestem\u00e4inen S.U.G.A.R 04 V.I.P | Valika\",\"isPartOf\":{\"@id\":\"https:\/\/valika.eu\/fi\/#website\"},\"primaryImageOfPage\":{\"@id\":\"https:\/\/valika.eu\/fi\/toode\/claresa-vedel-huulepulk-s-u-g-a-r-04-v-i-p\/#primaryimage\"},\"image\":{\"@id\":\"https:\/\/valika.eu\/toode\/claresa-vedel-huulepulk-s-u-g-a-r-04-v-i-p\/#primaryimage\"},\"thumbnailUrl\":\"https:\/\/valika.eu\/wp-content\/uploads\/2025\/01\/3950.jpg\",\"datePublished\":\"2025-01-09T05:56:49+00:00\",\"dateModified\":\"2025-07-02T02:01:15+00:00\",\"breadcrumb\":{\"@id\":\"https:\/\/valika.eu\/fi\/toode\/claresa-vedel-huulepulk-s-u-g-a-r-04-v-i-p\/#breadcrumb\"},\"inLanguage\":\"fi\",\"potentialAction\":[{\"@type\":\"ReadAction\",\"target\":[[\"https:\/\/valika.eu\/fi\/toode\/claresa-vedel-huulepulk-s-u-g-a-r-04-v-i-p\/\"]]}]},{\"@type\":\"ImageObject\",\"inLanguage\":\"fi\",\"@id\":\"https:\/\/valika.eu\/fi\/toode\/claresa-vedel-huulepulk-s-u-g-a-r-04-v-i-p\/#primaryimage\",\"url\":\"https:\/\/valika.eu\/wp-content\/uploads\/2025\/01\/3950.jpg\",\"contentUrl\":\"https:\/\/valika.eu\/wp-content\/uploads\/2025\/01\/3950.jpg\",\"width\":1500,\"height\":1500},{\"@type\":\"BreadcrumbList\",\"@id\":\"https:\/\/valika.eu\/fi\/toode\/claresa-vedel-huulepulk-s-u-g-a-r-04-v-i-p\/#breadcrumb\",\"itemListElement\":[{\"@type\":\"ListItem\",\"position\":1,\"name\":\"Koti\",\"item\":\"https:\/\/valika.eu\/fi\/\"},{\"@type\":\"ListItem\",\"position\":2,\"name\":\"Shop\",\"item\":\"https:\/\/valika.eu\/fi\/\"},{\"@type\":\"ListItem\",\"position\":3,\"name\":\"Claresa Liquid Matte Lipstick S.U.G.A.R 04 V.I.P\"}]},{\"@type\":\"WebSite\",\"@id\":\"https:\/\/valika.eu\/fi\/#website\",\"url\":\"https:\/\/valika.eu\/fi\/\",\"name\":\"Valika.eu\",\"description\":\"Salonkituotteet ja kauneudenhoitotuotteet - Valika tarjoaa laajan valikoiman tuotteita ja tarvikkeita kynsiteknikoille, kauneushoitoloille, kampaamoille ja kampaamoille.\",\"publisher\":{\"@id\":\"https:\/\/valika.eu\/fi\/#organization\"},\"alternateName\":\"Valika\",\"potentialAction\":[{\"@type\":\"SearchAction\",\"target\":{\"@type\":\"EntryPoint\",\"urlTemplate\":\"https:\/\/valika.eu\/fi\/?s={search_term_string}\"},\"query-input\":{\"@type\":\"PropertyValueSpecification\",\"valueRequired\":true,\"valueName\":\"search_term_string\"}}],\"inLanguage\":\"fi\"},{\"@type\":\"Organization\",\"@id\":\"https:\/\/valika.eu\/fi\/#organization\",\"name\":\"Salongitoode O\u00dc\",\"alternateName\":\"Valika\",\"url\":\"https:\/\/valika.eu\/fi\/\",\"logo\":{\"@type\":\"ImageObject\",\"inLanguage\":\"fi\",\"@id\":\"https:\/\/valika.eu\/fi\/#\/schema\/logo\/image\/\",\"url\":\"https:\/\/valika.eu\/wp-content\/uploads\/2023\/11\/logo2-valika-footer.png\",\"contentUrl\":\"https:\/\/valika.eu\/wp-content\/uploads\/2023\/11\/logo2-valika-footer.png\",\"width\":200,\"height\":129,\"caption\":\"Salongitoode O\u00dc\"},\"image\":{\"@id\":\"https:\/\/valika.eu\/fi\/#\/schema\/logo\/image\/\"},\"sameAs\":[\"https:\/\/www.facebook.com\/tipsi.net\"]}]}<\/script>\n<!-- \/ Yoast SEO plugin. -->","yoast_head_json":{"title":"Claresa Huulipuna matta nestem\u00e4inen S.U.G.A.R 04 V.I.P | Valika","robots":{"index":"index","follow":"follow","max-snippet":"max-snippet:-1","max-image-preview":"max-image-preview:large","max-video-preview":"max-video-preview:-1"},"canonical":"https:\/\/valika.eu\/fi\/toode\/claresa-vedel-huulepulk-s-u-g-a-r-04-v-i-p\/","og_locale":"fi_FI","og_type":"article","og_title":"Claresa Huulipuna matta nestem\u00e4inen S.U.G.A.R 04 V.I.P | Valika","og_description":"S.U.G.A.R. Matta nestem\u00e4inen huulipuna S.U.G.A.R. on huulipuna, jota rakastat ensimm\u00e4isest\u00e4 levityksest\u00e4 l\u00e4htien! T\u00e4ydellinen, kermainen koostumus ja joustava applikaattori tekev\u00e4t huulille","og_url":"https:\/\/valika.eu\/fi\/toode\/claresa-vedel-huulepulk-s-u-g-a-r-04-v-i-p\/","og_site_name":"Valika","article_publisher":"https:\/\/www.facebook.com\/tipsi.net","article_modified_time":"2025-07-02T02:01:15+00:00","og_image":[{"width":1500,"height":1500,"url":"https:\/\/valika.eu\/wp-content\/uploads\/2025\/01\/3950.jpg","type":"image\/jpeg"}],"twitter_card":"summary_large_image","schema":{"@context":"https:\/\/schema.org","@graph":[{"@type":"WebPage","@id":"https:\/\/valika.eu\/fi\/toode\/claresa-vedel-huulepulk-s-u-g-a-r-04-v-i-p\/","url":"https:\/\/valika.eu\/fi\/toode\/claresa-vedel-huulepulk-s-u-g-a-r-04-v-i-p\/","name":"Claresa Huulipuna matta nestem\u00e4inen S.U.G.A.R 04 V.I.P | Valika","isPartOf":{"@id":"https:\/\/valika.eu\/fi\/#website"},"primaryImageOfPage":{"@id":"https:\/\/valika.eu\/fi\/toode\/claresa-vedel-huulepulk-s-u-g-a-r-04-v-i-p\/#primaryimage"},"image":{"@id":"https:\/\/valika.eu\/toode\/claresa-vedel-huulepulk-s-u-g-a-r-04-v-i-p\/#primaryimage"},"thumbnailUrl":"https:\/\/valika.eu\/wp-content\/uploads\/2025\/01\/3950.jpg","datePublished":"2025-01-09T05:56:49+00:00","dateModified":"2025-07-02T02:01:15+00:00","breadcrumb":{"@id":"https:\/\/valika.eu\/fi\/toode\/claresa-vedel-huulepulk-s-u-g-a-r-04-v-i-p\/#breadcrumb"},"inLanguage":"fi","potentialAction":[{"@type":"ReadAction","target":[["https:\/\/valika.eu\/fi\/toode\/claresa-vedel-huulepulk-s-u-g-a-r-04-v-i-p\/"]]}]},{"@type":"ImageObject","inLanguage":"fi","@id":"https:\/\/valika.eu\/fi\/toode\/claresa-vedel-huulepulk-s-u-g-a-r-04-v-i-p\/#primaryimage","url":"https:\/\/valika.eu\/wp-content\/uploads\/2025\/01\/3950.jpg","contentUrl":"https:\/\/valika.eu\/wp-content\/uploads\/2025\/01\/3950.jpg","width":1500,"height":1500},{"@type":"BreadcrumbList","@id":"https:\/\/valika.eu\/fi\/toode\/claresa-vedel-huulepulk-s-u-g-a-r-04-v-i-p\/#breadcrumb","itemListElement":[{"@type":"ListItem","position":1,"name":"Koti","item":"https:\/\/valika.eu\/fi\/"},{"@type":"ListItem","position":2,"name":"Shop","item":"https:\/\/valika.eu\/fi\/"},{"@type":"ListItem","position":3,"name":"Claresa Liquid Matte Lipstick S.U.G.A.R 04 V.I.P"}]},{"@type":"WebSite","@id":"https:\/\/valika.eu\/fi\/#website","url":"https:\/\/valika.eu\/fi\/","name":"Valika.eu","description":"Salonkituotteet ja kauneudenhoitotuotteet - Valika tarjoaa laajan valikoiman tuotteita ja tarvikkeita kynsiteknikoille, kauneushoitoloille, kampaamoille ja kampaamoille.","publisher":{"@id":"https:\/\/valika.eu\/fi\/#organization"},"alternateName":"Valika","potentialAction":[{"@type":"SearchAction","target":{"@type":"EntryPoint","urlTemplate":"https:\/\/valika.eu\/fi\/?s={search_term_string}"},"query-input":{"@type":"PropertyValueSpecification","valueRequired":true,"valueName":"search_term_string"}}],"inLanguage":"fi"},{"@type":"Organization","@id":"https:\/\/valika.eu\/fi\/#organization","name":"Salongitoode O\u00dc","alternateName":"Valika","url":"https:\/\/valika.eu\/fi\/","logo":{"@type":"ImageObject","inLanguage":"fi","@id":"https:\/\/valika.eu\/fi\/#\/schema\/logo\/image\/","url":"https:\/\/valika.eu\/wp-content\/uploads\/2023\/11\/logo2-valika-footer.png","contentUrl":"https:\/\/valika.eu\/wp-content\/uploads\/2023\/11\/logo2-valika-footer.png","width":200,"height":129,"caption":"Salongitoode O\u00dc"},"image":{"@id":"https:\/\/valika.eu\/fi\/#\/schema\/logo\/image\/"},"sameAs":["https:\/\/www.facebook.com\/tipsi.net"]}]}},"jetpack_sharing_enabled":true,"_links":{"self":[{"href":"https:\/\/valika.eu\/fi\/wp-json\/wp\/v2\/product\/12486","targetHints":{"allow":["GET"]}}],"collection":[{"href":"https:\/\/valika.eu\/fi\/wp-json\/wp\/v2\/product"}],"about":[{"href":"https:\/\/valika.eu\/fi\/wp-json\/wp\/v2\/types\/product"}],"wp:featuredmedia":[{"embeddable":true,"href":"https:\/\/valika.eu\/fi\/wp-json\/wp\/v2\/media\/12485"}],"wp:attachment":[{"href":"https:\/\/valika.eu\/fi\/wp-json\/wp\/v2\/media?parent=12486"}],"wp:term":[{"taxonomy":"product_brand","embeddable":true,"href":"https:\/\/valika.eu\/fi\/wp-json\/wp\/v2\/product_brand?post=12486"},{"taxonomy":"product_cat","embeddable":true,"href":"https:\/\/valika.eu\/fi\/wp-json\/wp\/v2\/product_cat?post=12486"},{"taxonomy":"product_tag","embeddable":true,"href":"https:\/\/valika.eu\/fi\/wp-json\/wp\/v2\/product_tag?post=12486"}],"curies":[{"name":"wp","href":"https:\/\/api.w.org\/{rel}","templated":true}]}}