{"id":12897,"date":"2025-02-10T13:19:38","date_gmt":"2025-02-10T11:19:38","guid":{"rendered":"https:\/\/valika.eu\/?post_type=product&#038;p=12897"},"modified":"2025-07-02T05:01:13","modified_gmt":"2025-07-02T02:01:13","slug":"kuunenahalukkaja-polygeeli-spaatel","status":"publish","type":"product","link":"https:\/\/valika.eu\/fi\/toode\/kuunenahalukkaja-polygeeli-spaatel\/","title":{"rendered":"Kynsinauhaty\u00f6kalu kaksi   p\u00e4\u00e4t\u00e4,  polygel lasta"},"content":{"rendered":"<p><\/p>\n<div class=\"flex max-w-full flex-col flex-grow\">\n<div class=\"min-h-8 text-message flex w-full flex-col items-end gap-2 whitespace-normal break-words text-start [.text-message+&amp;]:mt-5\" dir=\"auto\" data-message-author-role=\"assistant\" data-message-id=\"599e66de-4679-451d-94df-b91391947de9\" data-message-model-slug=\"gpt-4o\">\n<div class=\"flex w-full flex-col gap-1 empty:hidden first:pt-[3px]\">\n<div class=\"markdown prose w-full break-words dark:prose-invert light\">\n<p>Erinomaisen laadukas kynsinauhaty\u00f6kalu, joka on v\u00e4ltt\u00e4m\u00e4t\u00f6n kynsien muotoilussa ja takaa tarkan ty\u00f6skentelyn luonnollisessa manikyyriss\u00e4. Sopii my\u00f6s t\u00e4ydellisesti geelin ja akryylin poistamiseen kynsilevylt\u00e4.<\/p>\n<p>Kynsinauhaty\u00f6kalussa on kaksi ter\u00e4v\u00e4\u00e4 ja tarkkaa p\u00e4\u00e4t\u00e4.<\/p>\n<p>Valmistettu ruostumattomasta ter\u00e4ksest\u00e4 \u2013 voidaan steriloida ja desinfioida.<br \/>\n<strong>Pituus:<\/strong> 16 cm, <strong>py\u00f6ristetyn ter\u00e4n leveys:<\/strong> 6 mm, <strong>ter\u00e4v\u00e4n ter\u00e4n leveys:<\/strong> 6 mm.<\/p>\n<\/div>\n<\/div>\n<\/div>\n<\/div>\n<p><\/p>","protected":false},"excerpt":{"rendered":"<p>Erinomaisen laadukas kynsinauhaty\u00f6kalu, joka on v\u00e4ltt\u00e4m\u00e4t\u00f6n kynsien muotoilussa ja takaa tarkan ty\u00f6skentelyn luonnollisessa manikyyriss\u00e4. Sopii my\u00f6s t\u00e4ydellisesti geelin ja akryylin<\/p>\n","protected":false},"featured_media":12898,"template":"","meta":[],"product_brand":[],"product_cat":[353,355],"product_tag":[],"class_list":{"0":"post-12897","1":"product","2":"type-product","3":"status-publish","4":"has-post-thumbnail","6":"product_cat-instrumendid","7":"product_cat-kuunenahalukkaja","9":"first","10":"instock","11":"taxable","12":"shipping-taxable","13":"purchasable","14":"product-type-simple"},"yoast_head":"<!-- This site is optimized with the Yoast SEO plugin v24.4 - https:\/\/yoast.com\/wordpress\/plugins\/seo\/ -->\n<title>Kynsinauhaty\u00f6kalu kaksi  p\u00e4\u00e4t\u00e4, polygel lasta | Valika<\/title>\n<meta name=\"robots\" content=\"index, follow, max-snippet:-1, max-image-preview:large, max-video-preview:-1\" \/>\n<link rel=\"canonical\" href=\"https:\/\/valika.eu\/fi\/toode\/kuunenahalukkaja-polygeeli-spaatel\/\" \/>\n<meta property=\"og:locale\" content=\"fi_FI\" \/>\n<meta property=\"og:type\" content=\"article\" \/>\n<meta property=\"og:title\" content=\"Kynsinauhaty\u00f6kalu kaksi  p\u00e4\u00e4t\u00e4, polygel lasta | Valika\" \/>\n<meta property=\"og:description\" content=\"Erinomaisen laadukas kynsinauhaty\u00f6kalu, joka on v\u00e4ltt\u00e4m\u00e4t\u00f6n kynsien muotoilussa ja takaa tarkan ty\u00f6skentelyn luonnollisessa manikyyriss\u00e4. Sopii my\u00f6s t\u00e4ydellisesti geelin ja akryylin\" \/>\n<meta property=\"og:url\" content=\"https:\/\/valika.eu\/fi\/toode\/kuunenahalukkaja-polygeeli-spaatel\/\" \/>\n<meta property=\"og:site_name\" content=\"Valika\" \/>\n<meta property=\"article:publisher\" content=\"https:\/\/www.facebook.com\/tipsi.net\" \/>\n<meta property=\"article:modified_time\" content=\"2025-07-02T02:01:13+00:00\" \/>\n<meta property=\"og:image\" content=\"https:\/\/valika.eu\/wp-content\/uploads\/2025\/02\/dlutko.jpg\" \/>\n\t<meta property=\"og:image:width\" content=\"650\" \/>\n\t<meta property=\"og:image:height\" content=\"650\" \/>\n\t<meta property=\"og:image:type\" content=\"image\/jpeg\" \/>\n<meta name=\"twitter:card\" content=\"summary_large_image\" \/>\n<script type=\"application\/ld+json\" class=\"yoast-schema-graph\">{\"@context\":\"https:\/\/schema.org\",\"@graph\":[{\"@type\":\"WebPage\",\"@id\":\"https:\/\/valika.eu\/fi\/toode\/kuunenahalukkaja-polygeeli-spaatel\/\",\"url\":\"https:\/\/valika.eu\/fi\/toode\/kuunenahalukkaja-polygeeli-spaatel\/\",\"name\":\"Kynsinauhaty\u00f6kalu kaksi p\u00e4\u00e4t\u00e4, polygel lasta | Valika\",\"isPartOf\":{\"@id\":\"https:\/\/valika.eu\/fi\/#website\"},\"primaryImageOfPage\":{\"@id\":\"https:\/\/valika.eu\/fi\/toode\/kuunenahalukkaja-polygeeli-spaatel\/#primaryimage\"},\"image\":{\"@id\":\"https:\/\/valika.eu\/toode\/kuunenahalukkaja-polygeeli-spaatel\/#primaryimage\"},\"thumbnailUrl\":\"https:\/\/valika.eu\/wp-content\/uploads\/2025\/02\/dlutko.jpg\",\"datePublished\":\"2025-02-10T11:19:38+00:00\",\"dateModified\":\"2025-07-02T02:01:13+00:00\",\"breadcrumb\":{\"@id\":\"https:\/\/valika.eu\/fi\/toode\/kuunenahalukkaja-polygeeli-spaatel\/#breadcrumb\"},\"inLanguage\":\"fi\",\"potentialAction\":[{\"@type\":\"ReadAction\",\"target\":[[\"https:\/\/valika.eu\/fi\/toode\/kuunenahalukkaja-polygeeli-spaatel\/\"]]}]},{\"@type\":\"ImageObject\",\"inLanguage\":\"fi\",\"@id\":\"https:\/\/valika.eu\/fi\/toode\/kuunenahalukkaja-polygeeli-spaatel\/#primaryimage\",\"url\":\"https:\/\/valika.eu\/wp-content\/uploads\/2025\/02\/dlutko.jpg\",\"contentUrl\":\"https:\/\/valika.eu\/wp-content\/uploads\/2025\/02\/dlutko.jpg\",\"width\":650,\"height\":650,\"caption\":\"14022353131c9db3b5df386013d652fc00ee1c497c77816e7f5730ff75e3fe2be1a250f46b66ab352149a4548ed71ad896ee4b7dafa9fe8190f7aac762d5714e43d98ca2110374cdbe137eedc49f5d46\"},{\"@type\":\"BreadcrumbList\",\"@id\":\"https:\/\/valika.eu\/fi\/toode\/kuunenahalukkaja-polygeeli-spaatel\/#breadcrumb\",\"itemListElement\":[{\"@type\":\"ListItem\",\"position\":1,\"name\":\"Koti\",\"item\":\"https:\/\/valika.eu\/fi\/\"},{\"@type\":\"ListItem\",\"position\":2,\"name\":\"Shop\",\"item\":\"https:\/\/valika.eu\/fi\/\"},{\"@type\":\"ListItem\",\"position\":3,\"name\":\"\u0421uticle pusher, polygel spatula\"}]},{\"@type\":\"WebSite\",\"@id\":\"https:\/\/valika.eu\/fi\/#website\",\"url\":\"https:\/\/valika.eu\/fi\/\",\"name\":\"Valika.eu\",\"description\":\"Salonkituotteet ja kauneudenhoitotuotteet - Valika tarjoaa laajan valikoiman tuotteita ja tarvikkeita kynsiteknikoille, kauneushoitoloille, kampaamoille ja kampaamoille.\",\"publisher\":{\"@id\":\"https:\/\/valika.eu\/fi\/#organization\"},\"alternateName\":\"Valika\",\"potentialAction\":[{\"@type\":\"SearchAction\",\"target\":{\"@type\":\"EntryPoint\",\"urlTemplate\":\"https:\/\/valika.eu\/fi\/?s={search_term_string}\"},\"query-input\":{\"@type\":\"PropertyValueSpecification\",\"valueRequired\":true,\"valueName\":\"search_term_string\"}}],\"inLanguage\":\"fi\"},{\"@type\":\"Organization\",\"@id\":\"https:\/\/valika.eu\/fi\/#organization\",\"name\":\"Salongitoode O\u00dc\",\"alternateName\":\"Valika\",\"url\":\"https:\/\/valika.eu\/fi\/\",\"logo\":{\"@type\":\"ImageObject\",\"inLanguage\":\"fi\",\"@id\":\"https:\/\/valika.eu\/fi\/#\/schema\/logo\/image\/\",\"url\":\"https:\/\/valika.eu\/wp-content\/uploads\/2023\/11\/logo2-valika-footer.png\",\"contentUrl\":\"https:\/\/valika.eu\/wp-content\/uploads\/2023\/11\/logo2-valika-footer.png\",\"width\":200,\"height\":129,\"caption\":\"Salongitoode O\u00dc\"},\"image\":{\"@id\":\"https:\/\/valika.eu\/fi\/#\/schema\/logo\/image\/\"},\"sameAs\":[\"https:\/\/www.facebook.com\/tipsi.net\"]}]}<\/script>\n<!-- \/ Yoast SEO plugin. -->","yoast_head_json":{"title":"Kynsinauhaty\u00f6kalu kaksi  p\u00e4\u00e4t\u00e4, polygel lasta | Valika","robots":{"index":"index","follow":"follow","max-snippet":"max-snippet:-1","max-image-preview":"max-image-preview:large","max-video-preview":"max-video-preview:-1"},"canonical":"https:\/\/valika.eu\/fi\/toode\/kuunenahalukkaja-polygeeli-spaatel\/","og_locale":"fi_FI","og_type":"article","og_title":"Kynsinauhaty\u00f6kalu kaksi  p\u00e4\u00e4t\u00e4, polygel lasta | Valika","og_description":"Erinomaisen laadukas kynsinauhaty\u00f6kalu, joka on v\u00e4ltt\u00e4m\u00e4t\u00f6n kynsien muotoilussa ja takaa tarkan ty\u00f6skentelyn luonnollisessa manikyyriss\u00e4. Sopii my\u00f6s t\u00e4ydellisesti geelin ja akryylin","og_url":"https:\/\/valika.eu\/fi\/toode\/kuunenahalukkaja-polygeeli-spaatel\/","og_site_name":"Valika","article_publisher":"https:\/\/www.facebook.com\/tipsi.net","article_modified_time":"2025-07-02T02:01:13+00:00","og_image":[{"width":650,"height":650,"url":"https:\/\/valika.eu\/wp-content\/uploads\/2025\/02\/dlutko.jpg","type":"image\/jpeg"}],"twitter_card":"summary_large_image","schema":{"@context":"https:\/\/schema.org","@graph":[{"@type":"WebPage","@id":"https:\/\/valika.eu\/fi\/toode\/kuunenahalukkaja-polygeeli-spaatel\/","url":"https:\/\/valika.eu\/fi\/toode\/kuunenahalukkaja-polygeeli-spaatel\/","name":"Kynsinauhaty\u00f6kalu kaksi p\u00e4\u00e4t\u00e4, polygel lasta | Valika","isPartOf":{"@id":"https:\/\/valika.eu\/fi\/#website"},"primaryImageOfPage":{"@id":"https:\/\/valika.eu\/fi\/toode\/kuunenahalukkaja-polygeeli-spaatel\/#primaryimage"},"image":{"@id":"https:\/\/valika.eu\/toode\/kuunenahalukkaja-polygeeli-spaatel\/#primaryimage"},"thumbnailUrl":"https:\/\/valika.eu\/wp-content\/uploads\/2025\/02\/dlutko.jpg","datePublished":"2025-02-10T11:19:38+00:00","dateModified":"2025-07-02T02:01:13+00:00","breadcrumb":{"@id":"https:\/\/valika.eu\/fi\/toode\/kuunenahalukkaja-polygeeli-spaatel\/#breadcrumb"},"inLanguage":"fi","potentialAction":[{"@type":"ReadAction","target":[["https:\/\/valika.eu\/fi\/toode\/kuunenahalukkaja-polygeeli-spaatel\/"]]}]},{"@type":"ImageObject","inLanguage":"fi","@id":"https:\/\/valika.eu\/fi\/toode\/kuunenahalukkaja-polygeeli-spaatel\/#primaryimage","url":"https:\/\/valika.eu\/wp-content\/uploads\/2025\/02\/dlutko.jpg","contentUrl":"https:\/\/valika.eu\/wp-content\/uploads\/2025\/02\/dlutko.jpg","width":650,"height":650,"caption":"14022353131c9db3b5df386013d652fc00ee1c497c77816e7f5730ff75e3fe2be1a250f46b66ab352149a4548ed71ad896ee4b7dafa9fe8190f7aac762d5714e43d98ca2110374cdbe137eedc49f5d46"},{"@type":"BreadcrumbList","@id":"https:\/\/valika.eu\/fi\/toode\/kuunenahalukkaja-polygeeli-spaatel\/#breadcrumb","itemListElement":[{"@type":"ListItem","position":1,"name":"Koti","item":"https:\/\/valika.eu\/fi\/"},{"@type":"ListItem","position":2,"name":"Shop","item":"https:\/\/valika.eu\/fi\/"},{"@type":"ListItem","position":3,"name":"\u0421uticle pusher, polygel spatula"}]},{"@type":"WebSite","@id":"https:\/\/valika.eu\/fi\/#website","url":"https:\/\/valika.eu\/fi\/","name":"Valika.eu","description":"Salonkituotteet ja kauneudenhoitotuotteet - Valika tarjoaa laajan valikoiman tuotteita ja tarvikkeita kynsiteknikoille, kauneushoitoloille, kampaamoille ja kampaamoille.","publisher":{"@id":"https:\/\/valika.eu\/fi\/#organization"},"alternateName":"Valika","potentialAction":[{"@type":"SearchAction","target":{"@type":"EntryPoint","urlTemplate":"https:\/\/valika.eu\/fi\/?s={search_term_string}"},"query-input":{"@type":"PropertyValueSpecification","valueRequired":true,"valueName":"search_term_string"}}],"inLanguage":"fi"},{"@type":"Organization","@id":"https:\/\/valika.eu\/fi\/#organization","name":"Salongitoode O\u00dc","alternateName":"Valika","url":"https:\/\/valika.eu\/fi\/","logo":{"@type":"ImageObject","inLanguage":"fi","@id":"https:\/\/valika.eu\/fi\/#\/schema\/logo\/image\/","url":"https:\/\/valika.eu\/wp-content\/uploads\/2023\/11\/logo2-valika-footer.png","contentUrl":"https:\/\/valika.eu\/wp-content\/uploads\/2023\/11\/logo2-valika-footer.png","width":200,"height":129,"caption":"Salongitoode O\u00dc"},"image":{"@id":"https:\/\/valika.eu\/fi\/#\/schema\/logo\/image\/"},"sameAs":["https:\/\/www.facebook.com\/tipsi.net"]}]}},"jetpack_sharing_enabled":true,"_links":{"self":[{"href":"https:\/\/valika.eu\/fi\/wp-json\/wp\/v2\/product\/12897","targetHints":{"allow":["GET"]}}],"collection":[{"href":"https:\/\/valika.eu\/fi\/wp-json\/wp\/v2\/product"}],"about":[{"href":"https:\/\/valika.eu\/fi\/wp-json\/wp\/v2\/types\/product"}],"wp:featuredmedia":[{"embeddable":true,"href":"https:\/\/valika.eu\/fi\/wp-json\/wp\/v2\/media\/12898"}],"wp:attachment":[{"href":"https:\/\/valika.eu\/fi\/wp-json\/wp\/v2\/media?parent=12897"}],"wp:term":[{"taxonomy":"product_brand","embeddable":true,"href":"https:\/\/valika.eu\/fi\/wp-json\/wp\/v2\/product_brand?post=12897"},{"taxonomy":"product_cat","embeddable":true,"href":"https:\/\/valika.eu\/fi\/wp-json\/wp\/v2\/product_cat?post=12897"},{"taxonomy":"product_tag","embeddable":true,"href":"https:\/\/valika.eu\/fi\/wp-json\/wp\/v2\/product_tag?post=12897"}],"curies":[{"name":"wp","href":"https:\/\/api.w.org\/{rel}","templated":true}]}}