{"id":12903,"date":"2025-02-10T13:59:17","date_gmt":"2025-02-10T11:59:17","guid":{"rendered":"https:\/\/valika.eu\/?post_type=product&#038;p=12903"},"modified":"2025-07-02T05:01:13","modified_gmt":"2025-07-02T02:01:13","slug":"poleer-poleerviil-nail-shiner-mini-kahepoolne-gradatsiooniga-600-3000-sirge","status":"publish","type":"product","link":"https:\/\/valika.eu\/fi\/toode\/poleer-poleerviil-nail-shiner-mini-kahepoolne-gradatsiooniga-600-3000-sirge\/","title":{"rendered":"Kiillotusviila \u2013 Nail Shiner MINI &#8211; KAKSIPUOLINEN, KARKEUDET 600\/3000 suoraan"},"content":{"rendered":"<p>KIILTOPOLIERO MINI &#8211; KAKSIPUOLINEN, KARKEUDET 600\/3000<\/p>\n<p>Superkiilt\u00e4v\u00e4n polieromme mini-versio. Suunniteltu akryylin ja geelin ty\u00f6st\u00e4miseen sek\u00e4 luonnollisille kynsille ja manikyyriin.<br \/>\nMahdollistaa keinotekoisten ja luonnollisten kynsien kiillottamisen korkeakiiltoiseksi. Suosittelemme k\u00e4ytt\u00e4m\u00e4\u00e4n kynsi\u00f6ljy\u00e4 valkoisella puolella (3000) kiillotettaessa.<\/p>\n<p>Kest\u00e4v\u00e4 ja laadukkaasti valmistettu kiillotusviila.<br \/>\nVaahdosta valmistettu.<br \/>\nSis\u00e4lt\u00e4\u00e4 kaksi eri karkeutta.<\/p>","protected":false},"excerpt":{"rendered":"<p>KIILTOPOLIERO MINI &#8211; KAKSIPUOLINEN, KARKEUDET 600\/3000 Superkiilt\u00e4v\u00e4n polieromme mini-versio. Suunniteltu akryylin ja geelin ty\u00f6st\u00e4miseen sek\u00e4 luonnollisille kynsille ja manikyyriin. Mahdollistaa<\/p>\n","protected":false},"featured_media":12904,"template":"","meta":[],"product_brand":[],"product_cat":[358],"product_tag":[],"class_list":{"0":"post-12903","1":"product","2":"type-product","3":"status-publish","4":"has-post-thumbnail","6":"product_cat-kuuneviil-poleer","8":"first","9":"instock","10":"taxable","11":"shipping-taxable","12":"purchasable","13":"product-type-simple"},"yoast_head":"<!-- This site is optimized with the Yoast SEO plugin v24.4 - https:\/\/yoast.com\/wordpress\/plugins\/seo\/ -->\n<title>Kiillotusviila \u2013 Nail Shiner MINI - KAKSIPUOLINEN, KARKEUDET 600\/3000 suoraan | Valika<\/title>\n<meta name=\"robots\" content=\"index, follow, max-snippet:-1, max-image-preview:large, max-video-preview:-1\" \/>\n<link rel=\"canonical\" href=\"https:\/\/valika.eu\/fi\/toode\/poleer-poleerviil-nail-shiner-mini-kahepoolne-gradatsiooniga-600-3000-sirge\/\" \/>\n<meta property=\"og:locale\" content=\"fi_FI\" \/>\n<meta property=\"og:type\" content=\"article\" \/>\n<meta property=\"og:title\" content=\"Kiillotusviila \u2013 Nail Shiner MINI - KAKSIPUOLINEN, KARKEUDET 600\/3000 suoraan | Valika\" \/>\n<meta property=\"og:description\" content=\"KIILTOPOLIERO MINI &#8211; KAKSIPUOLINEN, KARKEUDET 600\/3000 Superkiilt\u00e4v\u00e4n polieromme mini-versio. Suunniteltu akryylin ja geelin ty\u00f6st\u00e4miseen sek\u00e4 luonnollisille kynsille ja manikyyriin. Mahdollistaa\" \/>\n<meta property=\"og:url\" content=\"https:\/\/valika.eu\/fi\/toode\/poleer-poleerviil-nail-shiner-mini-kahepoolne-gradatsiooniga-600-3000-sirge\/\" \/>\n<meta property=\"og:site_name\" content=\"Valika\" \/>\n<meta property=\"article:publisher\" content=\"https:\/\/www.facebook.com\/tipsi.net\" \/>\n<meta property=\"article:modified_time\" content=\"2025-07-02T02:01:13+00:00\" \/>\n<meta property=\"og:image\" content=\"https:\/\/valika.eu\/wp-content\/uploads\/2025\/02\/POLERKA_HLD_600_3000.jpg\" \/>\n\t<meta property=\"og:image:width\" content=\"640\" \/>\n\t<meta property=\"og:image:height\" content=\"640\" \/>\n\t<meta property=\"og:image:type\" content=\"image\/jpeg\" \/>\n<meta name=\"twitter:card\" content=\"summary_large_image\" \/>\n<script type=\"application\/ld+json\" class=\"yoast-schema-graph\">{\"@context\":\"https:\/\/schema.org\",\"@graph\":[{\"@type\":\"WebPage\",\"@id\":\"https:\/\/valika.eu\/fi\/toode\/poleer-poleerviil-nail-shiner-mini-kahepoolne-gradatsiooniga-600-3000-sirge\/\",\"url\":\"https:\/\/valika.eu\/fi\/toode\/poleer-poleerviil-nail-shiner-mini-kahepoolne-gradatsiooniga-600-3000-sirge\/\",\"name\":\"Kiillotusviila \u2013 Nail Shiner MINI - KAKSIPUOLINEN, KARKEUDET 600\/3000 suoraan | Valika\",\"isPartOf\":{\"@id\":\"https:\/\/valika.eu\/fi\/#website\"},\"primaryImageOfPage\":{\"@id\":\"https:\/\/valika.eu\/fi\/toode\/poleer-poleerviil-nail-shiner-mini-kahepoolne-gradatsiooniga-600-3000-sirge\/#primaryimage\"},\"image\":{\"@id\":\"https:\/\/valika.eu\/toode\/poleer-poleerviil-nail-shiner-mini-kahepoolne-gradatsiooniga-600-3000-sirge\/#primaryimage\"},\"thumbnailUrl\":\"https:\/\/valika.eu\/wp-content\/uploads\/2025\/02\/POLERKA_HLD_600_3000.jpg\",\"datePublished\":\"2025-02-10T11:59:17+00:00\",\"dateModified\":\"2025-07-02T02:01:13+00:00\",\"breadcrumb\":{\"@id\":\"https:\/\/valika.eu\/fi\/toode\/poleer-poleerviil-nail-shiner-mini-kahepoolne-gradatsiooniga-600-3000-sirge\/#breadcrumb\"},\"inLanguage\":\"fi\",\"potentialAction\":[{\"@type\":\"ReadAction\",\"target\":[[\"https:\/\/valika.eu\/fi\/toode\/poleer-poleerviil-nail-shiner-mini-kahepoolne-gradatsiooniga-600-3000-sirge\/\"]]}]},{\"@type\":\"ImageObject\",\"inLanguage\":\"fi\",\"@id\":\"https:\/\/valika.eu\/fi\/toode\/poleer-poleerviil-nail-shiner-mini-kahepoolne-gradatsiooniga-600-3000-sirge\/#primaryimage\",\"url\":\"https:\/\/valika.eu\/wp-content\/uploads\/2025\/02\/POLERKA_HLD_600_3000.jpg\",\"contentUrl\":\"https:\/\/valika.eu\/wp-content\/uploads\/2025\/02\/POLERKA_HLD_600_3000.jpg\",\"width\":640,\"height\":640},{\"@type\":\"BreadcrumbList\",\"@id\":\"https:\/\/valika.eu\/fi\/toode\/poleer-poleerviil-nail-shiner-mini-kahepoolne-gradatsiooniga-600-3000-sirge\/#breadcrumb\",\"itemListElement\":[{\"@type\":\"ListItem\",\"position\":1,\"name\":\"Koti\",\"item\":\"https:\/\/valika.eu\/fi\/\"},{\"@type\":\"ListItem\",\"position\":2,\"name\":\"Shop\",\"item\":\"https:\/\/valika.eu\/fi\/\"},{\"@type\":\"ListItem\",\"position\":3,\"name\":\"POLISHING BUFFER Nail Shiner MINI &#8211; DOUBLE-SIDED, GRIT 600\/3000 straight\"}]},{\"@type\":\"WebSite\",\"@id\":\"https:\/\/valika.eu\/fi\/#website\",\"url\":\"https:\/\/valika.eu\/fi\/\",\"name\":\"Valika.eu\",\"description\":\"Salonkituotteet ja kauneudenhoitotuotteet - Valika tarjoaa laajan valikoiman tuotteita ja tarvikkeita kynsiteknikoille, kauneushoitoloille, kampaamoille ja kampaamoille.\",\"publisher\":{\"@id\":\"https:\/\/valika.eu\/fi\/#organization\"},\"alternateName\":\"Valika\",\"potentialAction\":[{\"@type\":\"SearchAction\",\"target\":{\"@type\":\"EntryPoint\",\"urlTemplate\":\"https:\/\/valika.eu\/fi\/?s={search_term_string}\"},\"query-input\":{\"@type\":\"PropertyValueSpecification\",\"valueRequired\":true,\"valueName\":\"search_term_string\"}}],\"inLanguage\":\"fi\"},{\"@type\":\"Organization\",\"@id\":\"https:\/\/valika.eu\/fi\/#organization\",\"name\":\"Salongitoode O\u00dc\",\"alternateName\":\"Valika\",\"url\":\"https:\/\/valika.eu\/fi\/\",\"logo\":{\"@type\":\"ImageObject\",\"inLanguage\":\"fi\",\"@id\":\"https:\/\/valika.eu\/fi\/#\/schema\/logo\/image\/\",\"url\":\"https:\/\/valika.eu\/wp-content\/uploads\/2023\/11\/logo2-valika-footer.png\",\"contentUrl\":\"https:\/\/valika.eu\/wp-content\/uploads\/2023\/11\/logo2-valika-footer.png\",\"width\":200,\"height\":129,\"caption\":\"Salongitoode O\u00dc\"},\"image\":{\"@id\":\"https:\/\/valika.eu\/fi\/#\/schema\/logo\/image\/\"},\"sameAs\":[\"https:\/\/www.facebook.com\/tipsi.net\"]}]}<\/script>\n<!-- \/ Yoast SEO plugin. -->","yoast_head_json":{"title":"Kiillotusviila \u2013 Nail Shiner MINI - KAKSIPUOLINEN, KARKEUDET 600\/3000 suoraan | Valika","robots":{"index":"index","follow":"follow","max-snippet":"max-snippet:-1","max-image-preview":"max-image-preview:large","max-video-preview":"max-video-preview:-1"},"canonical":"https:\/\/valika.eu\/fi\/toode\/poleer-poleerviil-nail-shiner-mini-kahepoolne-gradatsiooniga-600-3000-sirge\/","og_locale":"fi_FI","og_type":"article","og_title":"Kiillotusviila \u2013 Nail Shiner MINI - KAKSIPUOLINEN, KARKEUDET 600\/3000 suoraan | Valika","og_description":"KIILTOPOLIERO MINI &#8211; KAKSIPUOLINEN, KARKEUDET 600\/3000 Superkiilt\u00e4v\u00e4n polieromme mini-versio. Suunniteltu akryylin ja geelin ty\u00f6st\u00e4miseen sek\u00e4 luonnollisille kynsille ja manikyyriin. Mahdollistaa","og_url":"https:\/\/valika.eu\/fi\/toode\/poleer-poleerviil-nail-shiner-mini-kahepoolne-gradatsiooniga-600-3000-sirge\/","og_site_name":"Valika","article_publisher":"https:\/\/www.facebook.com\/tipsi.net","article_modified_time":"2025-07-02T02:01:13+00:00","og_image":[{"width":640,"height":640,"url":"https:\/\/valika.eu\/wp-content\/uploads\/2025\/02\/POLERKA_HLD_600_3000.jpg","type":"image\/jpeg"}],"twitter_card":"summary_large_image","schema":{"@context":"https:\/\/schema.org","@graph":[{"@type":"WebPage","@id":"https:\/\/valika.eu\/fi\/toode\/poleer-poleerviil-nail-shiner-mini-kahepoolne-gradatsiooniga-600-3000-sirge\/","url":"https:\/\/valika.eu\/fi\/toode\/poleer-poleerviil-nail-shiner-mini-kahepoolne-gradatsiooniga-600-3000-sirge\/","name":"Kiillotusviila \u2013 Nail Shiner MINI - KAKSIPUOLINEN, KARKEUDET 600\/3000 suoraan | Valika","isPartOf":{"@id":"https:\/\/valika.eu\/fi\/#website"},"primaryImageOfPage":{"@id":"https:\/\/valika.eu\/fi\/toode\/poleer-poleerviil-nail-shiner-mini-kahepoolne-gradatsiooniga-600-3000-sirge\/#primaryimage"},"image":{"@id":"https:\/\/valika.eu\/toode\/poleer-poleerviil-nail-shiner-mini-kahepoolne-gradatsiooniga-600-3000-sirge\/#primaryimage"},"thumbnailUrl":"https:\/\/valika.eu\/wp-content\/uploads\/2025\/02\/POLERKA_HLD_600_3000.jpg","datePublished":"2025-02-10T11:59:17+00:00","dateModified":"2025-07-02T02:01:13+00:00","breadcrumb":{"@id":"https:\/\/valika.eu\/fi\/toode\/poleer-poleerviil-nail-shiner-mini-kahepoolne-gradatsiooniga-600-3000-sirge\/#breadcrumb"},"inLanguage":"fi","potentialAction":[{"@type":"ReadAction","target":[["https:\/\/valika.eu\/fi\/toode\/poleer-poleerviil-nail-shiner-mini-kahepoolne-gradatsiooniga-600-3000-sirge\/"]]}]},{"@type":"ImageObject","inLanguage":"fi","@id":"https:\/\/valika.eu\/fi\/toode\/poleer-poleerviil-nail-shiner-mini-kahepoolne-gradatsiooniga-600-3000-sirge\/#primaryimage","url":"https:\/\/valika.eu\/wp-content\/uploads\/2025\/02\/POLERKA_HLD_600_3000.jpg","contentUrl":"https:\/\/valika.eu\/wp-content\/uploads\/2025\/02\/POLERKA_HLD_600_3000.jpg","width":640,"height":640},{"@type":"BreadcrumbList","@id":"https:\/\/valika.eu\/fi\/toode\/poleer-poleerviil-nail-shiner-mini-kahepoolne-gradatsiooniga-600-3000-sirge\/#breadcrumb","itemListElement":[{"@type":"ListItem","position":1,"name":"Koti","item":"https:\/\/valika.eu\/fi\/"},{"@type":"ListItem","position":2,"name":"Shop","item":"https:\/\/valika.eu\/fi\/"},{"@type":"ListItem","position":3,"name":"POLISHING BUFFER Nail Shiner MINI &#8211; DOUBLE-SIDED, GRIT 600\/3000 straight"}]},{"@type":"WebSite","@id":"https:\/\/valika.eu\/fi\/#website","url":"https:\/\/valika.eu\/fi\/","name":"Valika.eu","description":"Salonkituotteet ja kauneudenhoitotuotteet - Valika tarjoaa laajan valikoiman tuotteita ja tarvikkeita kynsiteknikoille, kauneushoitoloille, kampaamoille ja kampaamoille.","publisher":{"@id":"https:\/\/valika.eu\/fi\/#organization"},"alternateName":"Valika","potentialAction":[{"@type":"SearchAction","target":{"@type":"EntryPoint","urlTemplate":"https:\/\/valika.eu\/fi\/?s={search_term_string}"},"query-input":{"@type":"PropertyValueSpecification","valueRequired":true,"valueName":"search_term_string"}}],"inLanguage":"fi"},{"@type":"Organization","@id":"https:\/\/valika.eu\/fi\/#organization","name":"Salongitoode O\u00dc","alternateName":"Valika","url":"https:\/\/valika.eu\/fi\/","logo":{"@type":"ImageObject","inLanguage":"fi","@id":"https:\/\/valika.eu\/fi\/#\/schema\/logo\/image\/","url":"https:\/\/valika.eu\/wp-content\/uploads\/2023\/11\/logo2-valika-footer.png","contentUrl":"https:\/\/valika.eu\/wp-content\/uploads\/2023\/11\/logo2-valika-footer.png","width":200,"height":129,"caption":"Salongitoode O\u00dc"},"image":{"@id":"https:\/\/valika.eu\/fi\/#\/schema\/logo\/image\/"},"sameAs":["https:\/\/www.facebook.com\/tipsi.net"]}]}},"jetpack_sharing_enabled":true,"_links":{"self":[{"href":"https:\/\/valika.eu\/fi\/wp-json\/wp\/v2\/product\/12903","targetHints":{"allow":["GET"]}}],"collection":[{"href":"https:\/\/valika.eu\/fi\/wp-json\/wp\/v2\/product"}],"about":[{"href":"https:\/\/valika.eu\/fi\/wp-json\/wp\/v2\/types\/product"}],"wp:featuredmedia":[{"embeddable":true,"href":"https:\/\/valika.eu\/fi\/wp-json\/wp\/v2\/media\/12904"}],"wp:attachment":[{"href":"https:\/\/valika.eu\/fi\/wp-json\/wp\/v2\/media?parent=12903"}],"wp:term":[{"taxonomy":"product_brand","embeddable":true,"href":"https:\/\/valika.eu\/fi\/wp-json\/wp\/v2\/product_brand?post=12903"},{"taxonomy":"product_cat","embeddable":true,"href":"https:\/\/valika.eu\/fi\/wp-json\/wp\/v2\/product_cat?post=12903"},{"taxonomy":"product_tag","embeddable":true,"href":"https:\/\/valika.eu\/fi\/wp-json\/wp\/v2\/product_tag?post=12903"}],"curies":[{"name":"wp","href":"https:\/\/api.w.org\/{rel}","templated":true}]}}