{"id":13047,"date":"2025-02-21T10:28:50","date_gmt":"2025-02-21T08:28:50","guid":{"rendered":"https:\/\/valika.eu\/?post_type=product&#038;p=13047"},"modified":"2026-02-05T13:45:16","modified_gmt":"2026-02-05T11:45:16","slug":"aloe-skinsept-geel-katele-500ml","status":"publish","type":"product","link":"https:\/\/valika.eu\/fi\/toode\/aloe-skinsept-geel-katele-500ml\/","title":{"rendered":"Aloe Skinsept geeli k\u00e4sille 500 ml"},"content":{"rendered":"<p><\/p>\n<p data-start=\"3062\" data-end=\"3504\">Tuotetta voidaan k\u00e4ytt\u00e4\u00e4 veden ja saippuan sijasta tai niiden puuttuessa, jos k\u00e4det eiv\u00e4t ole n\u00e4kyv\u00e4sti likaiset. Sis\u00e4lt\u00e4\u00e4 ihoa suojaavaa, kosteuttavaa ja ravitsevaa Aloe Vera -geeli\u00e4. K\u00e4yt\u00f6n j\u00e4lkeen iho j\u00e4\u00e4 pehme\u00e4ksi, silkkiseksi ja miellytt\u00e4v\u00e4n tuoksuiseksi.<br data-start=\"3322\" data-end=\"3325\" \/>Geelim\u00e4inen koostumus takaa helpon k\u00e4yt\u00f6n, tehokkuuden ja v\u00e4h\u00e4isen haihtuvuuden. Tuotteessa on k\u00e4ytetty puhdasta ja v\u00e4h\u00e4haihtuvaa etanolia hengitystieallergioiden v\u00e4ltt\u00e4miseksi.<\/p>\n<p data-start=\"3506\" data-end=\"3967\"><strong data-start=\"3506\" data-end=\"3523\">ALOE SKINSEPT<\/strong> on bakteereja, viruksia ja sieni\u00e4 tuhoava desinfiointiaine. Se h\u00e4vitt\u00e4\u00e4 gramnegatiivisia ja grampositiivisia bakteereja (mukaan lukien <em data-start=\"3659\" data-end=\"3681\">Mycobacterium terrae<\/em>) sek\u00e4 sieni\u00e4, ja deaktivoi sek\u00e4 vaipallisia (esim. HBV, HIV, HCV, Vaccinia, <em data-start=\"3758\" data-end=\"3774\">Herpes simplex<\/em>) ett\u00e4 vaipattomia viruksia (esim. Adeno, Rota).<br data-start=\"3822\" data-end=\"3825\" \/><strong data-start=\"3825\" data-end=\"3842\">ALOE SKINSEPT<\/strong> tuhoaa iholla olevat bakteerit ja virukset 30 sekunnissa. Ihanteellinen tuote matkoille, retkeilyyn ja kotil\u00e4\u00e4kevarastoon.<\/p>\n<h4 data-start=\"3969\" data-end=\"3991\"><strong data-start=\"3974\" data-end=\"3989\">K\u00c4YTT\u00d6OHJE:<\/strong><\/h4>\n<p data-start=\"3992\" data-end=\"4122\">Levit\u00e4 geeli k\u00e4sille niin, ett\u00e4 koko k\u00e4den pinta peittyy, ja hiero kuivaksi. Ei tarvitse huuhdella. Ei saa k\u00e4ytt\u00e4\u00e4 avohaavoihin.<\/p>\n<p data-start=\"4124\" data-end=\"4183\">T\u00e4ytt\u00e4\u00e4 standardien EN12791; EN1500; EN13727 vaatimukset.<\/p>\n<h4 data-start=\"4185\" data-end=\"4213\"><strong data-start=\"4190\" data-end=\"4211\">VAROTOIMENPITEET:<\/strong><\/h4>\n<p data-start=\"4214\" data-end=\"4306\">Noudata turvallisuusohjeita k\u00e4ytett\u00e4ess\u00e4! Sis\u00e4lt\u00e4\u00e4 biosidia! Lue k\u00e4ytt\u00f6ohje ennen k\u00e4ytt\u00f6\u00e4!<\/p>\n<ul data-start=\"4307\" data-end=\"4489\">\n<li data-start=\"4307\" data-end=\"4346\">Tuote on eritt\u00e4in helposti syttyv\u00e4.<\/li>\n<li data-start=\"4347\" data-end=\"4395\">Pid\u00e4 poissa syttymisl\u00e4hteist\u00e4 \u2013 \u00e4l\u00e4 tupakoi!<\/li>\n<li data-start=\"4396\" data-end=\"4489\">Jos tuotetta joutuu silmiin, huuhtele heti runsaalla vedell\u00e4 ja hakeudu l\u00e4\u00e4k\u00e4rin hoitoon.<\/li>\n<\/ul>\n<p data-start=\"4491\" data-end=\"4535\" data-is-last-node=\"\" data-is-only-node=\"\">Biosidin rekister\u00f6intitodistus nro 0433\/08<\/p>\n<p><\/p>","protected":false},"excerpt":{"rendered":"<p>Tuotetta voidaan k\u00e4ytt\u00e4\u00e4 veden ja saippuan sijasta tai niiden puuttuessa, jos k\u00e4det eiv\u00e4t ole n\u00e4kyv\u00e4sti likaiset. Sis\u00e4lt\u00e4\u00e4 ihoa suojaavaa, kosteuttavaa<\/p>\n","protected":false},"featured_media":13048,"template":"","meta":[],"product_brand":[],"product_cat":[599],"product_tag":[],"class_list":{"0":"post-13047","1":"product","2":"type-product","3":"status-publish","4":"has-post-thumbnail","6":"product_cat-desinfitseerimisvahendid","8":"first","9":"instock","10":"taxable","11":"shipping-taxable","12":"purchasable","13":"product-type-simple"},"yoast_head":"<!-- This site is optimized with the Yoast SEO plugin v24.4 - https:\/\/yoast.com\/wordpress\/plugins\/seo\/ -->\n<title>Aloe Skinsept geeli k\u00e4sille 500 ml | Valika<\/title>\n<meta name=\"robots\" content=\"index, follow, max-snippet:-1, max-image-preview:large, max-video-preview:-1\" \/>\n<link rel=\"canonical\" href=\"https:\/\/valika.eu\/fi\/toode\/aloe-skinsept-geel-katele-500ml\/\" \/>\n<meta property=\"og:locale\" content=\"fi_FI\" \/>\n<meta property=\"og:type\" content=\"article\" \/>\n<meta property=\"og:title\" content=\"Aloe Skinsept geeli k\u00e4sille 500 ml | Valika\" \/>\n<meta property=\"og:description\" content=\"Tuotetta voidaan k\u00e4ytt\u00e4\u00e4 veden ja saippuan sijasta tai niiden puuttuessa, jos k\u00e4det eiv\u00e4t ole n\u00e4kyv\u00e4sti likaiset. Sis\u00e4lt\u00e4\u00e4 ihoa suojaavaa, kosteuttavaa\" \/>\n<meta property=\"og:url\" content=\"https:\/\/valika.eu\/fi\/toode\/aloe-skinsept-geel-katele-500ml\/\" \/>\n<meta property=\"og:site_name\" content=\"Valika\" \/>\n<meta property=\"article:publisher\" content=\"https:\/\/www.facebook.com\/tipsi.net\" \/>\n<meta property=\"article:modified_time\" content=\"2026-02-05T11:45:16+00:00\" \/>\n<meta property=\"og:image\" content=\"https:\/\/valika.eu\/wp-content\/uploads\/2025\/02\/aloe-skinsept-500ml.jpg\" \/>\n\t<meta property=\"og:image:width\" content=\"1000\" \/>\n\t<meta property=\"og:image:height\" content=\"1000\" \/>\n\t<meta property=\"og:image:type\" content=\"image\/jpeg\" \/>\n<meta name=\"twitter:card\" content=\"summary_large_image\" \/>\n<script type=\"application\/ld+json\" class=\"yoast-schema-graph\">{\"@context\":\"https:\/\/schema.org\",\"@graph\":[{\"@type\":\"WebPage\",\"@id\":\"https:\/\/valika.eu\/fi\/toode\/aloe-skinsept-geel-katele-500ml\/\",\"url\":\"https:\/\/valika.eu\/fi\/toode\/aloe-skinsept-geel-katele-500ml\/\",\"name\":\"Aloe Skinsept geeli k\u00e4sille 500 ml | Valika\",\"isPartOf\":{\"@id\":\"https:\/\/valika.eu\/fi\/#website\"},\"primaryImageOfPage\":{\"@id\":\"https:\/\/valika.eu\/fi\/toode\/aloe-skinsept-geel-katele-500ml\/#primaryimage\"},\"image\":{\"@id\":\"https:\/\/valika.eu\/toode\/aloe-skinsept-geel-katele-500ml\/#primaryimage\"},\"thumbnailUrl\":\"https:\/\/valika.eu\/wp-content\/uploads\/2025\/02\/aloe-skinsept-500ml.jpg\",\"datePublished\":\"2025-02-21T08:28:50+00:00\",\"dateModified\":\"2026-02-05T11:45:16+00:00\",\"breadcrumb\":{\"@id\":\"https:\/\/valika.eu\/fi\/toode\/aloe-skinsept-geel-katele-500ml\/#breadcrumb\"},\"inLanguage\":\"fi\",\"potentialAction\":[{\"@type\":\"ReadAction\",\"target\":[[\"https:\/\/valika.eu\/fi\/toode\/aloe-skinsept-geel-katele-500ml\/\"]]}]},{\"@type\":\"ImageObject\",\"inLanguage\":\"fi\",\"@id\":\"https:\/\/valika.eu\/fi\/toode\/aloe-skinsept-geel-katele-500ml\/#primaryimage\",\"url\":\"https:\/\/valika.eu\/wp-content\/uploads\/2025\/02\/aloe-skinsept-500ml.jpg\",\"contentUrl\":\"https:\/\/valika.eu\/wp-content\/uploads\/2025\/02\/aloe-skinsept-500ml.jpg\",\"width\":1000,\"height\":1000},{\"@type\":\"BreadcrumbList\",\"@id\":\"https:\/\/valika.eu\/fi\/toode\/aloe-skinsept-geel-katele-500ml\/#breadcrumb\",\"itemListElement\":[{\"@type\":\"ListItem\",\"position\":1,\"name\":\"Koti\",\"item\":\"https:\/\/valika.eu\/fi\/\"},{\"@type\":\"ListItem\",\"position\":2,\"name\":\"Shop\",\"item\":\"https:\/\/valika.eu\/fi\/\"},{\"@type\":\"ListItem\",\"position\":3,\"name\":\"Aloe skinsept geel k\u00e4tele 500ml\"}]},{\"@type\":\"WebSite\",\"@id\":\"https:\/\/valika.eu\/fi\/#website\",\"url\":\"https:\/\/valika.eu\/fi\/\",\"name\":\"Valika.eu\",\"description\":\"Salonkituotteet ja kauneudenhoitotuotteet - Valika tarjoaa laajan valikoiman tuotteita ja tarvikkeita kynsiteknikoille, kauneushoitoloille, kampaamoille ja kampaamoille.\",\"publisher\":{\"@id\":\"https:\/\/valika.eu\/fi\/#organization\"},\"alternateName\":\"Valika\",\"potentialAction\":[{\"@type\":\"SearchAction\",\"target\":{\"@type\":\"EntryPoint\",\"urlTemplate\":\"https:\/\/valika.eu\/fi\/?s={search_term_string}\"},\"query-input\":{\"@type\":\"PropertyValueSpecification\",\"valueRequired\":true,\"valueName\":\"search_term_string\"}}],\"inLanguage\":\"fi\"},{\"@type\":\"Organization\",\"@id\":\"https:\/\/valika.eu\/fi\/#organization\",\"name\":\"Salongitoode O\u00dc\",\"alternateName\":\"Valika\",\"url\":\"https:\/\/valika.eu\/fi\/\",\"logo\":{\"@type\":\"ImageObject\",\"inLanguage\":\"fi\",\"@id\":\"https:\/\/valika.eu\/fi\/#\/schema\/logo\/image\/\",\"url\":\"https:\/\/valika.eu\/wp-content\/uploads\/2023\/11\/logo2-valika-footer.png\",\"contentUrl\":\"https:\/\/valika.eu\/wp-content\/uploads\/2023\/11\/logo2-valika-footer.png\",\"width\":200,\"height\":129,\"caption\":\"Salongitoode O\u00dc\"},\"image\":{\"@id\":\"https:\/\/valika.eu\/fi\/#\/schema\/logo\/image\/\"},\"sameAs\":[\"https:\/\/www.facebook.com\/tipsi.net\"]}]}<\/script>\n<!-- \/ Yoast SEO plugin. -->","yoast_head_json":{"title":"Aloe Skinsept geeli k\u00e4sille 500 ml | Valika","robots":{"index":"index","follow":"follow","max-snippet":"max-snippet:-1","max-image-preview":"max-image-preview:large","max-video-preview":"max-video-preview:-1"},"canonical":"https:\/\/valika.eu\/fi\/toode\/aloe-skinsept-geel-katele-500ml\/","og_locale":"fi_FI","og_type":"article","og_title":"Aloe Skinsept geeli k\u00e4sille 500 ml | Valika","og_description":"Tuotetta voidaan k\u00e4ytt\u00e4\u00e4 veden ja saippuan sijasta tai niiden puuttuessa, jos k\u00e4det eiv\u00e4t ole n\u00e4kyv\u00e4sti likaiset. Sis\u00e4lt\u00e4\u00e4 ihoa suojaavaa, kosteuttavaa","og_url":"https:\/\/valika.eu\/fi\/toode\/aloe-skinsept-geel-katele-500ml\/","og_site_name":"Valika","article_publisher":"https:\/\/www.facebook.com\/tipsi.net","article_modified_time":"2026-02-05T11:45:16+00:00","og_image":[{"width":1000,"height":1000,"url":"https:\/\/valika.eu\/wp-content\/uploads\/2025\/02\/aloe-skinsept-500ml.jpg","type":"image\/jpeg"}],"twitter_card":"summary_large_image","schema":{"@context":"https:\/\/schema.org","@graph":[{"@type":"WebPage","@id":"https:\/\/valika.eu\/fi\/toode\/aloe-skinsept-geel-katele-500ml\/","url":"https:\/\/valika.eu\/fi\/toode\/aloe-skinsept-geel-katele-500ml\/","name":"Aloe Skinsept geeli k\u00e4sille 500 ml | Valika","isPartOf":{"@id":"https:\/\/valika.eu\/fi\/#website"},"primaryImageOfPage":{"@id":"https:\/\/valika.eu\/fi\/toode\/aloe-skinsept-geel-katele-500ml\/#primaryimage"},"image":{"@id":"https:\/\/valika.eu\/toode\/aloe-skinsept-geel-katele-500ml\/#primaryimage"},"thumbnailUrl":"https:\/\/valika.eu\/wp-content\/uploads\/2025\/02\/aloe-skinsept-500ml.jpg","datePublished":"2025-02-21T08:28:50+00:00","dateModified":"2026-02-05T11:45:16+00:00","breadcrumb":{"@id":"https:\/\/valika.eu\/fi\/toode\/aloe-skinsept-geel-katele-500ml\/#breadcrumb"},"inLanguage":"fi","potentialAction":[{"@type":"ReadAction","target":[["https:\/\/valika.eu\/fi\/toode\/aloe-skinsept-geel-katele-500ml\/"]]}]},{"@type":"ImageObject","inLanguage":"fi","@id":"https:\/\/valika.eu\/fi\/toode\/aloe-skinsept-geel-katele-500ml\/#primaryimage","url":"https:\/\/valika.eu\/wp-content\/uploads\/2025\/02\/aloe-skinsept-500ml.jpg","contentUrl":"https:\/\/valika.eu\/wp-content\/uploads\/2025\/02\/aloe-skinsept-500ml.jpg","width":1000,"height":1000},{"@type":"BreadcrumbList","@id":"https:\/\/valika.eu\/fi\/toode\/aloe-skinsept-geel-katele-500ml\/#breadcrumb","itemListElement":[{"@type":"ListItem","position":1,"name":"Koti","item":"https:\/\/valika.eu\/fi\/"},{"@type":"ListItem","position":2,"name":"Shop","item":"https:\/\/valika.eu\/fi\/"},{"@type":"ListItem","position":3,"name":"Aloe skinsept geel k\u00e4tele 500ml"}]},{"@type":"WebSite","@id":"https:\/\/valika.eu\/fi\/#website","url":"https:\/\/valika.eu\/fi\/","name":"Valika.eu","description":"Salonkituotteet ja kauneudenhoitotuotteet - Valika tarjoaa laajan valikoiman tuotteita ja tarvikkeita kynsiteknikoille, kauneushoitoloille, kampaamoille ja kampaamoille.","publisher":{"@id":"https:\/\/valika.eu\/fi\/#organization"},"alternateName":"Valika","potentialAction":[{"@type":"SearchAction","target":{"@type":"EntryPoint","urlTemplate":"https:\/\/valika.eu\/fi\/?s={search_term_string}"},"query-input":{"@type":"PropertyValueSpecification","valueRequired":true,"valueName":"search_term_string"}}],"inLanguage":"fi"},{"@type":"Organization","@id":"https:\/\/valika.eu\/fi\/#organization","name":"Salongitoode O\u00dc","alternateName":"Valika","url":"https:\/\/valika.eu\/fi\/","logo":{"@type":"ImageObject","inLanguage":"fi","@id":"https:\/\/valika.eu\/fi\/#\/schema\/logo\/image\/","url":"https:\/\/valika.eu\/wp-content\/uploads\/2023\/11\/logo2-valika-footer.png","contentUrl":"https:\/\/valika.eu\/wp-content\/uploads\/2023\/11\/logo2-valika-footer.png","width":200,"height":129,"caption":"Salongitoode O\u00dc"},"image":{"@id":"https:\/\/valika.eu\/fi\/#\/schema\/logo\/image\/"},"sameAs":["https:\/\/www.facebook.com\/tipsi.net"]}]}},"jetpack_sharing_enabled":true,"_links":{"self":[{"href":"https:\/\/valika.eu\/fi\/wp-json\/wp\/v2\/product\/13047","targetHints":{"allow":["GET"]}}],"collection":[{"href":"https:\/\/valika.eu\/fi\/wp-json\/wp\/v2\/product"}],"about":[{"href":"https:\/\/valika.eu\/fi\/wp-json\/wp\/v2\/types\/product"}],"wp:featuredmedia":[{"embeddable":true,"href":"https:\/\/valika.eu\/fi\/wp-json\/wp\/v2\/media\/13048"}],"wp:attachment":[{"href":"https:\/\/valika.eu\/fi\/wp-json\/wp\/v2\/media?parent=13047"}],"wp:term":[{"taxonomy":"product_brand","embeddable":true,"href":"https:\/\/valika.eu\/fi\/wp-json\/wp\/v2\/product_brand?post=13047"},{"taxonomy":"product_cat","embeddable":true,"href":"https:\/\/valika.eu\/fi\/wp-json\/wp\/v2\/product_cat?post=13047"},{"taxonomy":"product_tag","embeddable":true,"href":"https:\/\/valika.eu\/fi\/wp-json\/wp\/v2\/product_tag?post=13047"}],"curies":[{"name":"wp","href":"https:\/\/api.w.org\/{rel}","templated":true}]}}