{"id":1307,"date":"2024-10-02T11:37:44","date_gmt":"2024-10-02T08:37:44","guid":{"rendered":"https:\/\/valika.eu\/?post_type=product&#038;p=1307"},"modified":"2026-02-17T16:34:21","modified_gmt":"2026-02-17T14:34:21","slug":"claresa-top-shine-5g","status":"publish","type":"product","link":"https:\/\/valika.eu\/fi\/toode\/claresa-top-shine-5g\/","title":{"rendered":"Claresa Top Shine -5g"},"content":{"rendered":"<p>Claresa Shine Top on universaali l\u00e4pin\u00e4kyv\u00e4 toppi, jossa on ohut dispersiokerros. Tuote ei ainoastaan suojaa kynnen pintaa, vaan antaa sille my\u00f6s kiilt\u00e4v\u00e4n viimeistelyn. Se toimii t\u00e4ydellisesti yhdess\u00e4 merihevospulverien kanssa, joten merihevoskynsien ja #fairycore-estetiikan fanit rakastavat sit\u00e4 varmasti. Tuotteen levitt\u00e4minen on \u00e4\u00e4rimm\u00e4isen helppoa, joten sinun ei tarvitse huolehtia ylivuodosta tai kynnen ymp\u00e4rille valuamisesta.<\/p>\n<p>OMINAISUUDET:<\/p>\n<p>ongelmaton levitys, ilman valuvaa kynnen ymp\u00e4rys<br \/>\nl\u00e4pin\u00e4kyv\u00e4<br \/>\nkorkea kiilto<br \/>\nohut koostumus<br \/>\nkest\u00e4vyys jopa 3 viikkoa<br \/>\ntilavuus: 5 g<br \/>\nK\u00c4YTT\u00d6<\/p>\n<p>Levit\u00e4 kerros toppia aikaisemmin kovetettuun Claresa-hybridilakkaan ja koveta lampussa. Puhdista dispersiokerros puhdistusaineeseen kostutetulla vanulapulla.<\/p>","protected":false},"excerpt":{"rendered":"<p>Universaali l\u00e4pin\u00e4kyv\u00e4 toppi, jossa on herkk\u00e4 dispersiokerros \u2013 Tahmealla j\u00e4\u00e4nn\u00f6ksell\u00e4..<\/p>\n","protected":false},"featured_media":1308,"template":"","meta":[],"product_brand":[],"product_cat":[360,361,651],"product_tag":[],"class_list":{"0":"post-1307","1":"product","2":"type-product","3":"status-publish","4":"has-post-thumbnail","6":"product_cat-pealisalusgeel","7":"product_cat-claresa-top","8":"product_cat-pealisgeelid","10":"first","11":"instock","12":"taxable","13":"shipping-taxable","14":"purchasable","15":"product-type-simple"},"yoast_head":"<!-- This site is optimized with the Yoast SEO plugin v24.4 - https:\/\/yoast.com\/wordpress\/plugins\/seo\/ -->\n<title>Claresa Top Shine -5g | Valika<\/title>\n<meta name=\"description\" content=\"universaalne l\u00e4bipaistev top, millel on \u00f5rn dispersioonikiht.\" \/>\n<meta name=\"robots\" content=\"index, follow, max-snippet:-1, max-image-preview:large, max-video-preview:-1\" \/>\n<link rel=\"canonical\" href=\"https:\/\/valika.eu\/fi\/toode\/claresa-top-shine-5g\/\" \/>\n<meta property=\"og:locale\" content=\"fi_FI\" \/>\n<meta property=\"og:type\" content=\"article\" \/>\n<meta property=\"og:title\" content=\"Claresa Top Shine -5g | Valika\" \/>\n<meta property=\"og:description\" content=\"universaalne l\u00e4bipaistev top, millel on \u00f5rn dispersioonikiht.\" \/>\n<meta property=\"og:url\" content=\"https:\/\/valika.eu\/fi\/toode\/claresa-top-shine-5g\/\" \/>\n<meta property=\"og:site_name\" content=\"Valika\" \/>\n<meta property=\"article:publisher\" content=\"https:\/\/www.facebook.com\/tipsi.net\" \/>\n<meta property=\"article:modified_time\" content=\"2026-02-17T14:34:21+00:00\" \/>\n<meta property=\"og:image\" content=\"https:\/\/valika.eu\/wp-content\/uploads\/2024\/10\/claresa-top-shine.jpg\" \/>\n\t<meta property=\"og:image:width\" content=\"1500\" \/>\n\t<meta property=\"og:image:height\" content=\"1500\" \/>\n\t<meta property=\"og:image:type\" content=\"image\/jpeg\" \/>\n<meta name=\"twitter:card\" content=\"summary_large_image\" \/>\n<script type=\"application\/ld+json\" class=\"yoast-schema-graph\">{\"@context\":\"https:\/\/schema.org\",\"@graph\":[{\"@type\":\"WebPage\",\"@id\":\"https:\/\/valika.eu\/fi\/toode\/claresa-top-shine-5g\/\",\"url\":\"https:\/\/valika.eu\/fi\/toode\/claresa-top-shine-5g\/\",\"name\":\"Claresa Top Shine -5g | Valika\",\"isPartOf\":{\"@id\":\"https:\/\/valika.eu\/fi\/#website\"},\"primaryImageOfPage\":{\"@id\":\"https:\/\/valika.eu\/fi\/toode\/claresa-top-shine-5g\/#primaryimage\"},\"image\":{\"@id\":\"https:\/\/valika.eu\/toode\/claresa-top-shine-5g\/#primaryimage\"},\"thumbnailUrl\":\"https:\/\/valika.eu\/wp-content\/uploads\/2024\/10\/claresa-top-shine.jpg\",\"datePublished\":\"2024-10-02T08:37:44+00:00\",\"dateModified\":\"2026-02-17T14:34:21+00:00\",\"description\":\"universaalne l\u00e4bipaistev top, millel on \u00f5rn dispersioonikiht.\",\"breadcrumb\":{\"@id\":\"https:\/\/valika.eu\/fi\/toode\/claresa-top-shine-5g\/#breadcrumb\"},\"inLanguage\":\"fi\",\"potentialAction\":[{\"@type\":\"ReadAction\",\"target\":[[\"https:\/\/valika.eu\/fi\/toode\/claresa-top-shine-5g\/\"]]}]},{\"@type\":\"ImageObject\",\"inLanguage\":\"fi\",\"@id\":\"https:\/\/valika.eu\/fi\/toode\/claresa-top-shine-5g\/#primaryimage\",\"url\":\"https:\/\/valika.eu\/wp-content\/uploads\/2024\/10\/claresa-top-shine.jpg\",\"contentUrl\":\"https:\/\/valika.eu\/wp-content\/uploads\/2024\/10\/claresa-top-shine.jpg\",\"width\":1500,\"height\":1500},{\"@type\":\"BreadcrumbList\",\"@id\":\"https:\/\/valika.eu\/fi\/toode\/claresa-top-shine-5g\/#breadcrumb\",\"itemListElement\":[{\"@type\":\"ListItem\",\"position\":1,\"name\":\"Koti\",\"item\":\"https:\/\/valika.eu\/fi\/\"},{\"@type\":\"ListItem\",\"position\":2,\"name\":\"Shop\",\"item\":\"https:\/\/valika.eu\/fi\/\"},{\"@type\":\"ListItem\",\"position\":3,\"name\":\"Claresa Top Shine -5g\"}]},{\"@type\":\"WebSite\",\"@id\":\"https:\/\/valika.eu\/fi\/#website\",\"url\":\"https:\/\/valika.eu\/fi\/\",\"name\":\"Valika.eu\",\"description\":\"Salonkituotteet ja kauneudenhoitotuotteet - Valika tarjoaa laajan valikoiman tuotteita ja tarvikkeita kynsiteknikoille, kauneushoitoloille, kampaamoille ja kampaamoille.\",\"publisher\":{\"@id\":\"https:\/\/valika.eu\/fi\/#organization\"},\"alternateName\":\"Valika\",\"potentialAction\":[{\"@type\":\"SearchAction\",\"target\":{\"@type\":\"EntryPoint\",\"urlTemplate\":\"https:\/\/valika.eu\/fi\/?s={search_term_string}\"},\"query-input\":{\"@type\":\"PropertyValueSpecification\",\"valueRequired\":true,\"valueName\":\"search_term_string\"}}],\"inLanguage\":\"fi\"},{\"@type\":\"Organization\",\"@id\":\"https:\/\/valika.eu\/fi\/#organization\",\"name\":\"Salongitoode O\u00dc\",\"alternateName\":\"Valika\",\"url\":\"https:\/\/valika.eu\/fi\/\",\"logo\":{\"@type\":\"ImageObject\",\"inLanguage\":\"fi\",\"@id\":\"https:\/\/valika.eu\/fi\/#\/schema\/logo\/image\/\",\"url\":\"https:\/\/valika.eu\/wp-content\/uploads\/2023\/11\/logo2-valika-footer.png\",\"contentUrl\":\"https:\/\/valika.eu\/wp-content\/uploads\/2023\/11\/logo2-valika-footer.png\",\"width\":200,\"height\":129,\"caption\":\"Salongitoode O\u00dc\"},\"image\":{\"@id\":\"https:\/\/valika.eu\/fi\/#\/schema\/logo\/image\/\"},\"sameAs\":[\"https:\/\/www.facebook.com\/tipsi.net\"]}]}<\/script>\n<!-- \/ Yoast SEO plugin. -->","yoast_head_json":{"title":"Claresa Top Shine -5g | Valika","description":"universaalne l\u00e4bipaistev top, millel on \u00f5rn dispersioonikiht.","robots":{"index":"index","follow":"follow","max-snippet":"max-snippet:-1","max-image-preview":"max-image-preview:large","max-video-preview":"max-video-preview:-1"},"canonical":"https:\/\/valika.eu\/fi\/toode\/claresa-top-shine-5g\/","og_locale":"fi_FI","og_type":"article","og_title":"Claresa Top Shine -5g | Valika","og_description":"universaalne l\u00e4bipaistev top, millel on \u00f5rn dispersioonikiht.","og_url":"https:\/\/valika.eu\/fi\/toode\/claresa-top-shine-5g\/","og_site_name":"Valika","article_publisher":"https:\/\/www.facebook.com\/tipsi.net","article_modified_time":"2026-02-17T14:34:21+00:00","og_image":[{"width":1500,"height":1500,"url":"https:\/\/valika.eu\/wp-content\/uploads\/2024\/10\/claresa-top-shine.jpg","type":"image\/jpeg"}],"twitter_card":"summary_large_image","schema":{"@context":"https:\/\/schema.org","@graph":[{"@type":"WebPage","@id":"https:\/\/valika.eu\/fi\/toode\/claresa-top-shine-5g\/","url":"https:\/\/valika.eu\/fi\/toode\/claresa-top-shine-5g\/","name":"Claresa Top Shine -5g | Valika","isPartOf":{"@id":"https:\/\/valika.eu\/fi\/#website"},"primaryImageOfPage":{"@id":"https:\/\/valika.eu\/fi\/toode\/claresa-top-shine-5g\/#primaryimage"},"image":{"@id":"https:\/\/valika.eu\/toode\/claresa-top-shine-5g\/#primaryimage"},"thumbnailUrl":"https:\/\/valika.eu\/wp-content\/uploads\/2024\/10\/claresa-top-shine.jpg","datePublished":"2024-10-02T08:37:44+00:00","dateModified":"2026-02-17T14:34:21+00:00","description":"universaalne l\u00e4bipaistev top, millel on \u00f5rn dispersioonikiht.","breadcrumb":{"@id":"https:\/\/valika.eu\/fi\/toode\/claresa-top-shine-5g\/#breadcrumb"},"inLanguage":"fi","potentialAction":[{"@type":"ReadAction","target":[["https:\/\/valika.eu\/fi\/toode\/claresa-top-shine-5g\/"]]}]},{"@type":"ImageObject","inLanguage":"fi","@id":"https:\/\/valika.eu\/fi\/toode\/claresa-top-shine-5g\/#primaryimage","url":"https:\/\/valika.eu\/wp-content\/uploads\/2024\/10\/claresa-top-shine.jpg","contentUrl":"https:\/\/valika.eu\/wp-content\/uploads\/2024\/10\/claresa-top-shine.jpg","width":1500,"height":1500},{"@type":"BreadcrumbList","@id":"https:\/\/valika.eu\/fi\/toode\/claresa-top-shine-5g\/#breadcrumb","itemListElement":[{"@type":"ListItem","position":1,"name":"Koti","item":"https:\/\/valika.eu\/fi\/"},{"@type":"ListItem","position":2,"name":"Shop","item":"https:\/\/valika.eu\/fi\/"},{"@type":"ListItem","position":3,"name":"Claresa Top Shine -5g"}]},{"@type":"WebSite","@id":"https:\/\/valika.eu\/fi\/#website","url":"https:\/\/valika.eu\/fi\/","name":"Valika.eu","description":"Salonkituotteet ja kauneudenhoitotuotteet - Valika tarjoaa laajan valikoiman tuotteita ja tarvikkeita kynsiteknikoille, kauneushoitoloille, kampaamoille ja kampaamoille.","publisher":{"@id":"https:\/\/valika.eu\/fi\/#organization"},"alternateName":"Valika","potentialAction":[{"@type":"SearchAction","target":{"@type":"EntryPoint","urlTemplate":"https:\/\/valika.eu\/fi\/?s={search_term_string}"},"query-input":{"@type":"PropertyValueSpecification","valueRequired":true,"valueName":"search_term_string"}}],"inLanguage":"fi"},{"@type":"Organization","@id":"https:\/\/valika.eu\/fi\/#organization","name":"Salongitoode O\u00dc","alternateName":"Valika","url":"https:\/\/valika.eu\/fi\/","logo":{"@type":"ImageObject","inLanguage":"fi","@id":"https:\/\/valika.eu\/fi\/#\/schema\/logo\/image\/","url":"https:\/\/valika.eu\/wp-content\/uploads\/2023\/11\/logo2-valika-footer.png","contentUrl":"https:\/\/valika.eu\/wp-content\/uploads\/2023\/11\/logo2-valika-footer.png","width":200,"height":129,"caption":"Salongitoode O\u00dc"},"image":{"@id":"https:\/\/valika.eu\/fi\/#\/schema\/logo\/image\/"},"sameAs":["https:\/\/www.facebook.com\/tipsi.net"]}]}},"jetpack_sharing_enabled":true,"_links":{"self":[{"href":"https:\/\/valika.eu\/fi\/wp-json\/wp\/v2\/product\/1307","targetHints":{"allow":["GET"]}}],"collection":[{"href":"https:\/\/valika.eu\/fi\/wp-json\/wp\/v2\/product"}],"about":[{"href":"https:\/\/valika.eu\/fi\/wp-json\/wp\/v2\/types\/product"}],"wp:featuredmedia":[{"embeddable":true,"href":"https:\/\/valika.eu\/fi\/wp-json\/wp\/v2\/media\/1308"}],"wp:attachment":[{"href":"https:\/\/valika.eu\/fi\/wp-json\/wp\/v2\/media?parent=1307"}],"wp:term":[{"taxonomy":"product_brand","embeddable":true,"href":"https:\/\/valika.eu\/fi\/wp-json\/wp\/v2\/product_brand?post=1307"},{"taxonomy":"product_cat","embeddable":true,"href":"https:\/\/valika.eu\/fi\/wp-json\/wp\/v2\/product_cat?post=1307"},{"taxonomy":"product_tag","embeddable":true,"href":"https:\/\/valika.eu\/fi\/wp-json\/wp\/v2\/product_tag?post=1307"}],"curies":[{"name":"wp","href":"https:\/\/api.w.org\/{rel}","templated":true}]}}