{"id":1309,"date":"2024-10-02T11:46:29","date_gmt":"2024-10-02T08:46:29","guid":{"rendered":"https:\/\/valika.eu\/?post_type=product&#038;p=1309"},"modified":"2026-03-18T14:35:23","modified_gmt":"2026-03-18T12:35:23","slug":"claresa-top-milky-no-wipe-5g","status":"publish","type":"product","link":"https:\/\/valika.eu\/fi\/toode\/claresa-top-milky-no-wipe-5g\/","title":{"rendered":"CLARESA Top Milky No wipe- 5g"},"content":{"rendered":"<p>Oletko herk\u00e4n manikyyrin yst\u00e4v\u00e4, joka ei ved\u00e4 liikaa huomiota ja sopii t\u00e4ydellisesti jopa minimalistisimpaan tyyliin? Vai etsitk\u00f6 nopeaa ja luonnollisen n\u00e4k\u00f6ist\u00e4 ranskalaista tai babyboomer-manikyyri\u00e4? Jos vastasit johonkin n\u00e4ist\u00e4 kysymyksist\u00e4 my\u00f6nt\u00e4v\u00e4sti, tulet varmasti rakastamaan Milky top -tuotettamme!<\/p>\n<p>Puolil\u00e4pin\u00e4kyv\u00e4 maitomainen hybriditop sopii erinomaisesti #cleangirlaesthetic-trendin yst\u00e4ville, jotka haluavat hienovaraisesti korostaa kynsien luonnollista v\u00e4ri\u00e4. Jos kuitenkin pid\u00e4t kirkkaammista v\u00e4reist\u00e4, Milky top on my\u00f6s sinulle! Levit\u00e4 sit\u00e4 mink\u00e4 tahansa hybridilakan s\u00e4vyn p\u00e4\u00e4lle ja katso, kuinka maitomainen huntu muuttaa sen ulkon\u00e4k\u00f6\u00e4 ja antaa sille pehme\u00e4n luonteen.<\/p>\n<p>Milky top on my\u00f6s loistava valinta, jos haluat ranskalaisen manikyyrin, princess nails -tyylin tai babyboomer-manikyyrin \u2013 tuote tasoittaa liukuv\u00e4rirajaa ja tekee kokonaisuudesta viel\u00e4 luonnollisemman n\u00e4k\u00f6isen.<\/p>\n<p>OMINAISUUDET:<\/p>\n<p>helppo levitt\u00e4\u00e4, ei valu kynsinauhoille<br \/>\npuolil\u00e4pin\u00e4kyv\u00e4<br \/>\nihanteellinen, keskit\u00e4ytel\u00e4inen koostumus<br \/>\nkest\u00e4\u00e4 jopa 3 viikkoa<br \/>\ntilavuus: 5 g<br \/>\nK\u00c4YTT\u00d6: Levit\u00e4 Milky top aiemmin kovetetun Claresa hybridilakan p\u00e4\u00e4lle ja koveta lampun alla.<\/p>\n<p>KOVETUSAIKA: v\u00e4hint\u00e4\u00e4n 60 sek.<\/p>","protected":false},"excerpt":{"rendered":"<p>L\u00e4pin\u00e4kyv\u00e4 maitomainen hybridi p\u00e4\u00e4llysgeeli sopii t\u00e4ydellisesti #cleangirlaesthetic trendin yst\u00e4ville, jotka haluavat hell\u00e4sti korostaa kynsiens\u00e4 luonnollista v\u00e4ri\u00e4.<\/p>\n","protected":false},"featured_media":1310,"template":"","meta":[],"product_brand":[],"product_cat":[360,361,651],"product_tag":[],"class_list":{"0":"post-1309","1":"product","2":"type-product","3":"status-publish","4":"has-post-thumbnail","6":"product_cat-pealisalusgeel","7":"product_cat-claresa-top","8":"product_cat-pealisgeelid","10":"first","11":"instock","12":"taxable","13":"shipping-taxable","14":"purchasable","15":"product-type-simple"},"yoast_head":"<!-- This site is optimized with the Yoast SEO plugin v24.4 - https:\/\/yoast.com\/wordpress\/plugins\/seo\/ -->\n<title>CLARESA Top Milky No wipe- 5g | Valika<\/title>\n<meta name=\"description\" content=\"Pooll\u00e4bipaistev piimjas h\u00fcbriidtip sobib suurep\u00e4raselt #cleangirlaesthetic suuna armastajatele, kes soovivad \u00f5rnalt esile tuua oma k\u00fc\u00fcne looduslikku v\u00e4rvi.\" \/>\n<meta name=\"robots\" content=\"index, follow, max-snippet:-1, max-image-preview:large, max-video-preview:-1\" \/>\n<link rel=\"canonical\" href=\"https:\/\/valika.eu\/fi\/toode\/claresa-top-milky-no-wipe-5g\/\" \/>\n<meta property=\"og:locale\" content=\"fi_FI\" \/>\n<meta property=\"og:type\" content=\"article\" \/>\n<meta property=\"og:title\" content=\"CLARESA Top Milky No wipe- 5g | Valika\" \/>\n<meta property=\"og:description\" content=\"Pooll\u00e4bipaistev piimjas h\u00fcbriidtip sobib suurep\u00e4raselt #cleangirlaesthetic suuna armastajatele, kes soovivad \u00f5rnalt esile tuua oma k\u00fc\u00fcne looduslikku v\u00e4rvi.\" \/>\n<meta property=\"og:url\" content=\"https:\/\/valika.eu\/fi\/toode\/claresa-top-milky-no-wipe-5g\/\" \/>\n<meta property=\"og:site_name\" content=\"Valika\" \/>\n<meta property=\"article:publisher\" content=\"https:\/\/www.facebook.com\/tipsi.net\" \/>\n<meta property=\"article:modified_time\" content=\"2026-03-18T12:35:23+00:00\" \/>\n<meta property=\"og:image\" content=\"https:\/\/valika.eu\/wp-content\/uploads\/2024\/10\/TOP-MILKY.jpg\" \/>\n\t<meta property=\"og:image:width\" content=\"1500\" \/>\n\t<meta property=\"og:image:height\" content=\"1500\" \/>\n\t<meta property=\"og:image:type\" content=\"image\/jpeg\" \/>\n<meta name=\"twitter:card\" content=\"summary_large_image\" \/>\n<script type=\"application\/ld+json\" class=\"yoast-schema-graph\">{\"@context\":\"https:\/\/schema.org\",\"@graph\":[{\"@type\":\"WebPage\",\"@id\":\"https:\/\/valika.eu\/fi\/toode\/claresa-top-milky-no-wipe-5g\/\",\"url\":\"https:\/\/valika.eu\/fi\/toode\/claresa-top-milky-no-wipe-5g\/\",\"name\":\"CLARESA Top Milky No wipe- 5g | Valika\",\"isPartOf\":{\"@id\":\"https:\/\/valika.eu\/fi\/#website\"},\"primaryImageOfPage\":{\"@id\":\"https:\/\/valika.eu\/fi\/toode\/claresa-top-milky-no-wipe-5g\/#primaryimage\"},\"image\":{\"@id\":\"https:\/\/valika.eu\/toode\/claresa-top-milky-no-wipe-5g\/#primaryimage\"},\"thumbnailUrl\":\"https:\/\/valika.eu\/wp-content\/uploads\/2024\/10\/TOP-MILKY.jpg\",\"datePublished\":\"2024-10-02T08:46:29+00:00\",\"dateModified\":\"2026-03-18T12:35:23+00:00\",\"description\":\"Pooll\u00e4bipaistev piimjas h\u00fcbriidtip sobib suurep\u00e4raselt #cleangirlaesthetic suuna armastajatele, kes soovivad \u00f5rnalt esile tuua oma k\u00fc\u00fcne looduslikku v\u00e4rvi.\",\"breadcrumb\":{\"@id\":\"https:\/\/valika.eu\/fi\/toode\/claresa-top-milky-no-wipe-5g\/#breadcrumb\"},\"inLanguage\":\"fi\",\"potentialAction\":[{\"@type\":\"ReadAction\",\"target\":[[\"https:\/\/valika.eu\/fi\/toode\/claresa-top-milky-no-wipe-5g\/\"]]}]},{\"@type\":\"ImageObject\",\"inLanguage\":\"fi\",\"@id\":\"https:\/\/valika.eu\/fi\/toode\/claresa-top-milky-no-wipe-5g\/#primaryimage\",\"url\":\"https:\/\/valika.eu\/wp-content\/uploads\/2024\/10\/TOP-MILKY.jpg\",\"contentUrl\":\"https:\/\/valika.eu\/wp-content\/uploads\/2024\/10\/TOP-MILKY.jpg\",\"width\":1500,\"height\":1500},{\"@type\":\"BreadcrumbList\",\"@id\":\"https:\/\/valika.eu\/fi\/toode\/claresa-top-milky-no-wipe-5g\/#breadcrumb\",\"itemListElement\":[{\"@type\":\"ListItem\",\"position\":1,\"name\":\"Koti\",\"item\":\"https:\/\/valika.eu\/fi\/\"},{\"@type\":\"ListItem\",\"position\":2,\"name\":\"Shop\",\"item\":\"https:\/\/valika.eu\/fi\/\"},{\"@type\":\"ListItem\",\"position\":3,\"name\":\"CLARESA Top Milky No wipe- 5g\"}]},{\"@type\":\"WebSite\",\"@id\":\"https:\/\/valika.eu\/fi\/#website\",\"url\":\"https:\/\/valika.eu\/fi\/\",\"name\":\"Valika.eu\",\"description\":\"Salonkituotteet ja kauneudenhoitotuotteet - Valika tarjoaa laajan valikoiman tuotteita ja tarvikkeita kynsiteknikoille, kauneushoitoloille, kampaamoille ja kampaamoille.\",\"publisher\":{\"@id\":\"https:\/\/valika.eu\/fi\/#organization\"},\"alternateName\":\"Valika\",\"potentialAction\":[{\"@type\":\"SearchAction\",\"target\":{\"@type\":\"EntryPoint\",\"urlTemplate\":\"https:\/\/valika.eu\/fi\/?s={search_term_string}\"},\"query-input\":{\"@type\":\"PropertyValueSpecification\",\"valueRequired\":true,\"valueName\":\"search_term_string\"}}],\"inLanguage\":\"fi\"},{\"@type\":\"Organization\",\"@id\":\"https:\/\/valika.eu\/fi\/#organization\",\"name\":\"Salongitoode O\u00dc\",\"alternateName\":\"Valika\",\"url\":\"https:\/\/valika.eu\/fi\/\",\"logo\":{\"@type\":\"ImageObject\",\"inLanguage\":\"fi\",\"@id\":\"https:\/\/valika.eu\/fi\/#\/schema\/logo\/image\/\",\"url\":\"https:\/\/valika.eu\/wp-content\/uploads\/2023\/11\/logo2-valika-footer.png\",\"contentUrl\":\"https:\/\/valika.eu\/wp-content\/uploads\/2023\/11\/logo2-valika-footer.png\",\"width\":200,\"height\":129,\"caption\":\"Salongitoode O\u00dc\"},\"image\":{\"@id\":\"https:\/\/valika.eu\/fi\/#\/schema\/logo\/image\/\"},\"sameAs\":[\"https:\/\/www.facebook.com\/tipsi.net\"]}]}<\/script>\n<!-- \/ Yoast SEO plugin. -->","yoast_head_json":{"title":"CLARESA Top Milky No wipe- 5g | Valika","description":"Pooll\u00e4bipaistev piimjas h\u00fcbriidtip sobib suurep\u00e4raselt #cleangirlaesthetic suuna armastajatele, kes soovivad \u00f5rnalt esile tuua oma k\u00fc\u00fcne looduslikku v\u00e4rvi.","robots":{"index":"index","follow":"follow","max-snippet":"max-snippet:-1","max-image-preview":"max-image-preview:large","max-video-preview":"max-video-preview:-1"},"canonical":"https:\/\/valika.eu\/fi\/toode\/claresa-top-milky-no-wipe-5g\/","og_locale":"fi_FI","og_type":"article","og_title":"CLARESA Top Milky No wipe- 5g | Valika","og_description":"Pooll\u00e4bipaistev piimjas h\u00fcbriidtip sobib suurep\u00e4raselt #cleangirlaesthetic suuna armastajatele, kes soovivad \u00f5rnalt esile tuua oma k\u00fc\u00fcne looduslikku v\u00e4rvi.","og_url":"https:\/\/valika.eu\/fi\/toode\/claresa-top-milky-no-wipe-5g\/","og_site_name":"Valika","article_publisher":"https:\/\/www.facebook.com\/tipsi.net","article_modified_time":"2026-03-18T12:35:23+00:00","og_image":[{"width":1500,"height":1500,"url":"https:\/\/valika.eu\/wp-content\/uploads\/2024\/10\/TOP-MILKY.jpg","type":"image\/jpeg"}],"twitter_card":"summary_large_image","schema":{"@context":"https:\/\/schema.org","@graph":[{"@type":"WebPage","@id":"https:\/\/valika.eu\/fi\/toode\/claresa-top-milky-no-wipe-5g\/","url":"https:\/\/valika.eu\/fi\/toode\/claresa-top-milky-no-wipe-5g\/","name":"CLARESA Top Milky No wipe- 5g | Valika","isPartOf":{"@id":"https:\/\/valika.eu\/fi\/#website"},"primaryImageOfPage":{"@id":"https:\/\/valika.eu\/fi\/toode\/claresa-top-milky-no-wipe-5g\/#primaryimage"},"image":{"@id":"https:\/\/valika.eu\/toode\/claresa-top-milky-no-wipe-5g\/#primaryimage"},"thumbnailUrl":"https:\/\/valika.eu\/wp-content\/uploads\/2024\/10\/TOP-MILKY.jpg","datePublished":"2024-10-02T08:46:29+00:00","dateModified":"2026-03-18T12:35:23+00:00","description":"Pooll\u00e4bipaistev piimjas h\u00fcbriidtip sobib suurep\u00e4raselt #cleangirlaesthetic suuna armastajatele, kes soovivad \u00f5rnalt esile tuua oma k\u00fc\u00fcne looduslikku v\u00e4rvi.","breadcrumb":{"@id":"https:\/\/valika.eu\/fi\/toode\/claresa-top-milky-no-wipe-5g\/#breadcrumb"},"inLanguage":"fi","potentialAction":[{"@type":"ReadAction","target":[["https:\/\/valika.eu\/fi\/toode\/claresa-top-milky-no-wipe-5g\/"]]}]},{"@type":"ImageObject","inLanguage":"fi","@id":"https:\/\/valika.eu\/fi\/toode\/claresa-top-milky-no-wipe-5g\/#primaryimage","url":"https:\/\/valika.eu\/wp-content\/uploads\/2024\/10\/TOP-MILKY.jpg","contentUrl":"https:\/\/valika.eu\/wp-content\/uploads\/2024\/10\/TOP-MILKY.jpg","width":1500,"height":1500},{"@type":"BreadcrumbList","@id":"https:\/\/valika.eu\/fi\/toode\/claresa-top-milky-no-wipe-5g\/#breadcrumb","itemListElement":[{"@type":"ListItem","position":1,"name":"Koti","item":"https:\/\/valika.eu\/fi\/"},{"@type":"ListItem","position":2,"name":"Shop","item":"https:\/\/valika.eu\/fi\/"},{"@type":"ListItem","position":3,"name":"CLARESA Top Milky No wipe- 5g"}]},{"@type":"WebSite","@id":"https:\/\/valika.eu\/fi\/#website","url":"https:\/\/valika.eu\/fi\/","name":"Valika.eu","description":"Salonkituotteet ja kauneudenhoitotuotteet - Valika tarjoaa laajan valikoiman tuotteita ja tarvikkeita kynsiteknikoille, kauneushoitoloille, kampaamoille ja kampaamoille.","publisher":{"@id":"https:\/\/valika.eu\/fi\/#organization"},"alternateName":"Valika","potentialAction":[{"@type":"SearchAction","target":{"@type":"EntryPoint","urlTemplate":"https:\/\/valika.eu\/fi\/?s={search_term_string}"},"query-input":{"@type":"PropertyValueSpecification","valueRequired":true,"valueName":"search_term_string"}}],"inLanguage":"fi"},{"@type":"Organization","@id":"https:\/\/valika.eu\/fi\/#organization","name":"Salongitoode O\u00dc","alternateName":"Valika","url":"https:\/\/valika.eu\/fi\/","logo":{"@type":"ImageObject","inLanguage":"fi","@id":"https:\/\/valika.eu\/fi\/#\/schema\/logo\/image\/","url":"https:\/\/valika.eu\/wp-content\/uploads\/2023\/11\/logo2-valika-footer.png","contentUrl":"https:\/\/valika.eu\/wp-content\/uploads\/2023\/11\/logo2-valika-footer.png","width":200,"height":129,"caption":"Salongitoode O\u00dc"},"image":{"@id":"https:\/\/valika.eu\/fi\/#\/schema\/logo\/image\/"},"sameAs":["https:\/\/www.facebook.com\/tipsi.net"]}]}},"jetpack_sharing_enabled":true,"_links":{"self":[{"href":"https:\/\/valika.eu\/fi\/wp-json\/wp\/v2\/product\/1309","targetHints":{"allow":["GET"]}}],"collection":[{"href":"https:\/\/valika.eu\/fi\/wp-json\/wp\/v2\/product"}],"about":[{"href":"https:\/\/valika.eu\/fi\/wp-json\/wp\/v2\/types\/product"}],"wp:featuredmedia":[{"embeddable":true,"href":"https:\/\/valika.eu\/fi\/wp-json\/wp\/v2\/media\/1310"}],"wp:attachment":[{"href":"https:\/\/valika.eu\/fi\/wp-json\/wp\/v2\/media?parent=1309"}],"wp:term":[{"taxonomy":"product_brand","embeddable":true,"href":"https:\/\/valika.eu\/fi\/wp-json\/wp\/v2\/product_brand?post=1309"},{"taxonomy":"product_cat","embeddable":true,"href":"https:\/\/valika.eu\/fi\/wp-json\/wp\/v2\/product_cat?post=1309"},{"taxonomy":"product_tag","embeddable":true,"href":"https:\/\/valika.eu\/fi\/wp-json\/wp\/v2\/product_tag?post=1309"}],"curies":[{"name":"wp","href":"https:\/\/api.w.org\/{rel}","templated":true}]}}