{"id":13126,"date":"2025-02-28T21:19:58","date_gmt":"2025-02-28T19:19:58","guid":{"rendered":"https:\/\/valika.eu\/?post_type=product&#038;p=13126"},"modified":"2026-03-27T11:49:41","modified_gmt":"2026-03-27T09:49:41","slug":"claresa-top-no-wipe-moonstone-5g-pealisgeel","status":"publish","type":"product","link":"https:\/\/valika.eu\/fi\/toode\/claresa-top-no-wipe-moonstone-5g-pealisgeel\/","title":{"rendered":"CLARESA TOP NO WIPE MOONSTONE 5G P\u00e4\u00e4llysgeeli"},"content":{"rendered":"<p><\/p>\n<div class=\"flex max-w-full flex-col flex-grow\">\n<div class=\"min-h-8 text-message relative flex w-full flex-col items-end gap-2 whitespace-normal break-words text-start [.text-message+&amp;]:mt-5\" dir=\"auto\" data-message-author-role=\"assistant\" data-message-id=\"4a2656c0-ff9b-4378-8df9-cf20eb5a56bd\" data-message-model-slug=\"gpt-4o\">\n<div class=\"flex w-full flex-col gap-1 empty:hidden first:pt-[3px]\">\n<div class=\"markdown prose w-full break-words dark:prose-invert light\">\n<p data-start=\"3612\" data-end=\"3669\">L\u00e4pin\u00e4kyv\u00e4 top coat hopeisella, kimaltavalla efektill\u00e4.<\/p>\n<p data-start=\"3671\" data-end=\"4070\"><strong data-start=\"3671\" data-end=\"3684\">Moonstone<\/strong> on top coat, joka hurmaa elegantilla hopeisella hehkullaan. Kimalteleva pinta hohtaa kevyesti valossa, antaen manikyyrille hienostuneen ja kevyesti s\u00e4dehtiv\u00e4n lopputuloksen. Hajuton koostumus ilman tahmaista kerrosta tekee siit\u00e4 t\u00e4ydellisen valinnan niille, jotka arvostavat ajans\u00e4\u00e4st\u00f6\u00e4 ja t\u00e4ydellist\u00e4 viimeistely\u00e4. Sopii sek\u00e4 p\u00e4\u00e4efektiksi ett\u00e4 klassisemman manikyyrin viimeistelyyn.<\/p>\n<p data-start=\"4072\" data-end=\"4091\"><strong data-start=\"4072\" data-end=\"4089\">OMINAISUUDET:<\/strong><\/p>\n<ul data-start=\"4092\" data-end=\"4350\">\n<li data-start=\"4092\" data-end=\"4145\">Kimalteleva pinta \u2013 hienovarainen hopeinen hohde.<\/li>\n<li data-start=\"4146\" data-end=\"4227\">Helppo levitt\u00e4\u00e4 \u2013 keskiviskositeettinen koostumus takaa tarkan lopputuloksen.<\/li>\n<li data-start=\"4228\" data-end=\"4285\">Ei tahmaista kerrosta \u2013 valmis ilman lis\u00e4puhdistusta.<\/li>\n<li data-start=\"4286\" data-end=\"4350\">Kest\u00e4vyys jopa 3 viikkoa \u2013 kaunis lopputulos s\u00e4ilyy pitk\u00e4\u00e4n.<\/li>\n<\/ul>\n<p data-start=\"4352\" data-end=\"4498\"><strong data-start=\"4352\" data-end=\"4364\">Kenelle?<\/strong><br data-start=\"4364\" data-end=\"4367\" \/><strong data-start=\"4367\" data-end=\"4380\">Moonstone<\/strong> on v\u00e4ltt\u00e4m\u00e4t\u00f6n niille, jotka rakastavat eleganssia ja haluavat lis\u00e4t\u00e4 kynsilleen hopeista, hienovaraista s\u00e4ihkett\u00e4.<\/p>\n<p data-start=\"4500\" data-end=\"4830\" data-is-last-node=\"\" data-is-only-node=\"\"><strong data-start=\"4500\" data-end=\"4517\">K\u00e4ytt\u00f6ohjeet:<\/strong><br data-start=\"4517\" data-end=\"4520\" \/>Levit\u00e4 yksi kerros <strong data-start=\"4539\" data-end=\"4548\">BASEA<\/strong> rasvattomalle kynsilevylle ja koveta UV\/LED-lampussa v\u00e4hint\u00e4\u00e4n 60 sekuntia. Levit\u00e4 sitten ensimm\u00e4inen kerros v\u00e4rillist\u00e4 hybridilakkaa <strong data-start=\"4683\" data-end=\"4692\">COLOR<\/strong> ja koveta lampussa (tarvittaessa toista k\u00e4sittely). Lopuksi levit\u00e4 yksi kerros <strong data-start=\"4772\" data-end=\"4781\">TOPIA<\/strong> ja koveta UV\/LED-lampussa v\u00e4hint\u00e4\u00e4n 60 sekuntia.<\/p>\n<\/div>\n<\/div>\n<\/div>\n<\/div>\n<div class=\"mb-2 flex gap-3 empty:hidden -ml-2\">\n<div class=\"items-center justify-start rounded-xl p-1 flex\">\n<div class=\"flex items-center\">\n<p>&nbsp;<\/p>\n<div class=\"flex\"><\/div>\n<p>&nbsp;<\/p>\n<div class=\"flex items-center pb-0\"><span class=\"overflow-hidden text-clip whitespace-nowrap text-sm\">4o<\/span><\/div>\n<\/div>\n<\/div>\n<\/div>\n<p><\/p>","protected":false},"excerpt":{"rendered":"<p>P\u00e4\u00e4llysgeeli ilman tahmeaa kerrosta, l\u00e4pin\u00e4kyv\u00e4 ja glitterill\u00e4<\/p>\n","protected":false},"featured_media":13128,"template":"","meta":[],"product_brand":[],"product_cat":[361,651],"product_tag":[],"class_list":{"0":"post-13126","1":"product","2":"type-product","3":"status-publish","4":"has-post-thumbnail","6":"product_cat-claresa-top","7":"product_cat-pealisgeelid","9":"first","10":"instock","11":"taxable","12":"shipping-taxable","13":"purchasable","14":"product-type-simple"},"yoast_head":"<!-- This site is optimized with the Yoast SEO plugin v24.4 - https:\/\/yoast.com\/wordpress\/plugins\/seo\/ -->\n<title>CLARESA TOP NO WIPE MOONSTONE 5G P\u00e4\u00e4llysgeeli | Valika<\/title>\n<meta name=\"robots\" content=\"index, follow, max-snippet:-1, max-image-preview:large, max-video-preview:-1\" \/>\n<link rel=\"canonical\" href=\"https:\/\/valika.eu\/fi\/toode\/claresa-top-no-wipe-moonstone-5g-pealisgeel\/\" \/>\n<meta property=\"og:locale\" content=\"fi_FI\" \/>\n<meta property=\"og:type\" content=\"article\" \/>\n<meta property=\"og:title\" content=\"CLARESA TOP NO WIPE MOONSTONE 5G P\u00e4\u00e4llysgeeli | Valika\" \/>\n<meta property=\"og:description\" content=\"P\u00e4\u00e4llysgeeli ilman tahmeaa kerrosta, l\u00e4pin\u00e4kyv\u00e4 ja glitterill\u00e4\" \/>\n<meta property=\"og:url\" content=\"https:\/\/valika.eu\/fi\/toode\/claresa-top-no-wipe-moonstone-5g-pealisgeel\/\" \/>\n<meta property=\"og:site_name\" content=\"Valika\" \/>\n<meta property=\"article:publisher\" content=\"https:\/\/www.facebook.com\/tipsi.net\" \/>\n<meta property=\"article:modified_time\" content=\"2026-03-27T09:49:41+00:00\" \/>\n<meta property=\"og:image\" content=\"https:\/\/valika.eu\/wp-content\/uploads\/2025\/02\/TOP-MOONSTONE-pealisgeel.jpg\" \/>\n\t<meta property=\"og:image:width\" content=\"1500\" \/>\n\t<meta property=\"og:image:height\" content=\"1500\" \/>\n\t<meta property=\"og:image:type\" content=\"image\/jpeg\" \/>\n<meta name=\"twitter:card\" content=\"summary_large_image\" \/>\n<script type=\"application\/ld+json\" class=\"yoast-schema-graph\">{\"@context\":\"https:\/\/schema.org\",\"@graph\":[{\"@type\":\"WebPage\",\"@id\":\"https:\/\/valika.eu\/fi\/toode\/claresa-top-no-wipe-moonstone-5g-pealisgeel\/\",\"url\":\"https:\/\/valika.eu\/fi\/toode\/claresa-top-no-wipe-moonstone-5g-pealisgeel\/\",\"name\":\"CLARESA TOP NO WIPE MOONSTONE 5G P\u00e4\u00e4llysgeeli | Valika\",\"isPartOf\":{\"@id\":\"https:\/\/valika.eu\/fi\/#website\"},\"primaryImageOfPage\":{\"@id\":\"https:\/\/valika.eu\/fi\/toode\/claresa-top-no-wipe-moonstone-5g-pealisgeel\/#primaryimage\"},\"image\":{\"@id\":\"https:\/\/valika.eu\/toode\/claresa-top-no-wipe-moonstone-5g-pealisgeel\/#primaryimage\"},\"thumbnailUrl\":\"https:\/\/valika.eu\/wp-content\/uploads\/2025\/02\/TOP-MOONSTONE-pealisgeel.jpg\",\"datePublished\":\"2025-02-28T19:19:58+00:00\",\"dateModified\":\"2026-03-27T09:49:41+00:00\",\"breadcrumb\":{\"@id\":\"https:\/\/valika.eu\/fi\/toode\/claresa-top-no-wipe-moonstone-5g-pealisgeel\/#breadcrumb\"},\"inLanguage\":\"fi\",\"potentialAction\":[{\"@type\":\"ReadAction\",\"target\":[[\"https:\/\/valika.eu\/fi\/toode\/claresa-top-no-wipe-moonstone-5g-pealisgeel\/\"]]}]},{\"@type\":\"ImageObject\",\"inLanguage\":\"fi\",\"@id\":\"https:\/\/valika.eu\/fi\/toode\/claresa-top-no-wipe-moonstone-5g-pealisgeel\/#primaryimage\",\"url\":\"https:\/\/valika.eu\/wp-content\/uploads\/2025\/02\/TOP-MOONSTONE-pealisgeel.jpg\",\"contentUrl\":\"https:\/\/valika.eu\/wp-content\/uploads\/2025\/02\/TOP-MOONSTONE-pealisgeel.jpg\",\"width\":1500,\"height\":1500},{\"@type\":\"BreadcrumbList\",\"@id\":\"https:\/\/valika.eu\/fi\/toode\/claresa-top-no-wipe-moonstone-5g-pealisgeel\/#breadcrumb\",\"itemListElement\":[{\"@type\":\"ListItem\",\"position\":1,\"name\":\"Koti\",\"item\":\"https:\/\/valika.eu\/fi\/\"},{\"@type\":\"ListItem\",\"position\":2,\"name\":\"Shop\",\"item\":\"https:\/\/valika.eu\/fi\/\"},{\"@type\":\"ListItem\",\"position\":3,\"name\":\"CLARESA TOP NO WIPE MOONSTONE 5G Pealisgeel\"}]},{\"@type\":\"WebSite\",\"@id\":\"https:\/\/valika.eu\/fi\/#website\",\"url\":\"https:\/\/valika.eu\/fi\/\",\"name\":\"Valika.eu\",\"description\":\"Salonkituotteet ja kauneudenhoitotuotteet - Valika tarjoaa laajan valikoiman tuotteita ja tarvikkeita kynsiteknikoille, kauneushoitoloille, kampaamoille ja kampaamoille.\",\"publisher\":{\"@id\":\"https:\/\/valika.eu\/fi\/#organization\"},\"alternateName\":\"Valika\",\"potentialAction\":[{\"@type\":\"SearchAction\",\"target\":{\"@type\":\"EntryPoint\",\"urlTemplate\":\"https:\/\/valika.eu\/fi\/?s={search_term_string}\"},\"query-input\":{\"@type\":\"PropertyValueSpecification\",\"valueRequired\":true,\"valueName\":\"search_term_string\"}}],\"inLanguage\":\"fi\"},{\"@type\":\"Organization\",\"@id\":\"https:\/\/valika.eu\/fi\/#organization\",\"name\":\"Salongitoode O\u00dc\",\"alternateName\":\"Valika\",\"url\":\"https:\/\/valika.eu\/fi\/\",\"logo\":{\"@type\":\"ImageObject\",\"inLanguage\":\"fi\",\"@id\":\"https:\/\/valika.eu\/fi\/#\/schema\/logo\/image\/\",\"url\":\"https:\/\/valika.eu\/wp-content\/uploads\/2023\/11\/logo2-valika-footer.png\",\"contentUrl\":\"https:\/\/valika.eu\/wp-content\/uploads\/2023\/11\/logo2-valika-footer.png\",\"width\":200,\"height\":129,\"caption\":\"Salongitoode O\u00dc\"},\"image\":{\"@id\":\"https:\/\/valika.eu\/fi\/#\/schema\/logo\/image\/\"},\"sameAs\":[\"https:\/\/www.facebook.com\/tipsi.net\"]}]}<\/script>\n<!-- \/ Yoast SEO plugin. -->","yoast_head_json":{"title":"CLARESA TOP NO WIPE MOONSTONE 5G P\u00e4\u00e4llysgeeli | Valika","robots":{"index":"index","follow":"follow","max-snippet":"max-snippet:-1","max-image-preview":"max-image-preview:large","max-video-preview":"max-video-preview:-1"},"canonical":"https:\/\/valika.eu\/fi\/toode\/claresa-top-no-wipe-moonstone-5g-pealisgeel\/","og_locale":"fi_FI","og_type":"article","og_title":"CLARESA TOP NO WIPE MOONSTONE 5G P\u00e4\u00e4llysgeeli | Valika","og_description":"P\u00e4\u00e4llysgeeli ilman tahmeaa kerrosta, l\u00e4pin\u00e4kyv\u00e4 ja glitterill\u00e4","og_url":"https:\/\/valika.eu\/fi\/toode\/claresa-top-no-wipe-moonstone-5g-pealisgeel\/","og_site_name":"Valika","article_publisher":"https:\/\/www.facebook.com\/tipsi.net","article_modified_time":"2026-03-27T09:49:41+00:00","og_image":[{"width":1500,"height":1500,"url":"https:\/\/valika.eu\/wp-content\/uploads\/2025\/02\/TOP-MOONSTONE-pealisgeel.jpg","type":"image\/jpeg"}],"twitter_card":"summary_large_image","schema":{"@context":"https:\/\/schema.org","@graph":[{"@type":"WebPage","@id":"https:\/\/valika.eu\/fi\/toode\/claresa-top-no-wipe-moonstone-5g-pealisgeel\/","url":"https:\/\/valika.eu\/fi\/toode\/claresa-top-no-wipe-moonstone-5g-pealisgeel\/","name":"CLARESA TOP NO WIPE MOONSTONE 5G P\u00e4\u00e4llysgeeli | Valika","isPartOf":{"@id":"https:\/\/valika.eu\/fi\/#website"},"primaryImageOfPage":{"@id":"https:\/\/valika.eu\/fi\/toode\/claresa-top-no-wipe-moonstone-5g-pealisgeel\/#primaryimage"},"image":{"@id":"https:\/\/valika.eu\/toode\/claresa-top-no-wipe-moonstone-5g-pealisgeel\/#primaryimage"},"thumbnailUrl":"https:\/\/valika.eu\/wp-content\/uploads\/2025\/02\/TOP-MOONSTONE-pealisgeel.jpg","datePublished":"2025-02-28T19:19:58+00:00","dateModified":"2026-03-27T09:49:41+00:00","breadcrumb":{"@id":"https:\/\/valika.eu\/fi\/toode\/claresa-top-no-wipe-moonstone-5g-pealisgeel\/#breadcrumb"},"inLanguage":"fi","potentialAction":[{"@type":"ReadAction","target":[["https:\/\/valika.eu\/fi\/toode\/claresa-top-no-wipe-moonstone-5g-pealisgeel\/"]]}]},{"@type":"ImageObject","inLanguage":"fi","@id":"https:\/\/valika.eu\/fi\/toode\/claresa-top-no-wipe-moonstone-5g-pealisgeel\/#primaryimage","url":"https:\/\/valika.eu\/wp-content\/uploads\/2025\/02\/TOP-MOONSTONE-pealisgeel.jpg","contentUrl":"https:\/\/valika.eu\/wp-content\/uploads\/2025\/02\/TOP-MOONSTONE-pealisgeel.jpg","width":1500,"height":1500},{"@type":"BreadcrumbList","@id":"https:\/\/valika.eu\/fi\/toode\/claresa-top-no-wipe-moonstone-5g-pealisgeel\/#breadcrumb","itemListElement":[{"@type":"ListItem","position":1,"name":"Koti","item":"https:\/\/valika.eu\/fi\/"},{"@type":"ListItem","position":2,"name":"Shop","item":"https:\/\/valika.eu\/fi\/"},{"@type":"ListItem","position":3,"name":"CLARESA TOP NO WIPE MOONSTONE 5G Pealisgeel"}]},{"@type":"WebSite","@id":"https:\/\/valika.eu\/fi\/#website","url":"https:\/\/valika.eu\/fi\/","name":"Valika.eu","description":"Salonkituotteet ja kauneudenhoitotuotteet - Valika tarjoaa laajan valikoiman tuotteita ja tarvikkeita kynsiteknikoille, kauneushoitoloille, kampaamoille ja kampaamoille.","publisher":{"@id":"https:\/\/valika.eu\/fi\/#organization"},"alternateName":"Valika","potentialAction":[{"@type":"SearchAction","target":{"@type":"EntryPoint","urlTemplate":"https:\/\/valika.eu\/fi\/?s={search_term_string}"},"query-input":{"@type":"PropertyValueSpecification","valueRequired":true,"valueName":"search_term_string"}}],"inLanguage":"fi"},{"@type":"Organization","@id":"https:\/\/valika.eu\/fi\/#organization","name":"Salongitoode O\u00dc","alternateName":"Valika","url":"https:\/\/valika.eu\/fi\/","logo":{"@type":"ImageObject","inLanguage":"fi","@id":"https:\/\/valika.eu\/fi\/#\/schema\/logo\/image\/","url":"https:\/\/valika.eu\/wp-content\/uploads\/2023\/11\/logo2-valika-footer.png","contentUrl":"https:\/\/valika.eu\/wp-content\/uploads\/2023\/11\/logo2-valika-footer.png","width":200,"height":129,"caption":"Salongitoode O\u00dc"},"image":{"@id":"https:\/\/valika.eu\/fi\/#\/schema\/logo\/image\/"},"sameAs":["https:\/\/www.facebook.com\/tipsi.net"]}]}},"jetpack_sharing_enabled":true,"_links":{"self":[{"href":"https:\/\/valika.eu\/fi\/wp-json\/wp\/v2\/product\/13126","targetHints":{"allow":["GET"]}}],"collection":[{"href":"https:\/\/valika.eu\/fi\/wp-json\/wp\/v2\/product"}],"about":[{"href":"https:\/\/valika.eu\/fi\/wp-json\/wp\/v2\/types\/product"}],"wp:featuredmedia":[{"embeddable":true,"href":"https:\/\/valika.eu\/fi\/wp-json\/wp\/v2\/media\/13128"}],"wp:attachment":[{"href":"https:\/\/valika.eu\/fi\/wp-json\/wp\/v2\/media?parent=13126"}],"wp:term":[{"taxonomy":"product_brand","embeddable":true,"href":"https:\/\/valika.eu\/fi\/wp-json\/wp\/v2\/product_brand?post=13126"},{"taxonomy":"product_cat","embeddable":true,"href":"https:\/\/valika.eu\/fi\/wp-json\/wp\/v2\/product_cat?post=13126"},{"taxonomy":"product_tag","embeddable":true,"href":"https:\/\/valika.eu\/fi\/wp-json\/wp\/v2\/product_tag?post=13126"}],"curies":[{"name":"wp","href":"https:\/\/api.w.org\/{rel}","templated":true}]}}