{"id":1313,"date":"2024-10-02T11:59:43","date_gmt":"2024-10-02T08:59:43","guid":{"rendered":"https:\/\/valika.eu\/?post_type=product&#038;p=1313"},"modified":"2026-03-16T18:08:30","modified_gmt":"2026-03-16T16:08:30","slug":"claresa-top-mat-no-wipe-5g","status":"publish","type":"product","link":"https:\/\/valika.eu\/fi\/toode\/claresa-top-mat-no-wipe-5g\/","title":{"rendered":"Claresa Top Mat No Wipe -5g"},"content":{"rendered":"<p>Mattas\u00e4vy hybridilakallesi!<br \/>\nClaresa Top Mat No Wipe on t\u00e4ydellinen viimeistely manikyyrillesi, jos:<\/p>\n<p>haluat manikyyriisi mattapinnan,<br \/>\nhaluat muuttaa kynsityyli\u00e4si,<br \/>\net k\u00e4yt\u00e4 koristeluja, jotka vaativat tahmean dispersio-kerroksen.<br \/>\nTop Mat No Wipe:<\/p>\n<p>luo mattapinnan, jossa ei ole raitoja tai kiiltoa,<br \/>\nkest\u00e4\u00e4 lohkeilua,<br \/>\nlevittyy tasaisesti ja tasoittaa kynnen pintaa. Se ei sis\u00e4ll\u00e4 dispersio-kerrosta, joten sinun ei tarvitse pyyhki\u00e4 sit\u00e4 puhdistusaineella.<br \/>\nVoit viimeistell\u00e4 sill\u00e4 hybridilakka-, geeli- tai akryylityylit.<\/p>\n<p>K\u00e4ytt\u00f6ohjeet:<\/p>\n<p>Levit\u00e4 yksi kerros pohjalakkaa rasvattomalle kynnen pinnalle ja koveta sit\u00e4 120 sekuntia UV-lampun alla \/ 30 sekuntia LED-lampun alla.<br \/>\nLevit\u00e4 sitten kuivuneelle pohjalle ensimm\u00e4inen kerros v\u00e4rillist\u00e4 hybridilakkaa ja koveta sit\u00e4 120 sekuntia UV-lampun alla \/ 30 sekuntia LED-lampun alla (tarvittaessa toista).<br \/>\nViimeistele levitt\u00e4m\u00e4ll\u00e4 yksi kerros Top Mat No Wipe -lakkaa ja koveta sit\u00e4 120 sekuntia UV-lampun alla \/ 30 sekuntia LED-lampun alla.<br \/>\nJos haaveilet toisenlaisesta viimeistelyst\u00e4 \u2013 kiilt\u00e4v\u00e4st\u00e4, koristeilla, jotka vaativat tahmean dispersio-kerroksen, tai kimaltelevista osasista, kokeile muita Claresa-toppilakkoja ja nauti tyylist\u00e4si pitk\u00e4\u00e4n.<\/p>","protected":false},"excerpt":{"rendered":"<p>levittyy tasaisesti ja tasoittaa kynnen pintaa. Ei sis\u00e4ll\u00e4 dispersiokerrosta, joten sinun ei tarvitse puhdistaa sit\u00e4 puhdistusaineella.<\/p>\n","protected":false},"featured_media":1320,"template":"","meta":[],"product_brand":[],"product_cat":[360,361,651],"product_tag":[],"class_list":{"0":"post-1313","1":"product","2":"type-product","3":"status-publish","4":"has-post-thumbnail","6":"product_cat-pealisalusgeel","7":"product_cat-claresa-top","8":"product_cat-pealisgeelid","10":"first","11":"instock","12":"taxable","13":"shipping-taxable","14":"purchasable","15":"product-type-simple"},"yoast_head":"<!-- This site is optimized with the Yoast SEO plugin v24.4 - https:\/\/yoast.com\/wordpress\/plugins\/seo\/ -->\n<title>Claresa Top Mat No Wipe -5g | Valika<\/title>\n<meta name=\"description\" content=\"jaotub \u00fchtlaselt, siludes k\u00fc\u00fcnepinda. Ei sisalda dispersioonikihti, mis t\u00e4hendab, et sa ei pea seda cleaner&#039;iga puhastama.\" \/>\n<meta name=\"robots\" content=\"index, follow, max-snippet:-1, max-image-preview:large, max-video-preview:-1\" \/>\n<link rel=\"canonical\" href=\"https:\/\/valika.eu\/fi\/toode\/claresa-top-mat-no-wipe-5g\/\" \/>\n<meta property=\"og:locale\" content=\"fi_FI\" \/>\n<meta property=\"og:type\" content=\"article\" \/>\n<meta property=\"og:title\" content=\"Claresa Top Mat No Wipe -5g | Valika\" \/>\n<meta property=\"og:description\" content=\"jaotub \u00fchtlaselt, siludes k\u00fc\u00fcnepinda. Ei sisalda dispersioonikihti, mis t\u00e4hendab, et sa ei pea seda cleaner&#039;iga puhastama.\" \/>\n<meta property=\"og:url\" content=\"https:\/\/valika.eu\/fi\/toode\/claresa-top-mat-no-wipe-5g\/\" \/>\n<meta property=\"og:site_name\" content=\"Valika\" \/>\n<meta property=\"article:publisher\" content=\"https:\/\/www.facebook.com\/tipsi.net\" \/>\n<meta property=\"article:modified_time\" content=\"2026-03-16T16:08:30+00:00\" \/>\n<meta property=\"og:image\" content=\"https:\/\/valika.eu\/wp-content\/uploads\/2024\/10\/claresa-top-mat-no-wipe.jpg\" \/>\n\t<meta property=\"og:image:width\" content=\"1500\" \/>\n\t<meta property=\"og:image:height\" content=\"1500\" \/>\n\t<meta property=\"og:image:type\" content=\"image\/jpeg\" \/>\n<meta name=\"twitter:card\" content=\"summary_large_image\" \/>\n<script type=\"application\/ld+json\" class=\"yoast-schema-graph\">{\"@context\":\"https:\/\/schema.org\",\"@graph\":[{\"@type\":\"WebPage\",\"@id\":\"https:\/\/valika.eu\/fi\/toode\/claresa-top-mat-no-wipe-5g\/\",\"url\":\"https:\/\/valika.eu\/fi\/toode\/claresa-top-mat-no-wipe-5g\/\",\"name\":\"Claresa Top Mat No Wipe -5g | Valika\",\"isPartOf\":{\"@id\":\"https:\/\/valika.eu\/fi\/#website\"},\"primaryImageOfPage\":{\"@id\":\"https:\/\/valika.eu\/fi\/toode\/claresa-top-mat-no-wipe-5g\/#primaryimage\"},\"image\":{\"@id\":\"https:\/\/valika.eu\/toode\/claresa-top-mat-no-wipe-5g\/#primaryimage\"},\"thumbnailUrl\":\"https:\/\/valika.eu\/wp-content\/uploads\/2024\/10\/claresa-top-mat-no-wipe.jpg\",\"datePublished\":\"2024-10-02T08:59:43+00:00\",\"dateModified\":\"2026-03-16T16:08:30+00:00\",\"description\":\"jaotub \u00fchtlaselt, siludes k\u00fc\u00fcnepinda. Ei sisalda dispersioonikihti, mis t\u00e4hendab, et sa ei pea seda cleaner'iga puhastama.\",\"breadcrumb\":{\"@id\":\"https:\/\/valika.eu\/fi\/toode\/claresa-top-mat-no-wipe-5g\/#breadcrumb\"},\"inLanguage\":\"fi\",\"potentialAction\":[{\"@type\":\"ReadAction\",\"target\":[[\"https:\/\/valika.eu\/fi\/toode\/claresa-top-mat-no-wipe-5g\/\"]]}]},{\"@type\":\"ImageObject\",\"inLanguage\":\"fi\",\"@id\":\"https:\/\/valika.eu\/fi\/toode\/claresa-top-mat-no-wipe-5g\/#primaryimage\",\"url\":\"https:\/\/valika.eu\/wp-content\/uploads\/2024\/10\/claresa-top-mat-no-wipe.jpg\",\"contentUrl\":\"https:\/\/valika.eu\/wp-content\/uploads\/2024\/10\/claresa-top-mat-no-wipe.jpg\",\"width\":1500,\"height\":1500},{\"@type\":\"BreadcrumbList\",\"@id\":\"https:\/\/valika.eu\/fi\/toode\/claresa-top-mat-no-wipe-5g\/#breadcrumb\",\"itemListElement\":[{\"@type\":\"ListItem\",\"position\":1,\"name\":\"Koti\",\"item\":\"https:\/\/valika.eu\/fi\/\"},{\"@type\":\"ListItem\",\"position\":2,\"name\":\"Shop\",\"item\":\"https:\/\/valika.eu\/fi\/\"},{\"@type\":\"ListItem\",\"position\":3,\"name\":\"Claresa Top Mat No Wipe -5g\"}]},{\"@type\":\"WebSite\",\"@id\":\"https:\/\/valika.eu\/fi\/#website\",\"url\":\"https:\/\/valika.eu\/fi\/\",\"name\":\"Valika.eu\",\"description\":\"Salonkituotteet ja kauneudenhoitotuotteet - Valika tarjoaa laajan valikoiman tuotteita ja tarvikkeita kynsiteknikoille, kauneushoitoloille, kampaamoille ja kampaamoille.\",\"publisher\":{\"@id\":\"https:\/\/valika.eu\/fi\/#organization\"},\"alternateName\":\"Valika\",\"potentialAction\":[{\"@type\":\"SearchAction\",\"target\":{\"@type\":\"EntryPoint\",\"urlTemplate\":\"https:\/\/valika.eu\/fi\/?s={search_term_string}\"},\"query-input\":{\"@type\":\"PropertyValueSpecification\",\"valueRequired\":true,\"valueName\":\"search_term_string\"}}],\"inLanguage\":\"fi\"},{\"@type\":\"Organization\",\"@id\":\"https:\/\/valika.eu\/fi\/#organization\",\"name\":\"Salongitoode O\u00dc\",\"alternateName\":\"Valika\",\"url\":\"https:\/\/valika.eu\/fi\/\",\"logo\":{\"@type\":\"ImageObject\",\"inLanguage\":\"fi\",\"@id\":\"https:\/\/valika.eu\/fi\/#\/schema\/logo\/image\/\",\"url\":\"https:\/\/valika.eu\/wp-content\/uploads\/2023\/11\/logo2-valika-footer.png\",\"contentUrl\":\"https:\/\/valika.eu\/wp-content\/uploads\/2023\/11\/logo2-valika-footer.png\",\"width\":200,\"height\":129,\"caption\":\"Salongitoode O\u00dc\"},\"image\":{\"@id\":\"https:\/\/valika.eu\/fi\/#\/schema\/logo\/image\/\"},\"sameAs\":[\"https:\/\/www.facebook.com\/tipsi.net\"]}]}<\/script>\n<!-- \/ Yoast SEO plugin. -->","yoast_head_json":{"title":"Claresa Top Mat No Wipe -5g | Valika","description":"jaotub \u00fchtlaselt, siludes k\u00fc\u00fcnepinda. Ei sisalda dispersioonikihti, mis t\u00e4hendab, et sa ei pea seda cleaner'iga puhastama.","robots":{"index":"index","follow":"follow","max-snippet":"max-snippet:-1","max-image-preview":"max-image-preview:large","max-video-preview":"max-video-preview:-1"},"canonical":"https:\/\/valika.eu\/fi\/toode\/claresa-top-mat-no-wipe-5g\/","og_locale":"fi_FI","og_type":"article","og_title":"Claresa Top Mat No Wipe -5g | Valika","og_description":"jaotub \u00fchtlaselt, siludes k\u00fc\u00fcnepinda. Ei sisalda dispersioonikihti, mis t\u00e4hendab, et sa ei pea seda cleaner'iga puhastama.","og_url":"https:\/\/valika.eu\/fi\/toode\/claresa-top-mat-no-wipe-5g\/","og_site_name":"Valika","article_publisher":"https:\/\/www.facebook.com\/tipsi.net","article_modified_time":"2026-03-16T16:08:30+00:00","og_image":[{"width":1500,"height":1500,"url":"https:\/\/valika.eu\/wp-content\/uploads\/2024\/10\/claresa-top-mat-no-wipe.jpg","type":"image\/jpeg"}],"twitter_card":"summary_large_image","schema":{"@context":"https:\/\/schema.org","@graph":[{"@type":"WebPage","@id":"https:\/\/valika.eu\/fi\/toode\/claresa-top-mat-no-wipe-5g\/","url":"https:\/\/valika.eu\/fi\/toode\/claresa-top-mat-no-wipe-5g\/","name":"Claresa Top Mat No Wipe -5g | Valika","isPartOf":{"@id":"https:\/\/valika.eu\/fi\/#website"},"primaryImageOfPage":{"@id":"https:\/\/valika.eu\/fi\/toode\/claresa-top-mat-no-wipe-5g\/#primaryimage"},"image":{"@id":"https:\/\/valika.eu\/toode\/claresa-top-mat-no-wipe-5g\/#primaryimage"},"thumbnailUrl":"https:\/\/valika.eu\/wp-content\/uploads\/2024\/10\/claresa-top-mat-no-wipe.jpg","datePublished":"2024-10-02T08:59:43+00:00","dateModified":"2026-03-16T16:08:30+00:00","description":"jaotub \u00fchtlaselt, siludes k\u00fc\u00fcnepinda. Ei sisalda dispersioonikihti, mis t\u00e4hendab, et sa ei pea seda cleaner'iga puhastama.","breadcrumb":{"@id":"https:\/\/valika.eu\/fi\/toode\/claresa-top-mat-no-wipe-5g\/#breadcrumb"},"inLanguage":"fi","potentialAction":[{"@type":"ReadAction","target":[["https:\/\/valika.eu\/fi\/toode\/claresa-top-mat-no-wipe-5g\/"]]}]},{"@type":"ImageObject","inLanguage":"fi","@id":"https:\/\/valika.eu\/fi\/toode\/claresa-top-mat-no-wipe-5g\/#primaryimage","url":"https:\/\/valika.eu\/wp-content\/uploads\/2024\/10\/claresa-top-mat-no-wipe.jpg","contentUrl":"https:\/\/valika.eu\/wp-content\/uploads\/2024\/10\/claresa-top-mat-no-wipe.jpg","width":1500,"height":1500},{"@type":"BreadcrumbList","@id":"https:\/\/valika.eu\/fi\/toode\/claresa-top-mat-no-wipe-5g\/#breadcrumb","itemListElement":[{"@type":"ListItem","position":1,"name":"Koti","item":"https:\/\/valika.eu\/fi\/"},{"@type":"ListItem","position":2,"name":"Shop","item":"https:\/\/valika.eu\/fi\/"},{"@type":"ListItem","position":3,"name":"Claresa Top Mat No Wipe -5g"}]},{"@type":"WebSite","@id":"https:\/\/valika.eu\/fi\/#website","url":"https:\/\/valika.eu\/fi\/","name":"Valika.eu","description":"Salonkituotteet ja kauneudenhoitotuotteet - Valika tarjoaa laajan valikoiman tuotteita ja tarvikkeita kynsiteknikoille, kauneushoitoloille, kampaamoille ja kampaamoille.","publisher":{"@id":"https:\/\/valika.eu\/fi\/#organization"},"alternateName":"Valika","potentialAction":[{"@type":"SearchAction","target":{"@type":"EntryPoint","urlTemplate":"https:\/\/valika.eu\/fi\/?s={search_term_string}"},"query-input":{"@type":"PropertyValueSpecification","valueRequired":true,"valueName":"search_term_string"}}],"inLanguage":"fi"},{"@type":"Organization","@id":"https:\/\/valika.eu\/fi\/#organization","name":"Salongitoode O\u00dc","alternateName":"Valika","url":"https:\/\/valika.eu\/fi\/","logo":{"@type":"ImageObject","inLanguage":"fi","@id":"https:\/\/valika.eu\/fi\/#\/schema\/logo\/image\/","url":"https:\/\/valika.eu\/wp-content\/uploads\/2023\/11\/logo2-valika-footer.png","contentUrl":"https:\/\/valika.eu\/wp-content\/uploads\/2023\/11\/logo2-valika-footer.png","width":200,"height":129,"caption":"Salongitoode O\u00dc"},"image":{"@id":"https:\/\/valika.eu\/fi\/#\/schema\/logo\/image\/"},"sameAs":["https:\/\/www.facebook.com\/tipsi.net"]}]}},"jetpack_sharing_enabled":true,"_links":{"self":[{"href":"https:\/\/valika.eu\/fi\/wp-json\/wp\/v2\/product\/1313","targetHints":{"allow":["GET"]}}],"collection":[{"href":"https:\/\/valika.eu\/fi\/wp-json\/wp\/v2\/product"}],"about":[{"href":"https:\/\/valika.eu\/fi\/wp-json\/wp\/v2\/types\/product"}],"wp:featuredmedia":[{"embeddable":true,"href":"https:\/\/valika.eu\/fi\/wp-json\/wp\/v2\/media\/1320"}],"wp:attachment":[{"href":"https:\/\/valika.eu\/fi\/wp-json\/wp\/v2\/media?parent=1313"}],"wp:term":[{"taxonomy":"product_brand","embeddable":true,"href":"https:\/\/valika.eu\/fi\/wp-json\/wp\/v2\/product_brand?post=1313"},{"taxonomy":"product_cat","embeddable":true,"href":"https:\/\/valika.eu\/fi\/wp-json\/wp\/v2\/product_cat?post=1313"},{"taxonomy":"product_tag","embeddable":true,"href":"https:\/\/valika.eu\/fi\/wp-json\/wp\/v2\/product_tag?post=1313"}],"curies":[{"name":"wp","href":"https:\/\/api.w.org\/{rel}","templated":true}]}}