{"id":13136,"date":"2025-02-28T21:31:50","date_gmt":"2025-02-28T19:31:50","guid":{"rendered":"https:\/\/valika.eu\/?post_type=product&#038;p=13136"},"modified":"2026-03-06T15:21:12","modified_gmt":"2026-03-06T13:21:12","slug":"claresa-top-no-wipe-sunstone-5g-pealisgeel","status":"publish","type":"product","link":"https:\/\/valika.eu\/fi\/toode\/claresa-top-no-wipe-sunstone-5g-pealisgeel\/","title":{"rendered":"CLARESA TOP NO WIPE SUNSTONE 5G P\u00e4\u00e4llysgeeli"},"content":{"rendered":"<p>L\u00e4pin\u00e4kyv\u00e4 P\u00e4\u00e4llysgeeli kultaisella, kimaltavalla efektill\u00e4.<\/p>\n<p>Sunstone on viimeistelytoppi, joka h\u00e4ik\u00e4isee l\u00e4mpim\u00e4ll\u00e4, kultaisella hohdollaan. Kimalteleva pinta antaa manikyyrille ainutlaatuisen ilmeen, joka sopii t\u00e4ydellisesti sek\u00e4 syksyisiin tyyleihin ett\u00e4 elegantteihin iltatyyleihin. Kest\u00e4v\u00e4n, tahmattoman koostumuksensa ansiosta t\u00e4m\u00e4 top coat ei ainoastaan tarjoa upeaa lopputulosta, vaan my\u00f6s luotettavaa suojaa kynsille.<\/p>\n<p>OMINAISUUDET:<\/p>\n<p>Kultainen, kimaltava efekti \u2013 l\u00e4mmin ja ylellinen hehku.<br \/>\nKeskiviskositeettinen koostumus \u2013 helpottaa levityst\u00e4 ja tuotteen hallintaa.<br \/>\nEi tahmaista kerrosta \u2013 nopea ja k\u00e4tev\u00e4 viimeistely.<br \/>\nKest\u00e4vyys jopa 3 viikkoa \u2013 kest\u00e4\u00e4 naarmuja ja vaurioita.<br \/>\nKenelle?<br \/>\nSunstone on t\u00e4ydellinen valinta niille, jotka haluavat lis\u00e4t\u00e4 kynsiins\u00e4 ripauksen kultaista ylellisyytt\u00e4 ja n\u00e4ytt\u00e4v\u00e4\u00e4 viimeistely\u00e4.<\/p>\n<p>K\u00e4ytt\u00f6ohjeet:<br \/>\nLevit\u00e4 yksi kerros BASEA rasvattomalle kynsilevylle ja koveta UV\/LED-lampussa v\u00e4hint\u00e4\u00e4n 60 sekuntia. Levit\u00e4 sitten ensimm\u00e4inen kerros v\u00e4rillist\u00e4 hybridilakkaa COLOR ja koveta lampussa (tarvittaessa toista k\u00e4sittely). Lopuksi levit\u00e4 yksi kerros TOPIA ja koveta UV\/LED-lampussa v\u00e4hint\u00e4\u00e4n 60 sekuntia.<\/p>","protected":false},"excerpt":{"rendered":"<p>L\u00e4pin\u00e4kyv\u00e4 P\u00e4\u00e4llysgeeli kultaisella, kimaltavalla efektill\u00e4. Sunstone on viimeistelytoppi, joka h\u00e4ik\u00e4isee l\u00e4mpim\u00e4ll\u00e4, kultaisella hohdollaan. Kimalteleva pinta antaa manikyyrille ainutlaatuisen ilmeen, joka<\/p>\n","protected":false},"featured_media":13141,"template":"","meta":[],"product_brand":[],"product_cat":[361,651],"product_tag":[],"class_list":{"0":"post-13136","1":"product","2":"type-product","3":"status-publish","4":"has-post-thumbnail","6":"product_cat-claresa-top","7":"product_cat-pealisgeelid","9":"first","10":"instock","11":"taxable","12":"shipping-taxable","13":"purchasable","14":"product-type-simple"},"yoast_head":"<!-- This site is optimized with the Yoast SEO plugin v24.4 - https:\/\/yoast.com\/wordpress\/plugins\/seo\/ -->\n<title>CLARESA TOP NO WIPE SUNSTONE 5G P\u00e4\u00e4llysgeeli | Valika<\/title>\n<meta name=\"robots\" content=\"index, follow, max-snippet:-1, max-image-preview:large, max-video-preview:-1\" \/>\n<link rel=\"canonical\" href=\"https:\/\/valika.eu\/fi\/toode\/claresa-top-no-wipe-sunstone-5g-pealisgeel\/\" \/>\n<meta property=\"og:locale\" content=\"fi_FI\" \/>\n<meta property=\"og:type\" content=\"article\" \/>\n<meta property=\"og:title\" content=\"CLARESA TOP NO WIPE SUNSTONE 5G P\u00e4\u00e4llysgeeli | Valika\" \/>\n<meta property=\"og:description\" content=\"L\u00e4pin\u00e4kyv\u00e4 P\u00e4\u00e4llysgeeli kultaisella, kimaltavalla efektill\u00e4. Sunstone on viimeistelytoppi, joka h\u00e4ik\u00e4isee l\u00e4mpim\u00e4ll\u00e4, kultaisella hohdollaan. Kimalteleva pinta antaa manikyyrille ainutlaatuisen ilmeen, joka\" \/>\n<meta property=\"og:url\" content=\"https:\/\/valika.eu\/fi\/toode\/claresa-top-no-wipe-sunstone-5g-pealisgeel\/\" \/>\n<meta property=\"og:site_name\" content=\"Valika\" \/>\n<meta property=\"article:publisher\" content=\"https:\/\/www.facebook.com\/tipsi.net\" \/>\n<meta property=\"article:modified_time\" content=\"2026-03-06T13:21:12+00:00\" \/>\n<meta property=\"og:image\" content=\"https:\/\/valika.eu\/wp-content\/uploads\/2025\/02\/TOP-SUNSTONE-paz.jpg\" \/>\n\t<meta property=\"og:image:width\" content=\"1500\" \/>\n\t<meta property=\"og:image:height\" content=\"1500\" \/>\n\t<meta property=\"og:image:type\" content=\"image\/jpeg\" \/>\n<meta name=\"twitter:card\" content=\"summary_large_image\" \/>\n<script type=\"application\/ld+json\" class=\"yoast-schema-graph\">{\"@context\":\"https:\/\/schema.org\",\"@graph\":[{\"@type\":\"WebPage\",\"@id\":\"https:\/\/valika.eu\/fi\/toode\/claresa-top-no-wipe-sunstone-5g-pealisgeel\/\",\"url\":\"https:\/\/valika.eu\/fi\/toode\/claresa-top-no-wipe-sunstone-5g-pealisgeel\/\",\"name\":\"CLARESA TOP NO WIPE SUNSTONE 5G P\u00e4\u00e4llysgeeli | Valika\",\"isPartOf\":{\"@id\":\"https:\/\/valika.eu\/fi\/#website\"},\"primaryImageOfPage\":{\"@id\":\"https:\/\/valika.eu\/fi\/toode\/claresa-top-no-wipe-sunstone-5g-pealisgeel\/#primaryimage\"},\"image\":{\"@id\":\"https:\/\/valika.eu\/toode\/claresa-top-no-wipe-sunstone-5g-pealisgeel\/#primaryimage\"},\"thumbnailUrl\":\"https:\/\/valika.eu\/wp-content\/uploads\/2025\/02\/TOP-SUNSTONE-paz.jpg\",\"datePublished\":\"2025-02-28T19:31:50+00:00\",\"dateModified\":\"2026-03-06T13:21:12+00:00\",\"breadcrumb\":{\"@id\":\"https:\/\/valika.eu\/fi\/toode\/claresa-top-no-wipe-sunstone-5g-pealisgeel\/#breadcrumb\"},\"inLanguage\":\"fi\",\"potentialAction\":[{\"@type\":\"ReadAction\",\"target\":[[\"https:\/\/valika.eu\/fi\/toode\/claresa-top-no-wipe-sunstone-5g-pealisgeel\/\"]]}]},{\"@type\":\"ImageObject\",\"inLanguage\":\"fi\",\"@id\":\"https:\/\/valika.eu\/fi\/toode\/claresa-top-no-wipe-sunstone-5g-pealisgeel\/#primaryimage\",\"url\":\"https:\/\/valika.eu\/wp-content\/uploads\/2025\/02\/TOP-SUNSTONE-paz.jpg\",\"contentUrl\":\"https:\/\/valika.eu\/wp-content\/uploads\/2025\/02\/TOP-SUNSTONE-paz.jpg\",\"width\":1500,\"height\":1500},{\"@type\":\"BreadcrumbList\",\"@id\":\"https:\/\/valika.eu\/fi\/toode\/claresa-top-no-wipe-sunstone-5g-pealisgeel\/#breadcrumb\",\"itemListElement\":[{\"@type\":\"ListItem\",\"position\":1,\"name\":\"Koti\",\"item\":\"https:\/\/valika.eu\/fi\/\"},{\"@type\":\"ListItem\",\"position\":2,\"name\":\"Shop\",\"item\":\"https:\/\/valika.eu\/fi\/\"},{\"@type\":\"ListItem\",\"position\":3,\"name\":\"CLARESA TOP NO WIPE SUNSTONE 5G Pealisgeel\"}]},{\"@type\":\"WebSite\",\"@id\":\"https:\/\/valika.eu\/fi\/#website\",\"url\":\"https:\/\/valika.eu\/fi\/\",\"name\":\"Valika.eu\",\"description\":\"Salonkituotteet ja kauneudenhoitotuotteet - Valika tarjoaa laajan valikoiman tuotteita ja tarvikkeita kynsiteknikoille, kauneushoitoloille, kampaamoille ja kampaamoille.\",\"publisher\":{\"@id\":\"https:\/\/valika.eu\/fi\/#organization\"},\"alternateName\":\"Valika\",\"potentialAction\":[{\"@type\":\"SearchAction\",\"target\":{\"@type\":\"EntryPoint\",\"urlTemplate\":\"https:\/\/valika.eu\/fi\/?s={search_term_string}\"},\"query-input\":{\"@type\":\"PropertyValueSpecification\",\"valueRequired\":true,\"valueName\":\"search_term_string\"}}],\"inLanguage\":\"fi\"},{\"@type\":\"Organization\",\"@id\":\"https:\/\/valika.eu\/fi\/#organization\",\"name\":\"Salongitoode O\u00dc\",\"alternateName\":\"Valika\",\"url\":\"https:\/\/valika.eu\/fi\/\",\"logo\":{\"@type\":\"ImageObject\",\"inLanguage\":\"fi\",\"@id\":\"https:\/\/valika.eu\/fi\/#\/schema\/logo\/image\/\",\"url\":\"https:\/\/valika.eu\/wp-content\/uploads\/2023\/11\/logo2-valika-footer.png\",\"contentUrl\":\"https:\/\/valika.eu\/wp-content\/uploads\/2023\/11\/logo2-valika-footer.png\",\"width\":200,\"height\":129,\"caption\":\"Salongitoode O\u00dc\"},\"image\":{\"@id\":\"https:\/\/valika.eu\/fi\/#\/schema\/logo\/image\/\"},\"sameAs\":[\"https:\/\/www.facebook.com\/tipsi.net\"]}]}<\/script>\n<!-- \/ Yoast SEO plugin. -->","yoast_head_json":{"title":"CLARESA TOP NO WIPE SUNSTONE 5G P\u00e4\u00e4llysgeeli | Valika","robots":{"index":"index","follow":"follow","max-snippet":"max-snippet:-1","max-image-preview":"max-image-preview:large","max-video-preview":"max-video-preview:-1"},"canonical":"https:\/\/valika.eu\/fi\/toode\/claresa-top-no-wipe-sunstone-5g-pealisgeel\/","og_locale":"fi_FI","og_type":"article","og_title":"CLARESA TOP NO WIPE SUNSTONE 5G P\u00e4\u00e4llysgeeli | Valika","og_description":"L\u00e4pin\u00e4kyv\u00e4 P\u00e4\u00e4llysgeeli kultaisella, kimaltavalla efektill\u00e4. Sunstone on viimeistelytoppi, joka h\u00e4ik\u00e4isee l\u00e4mpim\u00e4ll\u00e4, kultaisella hohdollaan. Kimalteleva pinta antaa manikyyrille ainutlaatuisen ilmeen, joka","og_url":"https:\/\/valika.eu\/fi\/toode\/claresa-top-no-wipe-sunstone-5g-pealisgeel\/","og_site_name":"Valika","article_publisher":"https:\/\/www.facebook.com\/tipsi.net","article_modified_time":"2026-03-06T13:21:12+00:00","og_image":[{"width":1500,"height":1500,"url":"https:\/\/valika.eu\/wp-content\/uploads\/2025\/02\/TOP-SUNSTONE-paz.jpg","type":"image\/jpeg"}],"twitter_card":"summary_large_image","schema":{"@context":"https:\/\/schema.org","@graph":[{"@type":"WebPage","@id":"https:\/\/valika.eu\/fi\/toode\/claresa-top-no-wipe-sunstone-5g-pealisgeel\/","url":"https:\/\/valika.eu\/fi\/toode\/claresa-top-no-wipe-sunstone-5g-pealisgeel\/","name":"CLARESA TOP NO WIPE SUNSTONE 5G P\u00e4\u00e4llysgeeli | Valika","isPartOf":{"@id":"https:\/\/valika.eu\/fi\/#website"},"primaryImageOfPage":{"@id":"https:\/\/valika.eu\/fi\/toode\/claresa-top-no-wipe-sunstone-5g-pealisgeel\/#primaryimage"},"image":{"@id":"https:\/\/valika.eu\/toode\/claresa-top-no-wipe-sunstone-5g-pealisgeel\/#primaryimage"},"thumbnailUrl":"https:\/\/valika.eu\/wp-content\/uploads\/2025\/02\/TOP-SUNSTONE-paz.jpg","datePublished":"2025-02-28T19:31:50+00:00","dateModified":"2026-03-06T13:21:12+00:00","breadcrumb":{"@id":"https:\/\/valika.eu\/fi\/toode\/claresa-top-no-wipe-sunstone-5g-pealisgeel\/#breadcrumb"},"inLanguage":"fi","potentialAction":[{"@type":"ReadAction","target":[["https:\/\/valika.eu\/fi\/toode\/claresa-top-no-wipe-sunstone-5g-pealisgeel\/"]]}]},{"@type":"ImageObject","inLanguage":"fi","@id":"https:\/\/valika.eu\/fi\/toode\/claresa-top-no-wipe-sunstone-5g-pealisgeel\/#primaryimage","url":"https:\/\/valika.eu\/wp-content\/uploads\/2025\/02\/TOP-SUNSTONE-paz.jpg","contentUrl":"https:\/\/valika.eu\/wp-content\/uploads\/2025\/02\/TOP-SUNSTONE-paz.jpg","width":1500,"height":1500},{"@type":"BreadcrumbList","@id":"https:\/\/valika.eu\/fi\/toode\/claresa-top-no-wipe-sunstone-5g-pealisgeel\/#breadcrumb","itemListElement":[{"@type":"ListItem","position":1,"name":"Koti","item":"https:\/\/valika.eu\/fi\/"},{"@type":"ListItem","position":2,"name":"Shop","item":"https:\/\/valika.eu\/fi\/"},{"@type":"ListItem","position":3,"name":"CLARESA TOP NO WIPE SUNSTONE 5G Pealisgeel"}]},{"@type":"WebSite","@id":"https:\/\/valika.eu\/fi\/#website","url":"https:\/\/valika.eu\/fi\/","name":"Valika.eu","description":"Salonkituotteet ja kauneudenhoitotuotteet - Valika tarjoaa laajan valikoiman tuotteita ja tarvikkeita kynsiteknikoille, kauneushoitoloille, kampaamoille ja kampaamoille.","publisher":{"@id":"https:\/\/valika.eu\/fi\/#organization"},"alternateName":"Valika","potentialAction":[{"@type":"SearchAction","target":{"@type":"EntryPoint","urlTemplate":"https:\/\/valika.eu\/fi\/?s={search_term_string}"},"query-input":{"@type":"PropertyValueSpecification","valueRequired":true,"valueName":"search_term_string"}}],"inLanguage":"fi"},{"@type":"Organization","@id":"https:\/\/valika.eu\/fi\/#organization","name":"Salongitoode O\u00dc","alternateName":"Valika","url":"https:\/\/valika.eu\/fi\/","logo":{"@type":"ImageObject","inLanguage":"fi","@id":"https:\/\/valika.eu\/fi\/#\/schema\/logo\/image\/","url":"https:\/\/valika.eu\/wp-content\/uploads\/2023\/11\/logo2-valika-footer.png","contentUrl":"https:\/\/valika.eu\/wp-content\/uploads\/2023\/11\/logo2-valika-footer.png","width":200,"height":129,"caption":"Salongitoode O\u00dc"},"image":{"@id":"https:\/\/valika.eu\/fi\/#\/schema\/logo\/image\/"},"sameAs":["https:\/\/www.facebook.com\/tipsi.net"]}]}},"jetpack_sharing_enabled":true,"_links":{"self":[{"href":"https:\/\/valika.eu\/fi\/wp-json\/wp\/v2\/product\/13136","targetHints":{"allow":["GET"]}}],"collection":[{"href":"https:\/\/valika.eu\/fi\/wp-json\/wp\/v2\/product"}],"about":[{"href":"https:\/\/valika.eu\/fi\/wp-json\/wp\/v2\/types\/product"}],"wp:featuredmedia":[{"embeddable":true,"href":"https:\/\/valika.eu\/fi\/wp-json\/wp\/v2\/media\/13141"}],"wp:attachment":[{"href":"https:\/\/valika.eu\/fi\/wp-json\/wp\/v2\/media?parent=13136"}],"wp:term":[{"taxonomy":"product_brand","embeddable":true,"href":"https:\/\/valika.eu\/fi\/wp-json\/wp\/v2\/product_brand?post=13136"},{"taxonomy":"product_cat","embeddable":true,"href":"https:\/\/valika.eu\/fi\/wp-json\/wp\/v2\/product_cat?post=13136"},{"taxonomy":"product_tag","embeddable":true,"href":"https:\/\/valika.eu\/fi\/wp-json\/wp\/v2\/product_tag?post=13136"}],"curies":[{"name":"wp","href":"https:\/\/api.w.org\/{rel}","templated":true}]}}