{"id":13164,"date":"2025-03-03T10:49:29","date_gmt":"2025-03-03T08:49:29","guid":{"rendered":"https:\/\/valika.eu\/?post_type=product&#038;p=13164"},"modified":"2026-02-04T15:00:35","modified_gmt":"2026-02-04T13:00:35","slug":"mystic-aura-1-claresa-gelpolish-5g","status":"publish","type":"product","link":"https:\/\/valika.eu\/fi\/toode\/mystic-aura-1-claresa-gelpolish-5g\/","title":{"rendered":"MYSTIC AURA 1  Claresa gelpolish 5G"},"content":{"rendered":"<p>MYSTIC AURA on syv\u00e4n kyll\u00e4isten talvis\u00e4vyjen paletti, jossa on salaper\u00e4inen ja maaginen vivahde. Tummien, eleganttien v\u00e4rien ja kimaltavien glitterhippujen yhdistelm\u00e4 tekee n\u00e4ist\u00e4 lakoista t\u00e4ydellisi\u00e4 talvikaudelle, lis\u00e4ten manikyyriin ylellisyytt\u00e4 ja mystist\u00e4 tunnelmaa. T\u00e4m\u00e4 kokoelma on suunniteltu naisille, jotka rakastavat klassista kauneutta, mutta eiv\u00e4t pelk\u00e4\u00e4 pient\u00e4 s\u00e4ihkett\u00e4 ja salaper\u00e4isyytt\u00e4. Jokainen s\u00e4vy kantaa mukanaan ripauksen taikaa.<\/p>\n<p>MYSTIC AURA -kokoelma on ainutlaatuinen yhdistelm\u00e4 syvi\u00e4, mystisi\u00e4 s\u00e4vyj\u00e4 ja hohtavia efektej\u00e4, jotka tuovat mieleen talvimaisemat ja y\u00f6taivaan taian. Se on t\u00e4ydellinen yhdistelm\u00e4 klassista eleganssia, glitteri\u00e4 ja voimakkaita s\u00e4vyj\u00e4, jotka korostavat jokaisen tyylin ainutlaatuisuutta. Talviy\u00f6n, revontulten ja lumisateen inspiroima MYSTIC AURA on suunniteltu naisille, jotka haluavat korostaa eleganssiaan ripauksella salaper\u00e4ist\u00e4 hohtoa.<\/p>\n<p>Mystic Aura 1<br \/>\nIntensiivisesti hohtava hopeas\u00e4vy, jossa on hienojakoista glitteri\u00e4. Se tuo mieleen talvisen tunnelman ja huurteisen aamun elegantin viileyden. T\u00e4ydellinen valinta niille, jotka haluavat lis\u00e4t\u00e4 manikyyriins\u00e4 viile\u00e4\u00e4 mutta tyylik\u00e4st\u00e4 ilmett\u00e4.<\/p>\n<p>OMINAISUUDET:<\/p>\n<p>Helppo levitt\u00e4\u00e4 ilman kynsinauhojen sotkemista<br \/>\nIntensiivinen kiilto<br \/>\nT\u00e4ydellinen keskiviskositeetti<br \/>\nKest\u00e4vyys jopa 3 viikkoa<br \/>\nTilavuus: 5 g<br \/>\nK\u00c4YTT\u00d6OHJE:<br \/>\nLevit\u00e4 ohut kerros v\u00e4rillist\u00e4 hybridilakkaa aiemmin kovetetulle Claresa-hybridipohjalle ja koveta UV-\/LED-lampun alla. Parhaan lopputuloksen saavuttamiseksi voit toistaa prosessin. Viimeistele manikyyri levitt\u00e4m\u00e4ll\u00e4 ja kovettamalla Claresa TOP -p\u00e4\u00e4llyslakka.<\/p>","protected":false},"excerpt":{"rendered":"<p>MYSTIC AURA on syv\u00e4n kyll\u00e4isten talvis\u00e4vyjen paletti, jossa on salaper\u00e4inen ja maaginen vivahde. Tummien, eleganttien v\u00e4rien ja kimaltavien glitterhippujen yhdistelm\u00e4<\/p>\n","protected":false},"featured_media":13167,"template":"","meta":[],"product_brand":[],"product_cat":[406],"product_tag":[],"class_list":{"0":"post-13164","1":"product","2":"type-product","3":"status-publish","4":"has-post-thumbnail","6":"product_cat-undefined","8":"first","9":"instock","10":"taxable","11":"shipping-taxable","12":"purchasable","13":"product-type-simple"},"yoast_head":"<!-- This site is optimized with the Yoast SEO plugin v24.4 - https:\/\/yoast.com\/wordpress\/plugins\/seo\/ -->\n<title>MYSTIC AURA 1 Claresa gelpolish 5G | Valika<\/title>\n<meta name=\"robots\" content=\"index, follow, max-snippet:-1, max-image-preview:large, max-video-preview:-1\" \/>\n<link rel=\"canonical\" href=\"https:\/\/valika.eu\/fi\/toode\/mystic-aura-1-claresa-gelpolish-5g\/\" \/>\n<meta property=\"og:locale\" content=\"fi_FI\" \/>\n<meta property=\"og:type\" content=\"article\" \/>\n<meta property=\"og:title\" content=\"MYSTIC AURA 1 Claresa gelpolish 5G | Valika\" \/>\n<meta property=\"og:description\" content=\"MYSTIC AURA on syv\u00e4n kyll\u00e4isten talvis\u00e4vyjen paletti, jossa on salaper\u00e4inen ja maaginen vivahde. Tummien, eleganttien v\u00e4rien ja kimaltavien glitterhippujen yhdistelm\u00e4\" \/>\n<meta property=\"og:url\" content=\"https:\/\/valika.eu\/fi\/toode\/mystic-aura-1-claresa-gelpolish-5g\/\" \/>\n<meta property=\"og:site_name\" content=\"Valika\" \/>\n<meta property=\"article:publisher\" content=\"https:\/\/www.facebook.com\/tipsi.net\" \/>\n<meta property=\"article:modified_time\" content=\"2026-02-04T13:00:35+00:00\" \/>\n<meta property=\"og:image\" content=\"https:\/\/valika.eu\/wp-content\/uploads\/2025\/03\/mystic.jpg\" \/>\n\t<meta property=\"og:image:width\" content=\"1500\" \/>\n\t<meta property=\"og:image:height\" content=\"1500\" \/>\n\t<meta property=\"og:image:type\" content=\"image\/jpeg\" \/>\n<meta name=\"twitter:card\" content=\"summary_large_image\" \/>\n<script type=\"application\/ld+json\" class=\"yoast-schema-graph\">{\"@context\":\"https:\/\/schema.org\",\"@graph\":[{\"@type\":\"WebPage\",\"@id\":\"https:\/\/valika.eu\/fi\/toode\/mystic-aura-1-claresa-gelpolish-5g\/\",\"url\":\"https:\/\/valika.eu\/fi\/toode\/mystic-aura-1-claresa-gelpolish-5g\/\",\"name\":\"MYSTIC AURA 1 Claresa gelpolish 5G | Valika\",\"isPartOf\":{\"@id\":\"https:\/\/valika.eu\/fi\/#website\"},\"primaryImageOfPage\":{\"@id\":\"https:\/\/valika.eu\/fi\/toode\/mystic-aura-1-claresa-gelpolish-5g\/#primaryimage\"},\"image\":{\"@id\":\"https:\/\/valika.eu\/toode\/mystic-aura-1-claresa-gelpolish-5g\/#primaryimage\"},\"thumbnailUrl\":\"https:\/\/valika.eu\/wp-content\/uploads\/2025\/03\/mystic.jpg\",\"datePublished\":\"2025-03-03T08:49:29+00:00\",\"dateModified\":\"2026-02-04T13:00:35+00:00\",\"breadcrumb\":{\"@id\":\"https:\/\/valika.eu\/fi\/toode\/mystic-aura-1-claresa-gelpolish-5g\/#breadcrumb\"},\"inLanguage\":\"fi\",\"potentialAction\":[{\"@type\":\"ReadAction\",\"target\":[[\"https:\/\/valika.eu\/fi\/toode\/mystic-aura-1-claresa-gelpolish-5g\/\"]]}]},{\"@type\":\"ImageObject\",\"inLanguage\":\"fi\",\"@id\":\"https:\/\/valika.eu\/fi\/toode\/mystic-aura-1-claresa-gelpolish-5g\/#primaryimage\",\"url\":\"https:\/\/valika.eu\/wp-content\/uploads\/2025\/03\/mystic.jpg\",\"contentUrl\":\"https:\/\/valika.eu\/wp-content\/uploads\/2025\/03\/mystic.jpg\",\"width\":1500,\"height\":1500},{\"@type\":\"BreadcrumbList\",\"@id\":\"https:\/\/valika.eu\/fi\/toode\/mystic-aura-1-claresa-gelpolish-5g\/#breadcrumb\",\"itemListElement\":[{\"@type\":\"ListItem\",\"position\":1,\"name\":\"Koti\",\"item\":\"https:\/\/valika.eu\/fi\/\"},{\"@type\":\"ListItem\",\"position\":2,\"name\":\"Shop\",\"item\":\"https:\/\/valika.eu\/fi\/\"},{\"@type\":\"ListItem\",\"position\":3,\"name\":\"MYSTIC AURA 1 Claresa gelpolish 5G\"}]},{\"@type\":\"WebSite\",\"@id\":\"https:\/\/valika.eu\/fi\/#website\",\"url\":\"https:\/\/valika.eu\/fi\/\",\"name\":\"Valika.eu\",\"description\":\"Salonkituotteet ja kauneudenhoitotuotteet - Valika tarjoaa laajan valikoiman tuotteita ja tarvikkeita kynsiteknikoille, kauneushoitoloille, kampaamoille ja kampaamoille.\",\"publisher\":{\"@id\":\"https:\/\/valika.eu\/fi\/#organization\"},\"alternateName\":\"Valika\",\"potentialAction\":[{\"@type\":\"SearchAction\",\"target\":{\"@type\":\"EntryPoint\",\"urlTemplate\":\"https:\/\/valika.eu\/fi\/?s={search_term_string}\"},\"query-input\":{\"@type\":\"PropertyValueSpecification\",\"valueRequired\":true,\"valueName\":\"search_term_string\"}}],\"inLanguage\":\"fi\"},{\"@type\":\"Organization\",\"@id\":\"https:\/\/valika.eu\/fi\/#organization\",\"name\":\"Salongitoode O\u00dc\",\"alternateName\":\"Valika\",\"url\":\"https:\/\/valika.eu\/fi\/\",\"logo\":{\"@type\":\"ImageObject\",\"inLanguage\":\"fi\",\"@id\":\"https:\/\/valika.eu\/fi\/#\/schema\/logo\/image\/\",\"url\":\"https:\/\/valika.eu\/wp-content\/uploads\/2023\/11\/logo2-valika-footer.png\",\"contentUrl\":\"https:\/\/valika.eu\/wp-content\/uploads\/2023\/11\/logo2-valika-footer.png\",\"width\":200,\"height\":129,\"caption\":\"Salongitoode O\u00dc\"},\"image\":{\"@id\":\"https:\/\/valika.eu\/fi\/#\/schema\/logo\/image\/\"},\"sameAs\":[\"https:\/\/www.facebook.com\/tipsi.net\"]}]}<\/script>\n<!-- \/ Yoast SEO plugin. -->","yoast_head_json":{"title":"MYSTIC AURA 1 Claresa gelpolish 5G | Valika","robots":{"index":"index","follow":"follow","max-snippet":"max-snippet:-1","max-image-preview":"max-image-preview:large","max-video-preview":"max-video-preview:-1"},"canonical":"https:\/\/valika.eu\/fi\/toode\/mystic-aura-1-claresa-gelpolish-5g\/","og_locale":"fi_FI","og_type":"article","og_title":"MYSTIC AURA 1 Claresa gelpolish 5G | Valika","og_description":"MYSTIC AURA on syv\u00e4n kyll\u00e4isten talvis\u00e4vyjen paletti, jossa on salaper\u00e4inen ja maaginen vivahde. Tummien, eleganttien v\u00e4rien ja kimaltavien glitterhippujen yhdistelm\u00e4","og_url":"https:\/\/valika.eu\/fi\/toode\/mystic-aura-1-claresa-gelpolish-5g\/","og_site_name":"Valika","article_publisher":"https:\/\/www.facebook.com\/tipsi.net","article_modified_time":"2026-02-04T13:00:35+00:00","og_image":[{"width":1500,"height":1500,"url":"https:\/\/valika.eu\/wp-content\/uploads\/2025\/03\/mystic.jpg","type":"image\/jpeg"}],"twitter_card":"summary_large_image","schema":{"@context":"https:\/\/schema.org","@graph":[{"@type":"WebPage","@id":"https:\/\/valika.eu\/fi\/toode\/mystic-aura-1-claresa-gelpolish-5g\/","url":"https:\/\/valika.eu\/fi\/toode\/mystic-aura-1-claresa-gelpolish-5g\/","name":"MYSTIC AURA 1 Claresa gelpolish 5G | Valika","isPartOf":{"@id":"https:\/\/valika.eu\/fi\/#website"},"primaryImageOfPage":{"@id":"https:\/\/valika.eu\/fi\/toode\/mystic-aura-1-claresa-gelpolish-5g\/#primaryimage"},"image":{"@id":"https:\/\/valika.eu\/toode\/mystic-aura-1-claresa-gelpolish-5g\/#primaryimage"},"thumbnailUrl":"https:\/\/valika.eu\/wp-content\/uploads\/2025\/03\/mystic.jpg","datePublished":"2025-03-03T08:49:29+00:00","dateModified":"2026-02-04T13:00:35+00:00","breadcrumb":{"@id":"https:\/\/valika.eu\/fi\/toode\/mystic-aura-1-claresa-gelpolish-5g\/#breadcrumb"},"inLanguage":"fi","potentialAction":[{"@type":"ReadAction","target":[["https:\/\/valika.eu\/fi\/toode\/mystic-aura-1-claresa-gelpolish-5g\/"]]}]},{"@type":"ImageObject","inLanguage":"fi","@id":"https:\/\/valika.eu\/fi\/toode\/mystic-aura-1-claresa-gelpolish-5g\/#primaryimage","url":"https:\/\/valika.eu\/wp-content\/uploads\/2025\/03\/mystic.jpg","contentUrl":"https:\/\/valika.eu\/wp-content\/uploads\/2025\/03\/mystic.jpg","width":1500,"height":1500},{"@type":"BreadcrumbList","@id":"https:\/\/valika.eu\/fi\/toode\/mystic-aura-1-claresa-gelpolish-5g\/#breadcrumb","itemListElement":[{"@type":"ListItem","position":1,"name":"Koti","item":"https:\/\/valika.eu\/fi\/"},{"@type":"ListItem","position":2,"name":"Shop","item":"https:\/\/valika.eu\/fi\/"},{"@type":"ListItem","position":3,"name":"MYSTIC AURA 1 Claresa gelpolish 5G"}]},{"@type":"WebSite","@id":"https:\/\/valika.eu\/fi\/#website","url":"https:\/\/valika.eu\/fi\/","name":"Valika.eu","description":"Salonkituotteet ja kauneudenhoitotuotteet - Valika tarjoaa laajan valikoiman tuotteita ja tarvikkeita kynsiteknikoille, kauneushoitoloille, kampaamoille ja kampaamoille.","publisher":{"@id":"https:\/\/valika.eu\/fi\/#organization"},"alternateName":"Valika","potentialAction":[{"@type":"SearchAction","target":{"@type":"EntryPoint","urlTemplate":"https:\/\/valika.eu\/fi\/?s={search_term_string}"},"query-input":{"@type":"PropertyValueSpecification","valueRequired":true,"valueName":"search_term_string"}}],"inLanguage":"fi"},{"@type":"Organization","@id":"https:\/\/valika.eu\/fi\/#organization","name":"Salongitoode O\u00dc","alternateName":"Valika","url":"https:\/\/valika.eu\/fi\/","logo":{"@type":"ImageObject","inLanguage":"fi","@id":"https:\/\/valika.eu\/fi\/#\/schema\/logo\/image\/","url":"https:\/\/valika.eu\/wp-content\/uploads\/2023\/11\/logo2-valika-footer.png","contentUrl":"https:\/\/valika.eu\/wp-content\/uploads\/2023\/11\/logo2-valika-footer.png","width":200,"height":129,"caption":"Salongitoode O\u00dc"},"image":{"@id":"https:\/\/valika.eu\/fi\/#\/schema\/logo\/image\/"},"sameAs":["https:\/\/www.facebook.com\/tipsi.net"]}]}},"jetpack_sharing_enabled":true,"_links":{"self":[{"href":"https:\/\/valika.eu\/fi\/wp-json\/wp\/v2\/product\/13164","targetHints":{"allow":["GET"]}}],"collection":[{"href":"https:\/\/valika.eu\/fi\/wp-json\/wp\/v2\/product"}],"about":[{"href":"https:\/\/valika.eu\/fi\/wp-json\/wp\/v2\/types\/product"}],"wp:featuredmedia":[{"embeddable":true,"href":"https:\/\/valika.eu\/fi\/wp-json\/wp\/v2\/media\/13167"}],"wp:attachment":[{"href":"https:\/\/valika.eu\/fi\/wp-json\/wp\/v2\/media?parent=13164"}],"wp:term":[{"taxonomy":"product_brand","embeddable":true,"href":"https:\/\/valika.eu\/fi\/wp-json\/wp\/v2\/product_brand?post=13164"},{"taxonomy":"product_cat","embeddable":true,"href":"https:\/\/valika.eu\/fi\/wp-json\/wp\/v2\/product_cat?post=13164"},{"taxonomy":"product_tag","embeddable":true,"href":"https:\/\/valika.eu\/fi\/wp-json\/wp\/v2\/product_tag?post=13164"}],"curies":[{"name":"wp","href":"https:\/\/api.w.org\/{rel}","templated":true}]}}