{"id":13194,"date":"2025-03-03T11:49:04","date_gmt":"2025-03-03T09:49:04","guid":{"rendered":"https:\/\/valika.eu\/?post_type=product&#038;p=13194"},"modified":"2026-03-09T15:12:50","modified_gmt":"2026-03-09T13:12:50","slug":"soft-white-12g-pro-light-builder-gel-palu","status":"publish","type":"product","link":"https:\/\/valika.eu\/fi\/toode\/soft-white-12g-pro-light-builder-gel-palu\/","title":{"rendered":"Soft White\/12g Pro Light Builder gel Palu"},"content":{"rendered":"<p>PRO LIGHT BUILDER GEL on monik\u00e4ytt\u00f6inen geeli, joka on suunniteltu ammattimaiseen salonkik\u00e4ytt\u00f6\u00f6n. Erityinen koostumus, joka perustuu kynsiteknikoiden kokemukseen, nopeuttaa ja helpottaa p\u00e4ivitt\u00e4ist\u00e4 ty\u00f6t\u00e4. Tiksotropian ja erinomaisen itsest\u00e4\u00e4n tasoittuvan koostumuksen yhdistelm\u00e4 takaa t\u00e4ydellisen, ei-valuvan pisaran.<\/p>\n<p>PRO LIGHT BUILDER GEL:ll\u00e4 on alhainen polymeroitumisl\u00e4mp\u00f6tila, mik\u00e4 minimoi polttavan tunteen lampussa. Sen lineaarinen molekyylirakenne sek\u00e4 tarkasti tasapainotettu koostumus, viskositeetti ja tiheys parantavat ty\u00f6laatua. Moderni koostumus mahdollistaa &#8220;viilaamattoman geelin&#8221; tekniikan k\u00e4yt\u00f6n, pit\u00e4\u00e4 pidennetyn kynsikaaren vakaana ja lyhent\u00e4\u00e4 palveluaikaa. Se on erityisen suositeltava nopeisiin t\u00e4ytt\u00f6ihin ja muotoilun korjauksiin.<\/p>\n<p>PRO LIGHT BUILDER GEL yhdist\u00e4\u00e4 pohja-, rakenne- ja kiiltogeelin ominaisuudet. Se sis\u00e4lt\u00e4\u00e4 tarttuvuutta parantavia ainesosia, jotka lis\u00e4\u00e4v\u00e4t luonnonkynnen pitoa, sek\u00e4 vahvistavia ja kiiltoa lis\u00e4\u00e4vi\u00e4 komponentteja. Parhaan kiinnittymisen saavuttamiseksi ohuilla ja ongelmallisilla kynsill\u00e4 suositellaan Palu-pohjan hierontatekniikan k\u00e4ytt\u00f6\u00e4.<\/p>\n<p>Tarkasti s\u00e4\u00e4detty viskositeetti varmistaa, ett\u00e4 geeli on keskitihe\u00e4 ja levittyy nopeasti kynnelle. Se irtoaa helposti siveltimest\u00e4, on naarmuuntumaton ja tarjoaa pitk\u00e4kestoisen korkean kiillon.<\/p>\n<p>PRO LIGHT BUILDER GEL on saatavilla 10 huolellisesti valitussa s\u00e4vyss\u00e4:<\/p>\n<p>CLEAR \u2013 l\u00e4pin\u00e4kyv\u00e4<br \/>\nNEUTRAL \u2013 neutraali s\u00e4vy, joka sopii luonnolliseen ihonv\u00e4riin, 90% peitt\u00e4vyys<br \/>\nCLASSIC COVER \u2013 klassinen, suosituin rakennegeelis\u00e4vy, 90% peitt\u00e4vyys<br \/>\nWARM COVER \u2013 l\u00e4mmin cover-s\u00e4vy<br \/>\nPOWDER PINK \u2013 naisellinen, pehme\u00e4 vaaleanpunainen, 90% peitt\u00e4vyys<br \/>\nPRINCESS PINK \u2013 vaaleanpunainen, jossa hohtava helmi\u00e4isefekti, 90% peitt\u00e4vyys<br \/>\nSPARKLING PINK \u2013 viile\u00e4mpi keskivaaleanpunainen, jossa hopeanhohtoa<br \/>\nPRETTY SHINE \u2013 luonnollinen s\u00e4vy, jossa ruusukultahiutaleita ja kultashimmeri\u00e4<br \/>\nSOFT WHITE \u2013 pehme\u00e4 maitomainen valkoinen, t\u00e4ydellinen princess nails -tyyliin, 90% peitt\u00e4vyys<br \/>\nSOFT PINK \u2013 vaalein vaaleanpunainen, t\u00e4ydellinen princess nails -tyyliin, 90% peitt\u00e4vyys<br \/>\nT\u00e4rkeimm\u00e4t ominaisuudet:<\/p>\n<p>Itsetasoittuva<br \/>\nTiksotrooppinen<br \/>\nMonik\u00e4ytt\u00f6inen<br \/>\nKorkea kiilto, kest\u00e4vyys ja naarmuuntumattomuus<br \/>\nHapoton<br \/>\nNopeuttaa ja helpottaa ty\u00f6skentely\u00e4<br \/>\nKynsikaaren puristaminen 5-8 sekunnin kuluttua LED UV -lampussa<br \/>\nKovettumisaika: 60 sek LED UV -lamppu<\/p>","protected":false},"excerpt":{"rendered":"<p>PRO LIGHT BUILDER GEL on monik\u00e4ytt\u00f6inen geeli, joka on suunniteltu ammattimaiseen salonkik\u00e4ytt\u00f6\u00f6n. Erityinen koostumus, joka perustuu kynsiteknikoiden kokemukseen, nopeuttaa ja<\/p>\n","protected":false},"featured_media":13199,"template":"","meta":[],"product_brand":[],"product_cat":[65,73],"product_tag":[],"class_list":{"0":"post-13194","1":"product","2":"type-product","3":"status-publish","4":"has-post-thumbnail","6":"product_cat-ehitusgeelid","7":"product_cat-palu-ehitusgeelid","9":"first","10":"instock","11":"taxable","12":"shipping-taxable","13":"purchasable","14":"product-type-simple"},"yoast_head":"<!-- This site is optimized with the Yoast SEO plugin v24.4 - https:\/\/yoast.com\/wordpress\/plugins\/seo\/ -->\n<title>Soft White\/12g Pro Light Builder gel Palu | Valika<\/title>\n<meta name=\"robots\" content=\"index, follow, max-snippet:-1, max-image-preview:large, max-video-preview:-1\" \/>\n<link rel=\"canonical\" href=\"https:\/\/valika.eu\/fi\/toode\/soft-white-12g-pro-light-builder-gel-palu\/\" \/>\n<meta property=\"og:locale\" content=\"fi_FI\" \/>\n<meta property=\"og:type\" content=\"article\" \/>\n<meta property=\"og:title\" content=\"Soft White\/12g Pro Light Builder gel Palu | Valika\" \/>\n<meta property=\"og:description\" content=\"PRO LIGHT BUILDER GEL on monik\u00e4ytt\u00f6inen geeli, joka on suunniteltu ammattimaiseen salonkik\u00e4ytt\u00f6\u00f6n. Erityinen koostumus, joka perustuu kynsiteknikoiden kokemukseen, nopeuttaa ja\" \/>\n<meta property=\"og:url\" content=\"https:\/\/valika.eu\/fi\/toode\/soft-white-12g-pro-light-builder-gel-palu\/\" \/>\n<meta property=\"og:site_name\" content=\"Valika\" \/>\n<meta property=\"article:publisher\" content=\"https:\/\/www.facebook.com\/tipsi.net\" \/>\n<meta property=\"article:modified_time\" content=\"2026-03-09T13:12:50+00:00\" \/>\n<meta property=\"og:image\" content=\"https:\/\/valika.eu\/wp-content\/uploads\/2025\/03\/Zel-Budujacy-Pro-Light-Builder-Soft-White12g.png\" \/>\n\t<meta property=\"og:image:width\" content=\"1500\" \/>\n\t<meta property=\"og:image:height\" content=\"1500\" \/>\n\t<meta property=\"og:image:type\" content=\"image\/png\" \/>\n<meta name=\"twitter:card\" content=\"summary_large_image\" \/>\n<script type=\"application\/ld+json\" class=\"yoast-schema-graph\">{\"@context\":\"https:\/\/schema.org\",\"@graph\":[{\"@type\":\"WebPage\",\"@id\":\"https:\/\/valika.eu\/fi\/toode\/soft-white-12g-pro-light-builder-gel-palu\/\",\"url\":\"https:\/\/valika.eu\/fi\/toode\/soft-white-12g-pro-light-builder-gel-palu\/\",\"name\":\"Soft White\/12g Pro Light Builder gel Palu | Valika\",\"isPartOf\":{\"@id\":\"https:\/\/valika.eu\/fi\/#website\"},\"primaryImageOfPage\":{\"@id\":\"https:\/\/valika.eu\/fi\/toode\/soft-white-12g-pro-light-builder-gel-palu\/#primaryimage\"},\"image\":{\"@id\":\"https:\/\/valika.eu\/toode\/soft-white-12g-pro-light-builder-gel-palu\/#primaryimage\"},\"thumbnailUrl\":\"https:\/\/valika.eu\/wp-content\/uploads\/2025\/03\/Zel-Budujacy-Pro-Light-Builder-Soft-White12g.png\",\"datePublished\":\"2025-03-03T09:49:04+00:00\",\"dateModified\":\"2026-03-09T13:12:50+00:00\",\"breadcrumb\":{\"@id\":\"https:\/\/valika.eu\/fi\/toode\/soft-white-12g-pro-light-builder-gel-palu\/#breadcrumb\"},\"inLanguage\":\"fi\",\"potentialAction\":[{\"@type\":\"ReadAction\",\"target\":[[\"https:\/\/valika.eu\/fi\/toode\/soft-white-12g-pro-light-builder-gel-palu\/\"]]}]},{\"@type\":\"ImageObject\",\"inLanguage\":\"fi\",\"@id\":\"https:\/\/valika.eu\/fi\/toode\/soft-white-12g-pro-light-builder-gel-palu\/#primaryimage\",\"url\":\"https:\/\/valika.eu\/wp-content\/uploads\/2025\/03\/Zel-Budujacy-Pro-Light-Builder-Soft-White12g.png\",\"contentUrl\":\"https:\/\/valika.eu\/wp-content\/uploads\/2025\/03\/Zel-Budujacy-Pro-Light-Builder-Soft-White12g.png\",\"width\":1500,\"height\":1500},{\"@type\":\"BreadcrumbList\",\"@id\":\"https:\/\/valika.eu\/fi\/toode\/soft-white-12g-pro-light-builder-gel-palu\/#breadcrumb\",\"itemListElement\":[{\"@type\":\"ListItem\",\"position\":1,\"name\":\"Koti\",\"item\":\"https:\/\/valika.eu\/fi\/\"},{\"@type\":\"ListItem\",\"position\":2,\"name\":\"Shop\",\"item\":\"https:\/\/valika.eu\/fi\/\"},{\"@type\":\"ListItem\",\"position\":3,\"name\":\"Soft White\/12g Pro Light Builder gel Palu\"}]},{\"@type\":\"WebSite\",\"@id\":\"https:\/\/valika.eu\/fi\/#website\",\"url\":\"https:\/\/valika.eu\/fi\/\",\"name\":\"Valika.eu\",\"description\":\"Salonkituotteet ja kauneudenhoitotuotteet - Valika tarjoaa laajan valikoiman tuotteita ja tarvikkeita kynsiteknikoille, kauneushoitoloille, kampaamoille ja kampaamoille.\",\"publisher\":{\"@id\":\"https:\/\/valika.eu\/fi\/#organization\"},\"alternateName\":\"Valika\",\"potentialAction\":[{\"@type\":\"SearchAction\",\"target\":{\"@type\":\"EntryPoint\",\"urlTemplate\":\"https:\/\/valika.eu\/fi\/?s={search_term_string}\"},\"query-input\":{\"@type\":\"PropertyValueSpecification\",\"valueRequired\":true,\"valueName\":\"search_term_string\"}}],\"inLanguage\":\"fi\"},{\"@type\":\"Organization\",\"@id\":\"https:\/\/valika.eu\/fi\/#organization\",\"name\":\"Salongitoode O\u00dc\",\"alternateName\":\"Valika\",\"url\":\"https:\/\/valika.eu\/fi\/\",\"logo\":{\"@type\":\"ImageObject\",\"inLanguage\":\"fi\",\"@id\":\"https:\/\/valika.eu\/fi\/#\/schema\/logo\/image\/\",\"url\":\"https:\/\/valika.eu\/wp-content\/uploads\/2023\/11\/logo2-valika-footer.png\",\"contentUrl\":\"https:\/\/valika.eu\/wp-content\/uploads\/2023\/11\/logo2-valika-footer.png\",\"width\":200,\"height\":129,\"caption\":\"Salongitoode O\u00dc\"},\"image\":{\"@id\":\"https:\/\/valika.eu\/fi\/#\/schema\/logo\/image\/\"},\"sameAs\":[\"https:\/\/www.facebook.com\/tipsi.net\"]}]}<\/script>\n<!-- \/ Yoast SEO plugin. -->","yoast_head_json":{"title":"Soft White\/12g Pro Light Builder gel Palu | Valika","robots":{"index":"index","follow":"follow","max-snippet":"max-snippet:-1","max-image-preview":"max-image-preview:large","max-video-preview":"max-video-preview:-1"},"canonical":"https:\/\/valika.eu\/fi\/toode\/soft-white-12g-pro-light-builder-gel-palu\/","og_locale":"fi_FI","og_type":"article","og_title":"Soft White\/12g Pro Light Builder gel Palu | Valika","og_description":"PRO LIGHT BUILDER GEL on monik\u00e4ytt\u00f6inen geeli, joka on suunniteltu ammattimaiseen salonkik\u00e4ytt\u00f6\u00f6n. Erityinen koostumus, joka perustuu kynsiteknikoiden kokemukseen, nopeuttaa ja","og_url":"https:\/\/valika.eu\/fi\/toode\/soft-white-12g-pro-light-builder-gel-palu\/","og_site_name":"Valika","article_publisher":"https:\/\/www.facebook.com\/tipsi.net","article_modified_time":"2026-03-09T13:12:50+00:00","og_image":[{"width":1500,"height":1500,"url":"https:\/\/valika.eu\/wp-content\/uploads\/2025\/03\/Zel-Budujacy-Pro-Light-Builder-Soft-White12g.png","type":"image\/png"}],"twitter_card":"summary_large_image","schema":{"@context":"https:\/\/schema.org","@graph":[{"@type":"WebPage","@id":"https:\/\/valika.eu\/fi\/toode\/soft-white-12g-pro-light-builder-gel-palu\/","url":"https:\/\/valika.eu\/fi\/toode\/soft-white-12g-pro-light-builder-gel-palu\/","name":"Soft White\/12g Pro Light Builder gel Palu | Valika","isPartOf":{"@id":"https:\/\/valika.eu\/fi\/#website"},"primaryImageOfPage":{"@id":"https:\/\/valika.eu\/fi\/toode\/soft-white-12g-pro-light-builder-gel-palu\/#primaryimage"},"image":{"@id":"https:\/\/valika.eu\/toode\/soft-white-12g-pro-light-builder-gel-palu\/#primaryimage"},"thumbnailUrl":"https:\/\/valika.eu\/wp-content\/uploads\/2025\/03\/Zel-Budujacy-Pro-Light-Builder-Soft-White12g.png","datePublished":"2025-03-03T09:49:04+00:00","dateModified":"2026-03-09T13:12:50+00:00","breadcrumb":{"@id":"https:\/\/valika.eu\/fi\/toode\/soft-white-12g-pro-light-builder-gel-palu\/#breadcrumb"},"inLanguage":"fi","potentialAction":[{"@type":"ReadAction","target":[["https:\/\/valika.eu\/fi\/toode\/soft-white-12g-pro-light-builder-gel-palu\/"]]}]},{"@type":"ImageObject","inLanguage":"fi","@id":"https:\/\/valika.eu\/fi\/toode\/soft-white-12g-pro-light-builder-gel-palu\/#primaryimage","url":"https:\/\/valika.eu\/wp-content\/uploads\/2025\/03\/Zel-Budujacy-Pro-Light-Builder-Soft-White12g.png","contentUrl":"https:\/\/valika.eu\/wp-content\/uploads\/2025\/03\/Zel-Budujacy-Pro-Light-Builder-Soft-White12g.png","width":1500,"height":1500},{"@type":"BreadcrumbList","@id":"https:\/\/valika.eu\/fi\/toode\/soft-white-12g-pro-light-builder-gel-palu\/#breadcrumb","itemListElement":[{"@type":"ListItem","position":1,"name":"Koti","item":"https:\/\/valika.eu\/fi\/"},{"@type":"ListItem","position":2,"name":"Shop","item":"https:\/\/valika.eu\/fi\/"},{"@type":"ListItem","position":3,"name":"Soft White\/12g Pro Light Builder gel Palu"}]},{"@type":"WebSite","@id":"https:\/\/valika.eu\/fi\/#website","url":"https:\/\/valika.eu\/fi\/","name":"Valika.eu","description":"Salonkituotteet ja kauneudenhoitotuotteet - Valika tarjoaa laajan valikoiman tuotteita ja tarvikkeita kynsiteknikoille, kauneushoitoloille, kampaamoille ja kampaamoille.","publisher":{"@id":"https:\/\/valika.eu\/fi\/#organization"},"alternateName":"Valika","potentialAction":[{"@type":"SearchAction","target":{"@type":"EntryPoint","urlTemplate":"https:\/\/valika.eu\/fi\/?s={search_term_string}"},"query-input":{"@type":"PropertyValueSpecification","valueRequired":true,"valueName":"search_term_string"}}],"inLanguage":"fi"},{"@type":"Organization","@id":"https:\/\/valika.eu\/fi\/#organization","name":"Salongitoode O\u00dc","alternateName":"Valika","url":"https:\/\/valika.eu\/fi\/","logo":{"@type":"ImageObject","inLanguage":"fi","@id":"https:\/\/valika.eu\/fi\/#\/schema\/logo\/image\/","url":"https:\/\/valika.eu\/wp-content\/uploads\/2023\/11\/logo2-valika-footer.png","contentUrl":"https:\/\/valika.eu\/wp-content\/uploads\/2023\/11\/logo2-valika-footer.png","width":200,"height":129,"caption":"Salongitoode O\u00dc"},"image":{"@id":"https:\/\/valika.eu\/fi\/#\/schema\/logo\/image\/"},"sameAs":["https:\/\/www.facebook.com\/tipsi.net"]}]}},"jetpack_sharing_enabled":true,"_links":{"self":[{"href":"https:\/\/valika.eu\/fi\/wp-json\/wp\/v2\/product\/13194","targetHints":{"allow":["GET"]}}],"collection":[{"href":"https:\/\/valika.eu\/fi\/wp-json\/wp\/v2\/product"}],"about":[{"href":"https:\/\/valika.eu\/fi\/wp-json\/wp\/v2\/types\/product"}],"wp:featuredmedia":[{"embeddable":true,"href":"https:\/\/valika.eu\/fi\/wp-json\/wp\/v2\/media\/13199"}],"wp:attachment":[{"href":"https:\/\/valika.eu\/fi\/wp-json\/wp\/v2\/media?parent=13194"}],"wp:term":[{"taxonomy":"product_brand","embeddable":true,"href":"https:\/\/valika.eu\/fi\/wp-json\/wp\/v2\/product_brand?post=13194"},{"taxonomy":"product_cat","embeddable":true,"href":"https:\/\/valika.eu\/fi\/wp-json\/wp\/v2\/product_cat?post=13194"},{"taxonomy":"product_tag","embeddable":true,"href":"https:\/\/valika.eu\/fi\/wp-json\/wp\/v2\/product_tag?post=13194"}],"curies":[{"name":"wp","href":"https:\/\/api.w.org\/{rel}","templated":true}]}}