{"id":13232,"date":"2025-03-04T12:56:40","date_gmt":"2025-03-04T10:56:40","guid":{"rendered":"https:\/\/valika.eu\/?post_type=product&#038;p=13232"},"modified":"2026-03-19T10:22:04","modified_gmt":"2026-03-19T08:22:04","slug":"clear-12g-pro-extreme-constructor-gel-palu","status":"publish","type":"product","link":"https:\/\/valika.eu\/fi\/toode\/clear-12g-pro-extreme-constructor-gel-palu\/","title":{"rendered":"CLEAR 12g  PRO EXTREME CONSTRUCTOR GEL PALU"},"content":{"rendered":"<p><\/p>\n<p data-start=\"2961\" data-end=\"3346\"><strong data-start=\"2961\" data-end=\"2992\">Pro Extreme Constructor Gel<\/strong> on tuote, joka on suunniteltu varmistamaan, ett\u00e4 asiakkaasi palaavat luoksesi pitk\u00e4kestoisen ja vertaansa vailla olevan kynsityylin kanssa! Sen koostumus perustuu salonkik\u00e4yt\u00e4nt\u00f6\u00f6n ja vuosien teknologiseen osaamiseen. Se on kehitetty t\u00e4ydellisesti vastaamaan koostumusta, tiheytt\u00e4, viskositeettia ja levityksen helppoutta tuotteen k\u00e4ytt\u00f6tarkoitukseen.<\/p>\n<p data-start=\"3348\" data-end=\"3847\"><strong data-start=\"3348\" data-end=\"3379\">Pro Extreme Constructor Gel<\/strong> on <strong data-start=\"3383\" data-end=\"3391\">Palu<\/strong>-sarjan kovin rakennegeeli, joka on suunniteltu pitkille, kest\u00e4ville ja vahvoille kynsille. Se sopii erityisen hyvin t\u00e4ydellisen kynsirungon rakentamiseen sek\u00e4 kynsien pidennyksiin muoteilla ja dual form -tekniikalla. Se on erinomainen ohuen rungon luomiseen rakenteellisissa pidennyksiss\u00e4. Sopii puristukseen ja kynsitunnelin vakauttamiseen. Geeli s\u00e4ilytt\u00e4\u00e4 muotonsa jopa haastavissa olosuhteissa ja on kest\u00e4v\u00e4 vaurioita sek\u00e4 ulkoisia tekij\u00f6it\u00e4 vastaan.<\/p>\n<p data-start=\"3849\" data-end=\"4307\"><strong data-start=\"3849\" data-end=\"3880\">Pro Extreme Constructor Gel<\/strong> on l\u00e4pin\u00e4kyv\u00e4, hapoton geeli, joka on rikastettu tiksotrooppisilla ominaisuuksilla. T\u00e4m\u00e4 helpottaa tuotteen tasaista levitt\u00e4mist\u00e4 kynnelle ilman, ett\u00e4 se valuu iholle. Sen paksu, &#8220;hyytel\u00f6m\u00e4inen&#8221; koostumus, jossa on v\u00e4h\u00e4inen itsest\u00e4\u00e4n tasoittuva vaikutus, tarjoaa t\u00e4ydellisen hallinnan tuotteen levityksen aikana. Se toimii helposti siveltimen kanssa, levittyy tasaisesti ja nopeasti. Sopii kaikentasoisille kynsiteknikoille.<\/p>\n<p data-start=\"4309\" data-end=\"4696\">Alennettu polymerointil\u00e4mp\u00f6tila minimoi polttavan tunteen lampussa, mik\u00e4 tekee siit\u00e4 entist\u00e4 miellytt\u00e4v\u00e4mm\u00e4n asiakkaille. Geeli ei muutu keltaiseksi kovettumisen j\u00e4lkeen, ja kovuudestaan huolimatta se on eritt\u00e4in mukava viilata eik\u00e4 vastusta viilaa tai poraa. <strong data-start=\"4569\" data-end=\"4600\">Pro Extreme Constructor Gel<\/strong> on kolmivaiheinen geeli, mik\u00e4 tarkoittaa, ett\u00e4 sen k\u00e4ytt\u00f6\u00f6n tarvitaan pohja- ja p\u00e4\u00e4llyslakka.<\/p>\n<p data-start=\"4698\" data-end=\"4836\">T\u00e4m\u00e4 tuote toimii erinomaisesti kaikkien muiden <strong data-start=\"4746\" data-end=\"4754\">Palu<\/strong>-geelien kanssa, mahdollistaen kynsien rakentamisen kaikilla <strong data-start=\"4815\" data-end=\"4823\">Palu<\/strong>-sarjoilla.<\/p>\n<p data-start=\"4838\" data-end=\"5013\"><strong data-start=\"4838\" data-end=\"4846\">Palu<\/strong>-tuotteet valmistetaan Puolassa. Varmistamme, ett\u00e4 koko prosessi ideasta ja testauksesta lopulliseen koostumukseen t\u00e4ytt\u00e4\u00e4 korkeimmat laatu- ja standardivaatimukset.<\/p>\n<p data-start=\"5015\" data-end=\"5045\"><strong data-start=\"5015\" data-end=\"5043\">T\u00e4rkeimm\u00e4t ominaisuudet:<\/strong><\/p>\n<ul data-start=\"5046\" data-end=\"5526\">\n<li data-start=\"5046\" data-end=\"5088\">V\u00e4h\u00e4inen itsest\u00e4\u00e4n tasoittuva vaikutus<\/li>\n<li data-start=\"5089\" data-end=\"5103\">L\u00e4pin\u00e4kyv\u00e4<\/li>\n<li data-start=\"5104\" data-end=\"5139\">Paksu &#8220;hyytel\u00f6m\u00e4inen&#8221; koostumus<\/li>\n<li data-start=\"5140\" data-end=\"5170\">Kova polymeroinnin j\u00e4lkeen<\/li>\n<li data-start=\"5171\" data-end=\"5203\">Tiksotrooppiset ominaisuudet<\/li>\n<li data-start=\"5204\" data-end=\"5254\">Kolmivaiheinen \u2013 vaatii pohja- ja p\u00e4\u00e4llyslakan<\/li>\n<li data-start=\"5255\" data-end=\"5266\">Hapoton<\/li>\n<li data-start=\"5267\" data-end=\"5312\">Tunnelin puristus 5-8 sek LED UV-lampussa<\/li>\n<li data-start=\"5313\" data-end=\"5444\">K\u00e4ytt\u00f6: kynsirungon rakentaminen, kynsien pidennys muottien ja dual form -tekniikan avulla, luonnonkynnen vahvistus ja tasoitus<\/li>\n<li data-start=\"5445\" data-end=\"5480\">Kovetus: 60 sek LED UV-lampussa<\/li>\n<li data-start=\"5481\" data-end=\"5526\">Saatavilla kolmessa koossa: 12g, 45g, 90g<\/li>\n<\/ul>\n<p data-start=\"5528\" data-end=\"5889\"><strong data-start=\"5528\" data-end=\"5543\">K\u00e4ytt\u00f6ohje:<\/strong><br data-start=\"5543\" data-end=\"5546\" \/>Valmistele kynsi levitt\u00e4m\u00e4ll\u00e4 ohut kerros pohjalakkaa ja kovettamalla se ohjeiden mukaisesti. Levit\u00e4 geeli siveltimell\u00e4 haluttuun pituuteen ja muotoon. Koveta <strong data-start=\"5705\" data-end=\"5715\">LED UV<\/strong>-lampussa v\u00e4hint\u00e4\u00e4n 60 sekunnin ajan. Pyyhi dispersion kerros puhdistusaineella kostutetulla vanulapulla. Viilaa ja puhdista kynsi. Levit\u00e4 p\u00e4\u00e4llyslakka ohjeiden mukaisesti.<\/p>\n<p><\/p>","protected":false},"excerpt":{"rendered":"<p>Palun kovin rakennegeeli, suunniteltu pitkille, kest\u00e4ville ja vahvoille kynsille. Geeli sopii erityisen hyvin t\u00e4ydellisen pitk\u00e4n kynsirungon luomiseen sek\u00e4 kynsien pidennyksiin muoteilla ja dual form -tekniikalla.<\/p>\n","protected":false},"featured_media":13236,"template":"","meta":[],"product_brand":[],"product_cat":[73],"product_tag":[],"class_list":{"0":"post-13232","1":"product","2":"type-product","3":"status-publish","4":"has-post-thumbnail","6":"product_cat-palu-ehitusgeelid","8":"first","9":"instock","10":"taxable","11":"shipping-taxable","12":"purchasable","13":"product-type-simple"},"yoast_head":"<!-- This site is optimized with the Yoast SEO plugin v24.4 - https:\/\/yoast.com\/wordpress\/plugins\/seo\/ -->\n<title>CLEAR 12g PRO EXTREME CONSTRUCTOR GEL PALU | Valika<\/title>\n<meta name=\"robots\" content=\"index, follow, max-snippet:-1, max-image-preview:large, max-video-preview:-1\" \/>\n<link rel=\"canonical\" href=\"https:\/\/valika.eu\/fi\/toode\/clear-12g-pro-extreme-constructor-gel-palu\/\" \/>\n<meta property=\"og:locale\" content=\"fi_FI\" \/>\n<meta property=\"og:type\" content=\"article\" \/>\n<meta property=\"og:title\" content=\"CLEAR 12g PRO EXTREME CONSTRUCTOR GEL PALU | Valika\" \/>\n<meta property=\"og:description\" content=\"Palun kovin rakennegeeli, suunniteltu pitkille, kest\u00e4ville ja vahvoille kynsille. Geeli sopii erityisen hyvin t\u00e4ydellisen pitk\u00e4n kynsirungon luomiseen sek\u00e4 kynsien pidennyksiin muoteilla ja dual form -tekniikalla.\" \/>\n<meta property=\"og:url\" content=\"https:\/\/valika.eu\/fi\/toode\/clear-12g-pro-extreme-constructor-gel-palu\/\" \/>\n<meta property=\"og:site_name\" content=\"Valika\" \/>\n<meta property=\"article:publisher\" content=\"https:\/\/www.facebook.com\/tipsi.net\" \/>\n<meta property=\"article:modified_time\" content=\"2026-03-19T08:22:04+00:00\" \/>\n<meta property=\"og:image\" content=\"https:\/\/valika.eu\/wp-content\/uploads\/2025\/03\/palu-pro-extreme-constructor-gel-clear.jpg\" \/>\n\t<meta property=\"og:image:width\" content=\"1500\" \/>\n\t<meta property=\"og:image:height\" content=\"1500\" \/>\n\t<meta property=\"og:image:type\" content=\"image\/jpeg\" \/>\n<meta name=\"twitter:card\" content=\"summary_large_image\" \/>\n<script type=\"application\/ld+json\" class=\"yoast-schema-graph\">{\"@context\":\"https:\/\/schema.org\",\"@graph\":[{\"@type\":\"WebPage\",\"@id\":\"https:\/\/valika.eu\/fi\/toode\/clear-12g-pro-extreme-constructor-gel-palu\/\",\"url\":\"https:\/\/valika.eu\/fi\/toode\/clear-12g-pro-extreme-constructor-gel-palu\/\",\"name\":\"CLEAR 12g PRO EXTREME CONSTRUCTOR GEL PALU | Valika\",\"isPartOf\":{\"@id\":\"https:\/\/valika.eu\/fi\/#website\"},\"primaryImageOfPage\":{\"@id\":\"https:\/\/valika.eu\/fi\/toode\/clear-12g-pro-extreme-constructor-gel-palu\/#primaryimage\"},\"image\":{\"@id\":\"https:\/\/valika.eu\/toode\/clear-12g-pro-extreme-constructor-gel-palu\/#primaryimage\"},\"thumbnailUrl\":\"https:\/\/valika.eu\/wp-content\/uploads\/2025\/03\/palu-pro-extreme-constructor-gel-clear.jpg\",\"datePublished\":\"2025-03-04T10:56:40+00:00\",\"dateModified\":\"2026-03-19T08:22:04+00:00\",\"breadcrumb\":{\"@id\":\"https:\/\/valika.eu\/fi\/toode\/clear-12g-pro-extreme-constructor-gel-palu\/#breadcrumb\"},\"inLanguage\":\"fi\",\"potentialAction\":[{\"@type\":\"ReadAction\",\"target\":[[\"https:\/\/valika.eu\/fi\/toode\/clear-12g-pro-extreme-constructor-gel-palu\/\"]]}]},{\"@type\":\"ImageObject\",\"inLanguage\":\"fi\",\"@id\":\"https:\/\/valika.eu\/fi\/toode\/clear-12g-pro-extreme-constructor-gel-palu\/#primaryimage\",\"url\":\"https:\/\/valika.eu\/wp-content\/uploads\/2025\/03\/palu-pro-extreme-constructor-gel-clear.jpg\",\"contentUrl\":\"https:\/\/valika.eu\/wp-content\/uploads\/2025\/03\/palu-pro-extreme-constructor-gel-clear.jpg\",\"width\":1500,\"height\":1500},{\"@type\":\"BreadcrumbList\",\"@id\":\"https:\/\/valika.eu\/fi\/toode\/clear-12g-pro-extreme-constructor-gel-palu\/#breadcrumb\",\"itemListElement\":[{\"@type\":\"ListItem\",\"position\":1,\"name\":\"Koti\",\"item\":\"https:\/\/valika.eu\/fi\/\"},{\"@type\":\"ListItem\",\"position\":2,\"name\":\"Shop\",\"item\":\"https:\/\/valika.eu\/fi\/\"},{\"@type\":\"ListItem\",\"position\":3,\"name\":\"CLEAR 12g PRO EXTREME CONSTRUCTOR GEL PALU\"}]},{\"@type\":\"WebSite\",\"@id\":\"https:\/\/valika.eu\/fi\/#website\",\"url\":\"https:\/\/valika.eu\/fi\/\",\"name\":\"Valika.eu\",\"description\":\"Salonkituotteet ja kauneudenhoitotuotteet - Valika tarjoaa laajan valikoiman tuotteita ja tarvikkeita kynsiteknikoille, kauneushoitoloille, kampaamoille ja kampaamoille.\",\"publisher\":{\"@id\":\"https:\/\/valika.eu\/fi\/#organization\"},\"alternateName\":\"Valika\",\"potentialAction\":[{\"@type\":\"SearchAction\",\"target\":{\"@type\":\"EntryPoint\",\"urlTemplate\":\"https:\/\/valika.eu\/fi\/?s={search_term_string}\"},\"query-input\":{\"@type\":\"PropertyValueSpecification\",\"valueRequired\":true,\"valueName\":\"search_term_string\"}}],\"inLanguage\":\"fi\"},{\"@type\":\"Organization\",\"@id\":\"https:\/\/valika.eu\/fi\/#organization\",\"name\":\"Salongitoode O\u00dc\",\"alternateName\":\"Valika\",\"url\":\"https:\/\/valika.eu\/fi\/\",\"logo\":{\"@type\":\"ImageObject\",\"inLanguage\":\"fi\",\"@id\":\"https:\/\/valika.eu\/fi\/#\/schema\/logo\/image\/\",\"url\":\"https:\/\/valika.eu\/wp-content\/uploads\/2023\/11\/logo2-valika-footer.png\",\"contentUrl\":\"https:\/\/valika.eu\/wp-content\/uploads\/2023\/11\/logo2-valika-footer.png\",\"width\":200,\"height\":129,\"caption\":\"Salongitoode O\u00dc\"},\"image\":{\"@id\":\"https:\/\/valika.eu\/fi\/#\/schema\/logo\/image\/\"},\"sameAs\":[\"https:\/\/www.facebook.com\/tipsi.net\"]}]}<\/script>\n<!-- \/ Yoast SEO plugin. -->","yoast_head_json":{"title":"CLEAR 12g PRO EXTREME CONSTRUCTOR GEL PALU | Valika","robots":{"index":"index","follow":"follow","max-snippet":"max-snippet:-1","max-image-preview":"max-image-preview:large","max-video-preview":"max-video-preview:-1"},"canonical":"https:\/\/valika.eu\/fi\/toode\/clear-12g-pro-extreme-constructor-gel-palu\/","og_locale":"fi_FI","og_type":"article","og_title":"CLEAR 12g PRO EXTREME CONSTRUCTOR GEL PALU | Valika","og_description":"Palun kovin rakennegeeli, suunniteltu pitkille, kest\u00e4ville ja vahvoille kynsille. Geeli sopii erityisen hyvin t\u00e4ydellisen pitk\u00e4n kynsirungon luomiseen sek\u00e4 kynsien pidennyksiin muoteilla ja dual form -tekniikalla.","og_url":"https:\/\/valika.eu\/fi\/toode\/clear-12g-pro-extreme-constructor-gel-palu\/","og_site_name":"Valika","article_publisher":"https:\/\/www.facebook.com\/tipsi.net","article_modified_time":"2026-03-19T08:22:04+00:00","og_image":[{"width":1500,"height":1500,"url":"https:\/\/valika.eu\/wp-content\/uploads\/2025\/03\/palu-pro-extreme-constructor-gel-clear.jpg","type":"image\/jpeg"}],"twitter_card":"summary_large_image","schema":{"@context":"https:\/\/schema.org","@graph":[{"@type":"WebPage","@id":"https:\/\/valika.eu\/fi\/toode\/clear-12g-pro-extreme-constructor-gel-palu\/","url":"https:\/\/valika.eu\/fi\/toode\/clear-12g-pro-extreme-constructor-gel-palu\/","name":"CLEAR 12g PRO EXTREME CONSTRUCTOR GEL PALU | Valika","isPartOf":{"@id":"https:\/\/valika.eu\/fi\/#website"},"primaryImageOfPage":{"@id":"https:\/\/valika.eu\/fi\/toode\/clear-12g-pro-extreme-constructor-gel-palu\/#primaryimage"},"image":{"@id":"https:\/\/valika.eu\/toode\/clear-12g-pro-extreme-constructor-gel-palu\/#primaryimage"},"thumbnailUrl":"https:\/\/valika.eu\/wp-content\/uploads\/2025\/03\/palu-pro-extreme-constructor-gel-clear.jpg","datePublished":"2025-03-04T10:56:40+00:00","dateModified":"2026-03-19T08:22:04+00:00","breadcrumb":{"@id":"https:\/\/valika.eu\/fi\/toode\/clear-12g-pro-extreme-constructor-gel-palu\/#breadcrumb"},"inLanguage":"fi","potentialAction":[{"@type":"ReadAction","target":[["https:\/\/valika.eu\/fi\/toode\/clear-12g-pro-extreme-constructor-gel-palu\/"]]}]},{"@type":"ImageObject","inLanguage":"fi","@id":"https:\/\/valika.eu\/fi\/toode\/clear-12g-pro-extreme-constructor-gel-palu\/#primaryimage","url":"https:\/\/valika.eu\/wp-content\/uploads\/2025\/03\/palu-pro-extreme-constructor-gel-clear.jpg","contentUrl":"https:\/\/valika.eu\/wp-content\/uploads\/2025\/03\/palu-pro-extreme-constructor-gel-clear.jpg","width":1500,"height":1500},{"@type":"BreadcrumbList","@id":"https:\/\/valika.eu\/fi\/toode\/clear-12g-pro-extreme-constructor-gel-palu\/#breadcrumb","itemListElement":[{"@type":"ListItem","position":1,"name":"Koti","item":"https:\/\/valika.eu\/fi\/"},{"@type":"ListItem","position":2,"name":"Shop","item":"https:\/\/valika.eu\/fi\/"},{"@type":"ListItem","position":3,"name":"CLEAR 12g PRO EXTREME CONSTRUCTOR GEL PALU"}]},{"@type":"WebSite","@id":"https:\/\/valika.eu\/fi\/#website","url":"https:\/\/valika.eu\/fi\/","name":"Valika.eu","description":"Salonkituotteet ja kauneudenhoitotuotteet - Valika tarjoaa laajan valikoiman tuotteita ja tarvikkeita kynsiteknikoille, kauneushoitoloille, kampaamoille ja kampaamoille.","publisher":{"@id":"https:\/\/valika.eu\/fi\/#organization"},"alternateName":"Valika","potentialAction":[{"@type":"SearchAction","target":{"@type":"EntryPoint","urlTemplate":"https:\/\/valika.eu\/fi\/?s={search_term_string}"},"query-input":{"@type":"PropertyValueSpecification","valueRequired":true,"valueName":"search_term_string"}}],"inLanguage":"fi"},{"@type":"Organization","@id":"https:\/\/valika.eu\/fi\/#organization","name":"Salongitoode O\u00dc","alternateName":"Valika","url":"https:\/\/valika.eu\/fi\/","logo":{"@type":"ImageObject","inLanguage":"fi","@id":"https:\/\/valika.eu\/fi\/#\/schema\/logo\/image\/","url":"https:\/\/valika.eu\/wp-content\/uploads\/2023\/11\/logo2-valika-footer.png","contentUrl":"https:\/\/valika.eu\/wp-content\/uploads\/2023\/11\/logo2-valika-footer.png","width":200,"height":129,"caption":"Salongitoode O\u00dc"},"image":{"@id":"https:\/\/valika.eu\/fi\/#\/schema\/logo\/image\/"},"sameAs":["https:\/\/www.facebook.com\/tipsi.net"]}]}},"jetpack_sharing_enabled":true,"_links":{"self":[{"href":"https:\/\/valika.eu\/fi\/wp-json\/wp\/v2\/product\/13232","targetHints":{"allow":["GET"]}}],"collection":[{"href":"https:\/\/valika.eu\/fi\/wp-json\/wp\/v2\/product"}],"about":[{"href":"https:\/\/valika.eu\/fi\/wp-json\/wp\/v2\/types\/product"}],"wp:featuredmedia":[{"embeddable":true,"href":"https:\/\/valika.eu\/fi\/wp-json\/wp\/v2\/media\/13236"}],"wp:attachment":[{"href":"https:\/\/valika.eu\/fi\/wp-json\/wp\/v2\/media?parent=13232"}],"wp:term":[{"taxonomy":"product_brand","embeddable":true,"href":"https:\/\/valika.eu\/fi\/wp-json\/wp\/v2\/product_brand?post=13232"},{"taxonomy":"product_cat","embeddable":true,"href":"https:\/\/valika.eu\/fi\/wp-json\/wp\/v2\/product_cat?post=13232"},{"taxonomy":"product_tag","embeddable":true,"href":"https:\/\/valika.eu\/fi\/wp-json\/wp\/v2\/product_tag?post=13232"}],"curies":[{"name":"wp","href":"https:\/\/api.w.org\/{rel}","templated":true}]}}