{"id":1324,"date":"2024-10-02T12:07:50","date_gmt":"2024-10-02T09:07:50","guid":{"rendered":"https:\/\/valika.eu\/?post_type=product&#038;p=1324"},"modified":"2026-04-06T12:47:48","modified_gmt":"2026-04-06T09:47:48","slug":"claresa-top-diamond-no-wipe-5g","status":"publish","type":"product","link":"https:\/\/valika.eu\/fi\/toode\/claresa-top-diamond-no-wipe-5g\/","title":{"rendered":"Claresa Top Diamond No Wipe -5g"},"content":{"rendered":"<p>Timantit ihastuttavat paitsi intensiivisell\u00e4 loistollaan my\u00f6s poikkeuksellisella kest\u00e4vyydell\u00e4\u00e4n. Claresa Diamond Top yhdist\u00e4\u00e4 juuri n\u00e4m\u00e4 kaksi ominaisuutta. T\u00e4m\u00e4 l\u00e4pin\u00e4kyv\u00e4 hybriditoppi on poikkeuksellisen kova, mik\u00e4 tekee siit\u00e4 t\u00e4ydellisen kynsityylin suojaamiseen. Koostumus ei haalistu k\u00e4yt\u00f6n aikana, joten se sopii erinomaisesti tummille v\u00e4reille, korostaen niiden syvyytt\u00e4 ja antaen korkean kiillon. Tuotteen levitys on eritt\u00e4in helppoa \u2012 sinun ei tarvitse huolehtia valumisesta tai kynsinauhojen peittymisest\u00e4. Toppi ei vaadi dispersio-kerroksen pyyhkimist\u00e4.<\/p>\n<p>OMINAISUUDET:<\/p>\n<p>helppo levitys, ei valu kynsinauhoille<br \/>\nl\u00e4pin\u00e4kyv\u00e4<br \/>\nkorkea kiilto<br \/>\nkeskipaksu koostumus<br \/>\nei sis\u00e4ll\u00e4 dispersio-kerrosta<br \/>\nkest\u00e4\u00e4 jopa 3 viikkoa<br \/>\ntilavuus: 5 g<br \/>\nK\u00c4YTT\u00d6: Levit\u00e4 yksi kerros toppia aiemmin kovetetun Claresa hybridilakan p\u00e4\u00e4lle ja koveta lampun alla. Toppi ei vaadi puhdistamista.<\/p>","protected":false},"excerpt":{"rendered":"<p>Pinta ei vaadi tahmean dispersiokerroksen pyyhkimist\u00e4 pois. Sinun ei tarvitse huolehtia sen levi\u00e4misest\u00e4 tai valumisesta kynsinauhoille.<\/p>\n","protected":false},"featured_media":1322,"template":"","meta":[],"product_brand":[],"product_cat":[360,361,651],"product_tag":[],"class_list":{"0":"post-1324","1":"product","2":"type-product","3":"status-publish","4":"has-post-thumbnail","6":"product_cat-pealisalusgeel","7":"product_cat-claresa-top","8":"product_cat-pealisgeelid","10":"first","11":"instock","12":"taxable","13":"shipping-taxable","14":"purchasable","15":"product-type-simple"},"yoast_head":"<!-- This site is optimized with the Yoast SEO plugin v24.4 - https:\/\/yoast.com\/wordpress\/plugins\/seo\/ -->\n<title>Claresa Top Diamond No Wipe -5g | Valika<\/title>\n<meta name=\"description\" content=\"See l\u00e4bipaistev h\u00fcbriidtop on erakordselt tugev, t\u00e4nu millele kaitseb suurep\u00e4raselt k\u00fc\u00fcnte stiili.\" \/>\n<meta name=\"robots\" content=\"index, follow, max-snippet:-1, max-image-preview:large, max-video-preview:-1\" \/>\n<link rel=\"canonical\" href=\"https:\/\/valika.eu\/fi\/toode\/claresa-top-diamond-no-wipe-5g\/\" \/>\n<meta property=\"og:locale\" content=\"fi_FI\" \/>\n<meta property=\"og:type\" content=\"article\" \/>\n<meta property=\"og:title\" content=\"Claresa Top Diamond No Wipe -5g | Valika\" \/>\n<meta property=\"og:description\" content=\"See l\u00e4bipaistev h\u00fcbriidtop on erakordselt tugev, t\u00e4nu millele kaitseb suurep\u00e4raselt k\u00fc\u00fcnte stiili.\" \/>\n<meta property=\"og:url\" content=\"https:\/\/valika.eu\/fi\/toode\/claresa-top-diamond-no-wipe-5g\/\" \/>\n<meta property=\"og:site_name\" content=\"Valika\" \/>\n<meta property=\"article:publisher\" content=\"https:\/\/www.facebook.com\/tipsi.net\" \/>\n<meta property=\"article:modified_time\" content=\"2026-04-06T09:47:48+00:00\" \/>\n<meta property=\"og:image\" content=\"https:\/\/valika.eu\/wp-content\/uploads\/2024\/10\/top-hybrydowy-diamond-nadaje-wysoki-polysk-stylizacji.jpg\" \/>\n\t<meta property=\"og:image:width\" content=\"1500\" \/>\n\t<meta property=\"og:image:height\" content=\"1500\" \/>\n\t<meta property=\"og:image:type\" content=\"image\/jpeg\" \/>\n<meta name=\"twitter:card\" content=\"summary_large_image\" \/>\n<script type=\"application\/ld+json\" class=\"yoast-schema-graph\">{\"@context\":\"https:\/\/schema.org\",\"@graph\":[{\"@type\":\"WebPage\",\"@id\":\"https:\/\/valika.eu\/fi\/toode\/claresa-top-diamond-no-wipe-5g\/\",\"url\":\"https:\/\/valika.eu\/fi\/toode\/claresa-top-diamond-no-wipe-5g\/\",\"name\":\"Claresa Top Diamond No Wipe -5g | Valika\",\"isPartOf\":{\"@id\":\"https:\/\/valika.eu\/fi\/#website\"},\"primaryImageOfPage\":{\"@id\":\"https:\/\/valika.eu\/fi\/toode\/claresa-top-diamond-no-wipe-5g\/#primaryimage\"},\"image\":{\"@id\":\"https:\/\/valika.eu\/toode\/claresa-top-diamond-no-wipe-5g\/#primaryimage\"},\"thumbnailUrl\":\"https:\/\/valika.eu\/wp-content\/uploads\/2024\/10\/top-hybrydowy-diamond-nadaje-wysoki-polysk-stylizacji.jpg\",\"datePublished\":\"2024-10-02T09:07:50+00:00\",\"dateModified\":\"2026-04-06T09:47:48+00:00\",\"description\":\"See l\u00e4bipaistev h\u00fcbriidtop on erakordselt tugev, t\u00e4nu millele kaitseb suurep\u00e4raselt k\u00fc\u00fcnte stiili.\",\"breadcrumb\":{\"@id\":\"https:\/\/valika.eu\/fi\/toode\/claresa-top-diamond-no-wipe-5g\/#breadcrumb\"},\"inLanguage\":\"fi\",\"potentialAction\":[{\"@type\":\"ReadAction\",\"target\":[[\"https:\/\/valika.eu\/fi\/toode\/claresa-top-diamond-no-wipe-5g\/\"]]}]},{\"@type\":\"ImageObject\",\"inLanguage\":\"fi\",\"@id\":\"https:\/\/valika.eu\/fi\/toode\/claresa-top-diamond-no-wipe-5g\/#primaryimage\",\"url\":\"https:\/\/valika.eu\/wp-content\/uploads\/2024\/10\/top-hybrydowy-diamond-nadaje-wysoki-polysk-stylizacji.jpg\",\"contentUrl\":\"https:\/\/valika.eu\/wp-content\/uploads\/2024\/10\/top-hybrydowy-diamond-nadaje-wysoki-polysk-stylizacji.jpg\",\"width\":1500,\"height\":1500},{\"@type\":\"BreadcrumbList\",\"@id\":\"https:\/\/valika.eu\/fi\/toode\/claresa-top-diamond-no-wipe-5g\/#breadcrumb\",\"itemListElement\":[{\"@type\":\"ListItem\",\"position\":1,\"name\":\"Koti\",\"item\":\"https:\/\/valika.eu\/fi\/\"},{\"@type\":\"ListItem\",\"position\":2,\"name\":\"Shop\",\"item\":\"https:\/\/valika.eu\/fi\/\"},{\"@type\":\"ListItem\",\"position\":3,\"name\":\"Claresa Top Diamond No Wipe -5g\"}]},{\"@type\":\"WebSite\",\"@id\":\"https:\/\/valika.eu\/fi\/#website\",\"url\":\"https:\/\/valika.eu\/fi\/\",\"name\":\"Valika.eu\",\"description\":\"Salonkituotteet ja kauneudenhoitotuotteet - Valika tarjoaa laajan valikoiman tuotteita ja tarvikkeita kynsiteknikoille, kauneushoitoloille, kampaamoille ja kampaamoille.\",\"publisher\":{\"@id\":\"https:\/\/valika.eu\/fi\/#organization\"},\"alternateName\":\"Valika\",\"potentialAction\":[{\"@type\":\"SearchAction\",\"target\":{\"@type\":\"EntryPoint\",\"urlTemplate\":\"https:\/\/valika.eu\/fi\/?s={search_term_string}\"},\"query-input\":{\"@type\":\"PropertyValueSpecification\",\"valueRequired\":true,\"valueName\":\"search_term_string\"}}],\"inLanguage\":\"fi\"},{\"@type\":\"Organization\",\"@id\":\"https:\/\/valika.eu\/fi\/#organization\",\"name\":\"Salongitoode O\u00dc\",\"alternateName\":\"Valika\",\"url\":\"https:\/\/valika.eu\/fi\/\",\"logo\":{\"@type\":\"ImageObject\",\"inLanguage\":\"fi\",\"@id\":\"https:\/\/valika.eu\/fi\/#\/schema\/logo\/image\/\",\"url\":\"https:\/\/valika.eu\/wp-content\/uploads\/2023\/11\/logo2-valika-footer.png\",\"contentUrl\":\"https:\/\/valika.eu\/wp-content\/uploads\/2023\/11\/logo2-valika-footer.png\",\"width\":200,\"height\":129,\"caption\":\"Salongitoode O\u00dc\"},\"image\":{\"@id\":\"https:\/\/valika.eu\/fi\/#\/schema\/logo\/image\/\"},\"sameAs\":[\"https:\/\/www.facebook.com\/tipsi.net\"]}]}<\/script>\n<!-- \/ Yoast SEO plugin. -->","yoast_head_json":{"title":"Claresa Top Diamond No Wipe -5g | Valika","description":"See l\u00e4bipaistev h\u00fcbriidtop on erakordselt tugev, t\u00e4nu millele kaitseb suurep\u00e4raselt k\u00fc\u00fcnte stiili.","robots":{"index":"index","follow":"follow","max-snippet":"max-snippet:-1","max-image-preview":"max-image-preview:large","max-video-preview":"max-video-preview:-1"},"canonical":"https:\/\/valika.eu\/fi\/toode\/claresa-top-diamond-no-wipe-5g\/","og_locale":"fi_FI","og_type":"article","og_title":"Claresa Top Diamond No Wipe -5g | Valika","og_description":"See l\u00e4bipaistev h\u00fcbriidtop on erakordselt tugev, t\u00e4nu millele kaitseb suurep\u00e4raselt k\u00fc\u00fcnte stiili.","og_url":"https:\/\/valika.eu\/fi\/toode\/claresa-top-diamond-no-wipe-5g\/","og_site_name":"Valika","article_publisher":"https:\/\/www.facebook.com\/tipsi.net","article_modified_time":"2026-04-06T09:47:48+00:00","og_image":[{"width":1500,"height":1500,"url":"https:\/\/valika.eu\/wp-content\/uploads\/2024\/10\/top-hybrydowy-diamond-nadaje-wysoki-polysk-stylizacji.jpg","type":"image\/jpeg"}],"twitter_card":"summary_large_image","schema":{"@context":"https:\/\/schema.org","@graph":[{"@type":"WebPage","@id":"https:\/\/valika.eu\/fi\/toode\/claresa-top-diamond-no-wipe-5g\/","url":"https:\/\/valika.eu\/fi\/toode\/claresa-top-diamond-no-wipe-5g\/","name":"Claresa Top Diamond No Wipe -5g | Valika","isPartOf":{"@id":"https:\/\/valika.eu\/fi\/#website"},"primaryImageOfPage":{"@id":"https:\/\/valika.eu\/fi\/toode\/claresa-top-diamond-no-wipe-5g\/#primaryimage"},"image":{"@id":"https:\/\/valika.eu\/toode\/claresa-top-diamond-no-wipe-5g\/#primaryimage"},"thumbnailUrl":"https:\/\/valika.eu\/wp-content\/uploads\/2024\/10\/top-hybrydowy-diamond-nadaje-wysoki-polysk-stylizacji.jpg","datePublished":"2024-10-02T09:07:50+00:00","dateModified":"2026-04-06T09:47:48+00:00","description":"See l\u00e4bipaistev h\u00fcbriidtop on erakordselt tugev, t\u00e4nu millele kaitseb suurep\u00e4raselt k\u00fc\u00fcnte stiili.","breadcrumb":{"@id":"https:\/\/valika.eu\/fi\/toode\/claresa-top-diamond-no-wipe-5g\/#breadcrumb"},"inLanguage":"fi","potentialAction":[{"@type":"ReadAction","target":[["https:\/\/valika.eu\/fi\/toode\/claresa-top-diamond-no-wipe-5g\/"]]}]},{"@type":"ImageObject","inLanguage":"fi","@id":"https:\/\/valika.eu\/fi\/toode\/claresa-top-diamond-no-wipe-5g\/#primaryimage","url":"https:\/\/valika.eu\/wp-content\/uploads\/2024\/10\/top-hybrydowy-diamond-nadaje-wysoki-polysk-stylizacji.jpg","contentUrl":"https:\/\/valika.eu\/wp-content\/uploads\/2024\/10\/top-hybrydowy-diamond-nadaje-wysoki-polysk-stylizacji.jpg","width":1500,"height":1500},{"@type":"BreadcrumbList","@id":"https:\/\/valika.eu\/fi\/toode\/claresa-top-diamond-no-wipe-5g\/#breadcrumb","itemListElement":[{"@type":"ListItem","position":1,"name":"Koti","item":"https:\/\/valika.eu\/fi\/"},{"@type":"ListItem","position":2,"name":"Shop","item":"https:\/\/valika.eu\/fi\/"},{"@type":"ListItem","position":3,"name":"Claresa Top Diamond No Wipe -5g"}]},{"@type":"WebSite","@id":"https:\/\/valika.eu\/fi\/#website","url":"https:\/\/valika.eu\/fi\/","name":"Valika.eu","description":"Salonkituotteet ja kauneudenhoitotuotteet - Valika tarjoaa laajan valikoiman tuotteita ja tarvikkeita kynsiteknikoille, kauneushoitoloille, kampaamoille ja kampaamoille.","publisher":{"@id":"https:\/\/valika.eu\/fi\/#organization"},"alternateName":"Valika","potentialAction":[{"@type":"SearchAction","target":{"@type":"EntryPoint","urlTemplate":"https:\/\/valika.eu\/fi\/?s={search_term_string}"},"query-input":{"@type":"PropertyValueSpecification","valueRequired":true,"valueName":"search_term_string"}}],"inLanguage":"fi"},{"@type":"Organization","@id":"https:\/\/valika.eu\/fi\/#organization","name":"Salongitoode O\u00dc","alternateName":"Valika","url":"https:\/\/valika.eu\/fi\/","logo":{"@type":"ImageObject","inLanguage":"fi","@id":"https:\/\/valika.eu\/fi\/#\/schema\/logo\/image\/","url":"https:\/\/valika.eu\/wp-content\/uploads\/2023\/11\/logo2-valika-footer.png","contentUrl":"https:\/\/valika.eu\/wp-content\/uploads\/2023\/11\/logo2-valika-footer.png","width":200,"height":129,"caption":"Salongitoode O\u00dc"},"image":{"@id":"https:\/\/valika.eu\/fi\/#\/schema\/logo\/image\/"},"sameAs":["https:\/\/www.facebook.com\/tipsi.net"]}]}},"jetpack_sharing_enabled":true,"_links":{"self":[{"href":"https:\/\/valika.eu\/fi\/wp-json\/wp\/v2\/product\/1324","targetHints":{"allow":["GET"]}}],"collection":[{"href":"https:\/\/valika.eu\/fi\/wp-json\/wp\/v2\/product"}],"about":[{"href":"https:\/\/valika.eu\/fi\/wp-json\/wp\/v2\/types\/product"}],"wp:featuredmedia":[{"embeddable":true,"href":"https:\/\/valika.eu\/fi\/wp-json\/wp\/v2\/media\/1322"}],"wp:attachment":[{"href":"https:\/\/valika.eu\/fi\/wp-json\/wp\/v2\/media?parent=1324"}],"wp:term":[{"taxonomy":"product_brand","embeddable":true,"href":"https:\/\/valika.eu\/fi\/wp-json\/wp\/v2\/product_brand?post=1324"},{"taxonomy":"product_cat","embeddable":true,"href":"https:\/\/valika.eu\/fi\/wp-json\/wp\/v2\/product_cat?post=1324"},{"taxonomy":"product_tag","embeddable":true,"href":"https:\/\/valika.eu\/fi\/wp-json\/wp\/v2\/product_tag?post=1324"}],"curies":[{"name":"wp","href":"https:\/\/api.w.org\/{rel}","templated":true}]}}