{"id":13244,"date":"2025-03-04T13:21:31","date_gmt":"2025-03-04T11:21:31","guid":{"rendered":"https:\/\/valika.eu\/?post_type=product&#038;p=13244"},"modified":"2026-02-08T17:10:41","modified_gmt":"2026-02-08T15:10:41","slug":"glowy-beige-45g-pro-light-builder-gel-palu","status":"publish","type":"product","link":"https:\/\/valika.eu\/fi\/toode\/glowy-beige-45g-pro-light-builder-gel-palu\/","title":{"rendered":"GLOWY BEIGE\/45g  PRO LIGHT BUILDER GEL PALU"},"content":{"rendered":"<p><\/p>\n<p data-start=\"3710\" data-end=\"4050\"><strong data-start=\"3710\" data-end=\"3735\">PRO LIGHT BUILDER GEL<\/strong> on monitoiminen geeli, joka on suunniteltu ammattilaissalonkik\u00e4ytt\u00f6\u00f6n. Erityinen koostumus perustuu kynsimuotoilijoiden kokemukseen ja on kehitetty nopeuttamaan ja helpottamaan p\u00e4ivitt\u00e4ist\u00e4 ty\u00f6t\u00e4. Tiksotropia yhdistettyn\u00e4 parhaisiin itsest\u00e4\u00e4n tasoittuviin ominaisuuksiin takaa t\u00e4ydellisen, ei-valuvan geelitipan.<\/p>\n<p data-start=\"4052\" data-end=\"4503\"><strong data-start=\"4052\" data-end=\"4077\">PRO LIGHT BUILDER GEL<\/strong>:ll\u00e4 on matala polymeroitumisl\u00e4mp\u00f6tila, joka minimoi polttavan tunteen lampussa. Geelill\u00e4 on lineaarinen molekyylirakenne, ja sen tarkasti valittu koostumus, viskositeetti ja tiheys parantavat ty\u00f6skentelyn laatua. Moderni kaava mahdollistaa <strong data-start=\"4318\" data-end=\"4350\">&#8220;viilattoman geelitekniikan&#8221;<\/strong>, suojaa pidennettyj\u00e4 kynsialustoja laajenemiselta ja lyhent\u00e4\u00e4 ty\u00f6aikaa minimiin. Erityisen suositeltava nopeisiin huoltoihin ja muotoilun korjauksiin.<\/p>\n<p data-start=\"4505\" data-end=\"4850\"><strong data-start=\"4505\" data-end=\"4530\">PRO LIGHT BUILDER GEL<\/strong> yhdist\u00e4\u00e4 pohja-, rakenne- ja kiiltogeelin ominaisuudet. Se sis\u00e4lt\u00e4\u00e4 kiinnittymist\u00e4 parantavia aineita, jotka lis\u00e4\u00e4v\u00e4t tarttuvuutta luonnolliseen kynteen, sek\u00e4 rakenne- ja kiiltoaineita. Ohuilla ja ongelmallisilla kynsill\u00e4 optimaalisen tarttuvuuden saavuttamiseksi suositellaan <strong data-start=\"4808\" data-end=\"4816\">Palu<\/strong>-pohjageelin hieromista kynteen.<\/p>\n<p data-start=\"4852\" data-end=\"5062\">Tarkasti s\u00e4\u00e4detty viskositeetti takaa, ett\u00e4 geelin koostumus on keskitihe\u00e4 ja levittyy nopeasti kynnelle. Geeli irtoaa hyvin siveltimest\u00e4, on kest\u00e4v\u00e4, naarmuuntumaton ja pitk\u00e4kestoisella kiillolla varustettu.<\/p>\n<p data-start=\"5064\" data-end=\"5197\"><strong data-start=\"5064\" data-end=\"5089\">PRO LIGHT BUILDER GEL<\/strong> on saatavilla 8 tarkasti valitussa s\u00e4vyss\u00e4:<br data-start=\"5133\" data-end=\"5136\" \/><em data-start=\"5136\" data-end=\"5195\">(Voin k\u00e4\u00e4nt\u00e4\u00e4 v\u00e4rilistauksen my\u00f6s suomeksi, jos tarpeen.)<\/em><\/p>\n<p data-start=\"5199\" data-end=\"5229\"><strong data-start=\"5199\" data-end=\"5227\">T\u00e4rkeimm\u00e4t ominaisuudet:<\/strong><\/p>\n<ul data-start=\"5230\" data-end=\"5495\">\n<li data-start=\"5230\" data-end=\"5255\">Itsest\u00e4\u00e4n tasoittuva;<\/li>\n<li data-start=\"5256\" data-end=\"5276\">Tiksotrooppinen;<\/li>\n<li data-start=\"5277\" data-end=\"5296\">Monik\u00e4ytt\u00f6inen;<\/li>\n<li data-start=\"5297\" data-end=\"5350\">Intensiivinen kiilto, kest\u00e4v\u00e4 ja naarmuuntumaton;<\/li>\n<li data-start=\"5351\" data-end=\"5363\">Hapoton;<\/li>\n<li data-start=\"5364\" data-end=\"5404\">Nopeuttaa ja helpottaa ty\u00f6skentely\u00e4;<\/li>\n<li data-start=\"5405\" data-end=\"5451\">Tunnelin puristus 5-8 sek LED UV-lampussa;<\/li>\n<li data-start=\"5452\" data-end=\"5495\">Kovettumisaika: 60 sek LED UV-lampussa.<\/li>\n<li data-start=\"5452\" data-end=\"5495\">\n<p data-start=\"2535\" data-end=\"2610\"><strong data-start=\"2535\" data-end=\"2560\">PRO LIGHT BUILDER GEL<\/strong> on saatavana 8 huolellisesti valitussa s\u00e4vyss\u00e4:<\/p>\n<ul data-start=\"2612\" data-end=\"3857\">\n<li data-start=\"2612\" data-end=\"2639\"><strong data-start=\"2614\" data-end=\"2623\">CLEAR<\/strong> \u2013 l\u00e4pin\u00e4kyv\u00e4;<\/li>\n<li data-start=\"2640\" data-end=\"2719\"><strong data-start=\"2642\" data-end=\"2653\">NEUTRAL<\/strong> \u2013 neutraali, mukautuu luonnolliseen ihons\u00e4vyyn, peitt\u00e4vyys 90%;<\/li>\n<li data-start=\"2720\" data-end=\"2800\"><strong data-start=\"2722\" data-end=\"2739\">CLASSIC COVER<\/strong> \u2013 klassinen, suosituin peitt\u00e4v\u00e4 geeliv\u00e4ri, peitt\u00e4vyys 90%;<\/li>\n<li data-start=\"2801\" data-end=\"2843\"><strong data-start=\"2803\" data-end=\"2817\">WARM COVER<\/strong> \u2013 l\u00e4mmin peitt\u00e4v\u00e4 s\u00e4vy;<\/li>\n<li data-start=\"2844\" data-end=\"2891\"><strong data-start=\"2846\" data-end=\"2861\">MILKY BROWN<\/strong> \u2013 pehme\u00e4, neutraali ruskea;<\/li>\n<li data-start=\"2892\" data-end=\"2968\"><strong data-start=\"2894\" data-end=\"2909\">FIZZY COVER<\/strong> \u2013 l\u00e4mmin peitt\u00e4v\u00e4 s\u00e4vy kimaltavilla foliopartikkeleilla;<\/li>\n<li data-start=\"2969\" data-end=\"3064\"><strong data-start=\"2971\" data-end=\"2986\">POWDER PINK<\/strong> \u2013 eritt\u00e4in naisellinen, hienovarainen vaaleanpunainen s\u00e4vy, peitt\u00e4vyys 90%;<\/li>\n<li data-start=\"3065\" data-end=\"3179\"><strong data-start=\"3067\" data-end=\"3084\">PRINCESS PINK<\/strong> \u2013 tytt\u00f6m\u00e4inen, vaalea vaaleanpunainen s\u00e4vy kimaltelevalla helmi\u00e4isefektill\u00e4, peitt\u00e4vyys 90%;<\/li>\n<li data-start=\"3180\" data-end=\"3275\"><strong data-start=\"3182\" data-end=\"3200\">SPARKLING PINK<\/strong> \u2013 viile\u00e4mpi, keskivaalea vaaleanpunainen s\u00e4vy hopeisilla partikkeleilla;<\/li>\n<li data-start=\"3276\" data-end=\"3352\"><strong data-start=\"3278\" data-end=\"3293\">SHINY ROUGE<\/strong> \u2013 vaaleanpunainen s\u00e4vy kimaltavilla foliopartikkeleilla;<\/li>\n<li data-start=\"3353\" data-end=\"3446\"><strong data-start=\"3355\" data-end=\"3371\">PRETTY SHINE<\/strong> \u2013 luonnollinen s\u00e4vy, jossa on ruusukultaisia hiutaleita ja kultahippuja;<\/li>\n<li data-start=\"3447\" data-end=\"3543\"><strong data-start=\"3449\" data-end=\"3467\">CHARMING COVER<\/strong> \u2013 luonnollinen nude-s\u00e4vy n\u00e4ytt\u00e4vill\u00e4 kultapartikkeleilla, peitt\u00e4vyys 90%;<\/li>\n<li data-start=\"3544\" data-end=\"3617\"><strong data-start=\"3546\" data-end=\"3561\">GLOWY BEIGE<\/strong> \u2013 pehme\u00e4 beige s\u00e4vy kimaltavilla foliopartikkeleilla;<\/li>\n<li data-start=\"3618\" data-end=\"3725\"><strong data-start=\"3620\" data-end=\"3634\">SOFT WHITE<\/strong> \u2013 pehme\u00e4 maitomainen valkoinen s\u00e4vy, t\u00e4ydellinen <strong data-start=\"3684\" data-end=\"3706\">&#8220;prinsessakynsiin&#8221;<\/strong>, peitt\u00e4vyys 90%;<\/li>\n<li data-start=\"3726\" data-end=\"3857\"><strong data-start=\"3728\" data-end=\"3741\">SOFT PINK<\/strong> \u2013 hienovarainen vaaleanpunainen, vaalein s\u00e4vy koko paletista, t\u00e4ydellinen <strong data-start=\"3816\" data-end=\"3838\">&#8220;prinsessakynsiin&#8221;<\/strong>, peitt\u00e4vyys 90%.<\/li>\n<\/ul>\n<\/li>\n<\/ul>\n<p><\/p>","protected":false},"excerpt":{"rendered":"<p>PRO LIGHT BUILDER GEL on monitoiminen geeli, joka on suunniteltu ammattilaissalonkik\u00e4ytt\u00f6\u00f6n. Erityinen koostumus perustuu kynsimuotoilijoiden kokemukseen ja on kehitetty nopeuttamaan<\/p>\n","protected":false},"featured_media":13251,"template":"","meta":[],"product_brand":[],"product_cat":[65,73],"product_tag":[],"class_list":{"0":"post-13244","1":"product","2":"type-product","3":"status-publish","4":"has-post-thumbnail","6":"product_cat-ehitusgeelid","7":"product_cat-palu-ehitusgeelid","9":"first","10":"instock","11":"taxable","12":"shipping-taxable","13":"purchasable","14":"product-type-simple"},"yoast_head":"<!-- This site is optimized with the Yoast SEO plugin v24.4 - https:\/\/yoast.com\/wordpress\/plugins\/seo\/ -->\n<title>GLOWY BEIGE\/45g PRO LIGHT BUILDER GEL PALU | Valika<\/title>\n<meta name=\"robots\" content=\"index, follow, max-snippet:-1, max-image-preview:large, max-video-preview:-1\" \/>\n<link rel=\"canonical\" href=\"https:\/\/valika.eu\/fi\/toode\/glowy-beige-45g-pro-light-builder-gel-palu\/\" \/>\n<meta property=\"og:locale\" content=\"fi_FI\" \/>\n<meta property=\"og:type\" content=\"article\" \/>\n<meta property=\"og:title\" content=\"GLOWY BEIGE\/45g PRO LIGHT BUILDER GEL PALU | Valika\" \/>\n<meta property=\"og:description\" content=\"PRO LIGHT BUILDER GEL on monitoiminen geeli, joka on suunniteltu ammattilaissalonkik\u00e4ytt\u00f6\u00f6n. Erityinen koostumus perustuu kynsimuotoilijoiden kokemukseen ja on kehitetty nopeuttamaan\" \/>\n<meta property=\"og:url\" content=\"https:\/\/valika.eu\/fi\/toode\/glowy-beige-45g-pro-light-builder-gel-palu\/\" \/>\n<meta property=\"og:site_name\" content=\"Valika\" \/>\n<meta property=\"article:publisher\" content=\"https:\/\/www.facebook.com\/tipsi.net\" \/>\n<meta property=\"article:modified_time\" content=\"2026-02-08T15:10:41+00:00\" \/>\n<meta property=\"og:image\" content=\"https:\/\/valika.eu\/wp-content\/uploads\/2025\/03\/PRO-LIGHT-BUILDER_GLOWY-BEIGE_45g.jpg\" \/>\n\t<meta property=\"og:image:width\" content=\"1500\" \/>\n\t<meta property=\"og:image:height\" content=\"1500\" \/>\n\t<meta property=\"og:image:type\" content=\"image\/jpeg\" \/>\n<meta name=\"twitter:card\" content=\"summary_large_image\" \/>\n<script type=\"application\/ld+json\" class=\"yoast-schema-graph\">{\"@context\":\"https:\/\/schema.org\",\"@graph\":[{\"@type\":\"WebPage\",\"@id\":\"https:\/\/valika.eu\/fi\/toode\/glowy-beige-45g-pro-light-builder-gel-palu\/\",\"url\":\"https:\/\/valika.eu\/fi\/toode\/glowy-beige-45g-pro-light-builder-gel-palu\/\",\"name\":\"GLOWY BEIGE\/45g PRO LIGHT BUILDER GEL PALU | Valika\",\"isPartOf\":{\"@id\":\"https:\/\/valika.eu\/fi\/#website\"},\"primaryImageOfPage\":{\"@id\":\"https:\/\/valika.eu\/fi\/toode\/glowy-beige-45g-pro-light-builder-gel-palu\/#primaryimage\"},\"image\":{\"@id\":\"https:\/\/valika.eu\/toode\/glowy-beige-45g-pro-light-builder-gel-palu\/#primaryimage\"},\"thumbnailUrl\":\"https:\/\/valika.eu\/wp-content\/uploads\/2025\/03\/PRO-LIGHT-BUILDER_GLOWY-BEIGE_45g.jpg\",\"datePublished\":\"2025-03-04T11:21:31+00:00\",\"dateModified\":\"2026-02-08T15:10:41+00:00\",\"breadcrumb\":{\"@id\":\"https:\/\/valika.eu\/fi\/toode\/glowy-beige-45g-pro-light-builder-gel-palu\/#breadcrumb\"},\"inLanguage\":\"fi\",\"potentialAction\":[{\"@type\":\"ReadAction\",\"target\":[[\"https:\/\/valika.eu\/fi\/toode\/glowy-beige-45g-pro-light-builder-gel-palu\/\"]]}]},{\"@type\":\"ImageObject\",\"inLanguage\":\"fi\",\"@id\":\"https:\/\/valika.eu\/fi\/toode\/glowy-beige-45g-pro-light-builder-gel-palu\/#primaryimage\",\"url\":\"https:\/\/valika.eu\/wp-content\/uploads\/2025\/03\/PRO-LIGHT-BUILDER_GLOWY-BEIGE_45g.jpg\",\"contentUrl\":\"https:\/\/valika.eu\/wp-content\/uploads\/2025\/03\/PRO-LIGHT-BUILDER_GLOWY-BEIGE_45g.jpg\",\"width\":1500,\"height\":1500},{\"@type\":\"BreadcrumbList\",\"@id\":\"https:\/\/valika.eu\/fi\/toode\/glowy-beige-45g-pro-light-builder-gel-palu\/#breadcrumb\",\"itemListElement\":[{\"@type\":\"ListItem\",\"position\":1,\"name\":\"Koti\",\"item\":\"https:\/\/valika.eu\/fi\/\"},{\"@type\":\"ListItem\",\"position\":2,\"name\":\"Shop\",\"item\":\"https:\/\/valika.eu\/fi\/\"},{\"@type\":\"ListItem\",\"position\":3,\"name\":\"GLOWY BEIGE\/45g PRO LIGHT BUILDER GEL PALU\"}]},{\"@type\":\"WebSite\",\"@id\":\"https:\/\/valika.eu\/fi\/#website\",\"url\":\"https:\/\/valika.eu\/fi\/\",\"name\":\"Valika.eu\",\"description\":\"Salonkituotteet ja kauneudenhoitotuotteet - Valika tarjoaa laajan valikoiman tuotteita ja tarvikkeita kynsiteknikoille, kauneushoitoloille, kampaamoille ja kampaamoille.\",\"publisher\":{\"@id\":\"https:\/\/valika.eu\/fi\/#organization\"},\"alternateName\":\"Valika\",\"potentialAction\":[{\"@type\":\"SearchAction\",\"target\":{\"@type\":\"EntryPoint\",\"urlTemplate\":\"https:\/\/valika.eu\/fi\/?s={search_term_string}\"},\"query-input\":{\"@type\":\"PropertyValueSpecification\",\"valueRequired\":true,\"valueName\":\"search_term_string\"}}],\"inLanguage\":\"fi\"},{\"@type\":\"Organization\",\"@id\":\"https:\/\/valika.eu\/fi\/#organization\",\"name\":\"Salongitoode O\u00dc\",\"alternateName\":\"Valika\",\"url\":\"https:\/\/valika.eu\/fi\/\",\"logo\":{\"@type\":\"ImageObject\",\"inLanguage\":\"fi\",\"@id\":\"https:\/\/valika.eu\/fi\/#\/schema\/logo\/image\/\",\"url\":\"https:\/\/valika.eu\/wp-content\/uploads\/2023\/11\/logo2-valika-footer.png\",\"contentUrl\":\"https:\/\/valika.eu\/wp-content\/uploads\/2023\/11\/logo2-valika-footer.png\",\"width\":200,\"height\":129,\"caption\":\"Salongitoode O\u00dc\"},\"image\":{\"@id\":\"https:\/\/valika.eu\/fi\/#\/schema\/logo\/image\/\"},\"sameAs\":[\"https:\/\/www.facebook.com\/tipsi.net\"]}]}<\/script>\n<!-- \/ Yoast SEO plugin. -->","yoast_head_json":{"title":"GLOWY BEIGE\/45g PRO LIGHT BUILDER GEL PALU | Valika","robots":{"index":"index","follow":"follow","max-snippet":"max-snippet:-1","max-image-preview":"max-image-preview:large","max-video-preview":"max-video-preview:-1"},"canonical":"https:\/\/valika.eu\/fi\/toode\/glowy-beige-45g-pro-light-builder-gel-palu\/","og_locale":"fi_FI","og_type":"article","og_title":"GLOWY BEIGE\/45g PRO LIGHT BUILDER GEL PALU | Valika","og_description":"PRO LIGHT BUILDER GEL on monitoiminen geeli, joka on suunniteltu ammattilaissalonkik\u00e4ytt\u00f6\u00f6n. Erityinen koostumus perustuu kynsimuotoilijoiden kokemukseen ja on kehitetty nopeuttamaan","og_url":"https:\/\/valika.eu\/fi\/toode\/glowy-beige-45g-pro-light-builder-gel-palu\/","og_site_name":"Valika","article_publisher":"https:\/\/www.facebook.com\/tipsi.net","article_modified_time":"2026-02-08T15:10:41+00:00","og_image":[{"width":1500,"height":1500,"url":"https:\/\/valika.eu\/wp-content\/uploads\/2025\/03\/PRO-LIGHT-BUILDER_GLOWY-BEIGE_45g.jpg","type":"image\/jpeg"}],"twitter_card":"summary_large_image","schema":{"@context":"https:\/\/schema.org","@graph":[{"@type":"WebPage","@id":"https:\/\/valika.eu\/fi\/toode\/glowy-beige-45g-pro-light-builder-gel-palu\/","url":"https:\/\/valika.eu\/fi\/toode\/glowy-beige-45g-pro-light-builder-gel-palu\/","name":"GLOWY BEIGE\/45g PRO LIGHT BUILDER GEL PALU | Valika","isPartOf":{"@id":"https:\/\/valika.eu\/fi\/#website"},"primaryImageOfPage":{"@id":"https:\/\/valika.eu\/fi\/toode\/glowy-beige-45g-pro-light-builder-gel-palu\/#primaryimage"},"image":{"@id":"https:\/\/valika.eu\/toode\/glowy-beige-45g-pro-light-builder-gel-palu\/#primaryimage"},"thumbnailUrl":"https:\/\/valika.eu\/wp-content\/uploads\/2025\/03\/PRO-LIGHT-BUILDER_GLOWY-BEIGE_45g.jpg","datePublished":"2025-03-04T11:21:31+00:00","dateModified":"2026-02-08T15:10:41+00:00","breadcrumb":{"@id":"https:\/\/valika.eu\/fi\/toode\/glowy-beige-45g-pro-light-builder-gel-palu\/#breadcrumb"},"inLanguage":"fi","potentialAction":[{"@type":"ReadAction","target":[["https:\/\/valika.eu\/fi\/toode\/glowy-beige-45g-pro-light-builder-gel-palu\/"]]}]},{"@type":"ImageObject","inLanguage":"fi","@id":"https:\/\/valika.eu\/fi\/toode\/glowy-beige-45g-pro-light-builder-gel-palu\/#primaryimage","url":"https:\/\/valika.eu\/wp-content\/uploads\/2025\/03\/PRO-LIGHT-BUILDER_GLOWY-BEIGE_45g.jpg","contentUrl":"https:\/\/valika.eu\/wp-content\/uploads\/2025\/03\/PRO-LIGHT-BUILDER_GLOWY-BEIGE_45g.jpg","width":1500,"height":1500},{"@type":"BreadcrumbList","@id":"https:\/\/valika.eu\/fi\/toode\/glowy-beige-45g-pro-light-builder-gel-palu\/#breadcrumb","itemListElement":[{"@type":"ListItem","position":1,"name":"Koti","item":"https:\/\/valika.eu\/fi\/"},{"@type":"ListItem","position":2,"name":"Shop","item":"https:\/\/valika.eu\/fi\/"},{"@type":"ListItem","position":3,"name":"GLOWY BEIGE\/45g PRO LIGHT BUILDER GEL PALU"}]},{"@type":"WebSite","@id":"https:\/\/valika.eu\/fi\/#website","url":"https:\/\/valika.eu\/fi\/","name":"Valika.eu","description":"Salonkituotteet ja kauneudenhoitotuotteet - Valika tarjoaa laajan valikoiman tuotteita ja tarvikkeita kynsiteknikoille, kauneushoitoloille, kampaamoille ja kampaamoille.","publisher":{"@id":"https:\/\/valika.eu\/fi\/#organization"},"alternateName":"Valika","potentialAction":[{"@type":"SearchAction","target":{"@type":"EntryPoint","urlTemplate":"https:\/\/valika.eu\/fi\/?s={search_term_string}"},"query-input":{"@type":"PropertyValueSpecification","valueRequired":true,"valueName":"search_term_string"}}],"inLanguage":"fi"},{"@type":"Organization","@id":"https:\/\/valika.eu\/fi\/#organization","name":"Salongitoode O\u00dc","alternateName":"Valika","url":"https:\/\/valika.eu\/fi\/","logo":{"@type":"ImageObject","inLanguage":"fi","@id":"https:\/\/valika.eu\/fi\/#\/schema\/logo\/image\/","url":"https:\/\/valika.eu\/wp-content\/uploads\/2023\/11\/logo2-valika-footer.png","contentUrl":"https:\/\/valika.eu\/wp-content\/uploads\/2023\/11\/logo2-valika-footer.png","width":200,"height":129,"caption":"Salongitoode O\u00dc"},"image":{"@id":"https:\/\/valika.eu\/fi\/#\/schema\/logo\/image\/"},"sameAs":["https:\/\/www.facebook.com\/tipsi.net"]}]}},"jetpack_sharing_enabled":true,"_links":{"self":[{"href":"https:\/\/valika.eu\/fi\/wp-json\/wp\/v2\/product\/13244","targetHints":{"allow":["GET"]}}],"collection":[{"href":"https:\/\/valika.eu\/fi\/wp-json\/wp\/v2\/product"}],"about":[{"href":"https:\/\/valika.eu\/fi\/wp-json\/wp\/v2\/types\/product"}],"wp:featuredmedia":[{"embeddable":true,"href":"https:\/\/valika.eu\/fi\/wp-json\/wp\/v2\/media\/13251"}],"wp:attachment":[{"href":"https:\/\/valika.eu\/fi\/wp-json\/wp\/v2\/media?parent=13244"}],"wp:term":[{"taxonomy":"product_brand","embeddable":true,"href":"https:\/\/valika.eu\/fi\/wp-json\/wp\/v2\/product_brand?post=13244"},{"taxonomy":"product_cat","embeddable":true,"href":"https:\/\/valika.eu\/fi\/wp-json\/wp\/v2\/product_cat?post=13244"},{"taxonomy":"product_tag","embeddable":true,"href":"https:\/\/valika.eu\/fi\/wp-json\/wp\/v2\/product_tag?post=13244"}],"curies":[{"name":"wp","href":"https:\/\/api.w.org\/{rel}","templated":true}]}}