{"id":13273,"date":"2025-03-04T14:57:40","date_gmt":"2025-03-04T12:57:40","guid":{"rendered":"https:\/\/valika.eu\/?post_type=product&#038;p=13273"},"modified":"2026-03-06T15:44:06","modified_gmt":"2026-03-06T13:44:06","slug":"classic-cover-45g-pro-control-builder-gel-palu","status":"publish","type":"product","link":"https:\/\/valika.eu\/fi\/toode\/classic-cover-45g-pro-control-builder-gel-palu\/","title":{"rendered":"CLASSIC COVER\/45g  Pro Control Builder Gel Palu"},"content":{"rendered":"<p><\/p>\n<p data-start=\"70\" data-end=\"303\"><strong data-start=\"70\" data-end=\"97\">Pro Control Builder Gel<\/strong> on geeli, jonka avulla voit muotoilla t\u00e4ydelliset kynnet ilman huolta valumisesta kynsinauhoille! Se takaa maksimaalisen kest\u00e4vyyden ja luonnollisen lopputuloksen samalla, kun se on miellytt\u00e4v\u00e4 levitt\u00e4\u00e4.<\/p>\n<p data-start=\"305\" data-end=\"790\"><strong data-start=\"305\" data-end=\"332\">Pro Control Builder Gel<\/strong> on hapoton, &#8220;hyytel\u00f6m\u00e4inen&#8221; geeli, jolla on v\u00e4h\u00e4iset itsest\u00e4\u00e4n tasoittuvat ominaisuudet. T\u00e4m\u00e4 mahdollistaa t\u00e4ydellisen hallinnan levityksen aikana. Tiksotrooppiset ominaisuudet helpottavat massan levitt\u00e4mist\u00e4 kynnelle ilman valumista kynsinauhoille. Geeli levittyy helposti siveltimell\u00e4, jakautuu tasaisesti ja nopeasti. Kovuudestaan huolimatta se on helppo viilata eik\u00e4 aiheuta suurta vastusta viilalle tai poralle. Sopii eri tasoisille kynsiteknikoille.<\/p>\n<p data-start=\"792\" data-end=\"1167\">Geeli on suunniteltu kynsien pident\u00e4miseen muottien ja dual formien avulla. Se sopii my\u00f6s erinomaisesti t\u00e4ytt\u00f6ihin sek\u00e4 luonnonkynnen vahvistamiseen. Sen avulla voit luoda pitki\u00e4, kest\u00e4vi\u00e4 ja kovia kynsi\u00e4. Geeli mahdollistaa kaaren puristamisen ja est\u00e4\u00e4 sen laajenemisen. Se s\u00e4ilytt\u00e4\u00e4 muotonsa my\u00f6s vaativissa olosuhteissa ja kest\u00e4\u00e4 hyvin vaurioita sek\u00e4 ulkoisia tekij\u00f6it\u00e4.<\/p>\n<p data-start=\"1169\" data-end=\"1424\">Kyseess\u00e4 on kolmivaiheinen tuote, mik\u00e4 tarkoittaa, ett\u00e4 sen kanssa tulee k\u00e4ytt\u00e4\u00e4 alusgeeli\u00e4 sek\u00e4 viimeistelyyn p\u00e4\u00e4llyslakkaa. Alhaisempi polymerointil\u00e4mp\u00f6tila minimoi lampussa tunnetun kuumotuksen, mik\u00e4 tekee siit\u00e4 entist\u00e4 miellytt\u00e4v\u00e4mm\u00e4n asiakkaillesi.<\/p>\n<p data-start=\"1426\" data-end=\"1530\"><strong data-start=\"1426\" data-end=\"1453\">Pro Control Builder Gel<\/strong> on saatavilla viidess\u00e4 neutraalissa s\u00e4vyss\u00e4, joiden peitt\u00e4vyys on 80\u201390 %:<\/p>\n<ul data-start=\"1531\" data-end=\"1869\">\n<li data-start=\"1531\" data-end=\"1586\"><strong data-start=\"1533\" data-end=\"1548\">MILKY WHITE<\/strong> \u2013 pehme\u00e4 maitomainen valkoinen s\u00e4vy<\/li>\n<li data-start=\"1587\" data-end=\"1659\"><strong data-start=\"1589\" data-end=\"1605\">NEUTRAL GLOW<\/strong> \u2013 neutraali beige-roosa s\u00e4vy hohtavilla hiukkasilla<\/li>\n<li data-start=\"1660\" data-end=\"1723\"><strong data-start=\"1662\" data-end=\"1679\">CLASSIC COVER<\/strong> \u2013 klassinen, suosituin peitt\u00e4v\u00e4 geelis\u00e4vy<\/li>\n<li data-start=\"1724\" data-end=\"1821\"><strong data-start=\"1726\" data-end=\"1740\">SHINY PINK<\/strong> \u2013 herkk\u00e4 vaaleanpunainen s\u00e4vy, jossa on hohtava pinkki-sininen efektipigmentti<\/li>\n<li data-start=\"1822\" data-end=\"1869\"><strong data-start=\"1824\" data-end=\"1833\">ROUGE<\/strong> \u2013 keskitumma vaaleanpunainen s\u00e4vy<\/li>\n<\/ul>\n<p data-start=\"1871\" data-end=\"2012\">T\u00e4m\u00e4 geeli toimii t\u00e4ydellisesti kaikkien <strong data-start=\"1912\" data-end=\"1920\">Palu<\/strong>-merkin geelien kanssa, joten voit yhdist\u00e4\u00e4 sit\u00e4 muihin saatavilla oleviin geelisarjoihin.<\/p>\n<h3 data-start=\"2202\" data-end=\"2236\"><strong data-start=\"2206\" data-end=\"2234\">T\u00e4rkeimm\u00e4t ominaisuudet:<\/strong><\/h3>\n<p data-start=\"2237\" data-end=\"2665\">\u2714 V\u00e4h\u00e4iset itsest\u00e4\u00e4n tasoittuvat ominaisuudet<br data-start=\"2282\" data-end=\"2285\" \/>\u2714 80\u201390 % peitt\u00e4vyys<br data-start=\"2305\" data-end=\"2308\" \/>\u2714 Paksu, &#8220;hyytel\u00f6m\u00e4inen&#8221; koostumus<br data-start=\"2342\" data-end=\"2345\" \/>\u2714 Kova polymeroinnin j\u00e4lkeen (4,5\/5)<br data-start=\"2381\" data-end=\"2384\" \/>\u2714 Tiksotrooppinen rakenne<br data-start=\"2409\" data-end=\"2412\" \/>\u2714 Kolmivaiheinen \u2013 vaatii alus- ja p\u00e4\u00e4llyslakan<br data-start=\"2459\" data-end=\"2462\" \/>\u2714 Hapoton<br data-start=\"2471\" data-end=\"2474\" \/>\u2714 Kaaren puristus 5\u20138 sekunnin kuluttua LED-UV-lampussa<br data-start=\"2529\" data-end=\"2532\" \/>\u2714 K\u00e4ytt\u00f6tarkoitus: kynsien pidennys muotilla ja dual formilla, kynsien t\u00e4ytt\u00f6 ja vahvistus<br data-start=\"2622\" data-end=\"2625\" \/>\u2714 Kovetus: 60 sekuntia LED-UV-lampussa<\/p>\n<h3 data-start=\"2667\" data-end=\"2690\"><strong data-start=\"2671\" data-end=\"2688\">K\u00e4ytt\u00f6ohjeet:<\/strong><\/h3>\n<p data-start=\"2691\" data-end=\"3028\">Valmistele kynsi levitt\u00e4m\u00e4ll\u00e4 ohut kerros alusgeeli\u00e4 ja kovettamalla se ohjeiden mukaisesti. Levit\u00e4 siveltimell\u00e4 geelikerros haluttuun pituuteen ja muotoon. Koveta LED-UV-lampussa v\u00e4hint\u00e4\u00e4n 60 sekuntia. Poista tahmea kerros puhdistusaineeseen kostutetulla vanulapulla. Viilaa ja puhdista kynsi. Levit\u00e4 p\u00e4\u00e4llyslakka ohjeiden mukaisesti.<\/p>\n<p><\/p>","protected":false},"excerpt":{"rendered":"<p>Pro Control Builder Gel on geeli, jonka avulla voit muotoilla t\u00e4ydelliset kynnet ilman huolta valumisesta kynsinauhoille! Se takaa maksimaalisen kest\u00e4vyyden<\/p>\n","protected":false},"featured_media":13279,"template":"","meta":[],"product_brand":[],"product_cat":[65,73],"product_tag":[],"class_list":{"0":"post-13273","1":"product","2":"type-product","3":"status-publish","4":"has-post-thumbnail","6":"product_cat-ehitusgeelid","7":"product_cat-palu-ehitusgeelid","9":"first","10":"instock","11":"taxable","12":"shipping-taxable","13":"purchasable","14":"product-type-simple"},"yoast_head":"<!-- This site is optimized with the Yoast SEO plugin v24.4 - https:\/\/yoast.com\/wordpress\/plugins\/seo\/ -->\n<title>CLASSIC COVER\/45g Pro Control Builder Gel Palu | Valika<\/title>\n<meta name=\"robots\" content=\"index, follow, max-snippet:-1, max-image-preview:large, max-video-preview:-1\" \/>\n<link rel=\"canonical\" href=\"https:\/\/valika.eu\/fi\/toode\/classic-cover-45g-pro-control-builder-gel-palu\/\" \/>\n<meta property=\"og:locale\" content=\"fi_FI\" \/>\n<meta property=\"og:type\" content=\"article\" \/>\n<meta property=\"og:title\" content=\"CLASSIC COVER\/45g Pro Control Builder Gel Palu | Valika\" \/>\n<meta property=\"og:description\" content=\"Pro Control Builder Gel on geeli, jonka avulla voit muotoilla t\u00e4ydelliset kynnet ilman huolta valumisesta kynsinauhoille! Se takaa maksimaalisen kest\u00e4vyyden\" \/>\n<meta property=\"og:url\" content=\"https:\/\/valika.eu\/fi\/toode\/classic-cover-45g-pro-control-builder-gel-palu\/\" \/>\n<meta property=\"og:site_name\" content=\"Valika\" \/>\n<meta property=\"article:publisher\" content=\"https:\/\/www.facebook.com\/tipsi.net\" \/>\n<meta property=\"article:modified_time\" content=\"2026-03-06T13:44:06+00:00\" \/>\n<meta property=\"og:image\" content=\"https:\/\/valika.eu\/wp-content\/uploads\/2025\/03\/PCB_CLASSIC-COVER_v2.jpg\" \/>\n\t<meta property=\"og:image:width\" content=\"1500\" \/>\n\t<meta property=\"og:image:height\" content=\"1500\" \/>\n\t<meta property=\"og:image:type\" content=\"image\/jpeg\" \/>\n<meta name=\"twitter:card\" content=\"summary_large_image\" \/>\n<script type=\"application\/ld+json\" class=\"yoast-schema-graph\">{\"@context\":\"https:\/\/schema.org\",\"@graph\":[{\"@type\":\"WebPage\",\"@id\":\"https:\/\/valika.eu\/fi\/toode\/classic-cover-45g-pro-control-builder-gel-palu\/\",\"url\":\"https:\/\/valika.eu\/fi\/toode\/classic-cover-45g-pro-control-builder-gel-palu\/\",\"name\":\"CLASSIC COVER\/45g Pro Control Builder Gel Palu | Valika\",\"isPartOf\":{\"@id\":\"https:\/\/valika.eu\/fi\/#website\"},\"primaryImageOfPage\":{\"@id\":\"https:\/\/valika.eu\/fi\/toode\/classic-cover-45g-pro-control-builder-gel-palu\/#primaryimage\"},\"image\":{\"@id\":\"https:\/\/valika.eu\/toode\/classic-cover-45g-pro-control-builder-gel-palu\/#primaryimage\"},\"thumbnailUrl\":\"https:\/\/valika.eu\/wp-content\/uploads\/2025\/03\/PCB_CLASSIC-COVER_v2.jpg\",\"datePublished\":\"2025-03-04T12:57:40+00:00\",\"dateModified\":\"2026-03-06T13:44:06+00:00\",\"breadcrumb\":{\"@id\":\"https:\/\/valika.eu\/fi\/toode\/classic-cover-45g-pro-control-builder-gel-palu\/#breadcrumb\"},\"inLanguage\":\"fi\",\"potentialAction\":[{\"@type\":\"ReadAction\",\"target\":[[\"https:\/\/valika.eu\/fi\/toode\/classic-cover-45g-pro-control-builder-gel-palu\/\"]]}]},{\"@type\":\"ImageObject\",\"inLanguage\":\"fi\",\"@id\":\"https:\/\/valika.eu\/fi\/toode\/classic-cover-45g-pro-control-builder-gel-palu\/#primaryimage\",\"url\":\"https:\/\/valika.eu\/wp-content\/uploads\/2025\/03\/PCB_CLASSIC-COVER_v2.jpg\",\"contentUrl\":\"https:\/\/valika.eu\/wp-content\/uploads\/2025\/03\/PCB_CLASSIC-COVER_v2.jpg\",\"width\":1500,\"height\":1500},{\"@type\":\"BreadcrumbList\",\"@id\":\"https:\/\/valika.eu\/fi\/toode\/classic-cover-45g-pro-control-builder-gel-palu\/#breadcrumb\",\"itemListElement\":[{\"@type\":\"ListItem\",\"position\":1,\"name\":\"Koti\",\"item\":\"https:\/\/valika.eu\/fi\/\"},{\"@type\":\"ListItem\",\"position\":2,\"name\":\"Shop\",\"item\":\"https:\/\/valika.eu\/fi\/\"},{\"@type\":\"ListItem\",\"position\":3,\"name\":\"CLASSIC COVER\/45g Pro Control Builder Gel Palu\"}]},{\"@type\":\"WebSite\",\"@id\":\"https:\/\/valika.eu\/fi\/#website\",\"url\":\"https:\/\/valika.eu\/fi\/\",\"name\":\"Valika.eu\",\"description\":\"Salonkituotteet ja kauneudenhoitotuotteet - Valika tarjoaa laajan valikoiman tuotteita ja tarvikkeita kynsiteknikoille, kauneushoitoloille, kampaamoille ja kampaamoille.\",\"publisher\":{\"@id\":\"https:\/\/valika.eu\/fi\/#organization\"},\"alternateName\":\"Valika\",\"potentialAction\":[{\"@type\":\"SearchAction\",\"target\":{\"@type\":\"EntryPoint\",\"urlTemplate\":\"https:\/\/valika.eu\/fi\/?s={search_term_string}\"},\"query-input\":{\"@type\":\"PropertyValueSpecification\",\"valueRequired\":true,\"valueName\":\"search_term_string\"}}],\"inLanguage\":\"fi\"},{\"@type\":\"Organization\",\"@id\":\"https:\/\/valika.eu\/fi\/#organization\",\"name\":\"Salongitoode O\u00dc\",\"alternateName\":\"Valika\",\"url\":\"https:\/\/valika.eu\/fi\/\",\"logo\":{\"@type\":\"ImageObject\",\"inLanguage\":\"fi\",\"@id\":\"https:\/\/valika.eu\/fi\/#\/schema\/logo\/image\/\",\"url\":\"https:\/\/valika.eu\/wp-content\/uploads\/2023\/11\/logo2-valika-footer.png\",\"contentUrl\":\"https:\/\/valika.eu\/wp-content\/uploads\/2023\/11\/logo2-valika-footer.png\",\"width\":200,\"height\":129,\"caption\":\"Salongitoode O\u00dc\"},\"image\":{\"@id\":\"https:\/\/valika.eu\/fi\/#\/schema\/logo\/image\/\"},\"sameAs\":[\"https:\/\/www.facebook.com\/tipsi.net\"]}]}<\/script>\n<!-- \/ Yoast SEO plugin. -->","yoast_head_json":{"title":"CLASSIC COVER\/45g Pro Control Builder Gel Palu | Valika","robots":{"index":"index","follow":"follow","max-snippet":"max-snippet:-1","max-image-preview":"max-image-preview:large","max-video-preview":"max-video-preview:-1"},"canonical":"https:\/\/valika.eu\/fi\/toode\/classic-cover-45g-pro-control-builder-gel-palu\/","og_locale":"fi_FI","og_type":"article","og_title":"CLASSIC COVER\/45g Pro Control Builder Gel Palu | Valika","og_description":"Pro Control Builder Gel on geeli, jonka avulla voit muotoilla t\u00e4ydelliset kynnet ilman huolta valumisesta kynsinauhoille! Se takaa maksimaalisen kest\u00e4vyyden","og_url":"https:\/\/valika.eu\/fi\/toode\/classic-cover-45g-pro-control-builder-gel-palu\/","og_site_name":"Valika","article_publisher":"https:\/\/www.facebook.com\/tipsi.net","article_modified_time":"2026-03-06T13:44:06+00:00","og_image":[{"width":1500,"height":1500,"url":"https:\/\/valika.eu\/wp-content\/uploads\/2025\/03\/PCB_CLASSIC-COVER_v2.jpg","type":"image\/jpeg"}],"twitter_card":"summary_large_image","schema":{"@context":"https:\/\/schema.org","@graph":[{"@type":"WebPage","@id":"https:\/\/valika.eu\/fi\/toode\/classic-cover-45g-pro-control-builder-gel-palu\/","url":"https:\/\/valika.eu\/fi\/toode\/classic-cover-45g-pro-control-builder-gel-palu\/","name":"CLASSIC COVER\/45g Pro Control Builder Gel Palu | Valika","isPartOf":{"@id":"https:\/\/valika.eu\/fi\/#website"},"primaryImageOfPage":{"@id":"https:\/\/valika.eu\/fi\/toode\/classic-cover-45g-pro-control-builder-gel-palu\/#primaryimage"},"image":{"@id":"https:\/\/valika.eu\/toode\/classic-cover-45g-pro-control-builder-gel-palu\/#primaryimage"},"thumbnailUrl":"https:\/\/valika.eu\/wp-content\/uploads\/2025\/03\/PCB_CLASSIC-COVER_v2.jpg","datePublished":"2025-03-04T12:57:40+00:00","dateModified":"2026-03-06T13:44:06+00:00","breadcrumb":{"@id":"https:\/\/valika.eu\/fi\/toode\/classic-cover-45g-pro-control-builder-gel-palu\/#breadcrumb"},"inLanguage":"fi","potentialAction":[{"@type":"ReadAction","target":[["https:\/\/valika.eu\/fi\/toode\/classic-cover-45g-pro-control-builder-gel-palu\/"]]}]},{"@type":"ImageObject","inLanguage":"fi","@id":"https:\/\/valika.eu\/fi\/toode\/classic-cover-45g-pro-control-builder-gel-palu\/#primaryimage","url":"https:\/\/valika.eu\/wp-content\/uploads\/2025\/03\/PCB_CLASSIC-COVER_v2.jpg","contentUrl":"https:\/\/valika.eu\/wp-content\/uploads\/2025\/03\/PCB_CLASSIC-COVER_v2.jpg","width":1500,"height":1500},{"@type":"BreadcrumbList","@id":"https:\/\/valika.eu\/fi\/toode\/classic-cover-45g-pro-control-builder-gel-palu\/#breadcrumb","itemListElement":[{"@type":"ListItem","position":1,"name":"Koti","item":"https:\/\/valika.eu\/fi\/"},{"@type":"ListItem","position":2,"name":"Shop","item":"https:\/\/valika.eu\/fi\/"},{"@type":"ListItem","position":3,"name":"CLASSIC COVER\/45g Pro Control Builder Gel Palu"}]},{"@type":"WebSite","@id":"https:\/\/valika.eu\/fi\/#website","url":"https:\/\/valika.eu\/fi\/","name":"Valika.eu","description":"Salonkituotteet ja kauneudenhoitotuotteet - Valika tarjoaa laajan valikoiman tuotteita ja tarvikkeita kynsiteknikoille, kauneushoitoloille, kampaamoille ja kampaamoille.","publisher":{"@id":"https:\/\/valika.eu\/fi\/#organization"},"alternateName":"Valika","potentialAction":[{"@type":"SearchAction","target":{"@type":"EntryPoint","urlTemplate":"https:\/\/valika.eu\/fi\/?s={search_term_string}"},"query-input":{"@type":"PropertyValueSpecification","valueRequired":true,"valueName":"search_term_string"}}],"inLanguage":"fi"},{"@type":"Organization","@id":"https:\/\/valika.eu\/fi\/#organization","name":"Salongitoode O\u00dc","alternateName":"Valika","url":"https:\/\/valika.eu\/fi\/","logo":{"@type":"ImageObject","inLanguage":"fi","@id":"https:\/\/valika.eu\/fi\/#\/schema\/logo\/image\/","url":"https:\/\/valika.eu\/wp-content\/uploads\/2023\/11\/logo2-valika-footer.png","contentUrl":"https:\/\/valika.eu\/wp-content\/uploads\/2023\/11\/logo2-valika-footer.png","width":200,"height":129,"caption":"Salongitoode O\u00dc"},"image":{"@id":"https:\/\/valika.eu\/fi\/#\/schema\/logo\/image\/"},"sameAs":["https:\/\/www.facebook.com\/tipsi.net"]}]}},"jetpack_sharing_enabled":true,"_links":{"self":[{"href":"https:\/\/valika.eu\/fi\/wp-json\/wp\/v2\/product\/13273","targetHints":{"allow":["GET"]}}],"collection":[{"href":"https:\/\/valika.eu\/fi\/wp-json\/wp\/v2\/product"}],"about":[{"href":"https:\/\/valika.eu\/fi\/wp-json\/wp\/v2\/types\/product"}],"wp:featuredmedia":[{"embeddable":true,"href":"https:\/\/valika.eu\/fi\/wp-json\/wp\/v2\/media\/13279"}],"wp:attachment":[{"href":"https:\/\/valika.eu\/fi\/wp-json\/wp\/v2\/media?parent=13273"}],"wp:term":[{"taxonomy":"product_brand","embeddable":true,"href":"https:\/\/valika.eu\/fi\/wp-json\/wp\/v2\/product_brand?post=13273"},{"taxonomy":"product_cat","embeddable":true,"href":"https:\/\/valika.eu\/fi\/wp-json\/wp\/v2\/product_cat?post=13273"},{"taxonomy":"product_tag","embeddable":true,"href":"https:\/\/valika.eu\/fi\/wp-json\/wp\/v2\/product_tag?post=13273"}],"curies":[{"name":"wp","href":"https:\/\/api.w.org\/{rel}","templated":true}]}}