{"id":13285,"date":"2025-03-04T15:23:42","date_gmt":"2025-03-04T13:23:42","guid":{"rendered":"https:\/\/valika.eu\/?post_type=product&#038;p=13285"},"modified":"2026-03-13T12:41:17","modified_gmt":"2026-03-13T10:41:17","slug":"clear-brushup-rubber-base-must-be-uv-led-alusgeel-all-clear-5-g","status":"publish","type":"product","link":"https:\/\/valika.eu\/fi\/toode\/clear-brushup-rubber-base-must-be-uv-led-alusgeel-all-clear-5-g\/","title":{"rendered":"L\u00e4pin\u00e4kyv\u00e4 BrushUp! Rubber Base Must Be UV\/LED  kumipohjageeli Clear 5 g"},"content":{"rendered":"<p>Claresa Rubber Base on kumipohjageeli, joka sopii erinomaisesti jopa ohuille, kosteille ja haastaville kynsille. Sen koostumus on eritt\u00e4in joustava ja omaa korkean tarttuvuuden, joten se sopii hyvin yhteen geelien ja Poly Gelin kanssa. Pohja tasoittaa ja vahvistaa kynsilevy\u00e4 ilman lis\u00e4primerin k\u00e4ytt\u00f6\u00e4.<\/p>\n<p>TUOTE SAATAVILLA MONISSA V\u00c4REISS\u00c4:<\/p>\n<p>1-10 \u2012 nude-s\u00e4vyt, jotka sopivat t\u00e4ydellisesti ranskalaiseen manikyyriin<br \/>\n12-21 \u2012 nude-s\u00e4vyt (maitomaisesta, persikkaiseen, vaaleanpunaiseen) kevyell\u00e4 hohteella<\/p>\n<p>OMINAISUUDET:<\/p>\n<p>keskipaksu koostumus<br \/>\nkorkea tarttuvuus ja joustavuus<br \/>\nv\u00e4rit: valkoinen, vaaleanpunainen ja erilaiset nude-s\u00e4vyt<br \/>\nhapan<br \/>\nmahdollistaa kynsilevyn tasoittamisen ja vahvistamisen<br \/>\ntilavuus: 5 g<br \/>\nK\u00c4YTT\u00d6:<br \/>\nLevit\u00e4 Power base -kerros valmistellulle kynsilevylle ja koveta lampun alla.<\/p>\n<p>KOVETUSAIKA \u2013 v\u00e4hint\u00e4\u00e4n 60 sekuntia<\/p>","protected":false},"excerpt":{"rendered":"<p>Claresa Rubber Base on kumipohjageeli, joka sopii erinomaisesti jopa ohuille, kosteille ja haastaville kynsille. Sen koostumus on eritt\u00e4in joustava ja<\/p>\n","protected":false},"featured_media":13286,"template":"","meta":[],"product_brand":[],"product_cat":[567,362,37],"product_tag":[],"class_list":{"0":"post-13285","1":"product","2":"type-product","3":"status-publish","4":"has-post-thumbnail","6":"product_cat-palutopbase","7":"product_cat-claresabasegel","8":"product_cat-alusgeelid","10":"first","11":"instock","12":"taxable","13":"shipping-taxable","14":"purchasable","15":"product-type-simple"},"yoast_head":"<!-- This site is optimized with the Yoast SEO plugin v24.4 - https:\/\/yoast.com\/wordpress\/plugins\/seo\/ -->\n<title>L\u00e4pin\u00e4kyv\u00e4 BrushUp! Rubber Base Must Be UV\/LED kumipohjageeli Clear 5 g | Valika<\/title>\n<meta name=\"robots\" content=\"index, follow, max-snippet:-1, max-image-preview:large, max-video-preview:-1\" \/>\n<link rel=\"canonical\" href=\"https:\/\/valika.eu\/fi\/toode\/clear-brushup-rubber-base-must-be-uv-led-alusgeel-all-clear-5-g\/\" \/>\n<meta property=\"og:locale\" content=\"fi_FI\" \/>\n<meta property=\"og:type\" content=\"article\" \/>\n<meta property=\"og:title\" content=\"L\u00e4pin\u00e4kyv\u00e4 BrushUp! Rubber Base Must Be UV\/LED kumipohjageeli Clear 5 g | Valika\" \/>\n<meta property=\"og:description\" content=\"Claresa Rubber Base on kumipohjageeli, joka sopii erinomaisesti jopa ohuille, kosteille ja haastaville kynsille. Sen koostumus on eritt\u00e4in joustava ja\" \/>\n<meta property=\"og:url\" content=\"https:\/\/valika.eu\/fi\/toode\/clear-brushup-rubber-base-must-be-uv-led-alusgeel-all-clear-5-g\/\" \/>\n<meta property=\"og:site_name\" content=\"Valika\" \/>\n<meta property=\"article:publisher\" content=\"https:\/\/www.facebook.com\/tipsi.net\" \/>\n<meta property=\"article:modified_time\" content=\"2026-03-13T10:41:17+00:00\" \/>\n<meta property=\"og:image\" content=\"https:\/\/valika.eu\/wp-content\/uploads\/2025\/03\/27899_just-base-all-clear-brush-up-basic-base-must-be-5g.webp\" \/>\n\t<meta property=\"og:image:width\" content=\"1024\" \/>\n\t<meta property=\"og:image:height\" content=\"1024\" \/>\n\t<meta property=\"og:image:type\" content=\"image\/webp\" \/>\n<meta name=\"twitter:card\" content=\"summary_large_image\" \/>\n<script type=\"application\/ld+json\" class=\"yoast-schema-graph\">{\"@context\":\"https:\/\/schema.org\",\"@graph\":[{\"@type\":\"WebPage\",\"@id\":\"https:\/\/valika.eu\/fi\/toode\/clear-brushup-rubber-base-must-be-uv-led-alusgeel-all-clear-5-g\/\",\"url\":\"https:\/\/valika.eu\/fi\/toode\/clear-brushup-rubber-base-must-be-uv-led-alusgeel-all-clear-5-g\/\",\"name\":\"L\u00e4pin\u00e4kyv\u00e4 BrushUp! Rubber Base Must Be UV\/LED kumipohjageeli Clear 5 g | Valika\",\"isPartOf\":{\"@id\":\"https:\/\/valika.eu\/fi\/#website\"},\"primaryImageOfPage\":{\"@id\":\"https:\/\/valika.eu\/fi\/toode\/clear-brushup-rubber-base-must-be-uv-led-alusgeel-all-clear-5-g\/#primaryimage\"},\"image\":{\"@id\":\"https:\/\/valika.eu\/toode\/clear-brushup-rubber-base-must-be-uv-led-alusgeel-all-clear-5-g\/#primaryimage\"},\"thumbnailUrl\":\"https:\/\/valika.eu\/wp-content\/uploads\/2025\/03\/27899_just-base-all-clear-brush-up-basic-base-must-be-5g.webp\",\"datePublished\":\"2025-03-04T13:23:42+00:00\",\"dateModified\":\"2026-03-13T10:41:17+00:00\",\"breadcrumb\":{\"@id\":\"https:\/\/valika.eu\/fi\/toode\/clear-brushup-rubber-base-must-be-uv-led-alusgeel-all-clear-5-g\/#breadcrumb\"},\"inLanguage\":\"fi\",\"potentialAction\":[{\"@type\":\"ReadAction\",\"target\":[[\"https:\/\/valika.eu\/fi\/toode\/clear-brushup-rubber-base-must-be-uv-led-alusgeel-all-clear-5-g\/\"]]}]},{\"@type\":\"ImageObject\",\"inLanguage\":\"fi\",\"@id\":\"https:\/\/valika.eu\/fi\/toode\/clear-brushup-rubber-base-must-be-uv-led-alusgeel-all-clear-5-g\/#primaryimage\",\"url\":\"https:\/\/valika.eu\/wp-content\/uploads\/2025\/03\/27899_just-base-all-clear-brush-up-basic-base-must-be-5g.webp\",\"contentUrl\":\"https:\/\/valika.eu\/wp-content\/uploads\/2025\/03\/27899_just-base-all-clear-brush-up-basic-base-must-be-5g.webp\",\"width\":1024,\"height\":1024},{\"@type\":\"BreadcrumbList\",\"@id\":\"https:\/\/valika.eu\/fi\/toode\/clear-brushup-rubber-base-must-be-uv-led-alusgeel-all-clear-5-g\/#breadcrumb\",\"itemListElement\":[{\"@type\":\"ListItem\",\"position\":1,\"name\":\"Koti\",\"item\":\"https:\/\/valika.eu\/fi\/\"},{\"@type\":\"ListItem\",\"position\":2,\"name\":\"Shop\",\"item\":\"https:\/\/valika.eu\/fi\/\"},{\"@type\":\"ListItem\",\"position\":3,\"name\":\"\u041f\u0440\u043e\u0437\u0440\u0430\u0447\u043d\u0430\u044f Clear BrushUp! Rubber Base Must Be UV\/LED \u043a\u0430\u0443\u0447\u0443\u043a\u043e\u0432\u0430\u044f \u0431\u0430\u0437\u0430 All Clear 5 g\"}]},{\"@type\":\"WebSite\",\"@id\":\"https:\/\/valika.eu\/fi\/#website\",\"url\":\"https:\/\/valika.eu\/fi\/\",\"name\":\"Valika.eu\",\"description\":\"Salonkituotteet ja kauneudenhoitotuotteet - Valika tarjoaa laajan valikoiman tuotteita ja tarvikkeita kynsiteknikoille, kauneushoitoloille, kampaamoille ja kampaamoille.\",\"publisher\":{\"@id\":\"https:\/\/valika.eu\/fi\/#organization\"},\"alternateName\":\"Valika\",\"potentialAction\":[{\"@type\":\"SearchAction\",\"target\":{\"@type\":\"EntryPoint\",\"urlTemplate\":\"https:\/\/valika.eu\/fi\/?s={search_term_string}\"},\"query-input\":{\"@type\":\"PropertyValueSpecification\",\"valueRequired\":true,\"valueName\":\"search_term_string\"}}],\"inLanguage\":\"fi\"},{\"@type\":\"Organization\",\"@id\":\"https:\/\/valika.eu\/fi\/#organization\",\"name\":\"Salongitoode O\u00dc\",\"alternateName\":\"Valika\",\"url\":\"https:\/\/valika.eu\/fi\/\",\"logo\":{\"@type\":\"ImageObject\",\"inLanguage\":\"fi\",\"@id\":\"https:\/\/valika.eu\/fi\/#\/schema\/logo\/image\/\",\"url\":\"https:\/\/valika.eu\/wp-content\/uploads\/2023\/11\/logo2-valika-footer.png\",\"contentUrl\":\"https:\/\/valika.eu\/wp-content\/uploads\/2023\/11\/logo2-valika-footer.png\",\"width\":200,\"height\":129,\"caption\":\"Salongitoode O\u00dc\"},\"image\":{\"@id\":\"https:\/\/valika.eu\/fi\/#\/schema\/logo\/image\/\"},\"sameAs\":[\"https:\/\/www.facebook.com\/tipsi.net\"]}]}<\/script>\n<!-- \/ Yoast SEO plugin. -->","yoast_head_json":{"title":"L\u00e4pin\u00e4kyv\u00e4 BrushUp! Rubber Base Must Be UV\/LED kumipohjageeli Clear 5 g | Valika","robots":{"index":"index","follow":"follow","max-snippet":"max-snippet:-1","max-image-preview":"max-image-preview:large","max-video-preview":"max-video-preview:-1"},"canonical":"https:\/\/valika.eu\/fi\/toode\/clear-brushup-rubber-base-must-be-uv-led-alusgeel-all-clear-5-g\/","og_locale":"fi_FI","og_type":"article","og_title":"L\u00e4pin\u00e4kyv\u00e4 BrushUp! Rubber Base Must Be UV\/LED kumipohjageeli Clear 5 g | Valika","og_description":"Claresa Rubber Base on kumipohjageeli, joka sopii erinomaisesti jopa ohuille, kosteille ja haastaville kynsille. Sen koostumus on eritt\u00e4in joustava ja","og_url":"https:\/\/valika.eu\/fi\/toode\/clear-brushup-rubber-base-must-be-uv-led-alusgeel-all-clear-5-g\/","og_site_name":"Valika","article_publisher":"https:\/\/www.facebook.com\/tipsi.net","article_modified_time":"2026-03-13T10:41:17+00:00","og_image":[{"width":1024,"height":1024,"url":"https:\/\/valika.eu\/wp-content\/uploads\/2025\/03\/27899_just-base-all-clear-brush-up-basic-base-must-be-5g.webp","type":"image\/webp"}],"twitter_card":"summary_large_image","schema":{"@context":"https:\/\/schema.org","@graph":[{"@type":"WebPage","@id":"https:\/\/valika.eu\/fi\/toode\/clear-brushup-rubber-base-must-be-uv-led-alusgeel-all-clear-5-g\/","url":"https:\/\/valika.eu\/fi\/toode\/clear-brushup-rubber-base-must-be-uv-led-alusgeel-all-clear-5-g\/","name":"L\u00e4pin\u00e4kyv\u00e4 BrushUp! Rubber Base Must Be UV\/LED kumipohjageeli Clear 5 g | Valika","isPartOf":{"@id":"https:\/\/valika.eu\/fi\/#website"},"primaryImageOfPage":{"@id":"https:\/\/valika.eu\/fi\/toode\/clear-brushup-rubber-base-must-be-uv-led-alusgeel-all-clear-5-g\/#primaryimage"},"image":{"@id":"https:\/\/valika.eu\/toode\/clear-brushup-rubber-base-must-be-uv-led-alusgeel-all-clear-5-g\/#primaryimage"},"thumbnailUrl":"https:\/\/valika.eu\/wp-content\/uploads\/2025\/03\/27899_just-base-all-clear-brush-up-basic-base-must-be-5g.webp","datePublished":"2025-03-04T13:23:42+00:00","dateModified":"2026-03-13T10:41:17+00:00","breadcrumb":{"@id":"https:\/\/valika.eu\/fi\/toode\/clear-brushup-rubber-base-must-be-uv-led-alusgeel-all-clear-5-g\/#breadcrumb"},"inLanguage":"fi","potentialAction":[{"@type":"ReadAction","target":[["https:\/\/valika.eu\/fi\/toode\/clear-brushup-rubber-base-must-be-uv-led-alusgeel-all-clear-5-g\/"]]}]},{"@type":"ImageObject","inLanguage":"fi","@id":"https:\/\/valika.eu\/fi\/toode\/clear-brushup-rubber-base-must-be-uv-led-alusgeel-all-clear-5-g\/#primaryimage","url":"https:\/\/valika.eu\/wp-content\/uploads\/2025\/03\/27899_just-base-all-clear-brush-up-basic-base-must-be-5g.webp","contentUrl":"https:\/\/valika.eu\/wp-content\/uploads\/2025\/03\/27899_just-base-all-clear-brush-up-basic-base-must-be-5g.webp","width":1024,"height":1024},{"@type":"BreadcrumbList","@id":"https:\/\/valika.eu\/fi\/toode\/clear-brushup-rubber-base-must-be-uv-led-alusgeel-all-clear-5-g\/#breadcrumb","itemListElement":[{"@type":"ListItem","position":1,"name":"Koti","item":"https:\/\/valika.eu\/fi\/"},{"@type":"ListItem","position":2,"name":"Shop","item":"https:\/\/valika.eu\/fi\/"},{"@type":"ListItem","position":3,"name":"\u041f\u0440\u043e\u0437\u0440\u0430\u0447\u043d\u0430\u044f Clear BrushUp! Rubber Base Must Be UV\/LED \u043a\u0430\u0443\u0447\u0443\u043a\u043e\u0432\u0430\u044f \u0431\u0430\u0437\u0430 All Clear 5 g"}]},{"@type":"WebSite","@id":"https:\/\/valika.eu\/fi\/#website","url":"https:\/\/valika.eu\/fi\/","name":"Valika.eu","description":"Salonkituotteet ja kauneudenhoitotuotteet - Valika tarjoaa laajan valikoiman tuotteita ja tarvikkeita kynsiteknikoille, kauneushoitoloille, kampaamoille ja kampaamoille.","publisher":{"@id":"https:\/\/valika.eu\/fi\/#organization"},"alternateName":"Valika","potentialAction":[{"@type":"SearchAction","target":{"@type":"EntryPoint","urlTemplate":"https:\/\/valika.eu\/fi\/?s={search_term_string}"},"query-input":{"@type":"PropertyValueSpecification","valueRequired":true,"valueName":"search_term_string"}}],"inLanguage":"fi"},{"@type":"Organization","@id":"https:\/\/valika.eu\/fi\/#organization","name":"Salongitoode O\u00dc","alternateName":"Valika","url":"https:\/\/valika.eu\/fi\/","logo":{"@type":"ImageObject","inLanguage":"fi","@id":"https:\/\/valika.eu\/fi\/#\/schema\/logo\/image\/","url":"https:\/\/valika.eu\/wp-content\/uploads\/2023\/11\/logo2-valika-footer.png","contentUrl":"https:\/\/valika.eu\/wp-content\/uploads\/2023\/11\/logo2-valika-footer.png","width":200,"height":129,"caption":"Salongitoode O\u00dc"},"image":{"@id":"https:\/\/valika.eu\/fi\/#\/schema\/logo\/image\/"},"sameAs":["https:\/\/www.facebook.com\/tipsi.net"]}]}},"jetpack_sharing_enabled":true,"_links":{"self":[{"href":"https:\/\/valika.eu\/fi\/wp-json\/wp\/v2\/product\/13285","targetHints":{"allow":["GET"]}}],"collection":[{"href":"https:\/\/valika.eu\/fi\/wp-json\/wp\/v2\/product"}],"about":[{"href":"https:\/\/valika.eu\/fi\/wp-json\/wp\/v2\/types\/product"}],"wp:featuredmedia":[{"embeddable":true,"href":"https:\/\/valika.eu\/fi\/wp-json\/wp\/v2\/media\/13286"}],"wp:attachment":[{"href":"https:\/\/valika.eu\/fi\/wp-json\/wp\/v2\/media?parent=13285"}],"wp:term":[{"taxonomy":"product_brand","embeddable":true,"href":"https:\/\/valika.eu\/fi\/wp-json\/wp\/v2\/product_brand?post=13285"},{"taxonomy":"product_cat","embeddable":true,"href":"https:\/\/valika.eu\/fi\/wp-json\/wp\/v2\/product_cat?post=13285"},{"taxonomy":"product_tag","embeddable":true,"href":"https:\/\/valika.eu\/fi\/wp-json\/wp\/v2\/product_tag?post=13285"}],"curies":[{"name":"wp","href":"https:\/\/api.w.org\/{rel}","templated":true}]}}