{"id":1332,"date":"2024-10-02T12:43:20","date_gmt":"2024-10-02T09:43:20","guid":{"rendered":"https:\/\/valika.eu\/?post_type=product&#038;p=1332"},"modified":"2025-10-14T11:31:05","modified_gmt":"2025-10-14T08:31:05","slug":"claresa-top-no-wipe-5g-glitter-silver","status":"publish","type":"product","link":"https:\/\/valika.eu\/fi\/toode\/claresa-top-no-wipe-5g-glitter-silver\/","title":{"rendered":"CLARESA Top No Wipe 5g Glitter Silver"},"content":{"rendered":"<p>CLARESA TOP NO WIPE 5G GLITTER SILVER UV\/LED, HYBRIDITOPPI<\/p>\n<p>TIHEYS: keskipaksu, helppok\u00e4ytt\u00f6inen<\/p>\n<p>V\u00c4RI: l\u00e4pin\u00e4kyv\u00e4, hopeisella glitter-p\u00f6lyll\u00e4<\/p>\n<p>K\u00c4YTT\u00d6TARKOITUS:<\/p>\n<p>manikyyrin viimeistelyyn<br \/>\np\u00e4\u00e4llyslakka<br \/>\nEDUT:<\/p>\n<p>kimaltelee hopeisena<br \/>\nkest\u00e4v\u00e4 eik\u00e4 kellastu<br \/>\nKOVETUS: standardi UV\/LED<\/p>\n<p>Hybriditoppi on mink\u00e4 tahansa kynsityylin viimeinen vaihe. T\u00e4m\u00e4n topin avulla voit nauttia manikyyrist\u00e4si jopa 3 viikkoa. Toppi sopii erinomaisesti sek\u00e4 v\u00e4rillisille hybridilakoille ett\u00e4 ranskalaistyylisille kynsille.<\/p>\n<p>Millaista efekti\u00e4 haluat \u2013 mink\u00e4 hybriditopin valitset?<br \/>\nRiippuen siit\u00e4, millaisen vaikutelman haluat saavuttaa, on saatavilla useita erilaisia toppeja. Jos haluat manikyyrisi loistavan kauniisti, valitse toppi, joka antaa kynsillesi t\u00e4ydellisen kiillon. Jos haluat mattapinnan, siihenkin l\u00f6ytyy vaihtoehto Claresan kaupasta. Saatavilla on my\u00f6s glittertoppeja, ja juuri t\u00e4st\u00e4 on kyse. Claresa Glitter Silver no wipe -toppi yhdist\u00e4\u00e4 kiillon ja hopeiset hiukkaset. T\u00e4m\u00e4 l\u00e4pin\u00e4kyv\u00e4 glitterhybriditoppi ei sis\u00e4ll\u00e4 dispersio-kerrosta, mik\u00e4 tarkoittaa, ett\u00e4 sit\u00e4 ei tarvitse puhdistaa kovettamisen j\u00e4lkeen.<\/p>\n<p>Syntynyt s\u00e4teilem\u00e4\u00e4n.<br \/>\nNauti kynsiesi upeasta loistosta Claresan glittertopilla. T\u00e4ll\u00e4 topilla viimeistelty tyyli sopii moniin tilaisuuksiin. Miljoonat hiukkaset kimaltelevat kauniisti mill\u00e4 tahansa valitsemallasi hybridilakan v\u00e4rill\u00e4, vaaleista ja l\u00e4pin\u00e4kyvist\u00e4 s\u00e4vyist\u00e4 tummanpunaiseen ja violettiin.<\/p>\n<p>Kest\u00e4v\u00e4mpi lopputulos.<br \/>\nTop coat no wipe levitet\u00e4\u00e4n viimeisen hybridilakkakerroksen p\u00e4\u00e4lle ja kovetetaan UV\/LED-lampussa. Sen tarkoituksena on pident\u00e4\u00e4 manikyyrin kest\u00e4vyy<\/p>","protected":false},"excerpt":{"rendered":"<p>Ei vaadi tahmean kerroksen poistamista. Syntynyt loistamaan. Nauti kyntesi lumoavasta kiillosta Claresa glitter-p\u00e4\u00e4llyslakalla. T\u00e4m\u00e4n topin viimeistelty tyyli sopii moneen eri tilanteeseen.<\/p>\n","protected":false},"featured_media":1337,"template":"","meta":[],"product_brand":[],"product_cat":[360,361,651],"product_tag":[],"class_list":{"0":"post-1332","1":"product","2":"type-product","3":"status-publish","4":"has-post-thumbnail","6":"product_cat-pealisalusgeel","7":"product_cat-claresa-top","8":"product_cat-pealisgeelid","10":"first","11":"outofstock","12":"taxable","13":"shipping-taxable","14":"purchasable","15":"product-type-simple"},"yoast_head":"<!-- This site is optimized with the Yoast SEO plugin v24.4 - https:\/\/yoast.com\/wordpress\/plugins\/seo\/ -->\n<title>CLARESA Top No Wipe 5g Glitter Silver | Valika<\/title>\n<meta name=\"description\" content=\"Top no wipe \u2013 ei vaja Cleaneriga puhastamist. S\u00fcndinud s\u00e4rama. Naudi lummavat k\u00fc\u00fcnte s\u00e4ra Claresa s\u00e4deleva topiga. Sellise topiga viimistletud stiil sobib paljudeks erinevateks s\u00fcndmusteks.\" \/>\n<meta name=\"robots\" content=\"index, follow, max-snippet:-1, max-image-preview:large, max-video-preview:-1\" \/>\n<link rel=\"canonical\" href=\"https:\/\/valika.eu\/fi\/toode\/claresa-top-no-wipe-5g-glitter-silver\/\" \/>\n<meta property=\"og:locale\" content=\"fi_FI\" \/>\n<meta property=\"og:type\" content=\"article\" \/>\n<meta property=\"og:title\" content=\"CLARESA Top No Wipe 5g Glitter Silver | Valika\" \/>\n<meta property=\"og:description\" content=\"Top no wipe \u2013 ei vaja Cleaneriga puhastamist. S\u00fcndinud s\u00e4rama. Naudi lummavat k\u00fc\u00fcnte s\u00e4ra Claresa s\u00e4deleva topiga. Sellise topiga viimistletud stiil sobib paljudeks erinevateks s\u00fcndmusteks.\" \/>\n<meta property=\"og:url\" content=\"https:\/\/valika.eu\/fi\/toode\/claresa-top-no-wipe-5g-glitter-silver\/\" \/>\n<meta property=\"og:site_name\" content=\"Valika\" \/>\n<meta property=\"article:publisher\" content=\"https:\/\/www.facebook.com\/tipsi.net\" \/>\n<meta property=\"article:modified_time\" content=\"2025-10-14T08:31:05+00:00\" \/>\n<meta property=\"og:image\" content=\"https:\/\/valika.eu\/wp-content\/uploads\/2024\/10\/claresa-top-no-wipe-glitter-silver.jpg\" \/>\n\t<meta property=\"og:image:width\" content=\"1500\" \/>\n\t<meta property=\"og:image:height\" content=\"1500\" \/>\n\t<meta property=\"og:image:type\" content=\"image\/jpeg\" \/>\n<meta name=\"twitter:card\" content=\"summary_large_image\" \/>\n<script type=\"application\/ld+json\" class=\"yoast-schema-graph\">{\"@context\":\"https:\/\/schema.org\",\"@graph\":[{\"@type\":\"WebPage\",\"@id\":\"https:\/\/valika.eu\/fi\/toode\/claresa-top-no-wipe-5g-glitter-silver\/\",\"url\":\"https:\/\/valika.eu\/fi\/toode\/claresa-top-no-wipe-5g-glitter-silver\/\",\"name\":\"CLARESA Top No Wipe 5g Glitter Silver | Valika\",\"isPartOf\":{\"@id\":\"https:\/\/valika.eu\/fi\/#website\"},\"primaryImageOfPage\":{\"@id\":\"https:\/\/valika.eu\/fi\/toode\/claresa-top-no-wipe-5g-glitter-silver\/#primaryimage\"},\"image\":{\"@id\":\"https:\/\/valika.eu\/toode\/claresa-top-no-wipe-5g-glitter-silver\/#primaryimage\"},\"thumbnailUrl\":\"https:\/\/valika.eu\/wp-content\/uploads\/2024\/10\/claresa-top-no-wipe-glitter-silver.jpg\",\"datePublished\":\"2024-10-02T09:43:20+00:00\",\"dateModified\":\"2025-10-14T08:31:05+00:00\",\"description\":\"Top no wipe \u2013 ei vaja Cleaneriga puhastamist. S\u00fcndinud s\u00e4rama. Naudi lummavat k\u00fc\u00fcnte s\u00e4ra Claresa s\u00e4deleva topiga. Sellise topiga viimistletud stiil sobib paljudeks erinevateks s\u00fcndmusteks.\",\"breadcrumb\":{\"@id\":\"https:\/\/valika.eu\/fi\/toode\/claresa-top-no-wipe-5g-glitter-silver\/#breadcrumb\"},\"inLanguage\":\"fi\",\"potentialAction\":[{\"@type\":\"ReadAction\",\"target\":[[\"https:\/\/valika.eu\/fi\/toode\/claresa-top-no-wipe-5g-glitter-silver\/\"]]}]},{\"@type\":\"ImageObject\",\"inLanguage\":\"fi\",\"@id\":\"https:\/\/valika.eu\/fi\/toode\/claresa-top-no-wipe-5g-glitter-silver\/#primaryimage\",\"url\":\"https:\/\/valika.eu\/wp-content\/uploads\/2024\/10\/claresa-top-no-wipe-glitter-silver.jpg\",\"contentUrl\":\"https:\/\/valika.eu\/wp-content\/uploads\/2024\/10\/claresa-top-no-wipe-glitter-silver.jpg\",\"width\":1500,\"height\":1500},{\"@type\":\"BreadcrumbList\",\"@id\":\"https:\/\/valika.eu\/fi\/toode\/claresa-top-no-wipe-5g-glitter-silver\/#breadcrumb\",\"itemListElement\":[{\"@type\":\"ListItem\",\"position\":1,\"name\":\"Koti\",\"item\":\"https:\/\/valika.eu\/fi\/\"},{\"@type\":\"ListItem\",\"position\":2,\"name\":\"Shop\",\"item\":\"https:\/\/valika.eu\/fi\/\"},{\"@type\":\"ListItem\",\"position\":3,\"name\":\"CLARESA Top No Wipe 5g Glitter Silver\"}]},{\"@type\":\"WebSite\",\"@id\":\"https:\/\/valika.eu\/fi\/#website\",\"url\":\"https:\/\/valika.eu\/fi\/\",\"name\":\"Valika.eu\",\"description\":\"Salonkituotteet ja kauneudenhoitotuotteet - Valika tarjoaa laajan valikoiman tuotteita ja tarvikkeita kynsiteknikoille, kauneushoitoloille, kampaamoille ja kampaamoille.\",\"publisher\":{\"@id\":\"https:\/\/valika.eu\/fi\/#organization\"},\"alternateName\":\"Valika\",\"potentialAction\":[{\"@type\":\"SearchAction\",\"target\":{\"@type\":\"EntryPoint\",\"urlTemplate\":\"https:\/\/valika.eu\/fi\/?s={search_term_string}\"},\"query-input\":{\"@type\":\"PropertyValueSpecification\",\"valueRequired\":true,\"valueName\":\"search_term_string\"}}],\"inLanguage\":\"fi\"},{\"@type\":\"Organization\",\"@id\":\"https:\/\/valika.eu\/fi\/#organization\",\"name\":\"Salongitoode O\u00dc\",\"alternateName\":\"Valika\",\"url\":\"https:\/\/valika.eu\/fi\/\",\"logo\":{\"@type\":\"ImageObject\",\"inLanguage\":\"fi\",\"@id\":\"https:\/\/valika.eu\/fi\/#\/schema\/logo\/image\/\",\"url\":\"https:\/\/valika.eu\/wp-content\/uploads\/2023\/11\/logo2-valika-footer.png\",\"contentUrl\":\"https:\/\/valika.eu\/wp-content\/uploads\/2023\/11\/logo2-valika-footer.png\",\"width\":200,\"height\":129,\"caption\":\"Salongitoode O\u00dc\"},\"image\":{\"@id\":\"https:\/\/valika.eu\/fi\/#\/schema\/logo\/image\/\"},\"sameAs\":[\"https:\/\/www.facebook.com\/tipsi.net\"]}]}<\/script>\n<!-- \/ Yoast SEO plugin. -->","yoast_head_json":{"title":"CLARESA Top No Wipe 5g Glitter Silver | Valika","description":"Top no wipe \u2013 ei vaja Cleaneriga puhastamist. S\u00fcndinud s\u00e4rama. Naudi lummavat k\u00fc\u00fcnte s\u00e4ra Claresa s\u00e4deleva topiga. Sellise topiga viimistletud stiil sobib paljudeks erinevateks s\u00fcndmusteks.","robots":{"index":"index","follow":"follow","max-snippet":"max-snippet:-1","max-image-preview":"max-image-preview:large","max-video-preview":"max-video-preview:-1"},"canonical":"https:\/\/valika.eu\/fi\/toode\/claresa-top-no-wipe-5g-glitter-silver\/","og_locale":"fi_FI","og_type":"article","og_title":"CLARESA Top No Wipe 5g Glitter Silver | Valika","og_description":"Top no wipe \u2013 ei vaja Cleaneriga puhastamist. S\u00fcndinud s\u00e4rama. Naudi lummavat k\u00fc\u00fcnte s\u00e4ra Claresa s\u00e4deleva topiga. Sellise topiga viimistletud stiil sobib paljudeks erinevateks s\u00fcndmusteks.","og_url":"https:\/\/valika.eu\/fi\/toode\/claresa-top-no-wipe-5g-glitter-silver\/","og_site_name":"Valika","article_publisher":"https:\/\/www.facebook.com\/tipsi.net","article_modified_time":"2025-10-14T08:31:05+00:00","og_image":[{"width":1500,"height":1500,"url":"https:\/\/valika.eu\/wp-content\/uploads\/2024\/10\/claresa-top-no-wipe-glitter-silver.jpg","type":"image\/jpeg"}],"twitter_card":"summary_large_image","schema":{"@context":"https:\/\/schema.org","@graph":[{"@type":"WebPage","@id":"https:\/\/valika.eu\/fi\/toode\/claresa-top-no-wipe-5g-glitter-silver\/","url":"https:\/\/valika.eu\/fi\/toode\/claresa-top-no-wipe-5g-glitter-silver\/","name":"CLARESA Top No Wipe 5g Glitter Silver | Valika","isPartOf":{"@id":"https:\/\/valika.eu\/fi\/#website"},"primaryImageOfPage":{"@id":"https:\/\/valika.eu\/fi\/toode\/claresa-top-no-wipe-5g-glitter-silver\/#primaryimage"},"image":{"@id":"https:\/\/valika.eu\/toode\/claresa-top-no-wipe-5g-glitter-silver\/#primaryimage"},"thumbnailUrl":"https:\/\/valika.eu\/wp-content\/uploads\/2024\/10\/claresa-top-no-wipe-glitter-silver.jpg","datePublished":"2024-10-02T09:43:20+00:00","dateModified":"2025-10-14T08:31:05+00:00","description":"Top no wipe \u2013 ei vaja Cleaneriga puhastamist. S\u00fcndinud s\u00e4rama. Naudi lummavat k\u00fc\u00fcnte s\u00e4ra Claresa s\u00e4deleva topiga. Sellise topiga viimistletud stiil sobib paljudeks erinevateks s\u00fcndmusteks.","breadcrumb":{"@id":"https:\/\/valika.eu\/fi\/toode\/claresa-top-no-wipe-5g-glitter-silver\/#breadcrumb"},"inLanguage":"fi","potentialAction":[{"@type":"ReadAction","target":[["https:\/\/valika.eu\/fi\/toode\/claresa-top-no-wipe-5g-glitter-silver\/"]]}]},{"@type":"ImageObject","inLanguage":"fi","@id":"https:\/\/valika.eu\/fi\/toode\/claresa-top-no-wipe-5g-glitter-silver\/#primaryimage","url":"https:\/\/valika.eu\/wp-content\/uploads\/2024\/10\/claresa-top-no-wipe-glitter-silver.jpg","contentUrl":"https:\/\/valika.eu\/wp-content\/uploads\/2024\/10\/claresa-top-no-wipe-glitter-silver.jpg","width":1500,"height":1500},{"@type":"BreadcrumbList","@id":"https:\/\/valika.eu\/fi\/toode\/claresa-top-no-wipe-5g-glitter-silver\/#breadcrumb","itemListElement":[{"@type":"ListItem","position":1,"name":"Koti","item":"https:\/\/valika.eu\/fi\/"},{"@type":"ListItem","position":2,"name":"Shop","item":"https:\/\/valika.eu\/fi\/"},{"@type":"ListItem","position":3,"name":"CLARESA Top No Wipe 5g Glitter Silver"}]},{"@type":"WebSite","@id":"https:\/\/valika.eu\/fi\/#website","url":"https:\/\/valika.eu\/fi\/","name":"Valika.eu","description":"Salonkituotteet ja kauneudenhoitotuotteet - Valika tarjoaa laajan valikoiman tuotteita ja tarvikkeita kynsiteknikoille, kauneushoitoloille, kampaamoille ja kampaamoille.","publisher":{"@id":"https:\/\/valika.eu\/fi\/#organization"},"alternateName":"Valika","potentialAction":[{"@type":"SearchAction","target":{"@type":"EntryPoint","urlTemplate":"https:\/\/valika.eu\/fi\/?s={search_term_string}"},"query-input":{"@type":"PropertyValueSpecification","valueRequired":true,"valueName":"search_term_string"}}],"inLanguage":"fi"},{"@type":"Organization","@id":"https:\/\/valika.eu\/fi\/#organization","name":"Salongitoode O\u00dc","alternateName":"Valika","url":"https:\/\/valika.eu\/fi\/","logo":{"@type":"ImageObject","inLanguage":"fi","@id":"https:\/\/valika.eu\/fi\/#\/schema\/logo\/image\/","url":"https:\/\/valika.eu\/wp-content\/uploads\/2023\/11\/logo2-valika-footer.png","contentUrl":"https:\/\/valika.eu\/wp-content\/uploads\/2023\/11\/logo2-valika-footer.png","width":200,"height":129,"caption":"Salongitoode O\u00dc"},"image":{"@id":"https:\/\/valika.eu\/fi\/#\/schema\/logo\/image\/"},"sameAs":["https:\/\/www.facebook.com\/tipsi.net"]}]}},"jetpack_sharing_enabled":true,"_links":{"self":[{"href":"https:\/\/valika.eu\/fi\/wp-json\/wp\/v2\/product\/1332","targetHints":{"allow":["GET"]}}],"collection":[{"href":"https:\/\/valika.eu\/fi\/wp-json\/wp\/v2\/product"}],"about":[{"href":"https:\/\/valika.eu\/fi\/wp-json\/wp\/v2\/types\/product"}],"wp:featuredmedia":[{"embeddable":true,"href":"https:\/\/valika.eu\/fi\/wp-json\/wp\/v2\/media\/1337"}],"wp:attachment":[{"href":"https:\/\/valika.eu\/fi\/wp-json\/wp\/v2\/media?parent=1332"}],"wp:term":[{"taxonomy":"product_brand","embeddable":true,"href":"https:\/\/valika.eu\/fi\/wp-json\/wp\/v2\/product_brand?post=1332"},{"taxonomy":"product_cat","embeddable":true,"href":"https:\/\/valika.eu\/fi\/wp-json\/wp\/v2\/product_cat?post=1332"},{"taxonomy":"product_tag","embeddable":true,"href":"https:\/\/valika.eu\/fi\/wp-json\/wp\/v2\/product_tag?post=1332"}],"curies":[{"name":"wp","href":"https:\/\/api.w.org\/{rel}","templated":true}]}}