{"id":13331,"date":"2025-03-05T12:25:01","date_gmt":"2025-03-05T10:25:01","guid":{"rendered":"https:\/\/valika.eu\/?post_type=product&#038;p=13331"},"modified":"2026-01-15T06:35:03","modified_gmt":"2026-01-15T04:35:03","slug":"vanilla-sky-blue-75g-kuunenahaoli-pipetiga-ja-kestadega","status":"publish","type":"product","link":"https:\/\/valika.eu\/fi\/toode\/vanilla-sky-blue-75g-kuunenahaoli-pipetiga-ja-kestadega\/","title":{"rendered":"Vanilla Sky Blue 75 ml Nail and cuticle oil with shell with pipette"},"content":{"rendered":"<p><\/p>\n<p data-start=\"1716\" data-end=\"1768\">Klassinen \u00f6ljylinja ainutlaatuisessa pakkauksessa!<\/p>\n<p data-start=\"1770\" data-end=\"2084\">The Garden of Colour -\u00f6ljyt sopivat t\u00e4ydellisesti sek\u00e4 ammattilaisille ett\u00e4 kaikille, jotka arvostavat erityisen korkeaa laatua. Rikkaat aromit tarjoavat unohtumattoman tuoksuel\u00e4myksen, hemmotellen aisteja. Vain pieni m\u00e4\u00e4r\u00e4 \u00f6ljy\u00e4 riitt\u00e4\u00e4, jotta sen hoitavat ominaisuudet kynsinauhoille ja kynsille tulevat esiin.<\/p>\n<p data-start=\"2086\" data-end=\"2143\">Manteli- ja persikka\u00f6ljyn ansiosta ne hoitavat k\u00e4si\u00e4si!<\/p>\n<p data-start=\"2145\" data-end=\"2393\">Manteli\u00f6ljy sis\u00e4lt\u00e4\u00e4 luonnollisia ravinteita, kuten proteiineja, mineraalisuoloja, A-, E-, D-vitamiinia ja B-ryhm\u00e4n vitamiineja. Se kosteuttaa ja imeytyy hyvin. Persikka\u00f6ljy vahvistaa ja kovettaa kynsilevy\u00e4, est\u00e4en sen lohkeilua ja haurastumista.<\/p>\n<p data-start=\"2395\" data-end=\"2468\">The Garden of Colour -\u00f6ljyjen ansiosta k\u00e4tesi n\u00e4ytt\u00e4v\u00e4t aina kauniilta!<\/p>\n<p data-start=\"2155\" data-end=\"2318\"><strong data-start=\"2155\" data-end=\"2166\">K\u00e4ytt\u00f6:<\/strong><br data-start=\"2166\" data-end=\"2169\" \/>Levit\u00e4 \u00f6ljy\u00e4 jokaiselle kynnelle ja hiero se sitten kynsilevyyn ja kynsinauhoihin. K\u00e4yt\u00e4 p\u00e4ivitt\u00e4in illalla sek\u00e4 manikyyrin tai pedikyyrin j\u00e4lkeen.<\/p>\n<p data-start=\"2320\" data-end=\"2488\" data-is-last-node=\"\" data-is-only-node=\"\"><strong data-start=\"2320\" data-end=\"2334\">Ainesosat:<\/strong><br data-start=\"2334\" data-end=\"2337\" \/>Paraffinum Liquidum, Prunus Amygdalus Dulcis (manteli\u00f6ljy), Prunus Persica (persikan siemen\u00f6ljy), Parfum, [+\/- CI 16255, CI 42090, CI 19140, CI 26100].<\/p>\n<\/p>\n<p><\/p>","protected":false},"excerpt":{"rendered":"<p>Klassinen \u00f6ljylinja ainutlaatuisessa pakkauksessa! The Garden of Colour -\u00f6ljyt sopivat t\u00e4ydellisesti sek\u00e4 ammattilaisille ett\u00e4 kaikille, jotka arvostavat erityisen korkeaa laatua.<\/p>\n","protected":false},"featured_media":13332,"template":"","meta":[],"product_brand":[],"product_cat":[596],"product_tag":[],"class_list":{"0":"post-13331","1":"product","2":"type-product","3":"status-publish","4":"has-post-thumbnail","6":"product_cat-kuunenahaoli","8":"first","9":"instock","10":"taxable","11":"shipping-taxable","12":"purchasable","13":"product-type-simple"},"yoast_head":"<!-- This site is optimized with the Yoast SEO plugin v24.4 - https:\/\/yoast.com\/wordpress\/plugins\/seo\/ -->\n<title>Vanilla Sky Blue 75 ml Nail and cuticle oil with shell with pipette | Valika<\/title>\n<meta name=\"robots\" content=\"index, follow, max-snippet:-1, max-image-preview:large, max-video-preview:-1\" \/>\n<link rel=\"canonical\" href=\"https:\/\/valika.eu\/fi\/toode\/vanilla-sky-blue-75g-kuunenahaoli-pipetiga-ja-kestadega\/\" \/>\n<meta property=\"og:locale\" content=\"fi_FI\" \/>\n<meta property=\"og:type\" content=\"article\" \/>\n<meta property=\"og:title\" content=\"Vanilla Sky Blue 75 ml Nail and cuticle oil with shell with pipette | Valika\" \/>\n<meta property=\"og:description\" content=\"Klassinen \u00f6ljylinja ainutlaatuisessa pakkauksessa! The Garden of Colour -\u00f6ljyt sopivat t\u00e4ydellisesti sek\u00e4 ammattilaisille ett\u00e4 kaikille, jotka arvostavat erityisen korkeaa laatua.\" \/>\n<meta property=\"og:url\" content=\"https:\/\/valika.eu\/fi\/toode\/vanilla-sky-blue-75g-kuunenahaoli-pipetiga-ja-kestadega\/\" \/>\n<meta property=\"og:site_name\" content=\"Valika\" \/>\n<meta property=\"article:publisher\" content=\"https:\/\/www.facebook.com\/tipsi.net\" \/>\n<meta property=\"article:modified_time\" content=\"2026-01-15T04:35:03+00:00\" \/>\n<meta property=\"og:image\" content=\"https:\/\/valika.eu\/wp-content\/uploads\/2025\/03\/Vanilla-Sky-Blue-75-m.webp\" \/>\n\t<meta property=\"og:image:width\" content=\"1000\" \/>\n\t<meta property=\"og:image:height\" content=\"1000\" \/>\n\t<meta property=\"og:image:type\" content=\"image\/webp\" \/>\n<meta name=\"twitter:card\" content=\"summary_large_image\" \/>\n<script type=\"application\/ld+json\" class=\"yoast-schema-graph\">{\"@context\":\"https:\/\/schema.org\",\"@graph\":[{\"@type\":\"WebPage\",\"@id\":\"https:\/\/valika.eu\/fi\/toode\/vanilla-sky-blue-75g-kuunenahaoli-pipetiga-ja-kestadega\/\",\"url\":\"https:\/\/valika.eu\/fi\/toode\/vanilla-sky-blue-75g-kuunenahaoli-pipetiga-ja-kestadega\/\",\"name\":\"Vanilla Sky Blue 75 ml Nail and cuticle oil with shell with pipette | Valika\",\"isPartOf\":{\"@id\":\"https:\/\/valika.eu\/fi\/#website\"},\"primaryImageOfPage\":{\"@id\":\"https:\/\/valika.eu\/fi\/toode\/vanilla-sky-blue-75g-kuunenahaoli-pipetiga-ja-kestadega\/#primaryimage\"},\"image\":{\"@id\":\"https:\/\/valika.eu\/toode\/vanilla-sky-blue-75g-kuunenahaoli-pipetiga-ja-kestadega\/#primaryimage\"},\"thumbnailUrl\":\"https:\/\/valika.eu\/wp-content\/uploads\/2025\/03\/Vanilla-Sky-Blue-75-m.webp\",\"datePublished\":\"2025-03-05T10:25:01+00:00\",\"dateModified\":\"2026-01-15T04:35:03+00:00\",\"breadcrumb\":{\"@id\":\"https:\/\/valika.eu\/fi\/toode\/vanilla-sky-blue-75g-kuunenahaoli-pipetiga-ja-kestadega\/#breadcrumb\"},\"inLanguage\":\"fi\",\"potentialAction\":[{\"@type\":\"ReadAction\",\"target\":[[\"https:\/\/valika.eu\/fi\/toode\/vanilla-sky-blue-75g-kuunenahaoli-pipetiga-ja-kestadega\/\"]]}]},{\"@type\":\"ImageObject\",\"inLanguage\":\"fi\",\"@id\":\"https:\/\/valika.eu\/fi\/toode\/vanilla-sky-blue-75g-kuunenahaoli-pipetiga-ja-kestadega\/#primaryimage\",\"url\":\"https:\/\/valika.eu\/wp-content\/uploads\/2025\/03\/Vanilla-Sky-Blue-75-m.webp\",\"contentUrl\":\"https:\/\/valika.eu\/wp-content\/uploads\/2025\/03\/Vanilla-Sky-Blue-75-m.webp\",\"width\":1000,\"height\":1000},{\"@type\":\"BreadcrumbList\",\"@id\":\"https:\/\/valika.eu\/fi\/toode\/vanilla-sky-blue-75g-kuunenahaoli-pipetiga-ja-kestadega\/#breadcrumb\",\"itemListElement\":[{\"@type\":\"ListItem\",\"position\":1,\"name\":\"Koti\",\"item\":\"https:\/\/valika.eu\/fi\/\"},{\"@type\":\"ListItem\",\"position\":2,\"name\":\"Shop\",\"item\":\"https:\/\/valika.eu\/fi\/\"},{\"@type\":\"ListItem\",\"position\":3,\"name\":\"Vanilla Sky Blue 75 ml Nail and cuticle oil with shell with pipette\"}]},{\"@type\":\"WebSite\",\"@id\":\"https:\/\/valika.eu\/fi\/#website\",\"url\":\"https:\/\/valika.eu\/fi\/\",\"name\":\"Valika.eu\",\"description\":\"Salonkituotteet ja kauneudenhoitotuotteet - Valika tarjoaa laajan valikoiman tuotteita ja tarvikkeita kynsiteknikoille, kauneushoitoloille, kampaamoille ja kampaamoille.\",\"publisher\":{\"@id\":\"https:\/\/valika.eu\/fi\/#organization\"},\"alternateName\":\"Valika\",\"potentialAction\":[{\"@type\":\"SearchAction\",\"target\":{\"@type\":\"EntryPoint\",\"urlTemplate\":\"https:\/\/valika.eu\/fi\/?s={search_term_string}\"},\"query-input\":{\"@type\":\"PropertyValueSpecification\",\"valueRequired\":true,\"valueName\":\"search_term_string\"}}],\"inLanguage\":\"fi\"},{\"@type\":\"Organization\",\"@id\":\"https:\/\/valika.eu\/fi\/#organization\",\"name\":\"Salongitoode O\u00dc\",\"alternateName\":\"Valika\",\"url\":\"https:\/\/valika.eu\/fi\/\",\"logo\":{\"@type\":\"ImageObject\",\"inLanguage\":\"fi\",\"@id\":\"https:\/\/valika.eu\/fi\/#\/schema\/logo\/image\/\",\"url\":\"https:\/\/valika.eu\/wp-content\/uploads\/2023\/11\/logo2-valika-footer.png\",\"contentUrl\":\"https:\/\/valika.eu\/wp-content\/uploads\/2023\/11\/logo2-valika-footer.png\",\"width\":200,\"height\":129,\"caption\":\"Salongitoode O\u00dc\"},\"image\":{\"@id\":\"https:\/\/valika.eu\/fi\/#\/schema\/logo\/image\/\"},\"sameAs\":[\"https:\/\/www.facebook.com\/tipsi.net\"]}]}<\/script>\n<!-- \/ Yoast SEO plugin. -->","yoast_head_json":{"title":"Vanilla Sky Blue 75 ml Nail and cuticle oil with shell with pipette | Valika","robots":{"index":"index","follow":"follow","max-snippet":"max-snippet:-1","max-image-preview":"max-image-preview:large","max-video-preview":"max-video-preview:-1"},"canonical":"https:\/\/valika.eu\/fi\/toode\/vanilla-sky-blue-75g-kuunenahaoli-pipetiga-ja-kestadega\/","og_locale":"fi_FI","og_type":"article","og_title":"Vanilla Sky Blue 75 ml Nail and cuticle oil with shell with pipette | Valika","og_description":"Klassinen \u00f6ljylinja ainutlaatuisessa pakkauksessa! The Garden of Colour -\u00f6ljyt sopivat t\u00e4ydellisesti sek\u00e4 ammattilaisille ett\u00e4 kaikille, jotka arvostavat erityisen korkeaa laatua.","og_url":"https:\/\/valika.eu\/fi\/toode\/vanilla-sky-blue-75g-kuunenahaoli-pipetiga-ja-kestadega\/","og_site_name":"Valika","article_publisher":"https:\/\/www.facebook.com\/tipsi.net","article_modified_time":"2026-01-15T04:35:03+00:00","og_image":[{"width":1000,"height":1000,"url":"https:\/\/valika.eu\/wp-content\/uploads\/2025\/03\/Vanilla-Sky-Blue-75-m.webp","type":"image\/webp"}],"twitter_card":"summary_large_image","schema":{"@context":"https:\/\/schema.org","@graph":[{"@type":"WebPage","@id":"https:\/\/valika.eu\/fi\/toode\/vanilla-sky-blue-75g-kuunenahaoli-pipetiga-ja-kestadega\/","url":"https:\/\/valika.eu\/fi\/toode\/vanilla-sky-blue-75g-kuunenahaoli-pipetiga-ja-kestadega\/","name":"Vanilla Sky Blue 75 ml Nail and cuticle oil with shell with pipette | Valika","isPartOf":{"@id":"https:\/\/valika.eu\/fi\/#website"},"primaryImageOfPage":{"@id":"https:\/\/valika.eu\/fi\/toode\/vanilla-sky-blue-75g-kuunenahaoli-pipetiga-ja-kestadega\/#primaryimage"},"image":{"@id":"https:\/\/valika.eu\/toode\/vanilla-sky-blue-75g-kuunenahaoli-pipetiga-ja-kestadega\/#primaryimage"},"thumbnailUrl":"https:\/\/valika.eu\/wp-content\/uploads\/2025\/03\/Vanilla-Sky-Blue-75-m.webp","datePublished":"2025-03-05T10:25:01+00:00","dateModified":"2026-01-15T04:35:03+00:00","breadcrumb":{"@id":"https:\/\/valika.eu\/fi\/toode\/vanilla-sky-blue-75g-kuunenahaoli-pipetiga-ja-kestadega\/#breadcrumb"},"inLanguage":"fi","potentialAction":[{"@type":"ReadAction","target":[["https:\/\/valika.eu\/fi\/toode\/vanilla-sky-blue-75g-kuunenahaoli-pipetiga-ja-kestadega\/"]]}]},{"@type":"ImageObject","inLanguage":"fi","@id":"https:\/\/valika.eu\/fi\/toode\/vanilla-sky-blue-75g-kuunenahaoli-pipetiga-ja-kestadega\/#primaryimage","url":"https:\/\/valika.eu\/wp-content\/uploads\/2025\/03\/Vanilla-Sky-Blue-75-m.webp","contentUrl":"https:\/\/valika.eu\/wp-content\/uploads\/2025\/03\/Vanilla-Sky-Blue-75-m.webp","width":1000,"height":1000},{"@type":"BreadcrumbList","@id":"https:\/\/valika.eu\/fi\/toode\/vanilla-sky-blue-75g-kuunenahaoli-pipetiga-ja-kestadega\/#breadcrumb","itemListElement":[{"@type":"ListItem","position":1,"name":"Koti","item":"https:\/\/valika.eu\/fi\/"},{"@type":"ListItem","position":2,"name":"Shop","item":"https:\/\/valika.eu\/fi\/"},{"@type":"ListItem","position":3,"name":"Vanilla Sky Blue 75 ml Nail and cuticle oil with shell with pipette"}]},{"@type":"WebSite","@id":"https:\/\/valika.eu\/fi\/#website","url":"https:\/\/valika.eu\/fi\/","name":"Valika.eu","description":"Salonkituotteet ja kauneudenhoitotuotteet - Valika tarjoaa laajan valikoiman tuotteita ja tarvikkeita kynsiteknikoille, kauneushoitoloille, kampaamoille ja kampaamoille.","publisher":{"@id":"https:\/\/valika.eu\/fi\/#organization"},"alternateName":"Valika","potentialAction":[{"@type":"SearchAction","target":{"@type":"EntryPoint","urlTemplate":"https:\/\/valika.eu\/fi\/?s={search_term_string}"},"query-input":{"@type":"PropertyValueSpecification","valueRequired":true,"valueName":"search_term_string"}}],"inLanguage":"fi"},{"@type":"Organization","@id":"https:\/\/valika.eu\/fi\/#organization","name":"Salongitoode O\u00dc","alternateName":"Valika","url":"https:\/\/valika.eu\/fi\/","logo":{"@type":"ImageObject","inLanguage":"fi","@id":"https:\/\/valika.eu\/fi\/#\/schema\/logo\/image\/","url":"https:\/\/valika.eu\/wp-content\/uploads\/2023\/11\/logo2-valika-footer.png","contentUrl":"https:\/\/valika.eu\/wp-content\/uploads\/2023\/11\/logo2-valika-footer.png","width":200,"height":129,"caption":"Salongitoode O\u00dc"},"image":{"@id":"https:\/\/valika.eu\/fi\/#\/schema\/logo\/image\/"},"sameAs":["https:\/\/www.facebook.com\/tipsi.net"]}]}},"jetpack_sharing_enabled":true,"_links":{"self":[{"href":"https:\/\/valika.eu\/fi\/wp-json\/wp\/v2\/product\/13331","targetHints":{"allow":["GET"]}}],"collection":[{"href":"https:\/\/valika.eu\/fi\/wp-json\/wp\/v2\/product"}],"about":[{"href":"https:\/\/valika.eu\/fi\/wp-json\/wp\/v2\/types\/product"}],"wp:featuredmedia":[{"embeddable":true,"href":"https:\/\/valika.eu\/fi\/wp-json\/wp\/v2\/media\/13332"}],"wp:attachment":[{"href":"https:\/\/valika.eu\/fi\/wp-json\/wp\/v2\/media?parent=13331"}],"wp:term":[{"taxonomy":"product_brand","embeddable":true,"href":"https:\/\/valika.eu\/fi\/wp-json\/wp\/v2\/product_brand?post=13331"},{"taxonomy":"product_cat","embeddable":true,"href":"https:\/\/valika.eu\/fi\/wp-json\/wp\/v2\/product_cat?post=13331"},{"taxonomy":"product_tag","embeddable":true,"href":"https:\/\/valika.eu\/fi\/wp-json\/wp\/v2\/product_tag?post=13331"}],"curies":[{"name":"wp","href":"https:\/\/api.w.org\/{rel}","templated":true}]}}