{"id":13378,"date":"2025-03-05T13:16:50","date_gmt":"2025-03-05T11:16:50","guid":{"rendered":"https:\/\/valika.eu\/?post_type=product&#038;p=13378"},"modified":"2026-01-29T14:49:41","modified_gmt":"2026-01-29T12:49:41","slug":"base-one-primer-9-ml","status":"publish","type":"product","link":"https:\/\/valika.eu\/fi\/toode\/base-one-primer-9-ml\/","title":{"rendered":"Base One Primer 9 ml"},"content":{"rendered":"<p><\/p>\n<p data-start=\"32\" data-end=\"209\"><strong data-start=\"32\" data-end=\"51\">Primer Base One<\/strong> on hapoton ja korkealaatuinen neste, joka parantaa geelin tai akryylimassan kiinnittymist\u00e4 luonnonkynteen poistamalla rasvaa ja neutraloimalla happamuutta.<\/p>\n<p data-start=\"211\" data-end=\"324\">Hapoton <strong data-start=\"219\" data-end=\"238\">Primer Base One<\/strong> on miedompi kuin hapan primeri. Suositellaan hauraille ja vaurioituneille kynsille.<\/p>\n<p data-start=\"326\" data-end=\"345\"><strong data-start=\"326\" data-end=\"343\">OMINAISUUDET:<\/strong><\/p>\n<ul data-start=\"346\" data-end=\"483\">\n<li data-start=\"346\" data-end=\"363\">hapoton tuote<\/li>\n<li data-start=\"364\" data-end=\"383\">kuivuu nopeasti<\/li>\n<li data-start=\"384\" data-end=\"429\">v\u00e4ltt\u00e4m\u00e4t\u00f6n akryyli- ja geelimenetelmiss\u00e4<\/li>\n<li data-start=\"430\" data-end=\"483\">levitet\u00e4\u00e4n ilman UV-lamppua (kuivuu kynsilevyll\u00e4)<\/li>\n<\/ul>\n<p data-start=\"485\" data-end=\"711\"><strong data-start=\"485\" data-end=\"500\">K\u00c4YTT\u00d6OHJE:<\/strong><br data-start=\"500\" data-end=\"503\" \/>Puhdista kynsi <strong data-start=\"518\" data-end=\"533\">Cleanerilla<\/strong>, levit\u00e4 pieni m\u00e4\u00e4r\u00e4 tuotetta pisteitt\u00e4in kynsilevylle juuri ennen varsinaisen materiaalin levitt\u00e4mist\u00e4. Akryyli tai geeli tulee levitt\u00e4\u00e4 vasta, kun primeri on t\u00e4ysin kuivunut.<\/p>\n<p data-start=\"713\" data-end=\"863\" data-is-only-node=\"\" data-is-last-node=\"\"><strong data-start=\"713\" data-end=\"727\">Ainesosat:<\/strong><br data-start=\"727\" data-end=\"730\" \/>Ethyl Acetate, Isopropylidenediphenyl Bisoxyhydroxypropyl Methacrylate, HEMA, Hydroquinone methylether \/ Mequinol (P-Hydroxyanisole).<\/p>\n<\/p>\n<p><\/p>","protected":false},"excerpt":{"rendered":"<p>Primer Base One on hapoton ja korkealaatuinen neste, joka parantaa geelin tai akryylimassan kiinnittymist\u00e4 luonnonkynteen poistamalla rasvaa ja neutraloimalla happamuutta.<\/p>\n","protected":false},"featured_media":13379,"template":"","meta":[],"product_brand":[],"product_cat":[616],"product_tag":[],"class_list":{"0":"post-13378","1":"product","2":"type-product","3":"status-publish","4":"has-post-thumbnail","6":"product_cat-primerbonder","8":"first","9":"instock","10":"taxable","11":"shipping-taxable","12":"purchasable","13":"product-type-simple"},"yoast_head":"<!-- This site is optimized with the Yoast SEO plugin v24.4 - https:\/\/yoast.com\/wordpress\/plugins\/seo\/ -->\n<title>Base One Primer 9 ml | Valika<\/title>\n<meta name=\"robots\" content=\"index, follow, max-snippet:-1, max-image-preview:large, max-video-preview:-1\" \/>\n<link rel=\"canonical\" href=\"https:\/\/valika.eu\/fi\/toode\/base-one-primer-9-ml\/\" \/>\n<meta property=\"og:locale\" content=\"fi_FI\" \/>\n<meta property=\"og:type\" content=\"article\" \/>\n<meta property=\"og:title\" content=\"Base One Primer 9 ml | Valika\" \/>\n<meta property=\"og:description\" content=\"Primer Base One on hapoton ja korkealaatuinen neste, joka parantaa geelin tai akryylimassan kiinnittymist\u00e4 luonnonkynteen poistamalla rasvaa ja neutraloimalla happamuutta.\" \/>\n<meta property=\"og:url\" content=\"https:\/\/valika.eu\/fi\/toode\/base-one-primer-9-ml\/\" \/>\n<meta property=\"og:site_name\" content=\"Valika\" \/>\n<meta property=\"article:publisher\" content=\"https:\/\/www.facebook.com\/tipsi.net\" \/>\n<meta property=\"article:modified_time\" content=\"2026-01-29T12:49:41+00:00\" \/>\n<meta property=\"og:image\" content=\"https:\/\/valika.eu\/wp-content\/uploads\/2025\/03\/eng_pl_Base-One-Primer-9-ml-5128_1.webp\" \/>\n\t<meta property=\"og:image:width\" content=\"1000\" \/>\n\t<meta property=\"og:image:height\" content=\"1000\" \/>\n\t<meta property=\"og:image:type\" content=\"image\/webp\" \/>\n<meta name=\"twitter:card\" content=\"summary_large_image\" \/>\n<script type=\"application\/ld+json\" class=\"yoast-schema-graph\">{\"@context\":\"https:\/\/schema.org\",\"@graph\":[{\"@type\":\"WebPage\",\"@id\":\"https:\/\/valika.eu\/fi\/toode\/base-one-primer-9-ml\/\",\"url\":\"https:\/\/valika.eu\/fi\/toode\/base-one-primer-9-ml\/\",\"name\":\"Base One Primer 9 ml | Valika\",\"isPartOf\":{\"@id\":\"https:\/\/valika.eu\/fi\/#website\"},\"primaryImageOfPage\":{\"@id\":\"https:\/\/valika.eu\/fi\/toode\/base-one-primer-9-ml\/#primaryimage\"},\"image\":{\"@id\":\"https:\/\/valika.eu\/toode\/base-one-primer-9-ml\/#primaryimage\"},\"thumbnailUrl\":\"https:\/\/valika.eu\/wp-content\/uploads\/2025\/03\/eng_pl_Base-One-Primer-9-ml-5128_1.webp\",\"datePublished\":\"2025-03-05T11:16:50+00:00\",\"dateModified\":\"2026-01-29T12:49:41+00:00\",\"breadcrumb\":{\"@id\":\"https:\/\/valika.eu\/fi\/toode\/base-one-primer-9-ml\/#breadcrumb\"},\"inLanguage\":\"fi\",\"potentialAction\":[{\"@type\":\"ReadAction\",\"target\":[[\"https:\/\/valika.eu\/fi\/toode\/base-one-primer-9-ml\/\"]]}]},{\"@type\":\"ImageObject\",\"inLanguage\":\"fi\",\"@id\":\"https:\/\/valika.eu\/fi\/toode\/base-one-primer-9-ml\/#primaryimage\",\"url\":\"https:\/\/valika.eu\/wp-content\/uploads\/2025\/03\/eng_pl_Base-One-Primer-9-ml-5128_1.webp\",\"contentUrl\":\"https:\/\/valika.eu\/wp-content\/uploads\/2025\/03\/eng_pl_Base-One-Primer-9-ml-5128_1.webp\",\"width\":1000,\"height\":1000},{\"@type\":\"BreadcrumbList\",\"@id\":\"https:\/\/valika.eu\/fi\/toode\/base-one-primer-9-ml\/#breadcrumb\",\"itemListElement\":[{\"@type\":\"ListItem\",\"position\":1,\"name\":\"Koti\",\"item\":\"https:\/\/valika.eu\/fi\/\"},{\"@type\":\"ListItem\",\"position\":2,\"name\":\"Shop\",\"item\":\"https:\/\/valika.eu\/fi\/\"},{\"@type\":\"ListItem\",\"position\":3,\"name\":\"Base One Primer 9 ml\"}]},{\"@type\":\"WebSite\",\"@id\":\"https:\/\/valika.eu\/fi\/#website\",\"url\":\"https:\/\/valika.eu\/fi\/\",\"name\":\"Valika.eu\",\"description\":\"Salonkituotteet ja kauneudenhoitotuotteet - Valika tarjoaa laajan valikoiman tuotteita ja tarvikkeita kynsiteknikoille, kauneushoitoloille, kampaamoille ja kampaamoille.\",\"publisher\":{\"@id\":\"https:\/\/valika.eu\/fi\/#organization\"},\"alternateName\":\"Valika\",\"potentialAction\":[{\"@type\":\"SearchAction\",\"target\":{\"@type\":\"EntryPoint\",\"urlTemplate\":\"https:\/\/valika.eu\/fi\/?s={search_term_string}\"},\"query-input\":{\"@type\":\"PropertyValueSpecification\",\"valueRequired\":true,\"valueName\":\"search_term_string\"}}],\"inLanguage\":\"fi\"},{\"@type\":\"Organization\",\"@id\":\"https:\/\/valika.eu\/fi\/#organization\",\"name\":\"Salongitoode O\u00dc\",\"alternateName\":\"Valika\",\"url\":\"https:\/\/valika.eu\/fi\/\",\"logo\":{\"@type\":\"ImageObject\",\"inLanguage\":\"fi\",\"@id\":\"https:\/\/valika.eu\/fi\/#\/schema\/logo\/image\/\",\"url\":\"https:\/\/valika.eu\/wp-content\/uploads\/2023\/11\/logo2-valika-footer.png\",\"contentUrl\":\"https:\/\/valika.eu\/wp-content\/uploads\/2023\/11\/logo2-valika-footer.png\",\"width\":200,\"height\":129,\"caption\":\"Salongitoode O\u00dc\"},\"image\":{\"@id\":\"https:\/\/valika.eu\/fi\/#\/schema\/logo\/image\/\"},\"sameAs\":[\"https:\/\/www.facebook.com\/tipsi.net\"]}]}<\/script>\n<!-- \/ Yoast SEO plugin. -->","yoast_head_json":{"title":"Base One Primer 9 ml | Valika","robots":{"index":"index","follow":"follow","max-snippet":"max-snippet:-1","max-image-preview":"max-image-preview:large","max-video-preview":"max-video-preview:-1"},"canonical":"https:\/\/valika.eu\/fi\/toode\/base-one-primer-9-ml\/","og_locale":"fi_FI","og_type":"article","og_title":"Base One Primer 9 ml | Valika","og_description":"Primer Base One on hapoton ja korkealaatuinen neste, joka parantaa geelin tai akryylimassan kiinnittymist\u00e4 luonnonkynteen poistamalla rasvaa ja neutraloimalla happamuutta.","og_url":"https:\/\/valika.eu\/fi\/toode\/base-one-primer-9-ml\/","og_site_name":"Valika","article_publisher":"https:\/\/www.facebook.com\/tipsi.net","article_modified_time":"2026-01-29T12:49:41+00:00","og_image":[{"width":1000,"height":1000,"url":"https:\/\/valika.eu\/wp-content\/uploads\/2025\/03\/eng_pl_Base-One-Primer-9-ml-5128_1.webp","type":"image\/webp"}],"twitter_card":"summary_large_image","schema":{"@context":"https:\/\/schema.org","@graph":[{"@type":"WebPage","@id":"https:\/\/valika.eu\/fi\/toode\/base-one-primer-9-ml\/","url":"https:\/\/valika.eu\/fi\/toode\/base-one-primer-9-ml\/","name":"Base One Primer 9 ml | Valika","isPartOf":{"@id":"https:\/\/valika.eu\/fi\/#website"},"primaryImageOfPage":{"@id":"https:\/\/valika.eu\/fi\/toode\/base-one-primer-9-ml\/#primaryimage"},"image":{"@id":"https:\/\/valika.eu\/toode\/base-one-primer-9-ml\/#primaryimage"},"thumbnailUrl":"https:\/\/valika.eu\/wp-content\/uploads\/2025\/03\/eng_pl_Base-One-Primer-9-ml-5128_1.webp","datePublished":"2025-03-05T11:16:50+00:00","dateModified":"2026-01-29T12:49:41+00:00","breadcrumb":{"@id":"https:\/\/valika.eu\/fi\/toode\/base-one-primer-9-ml\/#breadcrumb"},"inLanguage":"fi","potentialAction":[{"@type":"ReadAction","target":[["https:\/\/valika.eu\/fi\/toode\/base-one-primer-9-ml\/"]]}]},{"@type":"ImageObject","inLanguage":"fi","@id":"https:\/\/valika.eu\/fi\/toode\/base-one-primer-9-ml\/#primaryimage","url":"https:\/\/valika.eu\/wp-content\/uploads\/2025\/03\/eng_pl_Base-One-Primer-9-ml-5128_1.webp","contentUrl":"https:\/\/valika.eu\/wp-content\/uploads\/2025\/03\/eng_pl_Base-One-Primer-9-ml-5128_1.webp","width":1000,"height":1000},{"@type":"BreadcrumbList","@id":"https:\/\/valika.eu\/fi\/toode\/base-one-primer-9-ml\/#breadcrumb","itemListElement":[{"@type":"ListItem","position":1,"name":"Koti","item":"https:\/\/valika.eu\/fi\/"},{"@type":"ListItem","position":2,"name":"Shop","item":"https:\/\/valika.eu\/fi\/"},{"@type":"ListItem","position":3,"name":"Base One Primer 9 ml"}]},{"@type":"WebSite","@id":"https:\/\/valika.eu\/fi\/#website","url":"https:\/\/valika.eu\/fi\/","name":"Valika.eu","description":"Salonkituotteet ja kauneudenhoitotuotteet - Valika tarjoaa laajan valikoiman tuotteita ja tarvikkeita kynsiteknikoille, kauneushoitoloille, kampaamoille ja kampaamoille.","publisher":{"@id":"https:\/\/valika.eu\/fi\/#organization"},"alternateName":"Valika","potentialAction":[{"@type":"SearchAction","target":{"@type":"EntryPoint","urlTemplate":"https:\/\/valika.eu\/fi\/?s={search_term_string}"},"query-input":{"@type":"PropertyValueSpecification","valueRequired":true,"valueName":"search_term_string"}}],"inLanguage":"fi"},{"@type":"Organization","@id":"https:\/\/valika.eu\/fi\/#organization","name":"Salongitoode O\u00dc","alternateName":"Valika","url":"https:\/\/valika.eu\/fi\/","logo":{"@type":"ImageObject","inLanguage":"fi","@id":"https:\/\/valika.eu\/fi\/#\/schema\/logo\/image\/","url":"https:\/\/valika.eu\/wp-content\/uploads\/2023\/11\/logo2-valika-footer.png","contentUrl":"https:\/\/valika.eu\/wp-content\/uploads\/2023\/11\/logo2-valika-footer.png","width":200,"height":129,"caption":"Salongitoode O\u00dc"},"image":{"@id":"https:\/\/valika.eu\/fi\/#\/schema\/logo\/image\/"},"sameAs":["https:\/\/www.facebook.com\/tipsi.net"]}]}},"jetpack_sharing_enabled":true,"_links":{"self":[{"href":"https:\/\/valika.eu\/fi\/wp-json\/wp\/v2\/product\/13378","targetHints":{"allow":["GET"]}}],"collection":[{"href":"https:\/\/valika.eu\/fi\/wp-json\/wp\/v2\/product"}],"about":[{"href":"https:\/\/valika.eu\/fi\/wp-json\/wp\/v2\/types\/product"}],"wp:featuredmedia":[{"embeddable":true,"href":"https:\/\/valika.eu\/fi\/wp-json\/wp\/v2\/media\/13379"}],"wp:attachment":[{"href":"https:\/\/valika.eu\/fi\/wp-json\/wp\/v2\/media?parent=13378"}],"wp:term":[{"taxonomy":"product_brand","embeddable":true,"href":"https:\/\/valika.eu\/fi\/wp-json\/wp\/v2\/product_brand?post=13378"},{"taxonomy":"product_cat","embeddable":true,"href":"https:\/\/valika.eu\/fi\/wp-json\/wp\/v2\/product_cat?post=13378"},{"taxonomy":"product_tag","embeddable":true,"href":"https:\/\/valika.eu\/fi\/wp-json\/wp\/v2\/product_tag?post=13378"}],"curies":[{"name":"wp","href":"https:\/\/api.w.org\/{rel}","templated":true}]}}