{"id":13389,"date":"2025-03-05T14:13:17","date_gmt":"2025-03-05T12:13:17","guid":{"rendered":"https:\/\/valika.eu\/?post_type=product&#038;p=13389"},"modified":"2026-03-17T16:00:59","modified_gmt":"2026-03-17T14:00:59","slug":"15g-clear-gel-base-one-ehitusgeel-labipaistev","status":"publish","type":"product","link":"https:\/\/valika.eu\/fi\/toode\/15g-clear-gel-base-one-ehitusgeel-labipaistev\/","title":{"rendered":"15g Clear Gel Base One building gel"},"content":{"rendered":"<p><\/p>\n<h3 data-start=\"0\" data-end=\"43\"><strong data-start=\"4\" data-end=\"41\">Kynsirakennusgeeli Base One Clear<\/strong><\/h3>\n<p data-start=\"45\" data-end=\"375\">T\u00e4ydellisen kynsirakennusgeelin l\u00f6yt\u00e4minen voi olla haastavaa. Etsitk\u00f6 UV-geeli\u00e4, joka sopii muoteille, sabluunoille ja tipeille ja samalla vahvistaa luonnollista kynsilevy\u00e4? <strong data-start=\"220\" data-end=\"231\">Silcare<\/strong> tarjoaa ratkaisun, joka on valloittanut asiakkaiden syd\u00e4met: <strong data-start=\"293\" data-end=\"305\">Base One<\/strong> \u2013 myydyin tuotteemme, jota on rakastettu jo yli <strong data-start=\"354\" data-end=\"373\">15 vuoden ajan!<\/strong><\/p>\n<h3 data-start=\"377\" data-end=\"426\"><strong data-start=\"381\" data-end=\"424\">T\u00e4ydellinen manikyyri jokaiseen tyyliin<\/strong><\/h3>\n<p data-start=\"427\" data-end=\"653\"><strong data-start=\"427\" data-end=\"445\">Base One Clear<\/strong> on l\u00e4pin\u00e4kyv\u00e4 UV-rakennusgeeli, jolla on itse-tasoittuvat ominaisuudet ja erinomainen tarttuvuus. Sen paksu koostumus tekee levitt\u00e4misest\u00e4 helppoa sek\u00e4 ammattilaisille ett\u00e4 aloitteleville kynsiteknikoille.<\/p>\n<h3 data-start=\"655\" data-end=\"698\"><strong data-start=\"659\" data-end=\"696\">Pitk\u00e4kestoinen ja helppo levitt\u00e4\u00e4<\/strong><\/h3>\n<p data-start=\"699\" data-end=\"960\"><strong data-start=\"699\" data-end=\"717\">Base One Clear<\/strong> -geelin levitt\u00e4minen on nopeaa ja vaivatonta, ja manikyyri pysyy virheett\u00f6m\u00e4n\u00e4 jopa <strong data-start=\"802\" data-end=\"815\">4 viikkoa<\/strong>. Kaksivaiheinen koostumus takaa ammattimaiset tulokset nopeammin. <strong data-start=\"882\" data-end=\"904\">48 W UV\/LED-lamppu<\/strong> kovettaa geelin t\u00e4ydellisesti vain <strong data-start=\"940\" data-end=\"957\">60 sekunnissa<\/strong>.<\/p>\n<h3 data-start=\"962\" data-end=\"1014\"><strong data-start=\"966\" data-end=\"1012\">Base One UV Gel -sarja \u2013 mit\u00e4 se sis\u00e4lt\u00e4\u00e4?<\/strong><\/h3>\n<p data-start=\"1015\" data-end=\"1119\"><strong data-start=\"1015\" data-end=\"1034\">Base One UV Gel<\/strong> -sarjassa on <strong data-start=\"1048\" data-end=\"1082\">nelj\u00e4 erilaista rakennusgeeli\u00e4<\/strong>, joilla on erilaiset viimeistelyt:<\/p>\n<ul data-start=\"1121\" data-end=\"1495\">\n<li data-start=\"1121\" data-end=\"1188\"><strong data-start=\"1123\" data-end=\"1146\">Base One Clear gels<\/strong> \u2013 l\u00e4pin\u00e4kyv\u00e4t kaksivaiheiset UV-geelit.<\/li>\n<li data-start=\"1189\" data-end=\"1272\"><strong data-start=\"1191\" data-end=\"1214\">Base One Cover gels<\/strong> \u2013 peitt\u00e4v\u00e4t rakennusgeelit eri luonnollisissa s\u00e4vyiss\u00e4.<\/li>\n<li data-start=\"1273\" data-end=\"1381\"><strong data-start=\"1275\" data-end=\"1300\">Base One Shimmer gels<\/strong> \u2013 kolmivaiheiset rakennusgeelit, joissa on hohtava efekti ja glitterhiukkasia.<\/li>\n<li data-start=\"1382\" data-end=\"1495\"><strong data-start=\"1384\" data-end=\"1414\">Base One French White gels<\/strong> \u2013 valkoiset s\u00e4vyt, jotka on suunniteltu erityisesti ranskalaiseen manikyyriin.<\/li>\n<\/ul>\n<h3 data-start=\"1497\" data-end=\"1520\"><strong data-start=\"1501\" data-end=\"1518\">Ominaisuudet:<\/strong><\/h3>\n<p data-start=\"1521\" data-end=\"1861\">\u2714 L\u00e4pin\u00e4kyv\u00e4 koostumus.<br data-start=\"1544\" data-end=\"1547\" \/>\u2714 Pitk\u00e4kestoinen manikyyri \u2013 jopa <strong data-start=\"1581\" data-end=\"1594\">4 viikkoa<\/strong>.<br data-start=\"1595\" data-end=\"1598\" \/>\u2714 Nopea ja helppo levitt\u00e4\u00e4 \u2013 itse-tasoittuvan koostumuksen ansiosta.<br data-start=\"1666\" data-end=\"1669\" \/>\u2714 <strong data-start=\"1671\" data-end=\"1687\">Monipuolinen<\/strong> \u2013 sopii eri manikyyritekniikoihin.<br data-start=\"1722\" data-end=\"1725\" \/>\u2714 <strong data-start=\"1727\" data-end=\"1754\">Ei sis\u00e4ll\u00e4 mikromuoveja<\/strong>.<br data-start=\"1755\" data-end=\"1758\" \/>\u2714 Kaksivaiheinen \u2013 vaatii p\u00e4\u00e4llyslakan.<br data-start=\"1797\" data-end=\"1800\" \/>\u2714 Sopii kaikille kynsityypeille.<br data-start=\"1832\" data-end=\"1835\" \/>\u2714 <strong data-start=\"1837\" data-end=\"1858\">Hapoton koostumus<\/strong>.<\/p>\n<h3 data-start=\"1863\" data-end=\"1886\"><strong data-start=\"1867\" data-end=\"1884\">K\u00e4ytt\u00f6ohjeet:<\/strong><\/h3>\n<p data-start=\"1887\" data-end=\"2010\">Levit\u00e4 <strong data-start=\"1894\" data-end=\"1906\">Base One<\/strong> -rakennusgeeli hyvin valmistellulle kynsilevylle ja koveta <strong data-start=\"1966\" data-end=\"2007\">48 W UV\/LED-lampussa 60 sekunnin ajan<\/strong>.<\/p>\n<h3 data-start=\"2012\" data-end=\"2032\"><strong data-start=\"2016\" data-end=\"2030\">Ainesosat:<\/strong><\/h3>\n<p data-start=\"2033\" data-end=\"2413\">Bis-HEMA Polyneopentyl Glycol Adipate\/IPDI Copolymer, Bis-HEA Poly(1,4-Butanediol)-9\/IPDI Copolymer, Trimethylolpropane Trimethacrylate (TMPTMA), Bis-HEA Polyglycol Adipate\/IPDI Copolymer, Hexanediol Dimethacrylate, Hydroxycyclohexyl Phenyl Ketone, Silica Dimethyl Silylate, Benzoyl Isopropanol, Isobornyl Methacrylate (IBOMA), BHT, Cyclohexyl Phenyl Ketone, CI 60725, Cl 74160.<\/p>\n<h3 data-start=\"2415\" data-end=\"2442\"><strong data-start=\"2419\" data-end=\"2440\">Varotoimenpiteet:<\/strong><\/h3>\n<p data-start=\"2443\" data-end=\"2712\" data-is-last-node=\"\" data-is-only-node=\"\">\u26a0 <strong data-start=\"2445\" data-end=\"2483\">Pidett\u00e4v\u00e4 lasten ulottumattomissa.<\/strong><br data-start=\"2483\" data-end=\"2486\" \/>\u26a0 <strong data-start=\"2488\" data-end=\"2536\">V\u00e4lt\u00e4 tuotteen joutumista iholle ja silmiin.<\/strong><br data-start=\"2536\" data-end=\"2539\" \/>\u26a0 <strong data-start=\"2541\" data-end=\"2582\">\u00c4l\u00e4 hengit\u00e4 tuotteen h\u00f6yryj\u00e4 suoraan.<\/strong><br data-start=\"2582\" data-end=\"2585\" \/>\u26a0 <strong data-start=\"2587\" data-end=\"2641\">\u00c4l\u00e4 k\u00e4yt\u00e4, jos olet yliherkk\u00e4 jollekin aineosalle.<\/strong><br data-start=\"2641\" data-end=\"2644\" \/>\u26a0 <strong data-start=\"2646\" data-end=\"2678\">Koveta 48 W UV\/LED-lampussa.<\/strong><br data-start=\"2678\" data-end=\"2681\" \/>\u26a0 <strong data-start=\"2683\" data-end=\"2712\" data-is-last-node=\"\" data-is-only-node=\"\">Vain ammattilaisk\u00e4ytt\u00f6\u00f6n.<\/strong><\/p>\n<p><\/p>","protected":false},"excerpt":{"rendered":"<p>Kynsirakennusgeeli Base One Clear T\u00e4ydellisen kynsirakennusgeelin l\u00f6yt\u00e4minen voi olla haastavaa. Etsitk\u00f6 UV-geeli\u00e4, joka sopii muoteille, sabluunoille ja tipeille ja samalla<\/p>\n","protected":false},"featured_media":13390,"template":"","meta":[],"product_brand":[],"product_cat":[707],"product_tag":[],"class_list":{"0":"post-13389","1":"product","2":"type-product","3":"status-publish","4":"has-post-thumbnail","6":"product_cat-silcare","8":"first","9":"instock","10":"taxable","11":"shipping-taxable","12":"purchasable","13":"product-type-simple"},"yoast_head":"<!-- This site is optimized with the Yoast SEO plugin v24.4 - https:\/\/yoast.com\/wordpress\/plugins\/seo\/ -->\n<title>15g Clear Gel Base One building gel | Valika<\/title>\n<meta name=\"robots\" content=\"index, follow, max-snippet:-1, max-image-preview:large, max-video-preview:-1\" \/>\n<link rel=\"canonical\" href=\"https:\/\/valika.eu\/fi\/toode\/15g-clear-gel-base-one-ehitusgeel-labipaistev\/\" \/>\n<meta property=\"og:locale\" content=\"fi_FI\" \/>\n<meta property=\"og:type\" content=\"article\" \/>\n<meta property=\"og:title\" content=\"15g Clear Gel Base One building gel | Valika\" \/>\n<meta property=\"og:description\" content=\"Kynsirakennusgeeli Base One Clear T\u00e4ydellisen kynsirakennusgeelin l\u00f6yt\u00e4minen voi olla haastavaa. Etsitk\u00f6 UV-geeli\u00e4, joka sopii muoteille, sabluunoille ja tipeille ja samalla\" \/>\n<meta property=\"og:url\" content=\"https:\/\/valika.eu\/fi\/toode\/15g-clear-gel-base-one-ehitusgeel-labipaistev\/\" \/>\n<meta property=\"og:site_name\" content=\"Valika\" \/>\n<meta property=\"article:publisher\" content=\"https:\/\/www.facebook.com\/tipsi.net\" \/>\n<meta property=\"article:modified_time\" content=\"2026-03-17T14:00:59+00:00\" \/>\n<meta property=\"og:image\" content=\"https:\/\/valika.eu\/wp-content\/uploads\/2025\/03\/eng_pl_Base-One-Gel-UV-Clear-15-g-76594_2.webp\" \/>\n\t<meta property=\"og:image:width\" content=\"1010\" \/>\n\t<meta property=\"og:image:height\" content=\"1010\" \/>\n\t<meta property=\"og:image:type\" content=\"image\/webp\" \/>\n<meta name=\"twitter:card\" content=\"summary_large_image\" \/>\n<script type=\"application\/ld+json\" class=\"yoast-schema-graph\">{\"@context\":\"https:\/\/schema.org\",\"@graph\":[{\"@type\":\"WebPage\",\"@id\":\"https:\/\/valika.eu\/fi\/toode\/15g-clear-gel-base-one-ehitusgeel-labipaistev\/\",\"url\":\"https:\/\/valika.eu\/fi\/toode\/15g-clear-gel-base-one-ehitusgeel-labipaistev\/\",\"name\":\"15g Clear Gel Base One building gel | Valika\",\"isPartOf\":{\"@id\":\"https:\/\/valika.eu\/fi\/#website\"},\"primaryImageOfPage\":{\"@id\":\"https:\/\/valika.eu\/fi\/toode\/15g-clear-gel-base-one-ehitusgeel-labipaistev\/#primaryimage\"},\"image\":{\"@id\":\"https:\/\/valika.eu\/toode\/15g-clear-gel-base-one-ehitusgeel-labipaistev\/#primaryimage\"},\"thumbnailUrl\":\"https:\/\/valika.eu\/wp-content\/uploads\/2025\/03\/eng_pl_Base-One-Gel-UV-Clear-15-g-76594_2.webp\",\"datePublished\":\"2025-03-05T12:13:17+00:00\",\"dateModified\":\"2026-03-17T14:00:59+00:00\",\"breadcrumb\":{\"@id\":\"https:\/\/valika.eu\/fi\/toode\/15g-clear-gel-base-one-ehitusgeel-labipaistev\/#breadcrumb\"},\"inLanguage\":\"fi\",\"potentialAction\":[{\"@type\":\"ReadAction\",\"target\":[[\"https:\/\/valika.eu\/fi\/toode\/15g-clear-gel-base-one-ehitusgeel-labipaistev\/\"]]}]},{\"@type\":\"ImageObject\",\"inLanguage\":\"fi\",\"@id\":\"https:\/\/valika.eu\/fi\/toode\/15g-clear-gel-base-one-ehitusgeel-labipaistev\/#primaryimage\",\"url\":\"https:\/\/valika.eu\/wp-content\/uploads\/2025\/03\/eng_pl_Base-One-Gel-UV-Clear-15-g-76594_2.webp\",\"contentUrl\":\"https:\/\/valika.eu\/wp-content\/uploads\/2025\/03\/eng_pl_Base-One-Gel-UV-Clear-15-g-76594_2.webp\",\"width\":1010,\"height\":1010},{\"@type\":\"BreadcrumbList\",\"@id\":\"https:\/\/valika.eu\/fi\/toode\/15g-clear-gel-base-one-ehitusgeel-labipaistev\/#breadcrumb\",\"itemListElement\":[{\"@type\":\"ListItem\",\"position\":1,\"name\":\"Koti\",\"item\":\"https:\/\/valika.eu\/fi\/\"},{\"@type\":\"ListItem\",\"position\":2,\"name\":\"Shop\",\"item\":\"https:\/\/valika.eu\/fi\/\"},{\"@type\":\"ListItem\",\"position\":3,\"name\":\"15g Clear Gel Base One building gel\"}]},{\"@type\":\"WebSite\",\"@id\":\"https:\/\/valika.eu\/fi\/#website\",\"url\":\"https:\/\/valika.eu\/fi\/\",\"name\":\"Valika.eu\",\"description\":\"Salonkituotteet ja kauneudenhoitotuotteet - Valika tarjoaa laajan valikoiman tuotteita ja tarvikkeita kynsiteknikoille, kauneushoitoloille, kampaamoille ja kampaamoille.\",\"publisher\":{\"@id\":\"https:\/\/valika.eu\/fi\/#organization\"},\"alternateName\":\"Valika\",\"potentialAction\":[{\"@type\":\"SearchAction\",\"target\":{\"@type\":\"EntryPoint\",\"urlTemplate\":\"https:\/\/valika.eu\/fi\/?s={search_term_string}\"},\"query-input\":{\"@type\":\"PropertyValueSpecification\",\"valueRequired\":true,\"valueName\":\"search_term_string\"}}],\"inLanguage\":\"fi\"},{\"@type\":\"Organization\",\"@id\":\"https:\/\/valika.eu\/fi\/#organization\",\"name\":\"Salongitoode O\u00dc\",\"alternateName\":\"Valika\",\"url\":\"https:\/\/valika.eu\/fi\/\",\"logo\":{\"@type\":\"ImageObject\",\"inLanguage\":\"fi\",\"@id\":\"https:\/\/valika.eu\/fi\/#\/schema\/logo\/image\/\",\"url\":\"https:\/\/valika.eu\/wp-content\/uploads\/2023\/11\/logo2-valika-footer.png\",\"contentUrl\":\"https:\/\/valika.eu\/wp-content\/uploads\/2023\/11\/logo2-valika-footer.png\",\"width\":200,\"height\":129,\"caption\":\"Salongitoode O\u00dc\"},\"image\":{\"@id\":\"https:\/\/valika.eu\/fi\/#\/schema\/logo\/image\/\"},\"sameAs\":[\"https:\/\/www.facebook.com\/tipsi.net\"]}]}<\/script>\n<!-- \/ Yoast SEO plugin. -->","yoast_head_json":{"title":"15g Clear Gel Base One building gel | Valika","robots":{"index":"index","follow":"follow","max-snippet":"max-snippet:-1","max-image-preview":"max-image-preview:large","max-video-preview":"max-video-preview:-1"},"canonical":"https:\/\/valika.eu\/fi\/toode\/15g-clear-gel-base-one-ehitusgeel-labipaistev\/","og_locale":"fi_FI","og_type":"article","og_title":"15g Clear Gel Base One building gel | Valika","og_description":"Kynsirakennusgeeli Base One Clear T\u00e4ydellisen kynsirakennusgeelin l\u00f6yt\u00e4minen voi olla haastavaa. Etsitk\u00f6 UV-geeli\u00e4, joka sopii muoteille, sabluunoille ja tipeille ja samalla","og_url":"https:\/\/valika.eu\/fi\/toode\/15g-clear-gel-base-one-ehitusgeel-labipaistev\/","og_site_name":"Valika","article_publisher":"https:\/\/www.facebook.com\/tipsi.net","article_modified_time":"2026-03-17T14:00:59+00:00","og_image":[{"width":1010,"height":1010,"url":"https:\/\/valika.eu\/wp-content\/uploads\/2025\/03\/eng_pl_Base-One-Gel-UV-Clear-15-g-76594_2.webp","type":"image\/webp"}],"twitter_card":"summary_large_image","schema":{"@context":"https:\/\/schema.org","@graph":[{"@type":"WebPage","@id":"https:\/\/valika.eu\/fi\/toode\/15g-clear-gel-base-one-ehitusgeel-labipaistev\/","url":"https:\/\/valika.eu\/fi\/toode\/15g-clear-gel-base-one-ehitusgeel-labipaistev\/","name":"15g Clear Gel Base One building gel | Valika","isPartOf":{"@id":"https:\/\/valika.eu\/fi\/#website"},"primaryImageOfPage":{"@id":"https:\/\/valika.eu\/fi\/toode\/15g-clear-gel-base-one-ehitusgeel-labipaistev\/#primaryimage"},"image":{"@id":"https:\/\/valika.eu\/toode\/15g-clear-gel-base-one-ehitusgeel-labipaistev\/#primaryimage"},"thumbnailUrl":"https:\/\/valika.eu\/wp-content\/uploads\/2025\/03\/eng_pl_Base-One-Gel-UV-Clear-15-g-76594_2.webp","datePublished":"2025-03-05T12:13:17+00:00","dateModified":"2026-03-17T14:00:59+00:00","breadcrumb":{"@id":"https:\/\/valika.eu\/fi\/toode\/15g-clear-gel-base-one-ehitusgeel-labipaistev\/#breadcrumb"},"inLanguage":"fi","potentialAction":[{"@type":"ReadAction","target":[["https:\/\/valika.eu\/fi\/toode\/15g-clear-gel-base-one-ehitusgeel-labipaistev\/"]]}]},{"@type":"ImageObject","inLanguage":"fi","@id":"https:\/\/valika.eu\/fi\/toode\/15g-clear-gel-base-one-ehitusgeel-labipaistev\/#primaryimage","url":"https:\/\/valika.eu\/wp-content\/uploads\/2025\/03\/eng_pl_Base-One-Gel-UV-Clear-15-g-76594_2.webp","contentUrl":"https:\/\/valika.eu\/wp-content\/uploads\/2025\/03\/eng_pl_Base-One-Gel-UV-Clear-15-g-76594_2.webp","width":1010,"height":1010},{"@type":"BreadcrumbList","@id":"https:\/\/valika.eu\/fi\/toode\/15g-clear-gel-base-one-ehitusgeel-labipaistev\/#breadcrumb","itemListElement":[{"@type":"ListItem","position":1,"name":"Koti","item":"https:\/\/valika.eu\/fi\/"},{"@type":"ListItem","position":2,"name":"Shop","item":"https:\/\/valika.eu\/fi\/"},{"@type":"ListItem","position":3,"name":"15g Clear Gel Base One building gel"}]},{"@type":"WebSite","@id":"https:\/\/valika.eu\/fi\/#website","url":"https:\/\/valika.eu\/fi\/","name":"Valika.eu","description":"Salonkituotteet ja kauneudenhoitotuotteet - Valika tarjoaa laajan valikoiman tuotteita ja tarvikkeita kynsiteknikoille, kauneushoitoloille, kampaamoille ja kampaamoille.","publisher":{"@id":"https:\/\/valika.eu\/fi\/#organization"},"alternateName":"Valika","potentialAction":[{"@type":"SearchAction","target":{"@type":"EntryPoint","urlTemplate":"https:\/\/valika.eu\/fi\/?s={search_term_string}"},"query-input":{"@type":"PropertyValueSpecification","valueRequired":true,"valueName":"search_term_string"}}],"inLanguage":"fi"},{"@type":"Organization","@id":"https:\/\/valika.eu\/fi\/#organization","name":"Salongitoode O\u00dc","alternateName":"Valika","url":"https:\/\/valika.eu\/fi\/","logo":{"@type":"ImageObject","inLanguage":"fi","@id":"https:\/\/valika.eu\/fi\/#\/schema\/logo\/image\/","url":"https:\/\/valika.eu\/wp-content\/uploads\/2023\/11\/logo2-valika-footer.png","contentUrl":"https:\/\/valika.eu\/wp-content\/uploads\/2023\/11\/logo2-valika-footer.png","width":200,"height":129,"caption":"Salongitoode O\u00dc"},"image":{"@id":"https:\/\/valika.eu\/fi\/#\/schema\/logo\/image\/"},"sameAs":["https:\/\/www.facebook.com\/tipsi.net"]}]}},"jetpack_sharing_enabled":true,"_links":{"self":[{"href":"https:\/\/valika.eu\/fi\/wp-json\/wp\/v2\/product\/13389","targetHints":{"allow":["GET"]}}],"collection":[{"href":"https:\/\/valika.eu\/fi\/wp-json\/wp\/v2\/product"}],"about":[{"href":"https:\/\/valika.eu\/fi\/wp-json\/wp\/v2\/types\/product"}],"wp:featuredmedia":[{"embeddable":true,"href":"https:\/\/valika.eu\/fi\/wp-json\/wp\/v2\/media\/13390"}],"wp:attachment":[{"href":"https:\/\/valika.eu\/fi\/wp-json\/wp\/v2\/media?parent=13389"}],"wp:term":[{"taxonomy":"product_brand","embeddable":true,"href":"https:\/\/valika.eu\/fi\/wp-json\/wp\/v2\/product_brand?post=13389"},{"taxonomy":"product_cat","embeddable":true,"href":"https:\/\/valika.eu\/fi\/wp-json\/wp\/v2\/product_cat?post=13389"},{"taxonomy":"product_tag","embeddable":true,"href":"https:\/\/valika.eu\/fi\/wp-json\/wp\/v2\/product_tag?post=13389"}],"curies":[{"name":"wp","href":"https:\/\/api.w.org\/{rel}","templated":true}]}}