{"id":13399,"date":"2025-03-05T14:47:00","date_gmt":"2025-03-05T12:47:00","guid":{"rendered":"https:\/\/valika.eu\/?post_type=product&#038;p=13399"},"modified":"2025-07-02T05:01:09","modified_gmt":"2025-07-02T02:01:09","slug":"100g-gel-base-one-ehitusgeel-labipaistev","status":"publish","type":"product","link":"https:\/\/valika.eu\/fi\/toode\/100g-gel-base-one-ehitusgeel-labipaistev\/","title":{"rendered":"100g Pink Gel Base One building gel"},"content":{"rendered":"<p><\/p>\n<div class=\"flex max-w-full flex-col flex-grow\">\n<div class=\"min-h-8 text-message relative flex w-full flex-col items-end gap-2 whitespace-normal break-words text-start [.text-message+&amp;]:mt-5\" dir=\"auto\" data-message-author-role=\"assistant\" data-message-id=\"b6109759-ff16-4105-94ad-65e668a4d96a\" data-message-model-slug=\"gpt-4o-mini\">\n<div class=\"flex w-full flex-col gap-1 empty:hidden first:pt-[3px]\">\n<div class=\"markdown prose w-full break-words dark:prose-invert light\">\n<h3 data-start=\"0\" data-end=\"42\"><strong data-start=\"4\" data-end=\"40\">Kynsirakennusgeeli Base One Pink<\/strong><\/h3>\n<p data-start=\"43\" data-end=\"378\">T\u00e4ydellisen kynsirakennusgeelin l\u00f6yt\u00e4minen ei ole helppoa. Geeli, joka toimii t\u00e4ydellisesti muotojen, sabluunoiden ja tipeill\u00e4, samalla vahvistaen luonnollista kynsilevy\u00e4, voi olla vaikea l\u00f6yt\u00e4\u00e4. <strong data-start=\"239\" data-end=\"250\">Silcare<\/strong> tarjoaa ratkaisun, jonka asiakkaamme rakastavat: <strong data-start=\"300\" data-end=\"312\">Base One<\/strong>, joka on ollut suosituin tuote br\u00e4ndiss\u00e4mme jo yli <strong data-start=\"364\" data-end=\"377\">15 vuotta<\/strong>!<\/p>\n<h3 data-start=\"380\" data-end=\"437\"><strong data-start=\"384\" data-end=\"435\">T\u00e4ydellinen geelimanikyyri kaikissa tilanteissa<\/strong><\/h3>\n<p data-start=\"438\" data-end=\"695\"><strong data-start=\"438\" data-end=\"455\">Base One Pink<\/strong> on paksumpi, l\u00e4pin\u00e4kyv\u00e4 UV-rakennusgeeli, jossa on hienovarainen vaaleanpunainen s\u00e4vy. Se tarjoaa erinomaiset itse-tasoittuvat ominaisuudet ja loistavan tarttuvuuden. T\u00e4m\u00e4 geeli on mukautettavissa sek\u00e4 ammattilaisille ett\u00e4 aloittelijoille.<\/p>\n<h3 data-start=\"697\" data-end=\"720\"><strong data-start=\"701\" data-end=\"718\">Ominaisuudet:<\/strong><\/h3>\n<p data-start=\"721\" data-end=\"1082\">\u2714 Peitt\u00e4v\u00e4 koostumus ja luonnolliset s\u00e4vyt.<br data-start=\"764\" data-end=\"767\" \/>\u2714 Erinomainen manikyyrin kest\u00e4vyys \u2014 jopa <strong data-start=\"809\" data-end=\"822\">4 viikkoa<\/strong>.<br data-start=\"823\" data-end=\"826\" \/>\u2714 Nopea ja helppo levitt\u00e4\u00e4 \u2014 itse-tasoittuvan koostumuksen ansiosta.<br data-start=\"894\" data-end=\"897\" \/>\u2714 <strong data-start=\"899\" data-end=\"915\">Monipuolinen<\/strong> \u2014 sopii erinomaisesti eri manikyyritekniikoihin.<br data-start=\"964\" data-end=\"967\" data-is-only-node=\"\" \/>\u2714 Turvallinen koostumus \u2014 <strong data-start=\"993\" data-end=\"1012\">mikromuovivapaa<\/strong>.<br data-start=\"1013\" data-end=\"1016\" \/>\u2714 <strong data-start=\"1018\" data-end=\"1029\">Hapoton<\/strong>.<br data-start=\"1030\" data-end=\"1033\" \/>\u2714 Kolmivaiheinen \u2014 vaatii pohja- ja p\u00e4\u00e4llyslakan.<\/p>\n<h3 data-start=\"1084\" data-end=\"1107\"><strong data-start=\"1088\" data-end=\"1105\">K\u00e4ytt\u00f6ohjeet:<\/strong><\/h3>\n<p data-start=\"1108\" data-end=\"1231\">Levit\u00e4 <strong data-start=\"1115\" data-end=\"1127\">Base One<\/strong> rakennusgeeli hyvin valmistellulle kynsilevylle ja koveta <strong data-start=\"1186\" data-end=\"1228\">48 W UV\/LED-lampissa 120 sekunnin ajan<\/strong>.<\/p>\n<h3 data-start=\"1233\" data-end=\"1253\"><strong data-start=\"1237\" data-end=\"1251\">Ainesosat:<\/strong><\/h3>\n<p data-start=\"1254\" data-end=\"1601\">Bis-HEMA Polyneopentyl Glycol Adipate\/IPDI Copolymer, Bis-HEA Poly(1,4-Butanediol)-9\/IPDI Copolymer, Trimethylolpropane Trimethacrylate (TMPTMA), Bis-HEA Polyglycol Adipate\/IPDI Copolymer, Hexanediol Dimetharcylate, Silica Dimethyl Silylate, Hydroxycyclohexyl Phenyl Ketone, Benzoyl Isopropanol, Isobornyl Methacrylate (IBOMA), CI 15880, CI 73360.<\/p>\n<h3 data-start=\"1603\" data-end=\"1630\"><strong data-start=\"1607\" data-end=\"1628\">Varotoimenpiteet:<\/strong><\/h3>\n<p data-start=\"1631\" data-end=\"1900\" data-is-last-node=\"\" data-is-only-node=\"\">\u26a0 <strong data-start=\"1633\" data-end=\"1671\">Pidett\u00e4v\u00e4 lasten ulottumattomissa.<\/strong><br data-start=\"1671\" data-end=\"1674\" \/>\u26a0 <strong data-start=\"1676\" data-end=\"1720\">V\u00e4lt\u00e4 kosketusta ihon ja silmien kanssa.<\/strong><br data-start=\"1720\" data-end=\"1723\" \/>\u26a0 <strong data-start=\"1725\" data-end=\"1766\">\u00c4l\u00e4 hengit\u00e4 tuotteen h\u00f6yryj\u00e4 suoraan.<\/strong><br data-start=\"1766\" data-end=\"1769\" \/>\u26a0 <strong data-start=\"1771\" data-end=\"1829\">V\u00e4lt\u00e4 k\u00e4ytt\u00f6\u00e4, jos olet yliherkk\u00e4 jollekin aineosalle.<\/strong><br data-start=\"1829\" data-end=\"1832\" data-is-only-node=\"\" \/>\u26a0 <strong data-start=\"1834\" data-end=\"1866\">Koveta 48 W UV\/LED-lampissa.<\/strong><br data-start=\"1866\" data-end=\"1869\" \/>\u26a0 <strong data-start=\"1871\" data-end=\"1900\" data-is-last-node=\"\">Vain ammattilaisk\u00e4ytt\u00f6\u00f6n.<\/strong><\/p>\n<\/div>\n<\/div>\n<\/div>\n<\/div>\n<div class=\"mb-2 flex gap-3 -ml-2\">\n<div class=\"items-center justify-start rounded-xl p-1 flex\">\n<div class=\"flex items-center\">\n<p>&nbsp;<\/p>\n<div class=\"flex\"><\/div>\n<p>&nbsp;<\/p>\n<div class=\"flex items-center pb-0\"><span class=\"overflow-hidden text-clip whitespace-nowrap text-sm\">4o mini<\/span><\/div>\n<\/div>\n<\/div>\n<\/div>\n<p><\/p>","protected":false},"excerpt":{"rendered":"<p>Kynsirakennusgeeli Base One Pink T\u00e4ydellisen kynsirakennusgeelin l\u00f6yt\u00e4minen ei ole helppoa. Geeli, joka toimii t\u00e4ydellisesti muotojen, sabluunoiden ja tipeill\u00e4, samalla vahvistaen<\/p>\n","protected":false},"featured_media":13396,"template":"","meta":[],"product_brand":[],"product_cat":[707],"product_tag":[],"class_list":{"0":"post-13399","1":"product","2":"type-product","3":"status-publish","4":"has-post-thumbnail","6":"product_cat-silcare","8":"first","9":"instock","10":"taxable","11":"shipping-taxable","12":"purchasable","13":"product-type-simple"},"yoast_head":"<!-- This site is optimized with the Yoast SEO plugin v24.4 - https:\/\/yoast.com\/wordpress\/plugins\/seo\/ -->\n<title>100g Pink Gel Base One building gel | Valika<\/title>\n<meta name=\"robots\" content=\"index, follow, max-snippet:-1, max-image-preview:large, max-video-preview:-1\" \/>\n<link rel=\"canonical\" href=\"https:\/\/valika.eu\/fi\/toode\/100g-gel-base-one-ehitusgeel-labipaistev\/\" \/>\n<meta property=\"og:locale\" content=\"fi_FI\" \/>\n<meta property=\"og:type\" content=\"article\" \/>\n<meta property=\"og:title\" content=\"100g Pink Gel Base One building gel | Valika\" \/>\n<meta property=\"og:description\" content=\"Kynsirakennusgeeli Base One Pink T\u00e4ydellisen kynsirakennusgeelin l\u00f6yt\u00e4minen ei ole helppoa. Geeli, joka toimii t\u00e4ydellisesti muotojen, sabluunoiden ja tipeill\u00e4, samalla vahvistaen\" \/>\n<meta property=\"og:url\" content=\"https:\/\/valika.eu\/fi\/toode\/100g-gel-base-one-ehitusgeel-labipaistev\/\" \/>\n<meta property=\"og:site_name\" content=\"Valika\" \/>\n<meta property=\"article:publisher\" content=\"https:\/\/www.facebook.com\/tipsi.net\" \/>\n<meta property=\"article:modified_time\" content=\"2025-07-02T02:01:09+00:00\" \/>\n<meta property=\"og:image\" content=\"https:\/\/valika.eu\/wp-content\/uploads\/2025\/03\/eng_pm_Gel-UV-Base-One-Pink-15-g.webp\" \/>\n\t<meta property=\"og:image:width\" content=\"700\" \/>\n\t<meta property=\"og:image:height\" content=\"700\" \/>\n\t<meta property=\"og:image:type\" content=\"image\/webp\" \/>\n<meta name=\"twitter:card\" content=\"summary_large_image\" \/>\n<script type=\"application\/ld+json\" class=\"yoast-schema-graph\">{\"@context\":\"https:\/\/schema.org\",\"@graph\":[{\"@type\":\"WebPage\",\"@id\":\"https:\/\/valika.eu\/fi\/toode\/100g-gel-base-one-ehitusgeel-labipaistev\/\",\"url\":\"https:\/\/valika.eu\/fi\/toode\/100g-gel-base-one-ehitusgeel-labipaistev\/\",\"name\":\"100g Pink Gel Base One building gel | Valika\",\"isPartOf\":{\"@id\":\"https:\/\/valika.eu\/fi\/#website\"},\"primaryImageOfPage\":{\"@id\":\"https:\/\/valika.eu\/fi\/toode\/100g-gel-base-one-ehitusgeel-labipaistev\/#primaryimage\"},\"image\":{\"@id\":\"https:\/\/valika.eu\/toode\/100g-gel-base-one-ehitusgeel-labipaistev\/#primaryimage\"},\"thumbnailUrl\":\"https:\/\/valika.eu\/wp-content\/uploads\/2025\/03\/eng_pm_Gel-UV-Base-One-Pink-15-g.webp\",\"datePublished\":\"2025-03-05T12:47:00+00:00\",\"dateModified\":\"2025-07-02T02:01:09+00:00\",\"breadcrumb\":{\"@id\":\"https:\/\/valika.eu\/fi\/toode\/100g-gel-base-one-ehitusgeel-labipaistev\/#breadcrumb\"},\"inLanguage\":\"fi\",\"potentialAction\":[{\"@type\":\"ReadAction\",\"target\":[[\"https:\/\/valika.eu\/fi\/toode\/100g-gel-base-one-ehitusgeel-labipaistev\/\"]]}]},{\"@type\":\"ImageObject\",\"inLanguage\":\"fi\",\"@id\":\"https:\/\/valika.eu\/fi\/toode\/100g-gel-base-one-ehitusgeel-labipaistev\/#primaryimage\",\"url\":\"https:\/\/valika.eu\/wp-content\/uploads\/2025\/03\/eng_pm_Gel-UV-Base-One-Pink-15-g.webp\",\"contentUrl\":\"https:\/\/valika.eu\/wp-content\/uploads\/2025\/03\/eng_pm_Gel-UV-Base-One-Pink-15-g.webp\",\"width\":700,\"height\":700},{\"@type\":\"BreadcrumbList\",\"@id\":\"https:\/\/valika.eu\/fi\/toode\/100g-gel-base-one-ehitusgeel-labipaistev\/#breadcrumb\",\"itemListElement\":[{\"@type\":\"ListItem\",\"position\":1,\"name\":\"Koti\",\"item\":\"https:\/\/valika.eu\/fi\/\"},{\"@type\":\"ListItem\",\"position\":2,\"name\":\"Shop\",\"item\":\"https:\/\/valika.eu\/fi\/\"},{\"@type\":\"ListItem\",\"position\":3,\"name\":\"100g Pink Gel Base One building gel\"}]},{\"@type\":\"WebSite\",\"@id\":\"https:\/\/valika.eu\/fi\/#website\",\"url\":\"https:\/\/valika.eu\/fi\/\",\"name\":\"Valika.eu\",\"description\":\"Salonkituotteet ja kauneudenhoitotuotteet - Valika tarjoaa laajan valikoiman tuotteita ja tarvikkeita kynsiteknikoille, kauneushoitoloille, kampaamoille ja kampaamoille.\",\"publisher\":{\"@id\":\"https:\/\/valika.eu\/fi\/#organization\"},\"alternateName\":\"Valika\",\"potentialAction\":[{\"@type\":\"SearchAction\",\"target\":{\"@type\":\"EntryPoint\",\"urlTemplate\":\"https:\/\/valika.eu\/fi\/?s={search_term_string}\"},\"query-input\":{\"@type\":\"PropertyValueSpecification\",\"valueRequired\":true,\"valueName\":\"search_term_string\"}}],\"inLanguage\":\"fi\"},{\"@type\":\"Organization\",\"@id\":\"https:\/\/valika.eu\/fi\/#organization\",\"name\":\"Salongitoode O\u00dc\",\"alternateName\":\"Valika\",\"url\":\"https:\/\/valika.eu\/fi\/\",\"logo\":{\"@type\":\"ImageObject\",\"inLanguage\":\"fi\",\"@id\":\"https:\/\/valika.eu\/fi\/#\/schema\/logo\/image\/\",\"url\":\"https:\/\/valika.eu\/wp-content\/uploads\/2023\/11\/logo2-valika-footer.png\",\"contentUrl\":\"https:\/\/valika.eu\/wp-content\/uploads\/2023\/11\/logo2-valika-footer.png\",\"width\":200,\"height\":129,\"caption\":\"Salongitoode O\u00dc\"},\"image\":{\"@id\":\"https:\/\/valika.eu\/fi\/#\/schema\/logo\/image\/\"},\"sameAs\":[\"https:\/\/www.facebook.com\/tipsi.net\"]}]}<\/script>\n<!-- \/ Yoast SEO plugin. -->","yoast_head_json":{"title":"100g Pink Gel Base One building gel | Valika","robots":{"index":"index","follow":"follow","max-snippet":"max-snippet:-1","max-image-preview":"max-image-preview:large","max-video-preview":"max-video-preview:-1"},"canonical":"https:\/\/valika.eu\/fi\/toode\/100g-gel-base-one-ehitusgeel-labipaistev\/","og_locale":"fi_FI","og_type":"article","og_title":"100g Pink Gel Base One building gel | Valika","og_description":"Kynsirakennusgeeli Base One Pink T\u00e4ydellisen kynsirakennusgeelin l\u00f6yt\u00e4minen ei ole helppoa. Geeli, joka toimii t\u00e4ydellisesti muotojen, sabluunoiden ja tipeill\u00e4, samalla vahvistaen","og_url":"https:\/\/valika.eu\/fi\/toode\/100g-gel-base-one-ehitusgeel-labipaistev\/","og_site_name":"Valika","article_publisher":"https:\/\/www.facebook.com\/tipsi.net","article_modified_time":"2025-07-02T02:01:09+00:00","og_image":[{"width":700,"height":700,"url":"https:\/\/valika.eu\/wp-content\/uploads\/2025\/03\/eng_pm_Gel-UV-Base-One-Pink-15-g.webp","type":"image\/webp"}],"twitter_card":"summary_large_image","schema":{"@context":"https:\/\/schema.org","@graph":[{"@type":"WebPage","@id":"https:\/\/valika.eu\/fi\/toode\/100g-gel-base-one-ehitusgeel-labipaistev\/","url":"https:\/\/valika.eu\/fi\/toode\/100g-gel-base-one-ehitusgeel-labipaistev\/","name":"100g Pink Gel Base One building gel | Valika","isPartOf":{"@id":"https:\/\/valika.eu\/fi\/#website"},"primaryImageOfPage":{"@id":"https:\/\/valika.eu\/fi\/toode\/100g-gel-base-one-ehitusgeel-labipaistev\/#primaryimage"},"image":{"@id":"https:\/\/valika.eu\/toode\/100g-gel-base-one-ehitusgeel-labipaistev\/#primaryimage"},"thumbnailUrl":"https:\/\/valika.eu\/wp-content\/uploads\/2025\/03\/eng_pm_Gel-UV-Base-One-Pink-15-g.webp","datePublished":"2025-03-05T12:47:00+00:00","dateModified":"2025-07-02T02:01:09+00:00","breadcrumb":{"@id":"https:\/\/valika.eu\/fi\/toode\/100g-gel-base-one-ehitusgeel-labipaistev\/#breadcrumb"},"inLanguage":"fi","potentialAction":[{"@type":"ReadAction","target":[["https:\/\/valika.eu\/fi\/toode\/100g-gel-base-one-ehitusgeel-labipaistev\/"]]}]},{"@type":"ImageObject","inLanguage":"fi","@id":"https:\/\/valika.eu\/fi\/toode\/100g-gel-base-one-ehitusgeel-labipaistev\/#primaryimage","url":"https:\/\/valika.eu\/wp-content\/uploads\/2025\/03\/eng_pm_Gel-UV-Base-One-Pink-15-g.webp","contentUrl":"https:\/\/valika.eu\/wp-content\/uploads\/2025\/03\/eng_pm_Gel-UV-Base-One-Pink-15-g.webp","width":700,"height":700},{"@type":"BreadcrumbList","@id":"https:\/\/valika.eu\/fi\/toode\/100g-gel-base-one-ehitusgeel-labipaistev\/#breadcrumb","itemListElement":[{"@type":"ListItem","position":1,"name":"Koti","item":"https:\/\/valika.eu\/fi\/"},{"@type":"ListItem","position":2,"name":"Shop","item":"https:\/\/valika.eu\/fi\/"},{"@type":"ListItem","position":3,"name":"100g Pink Gel Base One building gel"}]},{"@type":"WebSite","@id":"https:\/\/valika.eu\/fi\/#website","url":"https:\/\/valika.eu\/fi\/","name":"Valika.eu","description":"Salonkituotteet ja kauneudenhoitotuotteet - Valika tarjoaa laajan valikoiman tuotteita ja tarvikkeita kynsiteknikoille, kauneushoitoloille, kampaamoille ja kampaamoille.","publisher":{"@id":"https:\/\/valika.eu\/fi\/#organization"},"alternateName":"Valika","potentialAction":[{"@type":"SearchAction","target":{"@type":"EntryPoint","urlTemplate":"https:\/\/valika.eu\/fi\/?s={search_term_string}"},"query-input":{"@type":"PropertyValueSpecification","valueRequired":true,"valueName":"search_term_string"}}],"inLanguage":"fi"},{"@type":"Organization","@id":"https:\/\/valika.eu\/fi\/#organization","name":"Salongitoode O\u00dc","alternateName":"Valika","url":"https:\/\/valika.eu\/fi\/","logo":{"@type":"ImageObject","inLanguage":"fi","@id":"https:\/\/valika.eu\/fi\/#\/schema\/logo\/image\/","url":"https:\/\/valika.eu\/wp-content\/uploads\/2023\/11\/logo2-valika-footer.png","contentUrl":"https:\/\/valika.eu\/wp-content\/uploads\/2023\/11\/logo2-valika-footer.png","width":200,"height":129,"caption":"Salongitoode O\u00dc"},"image":{"@id":"https:\/\/valika.eu\/fi\/#\/schema\/logo\/image\/"},"sameAs":["https:\/\/www.facebook.com\/tipsi.net"]}]}},"jetpack_sharing_enabled":true,"_links":{"self":[{"href":"https:\/\/valika.eu\/fi\/wp-json\/wp\/v2\/product\/13399","targetHints":{"allow":["GET"]}}],"collection":[{"href":"https:\/\/valika.eu\/fi\/wp-json\/wp\/v2\/product"}],"about":[{"href":"https:\/\/valika.eu\/fi\/wp-json\/wp\/v2\/types\/product"}],"wp:featuredmedia":[{"embeddable":true,"href":"https:\/\/valika.eu\/fi\/wp-json\/wp\/v2\/media\/13396"}],"wp:attachment":[{"href":"https:\/\/valika.eu\/fi\/wp-json\/wp\/v2\/media?parent=13399"}],"wp:term":[{"taxonomy":"product_brand","embeddable":true,"href":"https:\/\/valika.eu\/fi\/wp-json\/wp\/v2\/product_brand?post=13399"},{"taxonomy":"product_cat","embeddable":true,"href":"https:\/\/valika.eu\/fi\/wp-json\/wp\/v2\/product_cat?post=13399"},{"taxonomy":"product_tag","embeddable":true,"href":"https:\/\/valika.eu\/fi\/wp-json\/wp\/v2\/product_tag?post=13399"}],"curies":[{"name":"wp","href":"https:\/\/api.w.org\/{rel}","templated":true}]}}